{"id":167815,"date":"2026-03-02T16:17:11","date_gmt":"2026-03-02T09:17:11","guid":{"rendered":"http:\/\/tourcruiser.com\/product\/women-hoka-speedgoat-5-festival-fuchsia-camellia"},"modified":"2026-03-28T01:35:51","modified_gmt":"2026-03-27T18:35:51","slug":"women-hoka-speedgoat-5-festival-fuchsia-camellia","status":"publish","type":"product","link":"https:\/\/tourcruiser.com\/de\/products\/women-hoka-speedgoat-5-festival-fuchsia-camellia\/","title":{"rendered":"(Women) HOKA Speedgoat 5 &#8218;Festival Fuchsia Camellia&#8216;"},"content":{"rendered":"<p>Wir pr\u00e4sentieren den HOKA Speedgoat 5 \u201eFestival Fuchsia Camellia\u201c f\u00fcr furchtlose Abenteurerinnen! Dieser Trailrunningschuh f\u00fcr Damen bietet eine reaktionsfreudige Zwischensohle, eine griffige Au\u00dfensohle und ein atmungsaktives Obermaterial f\u00fcr ein federndes und komfortables Laufgef\u00fchl auf jedem Terrain. Die leuchtenden Farben Festival Fuchsia und Camellia verleihen deinen Outdoor-Abenteuern einen stylischen Touch und machen jeden Schritt zu einem Statement. Bezwinge anspruchsvolle Trails mit Selbstvertrauen und Stil im HOKA Speedgoat 5 \u201eFestival Fuchsia Camellia\u201c!<\/p>\n<ul>\n<li><strong>Farbgebung:<\/strong> Festival Fuchsia\/Camellia<\/li>\n<li><strong>Artikelnummer:<\/strong> 1123158-FFCM<\/li>\n<li><strong>Obermaterial:<\/strong> Mesh<\/li>\n<li><strong>Zwischensohle:<\/strong> EVA<\/li>\n<li><strong>Farbe:<\/strong> Orange<\/li>\n<li><strong>Saison:<\/strong> Fr\u00fchling<\/li>\n<li><strong>Erscheinungsjahr:<\/strong> 2023<\/li>\n<\/ul>\n","protected":false},"excerpt":{"rendered":"<p>HOKA Speedgoat 5 \u201d\u201d Festival Fuchsia\/Camellia<\/p>\n","protected":false},"featured_media":167816,"comment_status":"open","ping_status":"closed","template":"","meta":[],"product_brand":[],"product_cat":[12226],"product_tag":[10926,11114,11494,11774,10802,11006],"class_list":{"0":"post-167815","1":"product","2":"type-product","3":"status-publish","4":"has-post-thumbnail","6":"product_cat-hoka-women","7":"product_tag-gift-for-her","8":"product_tag-hiking-shoes","9":"product_tag-hoka","10":"product_tag-lightweight-hiking-shoes","11":"product_tag-performance-sport-shoes","12":"product_tag-trail-running-shoes","13":"wcpa_has_options","15":"first","16":"outofstock","17":"taxable","18":"shipping-taxable","19":"purchasable","20":"product-type-simple"},"wcpa_form_fields":{"rules":{"pric_overide_base_price":false,"pric_overide_base_price_if_gt_zero":false,"pric_overide_base_price_fully":false,"pric_cal_option_once":false,"pric_use_as_fee":false,"bind_quantity":false,"quantity_bind_formula":false},"fields":[{"type":"color-group","required":true,"elementId":"wcpa-color-group-69a5afd8a7cca","label":"Gr\u00f6\u00dfe","inline":true,"priceOptions":"different_for_all","pricingType":"fixed","className":"hassizechart product-shoes-size-eu product-shoes-size","name":"color-group-69a5afd8a7cd3","disp_type":"square","selection_type":"tick-border","disp_size":"50","show_label_inside":true,"adjust_width":true,"cart_display_type":"text","other_text":"Other","cl_rule":"show","col":6,"values":[{"label":"35 1\/3","value":"EU 35 1\/3","price":"","pimage":"","pimage_id":"","pthumb":"","color":""},{"label":"36","value":"EU 36","price":"","pimage":"","pimage_id":"","pthumb":"","color":""},{"label":"36 2\/3","value":"EU 36 2\/3","price":"","pimage":"","pimage_id":"","pthumb":"","color":""},{"label":"37 1\/3","value":"EU 37 1\/3","price":"","pimage":"","pimage_id":"","pthumb":"","color":"","selected":true},{"label":"38","value":"EU 38","price":"","pimage":"","pimage_id":"","pthumb":"","color":""},{"label":"38 2\/3","value":"EU 38 2\/3","price":"","pimage":"","pimage_id":"","pthumb":"","color":""},{"label":"39 1\/3","value":"EU 39 1\/3","price":"","pimage":"","pimage_id":"","pthumb":"","color":""},{"label":"39.5","value":"EU 39.5","price":"","pimage":"","pimage_id":"","pthumb":"","color":""},{"label":"40","value":"EU 40","price":"","pimage":"","pimage_id":"","pthumb":"","color":""},{"label":"40 2\/3","value":"EU 40  2\/3","price":"","pimage":"","pimage_id":"","pthumb":"","color":""},{"label":" 41 1\/3","value":"EU 41.5","price":"","pimage":"","pimage_id":"","pthumb":"","color":""},{"label":"42","value":"EU 42","price":"","pimage":"","pimage_id":"","pthumb":"","color":""},{"label":"42 2\/3","value":"EU 42 2\/3","price":"","pimage":"","pimage_id":"","pthumb":"","color":""},{"label":"43 1\/3","value":"EU 43 1\/3","price":"","pimage":"","pimage_id":"","pthumb":"","color":""},{"label":"44","value":"EU 44","price":"","pimage":"","pimage_id":"","pthumb":"","color":""},{"label":"44 2\/3","value":"EU 44 2\/3","price":"","pimage":"","pimage_id":"","pthumb":"","color":""},{"label":"45 1\/3","value":"EU 45 1\/3","price":"","pimage":"","pimage_id":"","pthumb":"","color":""}],"relations":[{"operator":false,"rules":[]}],"form_id":184317,"form_rules":{"pric_cal_option_once":false,"exclude_from_discount":false,"pric_use_as_fee":false,"fee_label":"Fee","render_after_acb":false,"disp_hide_options_price":false}}]},"yoast_head":"<!-- This site is optimized with the Yoast SEO plugin v26.5 - https:\/\/yoast.com\/wordpress\/plugins\/seo\/ -->\n<title>(Women) HOKA Speedgoat 5 &#039;Festival Fuchsia Camellia&#039;  - Tourcruiser PTE. LTD<\/title>\n<meta name=\"robots\" content=\"index, follow, max-snippet:-1, max-image-preview:large, max-video-preview:-1\" \/>\n<link rel=\"canonical\" href=\"https:\/\/tourcruiser.com\/de\/products\/women-hoka-speedgoat-5-festival-fuchsia-camellia\/\" \/>\n<meta property=\"og:locale\" content=\"de_DE\" \/>\n<meta property=\"og:type\" content=\"article\" \/>\n<meta property=\"og:title\" content=\"(Women) HOKA Speedgoat 5 &#039;Festival Fuchsia Camellia&#039;  - Tourcruiser PTE. LTD\" \/>\n<meta property=\"og:description\" content=\"HOKA Speedgoat 5 \u201d\u201d Festival Fuchsia\/Camellia\" \/>\n<meta property=\"og:url\" content=\"https:\/\/tourcruiser.com\/de\/products\/women-hoka-speedgoat-5-festival-fuchsia-camellia\/\" \/>\n<meta property=\"og:site_name\" content=\"Tourcruiser Sneaker Store\" \/>\n<meta property=\"article:modified_time\" content=\"2026-03-27T18:35:51+00:00\" \/>\n<meta name=\"twitter:card\" content=\"summary_large_image\" \/>\n<meta name=\"twitter:image\" content=\"https:\/\/images.novelship.com\/product\/_women__hoka_speedgoat_5__festival_fuchsia_camelli_0_22221.jpeg;https:\/\/images.novelship.com\/product\/_women__hoka_speedgoat_5__festival_fuchsia_camelli_1_22221.jpeg;https:\/\/images.novelship.com\/product\/_women__hoka_speedgoat_5__festival_fuchsia_camelli_2_22221.jpeg;https:\/\/images.novelship.com\/product\/_women__hoka_speedgoat_5__festival_fuchsia_camelli_3_22221.jpeg\" \/>\n<script type=\"application\/ld+json\" class=\"yoast-schema-graph\">{\"@context\":\"https:\/\/schema.org\",\"@graph\":[{\"@type\":\"WebPage\",\"@id\":\"https:\/\/tourcruiser.com\/de\/products\/women-hoka-speedgoat-5-festival-fuchsia-camellia\/\",\"url\":\"https:\/\/tourcruiser.com\/de\/products\/women-hoka-speedgoat-5-festival-fuchsia-camellia\/\",\"name\":\"(Women) HOKA Speedgoat 5 'Festival Fuchsia Camellia' - Tourcruiser PTE. LTD\",\"isPartOf\":{\"@id\":\"https:\/\/tourcruiser.com\/de\/#website\"},\"primaryImageOfPage\":{\"@id\":\"https:\/\/tourcruiser.com\/de\/products\/women-hoka-speedgoat-5-festival-fuchsia-camellia\/#primaryimage\"},\"image\":{\"@id\":\"https:\/\/tourcruiser.com\/de\/products\/women-hoka-speedgoat-5-festival-fuchsia-camellia\/#primaryimage\"},\"thumbnailUrl\":\"https:\/\/images.novelship.com\/product\/_women__hoka_speedgoat_5__festival_fuchsia_camelli_0_22221.jpeg;https:\/\/images.novelship.com\/product\/_women__hoka_speedgoat_5__festival_fuchsia_camelli_1_22221.jpeg;https:\/\/images.novelship.com\/product\/_women__hoka_speedgoat_5__festival_fuchsia_camelli_2_22221.jpeg;https:\/\/images.novelship.com\/product\/_women__hoka_speedgoat_5__festival_fuchsia_camelli_3_22221.jpeg\",\"datePublished\":\"2026-03-02T09:17:11+00:00\",\"dateModified\":\"2026-03-27T18:35:51+00:00\",\"breadcrumb\":{\"@id\":\"https:\/\/tourcruiser.com\/de\/products\/women-hoka-speedgoat-5-festival-fuchsia-camellia\/#breadcrumb\"},\"inLanguage\":\"de\",\"potentialAction\":[{\"@type\":\"ReadAction\",\"target\":[\"https:\/\/tourcruiser.com\/de\/products\/women-hoka-speedgoat-5-festival-fuchsia-camellia\/\"]}]},{\"@type\":\"ImageObject\",\"inLanguage\":\"de\",\"@id\":\"https:\/\/tourcruiser.com\/de\/products\/women-hoka-speedgoat-5-festival-fuchsia-camellia\/#primaryimage\",\"url\":\"https:\/\/images.novelship.com\/product\/_women__hoka_speedgoat_5__festival_fuchsia_camelli_0_22221.jpeg;https:\/\/images.novelship.com\/product\/_women__hoka_speedgoat_5__festival_fuchsia_camelli_1_22221.jpeg;https:\/\/images.novelship.com\/product\/_women__hoka_speedgoat_5__festival_fuchsia_camelli_2_22221.jpeg;https:\/\/images.novelship.com\/product\/_women__hoka_speedgoat_5__festival_fuchsia_camelli_3_22221.jpeg\",\"contentUrl\":\"https:\/\/images.novelship.com\/product\/_women__hoka_speedgoat_5__festival_fuchsia_camelli_0_22221.jpeg;https:\/\/images.novelship.com\/product\/_women__hoka_speedgoat_5__festival_fuchsia_camelli_1_22221.jpeg;https:\/\/images.novelship.com\/product\/_women__hoka_speedgoat_5__festival_fuchsia_camelli_2_22221.jpeg;https:\/\/images.novelship.com\/product\/_women__hoka_speedgoat_5__festival_fuchsia_camelli_3_22221.jpeg\"},{\"@type\":\"BreadcrumbList\",\"@id\":\"https:\/\/tourcruiser.com\/de\/products\/women-hoka-speedgoat-5-festival-fuchsia-camellia\/#breadcrumb\",\"itemListElement\":[{\"@type\":\"ListItem\",\"position\":1,\"name\":\"Home\",\"item\":\"https:\/\/tourcruiser.com\/de\/\"},{\"@type\":\"ListItem\",\"position\":2,\"name\":\"Shop\",\"item\":\"https:\/\/tourcruiser.com\/de\/shop\/\"},{\"@type\":\"ListItem\",\"position\":3,\"name\":\"(Women) HOKA Speedgoat 5 'Festival Fuchsia Camellia'\"}]},{\"@type\":\"WebSite\",\"@id\":\"https:\/\/tourcruiser.com\/de\/#website\",\"url\":\"https:\/\/tourcruiser.com\/de\/\",\"name\":\"Styloral Jewelry Shop\",\"description\":\"Tourcruiser Sneaker Store \u2014 der Ort, an dem das Universum deine Einzigartigkeit trifft.\",\"publisher\":{\"@id\":\"https:\/\/tourcruiser.com\/de\/#organization\"},\"potentialAction\":[{\"@type\":\"SearchAction\",\"target\":{\"@type\":\"EntryPoint\",\"urlTemplate\":\"https:\/\/tourcruiser.com\/de\/?s={search_term_string}\"},\"query-input\":{\"@type\":\"PropertyValueSpecification\",\"valueRequired\":true,\"valueName\":\"search_term_string\"}}],\"inLanguage\":\"de\"},{\"@type\":\"Organization\",\"@id\":\"https:\/\/tourcruiser.com\/de\/#organization\",\"name\":\"STYLORAL PTE. LTD\",\"url\":\"https:\/\/tourcruiser.com\/de\/\",\"logo\":{\"@type\":\"ImageObject\",\"inLanguage\":\"de\",\"@id\":\"https:\/\/tourcruiser.com\/de\/#\/schema\/logo\/image\/\",\"url\":\"https:\/\/www.tourcruiser.com\/wp-content\/uploads\/2025\/12\/logo.png\",\"contentUrl\":\"https:\/\/www.tourcruiser.com\/wp-content\/uploads\/2025\/12\/logo.png\",\"width\":200,\"height\":65,\"caption\":\"STYLORAL PTE. LTD\"},\"image\":{\"@id\":\"https:\/\/tourcruiser.com\/de\/#\/schema\/logo\/image\/\"}}]}<\/script>\n<!-- \/ Yoast SEO plugin. -->","yoast_head_json":{"title":"(Women) HOKA Speedgoat 5 'Festival Fuchsia Camellia'  - Tourcruiser PTE. LTD","robots":{"index":"index","follow":"follow","max-snippet":"max-snippet:-1","max-image-preview":"max-image-preview:large","max-video-preview":"max-video-preview:-1"},"canonical":"https:\/\/tourcruiser.com\/de\/products\/women-hoka-speedgoat-5-festival-fuchsia-camellia\/","og_locale":"de_DE","og_type":"article","og_title":"(Women) HOKA Speedgoat 5 'Festival Fuchsia Camellia'  - Tourcruiser PTE. LTD","og_description":"HOKA Speedgoat 5 \u201d\u201d Festival Fuchsia\/Camellia","og_url":"https:\/\/tourcruiser.com\/de\/products\/women-hoka-speedgoat-5-festival-fuchsia-camellia\/","og_site_name":"Tourcruiser Sneaker Store","article_modified_time":"2026-03-27T18:35:51+00:00","twitter_card":"summary_large_image","twitter_image":"https:\/\/images.novelship.com\/product\/_women__hoka_speedgoat_5__festival_fuchsia_camelli_0_22221.jpeg;https:\/\/images.novelship.com\/product\/_women__hoka_speedgoat_5__festival_fuchsia_camelli_1_22221.jpeg;https:\/\/images.novelship.com\/product\/_women__hoka_speedgoat_5__festival_fuchsia_camelli_2_22221.jpeg;https:\/\/images.novelship.com\/product\/_women__hoka_speedgoat_5__festival_fuchsia_camelli_3_22221.jpeg","schema":{"@context":"https:\/\/schema.org","@graph":[{"@type":"WebPage","@id":"https:\/\/tourcruiser.com\/de\/products\/women-hoka-speedgoat-5-festival-fuchsia-camellia\/","url":"https:\/\/tourcruiser.com\/de\/products\/women-hoka-speedgoat-5-festival-fuchsia-camellia\/","name":"(Women) HOKA Speedgoat 5 'Festival Fuchsia Camellia' - Tourcruiser PTE. LTD","isPartOf":{"@id":"https:\/\/tourcruiser.com\/de\/#website"},"primaryImageOfPage":{"@id":"https:\/\/tourcruiser.com\/de\/products\/women-hoka-speedgoat-5-festival-fuchsia-camellia\/#primaryimage"},"image":{"@id":"https:\/\/tourcruiser.com\/de\/products\/women-hoka-speedgoat-5-festival-fuchsia-camellia\/#primaryimage"},"thumbnailUrl":"https:\/\/images.novelship.com\/product\/_women__hoka_speedgoat_5__festival_fuchsia_camelli_0_22221.jpeg;https:\/\/images.novelship.com\/product\/_women__hoka_speedgoat_5__festival_fuchsia_camelli_1_22221.jpeg;https:\/\/images.novelship.com\/product\/_women__hoka_speedgoat_5__festival_fuchsia_camelli_2_22221.jpeg;https:\/\/images.novelship.com\/product\/_women__hoka_speedgoat_5__festival_fuchsia_camelli_3_22221.jpeg","datePublished":"2026-03-02T09:17:11+00:00","dateModified":"2026-03-27T18:35:51+00:00","breadcrumb":{"@id":"https:\/\/tourcruiser.com\/de\/products\/women-hoka-speedgoat-5-festival-fuchsia-camellia\/#breadcrumb"},"inLanguage":"de","potentialAction":[{"@type":"ReadAction","target":["https:\/\/tourcruiser.com\/de\/products\/women-hoka-speedgoat-5-festival-fuchsia-camellia\/"]}]},{"@type":"ImageObject","inLanguage":"de","@id":"https:\/\/tourcruiser.com\/de\/products\/women-hoka-speedgoat-5-festival-fuchsia-camellia\/#primaryimage","url":"https:\/\/images.novelship.com\/product\/_women__hoka_speedgoat_5__festival_fuchsia_camelli_0_22221.jpeg;https:\/\/images.novelship.com\/product\/_women__hoka_speedgoat_5__festival_fuchsia_camelli_1_22221.jpeg;https:\/\/images.novelship.com\/product\/_women__hoka_speedgoat_5__festival_fuchsia_camelli_2_22221.jpeg;https:\/\/images.novelship.com\/product\/_women__hoka_speedgoat_5__festival_fuchsia_camelli_3_22221.jpeg","contentUrl":"https:\/\/images.novelship.com\/product\/_women__hoka_speedgoat_5__festival_fuchsia_camelli_0_22221.jpeg;https:\/\/images.novelship.com\/product\/_women__hoka_speedgoat_5__festival_fuchsia_camelli_1_22221.jpeg;https:\/\/images.novelship.com\/product\/_women__hoka_speedgoat_5__festival_fuchsia_camelli_2_22221.jpeg;https:\/\/images.novelship.com\/product\/_women__hoka_speedgoat_5__festival_fuchsia_camelli_3_22221.jpeg"},{"@type":"BreadcrumbList","@id":"https:\/\/tourcruiser.com\/de\/products\/women-hoka-speedgoat-5-festival-fuchsia-camellia\/#breadcrumb","itemListElement":[{"@type":"ListItem","position":1,"name":"Home","item":"https:\/\/tourcruiser.com\/de\/"},{"@type":"ListItem","position":2,"name":"Shop","item":"https:\/\/tourcruiser.com\/de\/shop\/"},{"@type":"ListItem","position":3,"name":"(Women) HOKA Speedgoat 5 'Festival Fuchsia Camellia'"}]},{"@type":"WebSite","@id":"https:\/\/tourcruiser.com\/de\/#website","url":"https:\/\/tourcruiser.com\/de\/","name":"Styloral Jewelry Shop","description":"Tourcruiser Sneaker Store \u2014 der Ort, an dem das Universum deine Einzigartigkeit trifft.","publisher":{"@id":"https:\/\/tourcruiser.com\/de\/#organization"},"potentialAction":[{"@type":"SearchAction","target":{"@type":"EntryPoint","urlTemplate":"https:\/\/tourcruiser.com\/de\/?s={search_term_string}"},"query-input":{"@type":"PropertyValueSpecification","valueRequired":true,"valueName":"search_term_string"}}],"inLanguage":"de"},{"@type":"Organization","@id":"https:\/\/tourcruiser.com\/de\/#organization","name":"STYLORAL PTE. LTD","url":"https:\/\/tourcruiser.com\/de\/","logo":{"@type":"ImageObject","inLanguage":"de","@id":"https:\/\/tourcruiser.com\/de\/#\/schema\/logo\/image\/","url":"https:\/\/www.tourcruiser.com\/wp-content\/uploads\/2025\/12\/logo.png","contentUrl":"https:\/\/www.tourcruiser.com\/wp-content\/uploads\/2025\/12\/logo.png","width":200,"height":65,"caption":"STYLORAL PTE. LTD"},"image":{"@id":"https:\/\/tourcruiser.com\/de\/#\/schema\/logo\/image\/"}}]}},"_links":{"self":[{"href":"https:\/\/tourcruiser.com\/de\/wp-json\/wp\/v2\/product\/167815","targetHints":{"allow":["GET"]}}],"collection":[{"href":"https:\/\/tourcruiser.com\/de\/wp-json\/wp\/v2\/product"}],"about":[{"href":"https:\/\/tourcruiser.com\/de\/wp-json\/wp\/v2\/types\/product"}],"replies":[{"embeddable":true,"href":"https:\/\/tourcruiser.com\/de\/wp-json\/wp\/v2\/comments?post=167815"}],"wp:featuredmedia":[{"embeddable":true,"href":"https:\/\/tourcruiser.com\/de\/wp-json\/wp\/v2\/media\/167816"}],"wp:attachment":[{"href":"https:\/\/tourcruiser.com\/de\/wp-json\/wp\/v2\/media?parent=167815"}],"wp:term":[{"taxonomy":"product_brand","embeddable":true,"href":"https:\/\/tourcruiser.com\/de\/wp-json\/wp\/v2\/product_brand?post=167815"},{"taxonomy":"product_cat","embeddable":true,"href":"https:\/\/tourcruiser.com\/de\/wp-json\/wp\/v2\/product_cat?post=167815"},{"taxonomy":"product_tag","embeddable":true,"href":"https:\/\/tourcruiser.com\/de\/wp-json\/wp\/v2\/product_tag?post=167815"}],"curies":[{"name":"wp","href":"https:\/\/api.w.org\/{rel}","templated":true}]}}