{"id":167659,"date":"2026-03-02T16:16:57","date_gmt":"2026-03-02T09:16:57","guid":{"rendered":"http:\/\/tourcruiser.com\/product\/nike-air-zoom-gt-cut-academy-ep-football-grey-barely-grape"},"modified":"2026-03-28T01:35:43","modified_gmt":"2026-03-27T18:35:43","slug":"nike-air-zoom-gt-cut-academy-ep-football-grey-barely-grape","status":"publish","type":"product","link":"https:\/\/tourcruiser.com\/de\/products\/nike-air-zoom-gt-cut-academy-ep-football-grey-barely-grape\/","title":{"rendered":"Nike Air Zoom GT Cut Academy EP &#8218;Football Grey Barely Grape&#8216;"},"content":{"rendered":"<p>Verbessere deine Leistung auf dem Court mit dem Nike Air Zoom GT Cut Academy EP &#8218;Football Grey Barely Grape&#8216;. Dieser Sneaker wurde f\u00fcr dynamische Beinarbeit und explosive Spielz\u00fcge entwickelt und verf\u00fcgt \u00fcber ein durchgehendes Zoom Air-Element sowie eine Fischgr\u00e4ten-Au\u00dfensohle f\u00fcr au\u00dfergew\u00f6hnliche Reaktionsf\u00e4higkeit und Traktion. Das leichte, atmungsaktive Obermaterial sorgt f\u00fcr sicheren Halt, w\u00e4hrend die stylische Farbkombination aus Football Grey und Barely Grape deinem Spiel einen Hauch von Style verleiht. Verbessere deine Agilit\u00e4t, Schnelligkeit und Ballkontrolle mit dem Nike Air Zoom GT Cut Academy EP \u201eFootball Grey Barely Grape\u201c.<\/p>\n<ul>\n<li><strong>Farbgebung:<\/strong> Football Grey\/Football Grey-Purple<\/li>\n<li><strong>Style-Code:<\/strong> FB2598-002\/FB2599-002<\/li>\n<li><strong>Obermaterial:<\/strong> Mesh<\/li>\n<li><strong>Mittelsohle:<\/strong> Zoom<\/li>\n<li><strong>Designer:<\/strong> Bryant Klug<\/li>\n<li><strong>Erscheinungsjahr:<\/strong> 2023<\/li>\n<\/ul>\n","protected":false},"excerpt":{"rendered":"<p>Nike Air Zoom GT Cut Academy EP \u201d\u201d Football Grey\/Football Grey-Purple<\/p>\n","protected":false},"featured_media":167660,"comment_status":"open","ping_status":"closed","template":"","meta":[],"product_brand":[],"product_cat":[10803],"product_tag":[10917],"class_list":{"0":"post-167659","1":"product","2":"type-product","3":"status-publish","4":"has-post-thumbnail","6":"product_cat-nike","7":"product_tag-small-130-usd","8":"wcpa_has_options","10":"first","11":"outofstock","12":"taxable","13":"shipping-taxable","14":"purchasable","15":"product-type-simple"},"wcpa_form_fields":{"rules":{"pric_overide_base_price":false,"pric_overide_base_price_if_gt_zero":false,"pric_overide_base_price_fully":false,"pric_cal_option_once":false,"pric_use_as_fee":false,"bind_quantity":false,"quantity_bind_formula":false},"fields":[{"type":"color-group","required":true,"elementId":"wcpa-color-group-66c4a75505e74","label":"Gr\u00f6\u00dfe - EU Gr\u00f6\u00dfe","inline":true,"priceOptions":"different_for_all","pricingType":"fixed","className":"hassizechart product-shoes-size-eu product-shoes-size","name":"color-group-66c4a75505e89","disp_type":"square","selection_type":"tick-border","disp_size":"44","show_label_inside":true,"adjust_width":true,"cart_display_type":"text","other_text":"Other","cl_rule":"show","col":6,"values":[{"label":"35.5","value":"EU 35.5","price":"","pimage":"","pimage_id":"","pthumb":"","color":""},{"label":"36","value":"EU 36","price":"","pimage":"","pimage_id":"","pthumb":"","color":"","selected":true},{"label":"36.5","value":"EU 36.5","price":"","pimage":"","pimage_id":"","pthumb":"","color":""},{"label":"37.5","value":"EU 37.5","price":"","pimage":"","pimage_id":"","pthumb":"","color":""},{"label":"38","value":"EU 38","price":"","pimage":"","pimage_id":"","pthumb":"","color":""},{"label":"38.5","value":"EU 38.5","price":"","pimage":"","pimage_id":"","pthumb":"","color":""},{"label":"39","value":"EU 39","price":"","pimage":"","pimage_id":"","pthumb":"","color":""},{"label":"40","value":"EU 40","price":"","pimage":"","pimage_id":"","pthumb":"","color":""},{"label":"40.5","value":"EU 40.5","price":"","pimage":"","pimage_id":"","pthumb":"","color":""},{"label":"41","value":"EU 41","price":"","pimage":"","pimage_id":"","pthumb":"","color":""},{"label":"42","value":"EU 42","price":"","pimage":"","pimage_id":"","pthumb":"","color":""},{"label":"42.5","value":"EU 42.5","price":"","pimage":"","pimage_id":"","pthumb":"","color":""},{"label":"43","value":"EU 43","price":"","pimage":"","pimage_id":"","pthumb":"","color":""},{"label":"44","value":"EU 44","price":"","pimage":"","pimage_id":"","pthumb":"","color":""},{"label":"44.5","value":"EU 44.5","price":"","pimage":"","pimage_id":"","pthumb":"","color":""},{"label":"45","value":"EU 45","price":"","pimage":"","pimage_id":"","pthumb":"","color":""},{"label":"45.5","value":"EU 45.5","price":"","pimage":"","pimage_id":"","pthumb":"","color":""},{"label":"46","value":"EU 46","price":"","pimage":"","pimage_id":"","pthumb":"","color":""},{"label":"47","value":"EU 47","price":"","pimage":"","pimage_id":"","pthumb":"","color":""},{"label":"47.5","value":"EU 47.5","price":"","pimage":"","pimage_id":"","pthumb":"","color":""},{"label":"48","value":"EU 48","price":"","pimage":"","pimage_id":"","pthumb":"","color":""}],"relations":[{"operator":false,"rules":[]}],"form_id":18106,"form_rules":{"pric_cal_option_once":false,"exclude_from_discount":false,"pric_use_as_fee":false,"fee_label":"Fee","render_after_acb":false,"disp_hide_options_price":false}}]},"yoast_head":"<!-- This site is optimized with the Yoast SEO plugin v26.5 - https:\/\/yoast.com\/wordpress\/plugins\/seo\/ -->\n<title>Nike Air Zoom GT Cut Academy EP &#039;Football Grey Barely Grape&#039;  - Tourcruiser PTE. LTD<\/title>\n<meta name=\"robots\" content=\"index, follow, max-snippet:-1, max-image-preview:large, max-video-preview:-1\" \/>\n<link rel=\"canonical\" href=\"https:\/\/tourcruiser.com\/de\/products\/nike-air-zoom-gt-cut-academy-ep-football-grey-barely-grape\/\" \/>\n<meta property=\"og:locale\" content=\"de_DE\" \/>\n<meta property=\"og:type\" content=\"article\" \/>\n<meta property=\"og:title\" content=\"Nike Air Zoom GT Cut Academy EP &#039;Football Grey Barely Grape&#039;  - Tourcruiser PTE. LTD\" \/>\n<meta property=\"og:description\" content=\"Nike Air Zoom GT Cut Academy EP \u201d\u201d Football Grey\/Football Grey-Purple\" \/>\n<meta property=\"og:url\" content=\"https:\/\/tourcruiser.com\/de\/products\/nike-air-zoom-gt-cut-academy-ep-football-grey-barely-grape\/\" \/>\n<meta property=\"og:site_name\" content=\"Tourcruiser Sneaker Store\" \/>\n<meta property=\"article:modified_time\" content=\"2026-03-27T18:35:43+00:00\" \/>\n<meta name=\"twitter:card\" content=\"summary_large_image\" \/>\n<meta name=\"twitter:image\" content=\"https:\/\/images.novelship.com\/product\/nike_air_zoom_gt_cut_academy_ep__football_grey_bar_0_40064.jpeg;https:\/\/images.novelship.com\/product\/nike_air_zoom_gt_cut_academy_ep__football_grey_bar_1_40064.jpeg;https:\/\/images.novelship.com\/product\/nike_air_zoom_gt_cut_academy_ep__football_grey_bar_2_40064.jpeg;https:\/\/images.novelship.com\/product\/nike_air_zoom_gt_cut_academy_ep__football_grey_bar_3_40064.jpeg\" \/>\n<meta name=\"twitter:label1\" content=\"Gesch\u00e4tzte Lesezeit\" \/>\n\t<meta name=\"twitter:data1\" content=\"1\u00a0Minute\" \/>\n<script type=\"application\/ld+json\" class=\"yoast-schema-graph\">{\"@context\":\"https:\/\/schema.org\",\"@graph\":[{\"@type\":\"WebPage\",\"@id\":\"https:\/\/tourcruiser.com\/de\/products\/nike-air-zoom-gt-cut-academy-ep-football-grey-barely-grape\/\",\"url\":\"https:\/\/tourcruiser.com\/de\/products\/nike-air-zoom-gt-cut-academy-ep-football-grey-barely-grape\/\",\"name\":\"Nike Air Zoom GT Cut Academy EP 'Football Grey Barely Grape' - Tourcruiser PTE. LTD\",\"isPartOf\":{\"@id\":\"https:\/\/tourcruiser.com\/de\/#website\"},\"primaryImageOfPage\":{\"@id\":\"https:\/\/tourcruiser.com\/de\/products\/nike-air-zoom-gt-cut-academy-ep-football-grey-barely-grape\/#primaryimage\"},\"image\":{\"@id\":\"https:\/\/tourcruiser.com\/de\/products\/nike-air-zoom-gt-cut-academy-ep-football-grey-barely-grape\/#primaryimage\"},\"thumbnailUrl\":\"https:\/\/images.novelship.com\/product\/nike_air_zoom_gt_cut_academy_ep__football_grey_bar_0_40064.jpeg;https:\/\/images.novelship.com\/product\/nike_air_zoom_gt_cut_academy_ep__football_grey_bar_1_40064.jpeg;https:\/\/images.novelship.com\/product\/nike_air_zoom_gt_cut_academy_ep__football_grey_bar_2_40064.jpeg;https:\/\/images.novelship.com\/product\/nike_air_zoom_gt_cut_academy_ep__football_grey_bar_3_40064.jpeg\",\"datePublished\":\"2026-03-02T09:16:57+00:00\",\"dateModified\":\"2026-03-27T18:35:43+00:00\",\"breadcrumb\":{\"@id\":\"https:\/\/tourcruiser.com\/de\/products\/nike-air-zoom-gt-cut-academy-ep-football-grey-barely-grape\/#breadcrumb\"},\"inLanguage\":\"de\",\"potentialAction\":[{\"@type\":\"ReadAction\",\"target\":[\"https:\/\/tourcruiser.com\/de\/products\/nike-air-zoom-gt-cut-academy-ep-football-grey-barely-grape\/\"]}]},{\"@type\":\"ImageObject\",\"inLanguage\":\"de\",\"@id\":\"https:\/\/tourcruiser.com\/de\/products\/nike-air-zoom-gt-cut-academy-ep-football-grey-barely-grape\/#primaryimage\",\"url\":\"https:\/\/images.novelship.com\/product\/nike_air_zoom_gt_cut_academy_ep__football_grey_bar_0_40064.jpeg;https:\/\/images.novelship.com\/product\/nike_air_zoom_gt_cut_academy_ep__football_grey_bar_1_40064.jpeg;https:\/\/images.novelship.com\/product\/nike_air_zoom_gt_cut_academy_ep__football_grey_bar_2_40064.jpeg;https:\/\/images.novelship.com\/product\/nike_air_zoom_gt_cut_academy_ep__football_grey_bar_3_40064.jpeg\",\"contentUrl\":\"https:\/\/images.novelship.com\/product\/nike_air_zoom_gt_cut_academy_ep__football_grey_bar_0_40064.jpeg;https:\/\/images.novelship.com\/product\/nike_air_zoom_gt_cut_academy_ep__football_grey_bar_1_40064.jpeg;https:\/\/images.novelship.com\/product\/nike_air_zoom_gt_cut_academy_ep__football_grey_bar_2_40064.jpeg;https:\/\/images.novelship.com\/product\/nike_air_zoom_gt_cut_academy_ep__football_grey_bar_3_40064.jpeg\"},{\"@type\":\"BreadcrumbList\",\"@id\":\"https:\/\/tourcruiser.com\/de\/products\/nike-air-zoom-gt-cut-academy-ep-football-grey-barely-grape\/#breadcrumb\",\"itemListElement\":[{\"@type\":\"ListItem\",\"position\":1,\"name\":\"Home\",\"item\":\"https:\/\/tourcruiser.com\/de\/\"},{\"@type\":\"ListItem\",\"position\":2,\"name\":\"Shop\",\"item\":\"https:\/\/tourcruiser.com\/de\/shop\/\"},{\"@type\":\"ListItem\",\"position\":3,\"name\":\"Nike Air Zoom GT Cut Academy EP 'Football Grey Barely Grape'\"}]},{\"@type\":\"WebSite\",\"@id\":\"https:\/\/tourcruiser.com\/de\/#website\",\"url\":\"https:\/\/tourcruiser.com\/de\/\",\"name\":\"Styloral Jewelry Shop\",\"description\":\"Tourcruiser Sneaker Store \u2014 der Ort, an dem das Universum deine Einzigartigkeit trifft.\",\"publisher\":{\"@id\":\"https:\/\/tourcruiser.com\/de\/#organization\"},\"potentialAction\":[{\"@type\":\"SearchAction\",\"target\":{\"@type\":\"EntryPoint\",\"urlTemplate\":\"https:\/\/tourcruiser.com\/de\/?s={search_term_string}\"},\"query-input\":{\"@type\":\"PropertyValueSpecification\",\"valueRequired\":true,\"valueName\":\"search_term_string\"}}],\"inLanguage\":\"de\"},{\"@type\":\"Organization\",\"@id\":\"https:\/\/tourcruiser.com\/de\/#organization\",\"name\":\"STYLORAL PTE. LTD\",\"url\":\"https:\/\/tourcruiser.com\/de\/\",\"logo\":{\"@type\":\"ImageObject\",\"inLanguage\":\"de\",\"@id\":\"https:\/\/tourcruiser.com\/de\/#\/schema\/logo\/image\/\",\"url\":\"https:\/\/www.tourcruiser.com\/wp-content\/uploads\/2025\/12\/logo.png\",\"contentUrl\":\"https:\/\/www.tourcruiser.com\/wp-content\/uploads\/2025\/12\/logo.png\",\"width\":200,\"height\":65,\"caption\":\"STYLORAL PTE. LTD\"},\"image\":{\"@id\":\"https:\/\/tourcruiser.com\/de\/#\/schema\/logo\/image\/\"}}]}<\/script>\n<!-- \/ Yoast SEO plugin. -->","yoast_head_json":{"title":"Nike Air Zoom GT Cut Academy EP 'Football Grey Barely Grape'  - Tourcruiser PTE. LTD","robots":{"index":"index","follow":"follow","max-snippet":"max-snippet:-1","max-image-preview":"max-image-preview:large","max-video-preview":"max-video-preview:-1"},"canonical":"https:\/\/tourcruiser.com\/de\/products\/nike-air-zoom-gt-cut-academy-ep-football-grey-barely-grape\/","og_locale":"de_DE","og_type":"article","og_title":"Nike Air Zoom GT Cut Academy EP 'Football Grey Barely Grape'  - Tourcruiser PTE. LTD","og_description":"Nike Air Zoom GT Cut Academy EP \u201d\u201d Football Grey\/Football Grey-Purple","og_url":"https:\/\/tourcruiser.com\/de\/products\/nike-air-zoom-gt-cut-academy-ep-football-grey-barely-grape\/","og_site_name":"Tourcruiser Sneaker Store","article_modified_time":"2026-03-27T18:35:43+00:00","twitter_card":"summary_large_image","twitter_image":"https:\/\/images.novelship.com\/product\/nike_air_zoom_gt_cut_academy_ep__football_grey_bar_0_40064.jpeg;https:\/\/images.novelship.com\/product\/nike_air_zoom_gt_cut_academy_ep__football_grey_bar_1_40064.jpeg;https:\/\/images.novelship.com\/product\/nike_air_zoom_gt_cut_academy_ep__football_grey_bar_2_40064.jpeg;https:\/\/images.novelship.com\/product\/nike_air_zoom_gt_cut_academy_ep__football_grey_bar_3_40064.jpeg","twitter_misc":{"Gesch\u00e4tzte Lesezeit":"1\u00a0Minute"},"schema":{"@context":"https:\/\/schema.org","@graph":[{"@type":"WebPage","@id":"https:\/\/tourcruiser.com\/de\/products\/nike-air-zoom-gt-cut-academy-ep-football-grey-barely-grape\/","url":"https:\/\/tourcruiser.com\/de\/products\/nike-air-zoom-gt-cut-academy-ep-football-grey-barely-grape\/","name":"Nike Air Zoom GT Cut Academy EP 'Football Grey Barely Grape' - Tourcruiser PTE. LTD","isPartOf":{"@id":"https:\/\/tourcruiser.com\/de\/#website"},"primaryImageOfPage":{"@id":"https:\/\/tourcruiser.com\/de\/products\/nike-air-zoom-gt-cut-academy-ep-football-grey-barely-grape\/#primaryimage"},"image":{"@id":"https:\/\/tourcruiser.com\/de\/products\/nike-air-zoom-gt-cut-academy-ep-football-grey-barely-grape\/#primaryimage"},"thumbnailUrl":"https:\/\/images.novelship.com\/product\/nike_air_zoom_gt_cut_academy_ep__football_grey_bar_0_40064.jpeg;https:\/\/images.novelship.com\/product\/nike_air_zoom_gt_cut_academy_ep__football_grey_bar_1_40064.jpeg;https:\/\/images.novelship.com\/product\/nike_air_zoom_gt_cut_academy_ep__football_grey_bar_2_40064.jpeg;https:\/\/images.novelship.com\/product\/nike_air_zoom_gt_cut_academy_ep__football_grey_bar_3_40064.jpeg","datePublished":"2026-03-02T09:16:57+00:00","dateModified":"2026-03-27T18:35:43+00:00","breadcrumb":{"@id":"https:\/\/tourcruiser.com\/de\/products\/nike-air-zoom-gt-cut-academy-ep-football-grey-barely-grape\/#breadcrumb"},"inLanguage":"de","potentialAction":[{"@type":"ReadAction","target":["https:\/\/tourcruiser.com\/de\/products\/nike-air-zoom-gt-cut-academy-ep-football-grey-barely-grape\/"]}]},{"@type":"ImageObject","inLanguage":"de","@id":"https:\/\/tourcruiser.com\/de\/products\/nike-air-zoom-gt-cut-academy-ep-football-grey-barely-grape\/#primaryimage","url":"https:\/\/images.novelship.com\/product\/nike_air_zoom_gt_cut_academy_ep__football_grey_bar_0_40064.jpeg;https:\/\/images.novelship.com\/product\/nike_air_zoom_gt_cut_academy_ep__football_grey_bar_1_40064.jpeg;https:\/\/images.novelship.com\/product\/nike_air_zoom_gt_cut_academy_ep__football_grey_bar_2_40064.jpeg;https:\/\/images.novelship.com\/product\/nike_air_zoom_gt_cut_academy_ep__football_grey_bar_3_40064.jpeg","contentUrl":"https:\/\/images.novelship.com\/product\/nike_air_zoom_gt_cut_academy_ep__football_grey_bar_0_40064.jpeg;https:\/\/images.novelship.com\/product\/nike_air_zoom_gt_cut_academy_ep__football_grey_bar_1_40064.jpeg;https:\/\/images.novelship.com\/product\/nike_air_zoom_gt_cut_academy_ep__football_grey_bar_2_40064.jpeg;https:\/\/images.novelship.com\/product\/nike_air_zoom_gt_cut_academy_ep__football_grey_bar_3_40064.jpeg"},{"@type":"BreadcrumbList","@id":"https:\/\/tourcruiser.com\/de\/products\/nike-air-zoom-gt-cut-academy-ep-football-grey-barely-grape\/#breadcrumb","itemListElement":[{"@type":"ListItem","position":1,"name":"Home","item":"https:\/\/tourcruiser.com\/de\/"},{"@type":"ListItem","position":2,"name":"Shop","item":"https:\/\/tourcruiser.com\/de\/shop\/"},{"@type":"ListItem","position":3,"name":"Nike Air Zoom GT Cut Academy EP 'Football Grey Barely Grape'"}]},{"@type":"WebSite","@id":"https:\/\/tourcruiser.com\/de\/#website","url":"https:\/\/tourcruiser.com\/de\/","name":"Styloral Jewelry Shop","description":"Tourcruiser Sneaker Store \u2014 der Ort, an dem das Universum deine Einzigartigkeit trifft.","publisher":{"@id":"https:\/\/tourcruiser.com\/de\/#organization"},"potentialAction":[{"@type":"SearchAction","target":{"@type":"EntryPoint","urlTemplate":"https:\/\/tourcruiser.com\/de\/?s={search_term_string}"},"query-input":{"@type":"PropertyValueSpecification","valueRequired":true,"valueName":"search_term_string"}}],"inLanguage":"de"},{"@type":"Organization","@id":"https:\/\/tourcruiser.com\/de\/#organization","name":"STYLORAL PTE. LTD","url":"https:\/\/tourcruiser.com\/de\/","logo":{"@type":"ImageObject","inLanguage":"de","@id":"https:\/\/tourcruiser.com\/de\/#\/schema\/logo\/image\/","url":"https:\/\/www.tourcruiser.com\/wp-content\/uploads\/2025\/12\/logo.png","contentUrl":"https:\/\/www.tourcruiser.com\/wp-content\/uploads\/2025\/12\/logo.png","width":200,"height":65,"caption":"STYLORAL PTE. LTD"},"image":{"@id":"https:\/\/tourcruiser.com\/de\/#\/schema\/logo\/image\/"}}]}},"_links":{"self":[{"href":"https:\/\/tourcruiser.com\/de\/wp-json\/wp\/v2\/product\/167659","targetHints":{"allow":["GET"]}}],"collection":[{"href":"https:\/\/tourcruiser.com\/de\/wp-json\/wp\/v2\/product"}],"about":[{"href":"https:\/\/tourcruiser.com\/de\/wp-json\/wp\/v2\/types\/product"}],"replies":[{"embeddable":true,"href":"https:\/\/tourcruiser.com\/de\/wp-json\/wp\/v2\/comments?post=167659"}],"wp:featuredmedia":[{"embeddable":true,"href":"https:\/\/tourcruiser.com\/de\/wp-json\/wp\/v2\/media\/167660"}],"wp:attachment":[{"href":"https:\/\/tourcruiser.com\/de\/wp-json\/wp\/v2\/media?parent=167659"}],"wp:term":[{"taxonomy":"product_brand","embeddable":true,"href":"https:\/\/tourcruiser.com\/de\/wp-json\/wp\/v2\/product_brand?post=167659"},{"taxonomy":"product_cat","embeddable":true,"href":"https:\/\/tourcruiser.com\/de\/wp-json\/wp\/v2\/product_cat?post=167659"},{"taxonomy":"product_tag","embeddable":true,"href":"https:\/\/tourcruiser.com\/de\/wp-json\/wp\/v2\/product_tag?post=167659"}],"curies":[{"name":"wp","href":"https:\/\/api.w.org\/{rel}","templated":true}]}}