{"id":167526,"date":"2026-03-02T16:16:45","date_gmt":"2026-03-02T09:16:45","guid":{"rendered":"http:\/\/tourcruiser.com\/product\/nike-air-max-tavas-triple-black"},"modified":"2026-03-28T01:35:39","modified_gmt":"2026-03-27T18:35:39","slug":"nike-air-max-tavas-triple-black","status":"publish","type":"product","link":"https:\/\/tourcruiser.com\/de\/products\/nike-air-max-tavas-triple-black\/","title":{"rendered":"Nike Air Max Tavas &#8218;Triple Black&#8216;"},"content":{"rendered":"<p>Erleben Sie zeitlosen Stil und unvergleichlichen Komfort mit dem Nike Air Max Tavas, einem eleganten und modernen Sneaker, der perfekt zu Ihrem Alltag passt. Das atmungsaktive Mesh-Obermaterial mit nahtlosen Overlays sorgt f\u00fcr leichten Halt und eine stromlinienf\u00f6rmige Optik, die sich ideal mit l\u00e4ssigen oder sportlichen Outfits kombinieren l\u00e4sst. Das sichtbare Max Air-Element in der Ferse bietet reaktionsfreudige D\u00e4mpfung und ganzt\u00e4gigen Tragekomfort, egal ob Sie aktiv sind oder mit Freunden entspannen. Die strapazierf\u00e4hige Waffelsohle aus Gummi bietet verbesserte Traktion und dauerhafte Performance auf unterschiedlichem Terrain. Das exklusiv im Direktvertrieb erh\u00e4ltliche Modell 705149-010 besticht durch sein minimalistisches Schwarz-Wei\u00df-Design und ist somit vielseitig kombinierbar. Der Nike Air Max Tavas wurde f\u00fcr alle entwickelt, die Wert auf Innovation und Stil legen und vereint einen m\u00fchelos modernen Look mit klassischen Nike-Elementen. Erweitern Sie noch heute Ihre Schuhkollektion und genie\u00dfen Sie die perfekte Kombination aus Leistung, Innovation und trendigem Design.<\/p>\n<ul>\n<li><strong>Farbgebung:<\/strong> Schwarz\/Schwarz\/Anthrazit<\/li>\n<li><strong>Artikelnummer:<\/strong> 705149-010<\/li>\n<li><strong>Obermaterial:<\/strong> Leder<\/li>\n<li><strong>Farbe:<\/strong> Schwarz<\/li>\n<\/ul>\n","protected":false},"excerpt":{"rendered":"<p>Nike None \u201d\u201d Black\/Black\/Anthracite<\/p>\n","protected":false},"featured_media":167527,"comment_status":"open","ping_status":"closed","template":"","meta":[],"product_brand":[],"product_cat":[10803],"product_tag":[10750,10754,10765,10801,10768],"class_list":{"0":"post-167526","1":"product","2":"type-product","3":"status-publish","4":"has-post-thumbnail","6":"product_cat-nike","7":"product_tag-athleisure-shoes","8":"product_tag-lifestyle-casual-shoes","9":"product_tag-lifestyle-shoes-running-inspired","10":"product_tag-nike","11":"product_tag-retro-running-shoes","12":"wcpa_has_options","14":"first","15":"outofstock","16":"taxable","17":"shipping-taxable","18":"purchasable","19":"product-type-simple"},"wcpa_form_fields":{"rules":{"pric_overide_base_price":false,"pric_overide_base_price_if_gt_zero":false,"pric_overide_base_price_fully":false,"pric_cal_option_once":false,"pric_use_as_fee":false,"bind_quantity":false,"quantity_bind_formula":false},"fields":[{"type":"color-group","required":true,"elementId":"wcpa-color-group-66c4a75505e74","label":"Gr\u00f6\u00dfe - EU Gr\u00f6\u00dfe","inline":true,"priceOptions":"different_for_all","pricingType":"fixed","className":"hassizechart product-shoes-size-eu product-shoes-size","name":"color-group-66c4a75505e89","disp_type":"square","selection_type":"tick-border","disp_size":"44","show_label_inside":true,"adjust_width":true,"cart_display_type":"text","other_text":"Other","cl_rule":"show","col":6,"values":[{"label":"35.5","value":"EU 35.5","price":"","pimage":"","pimage_id":"","pthumb":"","color":""},{"label":"36","value":"EU 36","price":"","pimage":"","pimage_id":"","pthumb":"","color":"","selected":true},{"label":"36.5","value":"EU 36.5","price":"","pimage":"","pimage_id":"","pthumb":"","color":""},{"label":"37.5","value":"EU 37.5","price":"","pimage":"","pimage_id":"","pthumb":"","color":""},{"label":"38","value":"EU 38","price":"","pimage":"","pimage_id":"","pthumb":"","color":""},{"label":"38.5","value":"EU 38.5","price":"","pimage":"","pimage_id":"","pthumb":"","color":""},{"label":"39","value":"EU 39","price":"","pimage":"","pimage_id":"","pthumb":"","color":""},{"label":"40","value":"EU 40","price":"","pimage":"","pimage_id":"","pthumb":"","color":""},{"label":"40.5","value":"EU 40.5","price":"","pimage":"","pimage_id":"","pthumb":"","color":""},{"label":"41","value":"EU 41","price":"","pimage":"","pimage_id":"","pthumb":"","color":""},{"label":"42","value":"EU 42","price":"","pimage":"","pimage_id":"","pthumb":"","color":""},{"label":"42.5","value":"EU 42.5","price":"","pimage":"","pimage_id":"","pthumb":"","color":""},{"label":"43","value":"EU 43","price":"","pimage":"","pimage_id":"","pthumb":"","color":""},{"label":"44","value":"EU 44","price":"","pimage":"","pimage_id":"","pthumb":"","color":""},{"label":"44.5","value":"EU 44.5","price":"","pimage":"","pimage_id":"","pthumb":"","color":""},{"label":"45","value":"EU 45","price":"","pimage":"","pimage_id":"","pthumb":"","color":""},{"label":"45.5","value":"EU 45.5","price":"","pimage":"","pimage_id":"","pthumb":"","color":""},{"label":"46","value":"EU 46","price":"","pimage":"","pimage_id":"","pthumb":"","color":""},{"label":"47","value":"EU 47","price":"","pimage":"","pimage_id":"","pthumb":"","color":""},{"label":"47.5","value":"EU 47.5","price":"","pimage":"","pimage_id":"","pthumb":"","color":""},{"label":"48","value":"EU 48","price":"","pimage":"","pimage_id":"","pthumb":"","color":""}],"relations":[{"operator":false,"rules":[]}],"form_id":18106,"form_rules":{"pric_cal_option_once":false,"exclude_from_discount":false,"pric_use_as_fee":false,"fee_label":"Fee","render_after_acb":false,"disp_hide_options_price":false}}]},"yoast_head":"<!-- This site is optimized with the Yoast SEO plugin v26.5 - https:\/\/yoast.com\/wordpress\/plugins\/seo\/ -->\n<title>Nike Air Max Tavas &#039;Triple Black&#039;  - Tourcruiser PTE. LTD<\/title>\n<meta name=\"robots\" content=\"index, follow, max-snippet:-1, max-image-preview:large, max-video-preview:-1\" \/>\n<link rel=\"canonical\" href=\"https:\/\/tourcruiser.com\/de\/products\/nike-air-max-tavas-triple-black\/\" \/>\n<meta property=\"og:locale\" content=\"de_DE\" \/>\n<meta property=\"og:type\" content=\"article\" \/>\n<meta property=\"og:title\" content=\"Nike Air Max Tavas &#039;Triple Black&#039;  - Tourcruiser PTE. LTD\" \/>\n<meta property=\"og:description\" content=\"Nike None \u201d\u201d Black\/Black\/Anthracite\" \/>\n<meta property=\"og:url\" content=\"https:\/\/tourcruiser.com\/de\/products\/nike-air-max-tavas-triple-black\/\" \/>\n<meta property=\"og:site_name\" content=\"Tourcruiser Sneaker Store\" \/>\n<meta property=\"article:modified_time\" content=\"2026-03-27T18:35:39+00:00\" \/>\n<meta name=\"twitter:card\" content=\"summary_large_image\" \/>\n<meta name=\"twitter:image\" content=\"https:\/\/images.novelship.com\/product\/nike_air_max_tavas__direct_sale_exclusive__705149-_0_35419.jpeg;https:\/\/images.novelship.com\/product\/nike_air_max_tavas__direct_sale_exclusive__705149-_1_35419.jpeg;https:\/\/images.novelship.com\/product\/nike_air_max_tavas__direct_sale_exclusive__705149-_2_35419.jpeg;https:\/\/images.novelship.com\/product\/nike_air_max_tavas__direct_sale_exclusive__705149-_3_35419.jpeg;https:\/\/images.novelship.com\/product\/nike_air_max_tavas__direct_sale_exclusive__705149-_4_35419.jpeg;https:\/\/images.novelship.com\/product\/nike_air_max_tavas__direct_sale_exclusive__705149-_5_35419.jpeg;https:\/\/images.novelship.com\/product\/nike_air_max_tavas__direct_sale_exclusive__705149-_6_35419.jpeg;https:\/\/images.novelship.com\/product\/nike_air_max_tavas__direct_sale_exclusive__705149-_7_35419.jpeg\" \/>\n<meta name=\"twitter:label1\" content=\"Gesch\u00e4tzte Lesezeit\" \/>\n\t<meta name=\"twitter:data1\" content=\"1\u00a0Minute\" \/>\n<script type=\"application\/ld+json\" class=\"yoast-schema-graph\">{\"@context\":\"https:\/\/schema.org\",\"@graph\":[{\"@type\":\"WebPage\",\"@id\":\"https:\/\/tourcruiser.com\/de\/products\/nike-air-max-tavas-triple-black\/\",\"url\":\"https:\/\/tourcruiser.com\/de\/products\/nike-air-max-tavas-triple-black\/\",\"name\":\"Nike Air Max Tavas 'Triple Black' - Tourcruiser PTE. LTD\",\"isPartOf\":{\"@id\":\"https:\/\/tourcruiser.com\/de\/#website\"},\"primaryImageOfPage\":{\"@id\":\"https:\/\/tourcruiser.com\/de\/products\/nike-air-max-tavas-triple-black\/#primaryimage\"},\"image\":{\"@id\":\"https:\/\/tourcruiser.com\/de\/products\/nike-air-max-tavas-triple-black\/#primaryimage\"},\"thumbnailUrl\":\"https:\/\/images.novelship.com\/product\/nike_air_max_tavas__direct_sale_exclusive__705149-_0_35419.jpeg;https:\/\/images.novelship.com\/product\/nike_air_max_tavas__direct_sale_exclusive__705149-_1_35419.jpeg;https:\/\/images.novelship.com\/product\/nike_air_max_tavas__direct_sale_exclusive__705149-_2_35419.jpeg;https:\/\/images.novelship.com\/product\/nike_air_max_tavas__direct_sale_exclusive__705149-_3_35419.jpeg;https:\/\/images.novelship.com\/product\/nike_air_max_tavas__direct_sale_exclusive__705149-_4_35419.jpeg;https:\/\/images.novelship.com\/product\/nike_air_max_tavas__direct_sale_exclusive__705149-_5_35419.jpeg;https:\/\/images.novelship.com\/product\/nike_air_max_tavas__direct_sale_exclusive__705149-_6_35419.jpeg;https:\/\/images.novelship.com\/product\/nike_air_max_tavas__direct_sale_exclusive__705149-_7_35419.jpeg\",\"datePublished\":\"2026-03-02T09:16:45+00:00\",\"dateModified\":\"2026-03-27T18:35:39+00:00\",\"breadcrumb\":{\"@id\":\"https:\/\/tourcruiser.com\/de\/products\/nike-air-max-tavas-triple-black\/#breadcrumb\"},\"inLanguage\":\"de\",\"potentialAction\":[{\"@type\":\"ReadAction\",\"target\":[\"https:\/\/tourcruiser.com\/de\/products\/nike-air-max-tavas-triple-black\/\"]}]},{\"@type\":\"ImageObject\",\"inLanguage\":\"de\",\"@id\":\"https:\/\/tourcruiser.com\/de\/products\/nike-air-max-tavas-triple-black\/#primaryimage\",\"url\":\"https:\/\/images.novelship.com\/product\/nike_air_max_tavas__direct_sale_exclusive__705149-_0_35419.jpeg;https:\/\/images.novelship.com\/product\/nike_air_max_tavas__direct_sale_exclusive__705149-_1_35419.jpeg;https:\/\/images.novelship.com\/product\/nike_air_max_tavas__direct_sale_exclusive__705149-_2_35419.jpeg;https:\/\/images.novelship.com\/product\/nike_air_max_tavas__direct_sale_exclusive__705149-_3_35419.jpeg;https:\/\/images.novelship.com\/product\/nike_air_max_tavas__direct_sale_exclusive__705149-_4_35419.jpeg;https:\/\/images.novelship.com\/product\/nike_air_max_tavas__direct_sale_exclusive__705149-_5_35419.jpeg;https:\/\/images.novelship.com\/product\/nike_air_max_tavas__direct_sale_exclusive__705149-_6_35419.jpeg;https:\/\/images.novelship.com\/product\/nike_air_max_tavas__direct_sale_exclusive__705149-_7_35419.jpeg\",\"contentUrl\":\"https:\/\/images.novelship.com\/product\/nike_air_max_tavas__direct_sale_exclusive__705149-_0_35419.jpeg;https:\/\/images.novelship.com\/product\/nike_air_max_tavas__direct_sale_exclusive__705149-_1_35419.jpeg;https:\/\/images.novelship.com\/product\/nike_air_max_tavas__direct_sale_exclusive__705149-_2_35419.jpeg;https:\/\/images.novelship.com\/product\/nike_air_max_tavas__direct_sale_exclusive__705149-_3_35419.jpeg;https:\/\/images.novelship.com\/product\/nike_air_max_tavas__direct_sale_exclusive__705149-_4_35419.jpeg;https:\/\/images.novelship.com\/product\/nike_air_max_tavas__direct_sale_exclusive__705149-_5_35419.jpeg;https:\/\/images.novelship.com\/product\/nike_air_max_tavas__direct_sale_exclusive__705149-_6_35419.jpeg;https:\/\/images.novelship.com\/product\/nike_air_max_tavas__direct_sale_exclusive__705149-_7_35419.jpeg\"},{\"@type\":\"BreadcrumbList\",\"@id\":\"https:\/\/tourcruiser.com\/de\/products\/nike-air-max-tavas-triple-black\/#breadcrumb\",\"itemListElement\":[{\"@type\":\"ListItem\",\"position\":1,\"name\":\"Home\",\"item\":\"https:\/\/tourcruiser.com\/de\/\"},{\"@type\":\"ListItem\",\"position\":2,\"name\":\"Shop\",\"item\":\"https:\/\/tourcruiser.com\/de\/shop\/\"},{\"@type\":\"ListItem\",\"position\":3,\"name\":\"Nike Air Max Tavas 'Triple Black'\"}]},{\"@type\":\"WebSite\",\"@id\":\"https:\/\/tourcruiser.com\/de\/#website\",\"url\":\"https:\/\/tourcruiser.com\/de\/\",\"name\":\"Styloral Jewelry Shop\",\"description\":\"Tourcruiser Sneaker Store \u2014 der Ort, an dem das Universum deine Einzigartigkeit trifft.\",\"publisher\":{\"@id\":\"https:\/\/tourcruiser.com\/de\/#organization\"},\"potentialAction\":[{\"@type\":\"SearchAction\",\"target\":{\"@type\":\"EntryPoint\",\"urlTemplate\":\"https:\/\/tourcruiser.com\/de\/?s={search_term_string}\"},\"query-input\":{\"@type\":\"PropertyValueSpecification\",\"valueRequired\":true,\"valueName\":\"search_term_string\"}}],\"inLanguage\":\"de\"},{\"@type\":\"Organization\",\"@id\":\"https:\/\/tourcruiser.com\/de\/#organization\",\"name\":\"STYLORAL PTE. LTD\",\"url\":\"https:\/\/tourcruiser.com\/de\/\",\"logo\":{\"@type\":\"ImageObject\",\"inLanguage\":\"de\",\"@id\":\"https:\/\/tourcruiser.com\/de\/#\/schema\/logo\/image\/\",\"url\":\"https:\/\/www.tourcruiser.com\/wp-content\/uploads\/2025\/12\/logo.png\",\"contentUrl\":\"https:\/\/www.tourcruiser.com\/wp-content\/uploads\/2025\/12\/logo.png\",\"width\":200,\"height\":65,\"caption\":\"STYLORAL PTE. LTD\"},\"image\":{\"@id\":\"https:\/\/tourcruiser.com\/de\/#\/schema\/logo\/image\/\"}}]}<\/script>\n<!-- \/ Yoast SEO plugin. -->","yoast_head_json":{"title":"Nike Air Max Tavas 'Triple Black'  - Tourcruiser PTE. LTD","robots":{"index":"index","follow":"follow","max-snippet":"max-snippet:-1","max-image-preview":"max-image-preview:large","max-video-preview":"max-video-preview:-1"},"canonical":"https:\/\/tourcruiser.com\/de\/products\/nike-air-max-tavas-triple-black\/","og_locale":"de_DE","og_type":"article","og_title":"Nike Air Max Tavas 'Triple Black'  - Tourcruiser PTE. LTD","og_description":"Nike None \u201d\u201d Black\/Black\/Anthracite","og_url":"https:\/\/tourcruiser.com\/de\/products\/nike-air-max-tavas-triple-black\/","og_site_name":"Tourcruiser Sneaker Store","article_modified_time":"2026-03-27T18:35:39+00:00","twitter_card":"summary_large_image","twitter_image":"https:\/\/images.novelship.com\/product\/nike_air_max_tavas__direct_sale_exclusive__705149-_0_35419.jpeg;https:\/\/images.novelship.com\/product\/nike_air_max_tavas__direct_sale_exclusive__705149-_1_35419.jpeg;https:\/\/images.novelship.com\/product\/nike_air_max_tavas__direct_sale_exclusive__705149-_2_35419.jpeg;https:\/\/images.novelship.com\/product\/nike_air_max_tavas__direct_sale_exclusive__705149-_3_35419.jpeg;https:\/\/images.novelship.com\/product\/nike_air_max_tavas__direct_sale_exclusive__705149-_4_35419.jpeg;https:\/\/images.novelship.com\/product\/nike_air_max_tavas__direct_sale_exclusive__705149-_5_35419.jpeg;https:\/\/images.novelship.com\/product\/nike_air_max_tavas__direct_sale_exclusive__705149-_6_35419.jpeg;https:\/\/images.novelship.com\/product\/nike_air_max_tavas__direct_sale_exclusive__705149-_7_35419.jpeg","twitter_misc":{"Gesch\u00e4tzte Lesezeit":"1\u00a0Minute"},"schema":{"@context":"https:\/\/schema.org","@graph":[{"@type":"WebPage","@id":"https:\/\/tourcruiser.com\/de\/products\/nike-air-max-tavas-triple-black\/","url":"https:\/\/tourcruiser.com\/de\/products\/nike-air-max-tavas-triple-black\/","name":"Nike Air Max Tavas 'Triple Black' - Tourcruiser PTE. LTD","isPartOf":{"@id":"https:\/\/tourcruiser.com\/de\/#website"},"primaryImageOfPage":{"@id":"https:\/\/tourcruiser.com\/de\/products\/nike-air-max-tavas-triple-black\/#primaryimage"},"image":{"@id":"https:\/\/tourcruiser.com\/de\/products\/nike-air-max-tavas-triple-black\/#primaryimage"},"thumbnailUrl":"https:\/\/images.novelship.com\/product\/nike_air_max_tavas__direct_sale_exclusive__705149-_0_35419.jpeg;https:\/\/images.novelship.com\/product\/nike_air_max_tavas__direct_sale_exclusive__705149-_1_35419.jpeg;https:\/\/images.novelship.com\/product\/nike_air_max_tavas__direct_sale_exclusive__705149-_2_35419.jpeg;https:\/\/images.novelship.com\/product\/nike_air_max_tavas__direct_sale_exclusive__705149-_3_35419.jpeg;https:\/\/images.novelship.com\/product\/nike_air_max_tavas__direct_sale_exclusive__705149-_4_35419.jpeg;https:\/\/images.novelship.com\/product\/nike_air_max_tavas__direct_sale_exclusive__705149-_5_35419.jpeg;https:\/\/images.novelship.com\/product\/nike_air_max_tavas__direct_sale_exclusive__705149-_6_35419.jpeg;https:\/\/images.novelship.com\/product\/nike_air_max_tavas__direct_sale_exclusive__705149-_7_35419.jpeg","datePublished":"2026-03-02T09:16:45+00:00","dateModified":"2026-03-27T18:35:39+00:00","breadcrumb":{"@id":"https:\/\/tourcruiser.com\/de\/products\/nike-air-max-tavas-triple-black\/#breadcrumb"},"inLanguage":"de","potentialAction":[{"@type":"ReadAction","target":["https:\/\/tourcruiser.com\/de\/products\/nike-air-max-tavas-triple-black\/"]}]},{"@type":"ImageObject","inLanguage":"de","@id":"https:\/\/tourcruiser.com\/de\/products\/nike-air-max-tavas-triple-black\/#primaryimage","url":"https:\/\/images.novelship.com\/product\/nike_air_max_tavas__direct_sale_exclusive__705149-_0_35419.jpeg;https:\/\/images.novelship.com\/product\/nike_air_max_tavas__direct_sale_exclusive__705149-_1_35419.jpeg;https:\/\/images.novelship.com\/product\/nike_air_max_tavas__direct_sale_exclusive__705149-_2_35419.jpeg;https:\/\/images.novelship.com\/product\/nike_air_max_tavas__direct_sale_exclusive__705149-_3_35419.jpeg;https:\/\/images.novelship.com\/product\/nike_air_max_tavas__direct_sale_exclusive__705149-_4_35419.jpeg;https:\/\/images.novelship.com\/product\/nike_air_max_tavas__direct_sale_exclusive__705149-_5_35419.jpeg;https:\/\/images.novelship.com\/product\/nike_air_max_tavas__direct_sale_exclusive__705149-_6_35419.jpeg;https:\/\/images.novelship.com\/product\/nike_air_max_tavas__direct_sale_exclusive__705149-_7_35419.jpeg","contentUrl":"https:\/\/images.novelship.com\/product\/nike_air_max_tavas__direct_sale_exclusive__705149-_0_35419.jpeg;https:\/\/images.novelship.com\/product\/nike_air_max_tavas__direct_sale_exclusive__705149-_1_35419.jpeg;https:\/\/images.novelship.com\/product\/nike_air_max_tavas__direct_sale_exclusive__705149-_2_35419.jpeg;https:\/\/images.novelship.com\/product\/nike_air_max_tavas__direct_sale_exclusive__705149-_3_35419.jpeg;https:\/\/images.novelship.com\/product\/nike_air_max_tavas__direct_sale_exclusive__705149-_4_35419.jpeg;https:\/\/images.novelship.com\/product\/nike_air_max_tavas__direct_sale_exclusive__705149-_5_35419.jpeg;https:\/\/images.novelship.com\/product\/nike_air_max_tavas__direct_sale_exclusive__705149-_6_35419.jpeg;https:\/\/images.novelship.com\/product\/nike_air_max_tavas__direct_sale_exclusive__705149-_7_35419.jpeg"},{"@type":"BreadcrumbList","@id":"https:\/\/tourcruiser.com\/de\/products\/nike-air-max-tavas-triple-black\/#breadcrumb","itemListElement":[{"@type":"ListItem","position":1,"name":"Home","item":"https:\/\/tourcruiser.com\/de\/"},{"@type":"ListItem","position":2,"name":"Shop","item":"https:\/\/tourcruiser.com\/de\/shop\/"},{"@type":"ListItem","position":3,"name":"Nike Air Max Tavas 'Triple Black'"}]},{"@type":"WebSite","@id":"https:\/\/tourcruiser.com\/de\/#website","url":"https:\/\/tourcruiser.com\/de\/","name":"Styloral Jewelry Shop","description":"Tourcruiser Sneaker Store \u2014 der Ort, an dem das Universum deine Einzigartigkeit trifft.","publisher":{"@id":"https:\/\/tourcruiser.com\/de\/#organization"},"potentialAction":[{"@type":"SearchAction","target":{"@type":"EntryPoint","urlTemplate":"https:\/\/tourcruiser.com\/de\/?s={search_term_string}"},"query-input":{"@type":"PropertyValueSpecification","valueRequired":true,"valueName":"search_term_string"}}],"inLanguage":"de"},{"@type":"Organization","@id":"https:\/\/tourcruiser.com\/de\/#organization","name":"STYLORAL PTE. LTD","url":"https:\/\/tourcruiser.com\/de\/","logo":{"@type":"ImageObject","inLanguage":"de","@id":"https:\/\/tourcruiser.com\/de\/#\/schema\/logo\/image\/","url":"https:\/\/www.tourcruiser.com\/wp-content\/uploads\/2025\/12\/logo.png","contentUrl":"https:\/\/www.tourcruiser.com\/wp-content\/uploads\/2025\/12\/logo.png","width":200,"height":65,"caption":"STYLORAL PTE. LTD"},"image":{"@id":"https:\/\/tourcruiser.com\/de\/#\/schema\/logo\/image\/"}}]}},"_links":{"self":[{"href":"https:\/\/tourcruiser.com\/de\/wp-json\/wp\/v2\/product\/167526","targetHints":{"allow":["GET"]}}],"collection":[{"href":"https:\/\/tourcruiser.com\/de\/wp-json\/wp\/v2\/product"}],"about":[{"href":"https:\/\/tourcruiser.com\/de\/wp-json\/wp\/v2\/types\/product"}],"replies":[{"embeddable":true,"href":"https:\/\/tourcruiser.com\/de\/wp-json\/wp\/v2\/comments?post=167526"}],"wp:featuredmedia":[{"embeddable":true,"href":"https:\/\/tourcruiser.com\/de\/wp-json\/wp\/v2\/media\/167527"}],"wp:attachment":[{"href":"https:\/\/tourcruiser.com\/de\/wp-json\/wp\/v2\/media?parent=167526"}],"wp:term":[{"taxonomy":"product_brand","embeddable":true,"href":"https:\/\/tourcruiser.com\/de\/wp-json\/wp\/v2\/product_brand?post=167526"},{"taxonomy":"product_cat","embeddable":true,"href":"https:\/\/tourcruiser.com\/de\/wp-json\/wp\/v2\/product_cat?post=167526"},{"taxonomy":"product_tag","embeddable":true,"href":"https:\/\/tourcruiser.com\/de\/wp-json\/wp\/v2\/product_tag?post=167526"}],"curies":[{"name":"wp","href":"https:\/\/api.w.org\/{rel}","templated":true}]}}