{"id":167193,"date":"2026-03-02T16:16:19","date_gmt":"2026-03-02T09:16:19","guid":{"rendered":"http:\/\/tourcruiser.com\/product\/women-nike-motiva-se-phantom-hydrangeas-glacier-blue"},"modified":"2026-03-28T01:35:24","modified_gmt":"2026-03-27T18:35:24","slug":"women-nike-motiva-se-phantom-hydrangeas-glacier-blue","status":"publish","type":"product","link":"https:\/\/tourcruiser.com\/de\/products\/women-nike-motiva-se-phantom-hydrangeas-glacier-blue\/","title":{"rendered":"(Women) Nike Motiva SE &#8218;Phantom Hydrangeas Glacier Blue&#8216;"},"content":{"rendered":"<p>Erleben Sie unvergleichlichen Komfort und m\u00fchelosen Style mit dem Nike Motiva SE HJ6209-001 \u201d\u201c einem perfekt designten Schuh f\u00fcr Frauen mit einem aktiven Lebensstil und hohen Leistungsanspr\u00fcchen. Dieser Schuh bietet eine weiche, st\u00fctzende Passform und ein elegantes, modernes Design, das sich m\u00fchelos vom Fitnessstudio bis zur Freizeit tragen l\u00e4sst.<\/p>\n<p>Dank fortschrittlicher D\u00e4mpfung und reaktionsfreudiger Technologie bietet er ein geschmeidiges Laufgef\u00fchl, egal ob Sie lange Spazierg\u00e4nge unternehmen, leicht joggen oder den Anforderungen des Tages gerecht werden. Das atmungsaktive Obermaterial sorgt f\u00fcr ganzt\u00e4gigen Tragekomfort, w\u00e4hrend die strapazierf\u00e4hige Au\u00dfensohle hervorragende Traktion auf verschiedenen Untergr\u00fcnden bietet. Der Nike Motiva SE wurde mit viel Liebe zum Detail entwickelt, um sowohl deine Fitnessziele als auch deine modische Garderobe perfekt zu erg\u00e4nzen. Er ist die ultimative Wahl f\u00fcr Frauen, die keine Kompromisse bei Qualit\u00e4t, Vielseitigkeit oder Eleganz eingehen wollen.<\/p>\n<ul>\n<li><strong>Farbgebung:<\/strong> Phantom\/Hydrangea\/Glacier Blue\/Metallic Pewter<\/li>\n<li><strong>Style-Code:<\/strong> HJ6209-001<\/li>\n<li><strong>Obermaterial:<\/strong> Mesh<\/li>\n<li><strong>Mittelsohle:<\/strong> Cushlon 3.0<\/li>\n<li><strong>Farbe:<\/strong> Wei\u00df<\/li>\n<\/ul>\n","protected":false},"excerpt":{"rendered":"<p>Nike Motiva SE \u201d\u201d Phantom\/Hydrangea\/Glacier Blue\/Metallic Pewter<\/p>\n","protected":false},"featured_media":167194,"comment_status":"open","ping_status":"closed","template":"","meta":[],"product_brand":[],"product_cat":[10809],"product_tag":[10750,10751,10801,10802,10758,11800],"class_list":{"0":"post-167193","1":"product","2":"type-product","3":"status-publish","4":"has-post-thumbnail","6":"product_cat-nike-women","7":"product_tag-athleisure-shoes","8":"product_tag-best-seller","9":"product_tag-nike","10":"product_tag-performance-sport-shoes","11":"product_tag-under-retail","12":"product_tag-walking-shoes","13":"wcpa_has_options","15":"first","16":"outofstock","17":"taxable","18":"shipping-taxable","19":"purchasable","20":"product-type-simple"},"wcpa_form_fields":{"rules":{"pric_overide_base_price":false,"pric_overide_base_price_if_gt_zero":false,"pric_overide_base_price_fully":false,"pric_cal_option_once":false,"pric_use_as_fee":false,"bind_quantity":false,"quantity_bind_formula":false},"fields":[{"type":"color-group","required":true,"elementId":"wcpa-color-group-66c4a75505e74","label":"Gr\u00f6\u00dfe - EU Gr\u00f6\u00dfe","inline":true,"priceOptions":"different_for_all","pricingType":"fixed","className":"hassizechart product-shoes-size-eu product-shoes-size","name":"color-group-66c4a75505e89","disp_type":"square","selection_type":"tick-border","disp_size":"44","show_label_inside":true,"adjust_width":true,"cart_display_type":"text","other_text":"Other","cl_rule":"show","col":6,"values":[{"label":"35.5","value":"EU 35.5","price":"","pimage":"","pimage_id":"","pthumb":"","color":""},{"label":"36","value":"EU 36","price":"","pimage":"","pimage_id":"","pthumb":"","color":"","selected":true},{"label":"36.5","value":"EU 36.5","price":"","pimage":"","pimage_id":"","pthumb":"","color":""},{"label":"37.5","value":"EU 37.5","price":"","pimage":"","pimage_id":"","pthumb":"","color":""},{"label":"38","value":"EU 38","price":"","pimage":"","pimage_id":"","pthumb":"","color":""},{"label":"38.5","value":"EU 38.5","price":"","pimage":"","pimage_id":"","pthumb":"","color":""},{"label":"39","value":"EU 39","price":"","pimage":"","pimage_id":"","pthumb":"","color":""},{"label":"40","value":"EU 40","price":"","pimage":"","pimage_id":"","pthumb":"","color":""},{"label":"40.5","value":"EU 40.5","price":"","pimage":"","pimage_id":"","pthumb":"","color":""},{"label":"41","value":"EU 41","price":"","pimage":"","pimage_id":"","pthumb":"","color":""},{"label":"42","value":"EU 42","price":"","pimage":"","pimage_id":"","pthumb":"","color":""},{"label":"42.5","value":"EU 42.5","price":"","pimage":"","pimage_id":"","pthumb":"","color":""},{"label":"43","value":"EU 43","price":"","pimage":"","pimage_id":"","pthumb":"","color":""},{"label":"44","value":"EU 44","price":"","pimage":"","pimage_id":"","pthumb":"","color":""},{"label":"44.5","value":"EU 44.5","price":"","pimage":"","pimage_id":"","pthumb":"","color":""},{"label":"45","value":"EU 45","price":"","pimage":"","pimage_id":"","pthumb":"","color":""},{"label":"45.5","value":"EU 45.5","price":"","pimage":"","pimage_id":"","pthumb":"","color":""},{"label":"46","value":"EU 46","price":"","pimage":"","pimage_id":"","pthumb":"","color":""},{"label":"47","value":"EU 47","price":"","pimage":"","pimage_id":"","pthumb":"","color":""},{"label":"47.5","value":"EU 47.5","price":"","pimage":"","pimage_id":"","pthumb":"","color":""},{"label":"48","value":"EU 48","price":"","pimage":"","pimage_id":"","pthumb":"","color":""}],"relations":[{"operator":false,"rules":[]}],"form_id":18106,"form_rules":{"pric_cal_option_once":false,"exclude_from_discount":false,"pric_use_as_fee":false,"fee_label":"Fee","render_after_acb":false,"disp_hide_options_price":false}}]},"yoast_head":"<!-- This site is optimized with the Yoast SEO plugin v26.5 - https:\/\/yoast.com\/wordpress\/plugins\/seo\/ -->\n<title>(Women) Nike Motiva SE &#039;Phantom Hydrangeas Glacier Blue&#039;  - Tourcruiser PTE. LTD<\/title>\n<meta name=\"robots\" content=\"index, follow, max-snippet:-1, max-image-preview:large, max-video-preview:-1\" \/>\n<link rel=\"canonical\" href=\"https:\/\/tourcruiser.com\/de\/products\/women-nike-motiva-se-phantom-hydrangeas-glacier-blue\/\" \/>\n<meta property=\"og:locale\" content=\"de_DE\" \/>\n<meta property=\"og:type\" content=\"article\" \/>\n<meta property=\"og:title\" content=\"(Women) Nike Motiva SE &#039;Phantom Hydrangeas Glacier Blue&#039;  - Tourcruiser PTE. LTD\" \/>\n<meta property=\"og:description\" content=\"Nike Motiva SE \u201d\u201d Phantom\/Hydrangea\/Glacier Blue\/Metallic Pewter\" \/>\n<meta property=\"og:url\" content=\"https:\/\/tourcruiser.com\/de\/products\/women-nike-motiva-se-phantom-hydrangeas-glacier-blue\/\" \/>\n<meta property=\"og:site_name\" content=\"Tourcruiser Sneaker Store\" \/>\n<meta property=\"article:modified_time\" content=\"2026-03-27T18:35:24+00:00\" \/>\n<meta name=\"twitter:card\" content=\"summary_large_image\" \/>\n<meta name=\"twitter:image\" content=\"https:\/\/images.novelship.com\/product\/_women__nike_motiva_se_hj6209-001_0_96909.png;https:\/\/images.novelship.com\/product\/_women__nike_motiva_se_hj6209-001_1_96909.png;https:\/\/images.novelship.com\/product\/_women__nike_motiva_se_hj6209-001_2_96909.png;https:\/\/images.novelship.com\/product\/_women__nike_motiva_se_hj6209-001_3_96909.png;https:\/\/images.novelship.com\/product\/_women__nike_motiva_se_hj6209-001_4_96909.png;https:\/\/images.novelship.com\/product\/_women__nike_motiva_se_hj6209-001_5_96909.png;https:\/\/images.novelship.com\/product\/_women__nike_motiva_se_hj6209-001_6_96909.png;https:\/\/images.novelship.com\/product\/_women__nike_motiva_se_hj6209-001_7_96909.png\" \/>\n<meta name=\"twitter:label1\" content=\"Gesch\u00e4tzte Lesezeit\" \/>\n\t<meta name=\"twitter:data1\" content=\"1\u00a0Minute\" \/>\n<script type=\"application\/ld+json\" class=\"yoast-schema-graph\">{\"@context\":\"https:\/\/schema.org\",\"@graph\":[{\"@type\":\"WebPage\",\"@id\":\"https:\/\/tourcruiser.com\/de\/products\/women-nike-motiva-se-phantom-hydrangeas-glacier-blue\/\",\"url\":\"https:\/\/tourcruiser.com\/de\/products\/women-nike-motiva-se-phantom-hydrangeas-glacier-blue\/\",\"name\":\"(Women) Nike Motiva SE 'Phantom Hydrangeas Glacier Blue' - Tourcruiser PTE. LTD\",\"isPartOf\":{\"@id\":\"https:\/\/tourcruiser.com\/de\/#website\"},\"primaryImageOfPage\":{\"@id\":\"https:\/\/tourcruiser.com\/de\/products\/women-nike-motiva-se-phantom-hydrangeas-glacier-blue\/#primaryimage\"},\"image\":{\"@id\":\"https:\/\/tourcruiser.com\/de\/products\/women-nike-motiva-se-phantom-hydrangeas-glacier-blue\/#primaryimage\"},\"thumbnailUrl\":\"https:\/\/images.novelship.com\/product\/_women__nike_motiva_se_hj6209-001_0_96909.png;https:\/\/images.novelship.com\/product\/_women__nike_motiva_se_hj6209-001_1_96909.png;https:\/\/images.novelship.com\/product\/_women__nike_motiva_se_hj6209-001_2_96909.png;https:\/\/images.novelship.com\/product\/_women__nike_motiva_se_hj6209-001_3_96909.png;https:\/\/images.novelship.com\/product\/_women__nike_motiva_se_hj6209-001_4_96909.png;https:\/\/images.novelship.com\/product\/_women__nike_motiva_se_hj6209-001_5_96909.png;https:\/\/images.novelship.com\/product\/_women__nike_motiva_se_hj6209-001_6_96909.png;https:\/\/images.novelship.com\/product\/_women__nike_motiva_se_hj6209-001_7_96909.png\",\"datePublished\":\"2026-03-02T09:16:19+00:00\",\"dateModified\":\"2026-03-27T18:35:24+00:00\",\"breadcrumb\":{\"@id\":\"https:\/\/tourcruiser.com\/de\/products\/women-nike-motiva-se-phantom-hydrangeas-glacier-blue\/#breadcrumb\"},\"inLanguage\":\"de\",\"potentialAction\":[{\"@type\":\"ReadAction\",\"target\":[\"https:\/\/tourcruiser.com\/de\/products\/women-nike-motiva-se-phantom-hydrangeas-glacier-blue\/\"]}]},{\"@type\":\"ImageObject\",\"inLanguage\":\"de\",\"@id\":\"https:\/\/tourcruiser.com\/de\/products\/women-nike-motiva-se-phantom-hydrangeas-glacier-blue\/#primaryimage\",\"url\":\"https:\/\/images.novelship.com\/product\/_women__nike_motiva_se_hj6209-001_0_96909.png;https:\/\/images.novelship.com\/product\/_women__nike_motiva_se_hj6209-001_1_96909.png;https:\/\/images.novelship.com\/product\/_women__nike_motiva_se_hj6209-001_2_96909.png;https:\/\/images.novelship.com\/product\/_women__nike_motiva_se_hj6209-001_3_96909.png;https:\/\/images.novelship.com\/product\/_women__nike_motiva_se_hj6209-001_4_96909.png;https:\/\/images.novelship.com\/product\/_women__nike_motiva_se_hj6209-001_5_96909.png;https:\/\/images.novelship.com\/product\/_women__nike_motiva_se_hj6209-001_6_96909.png;https:\/\/images.novelship.com\/product\/_women__nike_motiva_se_hj6209-001_7_96909.png\",\"contentUrl\":\"https:\/\/images.novelship.com\/product\/_women__nike_motiva_se_hj6209-001_0_96909.png;https:\/\/images.novelship.com\/product\/_women__nike_motiva_se_hj6209-001_1_96909.png;https:\/\/images.novelship.com\/product\/_women__nike_motiva_se_hj6209-001_2_96909.png;https:\/\/images.novelship.com\/product\/_women__nike_motiva_se_hj6209-001_3_96909.png;https:\/\/images.novelship.com\/product\/_women__nike_motiva_se_hj6209-001_4_96909.png;https:\/\/images.novelship.com\/product\/_women__nike_motiva_se_hj6209-001_5_96909.png;https:\/\/images.novelship.com\/product\/_women__nike_motiva_se_hj6209-001_6_96909.png;https:\/\/images.novelship.com\/product\/_women__nike_motiva_se_hj6209-001_7_96909.png\"},{\"@type\":\"BreadcrumbList\",\"@id\":\"https:\/\/tourcruiser.com\/de\/products\/women-nike-motiva-se-phantom-hydrangeas-glacier-blue\/#breadcrumb\",\"itemListElement\":[{\"@type\":\"ListItem\",\"position\":1,\"name\":\"Home\",\"item\":\"https:\/\/tourcruiser.com\/de\/\"},{\"@type\":\"ListItem\",\"position\":2,\"name\":\"Shop\",\"item\":\"https:\/\/tourcruiser.com\/de\/shop\/\"},{\"@type\":\"ListItem\",\"position\":3,\"name\":\"(Women) Nike Motiva SE 'Phantom Hydrangeas Glacier Blue'\"}]},{\"@type\":\"WebSite\",\"@id\":\"https:\/\/tourcruiser.com\/de\/#website\",\"url\":\"https:\/\/tourcruiser.com\/de\/\",\"name\":\"Styloral Jewelry Shop\",\"description\":\"Tourcruiser Sneaker Store \u2014 der Ort, an dem das Universum deine Einzigartigkeit trifft.\",\"publisher\":{\"@id\":\"https:\/\/tourcruiser.com\/de\/#organization\"},\"potentialAction\":[{\"@type\":\"SearchAction\",\"target\":{\"@type\":\"EntryPoint\",\"urlTemplate\":\"https:\/\/tourcruiser.com\/de\/?s={search_term_string}\"},\"query-input\":{\"@type\":\"PropertyValueSpecification\",\"valueRequired\":true,\"valueName\":\"search_term_string\"}}],\"inLanguage\":\"de\"},{\"@type\":\"Organization\",\"@id\":\"https:\/\/tourcruiser.com\/de\/#organization\",\"name\":\"STYLORAL PTE. LTD\",\"url\":\"https:\/\/tourcruiser.com\/de\/\",\"logo\":{\"@type\":\"ImageObject\",\"inLanguage\":\"de\",\"@id\":\"https:\/\/tourcruiser.com\/de\/#\/schema\/logo\/image\/\",\"url\":\"https:\/\/www.tourcruiser.com\/wp-content\/uploads\/2025\/12\/logo.png\",\"contentUrl\":\"https:\/\/www.tourcruiser.com\/wp-content\/uploads\/2025\/12\/logo.png\",\"width\":200,\"height\":65,\"caption\":\"STYLORAL PTE. LTD\"},\"image\":{\"@id\":\"https:\/\/tourcruiser.com\/de\/#\/schema\/logo\/image\/\"}}]}<\/script>\n<!-- \/ Yoast SEO plugin. -->","yoast_head_json":{"title":"(Women) Nike Motiva SE 'Phantom Hydrangeas Glacier Blue'  - Tourcruiser PTE. LTD","robots":{"index":"index","follow":"follow","max-snippet":"max-snippet:-1","max-image-preview":"max-image-preview:large","max-video-preview":"max-video-preview:-1"},"canonical":"https:\/\/tourcruiser.com\/de\/products\/women-nike-motiva-se-phantom-hydrangeas-glacier-blue\/","og_locale":"de_DE","og_type":"article","og_title":"(Women) Nike Motiva SE 'Phantom Hydrangeas Glacier Blue'  - Tourcruiser PTE. LTD","og_description":"Nike Motiva SE \u201d\u201d Phantom\/Hydrangea\/Glacier Blue\/Metallic Pewter","og_url":"https:\/\/tourcruiser.com\/de\/products\/women-nike-motiva-se-phantom-hydrangeas-glacier-blue\/","og_site_name":"Tourcruiser Sneaker Store","article_modified_time":"2026-03-27T18:35:24+00:00","twitter_card":"summary_large_image","twitter_image":"https:\/\/images.novelship.com\/product\/_women__nike_motiva_se_hj6209-001_0_96909.png;https:\/\/images.novelship.com\/product\/_women__nike_motiva_se_hj6209-001_1_96909.png;https:\/\/images.novelship.com\/product\/_women__nike_motiva_se_hj6209-001_2_96909.png;https:\/\/images.novelship.com\/product\/_women__nike_motiva_se_hj6209-001_3_96909.png;https:\/\/images.novelship.com\/product\/_women__nike_motiva_se_hj6209-001_4_96909.png;https:\/\/images.novelship.com\/product\/_women__nike_motiva_se_hj6209-001_5_96909.png;https:\/\/images.novelship.com\/product\/_women__nike_motiva_se_hj6209-001_6_96909.png;https:\/\/images.novelship.com\/product\/_women__nike_motiva_se_hj6209-001_7_96909.png","twitter_misc":{"Gesch\u00e4tzte Lesezeit":"1\u00a0Minute"},"schema":{"@context":"https:\/\/schema.org","@graph":[{"@type":"WebPage","@id":"https:\/\/tourcruiser.com\/de\/products\/women-nike-motiva-se-phantom-hydrangeas-glacier-blue\/","url":"https:\/\/tourcruiser.com\/de\/products\/women-nike-motiva-se-phantom-hydrangeas-glacier-blue\/","name":"(Women) Nike Motiva SE 'Phantom Hydrangeas Glacier Blue' - Tourcruiser PTE. LTD","isPartOf":{"@id":"https:\/\/tourcruiser.com\/de\/#website"},"primaryImageOfPage":{"@id":"https:\/\/tourcruiser.com\/de\/products\/women-nike-motiva-se-phantom-hydrangeas-glacier-blue\/#primaryimage"},"image":{"@id":"https:\/\/tourcruiser.com\/de\/products\/women-nike-motiva-se-phantom-hydrangeas-glacier-blue\/#primaryimage"},"thumbnailUrl":"https:\/\/images.novelship.com\/product\/_women__nike_motiva_se_hj6209-001_0_96909.png;https:\/\/images.novelship.com\/product\/_women__nike_motiva_se_hj6209-001_1_96909.png;https:\/\/images.novelship.com\/product\/_women__nike_motiva_se_hj6209-001_2_96909.png;https:\/\/images.novelship.com\/product\/_women__nike_motiva_se_hj6209-001_3_96909.png;https:\/\/images.novelship.com\/product\/_women__nike_motiva_se_hj6209-001_4_96909.png;https:\/\/images.novelship.com\/product\/_women__nike_motiva_se_hj6209-001_5_96909.png;https:\/\/images.novelship.com\/product\/_women__nike_motiva_se_hj6209-001_6_96909.png;https:\/\/images.novelship.com\/product\/_women__nike_motiva_se_hj6209-001_7_96909.png","datePublished":"2026-03-02T09:16:19+00:00","dateModified":"2026-03-27T18:35:24+00:00","breadcrumb":{"@id":"https:\/\/tourcruiser.com\/de\/products\/women-nike-motiva-se-phantom-hydrangeas-glacier-blue\/#breadcrumb"},"inLanguage":"de","potentialAction":[{"@type":"ReadAction","target":["https:\/\/tourcruiser.com\/de\/products\/women-nike-motiva-se-phantom-hydrangeas-glacier-blue\/"]}]},{"@type":"ImageObject","inLanguage":"de","@id":"https:\/\/tourcruiser.com\/de\/products\/women-nike-motiva-se-phantom-hydrangeas-glacier-blue\/#primaryimage","url":"https:\/\/images.novelship.com\/product\/_women__nike_motiva_se_hj6209-001_0_96909.png;https:\/\/images.novelship.com\/product\/_women__nike_motiva_se_hj6209-001_1_96909.png;https:\/\/images.novelship.com\/product\/_women__nike_motiva_se_hj6209-001_2_96909.png;https:\/\/images.novelship.com\/product\/_women__nike_motiva_se_hj6209-001_3_96909.png;https:\/\/images.novelship.com\/product\/_women__nike_motiva_se_hj6209-001_4_96909.png;https:\/\/images.novelship.com\/product\/_women__nike_motiva_se_hj6209-001_5_96909.png;https:\/\/images.novelship.com\/product\/_women__nike_motiva_se_hj6209-001_6_96909.png;https:\/\/images.novelship.com\/product\/_women__nike_motiva_se_hj6209-001_7_96909.png","contentUrl":"https:\/\/images.novelship.com\/product\/_women__nike_motiva_se_hj6209-001_0_96909.png;https:\/\/images.novelship.com\/product\/_women__nike_motiva_se_hj6209-001_1_96909.png;https:\/\/images.novelship.com\/product\/_women__nike_motiva_se_hj6209-001_2_96909.png;https:\/\/images.novelship.com\/product\/_women__nike_motiva_se_hj6209-001_3_96909.png;https:\/\/images.novelship.com\/product\/_women__nike_motiva_se_hj6209-001_4_96909.png;https:\/\/images.novelship.com\/product\/_women__nike_motiva_se_hj6209-001_5_96909.png;https:\/\/images.novelship.com\/product\/_women__nike_motiva_se_hj6209-001_6_96909.png;https:\/\/images.novelship.com\/product\/_women__nike_motiva_se_hj6209-001_7_96909.png"},{"@type":"BreadcrumbList","@id":"https:\/\/tourcruiser.com\/de\/products\/women-nike-motiva-se-phantom-hydrangeas-glacier-blue\/#breadcrumb","itemListElement":[{"@type":"ListItem","position":1,"name":"Home","item":"https:\/\/tourcruiser.com\/de\/"},{"@type":"ListItem","position":2,"name":"Shop","item":"https:\/\/tourcruiser.com\/de\/shop\/"},{"@type":"ListItem","position":3,"name":"(Women) Nike Motiva SE 'Phantom Hydrangeas Glacier Blue'"}]},{"@type":"WebSite","@id":"https:\/\/tourcruiser.com\/de\/#website","url":"https:\/\/tourcruiser.com\/de\/","name":"Styloral Jewelry Shop","description":"Tourcruiser Sneaker Store \u2014 der Ort, an dem das Universum deine Einzigartigkeit trifft.","publisher":{"@id":"https:\/\/tourcruiser.com\/de\/#organization"},"potentialAction":[{"@type":"SearchAction","target":{"@type":"EntryPoint","urlTemplate":"https:\/\/tourcruiser.com\/de\/?s={search_term_string}"},"query-input":{"@type":"PropertyValueSpecification","valueRequired":true,"valueName":"search_term_string"}}],"inLanguage":"de"},{"@type":"Organization","@id":"https:\/\/tourcruiser.com\/de\/#organization","name":"STYLORAL PTE. LTD","url":"https:\/\/tourcruiser.com\/de\/","logo":{"@type":"ImageObject","inLanguage":"de","@id":"https:\/\/tourcruiser.com\/de\/#\/schema\/logo\/image\/","url":"https:\/\/www.tourcruiser.com\/wp-content\/uploads\/2025\/12\/logo.png","contentUrl":"https:\/\/www.tourcruiser.com\/wp-content\/uploads\/2025\/12\/logo.png","width":200,"height":65,"caption":"STYLORAL PTE. LTD"},"image":{"@id":"https:\/\/tourcruiser.com\/de\/#\/schema\/logo\/image\/"}}]}},"_links":{"self":[{"href":"https:\/\/tourcruiser.com\/de\/wp-json\/wp\/v2\/product\/167193","targetHints":{"allow":["GET"]}}],"collection":[{"href":"https:\/\/tourcruiser.com\/de\/wp-json\/wp\/v2\/product"}],"about":[{"href":"https:\/\/tourcruiser.com\/de\/wp-json\/wp\/v2\/types\/product"}],"replies":[{"embeddable":true,"href":"https:\/\/tourcruiser.com\/de\/wp-json\/wp\/v2\/comments?post=167193"}],"wp:featuredmedia":[{"embeddable":true,"href":"https:\/\/tourcruiser.com\/de\/wp-json\/wp\/v2\/media\/167194"}],"wp:attachment":[{"href":"https:\/\/tourcruiser.com\/de\/wp-json\/wp\/v2\/media?parent=167193"}],"wp:term":[{"taxonomy":"product_brand","embeddable":true,"href":"https:\/\/tourcruiser.com\/de\/wp-json\/wp\/v2\/product_brand?post=167193"},{"taxonomy":"product_cat","embeddable":true,"href":"https:\/\/tourcruiser.com\/de\/wp-json\/wp\/v2\/product_cat?post=167193"},{"taxonomy":"product_tag","embeddable":true,"href":"https:\/\/tourcruiser.com\/de\/wp-json\/wp\/v2\/product_tag?post=167193"}],"curies":[{"name":"wp","href":"https:\/\/api.w.org\/{rel}","templated":true}]}}