{"id":16712,"date":"2026-02-20T15:07:10","date_gmt":"2026-02-20T08:07:10","guid":{"rendered":"http:\/\/tourcruiser.com\/product\/knwls-x-nike-wmns-air-max-muse-ballet-beige-chalk-ii3669-200"},"modified":"2026-03-17T10:31:42","modified_gmt":"2026-03-17T03:31:42","slug":"knwls-x-nike-wmns-air-max-muse-ballet-beige-chalk-ii3669-200","status":"publish","type":"product","link":"https:\/\/tourcruiser.com\/de\/products\/knwls-x-nike-wmns-air-max-muse-ballet-beige-chalk-ii3669-200\/","title":{"rendered":"Nike KNWLS x Wmns Air Max Muse Ballet &#8218;Beige Chalk&#8216;"},"content":{"rendered":"<p>Der KNWLS x Nike Air Max Muse \u201eBeige Chalk\u201c vereint High-Fashion-\u00c4sthetik mit innovativer Sneaker-Technologie und setzt damit ein klares und vielseitiges Statement. Das elegante Beige-Kreide-Design definiert sportliche Eleganz neu und bietet dank der charakteristischen Air Max-D\u00e4mpfung h\u00f6chsten Tragekomfort und optimale Reaktionsf\u00e4higkeit. Die hochwertigen Materialien und die raffinierten Details tragen die unverkennbare Handschrift von KNWLS und machen den Schuh zur perfekten Wahl f\u00fcr alle, die Wert auf Stil und Performance legen. Dieser Schuh wurde f\u00fcr Frauen mit Individualit\u00e4t entworfen und ist sowohl ein trendiges Accessoire als auch ein funktionales Meisterwerk, das sowohl l\u00e4ssige als auch sportliche Looks m\u00fchelos aufwertet.<\/p>\n<ul>\n<li><strong>Farbgebung:<\/strong> Beige\/Kreide<\/li>\n<li><strong>Artikelnummer:<\/strong> II3669-200<\/li>\n<li><strong>Obermaterial:<\/strong> Synthetik<\/li>\n<li><strong>Zwischensohle:<\/strong> Air<\/li>\n<li><strong>Farbe:<\/strong> Beige<\/li>\n<li><strong>Saison:<\/strong> Herbst<\/li>\n<li><strong>Erscheinungsjahr:<\/strong> 2025<\/li>\n<\/ul>\n","protected":false},"excerpt":{"rendered":"<p>Nike Air Max Muse \u2014 Beige\/Chalk<\/p>\n","protected":false},"featured_media":16713,"comment_status":"open","ping_status":"closed","template":"","meta":[],"product_brand":[],"product_cat":[6654],"product_tag":[],"class_list":{"0":"post-16712","1":"product","2":"type-product","3":"status-publish","4":"has-post-thumbnail","6":"product_cat-nike-2026","7":"wcpa_has_options","9":"first","10":"outofstock","11":"taxable","12":"shipping-taxable","13":"purchasable","14":"product-type-simple"},"wcpa_form_fields":{"rules":{"pric_overide_base_price":false,"pric_overide_base_price_if_gt_zero":false,"pric_overide_base_price_fully":false,"pric_cal_option_once":false,"pric_use_as_fee":false,"bind_quantity":false,"quantity_bind_formula":false},"fields":[{"type":"color-group","required":true,"elementId":"wcpa-color-group-66c4a75505e74","label":"Gr\u00f6\u00dfe - EU Gr\u00f6\u00dfe","inline":true,"priceOptions":"different_for_all","pricingType":"fixed","className":"hassizechart product-shoes-size-eu product-shoes-size","name":"color-group-66c4a75505e89","disp_type":"square","selection_type":"tick-border","disp_size":"44","show_label_inside":true,"adjust_width":true,"cart_display_type":"text","other_text":"Other","cl_rule":"show","col":6,"values":[{"label":"35.5","value":"EU 35.5","price":"","pimage":"","pimage_id":"","pthumb":"","color":""},{"label":"36","value":"EU 36","price":"","pimage":"","pimage_id":"","pthumb":"","color":"","selected":true},{"label":"36.5","value":"EU 36.5","price":"","pimage":"","pimage_id":"","pthumb":"","color":""},{"label":"37.5","value":"EU 37.5","price":"","pimage":"","pimage_id":"","pthumb":"","color":""},{"label":"38","value":"EU 38","price":"","pimage":"","pimage_id":"","pthumb":"","color":""},{"label":"38.5","value":"EU 38.5","price":"","pimage":"","pimage_id":"","pthumb":"","color":""},{"label":"39","value":"EU 39","price":"","pimage":"","pimage_id":"","pthumb":"","color":""},{"label":"40","value":"EU 40","price":"","pimage":"","pimage_id":"","pthumb":"","color":""},{"label":"40.5","value":"EU 40.5","price":"","pimage":"","pimage_id":"","pthumb":"","color":""},{"label":"41","value":"EU 41","price":"","pimage":"","pimage_id":"","pthumb":"","color":""},{"label":"42","value":"EU 42","price":"","pimage":"","pimage_id":"","pthumb":"","color":""},{"label":"42.5","value":"EU 42.5","price":"","pimage":"","pimage_id":"","pthumb":"","color":""},{"label":"43","value":"EU 43","price":"","pimage":"","pimage_id":"","pthumb":"","color":""},{"label":"44","value":"EU 44","price":"","pimage":"","pimage_id":"","pthumb":"","color":""},{"label":"44.5","value":"EU 44.5","price":"","pimage":"","pimage_id":"","pthumb":"","color":""},{"label":"45","value":"EU 45","price":"","pimage":"","pimage_id":"","pthumb":"","color":""},{"label":"45.5","value":"EU 45.5","price":"","pimage":"","pimage_id":"","pthumb":"","color":""},{"label":"46","value":"EU 46","price":"","pimage":"","pimage_id":"","pthumb":"","color":""},{"label":"47","value":"EU 47","price":"","pimage":"","pimage_id":"","pthumb":"","color":""},{"label":"47.5","value":"EU 47.5","price":"","pimage":"","pimage_id":"","pthumb":"","color":""},{"label":"48","value":"EU 48","price":"","pimage":"","pimage_id":"","pthumb":"","color":""}],"relations":[{"operator":false,"rules":[]}],"form_id":18106,"form_rules":{"pric_cal_option_once":false,"exclude_from_discount":false,"pric_use_as_fee":false,"fee_label":"Fee","render_after_acb":false,"disp_hide_options_price":false}}]},"yoast_head":"<!-- This site is optimized with the Yoast SEO plugin v26.5 - https:\/\/yoast.com\/wordpress\/plugins\/seo\/ -->\n<title>Nike KNWLS x Wmns Air Max Muse Ballet &#039;Beige Chalk&#039; - Tourcruiser PTE. LTD<\/title>\n<meta name=\"robots\" content=\"index, follow, max-snippet:-1, max-image-preview:large, max-video-preview:-1\" \/>\n<link rel=\"canonical\" href=\"https:\/\/tourcruiser.com\/de\/products\/knwls-x-nike-wmns-air-max-muse-ballet-beige-chalk-ii3669-200\/\" \/>\n<meta property=\"og:locale\" content=\"de_DE\" \/>\n<meta property=\"og:type\" content=\"article\" \/>\n<meta property=\"og:title\" content=\"Nike KNWLS x Wmns Air Max Muse Ballet &#039;Beige Chalk&#039; - Tourcruiser PTE. LTD\" \/>\n<meta property=\"og:description\" content=\"Nike Air Max Muse \u2014 Beige\/Chalk\" \/>\n<meta property=\"og:url\" content=\"https:\/\/tourcruiser.com\/de\/products\/knwls-x-nike-wmns-air-max-muse-ballet-beige-chalk-ii3669-200\/\" \/>\n<meta property=\"og:site_name\" content=\"Tourcruiser Sneaker Store\" \/>\n<meta property=\"article:modified_time\" content=\"2026-03-17T03:31:42+00:00\" \/>\n<meta name=\"twitter:card\" content=\"summary_large_image\" \/>\n<meta name=\"twitter:image\" content=\"https:\/\/images.novelship.com\/product\/_women__knwls_x_nike_air_max_muse__beige_chalk__ii_0_44418.jpeg\" \/>\n<meta name=\"twitter:label1\" content=\"Gesch\u00e4tzte Lesezeit\" \/>\n\t<meta name=\"twitter:data1\" content=\"1\u00a0Minute\" \/>\n<script type=\"application\/ld+json\" class=\"yoast-schema-graph\">{\"@context\":\"https:\/\/schema.org\",\"@graph\":[{\"@type\":\"WebPage\",\"@id\":\"https:\/\/tourcruiser.com\/de\/products\/knwls-x-nike-wmns-air-max-muse-ballet-beige-chalk-ii3669-200\/\",\"url\":\"https:\/\/tourcruiser.com\/de\/products\/knwls-x-nike-wmns-air-max-muse-ballet-beige-chalk-ii3669-200\/\",\"name\":\"Nike KNWLS x Wmns Air Max Muse Ballet 'Beige Chalk' - Tourcruiser PTE. LTD\",\"isPartOf\":{\"@id\":\"https:\/\/tourcruiser.com\/de\/#website\"},\"primaryImageOfPage\":{\"@id\":\"https:\/\/tourcruiser.com\/de\/products\/knwls-x-nike-wmns-air-max-muse-ballet-beige-chalk-ii3669-200\/#primaryimage\"},\"image\":{\"@id\":\"https:\/\/tourcruiser.com\/de\/products\/knwls-x-nike-wmns-air-max-muse-ballet-beige-chalk-ii3669-200\/#primaryimage\"},\"thumbnailUrl\":\"https:\/\/images.novelship.com\/product\/_women__knwls_x_nike_air_max_muse__beige_chalk__ii_0_44418.jpeg\",\"datePublished\":\"2026-02-20T08:07:10+00:00\",\"dateModified\":\"2026-03-17T03:31:42+00:00\",\"breadcrumb\":{\"@id\":\"https:\/\/tourcruiser.com\/de\/products\/knwls-x-nike-wmns-air-max-muse-ballet-beige-chalk-ii3669-200\/#breadcrumb\"},\"inLanguage\":\"de\",\"potentialAction\":[{\"@type\":\"ReadAction\",\"target\":[\"https:\/\/tourcruiser.com\/de\/products\/knwls-x-nike-wmns-air-max-muse-ballet-beige-chalk-ii3669-200\/\"]}]},{\"@type\":\"ImageObject\",\"inLanguage\":\"de\",\"@id\":\"https:\/\/tourcruiser.com\/de\/products\/knwls-x-nike-wmns-air-max-muse-ballet-beige-chalk-ii3669-200\/#primaryimage\",\"url\":\"https:\/\/images.novelship.com\/product\/_women__knwls_x_nike_air_max_muse__beige_chalk__ii_0_44418.jpeg\",\"contentUrl\":\"https:\/\/images.novelship.com\/product\/_women__knwls_x_nike_air_max_muse__beige_chalk__ii_0_44418.jpeg\"},{\"@type\":\"BreadcrumbList\",\"@id\":\"https:\/\/tourcruiser.com\/de\/products\/knwls-x-nike-wmns-air-max-muse-ballet-beige-chalk-ii3669-200\/#breadcrumb\",\"itemListElement\":[{\"@type\":\"ListItem\",\"position\":1,\"name\":\"Home\",\"item\":\"https:\/\/tourcruiser.com\/de\/\"},{\"@type\":\"ListItem\",\"position\":2,\"name\":\"Shop\",\"item\":\"https:\/\/tourcruiser.com\/de\/shop\/\"},{\"@type\":\"ListItem\",\"position\":3,\"name\":\"Nike KNWLS x Wmns Air Max Muse Ballet 'Beige Chalk'\"}]},{\"@type\":\"WebSite\",\"@id\":\"https:\/\/tourcruiser.com\/de\/#website\",\"url\":\"https:\/\/tourcruiser.com\/de\/\",\"name\":\"Styloral Jewelry Shop\",\"description\":\"Tourcruiser Sneaker Store \u2014 der Ort, an dem das Universum deine Einzigartigkeit trifft.\",\"publisher\":{\"@id\":\"https:\/\/tourcruiser.com\/de\/#organization\"},\"potentialAction\":[{\"@type\":\"SearchAction\",\"target\":{\"@type\":\"EntryPoint\",\"urlTemplate\":\"https:\/\/tourcruiser.com\/de\/?s={search_term_string}\"},\"query-input\":{\"@type\":\"PropertyValueSpecification\",\"valueRequired\":true,\"valueName\":\"search_term_string\"}}],\"inLanguage\":\"de\"},{\"@type\":\"Organization\",\"@id\":\"https:\/\/tourcruiser.com\/de\/#organization\",\"name\":\"STYLORAL PTE. LTD\",\"url\":\"https:\/\/tourcruiser.com\/de\/\",\"logo\":{\"@type\":\"ImageObject\",\"inLanguage\":\"de\",\"@id\":\"https:\/\/tourcruiser.com\/de\/#\/schema\/logo\/image\/\",\"url\":\"https:\/\/www.tourcruiser.com\/wp-content\/uploads\/2025\/12\/logo.png\",\"contentUrl\":\"https:\/\/www.tourcruiser.com\/wp-content\/uploads\/2025\/12\/logo.png\",\"width\":200,\"height\":65,\"caption\":\"STYLORAL PTE. LTD\"},\"image\":{\"@id\":\"https:\/\/tourcruiser.com\/de\/#\/schema\/logo\/image\/\"}}]}<\/script>\n<!-- \/ Yoast SEO plugin. -->","yoast_head_json":{"title":"Nike KNWLS x Wmns Air Max Muse Ballet 'Beige Chalk' - Tourcruiser PTE. LTD","robots":{"index":"index","follow":"follow","max-snippet":"max-snippet:-1","max-image-preview":"max-image-preview:large","max-video-preview":"max-video-preview:-1"},"canonical":"https:\/\/tourcruiser.com\/de\/products\/knwls-x-nike-wmns-air-max-muse-ballet-beige-chalk-ii3669-200\/","og_locale":"de_DE","og_type":"article","og_title":"Nike KNWLS x Wmns Air Max Muse Ballet 'Beige Chalk' - Tourcruiser PTE. LTD","og_description":"Nike Air Max Muse \u2014 Beige\/Chalk","og_url":"https:\/\/tourcruiser.com\/de\/products\/knwls-x-nike-wmns-air-max-muse-ballet-beige-chalk-ii3669-200\/","og_site_name":"Tourcruiser Sneaker Store","article_modified_time":"2026-03-17T03:31:42+00:00","twitter_card":"summary_large_image","twitter_image":"https:\/\/images.novelship.com\/product\/_women__knwls_x_nike_air_max_muse__beige_chalk__ii_0_44418.jpeg","twitter_misc":{"Gesch\u00e4tzte Lesezeit":"1\u00a0Minute"},"schema":{"@context":"https:\/\/schema.org","@graph":[{"@type":"WebPage","@id":"https:\/\/tourcruiser.com\/de\/products\/knwls-x-nike-wmns-air-max-muse-ballet-beige-chalk-ii3669-200\/","url":"https:\/\/tourcruiser.com\/de\/products\/knwls-x-nike-wmns-air-max-muse-ballet-beige-chalk-ii3669-200\/","name":"Nike KNWLS x Wmns Air Max Muse Ballet 'Beige Chalk' - Tourcruiser PTE. LTD","isPartOf":{"@id":"https:\/\/tourcruiser.com\/de\/#website"},"primaryImageOfPage":{"@id":"https:\/\/tourcruiser.com\/de\/products\/knwls-x-nike-wmns-air-max-muse-ballet-beige-chalk-ii3669-200\/#primaryimage"},"image":{"@id":"https:\/\/tourcruiser.com\/de\/products\/knwls-x-nike-wmns-air-max-muse-ballet-beige-chalk-ii3669-200\/#primaryimage"},"thumbnailUrl":"https:\/\/images.novelship.com\/product\/_women__knwls_x_nike_air_max_muse__beige_chalk__ii_0_44418.jpeg","datePublished":"2026-02-20T08:07:10+00:00","dateModified":"2026-03-17T03:31:42+00:00","breadcrumb":{"@id":"https:\/\/tourcruiser.com\/de\/products\/knwls-x-nike-wmns-air-max-muse-ballet-beige-chalk-ii3669-200\/#breadcrumb"},"inLanguage":"de","potentialAction":[{"@type":"ReadAction","target":["https:\/\/tourcruiser.com\/de\/products\/knwls-x-nike-wmns-air-max-muse-ballet-beige-chalk-ii3669-200\/"]}]},{"@type":"ImageObject","inLanguage":"de","@id":"https:\/\/tourcruiser.com\/de\/products\/knwls-x-nike-wmns-air-max-muse-ballet-beige-chalk-ii3669-200\/#primaryimage","url":"https:\/\/images.novelship.com\/product\/_women__knwls_x_nike_air_max_muse__beige_chalk__ii_0_44418.jpeg","contentUrl":"https:\/\/images.novelship.com\/product\/_women__knwls_x_nike_air_max_muse__beige_chalk__ii_0_44418.jpeg"},{"@type":"BreadcrumbList","@id":"https:\/\/tourcruiser.com\/de\/products\/knwls-x-nike-wmns-air-max-muse-ballet-beige-chalk-ii3669-200\/#breadcrumb","itemListElement":[{"@type":"ListItem","position":1,"name":"Home","item":"https:\/\/tourcruiser.com\/de\/"},{"@type":"ListItem","position":2,"name":"Shop","item":"https:\/\/tourcruiser.com\/de\/shop\/"},{"@type":"ListItem","position":3,"name":"Nike KNWLS x Wmns Air Max Muse Ballet 'Beige Chalk'"}]},{"@type":"WebSite","@id":"https:\/\/tourcruiser.com\/de\/#website","url":"https:\/\/tourcruiser.com\/de\/","name":"Styloral Jewelry Shop","description":"Tourcruiser Sneaker Store \u2014 der Ort, an dem das Universum deine Einzigartigkeit trifft.","publisher":{"@id":"https:\/\/tourcruiser.com\/de\/#organization"},"potentialAction":[{"@type":"SearchAction","target":{"@type":"EntryPoint","urlTemplate":"https:\/\/tourcruiser.com\/de\/?s={search_term_string}"},"query-input":{"@type":"PropertyValueSpecification","valueRequired":true,"valueName":"search_term_string"}}],"inLanguage":"de"},{"@type":"Organization","@id":"https:\/\/tourcruiser.com\/de\/#organization","name":"STYLORAL PTE. LTD","url":"https:\/\/tourcruiser.com\/de\/","logo":{"@type":"ImageObject","inLanguage":"de","@id":"https:\/\/tourcruiser.com\/de\/#\/schema\/logo\/image\/","url":"https:\/\/www.tourcruiser.com\/wp-content\/uploads\/2025\/12\/logo.png","contentUrl":"https:\/\/www.tourcruiser.com\/wp-content\/uploads\/2025\/12\/logo.png","width":200,"height":65,"caption":"STYLORAL PTE. LTD"},"image":{"@id":"https:\/\/tourcruiser.com\/de\/#\/schema\/logo\/image\/"}}]}},"_links":{"self":[{"href":"https:\/\/tourcruiser.com\/de\/wp-json\/wp\/v2\/product\/16712","targetHints":{"allow":["GET"]}}],"collection":[{"href":"https:\/\/tourcruiser.com\/de\/wp-json\/wp\/v2\/product"}],"about":[{"href":"https:\/\/tourcruiser.com\/de\/wp-json\/wp\/v2\/types\/product"}],"replies":[{"embeddable":true,"href":"https:\/\/tourcruiser.com\/de\/wp-json\/wp\/v2\/comments?post=16712"}],"wp:featuredmedia":[{"embeddable":true,"href":"https:\/\/tourcruiser.com\/de\/wp-json\/wp\/v2\/media\/16713"}],"wp:attachment":[{"href":"https:\/\/tourcruiser.com\/de\/wp-json\/wp\/v2\/media?parent=16712"}],"wp:term":[{"taxonomy":"product_brand","embeddable":true,"href":"https:\/\/tourcruiser.com\/de\/wp-json\/wp\/v2\/product_brand?post=16712"},{"taxonomy":"product_cat","embeddable":true,"href":"https:\/\/tourcruiser.com\/de\/wp-json\/wp\/v2\/product_cat?post=16712"},{"taxonomy":"product_tag","embeddable":true,"href":"https:\/\/tourcruiser.com\/de\/wp-json\/wp\/v2\/product_tag?post=16712"}],"curies":[{"name":"wp","href":"https:\/\/api.w.org\/{rel}","templated":true}]}}