{"id":16699,"date":"2026-02-20T15:07:08","date_gmt":"2026-02-20T08:07:08","guid":{"rendered":"http:\/\/tourcruiser.com\/product\/knwls-x-nike-wmns-air-max-muse-ballet-black-ii3670-001"},"modified":"2026-03-28T00:26:54","modified_gmt":"2026-03-27T17:26:54","slug":"knwls-x-nike-wmns-air-max-muse-ballet-black-ii3670-001","status":"publish","type":"product","link":"https:\/\/tourcruiser.com\/de\/products\/knwls-x-nike-wmns-air-max-muse-ballet-black-ii3670-001\/","title":{"rendered":"Nike KNWLS x Wmns Air Max Muse Ballet &#8218;Black&#8216;"},"content":{"rendered":"<p>Verleihe deinem Style mit dem KNWLS x Nike Air Max Muse Ballet &#8218;Black&#8216; ein Upgrade \u2013 einer innovativen Kollaboration, die High Fashion und Sportinnovation vereint. Diese exklusiv f\u00fcr Damen designten, markanten Sneaker kombinieren m\u00fchelos die elegante \u00c4sthetik von KNWLS mit dem unvergleichlichen Komfort und der Performance der Nike Air Max Technologie. Die moderne Silhouette in kr\u00e4ftigem Schwarz ist aus hochwertigen Materialien gefertigt und bietet die perfekte Balance aus Funktionalit\u00e4t und Luxus. Damit ist sie ideal f\u00fcr Freizeit und sportliche Aktivit\u00e4ten. Die leichte Konstruktion sorgt f\u00fcr maximale Bewegungsfreiheit, w\u00e4hrend die legend\u00e4re Nike Air D\u00e4mpfung ganzt\u00e4gigen Komfort und Halt bietet. Die raffinierten Details unterstreichen die Verschmelzung von avantgardistischem Design und klassischen Sneaker-Elementen und kreieren einen einzigartigen Look, der sich nahtlos in jedes Outfit einf\u00fcgt. Dieses limitierte Meisterwerk ist perfekt f\u00fcr Streetwear-Fans und Trendsetter und vielseitig genug, um sowohl im Alltag als auch bei besonderen Anl\u00e4ssen getragen zu werden. Der KNWLS x Nike Air Max Muse Ballet &#8218;Black&#8216; ist mehr als nur ein Schuh; Dieser Schuh ist ein modisches Statement, das Stil, Innovation und Selbstausdruck vereint. Sichern Sie sich die ultimative Kombination aus Eleganz und Funktionalit\u00e4t mit diesem exklusiven Design und setzen Sie neue Ma\u00dfst\u00e4be in der modernen Sneaker-Kultur f\u00fcr Frauen. Machen Sie sich bereit, Ihre Garderobe mit Selbstbewusstsein und Stil neu zu definieren.<\/p>\n<ul>\n<li><strong>Farbgebung:<\/strong> Schwarz\/Schwarz<\/li>\n<li><strong>Artikelnummer:<\/strong> II3670-001<\/li>\n<li><strong>Obermaterial:<\/strong> Synthetik<\/li>\n<li><strong>Zwischensohle:<\/strong> Air<\/li>\n<li><strong>Farbe:<\/strong> Schwarz<\/li>\n<li><strong>Saison:<\/strong> Herbst<\/li>\n<li><strong>Erscheinungsjahr:<\/strong> 2025<\/li>\n<\/ul>\n","protected":false},"excerpt":{"rendered":"<p>Nike Air Max Muse \u2014 Black\/Black<\/p>\n","protected":false},"featured_media":16700,"comment_status":"open","ping_status":"closed","template":"","meta":[],"product_brand":[],"product_cat":[6654],"product_tag":[],"class_list":{"0":"post-16699","1":"product","2":"type-product","3":"status-publish","4":"has-post-thumbnail","6":"product_cat-nike-2026","7":"wcpa_has_options","9":"first","10":"outofstock","11":"taxable","12":"shipping-taxable","13":"purchasable","14":"product-type-simple"},"wcpa_form_fields":{"rules":{"pric_overide_base_price":false,"pric_overide_base_price_if_gt_zero":false,"pric_overide_base_price_fully":false,"pric_cal_option_once":false,"pric_use_as_fee":false,"bind_quantity":false,"quantity_bind_formula":false},"fields":[{"type":"color-group","required":true,"elementId":"wcpa-color-group-66c4a75505e74","label":"Gr\u00f6\u00dfe - EU Gr\u00f6\u00dfe","inline":true,"priceOptions":"different_for_all","pricingType":"fixed","className":"hassizechart product-shoes-size-eu product-shoes-size","name":"color-group-66c4a75505e89","disp_type":"square","selection_type":"tick-border","disp_size":"44","show_label_inside":true,"adjust_width":true,"cart_display_type":"text","other_text":"Other","cl_rule":"show","col":6,"values":[{"label":"35.5","value":"EU 35.5","price":"","pimage":"","pimage_id":"","pthumb":"","color":""},{"label":"36","value":"EU 36","price":"","pimage":"","pimage_id":"","pthumb":"","color":"","selected":true},{"label":"36.5","value":"EU 36.5","price":"","pimage":"","pimage_id":"","pthumb":"","color":""},{"label":"37.5","value":"EU 37.5","price":"","pimage":"","pimage_id":"","pthumb":"","color":""},{"label":"38","value":"EU 38","price":"","pimage":"","pimage_id":"","pthumb":"","color":""},{"label":"38.5","value":"EU 38.5","price":"","pimage":"","pimage_id":"","pthumb":"","color":""},{"label":"39","value":"EU 39","price":"","pimage":"","pimage_id":"","pthumb":"","color":""},{"label":"40","value":"EU 40","price":"","pimage":"","pimage_id":"","pthumb":"","color":""},{"label":"40.5","value":"EU 40.5","price":"","pimage":"","pimage_id":"","pthumb":"","color":""},{"label":"41","value":"EU 41","price":"","pimage":"","pimage_id":"","pthumb":"","color":""},{"label":"42","value":"EU 42","price":"","pimage":"","pimage_id":"","pthumb":"","color":""},{"label":"42.5","value":"EU 42.5","price":"","pimage":"","pimage_id":"","pthumb":"","color":""},{"label":"43","value":"EU 43","price":"","pimage":"","pimage_id":"","pthumb":"","color":""},{"label":"44","value":"EU 44","price":"","pimage":"","pimage_id":"","pthumb":"","color":""},{"label":"44.5","value":"EU 44.5","price":"","pimage":"","pimage_id":"","pthumb":"","color":""},{"label":"45","value":"EU 45","price":"","pimage":"","pimage_id":"","pthumb":"","color":""},{"label":"45.5","value":"EU 45.5","price":"","pimage":"","pimage_id":"","pthumb":"","color":""},{"label":"46","value":"EU 46","price":"","pimage":"","pimage_id":"","pthumb":"","color":""},{"label":"47","value":"EU 47","price":"","pimage":"","pimage_id":"","pthumb":"","color":""},{"label":"47.5","value":"EU 47.5","price":"","pimage":"","pimage_id":"","pthumb":"","color":""},{"label":"48","value":"EU 48","price":"","pimage":"","pimage_id":"","pthumb":"","color":""}],"relations":[{"operator":false,"rules":[]}],"form_id":18106,"form_rules":{"pric_cal_option_once":false,"exclude_from_discount":false,"pric_use_as_fee":false,"fee_label":"Fee","render_after_acb":false,"disp_hide_options_price":false}}]},"yoast_head":"<!-- This site is optimized with the Yoast SEO plugin v26.5 - https:\/\/yoast.com\/wordpress\/plugins\/seo\/ -->\n<title>Nike KNWLS x Wmns Air Max Muse Ballet &#039;Black&#039; - Tourcruiser PTE. LTD<\/title>\n<meta name=\"robots\" content=\"index, follow, max-snippet:-1, max-image-preview:large, max-video-preview:-1\" \/>\n<link rel=\"canonical\" href=\"https:\/\/tourcruiser.com\/de\/products\/knwls-x-nike-wmns-air-max-muse-ballet-black-ii3670-001\/\" \/>\n<meta property=\"og:locale\" content=\"de_DE\" \/>\n<meta property=\"og:type\" content=\"article\" \/>\n<meta property=\"og:title\" content=\"Nike KNWLS x Wmns Air Max Muse Ballet &#039;Black&#039; - Tourcruiser PTE. LTD\" \/>\n<meta property=\"og:description\" content=\"Nike Air Max Muse \u2014 Black\/Black\" \/>\n<meta property=\"og:url\" content=\"https:\/\/tourcruiser.com\/de\/products\/knwls-x-nike-wmns-air-max-muse-ballet-black-ii3670-001\/\" \/>\n<meta property=\"og:site_name\" content=\"Tourcruiser Sneaker Store\" \/>\n<meta property=\"article:modified_time\" content=\"2026-03-27T17:26:54+00:00\" \/>\n<meta name=\"twitter:card\" content=\"summary_large_image\" \/>\n<meta name=\"twitter:image\" content=\"https:\/\/images.novelship.com\/product\/_women__knwls_x_nike_air_max_muse_ballet__black__i_0_46761.jpeg\" \/>\n<meta name=\"twitter:label1\" content=\"Gesch\u00e4tzte Lesezeit\" \/>\n\t<meta name=\"twitter:data1\" content=\"1\u00a0Minute\" \/>\n<script type=\"application\/ld+json\" class=\"yoast-schema-graph\">{\"@context\":\"https:\/\/schema.org\",\"@graph\":[{\"@type\":\"WebPage\",\"@id\":\"https:\/\/tourcruiser.com\/de\/products\/knwls-x-nike-wmns-air-max-muse-ballet-black-ii3670-001\/\",\"url\":\"https:\/\/tourcruiser.com\/de\/products\/knwls-x-nike-wmns-air-max-muse-ballet-black-ii3670-001\/\",\"name\":\"Nike KNWLS x Wmns Air Max Muse Ballet 'Black' - Tourcruiser PTE. LTD\",\"isPartOf\":{\"@id\":\"https:\/\/tourcruiser.com\/de\/#website\"},\"primaryImageOfPage\":{\"@id\":\"https:\/\/tourcruiser.com\/de\/products\/knwls-x-nike-wmns-air-max-muse-ballet-black-ii3670-001\/#primaryimage\"},\"image\":{\"@id\":\"https:\/\/tourcruiser.com\/de\/products\/knwls-x-nike-wmns-air-max-muse-ballet-black-ii3670-001\/#primaryimage\"},\"thumbnailUrl\":\"https:\/\/images.novelship.com\/product\/_women__knwls_x_nike_air_max_muse_ballet__black__i_0_46761.jpeg\",\"datePublished\":\"2026-02-20T08:07:08+00:00\",\"dateModified\":\"2026-03-27T17:26:54+00:00\",\"breadcrumb\":{\"@id\":\"https:\/\/tourcruiser.com\/de\/products\/knwls-x-nike-wmns-air-max-muse-ballet-black-ii3670-001\/#breadcrumb\"},\"inLanguage\":\"de\",\"potentialAction\":[{\"@type\":\"ReadAction\",\"target\":[\"https:\/\/tourcruiser.com\/de\/products\/knwls-x-nike-wmns-air-max-muse-ballet-black-ii3670-001\/\"]}]},{\"@type\":\"ImageObject\",\"inLanguage\":\"de\",\"@id\":\"https:\/\/tourcruiser.com\/de\/products\/knwls-x-nike-wmns-air-max-muse-ballet-black-ii3670-001\/#primaryimage\",\"url\":\"https:\/\/images.novelship.com\/product\/_women__knwls_x_nike_air_max_muse_ballet__black__i_0_46761.jpeg\",\"contentUrl\":\"https:\/\/images.novelship.com\/product\/_women__knwls_x_nike_air_max_muse_ballet__black__i_0_46761.jpeg\"},{\"@type\":\"BreadcrumbList\",\"@id\":\"https:\/\/tourcruiser.com\/de\/products\/knwls-x-nike-wmns-air-max-muse-ballet-black-ii3670-001\/#breadcrumb\",\"itemListElement\":[{\"@type\":\"ListItem\",\"position\":1,\"name\":\"Home\",\"item\":\"https:\/\/tourcruiser.com\/de\/\"},{\"@type\":\"ListItem\",\"position\":2,\"name\":\"Shop\",\"item\":\"https:\/\/tourcruiser.com\/de\/shop\/\"},{\"@type\":\"ListItem\",\"position\":3,\"name\":\"Nike KNWLS x Wmns Air Max Muse Ballet 'Black'\"}]},{\"@type\":\"WebSite\",\"@id\":\"https:\/\/tourcruiser.com\/de\/#website\",\"url\":\"https:\/\/tourcruiser.com\/de\/\",\"name\":\"Styloral Jewelry Shop\",\"description\":\"Tourcruiser Sneaker Store \u2014 der Ort, an dem das Universum deine Einzigartigkeit trifft.\",\"publisher\":{\"@id\":\"https:\/\/tourcruiser.com\/de\/#organization\"},\"potentialAction\":[{\"@type\":\"SearchAction\",\"target\":{\"@type\":\"EntryPoint\",\"urlTemplate\":\"https:\/\/tourcruiser.com\/de\/?s={search_term_string}\"},\"query-input\":{\"@type\":\"PropertyValueSpecification\",\"valueRequired\":true,\"valueName\":\"search_term_string\"}}],\"inLanguage\":\"de\"},{\"@type\":\"Organization\",\"@id\":\"https:\/\/tourcruiser.com\/de\/#organization\",\"name\":\"STYLORAL PTE. LTD\",\"url\":\"https:\/\/tourcruiser.com\/de\/\",\"logo\":{\"@type\":\"ImageObject\",\"inLanguage\":\"de\",\"@id\":\"https:\/\/tourcruiser.com\/de\/#\/schema\/logo\/image\/\",\"url\":\"https:\/\/www.tourcruiser.com\/wp-content\/uploads\/2025\/12\/logo.png\",\"contentUrl\":\"https:\/\/www.tourcruiser.com\/wp-content\/uploads\/2025\/12\/logo.png\",\"width\":200,\"height\":65,\"caption\":\"STYLORAL PTE. LTD\"},\"image\":{\"@id\":\"https:\/\/tourcruiser.com\/de\/#\/schema\/logo\/image\/\"}}]}<\/script>\n<!-- \/ Yoast SEO plugin. -->","yoast_head_json":{"title":"Nike KNWLS x Wmns Air Max Muse Ballet 'Black' - Tourcruiser PTE. LTD","robots":{"index":"index","follow":"follow","max-snippet":"max-snippet:-1","max-image-preview":"max-image-preview:large","max-video-preview":"max-video-preview:-1"},"canonical":"https:\/\/tourcruiser.com\/de\/products\/knwls-x-nike-wmns-air-max-muse-ballet-black-ii3670-001\/","og_locale":"de_DE","og_type":"article","og_title":"Nike KNWLS x Wmns Air Max Muse Ballet 'Black' - Tourcruiser PTE. LTD","og_description":"Nike Air Max Muse \u2014 Black\/Black","og_url":"https:\/\/tourcruiser.com\/de\/products\/knwls-x-nike-wmns-air-max-muse-ballet-black-ii3670-001\/","og_site_name":"Tourcruiser Sneaker Store","article_modified_time":"2026-03-27T17:26:54+00:00","twitter_card":"summary_large_image","twitter_image":"https:\/\/images.novelship.com\/product\/_women__knwls_x_nike_air_max_muse_ballet__black__i_0_46761.jpeg","twitter_misc":{"Gesch\u00e4tzte Lesezeit":"1\u00a0Minute"},"schema":{"@context":"https:\/\/schema.org","@graph":[{"@type":"WebPage","@id":"https:\/\/tourcruiser.com\/de\/products\/knwls-x-nike-wmns-air-max-muse-ballet-black-ii3670-001\/","url":"https:\/\/tourcruiser.com\/de\/products\/knwls-x-nike-wmns-air-max-muse-ballet-black-ii3670-001\/","name":"Nike KNWLS x Wmns Air Max Muse Ballet 'Black' - Tourcruiser PTE. LTD","isPartOf":{"@id":"https:\/\/tourcruiser.com\/de\/#website"},"primaryImageOfPage":{"@id":"https:\/\/tourcruiser.com\/de\/products\/knwls-x-nike-wmns-air-max-muse-ballet-black-ii3670-001\/#primaryimage"},"image":{"@id":"https:\/\/tourcruiser.com\/de\/products\/knwls-x-nike-wmns-air-max-muse-ballet-black-ii3670-001\/#primaryimage"},"thumbnailUrl":"https:\/\/images.novelship.com\/product\/_women__knwls_x_nike_air_max_muse_ballet__black__i_0_46761.jpeg","datePublished":"2026-02-20T08:07:08+00:00","dateModified":"2026-03-27T17:26:54+00:00","breadcrumb":{"@id":"https:\/\/tourcruiser.com\/de\/products\/knwls-x-nike-wmns-air-max-muse-ballet-black-ii3670-001\/#breadcrumb"},"inLanguage":"de","potentialAction":[{"@type":"ReadAction","target":["https:\/\/tourcruiser.com\/de\/products\/knwls-x-nike-wmns-air-max-muse-ballet-black-ii3670-001\/"]}]},{"@type":"ImageObject","inLanguage":"de","@id":"https:\/\/tourcruiser.com\/de\/products\/knwls-x-nike-wmns-air-max-muse-ballet-black-ii3670-001\/#primaryimage","url":"https:\/\/images.novelship.com\/product\/_women__knwls_x_nike_air_max_muse_ballet__black__i_0_46761.jpeg","contentUrl":"https:\/\/images.novelship.com\/product\/_women__knwls_x_nike_air_max_muse_ballet__black__i_0_46761.jpeg"},{"@type":"BreadcrumbList","@id":"https:\/\/tourcruiser.com\/de\/products\/knwls-x-nike-wmns-air-max-muse-ballet-black-ii3670-001\/#breadcrumb","itemListElement":[{"@type":"ListItem","position":1,"name":"Home","item":"https:\/\/tourcruiser.com\/de\/"},{"@type":"ListItem","position":2,"name":"Shop","item":"https:\/\/tourcruiser.com\/de\/shop\/"},{"@type":"ListItem","position":3,"name":"Nike KNWLS x Wmns Air Max Muse Ballet 'Black'"}]},{"@type":"WebSite","@id":"https:\/\/tourcruiser.com\/de\/#website","url":"https:\/\/tourcruiser.com\/de\/","name":"Styloral Jewelry Shop","description":"Tourcruiser Sneaker Store \u2014 der Ort, an dem das Universum deine Einzigartigkeit trifft.","publisher":{"@id":"https:\/\/tourcruiser.com\/de\/#organization"},"potentialAction":[{"@type":"SearchAction","target":{"@type":"EntryPoint","urlTemplate":"https:\/\/tourcruiser.com\/de\/?s={search_term_string}"},"query-input":{"@type":"PropertyValueSpecification","valueRequired":true,"valueName":"search_term_string"}}],"inLanguage":"de"},{"@type":"Organization","@id":"https:\/\/tourcruiser.com\/de\/#organization","name":"STYLORAL PTE. LTD","url":"https:\/\/tourcruiser.com\/de\/","logo":{"@type":"ImageObject","inLanguage":"de","@id":"https:\/\/tourcruiser.com\/de\/#\/schema\/logo\/image\/","url":"https:\/\/www.tourcruiser.com\/wp-content\/uploads\/2025\/12\/logo.png","contentUrl":"https:\/\/www.tourcruiser.com\/wp-content\/uploads\/2025\/12\/logo.png","width":200,"height":65,"caption":"STYLORAL PTE. LTD"},"image":{"@id":"https:\/\/tourcruiser.com\/de\/#\/schema\/logo\/image\/"}}]}},"_links":{"self":[{"href":"https:\/\/tourcruiser.com\/de\/wp-json\/wp\/v2\/product\/16699","targetHints":{"allow":["GET"]}}],"collection":[{"href":"https:\/\/tourcruiser.com\/de\/wp-json\/wp\/v2\/product"}],"about":[{"href":"https:\/\/tourcruiser.com\/de\/wp-json\/wp\/v2\/types\/product"}],"replies":[{"embeddable":true,"href":"https:\/\/tourcruiser.com\/de\/wp-json\/wp\/v2\/comments?post=16699"}],"wp:featuredmedia":[{"embeddable":true,"href":"https:\/\/tourcruiser.com\/de\/wp-json\/wp\/v2\/media\/16700"}],"wp:attachment":[{"href":"https:\/\/tourcruiser.com\/de\/wp-json\/wp\/v2\/media?parent=16699"}],"wp:term":[{"taxonomy":"product_brand","embeddable":true,"href":"https:\/\/tourcruiser.com\/de\/wp-json\/wp\/v2\/product_brand?post=16699"},{"taxonomy":"product_cat","embeddable":true,"href":"https:\/\/tourcruiser.com\/de\/wp-json\/wp\/v2\/product_cat?post=16699"},{"taxonomy":"product_tag","embeddable":true,"href":"https:\/\/tourcruiser.com\/de\/wp-json\/wp\/v2\/product_tag?post=16699"}],"curies":[{"name":"wp","href":"https:\/\/api.w.org\/{rel}","templated":true}]}}