{"id":166940,"date":"2026-03-02T16:15:57","date_gmt":"2026-03-02T09:15:57","guid":{"rendered":"http:\/\/tourcruiser.com\/product\/nike-mercurial-superfly-9-club-mg-ready-pack"},"modified":"2026-03-28T01:35:15","modified_gmt":"2026-03-27T18:35:15","slug":"nike-mercurial-superfly-9-club-mg-ready-pack","status":"publish","type":"product","link":"https:\/\/tourcruiser.com\/de\/products\/nike-mercurial-superfly-9-club-mg-ready-pack\/","title":{"rendered":"Nike Mercurial Superfly 9 Club MG &#8218;Ready Pack&#8216;"},"content":{"rendered":"<p>Steigere deine Leistung mit dem Nike Mercurial Superfly 9 Club MG \u201eReady Pack\u201c. Diese Fu\u00dfballschuhe wurden f\u00fcr Geschwindigkeit und Agilit\u00e4t entwickelt und zeichnen sich durch ein leichtes Design und ein strukturiertes Obermaterial f\u00fcr verbesserte Ballkontrolle aus. Die innovative Stollenkonfiguration sorgt f\u00fcr optimale Traktion auf verschiedenen Untergr\u00fcnden und gibt dir die M\u00f6glichkeit, das Spielfeld souver\u00e4n zu dominieren. Erlebe explosive Beschleunigung und unvergleichliche Ballkontrolle mit dem Nike Mercurial Superfly 9 Club MG \u201eReady Pack\u201c.<\/p>\n<p>Farbgebung: Leuchtendes Karmesinrot\/Schwarz\/Wei\u00df<br \/>\nArtikelnummer: DJ5961-600<br \/>\nObermaterial: Synthetik<br \/>\nFarbe: Wei\u00df<br \/>\nErscheinungsjahr: 2023<\/p>\n","protected":false},"excerpt":{"rendered":"<p>Nike Mercurial Superfly 9 Club MG \u201d\u201d Bright Crimson\/Black\/White<\/p>\n","protected":false},"featured_media":166941,"comment_status":"open","ping_status":"closed","template":"","meta":[],"product_brand":[],"product_cat":[10803],"product_tag":[10799,10800,10753,10801,10900,11477,10802,10986,10987,10785,10786,10758],"class_list":{"0":"post-166940","1":"product","2":"type-product","3":"status-publish","4":"has-post-thumbnail","6":"product_cat-nike","7":"product_tag-ankle-support-basketball-shoes","8":"product_tag-basketball-shoes","9":"product_tag-gift-for-him","10":"product_tag-nike","11":"product_tag-nike-skateboarding-shoes","12":"product_tag-nike-soccer-shoes","13":"product_tag-performance-sport-shoes","14":"product_tag-soccer-shoes","15":"product_tag-soccer-shoes-football-cleats","16":"product_tag-trending-deals","17":"product_tag-trending-deals-under-150","18":"product_tag-under-retail","19":"wcpa_has_options","21":"first","22":"outofstock","23":"sale","24":"taxable","25":"shipping-taxable","26":"purchasable","27":"product-type-simple"},"wcpa_form_fields":{"rules":{"pric_overide_base_price":false,"pric_overide_base_price_if_gt_zero":false,"pric_overide_base_price_fully":false,"pric_cal_option_once":false,"pric_use_as_fee":false,"bind_quantity":false,"quantity_bind_formula":false},"fields":[{"type":"color-group","required":true,"elementId":"wcpa-color-group-66c4a75505e74","label":"Gr\u00f6\u00dfe - EU Gr\u00f6\u00dfe","inline":true,"priceOptions":"different_for_all","pricingType":"fixed","className":"hassizechart product-shoes-size-eu product-shoes-size","name":"color-group-66c4a75505e89","disp_type":"square","selection_type":"tick-border","disp_size":"44","show_label_inside":true,"adjust_width":true,"cart_display_type":"text","other_text":"Other","cl_rule":"show","col":6,"values":[{"label":"35.5","value":"EU 35.5","price":"","pimage":"","pimage_id":"","pthumb":"","color":""},{"label":"36","value":"EU 36","price":"","pimage":"","pimage_id":"","pthumb":"","color":"","selected":true},{"label":"36.5","value":"EU 36.5","price":"","pimage":"","pimage_id":"","pthumb":"","color":""},{"label":"37.5","value":"EU 37.5","price":"","pimage":"","pimage_id":"","pthumb":"","color":""},{"label":"38","value":"EU 38","price":"","pimage":"","pimage_id":"","pthumb":"","color":""},{"label":"38.5","value":"EU 38.5","price":"","pimage":"","pimage_id":"","pthumb":"","color":""},{"label":"39","value":"EU 39","price":"","pimage":"","pimage_id":"","pthumb":"","color":""},{"label":"40","value":"EU 40","price":"","pimage":"","pimage_id":"","pthumb":"","color":""},{"label":"40.5","value":"EU 40.5","price":"","pimage":"","pimage_id":"","pthumb":"","color":""},{"label":"41","value":"EU 41","price":"","pimage":"","pimage_id":"","pthumb":"","color":""},{"label":"42","value":"EU 42","price":"","pimage":"","pimage_id":"","pthumb":"","color":""},{"label":"42.5","value":"EU 42.5","price":"","pimage":"","pimage_id":"","pthumb":"","color":""},{"label":"43","value":"EU 43","price":"","pimage":"","pimage_id":"","pthumb":"","color":""},{"label":"44","value":"EU 44","price":"","pimage":"","pimage_id":"","pthumb":"","color":""},{"label":"44.5","value":"EU 44.5","price":"","pimage":"","pimage_id":"","pthumb":"","color":""},{"label":"45","value":"EU 45","price":"","pimage":"","pimage_id":"","pthumb":"","color":""},{"label":"45.5","value":"EU 45.5","price":"","pimage":"","pimage_id":"","pthumb":"","color":""},{"label":"46","value":"EU 46","price":"","pimage":"","pimage_id":"","pthumb":"","color":""},{"label":"47","value":"EU 47","price":"","pimage":"","pimage_id":"","pthumb":"","color":""},{"label":"47.5","value":"EU 47.5","price":"","pimage":"","pimage_id":"","pthumb":"","color":""},{"label":"48","value":"EU 48","price":"","pimage":"","pimage_id":"","pthumb":"","color":""}],"relations":[{"operator":false,"rules":[]}],"form_id":18106,"form_rules":{"pric_cal_option_once":false,"exclude_from_discount":false,"pric_use_as_fee":false,"fee_label":"Fee","render_after_acb":false,"disp_hide_options_price":false}}]},"yoast_head":"<!-- This site is optimized with the Yoast SEO plugin v26.5 - https:\/\/yoast.com\/wordpress\/plugins\/seo\/ -->\n<title>Nike Mercurial Superfly 9 Club MG &#039;Ready Pack&#039;  - Tourcruiser PTE. LTD<\/title>\n<meta name=\"robots\" content=\"index, follow, max-snippet:-1, max-image-preview:large, max-video-preview:-1\" \/>\n<link rel=\"canonical\" href=\"https:\/\/tourcruiser.com\/de\/products\/nike-mercurial-superfly-9-club-mg-ready-pack\/\" \/>\n<meta property=\"og:locale\" content=\"de_DE\" \/>\n<meta property=\"og:type\" content=\"article\" \/>\n<meta property=\"og:title\" content=\"Nike Mercurial Superfly 9 Club MG &#039;Ready Pack&#039;  - Tourcruiser PTE. LTD\" \/>\n<meta property=\"og:description\" content=\"Nike Mercurial Superfly 9 Club MG \u201d\u201d Bright Crimson\/Black\/White\" \/>\n<meta property=\"og:url\" content=\"https:\/\/tourcruiser.com\/de\/products\/nike-mercurial-superfly-9-club-mg-ready-pack\/\" \/>\n<meta property=\"og:site_name\" content=\"Tourcruiser Sneaker Store\" \/>\n<meta property=\"article:modified_time\" content=\"2026-03-27T18:35:15+00:00\" \/>\n<meta name=\"twitter:card\" content=\"summary_large_image\" \/>\n<meta name=\"twitter:image\" content=\"https:\/\/images.novelship.com\/product\/nike_mercurial_superfly_9_club_mg__ready_pack__dj5_0_73100.jpeg;https:\/\/images.novelship.com\/product\/nike_mercurial_superfly_9_club_mg__ready_pack__dj5_1_73100.jpeg;https:\/\/images.novelship.com\/product\/nike_mercurial_superfly_9_club_mg__ready_pack__dj5_2_73100.jpeg;https:\/\/images.novelship.com\/product\/nike_mercurial_superfly_9_club_mg__ready_pack__dj5_3_73100.jpeg\" \/>\n<script type=\"application\/ld+json\" class=\"yoast-schema-graph\">{\"@context\":\"https:\/\/schema.org\",\"@graph\":[{\"@type\":\"WebPage\",\"@id\":\"https:\/\/tourcruiser.com\/de\/products\/nike-mercurial-superfly-9-club-mg-ready-pack\/\",\"url\":\"https:\/\/tourcruiser.com\/de\/products\/nike-mercurial-superfly-9-club-mg-ready-pack\/\",\"name\":\"Nike Mercurial Superfly 9 Club MG 'Ready Pack' - Tourcruiser PTE. LTD\",\"isPartOf\":{\"@id\":\"https:\/\/tourcruiser.com\/de\/#website\"},\"primaryImageOfPage\":{\"@id\":\"https:\/\/tourcruiser.com\/de\/products\/nike-mercurial-superfly-9-club-mg-ready-pack\/#primaryimage\"},\"image\":{\"@id\":\"https:\/\/tourcruiser.com\/de\/products\/nike-mercurial-superfly-9-club-mg-ready-pack\/#primaryimage\"},\"thumbnailUrl\":\"https:\/\/images.novelship.com\/product\/nike_mercurial_superfly_9_club_mg__ready_pack__dj5_0_73100.jpeg;https:\/\/images.novelship.com\/product\/nike_mercurial_superfly_9_club_mg__ready_pack__dj5_1_73100.jpeg;https:\/\/images.novelship.com\/product\/nike_mercurial_superfly_9_club_mg__ready_pack__dj5_2_73100.jpeg;https:\/\/images.novelship.com\/product\/nike_mercurial_superfly_9_club_mg__ready_pack__dj5_3_73100.jpeg\",\"datePublished\":\"2026-03-02T09:15:57+00:00\",\"dateModified\":\"2026-03-27T18:35:15+00:00\",\"breadcrumb\":{\"@id\":\"https:\/\/tourcruiser.com\/de\/products\/nike-mercurial-superfly-9-club-mg-ready-pack\/#breadcrumb\"},\"inLanguage\":\"de\",\"potentialAction\":[{\"@type\":\"ReadAction\",\"target\":[\"https:\/\/tourcruiser.com\/de\/products\/nike-mercurial-superfly-9-club-mg-ready-pack\/\"]}]},{\"@type\":\"ImageObject\",\"inLanguage\":\"de\",\"@id\":\"https:\/\/tourcruiser.com\/de\/products\/nike-mercurial-superfly-9-club-mg-ready-pack\/#primaryimage\",\"url\":\"https:\/\/images.novelship.com\/product\/nike_mercurial_superfly_9_club_mg__ready_pack__dj5_0_73100.jpeg;https:\/\/images.novelship.com\/product\/nike_mercurial_superfly_9_club_mg__ready_pack__dj5_1_73100.jpeg;https:\/\/images.novelship.com\/product\/nike_mercurial_superfly_9_club_mg__ready_pack__dj5_2_73100.jpeg;https:\/\/images.novelship.com\/product\/nike_mercurial_superfly_9_club_mg__ready_pack__dj5_3_73100.jpeg\",\"contentUrl\":\"https:\/\/images.novelship.com\/product\/nike_mercurial_superfly_9_club_mg__ready_pack__dj5_0_73100.jpeg;https:\/\/images.novelship.com\/product\/nike_mercurial_superfly_9_club_mg__ready_pack__dj5_1_73100.jpeg;https:\/\/images.novelship.com\/product\/nike_mercurial_superfly_9_club_mg__ready_pack__dj5_2_73100.jpeg;https:\/\/images.novelship.com\/product\/nike_mercurial_superfly_9_club_mg__ready_pack__dj5_3_73100.jpeg\"},{\"@type\":\"BreadcrumbList\",\"@id\":\"https:\/\/tourcruiser.com\/de\/products\/nike-mercurial-superfly-9-club-mg-ready-pack\/#breadcrumb\",\"itemListElement\":[{\"@type\":\"ListItem\",\"position\":1,\"name\":\"Home\",\"item\":\"https:\/\/tourcruiser.com\/de\/\"},{\"@type\":\"ListItem\",\"position\":2,\"name\":\"Shop\",\"item\":\"https:\/\/tourcruiser.com\/de\/shop\/\"},{\"@type\":\"ListItem\",\"position\":3,\"name\":\"Nike Mercurial Superfly 9 Club MG 'Ready Pack'\"}]},{\"@type\":\"WebSite\",\"@id\":\"https:\/\/tourcruiser.com\/de\/#website\",\"url\":\"https:\/\/tourcruiser.com\/de\/\",\"name\":\"Styloral Jewelry Shop\",\"description\":\"Tourcruiser Sneaker Store \u2014 der Ort, an dem das Universum deine Einzigartigkeit trifft.\",\"publisher\":{\"@id\":\"https:\/\/tourcruiser.com\/de\/#organization\"},\"potentialAction\":[{\"@type\":\"SearchAction\",\"target\":{\"@type\":\"EntryPoint\",\"urlTemplate\":\"https:\/\/tourcruiser.com\/de\/?s={search_term_string}\"},\"query-input\":{\"@type\":\"PropertyValueSpecification\",\"valueRequired\":true,\"valueName\":\"search_term_string\"}}],\"inLanguage\":\"de\"},{\"@type\":\"Organization\",\"@id\":\"https:\/\/tourcruiser.com\/de\/#organization\",\"name\":\"STYLORAL PTE. LTD\",\"url\":\"https:\/\/tourcruiser.com\/de\/\",\"logo\":{\"@type\":\"ImageObject\",\"inLanguage\":\"de\",\"@id\":\"https:\/\/tourcruiser.com\/de\/#\/schema\/logo\/image\/\",\"url\":\"https:\/\/www.tourcruiser.com\/wp-content\/uploads\/2025\/12\/logo.png\",\"contentUrl\":\"https:\/\/www.tourcruiser.com\/wp-content\/uploads\/2025\/12\/logo.png\",\"width\":200,\"height\":65,\"caption\":\"STYLORAL PTE. LTD\"},\"image\":{\"@id\":\"https:\/\/tourcruiser.com\/de\/#\/schema\/logo\/image\/\"}}]}<\/script>\n<!-- \/ Yoast SEO plugin. -->","yoast_head_json":{"title":"Nike Mercurial Superfly 9 Club MG 'Ready Pack'  - Tourcruiser PTE. LTD","robots":{"index":"index","follow":"follow","max-snippet":"max-snippet:-1","max-image-preview":"max-image-preview:large","max-video-preview":"max-video-preview:-1"},"canonical":"https:\/\/tourcruiser.com\/de\/products\/nike-mercurial-superfly-9-club-mg-ready-pack\/","og_locale":"de_DE","og_type":"article","og_title":"Nike Mercurial Superfly 9 Club MG 'Ready Pack'  - Tourcruiser PTE. LTD","og_description":"Nike Mercurial Superfly 9 Club MG \u201d\u201d Bright Crimson\/Black\/White","og_url":"https:\/\/tourcruiser.com\/de\/products\/nike-mercurial-superfly-9-club-mg-ready-pack\/","og_site_name":"Tourcruiser Sneaker Store","article_modified_time":"2026-03-27T18:35:15+00:00","twitter_card":"summary_large_image","twitter_image":"https:\/\/images.novelship.com\/product\/nike_mercurial_superfly_9_club_mg__ready_pack__dj5_0_73100.jpeg;https:\/\/images.novelship.com\/product\/nike_mercurial_superfly_9_club_mg__ready_pack__dj5_1_73100.jpeg;https:\/\/images.novelship.com\/product\/nike_mercurial_superfly_9_club_mg__ready_pack__dj5_2_73100.jpeg;https:\/\/images.novelship.com\/product\/nike_mercurial_superfly_9_club_mg__ready_pack__dj5_3_73100.jpeg","schema":{"@context":"https:\/\/schema.org","@graph":[{"@type":"WebPage","@id":"https:\/\/tourcruiser.com\/de\/products\/nike-mercurial-superfly-9-club-mg-ready-pack\/","url":"https:\/\/tourcruiser.com\/de\/products\/nike-mercurial-superfly-9-club-mg-ready-pack\/","name":"Nike Mercurial Superfly 9 Club MG 'Ready Pack' - Tourcruiser PTE. LTD","isPartOf":{"@id":"https:\/\/tourcruiser.com\/de\/#website"},"primaryImageOfPage":{"@id":"https:\/\/tourcruiser.com\/de\/products\/nike-mercurial-superfly-9-club-mg-ready-pack\/#primaryimage"},"image":{"@id":"https:\/\/tourcruiser.com\/de\/products\/nike-mercurial-superfly-9-club-mg-ready-pack\/#primaryimage"},"thumbnailUrl":"https:\/\/images.novelship.com\/product\/nike_mercurial_superfly_9_club_mg__ready_pack__dj5_0_73100.jpeg;https:\/\/images.novelship.com\/product\/nike_mercurial_superfly_9_club_mg__ready_pack__dj5_1_73100.jpeg;https:\/\/images.novelship.com\/product\/nike_mercurial_superfly_9_club_mg__ready_pack__dj5_2_73100.jpeg;https:\/\/images.novelship.com\/product\/nike_mercurial_superfly_9_club_mg__ready_pack__dj5_3_73100.jpeg","datePublished":"2026-03-02T09:15:57+00:00","dateModified":"2026-03-27T18:35:15+00:00","breadcrumb":{"@id":"https:\/\/tourcruiser.com\/de\/products\/nike-mercurial-superfly-9-club-mg-ready-pack\/#breadcrumb"},"inLanguage":"de","potentialAction":[{"@type":"ReadAction","target":["https:\/\/tourcruiser.com\/de\/products\/nike-mercurial-superfly-9-club-mg-ready-pack\/"]}]},{"@type":"ImageObject","inLanguage":"de","@id":"https:\/\/tourcruiser.com\/de\/products\/nike-mercurial-superfly-9-club-mg-ready-pack\/#primaryimage","url":"https:\/\/images.novelship.com\/product\/nike_mercurial_superfly_9_club_mg__ready_pack__dj5_0_73100.jpeg;https:\/\/images.novelship.com\/product\/nike_mercurial_superfly_9_club_mg__ready_pack__dj5_1_73100.jpeg;https:\/\/images.novelship.com\/product\/nike_mercurial_superfly_9_club_mg__ready_pack__dj5_2_73100.jpeg;https:\/\/images.novelship.com\/product\/nike_mercurial_superfly_9_club_mg__ready_pack__dj5_3_73100.jpeg","contentUrl":"https:\/\/images.novelship.com\/product\/nike_mercurial_superfly_9_club_mg__ready_pack__dj5_0_73100.jpeg;https:\/\/images.novelship.com\/product\/nike_mercurial_superfly_9_club_mg__ready_pack__dj5_1_73100.jpeg;https:\/\/images.novelship.com\/product\/nike_mercurial_superfly_9_club_mg__ready_pack__dj5_2_73100.jpeg;https:\/\/images.novelship.com\/product\/nike_mercurial_superfly_9_club_mg__ready_pack__dj5_3_73100.jpeg"},{"@type":"BreadcrumbList","@id":"https:\/\/tourcruiser.com\/de\/products\/nike-mercurial-superfly-9-club-mg-ready-pack\/#breadcrumb","itemListElement":[{"@type":"ListItem","position":1,"name":"Home","item":"https:\/\/tourcruiser.com\/de\/"},{"@type":"ListItem","position":2,"name":"Shop","item":"https:\/\/tourcruiser.com\/de\/shop\/"},{"@type":"ListItem","position":3,"name":"Nike Mercurial Superfly 9 Club MG 'Ready Pack'"}]},{"@type":"WebSite","@id":"https:\/\/tourcruiser.com\/de\/#website","url":"https:\/\/tourcruiser.com\/de\/","name":"Styloral Jewelry Shop","description":"Tourcruiser Sneaker Store \u2014 der Ort, an dem das Universum deine Einzigartigkeit trifft.","publisher":{"@id":"https:\/\/tourcruiser.com\/de\/#organization"},"potentialAction":[{"@type":"SearchAction","target":{"@type":"EntryPoint","urlTemplate":"https:\/\/tourcruiser.com\/de\/?s={search_term_string}"},"query-input":{"@type":"PropertyValueSpecification","valueRequired":true,"valueName":"search_term_string"}}],"inLanguage":"de"},{"@type":"Organization","@id":"https:\/\/tourcruiser.com\/de\/#organization","name":"STYLORAL PTE. LTD","url":"https:\/\/tourcruiser.com\/de\/","logo":{"@type":"ImageObject","inLanguage":"de","@id":"https:\/\/tourcruiser.com\/de\/#\/schema\/logo\/image\/","url":"https:\/\/www.tourcruiser.com\/wp-content\/uploads\/2025\/12\/logo.png","contentUrl":"https:\/\/www.tourcruiser.com\/wp-content\/uploads\/2025\/12\/logo.png","width":200,"height":65,"caption":"STYLORAL PTE. LTD"},"image":{"@id":"https:\/\/tourcruiser.com\/de\/#\/schema\/logo\/image\/"}}]}},"_links":{"self":[{"href":"https:\/\/tourcruiser.com\/de\/wp-json\/wp\/v2\/product\/166940","targetHints":{"allow":["GET"]}}],"collection":[{"href":"https:\/\/tourcruiser.com\/de\/wp-json\/wp\/v2\/product"}],"about":[{"href":"https:\/\/tourcruiser.com\/de\/wp-json\/wp\/v2\/types\/product"}],"replies":[{"embeddable":true,"href":"https:\/\/tourcruiser.com\/de\/wp-json\/wp\/v2\/comments?post=166940"}],"wp:featuredmedia":[{"embeddable":true,"href":"https:\/\/tourcruiser.com\/de\/wp-json\/wp\/v2\/media\/166941"}],"wp:attachment":[{"href":"https:\/\/tourcruiser.com\/de\/wp-json\/wp\/v2\/media?parent=166940"}],"wp:term":[{"taxonomy":"product_brand","embeddable":true,"href":"https:\/\/tourcruiser.com\/de\/wp-json\/wp\/v2\/product_brand?post=166940"},{"taxonomy":"product_cat","embeddable":true,"href":"https:\/\/tourcruiser.com\/de\/wp-json\/wp\/v2\/product_cat?post=166940"},{"taxonomy":"product_tag","embeddable":true,"href":"https:\/\/tourcruiser.com\/de\/wp-json\/wp\/v2\/product_tag?post=166940"}],"curies":[{"name":"wp","href":"https:\/\/api.w.org\/{rel}","templated":true}]}}