{"id":166907,"date":"2026-03-02T16:15:54","date_gmt":"2026-03-02T09:15:54","guid":{"rendered":"http:\/\/tourcruiser.com\/product\/women-adidas-barricade-14-sneakers-cloud-whitecore-blackcloud-white"},"modified":"2026-03-28T01:35:13","modified_gmt":"2026-03-27T18:35:13","slug":"women-adidas-barricade-14-sneakers-cloud-whitecore-blackcloud-white","status":"publish","type":"product","link":"https:\/\/tourcruiser.com\/de\/products\/women-adidas-barricade-14-sneakers-cloud-whitecore-blackcloud-white\/","title":{"rendered":"(Women) Adidas Barricade 14 Sneakers Cloud White\/Core Black\/Cloud White"},"content":{"rendered":"<p>Verbessere deine Leistung auf dem Platz mit den Adidas Barricade 14 Damen-Sneakern in elegantem Cloud White\/Core Black. Diese Sneaker wurden speziell f\u00fcr Stabilit\u00e4t und Komfort entwickelt und verf\u00fcgen \u00fcber eine strapazierf\u00e4hige Adiwear-Au\u00dfensohle f\u00fcr optimalen Grip, w\u00e4hrend die Bounce-Mittelsohle bei jedem Schritt f\u00fcr hervorragende D\u00e4mpfung sorgt. Das atmungsaktive Mesh-Obermaterial gew\u00e4hrleistet optimale Luftzirkulation und h\u00e4lt deine F\u00fc\u00dfe auch bei intensiven Matches angenehm k\u00fchl. Der Barricade 14 wurde f\u00fcr H\u00f6chstleistungen entwickelt und ist der perfekte Partner, um das Spiel mit unvergleichlichem Stil und Agilit\u00e4t zu dominieren. Ideal f\u00fcr Tennisbegeisterte weltweit!<\/p>\n<ul>\n<li><strong>Farbgebung:<\/strong> Cloud White\/Core Black\/Cloud White<\/li>\n<li><strong>Artikelnummer:<\/strong> JR1763<\/li>\n<li><strong>Farbe:<\/strong> Wei\u00df<\/li>\n<\/ul>\n","protected":false},"excerpt":{"rendered":"<p>adidas Barricade 14 \u201d\u201d Cloud White\/Core Black\/Cloud White<\/p>\n","protected":false},"featured_media":166908,"comment_status":"open","ping_status":"closed","template":"","meta":[],"product_brand":[],"product_cat":[10941],"product_tag":[10759,10802,11082,10758],"class_list":{"0":"post-166907","1":"product","2":"type-product","3":"status-publish","4":"has-post-thumbnail","6":"product_cat-adidas-women","7":"product_tag-adidas","8":"product_tag-performance-sport-shoes","9":"product_tag-tennis-shoes","10":"product_tag-under-retail","11":"wcpa_has_options","13":"first","14":"outofstock","15":"sale","16":"taxable","17":"shipping-taxable","18":"purchasable","19":"product-type-simple"},"wcpa_form_fields":{"rules":{"pric_overide_base_price":false,"pric_overide_base_price_if_gt_zero":false,"pric_overide_base_price_fully":false,"pric_cal_option_once":false,"pric_use_as_fee":false,"bind_quantity":false,"quantity_bind_formula":false},"fields":[{"type":"color-group","required":true,"elementId":"wcpa-color-group-66c4a7f817afe","label":"Gr\u00f6\u00dfe","inline":true,"priceOptions":"different_for_all","pricingType":"fixed","className":"hassizechart product-shoes-size-eu product-shoes-size","name":"color-group-66c4a7f817b18","disp_type":"square","selection_type":"tick-border","disp_size":"50","show_label_inside":true,"adjust_width":true,"cart_display_type":"text","other_text":"Other","cl_rule":"show","col":6,"values":[{"label":"35","value":"EU 35","price":"","pimage":"","pimage_id":"","pthumb":"","color":""},{"label":"35.5","value":"EU 35.5","price":"","pimage":"","pimage_id":"","pthumb":"","color":""},{"label":"36","value":"EU 36","price":"","pimage":"","pimage_id":"","pthumb":"","color":"","selected":true},{"label":"36 2\/3","value":"EU 36 2\/3","price":"","pimage":"","pimage_id":"","pthumb":"","color":""},{"label":"37 1\/3","value":"EU 37 1\/3","price":"","pimage":"","pimage_id":"","pthumb":"","color":""},{"label":"38","value":"EU 38","price":"","pimage":"","pimage_id":"","pthumb":"","color":""},{"label":"38 2\/3","value":"EU 38 2\/3","price":"","pimage":"","pimage_id":"","pthumb":"","color":""},{"label":"39 1\/3","value":"EU 39 1\/3","price":"","pimage":"","pimage_id":"","pthumb":"","color":""},{"label":"40","value":"EU 40","price":"","pimage":"","pimage_id":"","pthumb":"","color":""},{"label":"40 2\/3","value":"EU 40 2\/3","price":"","pimage":"","pimage_id":"","pthumb":"","color":""},{"label":"41 1\/3","value":"EU 41 1\/3","price":"","pimage":"","pimage_id":"","pthumb":"","color":""},{"label":"42","value":"EU 42","price":"","pimage":"","pimage_id":"","pthumb":"","color":""},{"label":"42 2\/3","value":"EU 42 2\/3","price":"","pimage":"","pimage_id":"","pthumb":"","color":""},{"label":"43 1\/3","value":"EU 43 1\/3","price":"","pimage":"","pimage_id":"","pthumb":"","color":""},{"label":"44","value":"EU 44","price":"","pimage":"","pimage_id":"","pthumb":"","color":""},{"label":"44 2\/3","value":"EU 44 2\/3","price":"","pimage":"","pimage_id":"","pthumb":"","color":""},{"label":"45 1\/3","value":"EU 45 1\/3","price":"","pimage":"","pimage_id":"","pthumb":"","color":""},{"label":"46","value":"EU 46","price":"","pimage":"","pimage_id":"","pthumb":"","color":""},{"label":"46 2\/3","value":"EU 46 2\/3","price":"","pimage":"","pimage_id":"","pthumb":"","color":""},{"label":"47 1\/3","value":"EU 47 1\/3","price":"","pimage":"","pimage_id":"","pthumb":"","color":""}],"relations":[{"operator":false,"rules":[]}],"form_id":24802,"form_rules":{"pric_cal_option_once":false,"exclude_from_discount":false,"pric_use_as_fee":false,"fee_label":"Fee","render_after_acb":false,"disp_hide_options_price":false}}]},"yoast_head":"<!-- This site is optimized with the Yoast SEO plugin v26.5 - https:\/\/yoast.com\/wordpress\/plugins\/seo\/ -->\n<title>(Women) Adidas Barricade 14 Sneakers Cloud White\/Core Black\/Cloud White  - Tourcruiser PTE. LTD<\/title>\n<meta name=\"robots\" content=\"index, follow, max-snippet:-1, max-image-preview:large, max-video-preview:-1\" \/>\n<link rel=\"canonical\" href=\"https:\/\/tourcruiser.com\/\" \/>\n<meta property=\"og:locale\" content=\"de_DE\" \/>\n<meta property=\"og:type\" content=\"article\" \/>\n<meta property=\"og:title\" content=\"(Women) Adidas Barricade 14 Sneakers Cloud White\/Core Black\/Cloud White  - Tourcruiser PTE. LTD\" \/>\n<meta property=\"og:description\" content=\"adidas Barricade 14 \u201d\u201d Cloud White\/Core Black\/Cloud White\" \/>\n<meta property=\"og:url\" content=\"\/\" \/>\n<meta property=\"og:site_name\" content=\"Tourcruiser Sneaker Store\" \/>\n<meta property=\"article:modified_time\" content=\"2026-03-27T18:35:13+00:00\" \/>\n<meta name=\"twitter:card\" content=\"summary_large_image\" \/>\n<meta name=\"twitter:image\" content=\"https:\/\/images.novelship.com\/product\/_women__adidas_barricade_14_sneakers_cloud_white_c_0_17451.jpeg;https:\/\/images.novelship.com\/product\/_women__adidas_barricade_14_sneakers_cloud_white_c_1_17451.jpeg;https:\/\/images.novelship.com\/product\/_women__adidas_barricade_14_sneakers_cloud_white_c_2_17451.jpeg;https:\/\/images.novelship.com\/product\/_women__adidas_barricade_14_sneakers_cloud_white_c_3_17451.jpeg;https:\/\/images.novelship.com\/product\/_women__adidas_barricade_14_sneakers_cloud_white_c_4_17451.jpeg;https:\/\/images.novelship.com\/product\/_women__adidas_barricade_14_sneakers_cloud_white_c_5_17451.jpeg;https:\/\/images.novelship.com\/product\/_women__adidas_barricade_14_sneakers_cloud_white_c_6_17451.jpeg;https:\/\/images.novelship.com\/product\/_women__adidas_barricade_14_sneakers_cloud_white_c_7_17451.jpeg;https:\/\/images.novelship.com\/product\/_women__adidas_barricade_14_sneakers_cloud_white_c_8_17451.jpeg;https:\/\/images.novelship.com\/product\/_women__adidas_barricade_14_sneakers_cloud_white_c_9_17451.jpeg\" \/>\n<meta name=\"twitter:label1\" content=\"Gesch\u00e4tzte Lesezeit\" \/>\n\t<meta name=\"twitter:data1\" content=\"1\u00a0Minute\" \/>\n<script type=\"application\/ld+json\" class=\"yoast-schema-graph\">{\"@context\":\"https:\/\/schema.org\",\"@graph\":[{\"@type\":\"WebPage\",\"@id\":\"\/\",\"url\":\"https:\/\/tourcruiser.com\/\",\"name\":\"(Women) Adidas Barricade 14 Sneakers Cloud White\/Core Black\/Cloud White - Tourcruiser PTE. LTD\",\"isPartOf\":{\"@id\":\"https:\/\/tourcruiser.com\/de\/#website\"},\"primaryImageOfPage\":{\"@id\":\"https:\/\/tourcruiser.com\/#primaryimage\"},\"image\":{\"@id\":\"https:\/\/tourcruiser.com\/#primaryimage\"},\"thumbnailUrl\":\"https:\/\/images.novelship.com\/product\/_women__adidas_barricade_14_sneakers_cloud_white_c_0_17451.jpeg;https:\/\/images.novelship.com\/product\/_women__adidas_barricade_14_sneakers_cloud_white_c_1_17451.jpeg;https:\/\/images.novelship.com\/product\/_women__adidas_barricade_14_sneakers_cloud_white_c_2_17451.jpeg;https:\/\/images.novelship.com\/product\/_women__adidas_barricade_14_sneakers_cloud_white_c_3_17451.jpeg;https:\/\/images.novelship.com\/product\/_women__adidas_barricade_14_sneakers_cloud_white_c_4_17451.jpeg;https:\/\/images.novelship.com\/product\/_women__adidas_barricade_14_sneakers_cloud_white_c_5_17451.jpeg;https:\/\/images.novelship.com\/product\/_women__adidas_barricade_14_sneakers_cloud_white_c_6_17451.jpeg;https:\/\/images.novelship.com\/product\/_women__adidas_barricade_14_sneakers_cloud_white_c_7_17451.jpeg;https:\/\/images.novelship.com\/product\/_women__adidas_barricade_14_sneakers_cloud_white_c_8_17451.jpeg;https:\/\/images.novelship.com\/product\/_women__adidas_barricade_14_sneakers_cloud_white_c_9_17451.jpeg\",\"datePublished\":\"2026-03-02T09:15:54+00:00\",\"dateModified\":\"2026-03-27T18:35:13+00:00\",\"breadcrumb\":{\"@id\":\"https:\/\/tourcruiser.com\/#breadcrumb\"},\"inLanguage\":\"de\",\"potentialAction\":[{\"@type\":\"ReadAction\",\"target\":[\"https:\/\/tourcruiser.com\/\"]}]},{\"@type\":\"ImageObject\",\"inLanguage\":\"de\",\"@id\":\"https:\/\/tourcruiser.com\/#primaryimage\",\"url\":\"https:\/\/images.novelship.com\/product\/_women__adidas_barricade_14_sneakers_cloud_white_c_0_17451.jpeg;https:\/\/images.novelship.com\/product\/_women__adidas_barricade_14_sneakers_cloud_white_c_1_17451.jpeg;https:\/\/images.novelship.com\/product\/_women__adidas_barricade_14_sneakers_cloud_white_c_2_17451.jpeg;https:\/\/images.novelship.com\/product\/_women__adidas_barricade_14_sneakers_cloud_white_c_3_17451.jpeg;https:\/\/images.novelship.com\/product\/_women__adidas_barricade_14_sneakers_cloud_white_c_4_17451.jpeg;https:\/\/images.novelship.com\/product\/_women__adidas_barricade_14_sneakers_cloud_white_c_5_17451.jpeg;https:\/\/images.novelship.com\/product\/_women__adidas_barricade_14_sneakers_cloud_white_c_6_17451.jpeg;https:\/\/images.novelship.com\/product\/_women__adidas_barricade_14_sneakers_cloud_white_c_7_17451.jpeg;https:\/\/images.novelship.com\/product\/_women__adidas_barricade_14_sneakers_cloud_white_c_8_17451.jpeg;https:\/\/images.novelship.com\/product\/_women__adidas_barricade_14_sneakers_cloud_white_c_9_17451.jpeg\",\"contentUrl\":\"https:\/\/images.novelship.com\/product\/_women__adidas_barricade_14_sneakers_cloud_white_c_0_17451.jpeg;https:\/\/images.novelship.com\/product\/_women__adidas_barricade_14_sneakers_cloud_white_c_1_17451.jpeg;https:\/\/images.novelship.com\/product\/_women__adidas_barricade_14_sneakers_cloud_white_c_2_17451.jpeg;https:\/\/images.novelship.com\/product\/_women__adidas_barricade_14_sneakers_cloud_white_c_3_17451.jpeg;https:\/\/images.novelship.com\/product\/_women__adidas_barricade_14_sneakers_cloud_white_c_4_17451.jpeg;https:\/\/images.novelship.com\/product\/_women__adidas_barricade_14_sneakers_cloud_white_c_5_17451.jpeg;https:\/\/images.novelship.com\/product\/_women__adidas_barricade_14_sneakers_cloud_white_c_6_17451.jpeg;https:\/\/images.novelship.com\/product\/_women__adidas_barricade_14_sneakers_cloud_white_c_7_17451.jpeg;https:\/\/images.novelship.com\/product\/_women__adidas_barricade_14_sneakers_cloud_white_c_8_17451.jpeg;https:\/\/images.novelship.com\/product\/_women__adidas_barricade_14_sneakers_cloud_white_c_9_17451.jpeg\"},{\"@type\":\"BreadcrumbList\",\"@id\":\"https:\/\/tourcruiser.com\/#breadcrumb\",\"itemListElement\":[{\"@type\":\"ListItem\",\"position\":1,\"name\":\"Home\",\"item\":\"https:\/\/tourcruiser.com\/de\/\"},{\"@type\":\"ListItem\",\"position\":2,\"name\":\"Shop\",\"item\":\"https:\/\/tourcruiser.com\/de\/shop\/\"},{\"@type\":\"ListItem\",\"position\":3,\"name\":\"(Women) Adidas Barricade 14 Sneakers Cloud White\/Core Black\/Cloud White\"}]},{\"@type\":\"WebSite\",\"@id\":\"https:\/\/tourcruiser.com\/de\/#website\",\"url\":\"https:\/\/tourcruiser.com\/de\/\",\"name\":\"Styloral Jewelry Shop\",\"description\":\"Tourcruiser Sneaker Store \u2014 der Ort, an dem das Universum deine Einzigartigkeit trifft.\",\"publisher\":{\"@id\":\"https:\/\/tourcruiser.com\/de\/#organization\"},\"potentialAction\":[{\"@type\":\"SearchAction\",\"target\":{\"@type\":\"EntryPoint\",\"urlTemplate\":\"https:\/\/tourcruiser.com\/de\/?s={search_term_string}\"},\"query-input\":{\"@type\":\"PropertyValueSpecification\",\"valueRequired\":true,\"valueName\":\"search_term_string\"}}],\"inLanguage\":\"de\"},{\"@type\":\"Organization\",\"@id\":\"https:\/\/tourcruiser.com\/de\/#organization\",\"name\":\"STYLORAL PTE. LTD\",\"url\":\"https:\/\/tourcruiser.com\/de\/\",\"logo\":{\"@type\":\"ImageObject\",\"inLanguage\":\"de\",\"@id\":\"https:\/\/tourcruiser.com\/de\/#\/schema\/logo\/image\/\",\"url\":\"https:\/\/www.tourcruiser.com\/wp-content\/uploads\/2025\/12\/logo.png\",\"contentUrl\":\"https:\/\/www.tourcruiser.com\/wp-content\/uploads\/2025\/12\/logo.png\",\"width\":200,\"height\":65,\"caption\":\"STYLORAL PTE. LTD\"},\"image\":{\"@id\":\"https:\/\/tourcruiser.com\/de\/#\/schema\/logo\/image\/\"}}]}<\/script>\n<!-- \/ Yoast SEO plugin. -->","yoast_head_json":{"title":"(Women) Adidas Barricade 14 Sneakers Cloud White\/Core Black\/Cloud White  - Tourcruiser PTE. LTD","robots":{"index":"index","follow":"follow","max-snippet":"max-snippet:-1","max-image-preview":"max-image-preview:large","max-video-preview":"max-video-preview:-1"},"canonical":"https:\/\/tourcruiser.com\/","og_locale":"de_DE","og_type":"article","og_title":"(Women) Adidas Barricade 14 Sneakers Cloud White\/Core Black\/Cloud White  - Tourcruiser PTE. LTD","og_description":"adidas Barricade 14 \u201d\u201d Cloud White\/Core Black\/Cloud White","og_url":"\/","og_site_name":"Tourcruiser Sneaker Store","article_modified_time":"2026-03-27T18:35:13+00:00","twitter_card":"summary_large_image","twitter_image":"https:\/\/images.novelship.com\/product\/_women__adidas_barricade_14_sneakers_cloud_white_c_0_17451.jpeg;https:\/\/images.novelship.com\/product\/_women__adidas_barricade_14_sneakers_cloud_white_c_1_17451.jpeg;https:\/\/images.novelship.com\/product\/_women__adidas_barricade_14_sneakers_cloud_white_c_2_17451.jpeg;https:\/\/images.novelship.com\/product\/_women__adidas_barricade_14_sneakers_cloud_white_c_3_17451.jpeg;https:\/\/images.novelship.com\/product\/_women__adidas_barricade_14_sneakers_cloud_white_c_4_17451.jpeg;https:\/\/images.novelship.com\/product\/_women__adidas_barricade_14_sneakers_cloud_white_c_5_17451.jpeg;https:\/\/images.novelship.com\/product\/_women__adidas_barricade_14_sneakers_cloud_white_c_6_17451.jpeg;https:\/\/images.novelship.com\/product\/_women__adidas_barricade_14_sneakers_cloud_white_c_7_17451.jpeg;https:\/\/images.novelship.com\/product\/_women__adidas_barricade_14_sneakers_cloud_white_c_8_17451.jpeg;https:\/\/images.novelship.com\/product\/_women__adidas_barricade_14_sneakers_cloud_white_c_9_17451.jpeg","twitter_misc":{"Gesch\u00e4tzte Lesezeit":"1\u00a0Minute"},"schema":{"@context":"https:\/\/schema.org","@graph":[{"@type":"WebPage","@id":"\/","url":"https:\/\/tourcruiser.com\/","name":"(Women) Adidas Barricade 14 Sneakers Cloud White\/Core Black\/Cloud White - Tourcruiser PTE. LTD","isPartOf":{"@id":"https:\/\/tourcruiser.com\/de\/#website"},"primaryImageOfPage":{"@id":"https:\/\/tourcruiser.com\/#primaryimage"},"image":{"@id":"https:\/\/tourcruiser.com\/#primaryimage"},"thumbnailUrl":"https:\/\/images.novelship.com\/product\/_women__adidas_barricade_14_sneakers_cloud_white_c_0_17451.jpeg;https:\/\/images.novelship.com\/product\/_women__adidas_barricade_14_sneakers_cloud_white_c_1_17451.jpeg;https:\/\/images.novelship.com\/product\/_women__adidas_barricade_14_sneakers_cloud_white_c_2_17451.jpeg;https:\/\/images.novelship.com\/product\/_women__adidas_barricade_14_sneakers_cloud_white_c_3_17451.jpeg;https:\/\/images.novelship.com\/product\/_women__adidas_barricade_14_sneakers_cloud_white_c_4_17451.jpeg;https:\/\/images.novelship.com\/product\/_women__adidas_barricade_14_sneakers_cloud_white_c_5_17451.jpeg;https:\/\/images.novelship.com\/product\/_women__adidas_barricade_14_sneakers_cloud_white_c_6_17451.jpeg;https:\/\/images.novelship.com\/product\/_women__adidas_barricade_14_sneakers_cloud_white_c_7_17451.jpeg;https:\/\/images.novelship.com\/product\/_women__adidas_barricade_14_sneakers_cloud_white_c_8_17451.jpeg;https:\/\/images.novelship.com\/product\/_women__adidas_barricade_14_sneakers_cloud_white_c_9_17451.jpeg","datePublished":"2026-03-02T09:15:54+00:00","dateModified":"2026-03-27T18:35:13+00:00","breadcrumb":{"@id":"https:\/\/tourcruiser.com\/#breadcrumb"},"inLanguage":"de","potentialAction":[{"@type":"ReadAction","target":["https:\/\/tourcruiser.com\/"]}]},{"@type":"ImageObject","inLanguage":"de","@id":"https:\/\/tourcruiser.com\/#primaryimage","url":"https:\/\/images.novelship.com\/product\/_women__adidas_barricade_14_sneakers_cloud_white_c_0_17451.jpeg;https:\/\/images.novelship.com\/product\/_women__adidas_barricade_14_sneakers_cloud_white_c_1_17451.jpeg;https:\/\/images.novelship.com\/product\/_women__adidas_barricade_14_sneakers_cloud_white_c_2_17451.jpeg;https:\/\/images.novelship.com\/product\/_women__adidas_barricade_14_sneakers_cloud_white_c_3_17451.jpeg;https:\/\/images.novelship.com\/product\/_women__adidas_barricade_14_sneakers_cloud_white_c_4_17451.jpeg;https:\/\/images.novelship.com\/product\/_women__adidas_barricade_14_sneakers_cloud_white_c_5_17451.jpeg;https:\/\/images.novelship.com\/product\/_women__adidas_barricade_14_sneakers_cloud_white_c_6_17451.jpeg;https:\/\/images.novelship.com\/product\/_women__adidas_barricade_14_sneakers_cloud_white_c_7_17451.jpeg;https:\/\/images.novelship.com\/product\/_women__adidas_barricade_14_sneakers_cloud_white_c_8_17451.jpeg;https:\/\/images.novelship.com\/product\/_women__adidas_barricade_14_sneakers_cloud_white_c_9_17451.jpeg","contentUrl":"https:\/\/images.novelship.com\/product\/_women__adidas_barricade_14_sneakers_cloud_white_c_0_17451.jpeg;https:\/\/images.novelship.com\/product\/_women__adidas_barricade_14_sneakers_cloud_white_c_1_17451.jpeg;https:\/\/images.novelship.com\/product\/_women__adidas_barricade_14_sneakers_cloud_white_c_2_17451.jpeg;https:\/\/images.novelship.com\/product\/_women__adidas_barricade_14_sneakers_cloud_white_c_3_17451.jpeg;https:\/\/images.novelship.com\/product\/_women__adidas_barricade_14_sneakers_cloud_white_c_4_17451.jpeg;https:\/\/images.novelship.com\/product\/_women__adidas_barricade_14_sneakers_cloud_white_c_5_17451.jpeg;https:\/\/images.novelship.com\/product\/_women__adidas_barricade_14_sneakers_cloud_white_c_6_17451.jpeg;https:\/\/images.novelship.com\/product\/_women__adidas_barricade_14_sneakers_cloud_white_c_7_17451.jpeg;https:\/\/images.novelship.com\/product\/_women__adidas_barricade_14_sneakers_cloud_white_c_8_17451.jpeg;https:\/\/images.novelship.com\/product\/_women__adidas_barricade_14_sneakers_cloud_white_c_9_17451.jpeg"},{"@type":"BreadcrumbList","@id":"https:\/\/tourcruiser.com\/#breadcrumb","itemListElement":[{"@type":"ListItem","position":1,"name":"Home","item":"https:\/\/tourcruiser.com\/de\/"},{"@type":"ListItem","position":2,"name":"Shop","item":"https:\/\/tourcruiser.com\/de\/shop\/"},{"@type":"ListItem","position":3,"name":"(Women) Adidas Barricade 14 Sneakers Cloud White\/Core Black\/Cloud White"}]},{"@type":"WebSite","@id":"https:\/\/tourcruiser.com\/de\/#website","url":"https:\/\/tourcruiser.com\/de\/","name":"Styloral Jewelry Shop","description":"Tourcruiser Sneaker Store \u2014 der Ort, an dem das Universum deine Einzigartigkeit trifft.","publisher":{"@id":"https:\/\/tourcruiser.com\/de\/#organization"},"potentialAction":[{"@type":"SearchAction","target":{"@type":"EntryPoint","urlTemplate":"https:\/\/tourcruiser.com\/de\/?s={search_term_string}"},"query-input":{"@type":"PropertyValueSpecification","valueRequired":true,"valueName":"search_term_string"}}],"inLanguage":"de"},{"@type":"Organization","@id":"https:\/\/tourcruiser.com\/de\/#organization","name":"STYLORAL PTE. LTD","url":"https:\/\/tourcruiser.com\/de\/","logo":{"@type":"ImageObject","inLanguage":"de","@id":"https:\/\/tourcruiser.com\/de\/#\/schema\/logo\/image\/","url":"https:\/\/www.tourcruiser.com\/wp-content\/uploads\/2025\/12\/logo.png","contentUrl":"https:\/\/www.tourcruiser.com\/wp-content\/uploads\/2025\/12\/logo.png","width":200,"height":65,"caption":"STYLORAL PTE. LTD"},"image":{"@id":"https:\/\/tourcruiser.com\/de\/#\/schema\/logo\/image\/"}}]}},"_links":{"self":[{"href":"https:\/\/tourcruiser.com\/de\/wp-json\/wp\/v2\/product\/166907","targetHints":{"allow":["GET"]}}],"collection":[{"href":"https:\/\/tourcruiser.com\/de\/wp-json\/wp\/v2\/product"}],"about":[{"href":"https:\/\/tourcruiser.com\/de\/wp-json\/wp\/v2\/types\/product"}],"replies":[{"embeddable":true,"href":"https:\/\/tourcruiser.com\/de\/wp-json\/wp\/v2\/comments?post=166907"}],"wp:featuredmedia":[{"embeddable":true,"href":"https:\/\/tourcruiser.com\/de\/wp-json\/wp\/v2\/media\/166908"}],"wp:attachment":[{"href":"https:\/\/tourcruiser.com\/de\/wp-json\/wp\/v2\/media?parent=166907"}],"wp:term":[{"taxonomy":"product_brand","embeddable":true,"href":"https:\/\/tourcruiser.com\/de\/wp-json\/wp\/v2\/product_brand?post=166907"},{"taxonomy":"product_cat","embeddable":true,"href":"https:\/\/tourcruiser.com\/de\/wp-json\/wp\/v2\/product_cat?post=166907"},{"taxonomy":"product_tag","embeddable":true,"href":"https:\/\/tourcruiser.com\/de\/wp-json\/wp\/v2\/product_tag?post=166907"}],"curies":[{"name":"wp","href":"https:\/\/api.w.org\/{rel}","templated":true}]}}