{"id":166697,"date":"2026-03-02T16:15:38","date_gmt":"2026-03-02T09:15:38","guid":{"rendered":"http:\/\/tourcruiser.com\/product\/patta-x-asics-gel-mai-knit-rose-cloud"},"modified":"2026-03-28T01:35:03","modified_gmt":"2026-03-27T18:35:03","slug":"patta-x-asics-gel-mai-knit-rose-cloud","status":"publish","type":"product","link":"https:\/\/tourcruiser.com\/de\/products\/patta-x-asics-gel-mai-knit-rose-cloud\/","title":{"rendered":"Patta x ASICS Gel Mai Knit &#8218;Rose Cloud&#8216;"},"content":{"rendered":"<p>Mit dem Patta x ASICS Gel Mai Knit &#8218;Rose Cloud&#8216; HQ721-1790 hebst du deinen Sneaker-Style auf. Die auff\u00e4llige Farbgebung in \u201eRose Cloud\u201c vereint auf elegante Weise Pattas urbanes Design mit der innovativen Technologie von ASICS. Das Strickobermaterial sorgt f\u00fcr eine bequeme und flexible Passform, w\u00e4hrend das einzigartige Schn\u00fcrsystem optimalen Halt bietet. Ob in der Freizeit oder beim Sport \u201d\u201c mit diesen Sneakern bist du immer stylisch und komfortabel unterwegs. Verpasse nicht diese limitierte Edition!<\/p>\n<p>Farbgebung: Rose Cloud\/Schwarz<br \/>\nArtikelnummer: HQ721-1790<br \/>\nObermaterial: Textil<br \/>\nZwischensohle: Gel<br \/>\nFarbe: Pink<br \/>\nSaison: Ganzj\u00e4hrig<br \/>\nErscheinungsjahr: 2017<\/p>\n","protected":false},"excerpt":{"rendered":"<p>ASICS Gel Mai Knit \u201d\u201d Rose Cloud\/Black<\/p>\n","protected":false},"featured_media":166698,"comment_status":"open","ping_status":"closed","template":"","meta":[],"product_brand":[],"product_cat":[10792],"product_tag":[10791,11032,10753,10754,10765,10768,10758],"class_list":{"0":"post-166697","1":"product","2":"type-product","3":"status-publish","4":"has-post-thumbnail","6":"product_cat-asics","7":"product_tag-asics","8":"product_tag-asics-running-shoes","9":"product_tag-gift-for-him","10":"product_tag-lifestyle-casual-shoes","11":"product_tag-lifestyle-shoes-running-inspired","12":"product_tag-retro-running-shoes","13":"product_tag-under-retail","14":"wcpa_has_options","16":"first","17":"outofstock","18":"taxable","19":"shipping-taxable","20":"purchasable","21":"product-type-simple"},"wcpa_form_fields":{"rules":{"pric_overide_base_price":false,"pric_overide_base_price_if_gt_zero":false,"pric_overide_base_price_fully":false,"pric_cal_option_once":false,"pric_use_as_fee":false,"bind_quantity":false,"quantity_bind_formula":false},"fields":[{"type":"color-group","required":true,"elementId":"wcpa-color-group-69a5ab08ee12d","label":"Gr\u00f6\u00dfe","inline":true,"priceOptions":"different_for_all","pricingType":"fixed","className":"hassizechart product-shoes-size-eu product-shoes-size","name":"color-group-69a5ab08ee136","disp_type":"square","selection_type":"tick-border","disp_size":"50","show_label_inside":true,"adjust_width":true,"cart_display_type":"text","other_text":"Other","cl_rule":"show","col":6,"values":[{"label":"36","value":"EU 36","price":"","pimage":"","pimage_id":"","pthumb":"","color":"","selected":true},{"label":"37","value":"EU 37","price":"","pimage":"","pimage_id":"","pthumb":"","color":""},{"label":"37.5","value":"EU 37.5","price":"","pimage":"","pimage_id":"","pthumb":"","color":""},{"label":"38","value":"EU 38","price":"","pimage":"","pimage_id":"","pthumb":"","color":""},{"label":"38.5","value":"EU 38.5","price":"","pimage":"","pimage_id":"","pthumb":"","color":""},{"label":"39","value":"EU 39","price":"","pimage":"","pimage_id":"","pthumb":"","color":""},{"label":"39.5","value":"EU 39.5","price":"","pimage":"","pimage_id":"","pthumb":"","color":""},{"label":"40","value":"EU 40","price":"","pimage":"","pimage_id":"","pthumb":"","color":""},{"label":"40.5","value":"EU 40.5","price":"","pimage":"","pimage_id":"","pthumb":"","color":""},{"label":" 41.5","value":"EU 41.5","price":"","pimage":"","pimage_id":"","pthumb":"","color":""},{"label":"42","value":"EU 42","price":"","pimage":"","pimage_id":"","pthumb":"","color":""},{"label":"42.5","value":"EU 42.5","price":"","pimage":"","pimage_id":"","pthumb":"","color":""},{"label":"43.5","value":"EU 43.5","price":"","pimage":"","pimage_id":"","pthumb":"","color":""},{"label":"44","value":"EU 44","price":"","pimage":"","pimage_id":"","pthumb":"","color":""},{"label":"44.5","value":"EU 44.5","price":"","pimage":"","pimage_id":"","pthumb":"","color":""},{"label":"45","value":"EU 45","price":"","pimage":"","pimage_id":"","pthumb":"","color":""}],"relations":[{"operator":false,"rules":[]}],"form_id":184311,"form_rules":{"pric_cal_option_once":false,"exclude_from_discount":false,"pric_use_as_fee":false,"fee_label":"Fee","render_after_acb":false,"disp_hide_options_price":false}}]},"yoast_head":"<!-- This site is optimized with the Yoast SEO plugin v26.5 - https:\/\/yoast.com\/wordpress\/plugins\/seo\/ -->\n<title>Patta x ASICS Gel Mai Knit &#039;Rose Cloud&#039;  - Tourcruiser PTE. LTD<\/title>\n<meta name=\"robots\" content=\"index, follow, max-snippet:-1, max-image-preview:large, max-video-preview:-1\" \/>\n<link rel=\"canonical\" href=\"https:\/\/tourcruiser.com\/de\/products\/patta-x-asics-gel-mai-knit-rose-cloud\/\" \/>\n<meta property=\"og:locale\" content=\"de_DE\" \/>\n<meta property=\"og:type\" content=\"article\" \/>\n<meta property=\"og:title\" content=\"Patta x ASICS Gel Mai Knit &#039;Rose Cloud&#039;  - Tourcruiser PTE. LTD\" \/>\n<meta property=\"og:description\" content=\"ASICS Gel Mai Knit \u201d\u201d Rose Cloud\/Black\" \/>\n<meta property=\"og:url\" content=\"https:\/\/tourcruiser.com\/de\/products\/patta-x-asics-gel-mai-knit-rose-cloud\/\" \/>\n<meta property=\"og:site_name\" content=\"Tourcruiser Sneaker Store\" \/>\n<meta property=\"article:modified_time\" content=\"2026-03-27T18:35:03+00:00\" \/>\n<meta name=\"twitter:card\" content=\"summary_large_image\" \/>\n<meta name=\"twitter:image\" content=\"https:\/\/images.novelship.com\/product\/patta_x_asics_gel_mai_knit__rose_cloud__hq721_1790_0_56094.octet-stream\" \/>\n<script type=\"application\/ld+json\" class=\"yoast-schema-graph\">{\"@context\":\"https:\/\/schema.org\",\"@graph\":[{\"@type\":\"WebPage\",\"@id\":\"https:\/\/tourcruiser.com\/de\/products\/patta-x-asics-gel-mai-knit-rose-cloud\/\",\"url\":\"https:\/\/tourcruiser.com\/de\/products\/patta-x-asics-gel-mai-knit-rose-cloud\/\",\"name\":\"Patta x ASICS Gel Mai Knit 'Rose Cloud' - Tourcruiser PTE. LTD\",\"isPartOf\":{\"@id\":\"https:\/\/tourcruiser.com\/de\/#website\"},\"primaryImageOfPage\":{\"@id\":\"https:\/\/tourcruiser.com\/de\/products\/patta-x-asics-gel-mai-knit-rose-cloud\/#primaryimage\"},\"image\":{\"@id\":\"https:\/\/tourcruiser.com\/de\/products\/patta-x-asics-gel-mai-knit-rose-cloud\/#primaryimage\"},\"thumbnailUrl\":\"https:\/\/images.novelship.com\/product\/patta_x_asics_gel_mai_knit__rose_cloud__hq721_1790_0_56094.octet-stream\",\"datePublished\":\"2026-03-02T09:15:38+00:00\",\"dateModified\":\"2026-03-27T18:35:03+00:00\",\"breadcrumb\":{\"@id\":\"https:\/\/tourcruiser.com\/de\/products\/patta-x-asics-gel-mai-knit-rose-cloud\/#breadcrumb\"},\"inLanguage\":\"de\",\"potentialAction\":[{\"@type\":\"ReadAction\",\"target\":[\"https:\/\/tourcruiser.com\/de\/products\/patta-x-asics-gel-mai-knit-rose-cloud\/\"]}]},{\"@type\":\"ImageObject\",\"inLanguage\":\"de\",\"@id\":\"https:\/\/tourcruiser.com\/de\/products\/patta-x-asics-gel-mai-knit-rose-cloud\/#primaryimage\",\"url\":\"https:\/\/images.novelship.com\/product\/patta_x_asics_gel_mai_knit__rose_cloud__hq721_1790_0_56094.octet-stream\",\"contentUrl\":\"https:\/\/images.novelship.com\/product\/patta_x_asics_gel_mai_knit__rose_cloud__hq721_1790_0_56094.octet-stream\"},{\"@type\":\"BreadcrumbList\",\"@id\":\"https:\/\/tourcruiser.com\/de\/products\/patta-x-asics-gel-mai-knit-rose-cloud\/#breadcrumb\",\"itemListElement\":[{\"@type\":\"ListItem\",\"position\":1,\"name\":\"Home\",\"item\":\"https:\/\/tourcruiser.com\/de\/\"},{\"@type\":\"ListItem\",\"position\":2,\"name\":\"Shop\",\"item\":\"https:\/\/tourcruiser.com\/de\/shop\/\"},{\"@type\":\"ListItem\",\"position\":3,\"name\":\"Patta x ASICS Gel Mai Knit 'Rose Cloud'\"}]},{\"@type\":\"WebSite\",\"@id\":\"https:\/\/tourcruiser.com\/de\/#website\",\"url\":\"https:\/\/tourcruiser.com\/de\/\",\"name\":\"Styloral Jewelry Shop\",\"description\":\"Tourcruiser Sneaker Store \u2014 der Ort, an dem das Universum deine Einzigartigkeit trifft.\",\"publisher\":{\"@id\":\"https:\/\/tourcruiser.com\/de\/#organization\"},\"potentialAction\":[{\"@type\":\"SearchAction\",\"target\":{\"@type\":\"EntryPoint\",\"urlTemplate\":\"https:\/\/tourcruiser.com\/de\/?s={search_term_string}\"},\"query-input\":{\"@type\":\"PropertyValueSpecification\",\"valueRequired\":true,\"valueName\":\"search_term_string\"}}],\"inLanguage\":\"de\"},{\"@type\":\"Organization\",\"@id\":\"https:\/\/tourcruiser.com\/de\/#organization\",\"name\":\"STYLORAL PTE. LTD\",\"url\":\"https:\/\/tourcruiser.com\/de\/\",\"logo\":{\"@type\":\"ImageObject\",\"inLanguage\":\"de\",\"@id\":\"https:\/\/tourcruiser.com\/de\/#\/schema\/logo\/image\/\",\"url\":\"https:\/\/www.tourcruiser.com\/wp-content\/uploads\/2025\/12\/logo.png\",\"contentUrl\":\"https:\/\/www.tourcruiser.com\/wp-content\/uploads\/2025\/12\/logo.png\",\"width\":200,\"height\":65,\"caption\":\"STYLORAL PTE. LTD\"},\"image\":{\"@id\":\"https:\/\/tourcruiser.com\/de\/#\/schema\/logo\/image\/\"}}]}<\/script>\n<!-- \/ Yoast SEO plugin. -->","yoast_head_json":{"title":"Patta x ASICS Gel Mai Knit 'Rose Cloud'  - Tourcruiser PTE. LTD","robots":{"index":"index","follow":"follow","max-snippet":"max-snippet:-1","max-image-preview":"max-image-preview:large","max-video-preview":"max-video-preview:-1"},"canonical":"https:\/\/tourcruiser.com\/de\/products\/patta-x-asics-gel-mai-knit-rose-cloud\/","og_locale":"de_DE","og_type":"article","og_title":"Patta x ASICS Gel Mai Knit 'Rose Cloud'  - Tourcruiser PTE. LTD","og_description":"ASICS Gel Mai Knit \u201d\u201d Rose Cloud\/Black","og_url":"https:\/\/tourcruiser.com\/de\/products\/patta-x-asics-gel-mai-knit-rose-cloud\/","og_site_name":"Tourcruiser Sneaker Store","article_modified_time":"2026-03-27T18:35:03+00:00","twitter_card":"summary_large_image","twitter_image":"https:\/\/images.novelship.com\/product\/patta_x_asics_gel_mai_knit__rose_cloud__hq721_1790_0_56094.octet-stream","schema":{"@context":"https:\/\/schema.org","@graph":[{"@type":"WebPage","@id":"https:\/\/tourcruiser.com\/de\/products\/patta-x-asics-gel-mai-knit-rose-cloud\/","url":"https:\/\/tourcruiser.com\/de\/products\/patta-x-asics-gel-mai-knit-rose-cloud\/","name":"Patta x ASICS Gel Mai Knit 'Rose Cloud' - Tourcruiser PTE. LTD","isPartOf":{"@id":"https:\/\/tourcruiser.com\/de\/#website"},"primaryImageOfPage":{"@id":"https:\/\/tourcruiser.com\/de\/products\/patta-x-asics-gel-mai-knit-rose-cloud\/#primaryimage"},"image":{"@id":"https:\/\/tourcruiser.com\/de\/products\/patta-x-asics-gel-mai-knit-rose-cloud\/#primaryimage"},"thumbnailUrl":"https:\/\/images.novelship.com\/product\/patta_x_asics_gel_mai_knit__rose_cloud__hq721_1790_0_56094.octet-stream","datePublished":"2026-03-02T09:15:38+00:00","dateModified":"2026-03-27T18:35:03+00:00","breadcrumb":{"@id":"https:\/\/tourcruiser.com\/de\/products\/patta-x-asics-gel-mai-knit-rose-cloud\/#breadcrumb"},"inLanguage":"de","potentialAction":[{"@type":"ReadAction","target":["https:\/\/tourcruiser.com\/de\/products\/patta-x-asics-gel-mai-knit-rose-cloud\/"]}]},{"@type":"ImageObject","inLanguage":"de","@id":"https:\/\/tourcruiser.com\/de\/products\/patta-x-asics-gel-mai-knit-rose-cloud\/#primaryimage","url":"https:\/\/images.novelship.com\/product\/patta_x_asics_gel_mai_knit__rose_cloud__hq721_1790_0_56094.octet-stream","contentUrl":"https:\/\/images.novelship.com\/product\/patta_x_asics_gel_mai_knit__rose_cloud__hq721_1790_0_56094.octet-stream"},{"@type":"BreadcrumbList","@id":"https:\/\/tourcruiser.com\/de\/products\/patta-x-asics-gel-mai-knit-rose-cloud\/#breadcrumb","itemListElement":[{"@type":"ListItem","position":1,"name":"Home","item":"https:\/\/tourcruiser.com\/de\/"},{"@type":"ListItem","position":2,"name":"Shop","item":"https:\/\/tourcruiser.com\/de\/shop\/"},{"@type":"ListItem","position":3,"name":"Patta x ASICS Gel Mai Knit 'Rose Cloud'"}]},{"@type":"WebSite","@id":"https:\/\/tourcruiser.com\/de\/#website","url":"https:\/\/tourcruiser.com\/de\/","name":"Styloral Jewelry Shop","description":"Tourcruiser Sneaker Store \u2014 der Ort, an dem das Universum deine Einzigartigkeit trifft.","publisher":{"@id":"https:\/\/tourcruiser.com\/de\/#organization"},"potentialAction":[{"@type":"SearchAction","target":{"@type":"EntryPoint","urlTemplate":"https:\/\/tourcruiser.com\/de\/?s={search_term_string}"},"query-input":{"@type":"PropertyValueSpecification","valueRequired":true,"valueName":"search_term_string"}}],"inLanguage":"de"},{"@type":"Organization","@id":"https:\/\/tourcruiser.com\/de\/#organization","name":"STYLORAL PTE. LTD","url":"https:\/\/tourcruiser.com\/de\/","logo":{"@type":"ImageObject","inLanguage":"de","@id":"https:\/\/tourcruiser.com\/de\/#\/schema\/logo\/image\/","url":"https:\/\/www.tourcruiser.com\/wp-content\/uploads\/2025\/12\/logo.png","contentUrl":"https:\/\/www.tourcruiser.com\/wp-content\/uploads\/2025\/12\/logo.png","width":200,"height":65,"caption":"STYLORAL PTE. LTD"},"image":{"@id":"https:\/\/tourcruiser.com\/de\/#\/schema\/logo\/image\/"}}]}},"_links":{"self":[{"href":"https:\/\/tourcruiser.com\/de\/wp-json\/wp\/v2\/product\/166697","targetHints":{"allow":["GET"]}}],"collection":[{"href":"https:\/\/tourcruiser.com\/de\/wp-json\/wp\/v2\/product"}],"about":[{"href":"https:\/\/tourcruiser.com\/de\/wp-json\/wp\/v2\/types\/product"}],"replies":[{"embeddable":true,"href":"https:\/\/tourcruiser.com\/de\/wp-json\/wp\/v2\/comments?post=166697"}],"wp:featuredmedia":[{"embeddable":true,"href":"https:\/\/tourcruiser.com\/de\/wp-json\/wp\/v2\/media\/166698"}],"wp:attachment":[{"href":"https:\/\/tourcruiser.com\/de\/wp-json\/wp\/v2\/media?parent=166697"}],"wp:term":[{"taxonomy":"product_brand","embeddable":true,"href":"https:\/\/tourcruiser.com\/de\/wp-json\/wp\/v2\/product_brand?post=166697"},{"taxonomy":"product_cat","embeddable":true,"href":"https:\/\/tourcruiser.com\/de\/wp-json\/wp\/v2\/product_cat?post=166697"},{"taxonomy":"product_tag","embeddable":true,"href":"https:\/\/tourcruiser.com\/de\/wp-json\/wp\/v2\/product_tag?post=166697"}],"curies":[{"name":"wp","href":"https:\/\/api.w.org\/{rel}","templated":true}]}}