{"id":166472,"date":"2026-03-02T16:15:18","date_gmt":"2026-03-02T09:15:18","guid":{"rendered":"http:\/\/tourcruiser.com\/product\/women-nike-air-max-dn-premium-dusty-cactus"},"modified":"2026-03-28T01:34:53","modified_gmt":"2026-03-27T18:34:53","slug":"women-nike-air-max-dn-premium-dusty-cactus","status":"publish","type":"product","link":"https:\/\/tourcruiser.com\/de\/products\/women-nike-air-max-dn-premium-dusty-cactus\/","title":{"rendered":"(Women) Nike Air Max Dn Premium &#8218;Dusty Cactus&#8216;"},"content":{"rendered":"<p>Erleben Sie zeitlosen Stil und Komfort f\u00fcr jeden Tag mit dem Nike Air Max Dawn Premium \u201d\u201c speziell f\u00fcr Frauen, die Wert auf Performance und Eleganz legen. Dieser Sneaker aus hochwertigen Materialien besticht durch sein schlankes, raffiniertes Design in einer vielseitigen Farbgebung und f\u00fcgt sich m\u00fchelos in jedes Outfit ein. Die vom klassischen Nike-Stil inspirierte Silhouette wird durch die legend\u00e4re Air-D\u00e4mpfungstechnologie von Nike optimiert und bietet so au\u00dfergew\u00f6hnlichen Halt und Komfort f\u00fcr den ganzen Tag. Die strapazierf\u00e4hige Gummiau\u00dfensohle sorgt f\u00fcr optimale Traktion und gibt Ihnen bei jedem Schritt Sicherheit, egal ob Sie die Stra\u00dfen der Stadt erkunden oder im Fitnessstudio trainieren. Der Nike Air Max Dawn Premium wurde mit Blick auf Nachhaltigkeit entwickelt und verwendet recycelte Materialien \u201d\u201c eine umweltbewusste Wahl f\u00fcr die moderne Frau. Ganz im Sinne von Nikes Engagement f\u00fcr Funktionalit\u00e4t und zukunftsweisende \u00c4sthetik definiert dieser Schuh l\u00e4ssige Schuhe f\u00fcr einen aktiven Lebensstil neu. Ob elegant oder l\u00e4ssig \u201d\u201c mit dem Nike Air Max Dawn Premium HQ0013-300 bist du in Sachen Style, Komfort und Performance immer einen Schritt voraus.<\/p>\n<ul>\n<li><strong>Farbgebung:<\/strong> Dusty Cactus\/Light Aqua\/Dynamic Turquoise\/Schwarz<\/li>\n<li><strong>Style-Code:<\/strong> HQ0013-300<\/li>\n<li><strong>Obermaterial:<\/strong> Mesh<\/li>\n<li><strong>Mittelsohle:<\/strong> Air<\/li>\n<li><strong>Farbe:<\/strong> Teal<\/li>\n<\/ul>\n","protected":false},"excerpt":{"rendered":"<p>Nike Air Max Dawn Premium \u201d\u201d Dusty Cactus\/Light Aqua\/Dynamic Turquoise\/Black<\/p>\n","protected":false},"featured_media":166473,"comment_status":"open","ping_status":"closed","template":"","meta":[],"product_brand":[],"product_cat":[10809],"product_tag":[10750,10754,10765,10801,10758],"class_list":{"0":"post-166472","1":"product","2":"type-product","3":"status-publish","4":"has-post-thumbnail","6":"product_cat-nike-women","7":"product_tag-athleisure-shoes","8":"product_tag-lifestyle-casual-shoes","9":"product_tag-lifestyle-shoes-running-inspired","10":"product_tag-nike","11":"product_tag-under-retail","12":"wcpa_has_options","14":"first","15":"outofstock","16":"taxable","17":"shipping-taxable","18":"purchasable","19":"product-type-simple"},"wcpa_form_fields":{"rules":{"pric_overide_base_price":false,"pric_overide_base_price_if_gt_zero":false,"pric_overide_base_price_fully":false,"pric_cal_option_once":false,"pric_use_as_fee":false,"bind_quantity":false,"quantity_bind_formula":false},"fields":[{"type":"color-group","required":true,"elementId":"wcpa-color-group-66c4a75505e74","label":"Gr\u00f6\u00dfe - EU Gr\u00f6\u00dfe","inline":true,"priceOptions":"different_for_all","pricingType":"fixed","className":"hassizechart product-shoes-size-eu product-shoes-size","name":"color-group-66c4a75505e89","disp_type":"square","selection_type":"tick-border","disp_size":"44","show_label_inside":true,"adjust_width":true,"cart_display_type":"text","other_text":"Other","cl_rule":"show","col":6,"values":[{"label":"35.5","value":"EU 35.5","price":"","pimage":"","pimage_id":"","pthumb":"","color":""},{"label":"36","value":"EU 36","price":"","pimage":"","pimage_id":"","pthumb":"","color":"","selected":true},{"label":"36.5","value":"EU 36.5","price":"","pimage":"","pimage_id":"","pthumb":"","color":""},{"label":"37.5","value":"EU 37.5","price":"","pimage":"","pimage_id":"","pthumb":"","color":""},{"label":"38","value":"EU 38","price":"","pimage":"","pimage_id":"","pthumb":"","color":""},{"label":"38.5","value":"EU 38.5","price":"","pimage":"","pimage_id":"","pthumb":"","color":""},{"label":"39","value":"EU 39","price":"","pimage":"","pimage_id":"","pthumb":"","color":""},{"label":"40","value":"EU 40","price":"","pimage":"","pimage_id":"","pthumb":"","color":""},{"label":"40.5","value":"EU 40.5","price":"","pimage":"","pimage_id":"","pthumb":"","color":""},{"label":"41","value":"EU 41","price":"","pimage":"","pimage_id":"","pthumb":"","color":""},{"label":"42","value":"EU 42","price":"","pimage":"","pimage_id":"","pthumb":"","color":""},{"label":"42.5","value":"EU 42.5","price":"","pimage":"","pimage_id":"","pthumb":"","color":""},{"label":"43","value":"EU 43","price":"","pimage":"","pimage_id":"","pthumb":"","color":""},{"label":"44","value":"EU 44","price":"","pimage":"","pimage_id":"","pthumb":"","color":""},{"label":"44.5","value":"EU 44.5","price":"","pimage":"","pimage_id":"","pthumb":"","color":""},{"label":"45","value":"EU 45","price":"","pimage":"","pimage_id":"","pthumb":"","color":""},{"label":"45.5","value":"EU 45.5","price":"","pimage":"","pimage_id":"","pthumb":"","color":""},{"label":"46","value":"EU 46","price":"","pimage":"","pimage_id":"","pthumb":"","color":""},{"label":"47","value":"EU 47","price":"","pimage":"","pimage_id":"","pthumb":"","color":""},{"label":"47.5","value":"EU 47.5","price":"","pimage":"","pimage_id":"","pthumb":"","color":""},{"label":"48","value":"EU 48","price":"","pimage":"","pimage_id":"","pthumb":"","color":""}],"relations":[{"operator":false,"rules":[]}],"form_id":18106,"form_rules":{"pric_cal_option_once":false,"exclude_from_discount":false,"pric_use_as_fee":false,"fee_label":"Fee","render_after_acb":false,"disp_hide_options_price":false}}]},"yoast_head":"<!-- This site is optimized with the Yoast SEO plugin v26.5 - https:\/\/yoast.com\/wordpress\/plugins\/seo\/ -->\n<title>(Women) Nike Air Max Dn Premium &#039;Dusty Cactus&#039;  - Tourcruiser PTE. LTD<\/title>\n<meta name=\"robots\" content=\"index, follow, max-snippet:-1, max-image-preview:large, max-video-preview:-1\" \/>\n<link rel=\"canonical\" href=\"https:\/\/tourcruiser.com\/de\/products\/women-nike-air-max-dn-premium-dusty-cactus\/\" \/>\n<meta property=\"og:locale\" content=\"de_DE\" \/>\n<meta property=\"og:type\" content=\"article\" \/>\n<meta property=\"og:title\" content=\"(Women) Nike Air Max Dn Premium &#039;Dusty Cactus&#039;  - Tourcruiser PTE. LTD\" \/>\n<meta property=\"og:description\" content=\"Nike Air Max Dawn Premium \u201d\u201d Dusty Cactus\/Light Aqua\/Dynamic Turquoise\/Black\" \/>\n<meta property=\"og:url\" content=\"https:\/\/tourcruiser.com\/de\/products\/women-nike-air-max-dn-premium-dusty-cactus\/\" \/>\n<meta property=\"og:site_name\" content=\"Tourcruiser Sneaker Store\" \/>\n<meta property=\"article:modified_time\" content=\"2026-03-27T18:34:53+00:00\" \/>\n<meta name=\"twitter:card\" content=\"summary_large_image\" \/>\n<meta name=\"twitter:image\" content=\"https:\/\/images.novelship.com\/product\/_women__nike_air_max_dawn_premium_hq0013-300_0_51521.png;https:\/\/images.novelship.com\/product\/_women__nike_air_max_dawn_premium_hq0013-300_1_51521.png;https:\/\/images.novelship.com\/product\/_women__nike_air_max_dawn_premium_hq0013-300_2_51521.png;https:\/\/images.novelship.com\/product\/_women__nike_air_max_dawn_premium_hq0013-300_3_51521.png;https:\/\/images.novelship.com\/product\/_women__nike_air_max_dawn_premium_hq0013-300_4_51521.png;https:\/\/images.novelship.com\/product\/_women__nike_air_max_dawn_premium_hq0013-300_5_51521.png;https:\/\/images.novelship.com\/product\/_women__nike_air_max_dawn_premium_hq0013-300_6_51521.png;https:\/\/images.novelship.com\/product\/_women__nike_air_max_dawn_premium_hq0013-300_7_51521.png\" \/>\n<meta name=\"twitter:label1\" content=\"Gesch\u00e4tzte Lesezeit\" \/>\n\t<meta name=\"twitter:data1\" content=\"1\u00a0Minute\" \/>\n<script type=\"application\/ld+json\" class=\"yoast-schema-graph\">{\"@context\":\"https:\/\/schema.org\",\"@graph\":[{\"@type\":\"WebPage\",\"@id\":\"https:\/\/tourcruiser.com\/de\/products\/women-nike-air-max-dn-premium-dusty-cactus\/\",\"url\":\"https:\/\/tourcruiser.com\/de\/products\/women-nike-air-max-dn-premium-dusty-cactus\/\",\"name\":\"(Women) Nike Air Max Dn Premium 'Dusty Cactus' - Tourcruiser PTE. LTD\",\"isPartOf\":{\"@id\":\"https:\/\/tourcruiser.com\/de\/#website\"},\"primaryImageOfPage\":{\"@id\":\"https:\/\/tourcruiser.com\/de\/products\/women-nike-air-max-dn-premium-dusty-cactus\/#primaryimage\"},\"image\":{\"@id\":\"https:\/\/tourcruiser.com\/de\/products\/women-nike-air-max-dn-premium-dusty-cactus\/#primaryimage\"},\"thumbnailUrl\":\"https:\/\/images.novelship.com\/product\/_women__nike_air_max_dawn_premium_hq0013-300_0_51521.png;https:\/\/images.novelship.com\/product\/_women__nike_air_max_dawn_premium_hq0013-300_1_51521.png;https:\/\/images.novelship.com\/product\/_women__nike_air_max_dawn_premium_hq0013-300_2_51521.png;https:\/\/images.novelship.com\/product\/_women__nike_air_max_dawn_premium_hq0013-300_3_51521.png;https:\/\/images.novelship.com\/product\/_women__nike_air_max_dawn_premium_hq0013-300_4_51521.png;https:\/\/images.novelship.com\/product\/_women__nike_air_max_dawn_premium_hq0013-300_5_51521.png;https:\/\/images.novelship.com\/product\/_women__nike_air_max_dawn_premium_hq0013-300_6_51521.png;https:\/\/images.novelship.com\/product\/_women__nike_air_max_dawn_premium_hq0013-300_7_51521.png\",\"datePublished\":\"2026-03-02T09:15:18+00:00\",\"dateModified\":\"2026-03-27T18:34:53+00:00\",\"breadcrumb\":{\"@id\":\"https:\/\/tourcruiser.com\/de\/products\/women-nike-air-max-dn-premium-dusty-cactus\/#breadcrumb\"},\"inLanguage\":\"de\",\"potentialAction\":[{\"@type\":\"ReadAction\",\"target\":[\"https:\/\/tourcruiser.com\/de\/products\/women-nike-air-max-dn-premium-dusty-cactus\/\"]}]},{\"@type\":\"ImageObject\",\"inLanguage\":\"de\",\"@id\":\"https:\/\/tourcruiser.com\/de\/products\/women-nike-air-max-dn-premium-dusty-cactus\/#primaryimage\",\"url\":\"https:\/\/images.novelship.com\/product\/_women__nike_air_max_dawn_premium_hq0013-300_0_51521.png;https:\/\/images.novelship.com\/product\/_women__nike_air_max_dawn_premium_hq0013-300_1_51521.png;https:\/\/images.novelship.com\/product\/_women__nike_air_max_dawn_premium_hq0013-300_2_51521.png;https:\/\/images.novelship.com\/product\/_women__nike_air_max_dawn_premium_hq0013-300_3_51521.png;https:\/\/images.novelship.com\/product\/_women__nike_air_max_dawn_premium_hq0013-300_4_51521.png;https:\/\/images.novelship.com\/product\/_women__nike_air_max_dawn_premium_hq0013-300_5_51521.png;https:\/\/images.novelship.com\/product\/_women__nike_air_max_dawn_premium_hq0013-300_6_51521.png;https:\/\/images.novelship.com\/product\/_women__nike_air_max_dawn_premium_hq0013-300_7_51521.png\",\"contentUrl\":\"https:\/\/images.novelship.com\/product\/_women__nike_air_max_dawn_premium_hq0013-300_0_51521.png;https:\/\/images.novelship.com\/product\/_women__nike_air_max_dawn_premium_hq0013-300_1_51521.png;https:\/\/images.novelship.com\/product\/_women__nike_air_max_dawn_premium_hq0013-300_2_51521.png;https:\/\/images.novelship.com\/product\/_women__nike_air_max_dawn_premium_hq0013-300_3_51521.png;https:\/\/images.novelship.com\/product\/_women__nike_air_max_dawn_premium_hq0013-300_4_51521.png;https:\/\/images.novelship.com\/product\/_women__nike_air_max_dawn_premium_hq0013-300_5_51521.png;https:\/\/images.novelship.com\/product\/_women__nike_air_max_dawn_premium_hq0013-300_6_51521.png;https:\/\/images.novelship.com\/product\/_women__nike_air_max_dawn_premium_hq0013-300_7_51521.png\"},{\"@type\":\"BreadcrumbList\",\"@id\":\"https:\/\/tourcruiser.com\/de\/products\/women-nike-air-max-dn-premium-dusty-cactus\/#breadcrumb\",\"itemListElement\":[{\"@type\":\"ListItem\",\"position\":1,\"name\":\"Home\",\"item\":\"https:\/\/tourcruiser.com\/de\/\"},{\"@type\":\"ListItem\",\"position\":2,\"name\":\"Shop\",\"item\":\"https:\/\/tourcruiser.com\/de\/shop\/\"},{\"@type\":\"ListItem\",\"position\":3,\"name\":\"(Women) Nike Air Max Dn Premium 'Dusty Cactus'\"}]},{\"@type\":\"WebSite\",\"@id\":\"https:\/\/tourcruiser.com\/de\/#website\",\"url\":\"https:\/\/tourcruiser.com\/de\/\",\"name\":\"Styloral Jewelry Shop\",\"description\":\"Tourcruiser Sneaker Store \u2014 der Ort, an dem das Universum deine Einzigartigkeit trifft.\",\"publisher\":{\"@id\":\"https:\/\/tourcruiser.com\/de\/#organization\"},\"potentialAction\":[{\"@type\":\"SearchAction\",\"target\":{\"@type\":\"EntryPoint\",\"urlTemplate\":\"https:\/\/tourcruiser.com\/de\/?s={search_term_string}\"},\"query-input\":{\"@type\":\"PropertyValueSpecification\",\"valueRequired\":true,\"valueName\":\"search_term_string\"}}],\"inLanguage\":\"de\"},{\"@type\":\"Organization\",\"@id\":\"https:\/\/tourcruiser.com\/de\/#organization\",\"name\":\"STYLORAL PTE. LTD\",\"url\":\"https:\/\/tourcruiser.com\/de\/\",\"logo\":{\"@type\":\"ImageObject\",\"inLanguage\":\"de\",\"@id\":\"https:\/\/tourcruiser.com\/de\/#\/schema\/logo\/image\/\",\"url\":\"https:\/\/www.tourcruiser.com\/wp-content\/uploads\/2025\/12\/logo.png\",\"contentUrl\":\"https:\/\/www.tourcruiser.com\/wp-content\/uploads\/2025\/12\/logo.png\",\"width\":200,\"height\":65,\"caption\":\"STYLORAL PTE. LTD\"},\"image\":{\"@id\":\"https:\/\/tourcruiser.com\/de\/#\/schema\/logo\/image\/\"}}]}<\/script>\n<!-- \/ Yoast SEO plugin. -->","yoast_head_json":{"title":"(Women) Nike Air Max Dn Premium 'Dusty Cactus'  - Tourcruiser PTE. LTD","robots":{"index":"index","follow":"follow","max-snippet":"max-snippet:-1","max-image-preview":"max-image-preview:large","max-video-preview":"max-video-preview:-1"},"canonical":"https:\/\/tourcruiser.com\/de\/products\/women-nike-air-max-dn-premium-dusty-cactus\/","og_locale":"de_DE","og_type":"article","og_title":"(Women) Nike Air Max Dn Premium 'Dusty Cactus'  - Tourcruiser PTE. LTD","og_description":"Nike Air Max Dawn Premium \u201d\u201d Dusty Cactus\/Light Aqua\/Dynamic Turquoise\/Black","og_url":"https:\/\/tourcruiser.com\/de\/products\/women-nike-air-max-dn-premium-dusty-cactus\/","og_site_name":"Tourcruiser Sneaker Store","article_modified_time":"2026-03-27T18:34:53+00:00","twitter_card":"summary_large_image","twitter_image":"https:\/\/images.novelship.com\/product\/_women__nike_air_max_dawn_premium_hq0013-300_0_51521.png;https:\/\/images.novelship.com\/product\/_women__nike_air_max_dawn_premium_hq0013-300_1_51521.png;https:\/\/images.novelship.com\/product\/_women__nike_air_max_dawn_premium_hq0013-300_2_51521.png;https:\/\/images.novelship.com\/product\/_women__nike_air_max_dawn_premium_hq0013-300_3_51521.png;https:\/\/images.novelship.com\/product\/_women__nike_air_max_dawn_premium_hq0013-300_4_51521.png;https:\/\/images.novelship.com\/product\/_women__nike_air_max_dawn_premium_hq0013-300_5_51521.png;https:\/\/images.novelship.com\/product\/_women__nike_air_max_dawn_premium_hq0013-300_6_51521.png;https:\/\/images.novelship.com\/product\/_women__nike_air_max_dawn_premium_hq0013-300_7_51521.png","twitter_misc":{"Gesch\u00e4tzte Lesezeit":"1\u00a0Minute"},"schema":{"@context":"https:\/\/schema.org","@graph":[{"@type":"WebPage","@id":"https:\/\/tourcruiser.com\/de\/products\/women-nike-air-max-dn-premium-dusty-cactus\/","url":"https:\/\/tourcruiser.com\/de\/products\/women-nike-air-max-dn-premium-dusty-cactus\/","name":"(Women) Nike Air Max Dn Premium 'Dusty Cactus' - Tourcruiser PTE. LTD","isPartOf":{"@id":"https:\/\/tourcruiser.com\/de\/#website"},"primaryImageOfPage":{"@id":"https:\/\/tourcruiser.com\/de\/products\/women-nike-air-max-dn-premium-dusty-cactus\/#primaryimage"},"image":{"@id":"https:\/\/tourcruiser.com\/de\/products\/women-nike-air-max-dn-premium-dusty-cactus\/#primaryimage"},"thumbnailUrl":"https:\/\/images.novelship.com\/product\/_women__nike_air_max_dawn_premium_hq0013-300_0_51521.png;https:\/\/images.novelship.com\/product\/_women__nike_air_max_dawn_premium_hq0013-300_1_51521.png;https:\/\/images.novelship.com\/product\/_women__nike_air_max_dawn_premium_hq0013-300_2_51521.png;https:\/\/images.novelship.com\/product\/_women__nike_air_max_dawn_premium_hq0013-300_3_51521.png;https:\/\/images.novelship.com\/product\/_women__nike_air_max_dawn_premium_hq0013-300_4_51521.png;https:\/\/images.novelship.com\/product\/_women__nike_air_max_dawn_premium_hq0013-300_5_51521.png;https:\/\/images.novelship.com\/product\/_women__nike_air_max_dawn_premium_hq0013-300_6_51521.png;https:\/\/images.novelship.com\/product\/_women__nike_air_max_dawn_premium_hq0013-300_7_51521.png","datePublished":"2026-03-02T09:15:18+00:00","dateModified":"2026-03-27T18:34:53+00:00","breadcrumb":{"@id":"https:\/\/tourcruiser.com\/de\/products\/women-nike-air-max-dn-premium-dusty-cactus\/#breadcrumb"},"inLanguage":"de","potentialAction":[{"@type":"ReadAction","target":["https:\/\/tourcruiser.com\/de\/products\/women-nike-air-max-dn-premium-dusty-cactus\/"]}]},{"@type":"ImageObject","inLanguage":"de","@id":"https:\/\/tourcruiser.com\/de\/products\/women-nike-air-max-dn-premium-dusty-cactus\/#primaryimage","url":"https:\/\/images.novelship.com\/product\/_women__nike_air_max_dawn_premium_hq0013-300_0_51521.png;https:\/\/images.novelship.com\/product\/_women__nike_air_max_dawn_premium_hq0013-300_1_51521.png;https:\/\/images.novelship.com\/product\/_women__nike_air_max_dawn_premium_hq0013-300_2_51521.png;https:\/\/images.novelship.com\/product\/_women__nike_air_max_dawn_premium_hq0013-300_3_51521.png;https:\/\/images.novelship.com\/product\/_women__nike_air_max_dawn_premium_hq0013-300_4_51521.png;https:\/\/images.novelship.com\/product\/_women__nike_air_max_dawn_premium_hq0013-300_5_51521.png;https:\/\/images.novelship.com\/product\/_women__nike_air_max_dawn_premium_hq0013-300_6_51521.png;https:\/\/images.novelship.com\/product\/_women__nike_air_max_dawn_premium_hq0013-300_7_51521.png","contentUrl":"https:\/\/images.novelship.com\/product\/_women__nike_air_max_dawn_premium_hq0013-300_0_51521.png;https:\/\/images.novelship.com\/product\/_women__nike_air_max_dawn_premium_hq0013-300_1_51521.png;https:\/\/images.novelship.com\/product\/_women__nike_air_max_dawn_premium_hq0013-300_2_51521.png;https:\/\/images.novelship.com\/product\/_women__nike_air_max_dawn_premium_hq0013-300_3_51521.png;https:\/\/images.novelship.com\/product\/_women__nike_air_max_dawn_premium_hq0013-300_4_51521.png;https:\/\/images.novelship.com\/product\/_women__nike_air_max_dawn_premium_hq0013-300_5_51521.png;https:\/\/images.novelship.com\/product\/_women__nike_air_max_dawn_premium_hq0013-300_6_51521.png;https:\/\/images.novelship.com\/product\/_women__nike_air_max_dawn_premium_hq0013-300_7_51521.png"},{"@type":"BreadcrumbList","@id":"https:\/\/tourcruiser.com\/de\/products\/women-nike-air-max-dn-premium-dusty-cactus\/#breadcrumb","itemListElement":[{"@type":"ListItem","position":1,"name":"Home","item":"https:\/\/tourcruiser.com\/de\/"},{"@type":"ListItem","position":2,"name":"Shop","item":"https:\/\/tourcruiser.com\/de\/shop\/"},{"@type":"ListItem","position":3,"name":"(Women) Nike Air Max Dn Premium 'Dusty Cactus'"}]},{"@type":"WebSite","@id":"https:\/\/tourcruiser.com\/de\/#website","url":"https:\/\/tourcruiser.com\/de\/","name":"Styloral Jewelry Shop","description":"Tourcruiser Sneaker Store \u2014 der Ort, an dem das Universum deine Einzigartigkeit trifft.","publisher":{"@id":"https:\/\/tourcruiser.com\/de\/#organization"},"potentialAction":[{"@type":"SearchAction","target":{"@type":"EntryPoint","urlTemplate":"https:\/\/tourcruiser.com\/de\/?s={search_term_string}"},"query-input":{"@type":"PropertyValueSpecification","valueRequired":true,"valueName":"search_term_string"}}],"inLanguage":"de"},{"@type":"Organization","@id":"https:\/\/tourcruiser.com\/de\/#organization","name":"STYLORAL PTE. LTD","url":"https:\/\/tourcruiser.com\/de\/","logo":{"@type":"ImageObject","inLanguage":"de","@id":"https:\/\/tourcruiser.com\/de\/#\/schema\/logo\/image\/","url":"https:\/\/www.tourcruiser.com\/wp-content\/uploads\/2025\/12\/logo.png","contentUrl":"https:\/\/www.tourcruiser.com\/wp-content\/uploads\/2025\/12\/logo.png","width":200,"height":65,"caption":"STYLORAL PTE. LTD"},"image":{"@id":"https:\/\/tourcruiser.com\/de\/#\/schema\/logo\/image\/"}}]}},"_links":{"self":[{"href":"https:\/\/tourcruiser.com\/de\/wp-json\/wp\/v2\/product\/166472","targetHints":{"allow":["GET"]}}],"collection":[{"href":"https:\/\/tourcruiser.com\/de\/wp-json\/wp\/v2\/product"}],"about":[{"href":"https:\/\/tourcruiser.com\/de\/wp-json\/wp\/v2\/types\/product"}],"replies":[{"embeddable":true,"href":"https:\/\/tourcruiser.com\/de\/wp-json\/wp\/v2\/comments?post=166472"}],"wp:featuredmedia":[{"embeddable":true,"href":"https:\/\/tourcruiser.com\/de\/wp-json\/wp\/v2\/media\/166473"}],"wp:attachment":[{"href":"https:\/\/tourcruiser.com\/de\/wp-json\/wp\/v2\/media?parent=166472"}],"wp:term":[{"taxonomy":"product_brand","embeddable":true,"href":"https:\/\/tourcruiser.com\/de\/wp-json\/wp\/v2\/product_brand?post=166472"},{"taxonomy":"product_cat","embeddable":true,"href":"https:\/\/tourcruiser.com\/de\/wp-json\/wp\/v2\/product_cat?post=166472"},{"taxonomy":"product_tag","embeddable":true,"href":"https:\/\/tourcruiser.com\/de\/wp-json\/wp\/v2\/product_tag?post=166472"}],"curies":[{"name":"wp","href":"https:\/\/api.w.org\/{rel}","templated":true}]}}