{"id":16638,"date":"2026-02-20T15:06:51","date_gmt":"2026-02-20T08:06:51","guid":{"rendered":"http:\/\/tourcruiser.com\/product\/nike-grateful-dead-x-university-of-oregon-x-air-max-90-grateful-ducks-im2511-100"},"modified":"2026-03-10T23:35:10","modified_gmt":"2026-03-10T16:35:10","slug":"nike-grateful-dead-x-university-of-oregon-x-air-max-90-grateful-ducks-im2511-100","status":"publish","type":"product","link":"https:\/\/tourcruiser.com\/de\/products\/nike-grateful-dead-x-university-of-oregon-x-air-max-90-grateful-ducks-im2511-100\/","title":{"rendered":"Nike Grateful Dead x University Of Oregon x Air Max 90 &#8218;Grateful Ducks&#8216;"},"content":{"rendered":"<p>Feiere die perfekte Verschmelzung von ikonischem Stil und traditionsreicher Geschichte mit dem Nike Air Max 90 Grateful Dead University of Oregon Grateful Ducks IM2511-100. Dieser exklusive Sneaker zollt mit seinem markanten Design und der hochwertigen Verarbeitung der lebendigen Kultur der University of Oregon und der legend\u00e4ren Grateful Dead Tribut. Die cleane wei\u00dfe Basis wird durch die charakteristischen gr\u00fcnen und gelben Farbt\u00f6ne der Ducks akzentuiert. Der Schuh besticht durch aufwendige Details, die von der unverwechselbaren \u00c4sthetik der Grateful Dead inspiriert sind. Die klassische Air Max 90 Silhouette garantiert dank der sichtbaren Air-D\u00e4mpfung und der strapazierf\u00e4higen Materialien h\u00f6chsten Tragekomfort und macht ihn so perfekt f\u00fcr jeden Tag oder als Statement-Piece in jeder Sammlung. Dieser Schuh ist ein Must-have f\u00fcr Fans von Musik, Sport und zeitloser Streetwear \u2013 ein absolutes Muss f\u00fcr alle, die die Verbindung von Kreativit\u00e4t und Tradition zu sch\u00e4tzen wissen. Ob du \u00fcber den Campus schlenderst, zu einem Konzert gehst oder deinen Sneaker-Style aufpeppen willst \u2013 der Nike Air Max 90 Grateful Dead University of Oregon Grateful Ducks bietet ikonischen Flair und un\u00fcbertroffene Performance.<\/p>\n<ul>\n<li><strong>Farbgebung:<\/strong> Sail\/Green Shock\/Yellow Strike<\/li>\n<li><strong>Style-Code:<\/strong> IM2511-100<\/li>\n<li><strong>Obermaterial:<\/strong> Textil<\/li>\n<li><strong>Mittelsohle:<\/strong> Air<\/li>\n<li><strong>Farbe:<\/strong> Beige<\/li>\n<li><strong>Designer:<\/strong> Tinker Hatfield<\/li>\n<li><strong>Saison:<\/strong> Herbst<\/li>\n<li><strong>Erscheinungsjahr:<\/strong> 2025<\/li>\n<\/ul>\n","protected":false},"excerpt":{"rendered":"<p>Nike Air Max 90 \u2014 Sail\/Green Shock\/Yellow Strike<\/p>\n","protected":false},"featured_media":189402,"comment_status":"open","ping_status":"closed","template":"","meta":[],"product_brand":[],"product_cat":[6654],"product_tag":[],"class_list":{"0":"post-16638","1":"product","2":"type-product","3":"status-publish","4":"has-post-thumbnail","6":"product_cat-nike-2026","7":"wcpa_has_options","9":"first","10":"instock","11":"taxable","12":"shipping-taxable","13":"purchasable","14":"product-type-simple"},"wcpa_form_fields":{"rules":{"pric_overide_base_price":false,"pric_overide_base_price_if_gt_zero":false,"pric_overide_base_price_fully":false,"pric_cal_option_once":false,"pric_use_as_fee":false,"bind_quantity":false,"quantity_bind_formula":false},"fields":[{"type":"color-group","required":true,"elementId":"wcpa-color-group-66c4a75505e74","label":"Gr\u00f6\u00dfe - EU Gr\u00f6\u00dfe","inline":true,"priceOptions":"different_for_all","pricingType":"fixed","className":"hassizechart product-shoes-size-eu product-shoes-size","name":"color-group-66c4a75505e89","disp_type":"square","selection_type":"tick-border","disp_size":"44","show_label_inside":true,"adjust_width":true,"cart_display_type":"text","other_text":"Other","cl_rule":"show","col":6,"values":[{"label":"35.5","value":"EU 35.5","price":"","pimage":"","pimage_id":"","pthumb":"","color":""},{"label":"36","value":"EU 36","price":"","pimage":"","pimage_id":"","pthumb":"","color":"","selected":true},{"label":"36.5","value":"EU 36.5","price":"","pimage":"","pimage_id":"","pthumb":"","color":""},{"label":"37.5","value":"EU 37.5","price":"","pimage":"","pimage_id":"","pthumb":"","color":""},{"label":"38","value":"EU 38","price":"","pimage":"","pimage_id":"","pthumb":"","color":""},{"label":"38.5","value":"EU 38.5","price":"","pimage":"","pimage_id":"","pthumb":"","color":""},{"label":"39","value":"EU 39","price":"","pimage":"","pimage_id":"","pthumb":"","color":""},{"label":"40","value":"EU 40","price":"","pimage":"","pimage_id":"","pthumb":"","color":""},{"label":"40.5","value":"EU 40.5","price":"","pimage":"","pimage_id":"","pthumb":"","color":""},{"label":"41","value":"EU 41","price":"","pimage":"","pimage_id":"","pthumb":"","color":""},{"label":"42","value":"EU 42","price":"","pimage":"","pimage_id":"","pthumb":"","color":""},{"label":"42.5","value":"EU 42.5","price":"","pimage":"","pimage_id":"","pthumb":"","color":""},{"label":"43","value":"EU 43","price":"","pimage":"","pimage_id":"","pthumb":"","color":""},{"label":"44","value":"EU 44","price":"","pimage":"","pimage_id":"","pthumb":"","color":""},{"label":"44.5","value":"EU 44.5","price":"","pimage":"","pimage_id":"","pthumb":"","color":""},{"label":"45","value":"EU 45","price":"","pimage":"","pimage_id":"","pthumb":"","color":""},{"label":"45.5","value":"EU 45.5","price":"","pimage":"","pimage_id":"","pthumb":"","color":""},{"label":"46","value":"EU 46","price":"","pimage":"","pimage_id":"","pthumb":"","color":""},{"label":"47","value":"EU 47","price":"","pimage":"","pimage_id":"","pthumb":"","color":""},{"label":"47.5","value":"EU 47.5","price":"","pimage":"","pimage_id":"","pthumb":"","color":""},{"label":"48","value":"EU 48","price":"","pimage":"","pimage_id":"","pthumb":"","color":""}],"relations":[{"operator":false,"rules":[]}],"form_id":18106,"form_rules":{"pric_cal_option_once":false,"exclude_from_discount":false,"pric_use_as_fee":false,"fee_label":"Fee","render_after_acb":false,"disp_hide_options_price":false}}]},"yoast_head":"<!-- This site is optimized with the Yoast SEO plugin v26.5 - https:\/\/yoast.com\/wordpress\/plugins\/seo\/ -->\n<title>Nike Grateful Dead x University Of Oregon x Air Max 90 &#039;Grateful Ducks&#039; - Tourcruiser PTE. LTD<\/title>\n<meta name=\"robots\" content=\"index, follow, max-snippet:-1, max-image-preview:large, max-video-preview:-1\" \/>\n<link rel=\"canonical\" href=\"https:\/\/tourcruiser.com\/de\/products\/nike-grateful-dead-x-university-of-oregon-x-air-max-90-grateful-ducks-im2511-100\/\" \/>\n<meta property=\"og:locale\" content=\"de_DE\" \/>\n<meta property=\"og:type\" content=\"article\" \/>\n<meta property=\"og:title\" content=\"Nike Grateful Dead x University Of Oregon x Air Max 90 &#039;Grateful Ducks&#039; - Tourcruiser PTE. LTD\" \/>\n<meta property=\"og:description\" content=\"Nike Air Max 90 \u2014 Sail\/Green Shock\/Yellow Strike\" \/>\n<meta property=\"og:url\" content=\"https:\/\/tourcruiser.com\/de\/products\/nike-grateful-dead-x-university-of-oregon-x-air-max-90-grateful-ducks-im2511-100\/\" \/>\n<meta property=\"og:site_name\" content=\"Tourcruiser Sneaker Store\" \/>\n<meta property=\"article:modified_time\" content=\"2026-03-10T16:35:10+00:00\" \/>\n<meta name=\"twitter:card\" content=\"summary_large_image\" \/>\n<meta name=\"twitter:image\" content=\"https:\/\/www.nicekicks.com\/files\/2025\/10\/image-2-5-1200x1200.jpg\" \/>\n<meta name=\"twitter:label1\" content=\"Gesch\u00e4tzte Lesezeit\" \/>\n\t<meta name=\"twitter:data1\" content=\"2\u00a0Minuten\" \/>\n<script type=\"application\/ld+json\" class=\"yoast-schema-graph\">{\"@context\":\"https:\/\/schema.org\",\"@graph\":[{\"@type\":\"WebPage\",\"@id\":\"https:\/\/tourcruiser.com\/de\/products\/nike-grateful-dead-x-university-of-oregon-x-air-max-90-grateful-ducks-im2511-100\/\",\"url\":\"https:\/\/tourcruiser.com\/de\/products\/nike-grateful-dead-x-university-of-oregon-x-air-max-90-grateful-ducks-im2511-100\/\",\"name\":\"Nike Grateful Dead x University Of Oregon x Air Max 90 'Grateful Ducks' - Tourcruiser PTE. LTD\",\"isPartOf\":{\"@id\":\"https:\/\/tourcruiser.com\/de\/#website\"},\"primaryImageOfPage\":{\"@id\":\"https:\/\/tourcruiser.com\/de\/products\/nike-grateful-dead-x-university-of-oregon-x-air-max-90-grateful-ducks-im2511-100\/#primaryimage\"},\"image\":{\"@id\":\"https:\/\/tourcruiser.com\/de\/products\/nike-grateful-dead-x-university-of-oregon-x-air-max-90-grateful-ducks-im2511-100\/#primaryimage\"},\"thumbnailUrl\":\"https:\/\/www.nicekicks.com\/files\/2025\/10\/image-2-5-1200x1200.jpg\",\"datePublished\":\"2026-02-20T08:06:51+00:00\",\"dateModified\":\"2026-03-10T16:35:10+00:00\",\"breadcrumb\":{\"@id\":\"https:\/\/tourcruiser.com\/de\/products\/nike-grateful-dead-x-university-of-oregon-x-air-max-90-grateful-ducks-im2511-100\/#breadcrumb\"},\"inLanguage\":\"de\",\"potentialAction\":[{\"@type\":\"ReadAction\",\"target\":[\"https:\/\/tourcruiser.com\/de\/products\/nike-grateful-dead-x-university-of-oregon-x-air-max-90-grateful-ducks-im2511-100\/\"]}]},{\"@type\":\"ImageObject\",\"inLanguage\":\"de\",\"@id\":\"https:\/\/tourcruiser.com\/de\/products\/nike-grateful-dead-x-university-of-oregon-x-air-max-90-grateful-ducks-im2511-100\/#primaryimage\",\"url\":\"https:\/\/www.nicekicks.com\/files\/2025\/10\/image-2-5-1200x1200.jpg\",\"contentUrl\":\"https:\/\/www.nicekicks.com\/files\/2025\/10\/image-2-5-1200x1200.jpg\",\"caption\":\"Nike Grateful Dead x University Of Oregon x Air Max 90 \u2018Grateful Ducks\u2019\"},{\"@type\":\"BreadcrumbList\",\"@id\":\"https:\/\/tourcruiser.com\/de\/products\/nike-grateful-dead-x-university-of-oregon-x-air-max-90-grateful-ducks-im2511-100\/#breadcrumb\",\"itemListElement\":[{\"@type\":\"ListItem\",\"position\":1,\"name\":\"Home\",\"item\":\"https:\/\/tourcruiser.com\/de\/\"},{\"@type\":\"ListItem\",\"position\":2,\"name\":\"Shop\",\"item\":\"https:\/\/tourcruiser.com\/de\/shop\/\"},{\"@type\":\"ListItem\",\"position\":3,\"name\":\"Nike Grateful Dead x University Of Oregon x Air Max 90 'Grateful Ducks'\"}]},{\"@type\":\"WebSite\",\"@id\":\"https:\/\/tourcruiser.com\/de\/#website\",\"url\":\"https:\/\/tourcruiser.com\/de\/\",\"name\":\"Styloral Jewelry Shop\",\"description\":\"Tourcruiser Sneaker Store \u2014 der Ort, an dem das Universum deine Einzigartigkeit trifft.\",\"publisher\":{\"@id\":\"https:\/\/tourcruiser.com\/de\/#organization\"},\"potentialAction\":[{\"@type\":\"SearchAction\",\"target\":{\"@type\":\"EntryPoint\",\"urlTemplate\":\"https:\/\/tourcruiser.com\/de\/?s={search_term_string}\"},\"query-input\":{\"@type\":\"PropertyValueSpecification\",\"valueRequired\":true,\"valueName\":\"search_term_string\"}}],\"inLanguage\":\"de\"},{\"@type\":\"Organization\",\"@id\":\"https:\/\/tourcruiser.com\/de\/#organization\",\"name\":\"STYLORAL PTE. LTD\",\"url\":\"https:\/\/tourcruiser.com\/de\/\",\"logo\":{\"@type\":\"ImageObject\",\"inLanguage\":\"de\",\"@id\":\"https:\/\/tourcruiser.com\/de\/#\/schema\/logo\/image\/\",\"url\":\"https:\/\/www.tourcruiser.com\/wp-content\/uploads\/2025\/12\/logo.png\",\"contentUrl\":\"https:\/\/www.tourcruiser.com\/wp-content\/uploads\/2025\/12\/logo.png\",\"width\":200,\"height\":65,\"caption\":\"STYLORAL PTE. LTD\"},\"image\":{\"@id\":\"https:\/\/tourcruiser.com\/de\/#\/schema\/logo\/image\/\"}}]}<\/script>\n<!-- \/ Yoast SEO plugin. -->","yoast_head_json":{"title":"Nike Grateful Dead x University Of Oregon x Air Max 90 'Grateful Ducks' - Tourcruiser PTE. LTD","robots":{"index":"index","follow":"follow","max-snippet":"max-snippet:-1","max-image-preview":"max-image-preview:large","max-video-preview":"max-video-preview:-1"},"canonical":"https:\/\/tourcruiser.com\/de\/products\/nike-grateful-dead-x-university-of-oregon-x-air-max-90-grateful-ducks-im2511-100\/","og_locale":"de_DE","og_type":"article","og_title":"Nike Grateful Dead x University Of Oregon x Air Max 90 'Grateful Ducks' - Tourcruiser PTE. LTD","og_description":"Nike Air Max 90 \u2014 Sail\/Green Shock\/Yellow Strike","og_url":"https:\/\/tourcruiser.com\/de\/products\/nike-grateful-dead-x-university-of-oregon-x-air-max-90-grateful-ducks-im2511-100\/","og_site_name":"Tourcruiser Sneaker Store","article_modified_time":"2026-03-10T16:35:10+00:00","twitter_card":"summary_large_image","twitter_image":"https:\/\/www.nicekicks.com\/files\/2025\/10\/image-2-5-1200x1200.jpg","twitter_misc":{"Gesch\u00e4tzte Lesezeit":"2\u00a0Minuten"},"schema":{"@context":"https:\/\/schema.org","@graph":[{"@type":"WebPage","@id":"https:\/\/tourcruiser.com\/de\/products\/nike-grateful-dead-x-university-of-oregon-x-air-max-90-grateful-ducks-im2511-100\/","url":"https:\/\/tourcruiser.com\/de\/products\/nike-grateful-dead-x-university-of-oregon-x-air-max-90-grateful-ducks-im2511-100\/","name":"Nike Grateful Dead x University Of Oregon x Air Max 90 'Grateful Ducks' - Tourcruiser PTE. LTD","isPartOf":{"@id":"https:\/\/tourcruiser.com\/de\/#website"},"primaryImageOfPage":{"@id":"https:\/\/tourcruiser.com\/de\/products\/nike-grateful-dead-x-university-of-oregon-x-air-max-90-grateful-ducks-im2511-100\/#primaryimage"},"image":{"@id":"https:\/\/tourcruiser.com\/de\/products\/nike-grateful-dead-x-university-of-oregon-x-air-max-90-grateful-ducks-im2511-100\/#primaryimage"},"thumbnailUrl":"https:\/\/www.nicekicks.com\/files\/2025\/10\/image-2-5-1200x1200.jpg","datePublished":"2026-02-20T08:06:51+00:00","dateModified":"2026-03-10T16:35:10+00:00","breadcrumb":{"@id":"https:\/\/tourcruiser.com\/de\/products\/nike-grateful-dead-x-university-of-oregon-x-air-max-90-grateful-ducks-im2511-100\/#breadcrumb"},"inLanguage":"de","potentialAction":[{"@type":"ReadAction","target":["https:\/\/tourcruiser.com\/de\/products\/nike-grateful-dead-x-university-of-oregon-x-air-max-90-grateful-ducks-im2511-100\/"]}]},{"@type":"ImageObject","inLanguage":"de","@id":"https:\/\/tourcruiser.com\/de\/products\/nike-grateful-dead-x-university-of-oregon-x-air-max-90-grateful-ducks-im2511-100\/#primaryimage","url":"https:\/\/www.nicekicks.com\/files\/2025\/10\/image-2-5-1200x1200.jpg","contentUrl":"https:\/\/www.nicekicks.com\/files\/2025\/10\/image-2-5-1200x1200.jpg","caption":"Nike Grateful Dead x University Of Oregon x Air Max 90 \u2018Grateful Ducks\u2019"},{"@type":"BreadcrumbList","@id":"https:\/\/tourcruiser.com\/de\/products\/nike-grateful-dead-x-university-of-oregon-x-air-max-90-grateful-ducks-im2511-100\/#breadcrumb","itemListElement":[{"@type":"ListItem","position":1,"name":"Home","item":"https:\/\/tourcruiser.com\/de\/"},{"@type":"ListItem","position":2,"name":"Shop","item":"https:\/\/tourcruiser.com\/de\/shop\/"},{"@type":"ListItem","position":3,"name":"Nike Grateful Dead x University Of Oregon x Air Max 90 'Grateful Ducks'"}]},{"@type":"WebSite","@id":"https:\/\/tourcruiser.com\/de\/#website","url":"https:\/\/tourcruiser.com\/de\/","name":"Styloral Jewelry Shop","description":"Tourcruiser Sneaker Store \u2014 der Ort, an dem das Universum deine Einzigartigkeit trifft.","publisher":{"@id":"https:\/\/tourcruiser.com\/de\/#organization"},"potentialAction":[{"@type":"SearchAction","target":{"@type":"EntryPoint","urlTemplate":"https:\/\/tourcruiser.com\/de\/?s={search_term_string}"},"query-input":{"@type":"PropertyValueSpecification","valueRequired":true,"valueName":"search_term_string"}}],"inLanguage":"de"},{"@type":"Organization","@id":"https:\/\/tourcruiser.com\/de\/#organization","name":"STYLORAL PTE. LTD","url":"https:\/\/tourcruiser.com\/de\/","logo":{"@type":"ImageObject","inLanguage":"de","@id":"https:\/\/tourcruiser.com\/de\/#\/schema\/logo\/image\/","url":"https:\/\/www.tourcruiser.com\/wp-content\/uploads\/2025\/12\/logo.png","contentUrl":"https:\/\/www.tourcruiser.com\/wp-content\/uploads\/2025\/12\/logo.png","width":200,"height":65,"caption":"STYLORAL PTE. LTD"},"image":{"@id":"https:\/\/tourcruiser.com\/de\/#\/schema\/logo\/image\/"}}]}},"_links":{"self":[{"href":"https:\/\/tourcruiser.com\/de\/wp-json\/wp\/v2\/product\/16638","targetHints":{"allow":["GET"]}}],"collection":[{"href":"https:\/\/tourcruiser.com\/de\/wp-json\/wp\/v2\/product"}],"about":[{"href":"https:\/\/tourcruiser.com\/de\/wp-json\/wp\/v2\/types\/product"}],"replies":[{"embeddable":true,"href":"https:\/\/tourcruiser.com\/de\/wp-json\/wp\/v2\/comments?post=16638"}],"wp:featuredmedia":[{"embeddable":true,"href":"https:\/\/tourcruiser.com\/de\/wp-json\/wp\/v2\/media\/189402"}],"wp:attachment":[{"href":"https:\/\/tourcruiser.com\/de\/wp-json\/wp\/v2\/media?parent=16638"}],"wp:term":[{"taxonomy":"product_brand","embeddable":true,"href":"https:\/\/tourcruiser.com\/de\/wp-json\/wp\/v2\/product_brand?post=16638"},{"taxonomy":"product_cat","embeddable":true,"href":"https:\/\/tourcruiser.com\/de\/wp-json\/wp\/v2\/product_cat?post=16638"},{"taxonomy":"product_tag","embeddable":true,"href":"https:\/\/tourcruiser.com\/de\/wp-json\/wp\/v2\/product_tag?post=16638"}],"curies":[{"name":"wp","href":"https:\/\/api.w.org\/{rel}","templated":true}]}}