{"id":165886,"date":"2026-03-02T16:14:26","date_gmt":"2026-03-02T09:14:26","guid":{"rendered":"http:\/\/tourcruiser.com\/product\/znsored-high-top-sneakers"},"modified":"2026-03-28T01:34:21","modified_gmt":"2026-03-27T18:34:21","slug":"znsored-high-top-sneakers","status":"publish","type":"product","link":"https:\/\/tourcruiser.com\/de\/products\/znsored-high-top-sneakers\/","title":{"rendered":"ZNSORED High-Top Sneakers"},"content":{"rendered":"<p>Mit den ZNSORED High-Top-Sneakern IE9417 erleben Sie Stil und Komfort in perfekter Harmonie \u201d\u201c die ideale Kombination aus modernem Design und robuster Verarbeitung. Diese High-Tops sind aus hochwertigen Materialien gefertigt und bieten au\u00dfergew\u00f6hnlichen Halt. Sie eignen sich perfekt f\u00fcr den Alltag und intensive Aktivit\u00e4ten. Das elegante, urban inspirierte Design wertet Ihren Look auf und sorgt gleichzeitig f\u00fcr optimale Atmungsaktivit\u00e4t und ein leichtes Tragegef\u00fchl.<\/p>\n<p>Die vielseitigen ZNSORED High-Top-Sneaker IE9417 sind sowohl f\u00fcr Freizeitaktivit\u00e4ten als auch f\u00fcr sportliche Unternehmungen bestens geeignet und bieten die perfekte Balance aus Mode und Funktion. Die gepolsterte Innensohle und die fortschrittliche Sohlentechnologie garantieren hervorragende Sto\u00dfd\u00e4mpfung und ganzt\u00e4gigen Tragekomfort, egal wohin Ihre Abenteuer Sie f\u00fchren. Der hohe Schaft sorgt f\u00fcr zus\u00e4tzliche Stabilit\u00e4t im Kn\u00f6chelbereich, verbessert die Performance und verleiht den Sneakern einen markanten, modernen Look.<\/p>\n<p>Dank aufwendiger N\u00e4hte und innovativem Schn\u00fcrsystem sind diese Sneaker besonders langlebig und vereinen Funktionalit\u00e4t und \u00c4sthetik auf perfekte Weise. Die rutschfeste Au\u00dfensohle bietet zuverl\u00e4ssigen Halt auf verschiedenen Untergr\u00fcnden und macht die Sneaker zur idealen Wahl f\u00fcr alle, die viel unterwegs sind.<\/p>\n<p>Ob im Streetwear-Look oder zu einem etwas ausgefalleneren Outfit \u201d\u201c die ZNSORED High-Top-Sneaker IE9417 sind die perfekte Wahl f\u00fcr alle, die Wert auf eine unverwechselbare Kombination aus Stil, Langlebigkeit und Komfort legen und dabei Wert auf ein internationales Publikum legen.<\/p>\n<p>Farbe: Cloud White\/Cloud White\/Cloud White<\/p>\n<p>Artikelnummer: IE9417<\/p>\n<p>Obermaterial: Leder<\/p>\n<p>Farbe: Wei\u00df<\/p>\n<p>Farbe: Wei\u00df<\/p>\n","protected":false},"excerpt":{"rendered":"<p>adidas ZNSORED High-Top Sneakers \u201d\u201d Cloud White\/Cloud White\/Cloud White<\/p>\n","protected":false},"featured_media":165887,"comment_status":"open","ping_status":"closed","template":"","meta":[],"product_brand":[],"product_cat":[10760],"product_tag":[10759,12026,10754,11036],"class_list":{"0":"post-165886","1":"product","2":"type-product","3":"status-publish","4":"has-post-thumbnail","6":"product_cat-adidas","7":"product_tag-adidas","8":"product_tag-high-top-skateboard-shoes","9":"product_tag-lifestyle-casual-shoes","10":"product_tag-lifestyle-shoes-skateboarding-inspired","11":"wcpa_has_options","13":"first","14":"outofstock","15":"taxable","16":"shipping-taxable","17":"purchasable","18":"product-type-simple"},"wcpa_form_fields":{"rules":{"pric_overide_base_price":false,"pric_overide_base_price_if_gt_zero":false,"pric_overide_base_price_fully":false,"pric_cal_option_once":false,"pric_use_as_fee":false,"bind_quantity":false,"quantity_bind_formula":false},"fields":[{"type":"color-group","required":true,"elementId":"wcpa-color-group-66c4a7f817afe","label":"Gr\u00f6\u00dfe","inline":true,"priceOptions":"different_for_all","pricingType":"fixed","className":"hassizechart product-shoes-size-eu product-shoes-size","name":"color-group-66c4a7f817b18","disp_type":"square","selection_type":"tick-border","disp_size":"50","show_label_inside":true,"adjust_width":true,"cart_display_type":"text","other_text":"Other","cl_rule":"show","col":6,"values":[{"label":"35","value":"EU 35","price":"","pimage":"","pimage_id":"","pthumb":"","color":""},{"label":"35.5","value":"EU 35.5","price":"","pimage":"","pimage_id":"","pthumb":"","color":""},{"label":"36","value":"EU 36","price":"","pimage":"","pimage_id":"","pthumb":"","color":"","selected":true},{"label":"36 2\/3","value":"EU 36 2\/3","price":"","pimage":"","pimage_id":"","pthumb":"","color":""},{"label":"37 1\/3","value":"EU 37 1\/3","price":"","pimage":"","pimage_id":"","pthumb":"","color":""},{"label":"38","value":"EU 38","price":"","pimage":"","pimage_id":"","pthumb":"","color":""},{"label":"38 2\/3","value":"EU 38 2\/3","price":"","pimage":"","pimage_id":"","pthumb":"","color":""},{"label":"39 1\/3","value":"EU 39 1\/3","price":"","pimage":"","pimage_id":"","pthumb":"","color":""},{"label":"40","value":"EU 40","price":"","pimage":"","pimage_id":"","pthumb":"","color":""},{"label":"40 2\/3","value":"EU 40 2\/3","price":"","pimage":"","pimage_id":"","pthumb":"","color":""},{"label":"41 1\/3","value":"EU 41 1\/3","price":"","pimage":"","pimage_id":"","pthumb":"","color":""},{"label":"42","value":"EU 42","price":"","pimage":"","pimage_id":"","pthumb":"","color":""},{"label":"42 2\/3","value":"EU 42 2\/3","price":"","pimage":"","pimage_id":"","pthumb":"","color":""},{"label":"43 1\/3","value":"EU 43 1\/3","price":"","pimage":"","pimage_id":"","pthumb":"","color":""},{"label":"44","value":"EU 44","price":"","pimage":"","pimage_id":"","pthumb":"","color":""},{"label":"44 2\/3","value":"EU 44 2\/3","price":"","pimage":"","pimage_id":"","pthumb":"","color":""},{"label":"45 1\/3","value":"EU 45 1\/3","price":"","pimage":"","pimage_id":"","pthumb":"","color":""},{"label":"46","value":"EU 46","price":"","pimage":"","pimage_id":"","pthumb":"","color":""},{"label":"46 2\/3","value":"EU 46 2\/3","price":"","pimage":"","pimage_id":"","pthumb":"","color":""},{"label":"47 1\/3","value":"EU 47 1\/3","price":"","pimage":"","pimage_id":"","pthumb":"","color":""}],"relations":[{"operator":false,"rules":[]}],"form_id":24802,"form_rules":{"pric_cal_option_once":false,"exclude_from_discount":false,"pric_use_as_fee":false,"fee_label":"Fee","render_after_acb":false,"disp_hide_options_price":false}}]},"yoast_head":"<!-- This site is optimized with the Yoast SEO plugin v26.5 - https:\/\/yoast.com\/wordpress\/plugins\/seo\/ -->\n<title>ZNSORED High-Top Sneakers  - Tourcruiser PTE. LTD<\/title>\n<meta name=\"robots\" content=\"index, follow, max-snippet:-1, max-image-preview:large, max-video-preview:-1\" \/>\n<link rel=\"canonical\" href=\"https:\/\/tourcruiser.com\/\" \/>\n<meta property=\"og:locale\" content=\"de_DE\" \/>\n<meta property=\"og:type\" content=\"article\" \/>\n<meta property=\"og:title\" content=\"ZNSORED High-Top Sneakers  - Tourcruiser PTE. LTD\" \/>\n<meta property=\"og:description\" content=\"adidas ZNSORED High-Top Sneakers \u201d\u201d Cloud White\/Cloud White\/Cloud White\" \/>\n<meta property=\"og:url\" content=\"\/\" \/>\n<meta property=\"og:site_name\" content=\"Tourcruiser Sneaker Store\" \/>\n<meta property=\"article:modified_time\" content=\"2026-03-27T18:34:21+00:00\" \/>\n<meta name=\"twitter:card\" content=\"summary_large_image\" \/>\n<meta name=\"twitter:image\" content=\"https:\/\/images.novelship.com\/product\/znsored_high-top_sneakers_ie9417_0_17747.jpeg;https:\/\/images.novelship.com\/product\/znsored_high-top_sneakers_ie9417_1_17747.jpeg;https:\/\/images.novelship.com\/product\/znsored_high-top_sneakers_ie9417_2_17747.jpeg;https:\/\/images.novelship.com\/product\/znsored_high-top_sneakers_ie9417_3_17747.jpeg;https:\/\/images.novelship.com\/product\/znsored_high-top_sneakers_ie9417_4_17747.jpeg;https:\/\/images.novelship.com\/product\/znsored_high-top_sneakers_ie9417_5_17747.jpeg;https:\/\/images.novelship.com\/product\/znsored_high-top_sneakers_ie9417_6_17748.jpeg;https:\/\/images.novelship.com\/product\/znsored_high-top_sneakers_ie9417_7_17748.jpeg;https:\/\/images.novelship.com\/product\/znsored_high-top_sneakers_ie9417_8_17748.jpeg;https:\/\/images.novelship.com\/product\/znsored_high-top_sneakers_ie9417_9_17748.jpeg;https:\/\/images.novelship.com\/product\/znsored_high-top_sneakers_ie9417_10_17748.jpeg;https:\/\/images.novelship.com\/product\/znsored_high-top_sneakers_ie9417_11_17748.jpeg\" \/>\n<meta name=\"twitter:label1\" content=\"Gesch\u00e4tzte Lesezeit\" \/>\n\t<meta name=\"twitter:data1\" content=\"1\u00a0Minute\" \/>\n<script type=\"application\/ld+json\" class=\"yoast-schema-graph\">{\"@context\":\"https:\/\/schema.org\",\"@graph\":[{\"@type\":\"WebPage\",\"@id\":\"\/\",\"url\":\"https:\/\/tourcruiser.com\/\",\"name\":\"ZNSORED High-Top Sneakers - Tourcruiser PTE. LTD\",\"isPartOf\":{\"@id\":\"https:\/\/tourcruiser.com\/de\/#website\"},\"primaryImageOfPage\":{\"@id\":\"https:\/\/tourcruiser.com\/#primaryimage\"},\"image\":{\"@id\":\"https:\/\/tourcruiser.com\/#primaryimage\"},\"thumbnailUrl\":\"https:\/\/images.novelship.com\/product\/znsored_high-top_sneakers_ie9417_0_17747.jpeg;https:\/\/images.novelship.com\/product\/znsored_high-top_sneakers_ie9417_1_17747.jpeg;https:\/\/images.novelship.com\/product\/znsored_high-top_sneakers_ie9417_2_17747.jpeg;https:\/\/images.novelship.com\/product\/znsored_high-top_sneakers_ie9417_3_17747.jpeg;https:\/\/images.novelship.com\/product\/znsored_high-top_sneakers_ie9417_4_17747.jpeg;https:\/\/images.novelship.com\/product\/znsored_high-top_sneakers_ie9417_5_17747.jpeg;https:\/\/images.novelship.com\/product\/znsored_high-top_sneakers_ie9417_6_17748.jpeg;https:\/\/images.novelship.com\/product\/znsored_high-top_sneakers_ie9417_7_17748.jpeg;https:\/\/images.novelship.com\/product\/znsored_high-top_sneakers_ie9417_8_17748.jpeg;https:\/\/images.novelship.com\/product\/znsored_high-top_sneakers_ie9417_9_17748.jpeg;https:\/\/images.novelship.com\/product\/znsored_high-top_sneakers_ie9417_10_17748.jpeg;https:\/\/images.novelship.com\/product\/znsored_high-top_sneakers_ie9417_11_17748.jpeg\",\"datePublished\":\"2026-03-02T09:14:26+00:00\",\"dateModified\":\"2026-03-27T18:34:21+00:00\",\"breadcrumb\":{\"@id\":\"https:\/\/tourcruiser.com\/#breadcrumb\"},\"inLanguage\":\"de\",\"potentialAction\":[{\"@type\":\"ReadAction\",\"target\":[\"https:\/\/tourcruiser.com\/\"]}]},{\"@type\":\"ImageObject\",\"inLanguage\":\"de\",\"@id\":\"https:\/\/tourcruiser.com\/#primaryimage\",\"url\":\"https:\/\/images.novelship.com\/product\/znsored_high-top_sneakers_ie9417_0_17747.jpeg;https:\/\/images.novelship.com\/product\/znsored_high-top_sneakers_ie9417_1_17747.jpeg;https:\/\/images.novelship.com\/product\/znsored_high-top_sneakers_ie9417_2_17747.jpeg;https:\/\/images.novelship.com\/product\/znsored_high-top_sneakers_ie9417_3_17747.jpeg;https:\/\/images.novelship.com\/product\/znsored_high-top_sneakers_ie9417_4_17747.jpeg;https:\/\/images.novelship.com\/product\/znsored_high-top_sneakers_ie9417_5_17747.jpeg;https:\/\/images.novelship.com\/product\/znsored_high-top_sneakers_ie9417_6_17748.jpeg;https:\/\/images.novelship.com\/product\/znsored_high-top_sneakers_ie9417_7_17748.jpeg;https:\/\/images.novelship.com\/product\/znsored_high-top_sneakers_ie9417_8_17748.jpeg;https:\/\/images.novelship.com\/product\/znsored_high-top_sneakers_ie9417_9_17748.jpeg;https:\/\/images.novelship.com\/product\/znsored_high-top_sneakers_ie9417_10_17748.jpeg;https:\/\/images.novelship.com\/product\/znsored_high-top_sneakers_ie9417_11_17748.jpeg\",\"contentUrl\":\"https:\/\/images.novelship.com\/product\/znsored_high-top_sneakers_ie9417_0_17747.jpeg;https:\/\/images.novelship.com\/product\/znsored_high-top_sneakers_ie9417_1_17747.jpeg;https:\/\/images.novelship.com\/product\/znsored_high-top_sneakers_ie9417_2_17747.jpeg;https:\/\/images.novelship.com\/product\/znsored_high-top_sneakers_ie9417_3_17747.jpeg;https:\/\/images.novelship.com\/product\/znsored_high-top_sneakers_ie9417_4_17747.jpeg;https:\/\/images.novelship.com\/product\/znsored_high-top_sneakers_ie9417_5_17747.jpeg;https:\/\/images.novelship.com\/product\/znsored_high-top_sneakers_ie9417_6_17748.jpeg;https:\/\/images.novelship.com\/product\/znsored_high-top_sneakers_ie9417_7_17748.jpeg;https:\/\/images.novelship.com\/product\/znsored_high-top_sneakers_ie9417_8_17748.jpeg;https:\/\/images.novelship.com\/product\/znsored_high-top_sneakers_ie9417_9_17748.jpeg;https:\/\/images.novelship.com\/product\/znsored_high-top_sneakers_ie9417_10_17748.jpeg;https:\/\/images.novelship.com\/product\/znsored_high-top_sneakers_ie9417_11_17748.jpeg\"},{\"@type\":\"BreadcrumbList\",\"@id\":\"https:\/\/tourcruiser.com\/#breadcrumb\",\"itemListElement\":[{\"@type\":\"ListItem\",\"position\":1,\"name\":\"Home\",\"item\":\"https:\/\/tourcruiser.com\/de\/\"},{\"@type\":\"ListItem\",\"position\":2,\"name\":\"Shop\",\"item\":\"https:\/\/tourcruiser.com\/de\/shop\/\"},{\"@type\":\"ListItem\",\"position\":3,\"name\":\"ZNSORED High-Top Sneakers\"}]},{\"@type\":\"WebSite\",\"@id\":\"https:\/\/tourcruiser.com\/de\/#website\",\"url\":\"https:\/\/tourcruiser.com\/de\/\",\"name\":\"Styloral Jewelry Shop\",\"description\":\"Tourcruiser Sneaker Store \u2014 der Ort, an dem das Universum deine Einzigartigkeit trifft.\",\"publisher\":{\"@id\":\"https:\/\/tourcruiser.com\/de\/#organization\"},\"potentialAction\":[{\"@type\":\"SearchAction\",\"target\":{\"@type\":\"EntryPoint\",\"urlTemplate\":\"https:\/\/tourcruiser.com\/de\/?s={search_term_string}\"},\"query-input\":{\"@type\":\"PropertyValueSpecification\",\"valueRequired\":true,\"valueName\":\"search_term_string\"}}],\"inLanguage\":\"de\"},{\"@type\":\"Organization\",\"@id\":\"https:\/\/tourcruiser.com\/de\/#organization\",\"name\":\"STYLORAL PTE. LTD\",\"url\":\"https:\/\/tourcruiser.com\/de\/\",\"logo\":{\"@type\":\"ImageObject\",\"inLanguage\":\"de\",\"@id\":\"https:\/\/tourcruiser.com\/de\/#\/schema\/logo\/image\/\",\"url\":\"https:\/\/www.tourcruiser.com\/wp-content\/uploads\/2025\/12\/logo.png\",\"contentUrl\":\"https:\/\/www.tourcruiser.com\/wp-content\/uploads\/2025\/12\/logo.png\",\"width\":200,\"height\":65,\"caption\":\"STYLORAL PTE. LTD\"},\"image\":{\"@id\":\"https:\/\/tourcruiser.com\/de\/#\/schema\/logo\/image\/\"}}]}<\/script>\n<!-- \/ Yoast SEO plugin. -->","yoast_head_json":{"title":"ZNSORED High-Top Sneakers  - Tourcruiser PTE. LTD","robots":{"index":"index","follow":"follow","max-snippet":"max-snippet:-1","max-image-preview":"max-image-preview:large","max-video-preview":"max-video-preview:-1"},"canonical":"https:\/\/tourcruiser.com\/","og_locale":"de_DE","og_type":"article","og_title":"ZNSORED High-Top Sneakers  - Tourcruiser PTE. LTD","og_description":"adidas ZNSORED High-Top Sneakers \u201d\u201d Cloud White\/Cloud White\/Cloud White","og_url":"\/","og_site_name":"Tourcruiser Sneaker Store","article_modified_time":"2026-03-27T18:34:21+00:00","twitter_card":"summary_large_image","twitter_image":"https:\/\/images.novelship.com\/product\/znsored_high-top_sneakers_ie9417_0_17747.jpeg;https:\/\/images.novelship.com\/product\/znsored_high-top_sneakers_ie9417_1_17747.jpeg;https:\/\/images.novelship.com\/product\/znsored_high-top_sneakers_ie9417_2_17747.jpeg;https:\/\/images.novelship.com\/product\/znsored_high-top_sneakers_ie9417_3_17747.jpeg;https:\/\/images.novelship.com\/product\/znsored_high-top_sneakers_ie9417_4_17747.jpeg;https:\/\/images.novelship.com\/product\/znsored_high-top_sneakers_ie9417_5_17747.jpeg;https:\/\/images.novelship.com\/product\/znsored_high-top_sneakers_ie9417_6_17748.jpeg;https:\/\/images.novelship.com\/product\/znsored_high-top_sneakers_ie9417_7_17748.jpeg;https:\/\/images.novelship.com\/product\/znsored_high-top_sneakers_ie9417_8_17748.jpeg;https:\/\/images.novelship.com\/product\/znsored_high-top_sneakers_ie9417_9_17748.jpeg;https:\/\/images.novelship.com\/product\/znsored_high-top_sneakers_ie9417_10_17748.jpeg;https:\/\/images.novelship.com\/product\/znsored_high-top_sneakers_ie9417_11_17748.jpeg","twitter_misc":{"Gesch\u00e4tzte Lesezeit":"1\u00a0Minute"},"schema":{"@context":"https:\/\/schema.org","@graph":[{"@type":"WebPage","@id":"\/","url":"https:\/\/tourcruiser.com\/","name":"ZNSORED High-Top Sneakers - Tourcruiser PTE. LTD","isPartOf":{"@id":"https:\/\/tourcruiser.com\/de\/#website"},"primaryImageOfPage":{"@id":"https:\/\/tourcruiser.com\/#primaryimage"},"image":{"@id":"https:\/\/tourcruiser.com\/#primaryimage"},"thumbnailUrl":"https:\/\/images.novelship.com\/product\/znsored_high-top_sneakers_ie9417_0_17747.jpeg;https:\/\/images.novelship.com\/product\/znsored_high-top_sneakers_ie9417_1_17747.jpeg;https:\/\/images.novelship.com\/product\/znsored_high-top_sneakers_ie9417_2_17747.jpeg;https:\/\/images.novelship.com\/product\/znsored_high-top_sneakers_ie9417_3_17747.jpeg;https:\/\/images.novelship.com\/product\/znsored_high-top_sneakers_ie9417_4_17747.jpeg;https:\/\/images.novelship.com\/product\/znsored_high-top_sneakers_ie9417_5_17747.jpeg;https:\/\/images.novelship.com\/product\/znsored_high-top_sneakers_ie9417_6_17748.jpeg;https:\/\/images.novelship.com\/product\/znsored_high-top_sneakers_ie9417_7_17748.jpeg;https:\/\/images.novelship.com\/product\/znsored_high-top_sneakers_ie9417_8_17748.jpeg;https:\/\/images.novelship.com\/product\/znsored_high-top_sneakers_ie9417_9_17748.jpeg;https:\/\/images.novelship.com\/product\/znsored_high-top_sneakers_ie9417_10_17748.jpeg;https:\/\/images.novelship.com\/product\/znsored_high-top_sneakers_ie9417_11_17748.jpeg","datePublished":"2026-03-02T09:14:26+00:00","dateModified":"2026-03-27T18:34:21+00:00","breadcrumb":{"@id":"https:\/\/tourcruiser.com\/#breadcrumb"},"inLanguage":"de","potentialAction":[{"@type":"ReadAction","target":["https:\/\/tourcruiser.com\/"]}]},{"@type":"ImageObject","inLanguage":"de","@id":"https:\/\/tourcruiser.com\/#primaryimage","url":"https:\/\/images.novelship.com\/product\/znsored_high-top_sneakers_ie9417_0_17747.jpeg;https:\/\/images.novelship.com\/product\/znsored_high-top_sneakers_ie9417_1_17747.jpeg;https:\/\/images.novelship.com\/product\/znsored_high-top_sneakers_ie9417_2_17747.jpeg;https:\/\/images.novelship.com\/product\/znsored_high-top_sneakers_ie9417_3_17747.jpeg;https:\/\/images.novelship.com\/product\/znsored_high-top_sneakers_ie9417_4_17747.jpeg;https:\/\/images.novelship.com\/product\/znsored_high-top_sneakers_ie9417_5_17747.jpeg;https:\/\/images.novelship.com\/product\/znsored_high-top_sneakers_ie9417_6_17748.jpeg;https:\/\/images.novelship.com\/product\/znsored_high-top_sneakers_ie9417_7_17748.jpeg;https:\/\/images.novelship.com\/product\/znsored_high-top_sneakers_ie9417_8_17748.jpeg;https:\/\/images.novelship.com\/product\/znsored_high-top_sneakers_ie9417_9_17748.jpeg;https:\/\/images.novelship.com\/product\/znsored_high-top_sneakers_ie9417_10_17748.jpeg;https:\/\/images.novelship.com\/product\/znsored_high-top_sneakers_ie9417_11_17748.jpeg","contentUrl":"https:\/\/images.novelship.com\/product\/znsored_high-top_sneakers_ie9417_0_17747.jpeg;https:\/\/images.novelship.com\/product\/znsored_high-top_sneakers_ie9417_1_17747.jpeg;https:\/\/images.novelship.com\/product\/znsored_high-top_sneakers_ie9417_2_17747.jpeg;https:\/\/images.novelship.com\/product\/znsored_high-top_sneakers_ie9417_3_17747.jpeg;https:\/\/images.novelship.com\/product\/znsored_high-top_sneakers_ie9417_4_17747.jpeg;https:\/\/images.novelship.com\/product\/znsored_high-top_sneakers_ie9417_5_17747.jpeg;https:\/\/images.novelship.com\/product\/znsored_high-top_sneakers_ie9417_6_17748.jpeg;https:\/\/images.novelship.com\/product\/znsored_high-top_sneakers_ie9417_7_17748.jpeg;https:\/\/images.novelship.com\/product\/znsored_high-top_sneakers_ie9417_8_17748.jpeg;https:\/\/images.novelship.com\/product\/znsored_high-top_sneakers_ie9417_9_17748.jpeg;https:\/\/images.novelship.com\/product\/znsored_high-top_sneakers_ie9417_10_17748.jpeg;https:\/\/images.novelship.com\/product\/znsored_high-top_sneakers_ie9417_11_17748.jpeg"},{"@type":"BreadcrumbList","@id":"https:\/\/tourcruiser.com\/#breadcrumb","itemListElement":[{"@type":"ListItem","position":1,"name":"Home","item":"https:\/\/tourcruiser.com\/de\/"},{"@type":"ListItem","position":2,"name":"Shop","item":"https:\/\/tourcruiser.com\/de\/shop\/"},{"@type":"ListItem","position":3,"name":"ZNSORED High-Top Sneakers"}]},{"@type":"WebSite","@id":"https:\/\/tourcruiser.com\/de\/#website","url":"https:\/\/tourcruiser.com\/de\/","name":"Styloral Jewelry Shop","description":"Tourcruiser Sneaker Store \u2014 der Ort, an dem das Universum deine Einzigartigkeit trifft.","publisher":{"@id":"https:\/\/tourcruiser.com\/de\/#organization"},"potentialAction":[{"@type":"SearchAction","target":{"@type":"EntryPoint","urlTemplate":"https:\/\/tourcruiser.com\/de\/?s={search_term_string}"},"query-input":{"@type":"PropertyValueSpecification","valueRequired":true,"valueName":"search_term_string"}}],"inLanguage":"de"},{"@type":"Organization","@id":"https:\/\/tourcruiser.com\/de\/#organization","name":"STYLORAL PTE. LTD","url":"https:\/\/tourcruiser.com\/de\/","logo":{"@type":"ImageObject","inLanguage":"de","@id":"https:\/\/tourcruiser.com\/de\/#\/schema\/logo\/image\/","url":"https:\/\/www.tourcruiser.com\/wp-content\/uploads\/2025\/12\/logo.png","contentUrl":"https:\/\/www.tourcruiser.com\/wp-content\/uploads\/2025\/12\/logo.png","width":200,"height":65,"caption":"STYLORAL PTE. LTD"},"image":{"@id":"https:\/\/tourcruiser.com\/de\/#\/schema\/logo\/image\/"}}]}},"_links":{"self":[{"href":"https:\/\/tourcruiser.com\/de\/wp-json\/wp\/v2\/product\/165886","targetHints":{"allow":["GET"]}}],"collection":[{"href":"https:\/\/tourcruiser.com\/de\/wp-json\/wp\/v2\/product"}],"about":[{"href":"https:\/\/tourcruiser.com\/de\/wp-json\/wp\/v2\/types\/product"}],"replies":[{"embeddable":true,"href":"https:\/\/tourcruiser.com\/de\/wp-json\/wp\/v2\/comments?post=165886"}],"wp:featuredmedia":[{"embeddable":true,"href":"https:\/\/tourcruiser.com\/de\/wp-json\/wp\/v2\/media\/165887"}],"wp:attachment":[{"href":"https:\/\/tourcruiser.com\/de\/wp-json\/wp\/v2\/media?parent=165886"}],"wp:term":[{"taxonomy":"product_brand","embeddable":true,"href":"https:\/\/tourcruiser.com\/de\/wp-json\/wp\/v2\/product_brand?post=165886"},{"taxonomy":"product_cat","embeddable":true,"href":"https:\/\/tourcruiser.com\/de\/wp-json\/wp\/v2\/product_cat?post=165886"},{"taxonomy":"product_tag","embeddable":true,"href":"https:\/\/tourcruiser.com\/de\/wp-json\/wp\/v2\/product_tag?post=165886"}],"curies":[{"name":"wp","href":"https:\/\/api.w.org\/{rel}","templated":true}]}}