{"id":165753,"date":"2026-03-02T16:14:15","date_gmt":"2026-03-02T09:14:15","guid":{"rendered":"http:\/\/tourcruiser.com\/product\/adidas-predator-accuracy4-team-solar-orange-core-black"},"modified":"2026-03-28T01:34:15","modified_gmt":"2026-03-27T18:34:15","slug":"adidas-predator-accuracy4-team-solar-orange-core-black","status":"publish","type":"product","link":"https:\/\/tourcruiser.com\/de\/products\/adidas-predator-accuracy4-team-solar-orange-core-black\/","title":{"rendered":"adidas Predator Accuracy.4 &#8218;Team Solar Orange Core Black&#8216;"},"content":{"rendered":"<p>Wir pr\u00e4sentieren den adidas Predator Accuracy.4 &#8218;Team Solar Orange Core Black&#8216; GW4646! Verbessere dein Fu\u00dfballspiel mit diesen au\u00dfergew\u00f6hnlichen Fu\u00dfballschuhen, die f\u00fcr Pr\u00e4zision und Kontrolle entwickelt wurden. Dank des Control Zone-Obermaterials optimieren diese Schuhe deine Ballkontrolle und Genauigkeit. Die innovative Stollenkonfiguration sorgt f\u00fcr Stabilit\u00e4t und Agilit\u00e4t, w\u00e4hrend das auff\u00e4llige Design in Team Solar Orange auf dem Spielfeld alle Blicke auf sich zieht. Schl\u00fcpfe in den Predator Accuracy.4 und entfessele deine punktgenauen Sch\u00fcsse und P\u00e4sse.<\/p>\n<p>Farbgebung: Team Solar Orange \/ Core Black<br \/>\nArtikelnummer: GW4646<br \/>\nFarbe: Rot<\/p>\n<p>Farbe: Rot<\/p>\n","protected":false},"excerpt":{"rendered":"<p>adidas Predator Accuracy.4 \u201d\u201d Team Solar Orange \/ Core Black<\/p>\n","protected":false},"featured_media":165754,"comment_status":"open","ping_status":"closed","template":"","meta":[],"product_brand":[],"product_cat":[10760],"product_tag":[10759,10749,13117,10847,11087,10753,10802,10986,10987,10785,10786,10758],"class_list":{"0":"post-165753","1":"product","2":"type-product","3":"status-publish","4":"has-post-thumbnail","6":"product_cat-adidas","7":"product_tag-adidas","8":"product_tag-adidas-skateboarding-shoes","9":"product_tag-adidas-soccer-shoes","10":"product_tag-best-finds-under-100","11":"product_tag-firm-ground-fg-football-boots","12":"product_tag-gift-for-him","13":"product_tag-performance-sport-shoes","14":"product_tag-soccer-shoes","15":"product_tag-soccer-shoes-football-cleats","16":"product_tag-trending-deals","17":"product_tag-trending-deals-under-150","18":"product_tag-under-retail","19":"wcpa_has_options","21":"first","22":"outofstock","23":"taxable","24":"shipping-taxable","25":"purchasable","26":"product-type-simple"},"wcpa_form_fields":{"rules":{"pric_overide_base_price":false,"pric_overide_base_price_if_gt_zero":false,"pric_overide_base_price_fully":false,"pric_cal_option_once":false,"pric_use_as_fee":false,"bind_quantity":false,"quantity_bind_formula":false},"fields":[{"type":"color-group","required":true,"elementId":"wcpa-color-group-66c4a7f817afe","label":"Gr\u00f6\u00dfe","inline":true,"priceOptions":"different_for_all","pricingType":"fixed","className":"hassizechart product-shoes-size-eu product-shoes-size","name":"color-group-66c4a7f817b18","disp_type":"square","selection_type":"tick-border","disp_size":"50","show_label_inside":true,"adjust_width":true,"cart_display_type":"text","other_text":"Other","cl_rule":"show","col":6,"values":[{"label":"35","value":"EU 35","price":"","pimage":"","pimage_id":"","pthumb":"","color":""},{"label":"35.5","value":"EU 35.5","price":"","pimage":"","pimage_id":"","pthumb":"","color":""},{"label":"36","value":"EU 36","price":"","pimage":"","pimage_id":"","pthumb":"","color":"","selected":true},{"label":"36 2\/3","value":"EU 36 2\/3","price":"","pimage":"","pimage_id":"","pthumb":"","color":""},{"label":"37 1\/3","value":"EU 37 1\/3","price":"","pimage":"","pimage_id":"","pthumb":"","color":""},{"label":"38","value":"EU 38","price":"","pimage":"","pimage_id":"","pthumb":"","color":""},{"label":"38 2\/3","value":"EU 38 2\/3","price":"","pimage":"","pimage_id":"","pthumb":"","color":""},{"label":"39 1\/3","value":"EU 39 1\/3","price":"","pimage":"","pimage_id":"","pthumb":"","color":""},{"label":"40","value":"EU 40","price":"","pimage":"","pimage_id":"","pthumb":"","color":""},{"label":"40 2\/3","value":"EU 40 2\/3","price":"","pimage":"","pimage_id":"","pthumb":"","color":""},{"label":"41 1\/3","value":"EU 41 1\/3","price":"","pimage":"","pimage_id":"","pthumb":"","color":""},{"label":"42","value":"EU 42","price":"","pimage":"","pimage_id":"","pthumb":"","color":""},{"label":"42 2\/3","value":"EU 42 2\/3","price":"","pimage":"","pimage_id":"","pthumb":"","color":""},{"label":"43 1\/3","value":"EU 43 1\/3","price":"","pimage":"","pimage_id":"","pthumb":"","color":""},{"label":"44","value":"EU 44","price":"","pimage":"","pimage_id":"","pthumb":"","color":""},{"label":"44 2\/3","value":"EU 44 2\/3","price":"","pimage":"","pimage_id":"","pthumb":"","color":""},{"label":"45 1\/3","value":"EU 45 1\/3","price":"","pimage":"","pimage_id":"","pthumb":"","color":""},{"label":"46","value":"EU 46","price":"","pimage":"","pimage_id":"","pthumb":"","color":""},{"label":"46 2\/3","value":"EU 46 2\/3","price":"","pimage":"","pimage_id":"","pthumb":"","color":""},{"label":"47 1\/3","value":"EU 47 1\/3","price":"","pimage":"","pimage_id":"","pthumb":"","color":""}],"relations":[{"operator":false,"rules":[]}],"form_id":24802,"form_rules":{"pric_cal_option_once":false,"exclude_from_discount":false,"pric_use_as_fee":false,"fee_label":"Fee","render_after_acb":false,"disp_hide_options_price":false}}]},"yoast_head":"<!-- This site is optimized with the Yoast SEO plugin v26.5 - https:\/\/yoast.com\/wordpress\/plugins\/seo\/ -->\n<title>adidas Predator Accuracy.4 &#039;Team Solar Orange Core Black&#039;  - Tourcruiser PTE. LTD<\/title>\n<meta name=\"robots\" content=\"index, follow, max-snippet:-1, max-image-preview:large, max-video-preview:-1\" \/>\n<link rel=\"canonical\" href=\"https:\/\/tourcruiser.com\/de\/products\/adidas-predator-accuracy4-team-solar-orange-core-black\/\" \/>\n<meta property=\"og:locale\" content=\"de_DE\" \/>\n<meta property=\"og:type\" content=\"article\" \/>\n<meta property=\"og:title\" content=\"adidas Predator Accuracy.4 &#039;Team Solar Orange Core Black&#039;  - Tourcruiser PTE. LTD\" \/>\n<meta property=\"og:description\" content=\"adidas Predator Accuracy.4 \u201d\u201d Team Solar Orange \/ Core Black\" \/>\n<meta property=\"og:url\" content=\"https:\/\/tourcruiser.com\/de\/products\/adidas-predator-accuracy4-team-solar-orange-core-black\/\" \/>\n<meta property=\"og:site_name\" content=\"Tourcruiser Sneaker Store\" \/>\n<meta property=\"article:modified_time\" content=\"2026-03-27T18:34:15+00:00\" \/>\n<meta name=\"twitter:card\" content=\"summary_large_image\" \/>\n<meta name=\"twitter:image\" content=\"https:\/\/images.novelship.com\/product\/adidas_predator_accuracy_4__artificial_grass_orang_0_35529.jpeg;https:\/\/images.novelship.com\/product\/adidas_predator_accuracy_4__artificial_grass_orang_1_35529.jpeg;https:\/\/images.novelship.com\/product\/adidas_predator_accuracy_4__artificial_grass_orang_2_35529.jpeg;https:\/\/images.novelship.com\/product\/adidas_predator_accuracy_4__artificial_grass_orang_3_35529.jpeg;https:\/\/images.novelship.com\/product\/adidas_predator_accuracy_4__artificial_grass_orang_4_35529.jpeg\" \/>\n<meta name=\"twitter:label1\" content=\"Gesch\u00e4tzte Lesezeit\" \/>\n\t<meta name=\"twitter:data1\" content=\"1\u00a0Minute\" \/>\n<script type=\"application\/ld+json\" class=\"yoast-schema-graph\">{\"@context\":\"https:\/\/schema.org\",\"@graph\":[{\"@type\":\"WebPage\",\"@id\":\"https:\/\/tourcruiser.com\/de\/products\/adidas-predator-accuracy4-team-solar-orange-core-black\/\",\"url\":\"https:\/\/tourcruiser.com\/de\/products\/adidas-predator-accuracy4-team-solar-orange-core-black\/\",\"name\":\"adidas Predator Accuracy.4 'Team Solar Orange Core Black' - Tourcruiser PTE. LTD\",\"isPartOf\":{\"@id\":\"https:\/\/tourcruiser.com\/de\/#website\"},\"primaryImageOfPage\":{\"@id\":\"https:\/\/tourcruiser.com\/de\/products\/adidas-predator-accuracy4-team-solar-orange-core-black\/#primaryimage\"},\"image\":{\"@id\":\"https:\/\/tourcruiser.com\/de\/products\/adidas-predator-accuracy4-team-solar-orange-core-black\/#primaryimage\"},\"thumbnailUrl\":\"https:\/\/images.novelship.com\/product\/adidas_predator_accuracy_4__artificial_grass_orang_0_35529.jpeg;https:\/\/images.novelship.com\/product\/adidas_predator_accuracy_4__artificial_grass_orang_1_35529.jpeg;https:\/\/images.novelship.com\/product\/adidas_predator_accuracy_4__artificial_grass_orang_2_35529.jpeg;https:\/\/images.novelship.com\/product\/adidas_predator_accuracy_4__artificial_grass_orang_3_35529.jpeg;https:\/\/images.novelship.com\/product\/adidas_predator_accuracy_4__artificial_grass_orang_4_35529.jpeg\",\"datePublished\":\"2026-03-02T09:14:15+00:00\",\"dateModified\":\"2026-03-27T18:34:15+00:00\",\"breadcrumb\":{\"@id\":\"https:\/\/tourcruiser.com\/de\/products\/adidas-predator-accuracy4-team-solar-orange-core-black\/#breadcrumb\"},\"inLanguage\":\"de\",\"potentialAction\":[{\"@type\":\"ReadAction\",\"target\":[\"https:\/\/tourcruiser.com\/de\/products\/adidas-predator-accuracy4-team-solar-orange-core-black\/\"]}]},{\"@type\":\"ImageObject\",\"inLanguage\":\"de\",\"@id\":\"https:\/\/tourcruiser.com\/de\/products\/adidas-predator-accuracy4-team-solar-orange-core-black\/#primaryimage\",\"url\":\"https:\/\/images.novelship.com\/product\/adidas_predator_accuracy_4__artificial_grass_orang_0_35529.jpeg;https:\/\/images.novelship.com\/product\/adidas_predator_accuracy_4__artificial_grass_orang_1_35529.jpeg;https:\/\/images.novelship.com\/product\/adidas_predator_accuracy_4__artificial_grass_orang_2_35529.jpeg;https:\/\/images.novelship.com\/product\/adidas_predator_accuracy_4__artificial_grass_orang_3_35529.jpeg;https:\/\/images.novelship.com\/product\/adidas_predator_accuracy_4__artificial_grass_orang_4_35529.jpeg\",\"contentUrl\":\"https:\/\/images.novelship.com\/product\/adidas_predator_accuracy_4__artificial_grass_orang_0_35529.jpeg;https:\/\/images.novelship.com\/product\/adidas_predator_accuracy_4__artificial_grass_orang_1_35529.jpeg;https:\/\/images.novelship.com\/product\/adidas_predator_accuracy_4__artificial_grass_orang_2_35529.jpeg;https:\/\/images.novelship.com\/product\/adidas_predator_accuracy_4__artificial_grass_orang_3_35529.jpeg;https:\/\/images.novelship.com\/product\/adidas_predator_accuracy_4__artificial_grass_orang_4_35529.jpeg\"},{\"@type\":\"BreadcrumbList\",\"@id\":\"https:\/\/tourcruiser.com\/de\/products\/adidas-predator-accuracy4-team-solar-orange-core-black\/#breadcrumb\",\"itemListElement\":[{\"@type\":\"ListItem\",\"position\":1,\"name\":\"Home\",\"item\":\"https:\/\/tourcruiser.com\/de\/\"},{\"@type\":\"ListItem\",\"position\":2,\"name\":\"Shop\",\"item\":\"https:\/\/tourcruiser.com\/de\/shop\/\"},{\"@type\":\"ListItem\",\"position\":3,\"name\":\"adidas Predator Accuracy.4 'Team Solar Orange Core Black'\"}]},{\"@type\":\"WebSite\",\"@id\":\"https:\/\/tourcruiser.com\/de\/#website\",\"url\":\"https:\/\/tourcruiser.com\/de\/\",\"name\":\"Styloral Jewelry Shop\",\"description\":\"Tourcruiser Sneaker Store \u2014 der Ort, an dem das Universum deine Einzigartigkeit trifft.\",\"publisher\":{\"@id\":\"https:\/\/tourcruiser.com\/de\/#organization\"},\"potentialAction\":[{\"@type\":\"SearchAction\",\"target\":{\"@type\":\"EntryPoint\",\"urlTemplate\":\"https:\/\/tourcruiser.com\/de\/?s={search_term_string}\"},\"query-input\":{\"@type\":\"PropertyValueSpecification\",\"valueRequired\":true,\"valueName\":\"search_term_string\"}}],\"inLanguage\":\"de\"},{\"@type\":\"Organization\",\"@id\":\"https:\/\/tourcruiser.com\/de\/#organization\",\"name\":\"STYLORAL PTE. LTD\",\"url\":\"https:\/\/tourcruiser.com\/de\/\",\"logo\":{\"@type\":\"ImageObject\",\"inLanguage\":\"de\",\"@id\":\"https:\/\/tourcruiser.com\/de\/#\/schema\/logo\/image\/\",\"url\":\"https:\/\/www.tourcruiser.com\/wp-content\/uploads\/2025\/12\/logo.png\",\"contentUrl\":\"https:\/\/www.tourcruiser.com\/wp-content\/uploads\/2025\/12\/logo.png\",\"width\":200,\"height\":65,\"caption\":\"STYLORAL PTE. LTD\"},\"image\":{\"@id\":\"https:\/\/tourcruiser.com\/de\/#\/schema\/logo\/image\/\"}}]}<\/script>\n<!-- \/ Yoast SEO plugin. -->","yoast_head_json":{"title":"adidas Predator Accuracy.4 'Team Solar Orange Core Black'  - Tourcruiser PTE. LTD","robots":{"index":"index","follow":"follow","max-snippet":"max-snippet:-1","max-image-preview":"max-image-preview:large","max-video-preview":"max-video-preview:-1"},"canonical":"https:\/\/tourcruiser.com\/de\/products\/adidas-predator-accuracy4-team-solar-orange-core-black\/","og_locale":"de_DE","og_type":"article","og_title":"adidas Predator Accuracy.4 'Team Solar Orange Core Black'  - Tourcruiser PTE. LTD","og_description":"adidas Predator Accuracy.4 \u201d\u201d Team Solar Orange \/ Core Black","og_url":"https:\/\/tourcruiser.com\/de\/products\/adidas-predator-accuracy4-team-solar-orange-core-black\/","og_site_name":"Tourcruiser Sneaker Store","article_modified_time":"2026-03-27T18:34:15+00:00","twitter_card":"summary_large_image","twitter_image":"https:\/\/images.novelship.com\/product\/adidas_predator_accuracy_4__artificial_grass_orang_0_35529.jpeg;https:\/\/images.novelship.com\/product\/adidas_predator_accuracy_4__artificial_grass_orang_1_35529.jpeg;https:\/\/images.novelship.com\/product\/adidas_predator_accuracy_4__artificial_grass_orang_2_35529.jpeg;https:\/\/images.novelship.com\/product\/adidas_predator_accuracy_4__artificial_grass_orang_3_35529.jpeg;https:\/\/images.novelship.com\/product\/adidas_predator_accuracy_4__artificial_grass_orang_4_35529.jpeg","twitter_misc":{"Gesch\u00e4tzte Lesezeit":"1\u00a0Minute"},"schema":{"@context":"https:\/\/schema.org","@graph":[{"@type":"WebPage","@id":"https:\/\/tourcruiser.com\/de\/products\/adidas-predator-accuracy4-team-solar-orange-core-black\/","url":"https:\/\/tourcruiser.com\/de\/products\/adidas-predator-accuracy4-team-solar-orange-core-black\/","name":"adidas Predator Accuracy.4 'Team Solar Orange Core Black' - Tourcruiser PTE. LTD","isPartOf":{"@id":"https:\/\/tourcruiser.com\/de\/#website"},"primaryImageOfPage":{"@id":"https:\/\/tourcruiser.com\/de\/products\/adidas-predator-accuracy4-team-solar-orange-core-black\/#primaryimage"},"image":{"@id":"https:\/\/tourcruiser.com\/de\/products\/adidas-predator-accuracy4-team-solar-orange-core-black\/#primaryimage"},"thumbnailUrl":"https:\/\/images.novelship.com\/product\/adidas_predator_accuracy_4__artificial_grass_orang_0_35529.jpeg;https:\/\/images.novelship.com\/product\/adidas_predator_accuracy_4__artificial_grass_orang_1_35529.jpeg;https:\/\/images.novelship.com\/product\/adidas_predator_accuracy_4__artificial_grass_orang_2_35529.jpeg;https:\/\/images.novelship.com\/product\/adidas_predator_accuracy_4__artificial_grass_orang_3_35529.jpeg;https:\/\/images.novelship.com\/product\/adidas_predator_accuracy_4__artificial_grass_orang_4_35529.jpeg","datePublished":"2026-03-02T09:14:15+00:00","dateModified":"2026-03-27T18:34:15+00:00","breadcrumb":{"@id":"https:\/\/tourcruiser.com\/de\/products\/adidas-predator-accuracy4-team-solar-orange-core-black\/#breadcrumb"},"inLanguage":"de","potentialAction":[{"@type":"ReadAction","target":["https:\/\/tourcruiser.com\/de\/products\/adidas-predator-accuracy4-team-solar-orange-core-black\/"]}]},{"@type":"ImageObject","inLanguage":"de","@id":"https:\/\/tourcruiser.com\/de\/products\/adidas-predator-accuracy4-team-solar-orange-core-black\/#primaryimage","url":"https:\/\/images.novelship.com\/product\/adidas_predator_accuracy_4__artificial_grass_orang_0_35529.jpeg;https:\/\/images.novelship.com\/product\/adidas_predator_accuracy_4__artificial_grass_orang_1_35529.jpeg;https:\/\/images.novelship.com\/product\/adidas_predator_accuracy_4__artificial_grass_orang_2_35529.jpeg;https:\/\/images.novelship.com\/product\/adidas_predator_accuracy_4__artificial_grass_orang_3_35529.jpeg;https:\/\/images.novelship.com\/product\/adidas_predator_accuracy_4__artificial_grass_orang_4_35529.jpeg","contentUrl":"https:\/\/images.novelship.com\/product\/adidas_predator_accuracy_4__artificial_grass_orang_0_35529.jpeg;https:\/\/images.novelship.com\/product\/adidas_predator_accuracy_4__artificial_grass_orang_1_35529.jpeg;https:\/\/images.novelship.com\/product\/adidas_predator_accuracy_4__artificial_grass_orang_2_35529.jpeg;https:\/\/images.novelship.com\/product\/adidas_predator_accuracy_4__artificial_grass_orang_3_35529.jpeg;https:\/\/images.novelship.com\/product\/adidas_predator_accuracy_4__artificial_grass_orang_4_35529.jpeg"},{"@type":"BreadcrumbList","@id":"https:\/\/tourcruiser.com\/de\/products\/adidas-predator-accuracy4-team-solar-orange-core-black\/#breadcrumb","itemListElement":[{"@type":"ListItem","position":1,"name":"Home","item":"https:\/\/tourcruiser.com\/de\/"},{"@type":"ListItem","position":2,"name":"Shop","item":"https:\/\/tourcruiser.com\/de\/shop\/"},{"@type":"ListItem","position":3,"name":"adidas Predator Accuracy.4 'Team Solar Orange Core Black'"}]},{"@type":"WebSite","@id":"https:\/\/tourcruiser.com\/de\/#website","url":"https:\/\/tourcruiser.com\/de\/","name":"Styloral Jewelry Shop","description":"Tourcruiser Sneaker Store \u2014 der Ort, an dem das Universum deine Einzigartigkeit trifft.","publisher":{"@id":"https:\/\/tourcruiser.com\/de\/#organization"},"potentialAction":[{"@type":"SearchAction","target":{"@type":"EntryPoint","urlTemplate":"https:\/\/tourcruiser.com\/de\/?s={search_term_string}"},"query-input":{"@type":"PropertyValueSpecification","valueRequired":true,"valueName":"search_term_string"}}],"inLanguage":"de"},{"@type":"Organization","@id":"https:\/\/tourcruiser.com\/de\/#organization","name":"STYLORAL PTE. LTD","url":"https:\/\/tourcruiser.com\/de\/","logo":{"@type":"ImageObject","inLanguage":"de","@id":"https:\/\/tourcruiser.com\/de\/#\/schema\/logo\/image\/","url":"https:\/\/www.tourcruiser.com\/wp-content\/uploads\/2025\/12\/logo.png","contentUrl":"https:\/\/www.tourcruiser.com\/wp-content\/uploads\/2025\/12\/logo.png","width":200,"height":65,"caption":"STYLORAL PTE. LTD"},"image":{"@id":"https:\/\/tourcruiser.com\/de\/#\/schema\/logo\/image\/"}}]}},"_links":{"self":[{"href":"https:\/\/tourcruiser.com\/de\/wp-json\/wp\/v2\/product\/165753","targetHints":{"allow":["GET"]}}],"collection":[{"href":"https:\/\/tourcruiser.com\/de\/wp-json\/wp\/v2\/product"}],"about":[{"href":"https:\/\/tourcruiser.com\/de\/wp-json\/wp\/v2\/types\/product"}],"replies":[{"embeddable":true,"href":"https:\/\/tourcruiser.com\/de\/wp-json\/wp\/v2\/comments?post=165753"}],"wp:featuredmedia":[{"embeddable":true,"href":"https:\/\/tourcruiser.com\/de\/wp-json\/wp\/v2\/media\/165754"}],"wp:attachment":[{"href":"https:\/\/tourcruiser.com\/de\/wp-json\/wp\/v2\/media?parent=165753"}],"wp:term":[{"taxonomy":"product_brand","embeddable":true,"href":"https:\/\/tourcruiser.com\/de\/wp-json\/wp\/v2\/product_brand?post=165753"},{"taxonomy":"product_cat","embeddable":true,"href":"https:\/\/tourcruiser.com\/de\/wp-json\/wp\/v2\/product_cat?post=165753"},{"taxonomy":"product_tag","embeddable":true,"href":"https:\/\/tourcruiser.com\/de\/wp-json\/wp\/v2\/product_tag?post=165753"}],"curies":[{"name":"wp","href":"https:\/\/api.w.org\/{rel}","templated":true}]}}