{"id":165678,"date":"2026-03-02T16:14:09","date_gmt":"2026-03-02T09:14:09","guid":{"rendered":"http:\/\/tourcruiser.com\/product\/y-3-gendo-superstar-sneakers"},"modified":"2026-03-28T01:34:12","modified_gmt":"2026-03-27T18:34:12","slug":"y-3-gendo-superstar-sneakers","status":"publish","type":"product","link":"https:\/\/tourcruiser.com\/de\/products\/y-3-gendo-superstar-sneakers\/","title":{"rendered":"Y-3 GENDO Superstar Sneakers"},"content":{"rendered":"<p>Mit den Y-3 GENDO Superstar Sneakers IG4105 heben Sie Ihren Schuhstil auf ein neues Level \u201d\u201c eine luxuri\u00f6se Fusion aus Yohji Yamamotos avantgardistischem Design und der legend\u00e4ren Handwerkskunst von Adidas. Diese Sneaker definieren Streetwear neu mit ihrer markanten, modernen \u00c4sthetik und interpretieren die klassische Superstar-Silhouette progressiv.<\/p>\n<p>Die GENDO Sneakers sind aus hochwertigen Materialien gefertigt und bestechen durch ein elegantes Leder-Obermaterial, das durch innovative Overlays und avantgardistische Ziern\u00e4hte erg\u00e4nzt wird. Das sofort erkennbare Shell-Toe-Design erh\u00e4lt ein modernes Upgrade und verbindet Tradition nahtlos mit topmodernem Stil. Eine gepolsterte Innensohle sorgt f\u00fcr ganzt\u00e4gigen Tragekomfort, w\u00e4hrend die leichte Gummisohle f\u00fcr langlebige Traktion sorgt.<\/p>\n<p>Die monochrome Farbpalette erh\u00f6ht die Vielseitigkeit und macht diese Sneaker zur perfekten Erg\u00e4nzung f\u00fcr l\u00e4ssige wie auch elegante Outfits. Dezentes Yohji-Yamamoto-Branding setzt dezente Akzente und verweist auf den minimalistischen Stil des Designers.<\/p>\n<p>Ob Sie durch die Stra\u00dfen der Stadt flitzen oder auf einem angesagten Event ein Statement setzen wollen \u201d\u201c die Y-3 GENDO Superstar Sneakers IG4105 vereinen Tradition und Innovation auf einzigartige Weise. Diese Sneaker erg\u00e4nzen nicht nur Ihr Outfit, sondern verleihen Ihrem Stil mit k\u00fchner Eleganz eine ganz neue Note. Investieren Sie in diese globale Ikone und erleben Sie Schuhe, die f\u00fcr die Moderne neu interpretiert wurden.<\/p>\n<ul>\n<li><strong>Farbgebung:<\/strong> Cremewei\u00df\/Schwarz\/Off-White<\/li>\n<li><strong>Style-Code:<\/strong> IG4105<\/li>\n<li><strong>Obermaterial:<\/strong> Leder<\/li>\n<li><strong>Zwischensohle:<\/strong> EVA<\/li>\n<li><strong>Farbe:<\/strong> Wei\u00df<\/li>\n<li><strong>Designer:<\/strong> Yohji Yamamoto<\/li>\n<\/ul>\n","protected":false},"excerpt":{"rendered":"<p>adidas Y-3 GENDO Superstar \u201d\u201d Cream White\/Black\/Off White<\/p>\n","protected":false},"featured_media":165679,"comment_status":"open","ping_status":"closed","template":"","meta":[],"product_brand":[],"product_cat":[10760],"product_tag":[10759,10750,10754,10765,10756,10785,10758],"class_list":{"0":"post-165678","1":"product","2":"type-product","3":"status-publish","4":"has-post-thumbnail","6":"product_cat-adidas","7":"product_tag-adidas","8":"product_tag-athleisure-shoes","9":"product_tag-lifestyle-casual-shoes","10":"product_tag-lifestyle-shoes-running-inspired","11":"product_tag-retro-casual-shoes","12":"product_tag-trending-deals","13":"product_tag-under-retail","14":"wcpa_has_options","16":"first","17":"outofstock","18":"sale","19":"taxable","20":"shipping-taxable","21":"purchasable","22":"product-type-simple"},"wcpa_form_fields":{"rules":{"pric_overide_base_price":false,"pric_overide_base_price_if_gt_zero":false,"pric_overide_base_price_fully":false,"pric_cal_option_once":false,"pric_use_as_fee":false,"bind_quantity":false,"quantity_bind_formula":false},"fields":[{"type":"color-group","required":true,"elementId":"wcpa-color-group-66c4a7f817afe","label":"Gr\u00f6\u00dfe","inline":true,"priceOptions":"different_for_all","pricingType":"fixed","className":"hassizechart product-shoes-size-eu product-shoes-size","name":"color-group-66c4a7f817b18","disp_type":"square","selection_type":"tick-border","disp_size":"50","show_label_inside":true,"adjust_width":true,"cart_display_type":"text","other_text":"Other","cl_rule":"show","col":6,"values":[{"label":"35","value":"EU 35","price":"","pimage":"","pimage_id":"","pthumb":"","color":""},{"label":"35.5","value":"EU 35.5","price":"","pimage":"","pimage_id":"","pthumb":"","color":""},{"label":"36","value":"EU 36","price":"","pimage":"","pimage_id":"","pthumb":"","color":"","selected":true},{"label":"36 2\/3","value":"EU 36 2\/3","price":"","pimage":"","pimage_id":"","pthumb":"","color":""},{"label":"37 1\/3","value":"EU 37 1\/3","price":"","pimage":"","pimage_id":"","pthumb":"","color":""},{"label":"38","value":"EU 38","price":"","pimage":"","pimage_id":"","pthumb":"","color":""},{"label":"38 2\/3","value":"EU 38 2\/3","price":"","pimage":"","pimage_id":"","pthumb":"","color":""},{"label":"39 1\/3","value":"EU 39 1\/3","price":"","pimage":"","pimage_id":"","pthumb":"","color":""},{"label":"40","value":"EU 40","price":"","pimage":"","pimage_id":"","pthumb":"","color":""},{"label":"40 2\/3","value":"EU 40 2\/3","price":"","pimage":"","pimage_id":"","pthumb":"","color":""},{"label":"41 1\/3","value":"EU 41 1\/3","price":"","pimage":"","pimage_id":"","pthumb":"","color":""},{"label":"42","value":"EU 42","price":"","pimage":"","pimage_id":"","pthumb":"","color":""},{"label":"42 2\/3","value":"EU 42 2\/3","price":"","pimage":"","pimage_id":"","pthumb":"","color":""},{"label":"43 1\/3","value":"EU 43 1\/3","price":"","pimage":"","pimage_id":"","pthumb":"","color":""},{"label":"44","value":"EU 44","price":"","pimage":"","pimage_id":"","pthumb":"","color":""},{"label":"44 2\/3","value":"EU 44 2\/3","price":"","pimage":"","pimage_id":"","pthumb":"","color":""},{"label":"45 1\/3","value":"EU 45 1\/3","price":"","pimage":"","pimage_id":"","pthumb":"","color":""},{"label":"46","value":"EU 46","price":"","pimage":"","pimage_id":"","pthumb":"","color":""},{"label":"46 2\/3","value":"EU 46 2\/3","price":"","pimage":"","pimage_id":"","pthumb":"","color":""},{"label":"47 1\/3","value":"EU 47 1\/3","price":"","pimage":"","pimage_id":"","pthumb":"","color":""}],"relations":[{"operator":false,"rules":[]}],"form_id":24802,"form_rules":{"pric_cal_option_once":false,"exclude_from_discount":false,"pric_use_as_fee":false,"fee_label":"Fee","render_after_acb":false,"disp_hide_options_price":false}}]},"yoast_head":"<!-- This site is optimized with the Yoast SEO plugin v26.5 - https:\/\/yoast.com\/wordpress\/plugins\/seo\/ -->\n<title>Y-3 GENDO Superstar Sneakers  - Tourcruiser PTE. LTD<\/title>\n<meta name=\"robots\" content=\"index, follow, max-snippet:-1, max-image-preview:large, max-video-preview:-1\" \/>\n<link rel=\"canonical\" href=\"https:\/\/tourcruiser.com\/de\/products\/y-3-gendo-superstar-sneakers\/\" \/>\n<meta property=\"og:locale\" content=\"de_DE\" \/>\n<meta property=\"og:type\" content=\"article\" \/>\n<meta property=\"og:title\" content=\"Y-3 GENDO Superstar Sneakers  - Tourcruiser PTE. LTD\" \/>\n<meta property=\"og:description\" content=\"adidas Y-3 GENDO Superstar \u201d\u201d Cream White\/Black\/Off White\" \/>\n<meta property=\"og:url\" content=\"https:\/\/tourcruiser.com\/de\/products\/y-3-gendo-superstar-sneakers\/\" \/>\n<meta property=\"og:site_name\" content=\"Tourcruiser Sneaker Store\" \/>\n<meta property=\"article:modified_time\" content=\"2026-03-27T18:34:12+00:00\" \/>\n<meta name=\"twitter:card\" content=\"summary_large_image\" \/>\n<meta name=\"twitter:image\" content=\"https:\/\/images.novelship.com\/product\/y-3_gendo_superstar_sneakers_ig4105_0_20800.jpeg;https:\/\/images.novelship.com\/product\/y-3_gendo_superstar_sneakers_ig4105_1_20800.jpeg;https:\/\/images.novelship.com\/product\/y-3_gendo_superstar_sneakers_ig4105_2_20800.jpeg;https:\/\/images.novelship.com\/product\/y-3_gendo_superstar_sneakers_ig4105_3_20800.jpeg;https:\/\/images.novelship.com\/product\/y-3_gendo_superstar_sneakers_ig4105_4_20800.jpeg;https:\/\/images.novelship.com\/product\/y-3_gendo_superstar_sneakers_ig4105_5_20800.jpeg;https:\/\/images.novelship.com\/product\/y-3_gendo_superstar_sneakers_ig4105_6_20800.jpeg;https:\/\/images.novelship.com\/product\/y-3_gendo_superstar_sneakers_ig4105_7_20800.jpeg;https:\/\/images.novelship.com\/product\/y-3_gendo_superstar_sneakers_ig4105_8_20800.jpeg;https:\/\/images.novelship.com\/product\/y-3_gendo_superstar_sneakers_ig4105_9_20800.jpeg\" \/>\n<meta name=\"twitter:label1\" content=\"Gesch\u00e4tzte Lesezeit\" \/>\n\t<meta name=\"twitter:data1\" content=\"1\u00a0Minute\" \/>\n<script type=\"application\/ld+json\" class=\"yoast-schema-graph\">{\"@context\":\"https:\/\/schema.org\",\"@graph\":[{\"@type\":\"WebPage\",\"@id\":\"https:\/\/tourcruiser.com\/de\/products\/y-3-gendo-superstar-sneakers\/\",\"url\":\"https:\/\/tourcruiser.com\/de\/products\/y-3-gendo-superstar-sneakers\/\",\"name\":\"Y-3 GENDO Superstar Sneakers - Tourcruiser PTE. LTD\",\"isPartOf\":{\"@id\":\"https:\/\/tourcruiser.com\/de\/#website\"},\"primaryImageOfPage\":{\"@id\":\"https:\/\/tourcruiser.com\/de\/products\/y-3-gendo-superstar-sneakers\/#primaryimage\"},\"image\":{\"@id\":\"https:\/\/tourcruiser.com\/de\/products\/y-3-gendo-superstar-sneakers\/#primaryimage\"},\"thumbnailUrl\":\"https:\/\/images.novelship.com\/product\/y-3_gendo_superstar_sneakers_ig4105_0_20800.jpeg;https:\/\/images.novelship.com\/product\/y-3_gendo_superstar_sneakers_ig4105_1_20800.jpeg;https:\/\/images.novelship.com\/product\/y-3_gendo_superstar_sneakers_ig4105_2_20800.jpeg;https:\/\/images.novelship.com\/product\/y-3_gendo_superstar_sneakers_ig4105_3_20800.jpeg;https:\/\/images.novelship.com\/product\/y-3_gendo_superstar_sneakers_ig4105_4_20800.jpeg;https:\/\/images.novelship.com\/product\/y-3_gendo_superstar_sneakers_ig4105_5_20800.jpeg;https:\/\/images.novelship.com\/product\/y-3_gendo_superstar_sneakers_ig4105_6_20800.jpeg;https:\/\/images.novelship.com\/product\/y-3_gendo_superstar_sneakers_ig4105_7_20800.jpeg;https:\/\/images.novelship.com\/product\/y-3_gendo_superstar_sneakers_ig4105_8_20800.jpeg;https:\/\/images.novelship.com\/product\/y-3_gendo_superstar_sneakers_ig4105_9_20800.jpeg\",\"datePublished\":\"2026-03-02T09:14:09+00:00\",\"dateModified\":\"2026-03-27T18:34:12+00:00\",\"breadcrumb\":{\"@id\":\"https:\/\/tourcruiser.com\/de\/products\/y-3-gendo-superstar-sneakers\/#breadcrumb\"},\"inLanguage\":\"de\",\"potentialAction\":[{\"@type\":\"ReadAction\",\"target\":[\"https:\/\/tourcruiser.com\/de\/products\/y-3-gendo-superstar-sneakers\/\"]}]},{\"@type\":\"ImageObject\",\"inLanguage\":\"de\",\"@id\":\"https:\/\/tourcruiser.com\/de\/products\/y-3-gendo-superstar-sneakers\/#primaryimage\",\"url\":\"https:\/\/images.novelship.com\/product\/y-3_gendo_superstar_sneakers_ig4105_0_20800.jpeg;https:\/\/images.novelship.com\/product\/y-3_gendo_superstar_sneakers_ig4105_1_20800.jpeg;https:\/\/images.novelship.com\/product\/y-3_gendo_superstar_sneakers_ig4105_2_20800.jpeg;https:\/\/images.novelship.com\/product\/y-3_gendo_superstar_sneakers_ig4105_3_20800.jpeg;https:\/\/images.novelship.com\/product\/y-3_gendo_superstar_sneakers_ig4105_4_20800.jpeg;https:\/\/images.novelship.com\/product\/y-3_gendo_superstar_sneakers_ig4105_5_20800.jpeg;https:\/\/images.novelship.com\/product\/y-3_gendo_superstar_sneakers_ig4105_6_20800.jpeg;https:\/\/images.novelship.com\/product\/y-3_gendo_superstar_sneakers_ig4105_7_20800.jpeg;https:\/\/images.novelship.com\/product\/y-3_gendo_superstar_sneakers_ig4105_8_20800.jpeg;https:\/\/images.novelship.com\/product\/y-3_gendo_superstar_sneakers_ig4105_9_20800.jpeg\",\"contentUrl\":\"https:\/\/images.novelship.com\/product\/y-3_gendo_superstar_sneakers_ig4105_0_20800.jpeg;https:\/\/images.novelship.com\/product\/y-3_gendo_superstar_sneakers_ig4105_1_20800.jpeg;https:\/\/images.novelship.com\/product\/y-3_gendo_superstar_sneakers_ig4105_2_20800.jpeg;https:\/\/images.novelship.com\/product\/y-3_gendo_superstar_sneakers_ig4105_3_20800.jpeg;https:\/\/images.novelship.com\/product\/y-3_gendo_superstar_sneakers_ig4105_4_20800.jpeg;https:\/\/images.novelship.com\/product\/y-3_gendo_superstar_sneakers_ig4105_5_20800.jpeg;https:\/\/images.novelship.com\/product\/y-3_gendo_superstar_sneakers_ig4105_6_20800.jpeg;https:\/\/images.novelship.com\/product\/y-3_gendo_superstar_sneakers_ig4105_7_20800.jpeg;https:\/\/images.novelship.com\/product\/y-3_gendo_superstar_sneakers_ig4105_8_20800.jpeg;https:\/\/images.novelship.com\/product\/y-3_gendo_superstar_sneakers_ig4105_9_20800.jpeg\"},{\"@type\":\"BreadcrumbList\",\"@id\":\"https:\/\/tourcruiser.com\/de\/products\/y-3-gendo-superstar-sneakers\/#breadcrumb\",\"itemListElement\":[{\"@type\":\"ListItem\",\"position\":1,\"name\":\"Home\",\"item\":\"https:\/\/tourcruiser.com\/de\/\"},{\"@type\":\"ListItem\",\"position\":2,\"name\":\"Shop\",\"item\":\"https:\/\/tourcruiser.com\/de\/shop\/\"},{\"@type\":\"ListItem\",\"position\":3,\"name\":\"Y-3 GENDO Superstar Sneakers\"}]},{\"@type\":\"WebSite\",\"@id\":\"https:\/\/tourcruiser.com\/de\/#website\",\"url\":\"https:\/\/tourcruiser.com\/de\/\",\"name\":\"Styloral Jewelry Shop\",\"description\":\"Tourcruiser Sneaker Store \u2014 der Ort, an dem das Universum deine Einzigartigkeit trifft.\",\"publisher\":{\"@id\":\"https:\/\/tourcruiser.com\/de\/#organization\"},\"potentialAction\":[{\"@type\":\"SearchAction\",\"target\":{\"@type\":\"EntryPoint\",\"urlTemplate\":\"https:\/\/tourcruiser.com\/de\/?s={search_term_string}\"},\"query-input\":{\"@type\":\"PropertyValueSpecification\",\"valueRequired\":true,\"valueName\":\"search_term_string\"}}],\"inLanguage\":\"de\"},{\"@type\":\"Organization\",\"@id\":\"https:\/\/tourcruiser.com\/de\/#organization\",\"name\":\"STYLORAL PTE. LTD\",\"url\":\"https:\/\/tourcruiser.com\/de\/\",\"logo\":{\"@type\":\"ImageObject\",\"inLanguage\":\"de\",\"@id\":\"https:\/\/tourcruiser.com\/de\/#\/schema\/logo\/image\/\",\"url\":\"https:\/\/www.tourcruiser.com\/wp-content\/uploads\/2025\/12\/logo.png\",\"contentUrl\":\"https:\/\/www.tourcruiser.com\/wp-content\/uploads\/2025\/12\/logo.png\",\"width\":200,\"height\":65,\"caption\":\"STYLORAL PTE. LTD\"},\"image\":{\"@id\":\"https:\/\/tourcruiser.com\/de\/#\/schema\/logo\/image\/\"}}]}<\/script>\n<!-- \/ Yoast SEO plugin. -->","yoast_head_json":{"title":"Y-3 GENDO Superstar Sneakers  - Tourcruiser PTE. LTD","robots":{"index":"index","follow":"follow","max-snippet":"max-snippet:-1","max-image-preview":"max-image-preview:large","max-video-preview":"max-video-preview:-1"},"canonical":"https:\/\/tourcruiser.com\/de\/products\/y-3-gendo-superstar-sneakers\/","og_locale":"de_DE","og_type":"article","og_title":"Y-3 GENDO Superstar Sneakers  - Tourcruiser PTE. LTD","og_description":"adidas Y-3 GENDO Superstar \u201d\u201d Cream White\/Black\/Off White","og_url":"https:\/\/tourcruiser.com\/de\/products\/y-3-gendo-superstar-sneakers\/","og_site_name":"Tourcruiser Sneaker Store","article_modified_time":"2026-03-27T18:34:12+00:00","twitter_card":"summary_large_image","twitter_image":"https:\/\/images.novelship.com\/product\/y-3_gendo_superstar_sneakers_ig4105_0_20800.jpeg;https:\/\/images.novelship.com\/product\/y-3_gendo_superstar_sneakers_ig4105_1_20800.jpeg;https:\/\/images.novelship.com\/product\/y-3_gendo_superstar_sneakers_ig4105_2_20800.jpeg;https:\/\/images.novelship.com\/product\/y-3_gendo_superstar_sneakers_ig4105_3_20800.jpeg;https:\/\/images.novelship.com\/product\/y-3_gendo_superstar_sneakers_ig4105_4_20800.jpeg;https:\/\/images.novelship.com\/product\/y-3_gendo_superstar_sneakers_ig4105_5_20800.jpeg;https:\/\/images.novelship.com\/product\/y-3_gendo_superstar_sneakers_ig4105_6_20800.jpeg;https:\/\/images.novelship.com\/product\/y-3_gendo_superstar_sneakers_ig4105_7_20800.jpeg;https:\/\/images.novelship.com\/product\/y-3_gendo_superstar_sneakers_ig4105_8_20800.jpeg;https:\/\/images.novelship.com\/product\/y-3_gendo_superstar_sneakers_ig4105_9_20800.jpeg","twitter_misc":{"Gesch\u00e4tzte Lesezeit":"1\u00a0Minute"},"schema":{"@context":"https:\/\/schema.org","@graph":[{"@type":"WebPage","@id":"https:\/\/tourcruiser.com\/de\/products\/y-3-gendo-superstar-sneakers\/","url":"https:\/\/tourcruiser.com\/de\/products\/y-3-gendo-superstar-sneakers\/","name":"Y-3 GENDO Superstar Sneakers - Tourcruiser PTE. LTD","isPartOf":{"@id":"https:\/\/tourcruiser.com\/de\/#website"},"primaryImageOfPage":{"@id":"https:\/\/tourcruiser.com\/de\/products\/y-3-gendo-superstar-sneakers\/#primaryimage"},"image":{"@id":"https:\/\/tourcruiser.com\/de\/products\/y-3-gendo-superstar-sneakers\/#primaryimage"},"thumbnailUrl":"https:\/\/images.novelship.com\/product\/y-3_gendo_superstar_sneakers_ig4105_0_20800.jpeg;https:\/\/images.novelship.com\/product\/y-3_gendo_superstar_sneakers_ig4105_1_20800.jpeg;https:\/\/images.novelship.com\/product\/y-3_gendo_superstar_sneakers_ig4105_2_20800.jpeg;https:\/\/images.novelship.com\/product\/y-3_gendo_superstar_sneakers_ig4105_3_20800.jpeg;https:\/\/images.novelship.com\/product\/y-3_gendo_superstar_sneakers_ig4105_4_20800.jpeg;https:\/\/images.novelship.com\/product\/y-3_gendo_superstar_sneakers_ig4105_5_20800.jpeg;https:\/\/images.novelship.com\/product\/y-3_gendo_superstar_sneakers_ig4105_6_20800.jpeg;https:\/\/images.novelship.com\/product\/y-3_gendo_superstar_sneakers_ig4105_7_20800.jpeg;https:\/\/images.novelship.com\/product\/y-3_gendo_superstar_sneakers_ig4105_8_20800.jpeg;https:\/\/images.novelship.com\/product\/y-3_gendo_superstar_sneakers_ig4105_9_20800.jpeg","datePublished":"2026-03-02T09:14:09+00:00","dateModified":"2026-03-27T18:34:12+00:00","breadcrumb":{"@id":"https:\/\/tourcruiser.com\/de\/products\/y-3-gendo-superstar-sneakers\/#breadcrumb"},"inLanguage":"de","potentialAction":[{"@type":"ReadAction","target":["https:\/\/tourcruiser.com\/de\/products\/y-3-gendo-superstar-sneakers\/"]}]},{"@type":"ImageObject","inLanguage":"de","@id":"https:\/\/tourcruiser.com\/de\/products\/y-3-gendo-superstar-sneakers\/#primaryimage","url":"https:\/\/images.novelship.com\/product\/y-3_gendo_superstar_sneakers_ig4105_0_20800.jpeg;https:\/\/images.novelship.com\/product\/y-3_gendo_superstar_sneakers_ig4105_1_20800.jpeg;https:\/\/images.novelship.com\/product\/y-3_gendo_superstar_sneakers_ig4105_2_20800.jpeg;https:\/\/images.novelship.com\/product\/y-3_gendo_superstar_sneakers_ig4105_3_20800.jpeg;https:\/\/images.novelship.com\/product\/y-3_gendo_superstar_sneakers_ig4105_4_20800.jpeg;https:\/\/images.novelship.com\/product\/y-3_gendo_superstar_sneakers_ig4105_5_20800.jpeg;https:\/\/images.novelship.com\/product\/y-3_gendo_superstar_sneakers_ig4105_6_20800.jpeg;https:\/\/images.novelship.com\/product\/y-3_gendo_superstar_sneakers_ig4105_7_20800.jpeg;https:\/\/images.novelship.com\/product\/y-3_gendo_superstar_sneakers_ig4105_8_20800.jpeg;https:\/\/images.novelship.com\/product\/y-3_gendo_superstar_sneakers_ig4105_9_20800.jpeg","contentUrl":"https:\/\/images.novelship.com\/product\/y-3_gendo_superstar_sneakers_ig4105_0_20800.jpeg;https:\/\/images.novelship.com\/product\/y-3_gendo_superstar_sneakers_ig4105_1_20800.jpeg;https:\/\/images.novelship.com\/product\/y-3_gendo_superstar_sneakers_ig4105_2_20800.jpeg;https:\/\/images.novelship.com\/product\/y-3_gendo_superstar_sneakers_ig4105_3_20800.jpeg;https:\/\/images.novelship.com\/product\/y-3_gendo_superstar_sneakers_ig4105_4_20800.jpeg;https:\/\/images.novelship.com\/product\/y-3_gendo_superstar_sneakers_ig4105_5_20800.jpeg;https:\/\/images.novelship.com\/product\/y-3_gendo_superstar_sneakers_ig4105_6_20800.jpeg;https:\/\/images.novelship.com\/product\/y-3_gendo_superstar_sneakers_ig4105_7_20800.jpeg;https:\/\/images.novelship.com\/product\/y-3_gendo_superstar_sneakers_ig4105_8_20800.jpeg;https:\/\/images.novelship.com\/product\/y-3_gendo_superstar_sneakers_ig4105_9_20800.jpeg"},{"@type":"BreadcrumbList","@id":"https:\/\/tourcruiser.com\/de\/products\/y-3-gendo-superstar-sneakers\/#breadcrumb","itemListElement":[{"@type":"ListItem","position":1,"name":"Home","item":"https:\/\/tourcruiser.com\/de\/"},{"@type":"ListItem","position":2,"name":"Shop","item":"https:\/\/tourcruiser.com\/de\/shop\/"},{"@type":"ListItem","position":3,"name":"Y-3 GENDO Superstar Sneakers"}]},{"@type":"WebSite","@id":"https:\/\/tourcruiser.com\/de\/#website","url":"https:\/\/tourcruiser.com\/de\/","name":"Styloral Jewelry Shop","description":"Tourcruiser Sneaker Store \u2014 der Ort, an dem das Universum deine Einzigartigkeit trifft.","publisher":{"@id":"https:\/\/tourcruiser.com\/de\/#organization"},"potentialAction":[{"@type":"SearchAction","target":{"@type":"EntryPoint","urlTemplate":"https:\/\/tourcruiser.com\/de\/?s={search_term_string}"},"query-input":{"@type":"PropertyValueSpecification","valueRequired":true,"valueName":"search_term_string"}}],"inLanguage":"de"},{"@type":"Organization","@id":"https:\/\/tourcruiser.com\/de\/#organization","name":"STYLORAL PTE. LTD","url":"https:\/\/tourcruiser.com\/de\/","logo":{"@type":"ImageObject","inLanguage":"de","@id":"https:\/\/tourcruiser.com\/de\/#\/schema\/logo\/image\/","url":"https:\/\/www.tourcruiser.com\/wp-content\/uploads\/2025\/12\/logo.png","contentUrl":"https:\/\/www.tourcruiser.com\/wp-content\/uploads\/2025\/12\/logo.png","width":200,"height":65,"caption":"STYLORAL PTE. LTD"},"image":{"@id":"https:\/\/tourcruiser.com\/de\/#\/schema\/logo\/image\/"}}]}},"_links":{"self":[{"href":"https:\/\/tourcruiser.com\/de\/wp-json\/wp\/v2\/product\/165678","targetHints":{"allow":["GET"]}}],"collection":[{"href":"https:\/\/tourcruiser.com\/de\/wp-json\/wp\/v2\/product"}],"about":[{"href":"https:\/\/tourcruiser.com\/de\/wp-json\/wp\/v2\/types\/product"}],"replies":[{"embeddable":true,"href":"https:\/\/tourcruiser.com\/de\/wp-json\/wp\/v2\/comments?post=165678"}],"wp:featuredmedia":[{"embeddable":true,"href":"https:\/\/tourcruiser.com\/de\/wp-json\/wp\/v2\/media\/165679"}],"wp:attachment":[{"href":"https:\/\/tourcruiser.com\/de\/wp-json\/wp\/v2\/media?parent=165678"}],"wp:term":[{"taxonomy":"product_brand","embeddable":true,"href":"https:\/\/tourcruiser.com\/de\/wp-json\/wp\/v2\/product_brand?post=165678"},{"taxonomy":"product_cat","embeddable":true,"href":"https:\/\/tourcruiser.com\/de\/wp-json\/wp\/v2\/product_cat?post=165678"},{"taxonomy":"product_tag","embeddable":true,"href":"https:\/\/tourcruiser.com\/de\/wp-json\/wp\/v2\/product_tag?post=165678"}],"curies":[{"name":"wp","href":"https:\/\/api.w.org\/{rel}","templated":true}]}}