{"id":165498,"date":"2026-03-02T16:13:53","date_gmt":"2026-03-02T09:13:53","guid":{"rendered":"http:\/\/tourcruiser.com\/product\/women-adidas-taekwondo-clear-pink-satin"},"modified":"2026-03-28T01:34:01","modified_gmt":"2026-03-27T18:34:01","slug":"women-adidas-taekwondo-clear-pink-satin","status":"publish","type":"product","link":"https:\/\/tourcruiser.com\/de\/products\/women-adidas-taekwondo-clear-pink-satin\/","title":{"rendered":"(Women) adidas Taekwondo &#8218;Clear Pink Satin&#8216;"},"content":{"rendered":"<p>Erleben Sie unvergleichlichen Komfort, Agilit\u00e4t und Pr\u00e4zision auf der Matte mit den JQ8209 Taekwondo-Schuhen \u201d\u201c sorgf\u00e4ltig entwickelt f\u00fcr Kampfsportbegeisterte aller Leistungsstufen. Gefertigt aus leichten und dennoch strapazierf\u00e4higen Materialien, bieten diese Schuhe die perfekte Balance aus Flexibilit\u00e4t und Schutz. So gelingen Ihnen kraftvolle Tritte, schnelle Bewegungen und komplexe Techniken m\u00fchelos. Dank ihrer rutschfesten Sohlen garantieren sie optimalen Halt und Stabilit\u00e4t bei intensiven Trainingseinheiten und Wettk\u00e4mpfen auf unterschiedlichen Untergr\u00fcnden. Das atmungsaktive Design sorgt f\u00fcr optimale Luftzirkulation und h\u00e4lt Ihre F\u00fc\u00dfe auch bei intensivem Training angenehm k\u00fchl. Diese Premium-Taekwondo-Schuhe wurden speziell f\u00fcr Kampfsportler entwickelt und bieten eine eng anliegende, sichere Passform sowie eine gepolsterte Unterst\u00fctzung, die sich der nat\u00fcrlichen Fu\u00dfform anpasst und so optimale Leistung erm\u00f6glicht. Ob Anf\u00e4nger oder erfahrener Kampfsportler \u201d\u201c das elegante und professionelle Design erg\u00e4nzt Ihre Trainingsausr\u00fcstung perfekt, st\u00e4rkt Ihr Selbstvertrauen und unterstreicht Ihre Leidenschaft f\u00fcr den Sport. Leicht und einfach zu verstauen, sind diese Schuhe der ideale Begleiter f\u00fcr Dojo-Training, Turniere und Reisen. Steigere dein Kampfsport-Erlebnis mit den JQ8209 Taekwondo-Schuhen \u201d\u201c die ultimative Kombination aus Funktion, Stil und Langlebigkeit f\u00fcr alle, die bei jedem Schritt h\u00f6chste Anspr\u00fcche stellen.<\/p>\n<ul>\n<li><strong>Farbgebung:<\/strong> Klares Rosa\/Magisches Beige\/Gummi<\/li>\n<li><strong>Artikelnummer:<\/strong> JQ8209<\/li>\n<li><strong>Obermaterial:<\/strong> Satin<\/li>\n<li><strong>Farbe:<\/strong> Rosa<\/li>\n<\/ul>\n","protected":false},"excerpt":{"rendered":"<p>adidas Martial Arts TaeKwonDo Shoes \u201d\u201d Clear Pink\/Magic Beige\/Gum<\/p>\n","protected":false},"featured_media":165499,"comment_status":"open","ping_status":"closed","template":"","meta":[],"product_brand":[],"product_cat":[10941],"product_tag":[10759,10750,10754,13385,10756,10758],"class_list":{"0":"post-165498","1":"product","2":"type-product","3":"status-publish","4":"has-post-thumbnail","6":"product_cat-adidas-women","7":"product_tag-adidas","8":"product_tag-athleisure-shoes","9":"product_tag-lifestyle-casual-shoes","10":"product_tag-lifestyle-shoes-martial-arts-inspired","11":"product_tag-retro-casual-shoes","12":"product_tag-under-retail","13":"wcpa_has_options","15":"first","16":"outofstock","17":"taxable","18":"shipping-taxable","19":"purchasable","20":"product-type-simple"},"wcpa_form_fields":{"rules":{"pric_overide_base_price":false,"pric_overide_base_price_if_gt_zero":false,"pric_overide_base_price_fully":false,"pric_cal_option_once":false,"pric_use_as_fee":false,"bind_quantity":false,"quantity_bind_formula":false},"fields":[{"type":"color-group","required":true,"elementId":"wcpa-color-group-66c4a7f817afe","label":"Gr\u00f6\u00dfe","inline":true,"priceOptions":"different_for_all","pricingType":"fixed","className":"hassizechart product-shoes-size-eu product-shoes-size","name":"color-group-66c4a7f817b18","disp_type":"square","selection_type":"tick-border","disp_size":"50","show_label_inside":true,"adjust_width":true,"cart_display_type":"text","other_text":"Other","cl_rule":"show","col":6,"values":[{"label":"35","value":"EU 35","price":"","pimage":"","pimage_id":"","pthumb":"","color":""},{"label":"35.5","value":"EU 35.5","price":"","pimage":"","pimage_id":"","pthumb":"","color":""},{"label":"36","value":"EU 36","price":"","pimage":"","pimage_id":"","pthumb":"","color":"","selected":true},{"label":"36 2\/3","value":"EU 36 2\/3","price":"","pimage":"","pimage_id":"","pthumb":"","color":""},{"label":"37 1\/3","value":"EU 37 1\/3","price":"","pimage":"","pimage_id":"","pthumb":"","color":""},{"label":"38","value":"EU 38","price":"","pimage":"","pimage_id":"","pthumb":"","color":""},{"label":"38 2\/3","value":"EU 38 2\/3","price":"","pimage":"","pimage_id":"","pthumb":"","color":""},{"label":"39 1\/3","value":"EU 39 1\/3","price":"","pimage":"","pimage_id":"","pthumb":"","color":""},{"label":"40","value":"EU 40","price":"","pimage":"","pimage_id":"","pthumb":"","color":""},{"label":"40 2\/3","value":"EU 40 2\/3","price":"","pimage":"","pimage_id":"","pthumb":"","color":""},{"label":"41 1\/3","value":"EU 41 1\/3","price":"","pimage":"","pimage_id":"","pthumb":"","color":""},{"label":"42","value":"EU 42","price":"","pimage":"","pimage_id":"","pthumb":"","color":""},{"label":"42 2\/3","value":"EU 42 2\/3","price":"","pimage":"","pimage_id":"","pthumb":"","color":""},{"label":"43 1\/3","value":"EU 43 1\/3","price":"","pimage":"","pimage_id":"","pthumb":"","color":""},{"label":"44","value":"EU 44","price":"","pimage":"","pimage_id":"","pthumb":"","color":""},{"label":"44 2\/3","value":"EU 44 2\/3","price":"","pimage":"","pimage_id":"","pthumb":"","color":""},{"label":"45 1\/3","value":"EU 45 1\/3","price":"","pimage":"","pimage_id":"","pthumb":"","color":""},{"label":"46","value":"EU 46","price":"","pimage":"","pimage_id":"","pthumb":"","color":""},{"label":"46 2\/3","value":"EU 46 2\/3","price":"","pimage":"","pimage_id":"","pthumb":"","color":""},{"label":"47 1\/3","value":"EU 47 1\/3","price":"","pimage":"","pimage_id":"","pthumb":"","color":""}],"relations":[{"operator":false,"rules":[]}],"form_id":24802,"form_rules":{"pric_cal_option_once":false,"exclude_from_discount":false,"pric_use_as_fee":false,"fee_label":"Fee","render_after_acb":false,"disp_hide_options_price":false}}]},"yoast_head":"<!-- This site is optimized with the Yoast SEO plugin v26.5 - https:\/\/yoast.com\/wordpress\/plugins\/seo\/ -->\n<title>(Women) adidas Taekwondo &#039;Clear Pink Satin&#039;  - Tourcruiser PTE. LTD<\/title>\n<meta name=\"robots\" content=\"index, follow, max-snippet:-1, max-image-preview:large, max-video-preview:-1\" \/>\n<link rel=\"canonical\" href=\"https:\/\/tourcruiser.com\/de\/products\/women-adidas-taekwondo-clear-pink-satin\/\" \/>\n<meta property=\"og:locale\" content=\"de_DE\" \/>\n<meta property=\"og:type\" content=\"article\" \/>\n<meta property=\"og:title\" content=\"(Women) adidas Taekwondo &#039;Clear Pink Satin&#039;  - Tourcruiser PTE. LTD\" \/>\n<meta property=\"og:description\" content=\"adidas Martial Arts TaeKwonDo Shoes \u201d\u201d Clear Pink\/Magic Beige\/Gum\" \/>\n<meta property=\"og:url\" content=\"https:\/\/tourcruiser.com\/de\/products\/women-adidas-taekwondo-clear-pink-satin\/\" \/>\n<meta property=\"og:site_name\" content=\"Tourcruiser Sneaker Store\" \/>\n<meta property=\"article:modified_time\" content=\"2026-03-27T18:34:01+00:00\" \/>\n<meta name=\"twitter:card\" content=\"summary_large_image\" \/>\n<meta name=\"twitter:image\" content=\"https:\/\/images.novelship.com\/product\/_w___taekwondo_shoes_-_martial_arts_footwear__jq82_0_17056.jpeg;https:\/\/images.novelship.com\/product\/_w___taekwondo_shoes_-_martial_arts_footwear__jq82_1_17056.jpeg;https:\/\/images.novelship.com\/product\/_w___taekwondo_shoes_-_martial_arts_footwear__jq82_2_17056.jpeg;https:\/\/images.novelship.com\/product\/_w___taekwondo_shoes_-_martial_arts_footwear__jq82_3_17056.jpeg;https:\/\/images.novelship.com\/product\/_w___taekwondo_shoes_-_martial_arts_footwear__jq82_4_17056.jpeg;https:\/\/images.novelship.com\/product\/_w___taekwondo_shoes_-_martial_arts_footwear__jq82_5_17056.jpeg;https:\/\/images.novelship.com\/product\/_w___taekwondo_shoes_-_martial_arts_footwear__jq82_6_17056.jpeg;https:\/\/images.novelship.com\/product\/_w___taekwondo_shoes_-_martial_arts_footwear__jq82_7_17056.jpeg;https:\/\/images.novelship.com\/product\/_w___taekwondo_shoes_-_martial_arts_footwear__jq82_8_17056.jpeg\" \/>\n<meta name=\"twitter:label1\" content=\"Gesch\u00e4tzte Lesezeit\" \/>\n\t<meta name=\"twitter:data1\" content=\"1\u00a0Minute\" \/>\n<script type=\"application\/ld+json\" class=\"yoast-schema-graph\">{\"@context\":\"https:\/\/schema.org\",\"@graph\":[{\"@type\":\"WebPage\",\"@id\":\"https:\/\/tourcruiser.com\/de\/products\/women-adidas-taekwondo-clear-pink-satin\/\",\"url\":\"https:\/\/tourcruiser.com\/de\/products\/women-adidas-taekwondo-clear-pink-satin\/\",\"name\":\"(Women) adidas Taekwondo 'Clear Pink Satin' - Tourcruiser PTE. LTD\",\"isPartOf\":{\"@id\":\"https:\/\/tourcruiser.com\/de\/#website\"},\"primaryImageOfPage\":{\"@id\":\"https:\/\/tourcruiser.com\/de\/products\/women-adidas-taekwondo-clear-pink-satin\/#primaryimage\"},\"image\":{\"@id\":\"https:\/\/tourcruiser.com\/de\/products\/women-adidas-taekwondo-clear-pink-satin\/#primaryimage\"},\"thumbnailUrl\":\"https:\/\/images.novelship.com\/product\/_w___taekwondo_shoes_-_martial_arts_footwear__jq82_0_17056.jpeg;https:\/\/images.novelship.com\/product\/_w___taekwondo_shoes_-_martial_arts_footwear__jq82_1_17056.jpeg;https:\/\/images.novelship.com\/product\/_w___taekwondo_shoes_-_martial_arts_footwear__jq82_2_17056.jpeg;https:\/\/images.novelship.com\/product\/_w___taekwondo_shoes_-_martial_arts_footwear__jq82_3_17056.jpeg;https:\/\/images.novelship.com\/product\/_w___taekwondo_shoes_-_martial_arts_footwear__jq82_4_17056.jpeg;https:\/\/images.novelship.com\/product\/_w___taekwondo_shoes_-_martial_arts_footwear__jq82_5_17056.jpeg;https:\/\/images.novelship.com\/product\/_w___taekwondo_shoes_-_martial_arts_footwear__jq82_6_17056.jpeg;https:\/\/images.novelship.com\/product\/_w___taekwondo_shoes_-_martial_arts_footwear__jq82_7_17056.jpeg;https:\/\/images.novelship.com\/product\/_w___taekwondo_shoes_-_martial_arts_footwear__jq82_8_17056.jpeg\",\"datePublished\":\"2026-03-02T09:13:53+00:00\",\"dateModified\":\"2026-03-27T18:34:01+00:00\",\"breadcrumb\":{\"@id\":\"https:\/\/tourcruiser.com\/de\/products\/women-adidas-taekwondo-clear-pink-satin\/#breadcrumb\"},\"inLanguage\":\"de\",\"potentialAction\":[{\"@type\":\"ReadAction\",\"target\":[\"https:\/\/tourcruiser.com\/de\/products\/women-adidas-taekwondo-clear-pink-satin\/\"]}]},{\"@type\":\"ImageObject\",\"inLanguage\":\"de\",\"@id\":\"https:\/\/tourcruiser.com\/de\/products\/women-adidas-taekwondo-clear-pink-satin\/#primaryimage\",\"url\":\"https:\/\/images.novelship.com\/product\/_w___taekwondo_shoes_-_martial_arts_footwear__jq82_0_17056.jpeg;https:\/\/images.novelship.com\/product\/_w___taekwondo_shoes_-_martial_arts_footwear__jq82_1_17056.jpeg;https:\/\/images.novelship.com\/product\/_w___taekwondo_shoes_-_martial_arts_footwear__jq82_2_17056.jpeg;https:\/\/images.novelship.com\/product\/_w___taekwondo_shoes_-_martial_arts_footwear__jq82_3_17056.jpeg;https:\/\/images.novelship.com\/product\/_w___taekwondo_shoes_-_martial_arts_footwear__jq82_4_17056.jpeg;https:\/\/images.novelship.com\/product\/_w___taekwondo_shoes_-_martial_arts_footwear__jq82_5_17056.jpeg;https:\/\/images.novelship.com\/product\/_w___taekwondo_shoes_-_martial_arts_footwear__jq82_6_17056.jpeg;https:\/\/images.novelship.com\/product\/_w___taekwondo_shoes_-_martial_arts_footwear__jq82_7_17056.jpeg;https:\/\/images.novelship.com\/product\/_w___taekwondo_shoes_-_martial_arts_footwear__jq82_8_17056.jpeg\",\"contentUrl\":\"https:\/\/images.novelship.com\/product\/_w___taekwondo_shoes_-_martial_arts_footwear__jq82_0_17056.jpeg;https:\/\/images.novelship.com\/product\/_w___taekwondo_shoes_-_martial_arts_footwear__jq82_1_17056.jpeg;https:\/\/images.novelship.com\/product\/_w___taekwondo_shoes_-_martial_arts_footwear__jq82_2_17056.jpeg;https:\/\/images.novelship.com\/product\/_w___taekwondo_shoes_-_martial_arts_footwear__jq82_3_17056.jpeg;https:\/\/images.novelship.com\/product\/_w___taekwondo_shoes_-_martial_arts_footwear__jq82_4_17056.jpeg;https:\/\/images.novelship.com\/product\/_w___taekwondo_shoes_-_martial_arts_footwear__jq82_5_17056.jpeg;https:\/\/images.novelship.com\/product\/_w___taekwondo_shoes_-_martial_arts_footwear__jq82_6_17056.jpeg;https:\/\/images.novelship.com\/product\/_w___taekwondo_shoes_-_martial_arts_footwear__jq82_7_17056.jpeg;https:\/\/images.novelship.com\/product\/_w___taekwondo_shoes_-_martial_arts_footwear__jq82_8_17056.jpeg\"},{\"@type\":\"BreadcrumbList\",\"@id\":\"https:\/\/tourcruiser.com\/de\/products\/women-adidas-taekwondo-clear-pink-satin\/#breadcrumb\",\"itemListElement\":[{\"@type\":\"ListItem\",\"position\":1,\"name\":\"Home\",\"item\":\"https:\/\/tourcruiser.com\/de\/\"},{\"@type\":\"ListItem\",\"position\":2,\"name\":\"Shop\",\"item\":\"https:\/\/tourcruiser.com\/de\/shop\/\"},{\"@type\":\"ListItem\",\"position\":3,\"name\":\"(Women) adidas Taekwondo 'Clear Pink Satin'\"}]},{\"@type\":\"WebSite\",\"@id\":\"https:\/\/tourcruiser.com\/de\/#website\",\"url\":\"https:\/\/tourcruiser.com\/de\/\",\"name\":\"Styloral Jewelry Shop\",\"description\":\"Tourcruiser Sneaker Store \u2014 der Ort, an dem das Universum deine Einzigartigkeit trifft.\",\"publisher\":{\"@id\":\"https:\/\/tourcruiser.com\/de\/#organization\"},\"potentialAction\":[{\"@type\":\"SearchAction\",\"target\":{\"@type\":\"EntryPoint\",\"urlTemplate\":\"https:\/\/tourcruiser.com\/de\/?s={search_term_string}\"},\"query-input\":{\"@type\":\"PropertyValueSpecification\",\"valueRequired\":true,\"valueName\":\"search_term_string\"}}],\"inLanguage\":\"de\"},{\"@type\":\"Organization\",\"@id\":\"https:\/\/tourcruiser.com\/de\/#organization\",\"name\":\"STYLORAL PTE. LTD\",\"url\":\"https:\/\/tourcruiser.com\/de\/\",\"logo\":{\"@type\":\"ImageObject\",\"inLanguage\":\"de\",\"@id\":\"https:\/\/tourcruiser.com\/de\/#\/schema\/logo\/image\/\",\"url\":\"https:\/\/www.tourcruiser.com\/wp-content\/uploads\/2025\/12\/logo.png\",\"contentUrl\":\"https:\/\/www.tourcruiser.com\/wp-content\/uploads\/2025\/12\/logo.png\",\"width\":200,\"height\":65,\"caption\":\"STYLORAL PTE. LTD\"},\"image\":{\"@id\":\"https:\/\/tourcruiser.com\/de\/#\/schema\/logo\/image\/\"}}]}<\/script>\n<!-- \/ Yoast SEO plugin. -->","yoast_head_json":{"title":"(Women) adidas Taekwondo 'Clear Pink Satin'  - Tourcruiser PTE. LTD","robots":{"index":"index","follow":"follow","max-snippet":"max-snippet:-1","max-image-preview":"max-image-preview:large","max-video-preview":"max-video-preview:-1"},"canonical":"https:\/\/tourcruiser.com\/de\/products\/women-adidas-taekwondo-clear-pink-satin\/","og_locale":"de_DE","og_type":"article","og_title":"(Women) adidas Taekwondo 'Clear Pink Satin'  - Tourcruiser PTE. LTD","og_description":"adidas Martial Arts TaeKwonDo Shoes \u201d\u201d Clear Pink\/Magic Beige\/Gum","og_url":"https:\/\/tourcruiser.com\/de\/products\/women-adidas-taekwondo-clear-pink-satin\/","og_site_name":"Tourcruiser Sneaker Store","article_modified_time":"2026-03-27T18:34:01+00:00","twitter_card":"summary_large_image","twitter_image":"https:\/\/images.novelship.com\/product\/_w___taekwondo_shoes_-_martial_arts_footwear__jq82_0_17056.jpeg;https:\/\/images.novelship.com\/product\/_w___taekwondo_shoes_-_martial_arts_footwear__jq82_1_17056.jpeg;https:\/\/images.novelship.com\/product\/_w___taekwondo_shoes_-_martial_arts_footwear__jq82_2_17056.jpeg;https:\/\/images.novelship.com\/product\/_w___taekwondo_shoes_-_martial_arts_footwear__jq82_3_17056.jpeg;https:\/\/images.novelship.com\/product\/_w___taekwondo_shoes_-_martial_arts_footwear__jq82_4_17056.jpeg;https:\/\/images.novelship.com\/product\/_w___taekwondo_shoes_-_martial_arts_footwear__jq82_5_17056.jpeg;https:\/\/images.novelship.com\/product\/_w___taekwondo_shoes_-_martial_arts_footwear__jq82_6_17056.jpeg;https:\/\/images.novelship.com\/product\/_w___taekwondo_shoes_-_martial_arts_footwear__jq82_7_17056.jpeg;https:\/\/images.novelship.com\/product\/_w___taekwondo_shoes_-_martial_arts_footwear__jq82_8_17056.jpeg","twitter_misc":{"Gesch\u00e4tzte Lesezeit":"1\u00a0Minute"},"schema":{"@context":"https:\/\/schema.org","@graph":[{"@type":"WebPage","@id":"https:\/\/tourcruiser.com\/de\/products\/women-adidas-taekwondo-clear-pink-satin\/","url":"https:\/\/tourcruiser.com\/de\/products\/women-adidas-taekwondo-clear-pink-satin\/","name":"(Women) adidas Taekwondo 'Clear Pink Satin' - Tourcruiser PTE. LTD","isPartOf":{"@id":"https:\/\/tourcruiser.com\/de\/#website"},"primaryImageOfPage":{"@id":"https:\/\/tourcruiser.com\/de\/products\/women-adidas-taekwondo-clear-pink-satin\/#primaryimage"},"image":{"@id":"https:\/\/tourcruiser.com\/de\/products\/women-adidas-taekwondo-clear-pink-satin\/#primaryimage"},"thumbnailUrl":"https:\/\/images.novelship.com\/product\/_w___taekwondo_shoes_-_martial_arts_footwear__jq82_0_17056.jpeg;https:\/\/images.novelship.com\/product\/_w___taekwondo_shoes_-_martial_arts_footwear__jq82_1_17056.jpeg;https:\/\/images.novelship.com\/product\/_w___taekwondo_shoes_-_martial_arts_footwear__jq82_2_17056.jpeg;https:\/\/images.novelship.com\/product\/_w___taekwondo_shoes_-_martial_arts_footwear__jq82_3_17056.jpeg;https:\/\/images.novelship.com\/product\/_w___taekwondo_shoes_-_martial_arts_footwear__jq82_4_17056.jpeg;https:\/\/images.novelship.com\/product\/_w___taekwondo_shoes_-_martial_arts_footwear__jq82_5_17056.jpeg;https:\/\/images.novelship.com\/product\/_w___taekwondo_shoes_-_martial_arts_footwear__jq82_6_17056.jpeg;https:\/\/images.novelship.com\/product\/_w___taekwondo_shoes_-_martial_arts_footwear__jq82_7_17056.jpeg;https:\/\/images.novelship.com\/product\/_w___taekwondo_shoes_-_martial_arts_footwear__jq82_8_17056.jpeg","datePublished":"2026-03-02T09:13:53+00:00","dateModified":"2026-03-27T18:34:01+00:00","breadcrumb":{"@id":"https:\/\/tourcruiser.com\/de\/products\/women-adidas-taekwondo-clear-pink-satin\/#breadcrumb"},"inLanguage":"de","potentialAction":[{"@type":"ReadAction","target":["https:\/\/tourcruiser.com\/de\/products\/women-adidas-taekwondo-clear-pink-satin\/"]}]},{"@type":"ImageObject","inLanguage":"de","@id":"https:\/\/tourcruiser.com\/de\/products\/women-adidas-taekwondo-clear-pink-satin\/#primaryimage","url":"https:\/\/images.novelship.com\/product\/_w___taekwondo_shoes_-_martial_arts_footwear__jq82_0_17056.jpeg;https:\/\/images.novelship.com\/product\/_w___taekwondo_shoes_-_martial_arts_footwear__jq82_1_17056.jpeg;https:\/\/images.novelship.com\/product\/_w___taekwondo_shoes_-_martial_arts_footwear__jq82_2_17056.jpeg;https:\/\/images.novelship.com\/product\/_w___taekwondo_shoes_-_martial_arts_footwear__jq82_3_17056.jpeg;https:\/\/images.novelship.com\/product\/_w___taekwondo_shoes_-_martial_arts_footwear__jq82_4_17056.jpeg;https:\/\/images.novelship.com\/product\/_w___taekwondo_shoes_-_martial_arts_footwear__jq82_5_17056.jpeg;https:\/\/images.novelship.com\/product\/_w___taekwondo_shoes_-_martial_arts_footwear__jq82_6_17056.jpeg;https:\/\/images.novelship.com\/product\/_w___taekwondo_shoes_-_martial_arts_footwear__jq82_7_17056.jpeg;https:\/\/images.novelship.com\/product\/_w___taekwondo_shoes_-_martial_arts_footwear__jq82_8_17056.jpeg","contentUrl":"https:\/\/images.novelship.com\/product\/_w___taekwondo_shoes_-_martial_arts_footwear__jq82_0_17056.jpeg;https:\/\/images.novelship.com\/product\/_w___taekwondo_shoes_-_martial_arts_footwear__jq82_1_17056.jpeg;https:\/\/images.novelship.com\/product\/_w___taekwondo_shoes_-_martial_arts_footwear__jq82_2_17056.jpeg;https:\/\/images.novelship.com\/product\/_w___taekwondo_shoes_-_martial_arts_footwear__jq82_3_17056.jpeg;https:\/\/images.novelship.com\/product\/_w___taekwondo_shoes_-_martial_arts_footwear__jq82_4_17056.jpeg;https:\/\/images.novelship.com\/product\/_w___taekwondo_shoes_-_martial_arts_footwear__jq82_5_17056.jpeg;https:\/\/images.novelship.com\/product\/_w___taekwondo_shoes_-_martial_arts_footwear__jq82_6_17056.jpeg;https:\/\/images.novelship.com\/product\/_w___taekwondo_shoes_-_martial_arts_footwear__jq82_7_17056.jpeg;https:\/\/images.novelship.com\/product\/_w___taekwondo_shoes_-_martial_arts_footwear__jq82_8_17056.jpeg"},{"@type":"BreadcrumbList","@id":"https:\/\/tourcruiser.com\/de\/products\/women-adidas-taekwondo-clear-pink-satin\/#breadcrumb","itemListElement":[{"@type":"ListItem","position":1,"name":"Home","item":"https:\/\/tourcruiser.com\/de\/"},{"@type":"ListItem","position":2,"name":"Shop","item":"https:\/\/tourcruiser.com\/de\/shop\/"},{"@type":"ListItem","position":3,"name":"(Women) adidas Taekwondo 'Clear Pink Satin'"}]},{"@type":"WebSite","@id":"https:\/\/tourcruiser.com\/de\/#website","url":"https:\/\/tourcruiser.com\/de\/","name":"Styloral Jewelry Shop","description":"Tourcruiser Sneaker Store \u2014 der Ort, an dem das Universum deine Einzigartigkeit trifft.","publisher":{"@id":"https:\/\/tourcruiser.com\/de\/#organization"},"potentialAction":[{"@type":"SearchAction","target":{"@type":"EntryPoint","urlTemplate":"https:\/\/tourcruiser.com\/de\/?s={search_term_string}"},"query-input":{"@type":"PropertyValueSpecification","valueRequired":true,"valueName":"search_term_string"}}],"inLanguage":"de"},{"@type":"Organization","@id":"https:\/\/tourcruiser.com\/de\/#organization","name":"STYLORAL PTE. LTD","url":"https:\/\/tourcruiser.com\/de\/","logo":{"@type":"ImageObject","inLanguage":"de","@id":"https:\/\/tourcruiser.com\/de\/#\/schema\/logo\/image\/","url":"https:\/\/www.tourcruiser.com\/wp-content\/uploads\/2025\/12\/logo.png","contentUrl":"https:\/\/www.tourcruiser.com\/wp-content\/uploads\/2025\/12\/logo.png","width":200,"height":65,"caption":"STYLORAL PTE. LTD"},"image":{"@id":"https:\/\/tourcruiser.com\/de\/#\/schema\/logo\/image\/"}}]}},"_links":{"self":[{"href":"https:\/\/tourcruiser.com\/de\/wp-json\/wp\/v2\/product\/165498","targetHints":{"allow":["GET"]}}],"collection":[{"href":"https:\/\/tourcruiser.com\/de\/wp-json\/wp\/v2\/product"}],"about":[{"href":"https:\/\/tourcruiser.com\/de\/wp-json\/wp\/v2\/types\/product"}],"replies":[{"embeddable":true,"href":"https:\/\/tourcruiser.com\/de\/wp-json\/wp\/v2\/comments?post=165498"}],"wp:featuredmedia":[{"embeddable":true,"href":"https:\/\/tourcruiser.com\/de\/wp-json\/wp\/v2\/media\/165499"}],"wp:attachment":[{"href":"https:\/\/tourcruiser.com\/de\/wp-json\/wp\/v2\/media?parent=165498"}],"wp:term":[{"taxonomy":"product_brand","embeddable":true,"href":"https:\/\/tourcruiser.com\/de\/wp-json\/wp\/v2\/product_brand?post=165498"},{"taxonomy":"product_cat","embeddable":true,"href":"https:\/\/tourcruiser.com\/de\/wp-json\/wp\/v2\/product_cat?post=165498"},{"taxonomy":"product_tag","embeddable":true,"href":"https:\/\/tourcruiser.com\/de\/wp-json\/wp\/v2\/product_tag?post=165498"}],"curies":[{"name":"wp","href":"https:\/\/api.w.org\/{rel}","templated":true}]}}