{"id":16518,"date":"2026-02-20T15:06:16","date_gmt":"2026-02-20T08:06:16","guid":{"rendered":"http:\/\/tourcruiser.com\/product\/windowsen-x-nike-wmns-air-max-muse-metallic-silver-ih2120-002"},"modified":"2026-03-28T00:26:42","modified_gmt":"2026-03-27T17:26:42","slug":"windowsen-x-nike-wmns-air-max-muse-metallic-silver-ih2120-002","status":"publish","type":"product","link":"https:\/\/tourcruiser.com\/de\/products\/windowsen-x-nike-wmns-air-max-muse-metallic-silver-ih2120-002\/","title":{"rendered":"Nike Windowsen x Wmns Air Max Muse &#8218;Metallic Silver&#8216;"},"content":{"rendered":"<p>Der WINDOWSEN x Nike Air Max Muse \u201eMetallic Silver Rage Green\u201c IH2120-002 vereint futuristisches Design mit sportlicher Innovation. Das Obermaterial in markantem Metallic-Silber wird durch auff\u00e4llige Akzente in leuchtendem Gr\u00fcn kontrastiert. Dieser Kollaborations-Sneaker interpretiert moderne \u00c4sthetik neu und verwendet innovative Materialien. Dank Nikes legend\u00e4rem Air Max D\u00e4mpfungssystem bietet er ultimativen Tragekomfort. Die elegante Silhouette kombiniert ein strukturiertes Metallic-Finish mit atmungsaktiven Mesh-Eins\u00e4tzen und sorgt so f\u00fcr eine leichte und dennoch strapazierf\u00e4hige Konstruktion. Reflektierende Elemente verbessern die Sichtbarkeit und machen den Schuh zu einem herausragenden Begleiter in Sachen Style und Funktion. Die Details in leuchtendem Gr\u00fcn, darunter Schn\u00fcrsenkel und das charakteristische Branding, setzen energiegeladene Farbakzente und bilden einen auff\u00e4lligen Kontrast zum silbernen Untergrund. Die geformte Mittelsohle bietet Halt und optimale Performance im Alltag, w\u00e4hrend die Gummiau\u00dfensohle hervorragenden Grip und Traktion gew\u00e4hrleistet. Mit seiner Fusion aus avantgardistischem Design und leistungsstarker Technologie ist dieser limitierte Sneaker ein Statement-Piece f\u00fcr Sneaker-Fans weltweit. Ob urbaner Entdecker oder modebewusster Individualist \u2013 der WINDOWSEN x Nike Air Max Muse \u201eMetallic Silver Rage Green\u201c definiert Komfort, Style und Funktionalit\u00e4t neu. Verleihe deinem Look einen neuen Look und bereichere deine Sneaker-Sammlung mit diesem exklusiven und sorgf\u00e4ltig gefertigten Schuhmeisterwerk, designt f\u00fcr alle, die zielstrebig und originell unterwegs sind.<\/p>\n<ul>\n<li><strong>Farbgebung:<\/strong> Metallic Silver\/Rage Green\/Anthracite\/Black\/White<\/li>\n<li><strong>Style-Code:<\/strong> IH2120-002<\/li>\n<li><strong>Obermaterial:<\/strong> Synthetik<\/li>\n<li><strong>Mittelsohle:<\/strong> Air<\/li>\n<li><strong>Farbe:<\/strong> Silber<\/li>\n<li><strong>Erscheinungsjahr:<\/strong> 2025<\/li>\n<\/ul>\n","protected":false},"excerpt":{"rendered":"<p>Nike None \u2014 Metallic Silver\/Rage Green\/Anthracite\/Black\/White<\/p>\n","protected":false},"featured_media":16519,"comment_status":"open","ping_status":"closed","template":"","meta":[],"product_brand":[],"product_cat":[6654],"product_tag":[],"class_list":{"0":"post-16518","1":"product","2":"type-product","3":"status-publish","4":"has-post-thumbnail","6":"product_cat-nike-2026","7":"wcpa_has_options","9":"first","10":"outofstock","11":"taxable","12":"shipping-taxable","13":"purchasable","14":"product-type-simple"},"wcpa_form_fields":{"rules":{"pric_overide_base_price":false,"pric_overide_base_price_if_gt_zero":false,"pric_overide_base_price_fully":false,"pric_cal_option_once":false,"pric_use_as_fee":false,"bind_quantity":false,"quantity_bind_formula":false},"fields":[{"type":"color-group","required":true,"elementId":"wcpa-color-group-66c4a75505e74","label":"Gr\u00f6\u00dfe - EU Gr\u00f6\u00dfe","inline":true,"priceOptions":"different_for_all","pricingType":"fixed","className":"hassizechart product-shoes-size-eu product-shoes-size","name":"color-group-66c4a75505e89","disp_type":"square","selection_type":"tick-border","disp_size":"44","show_label_inside":true,"adjust_width":true,"cart_display_type":"text","other_text":"Other","cl_rule":"show","col":6,"values":[{"label":"35.5","value":"EU 35.5","price":"","pimage":"","pimage_id":"","pthumb":"","color":""},{"label":"36","value":"EU 36","price":"","pimage":"","pimage_id":"","pthumb":"","color":"","selected":true},{"label":"36.5","value":"EU 36.5","price":"","pimage":"","pimage_id":"","pthumb":"","color":""},{"label":"37.5","value":"EU 37.5","price":"","pimage":"","pimage_id":"","pthumb":"","color":""},{"label":"38","value":"EU 38","price":"","pimage":"","pimage_id":"","pthumb":"","color":""},{"label":"38.5","value":"EU 38.5","price":"","pimage":"","pimage_id":"","pthumb":"","color":""},{"label":"39","value":"EU 39","price":"","pimage":"","pimage_id":"","pthumb":"","color":""},{"label":"40","value":"EU 40","price":"","pimage":"","pimage_id":"","pthumb":"","color":""},{"label":"40.5","value":"EU 40.5","price":"","pimage":"","pimage_id":"","pthumb":"","color":""},{"label":"41","value":"EU 41","price":"","pimage":"","pimage_id":"","pthumb":"","color":""},{"label":"42","value":"EU 42","price":"","pimage":"","pimage_id":"","pthumb":"","color":""},{"label":"42.5","value":"EU 42.5","price":"","pimage":"","pimage_id":"","pthumb":"","color":""},{"label":"43","value":"EU 43","price":"","pimage":"","pimage_id":"","pthumb":"","color":""},{"label":"44","value":"EU 44","price":"","pimage":"","pimage_id":"","pthumb":"","color":""},{"label":"44.5","value":"EU 44.5","price":"","pimage":"","pimage_id":"","pthumb":"","color":""},{"label":"45","value":"EU 45","price":"","pimage":"","pimage_id":"","pthumb":"","color":""},{"label":"45.5","value":"EU 45.5","price":"","pimage":"","pimage_id":"","pthumb":"","color":""},{"label":"46","value":"EU 46","price":"","pimage":"","pimage_id":"","pthumb":"","color":""},{"label":"47","value":"EU 47","price":"","pimage":"","pimage_id":"","pthumb":"","color":""},{"label":"47.5","value":"EU 47.5","price":"","pimage":"","pimage_id":"","pthumb":"","color":""},{"label":"48","value":"EU 48","price":"","pimage":"","pimage_id":"","pthumb":"","color":""}],"relations":[{"operator":false,"rules":[]}],"form_id":18106,"form_rules":{"pric_cal_option_once":false,"exclude_from_discount":false,"pric_use_as_fee":false,"fee_label":"Fee","render_after_acb":false,"disp_hide_options_price":false}}]},"yoast_head":"<!-- This site is optimized with the Yoast SEO plugin v26.5 - https:\/\/yoast.com\/wordpress\/plugins\/seo\/ -->\n<title>Nike Windowsen x Wmns Air Max Muse &#039;Metallic Silver&#039; - Tourcruiser PTE. LTD<\/title>\n<meta name=\"robots\" content=\"index, follow, max-snippet:-1, max-image-preview:large, max-video-preview:-1\" \/>\n<link rel=\"canonical\" href=\"https:\/\/tourcruiser.com\/de\/products\/windowsen-x-nike-wmns-air-max-muse-metallic-silver-ih2120-002\/\" \/>\n<meta property=\"og:locale\" content=\"de_DE\" \/>\n<meta property=\"og:type\" content=\"article\" \/>\n<meta property=\"og:title\" content=\"Nike Windowsen x Wmns Air Max Muse &#039;Metallic Silver&#039; - Tourcruiser PTE. LTD\" \/>\n<meta property=\"og:description\" content=\"Nike None \u2014 Metallic Silver\/Rage Green\/Anthracite\/Black\/White\" \/>\n<meta property=\"og:url\" content=\"https:\/\/tourcruiser.com\/de\/products\/windowsen-x-nike-wmns-air-max-muse-metallic-silver-ih2120-002\/\" \/>\n<meta property=\"og:site_name\" content=\"Tourcruiser Sneaker Store\" \/>\n<meta property=\"article:modified_time\" content=\"2026-03-27T17:26:42+00:00\" \/>\n<meta name=\"twitter:card\" content=\"summary_large_image\" \/>\n<meta name=\"twitter:image\" content=\"https:\/\/images.novelship.com\/product\/windowsen_x_nike_air_max_muse__metallic_silver_rag_0_98119.jpeg\" \/>\n<meta name=\"twitter:label1\" content=\"Gesch\u00e4tzte Lesezeit\" \/>\n\t<meta name=\"twitter:data1\" content=\"1\u00a0Minute\" \/>\n<script type=\"application\/ld+json\" class=\"yoast-schema-graph\">{\"@context\":\"https:\/\/schema.org\",\"@graph\":[{\"@type\":\"WebPage\",\"@id\":\"https:\/\/tourcruiser.com\/de\/products\/windowsen-x-nike-wmns-air-max-muse-metallic-silver-ih2120-002\/\",\"url\":\"https:\/\/tourcruiser.com\/de\/products\/windowsen-x-nike-wmns-air-max-muse-metallic-silver-ih2120-002\/\",\"name\":\"Nike Windowsen x Wmns Air Max Muse 'Metallic Silver' - Tourcruiser PTE. LTD\",\"isPartOf\":{\"@id\":\"https:\/\/tourcruiser.com\/de\/#website\"},\"primaryImageOfPage\":{\"@id\":\"https:\/\/tourcruiser.com\/de\/products\/windowsen-x-nike-wmns-air-max-muse-metallic-silver-ih2120-002\/#primaryimage\"},\"image\":{\"@id\":\"https:\/\/tourcruiser.com\/de\/products\/windowsen-x-nike-wmns-air-max-muse-metallic-silver-ih2120-002\/#primaryimage\"},\"thumbnailUrl\":\"https:\/\/images.novelship.com\/product\/windowsen_x_nike_air_max_muse__metallic_silver_rag_0_98119.jpeg\",\"datePublished\":\"2026-02-20T08:06:16+00:00\",\"dateModified\":\"2026-03-27T17:26:42+00:00\",\"breadcrumb\":{\"@id\":\"https:\/\/tourcruiser.com\/de\/products\/windowsen-x-nike-wmns-air-max-muse-metallic-silver-ih2120-002\/#breadcrumb\"},\"inLanguage\":\"de\",\"potentialAction\":[{\"@type\":\"ReadAction\",\"target\":[\"https:\/\/tourcruiser.com\/de\/products\/windowsen-x-nike-wmns-air-max-muse-metallic-silver-ih2120-002\/\"]}]},{\"@type\":\"ImageObject\",\"inLanguage\":\"de\",\"@id\":\"https:\/\/tourcruiser.com\/de\/products\/windowsen-x-nike-wmns-air-max-muse-metallic-silver-ih2120-002\/#primaryimage\",\"url\":\"https:\/\/images.novelship.com\/product\/windowsen_x_nike_air_max_muse__metallic_silver_rag_0_98119.jpeg\",\"contentUrl\":\"https:\/\/images.novelship.com\/product\/windowsen_x_nike_air_max_muse__metallic_silver_rag_0_98119.jpeg\"},{\"@type\":\"BreadcrumbList\",\"@id\":\"https:\/\/tourcruiser.com\/de\/products\/windowsen-x-nike-wmns-air-max-muse-metallic-silver-ih2120-002\/#breadcrumb\",\"itemListElement\":[{\"@type\":\"ListItem\",\"position\":1,\"name\":\"Home\",\"item\":\"https:\/\/tourcruiser.com\/de\/\"},{\"@type\":\"ListItem\",\"position\":2,\"name\":\"Shop\",\"item\":\"https:\/\/tourcruiser.com\/de\/shop\/\"},{\"@type\":\"ListItem\",\"position\":3,\"name\":\"Nike Windowsen x Wmns Air Max Muse 'Metallic Silver'\"}]},{\"@type\":\"WebSite\",\"@id\":\"https:\/\/tourcruiser.com\/de\/#website\",\"url\":\"https:\/\/tourcruiser.com\/de\/\",\"name\":\"Styloral Jewelry Shop\",\"description\":\"Tourcruiser Sneaker Store \u2014 der Ort, an dem das Universum deine Einzigartigkeit trifft.\",\"publisher\":{\"@id\":\"https:\/\/tourcruiser.com\/de\/#organization\"},\"potentialAction\":[{\"@type\":\"SearchAction\",\"target\":{\"@type\":\"EntryPoint\",\"urlTemplate\":\"https:\/\/tourcruiser.com\/de\/?s={search_term_string}\"},\"query-input\":{\"@type\":\"PropertyValueSpecification\",\"valueRequired\":true,\"valueName\":\"search_term_string\"}}],\"inLanguage\":\"de\"},{\"@type\":\"Organization\",\"@id\":\"https:\/\/tourcruiser.com\/de\/#organization\",\"name\":\"STYLORAL PTE. LTD\",\"url\":\"https:\/\/tourcruiser.com\/de\/\",\"logo\":{\"@type\":\"ImageObject\",\"inLanguage\":\"de\",\"@id\":\"https:\/\/tourcruiser.com\/de\/#\/schema\/logo\/image\/\",\"url\":\"https:\/\/www.tourcruiser.com\/wp-content\/uploads\/2025\/12\/logo.png\",\"contentUrl\":\"https:\/\/www.tourcruiser.com\/wp-content\/uploads\/2025\/12\/logo.png\",\"width\":200,\"height\":65,\"caption\":\"STYLORAL PTE. LTD\"},\"image\":{\"@id\":\"https:\/\/tourcruiser.com\/de\/#\/schema\/logo\/image\/\"}}]}<\/script>\n<!-- \/ Yoast SEO plugin. -->","yoast_head_json":{"title":"Nike Windowsen x Wmns Air Max Muse 'Metallic Silver' - Tourcruiser PTE. LTD","robots":{"index":"index","follow":"follow","max-snippet":"max-snippet:-1","max-image-preview":"max-image-preview:large","max-video-preview":"max-video-preview:-1"},"canonical":"https:\/\/tourcruiser.com\/de\/products\/windowsen-x-nike-wmns-air-max-muse-metallic-silver-ih2120-002\/","og_locale":"de_DE","og_type":"article","og_title":"Nike Windowsen x Wmns Air Max Muse 'Metallic Silver' - Tourcruiser PTE. LTD","og_description":"Nike None \u2014 Metallic Silver\/Rage Green\/Anthracite\/Black\/White","og_url":"https:\/\/tourcruiser.com\/de\/products\/windowsen-x-nike-wmns-air-max-muse-metallic-silver-ih2120-002\/","og_site_name":"Tourcruiser Sneaker Store","article_modified_time":"2026-03-27T17:26:42+00:00","twitter_card":"summary_large_image","twitter_image":"https:\/\/images.novelship.com\/product\/windowsen_x_nike_air_max_muse__metallic_silver_rag_0_98119.jpeg","twitter_misc":{"Gesch\u00e4tzte Lesezeit":"1\u00a0Minute"},"schema":{"@context":"https:\/\/schema.org","@graph":[{"@type":"WebPage","@id":"https:\/\/tourcruiser.com\/de\/products\/windowsen-x-nike-wmns-air-max-muse-metallic-silver-ih2120-002\/","url":"https:\/\/tourcruiser.com\/de\/products\/windowsen-x-nike-wmns-air-max-muse-metallic-silver-ih2120-002\/","name":"Nike Windowsen x Wmns Air Max Muse 'Metallic Silver' - Tourcruiser PTE. LTD","isPartOf":{"@id":"https:\/\/tourcruiser.com\/de\/#website"},"primaryImageOfPage":{"@id":"https:\/\/tourcruiser.com\/de\/products\/windowsen-x-nike-wmns-air-max-muse-metallic-silver-ih2120-002\/#primaryimage"},"image":{"@id":"https:\/\/tourcruiser.com\/de\/products\/windowsen-x-nike-wmns-air-max-muse-metallic-silver-ih2120-002\/#primaryimage"},"thumbnailUrl":"https:\/\/images.novelship.com\/product\/windowsen_x_nike_air_max_muse__metallic_silver_rag_0_98119.jpeg","datePublished":"2026-02-20T08:06:16+00:00","dateModified":"2026-03-27T17:26:42+00:00","breadcrumb":{"@id":"https:\/\/tourcruiser.com\/de\/products\/windowsen-x-nike-wmns-air-max-muse-metallic-silver-ih2120-002\/#breadcrumb"},"inLanguage":"de","potentialAction":[{"@type":"ReadAction","target":["https:\/\/tourcruiser.com\/de\/products\/windowsen-x-nike-wmns-air-max-muse-metallic-silver-ih2120-002\/"]}]},{"@type":"ImageObject","inLanguage":"de","@id":"https:\/\/tourcruiser.com\/de\/products\/windowsen-x-nike-wmns-air-max-muse-metallic-silver-ih2120-002\/#primaryimage","url":"https:\/\/images.novelship.com\/product\/windowsen_x_nike_air_max_muse__metallic_silver_rag_0_98119.jpeg","contentUrl":"https:\/\/images.novelship.com\/product\/windowsen_x_nike_air_max_muse__metallic_silver_rag_0_98119.jpeg"},{"@type":"BreadcrumbList","@id":"https:\/\/tourcruiser.com\/de\/products\/windowsen-x-nike-wmns-air-max-muse-metallic-silver-ih2120-002\/#breadcrumb","itemListElement":[{"@type":"ListItem","position":1,"name":"Home","item":"https:\/\/tourcruiser.com\/de\/"},{"@type":"ListItem","position":2,"name":"Shop","item":"https:\/\/tourcruiser.com\/de\/shop\/"},{"@type":"ListItem","position":3,"name":"Nike Windowsen x Wmns Air Max Muse 'Metallic Silver'"}]},{"@type":"WebSite","@id":"https:\/\/tourcruiser.com\/de\/#website","url":"https:\/\/tourcruiser.com\/de\/","name":"Styloral Jewelry Shop","description":"Tourcruiser Sneaker Store \u2014 der Ort, an dem das Universum deine Einzigartigkeit trifft.","publisher":{"@id":"https:\/\/tourcruiser.com\/de\/#organization"},"potentialAction":[{"@type":"SearchAction","target":{"@type":"EntryPoint","urlTemplate":"https:\/\/tourcruiser.com\/de\/?s={search_term_string}"},"query-input":{"@type":"PropertyValueSpecification","valueRequired":true,"valueName":"search_term_string"}}],"inLanguage":"de"},{"@type":"Organization","@id":"https:\/\/tourcruiser.com\/de\/#organization","name":"STYLORAL PTE. LTD","url":"https:\/\/tourcruiser.com\/de\/","logo":{"@type":"ImageObject","inLanguage":"de","@id":"https:\/\/tourcruiser.com\/de\/#\/schema\/logo\/image\/","url":"https:\/\/www.tourcruiser.com\/wp-content\/uploads\/2025\/12\/logo.png","contentUrl":"https:\/\/www.tourcruiser.com\/wp-content\/uploads\/2025\/12\/logo.png","width":200,"height":65,"caption":"STYLORAL PTE. LTD"},"image":{"@id":"https:\/\/tourcruiser.com\/de\/#\/schema\/logo\/image\/"}}]}},"_links":{"self":[{"href":"https:\/\/tourcruiser.com\/de\/wp-json\/wp\/v2\/product\/16518","targetHints":{"allow":["GET"]}}],"collection":[{"href":"https:\/\/tourcruiser.com\/de\/wp-json\/wp\/v2\/product"}],"about":[{"href":"https:\/\/tourcruiser.com\/de\/wp-json\/wp\/v2\/types\/product"}],"replies":[{"embeddable":true,"href":"https:\/\/tourcruiser.com\/de\/wp-json\/wp\/v2\/comments?post=16518"}],"wp:featuredmedia":[{"embeddable":true,"href":"https:\/\/tourcruiser.com\/de\/wp-json\/wp\/v2\/media\/16519"}],"wp:attachment":[{"href":"https:\/\/tourcruiser.com\/de\/wp-json\/wp\/v2\/media?parent=16518"}],"wp:term":[{"taxonomy":"product_brand","embeddable":true,"href":"https:\/\/tourcruiser.com\/de\/wp-json\/wp\/v2\/product_brand?post=16518"},{"taxonomy":"product_cat","embeddable":true,"href":"https:\/\/tourcruiser.com\/de\/wp-json\/wp\/v2\/product_cat?post=16518"},{"taxonomy":"product_tag","embeddable":true,"href":"https:\/\/tourcruiser.com\/de\/wp-json\/wp\/v2\/product_tag?post=16518"}],"curies":[{"name":"wp","href":"https:\/\/api.w.org\/{rel}","templated":true}]}}