{"id":165081,"date":"2026-03-02T16:13:09","date_gmt":"2026-03-02T09:13:09","guid":{"rendered":"http:\/\/tourcruiser.com\/product\/women-adidas-maxxwavy-extreme-blue-white"},"modified":"2026-03-28T01:33:41","modified_gmt":"2026-03-27T18:33:41","slug":"women-adidas-maxxwavy-extreme-blue-white","status":"publish","type":"product","link":"https:\/\/tourcruiser.com\/de\/products\/women-adidas-maxxwavy-extreme-blue-white\/","title":{"rendered":"(Women) adidas Maxxwavy Extreme &#8218;Blue White&#8216;"},"content":{"rendered":"<p>Wir pr\u00e4sentieren den adidas Maxxwavy Extreme &#8218;Blue White&#8216; ID3677 Sneaker \u201d\u201c designt f\u00fcr Frauen, die Wert auf Style und Performance legen. Dieser leichte Schuh besticht durch sein auff\u00e4lliges blau-wei\u00dfes Design, ein atmungsaktives Mesh-Obermaterial f\u00fcr ganzt\u00e4gigen Tragekomfort und eine strapazierf\u00e4hige Gummisohle f\u00fcr optimale Traktion. Dank seines eleganten Designs und des innovativen D\u00e4mpfungssystems ist der Maxxwavy Extreme die perfekte Wahl f\u00fcr Sportlerinnen und modebewusste Frauen. Steigere deine Performance und ziehe alle Blicke auf dich \u201d\u201c mit diesem au\u00dfergew\u00f6hnlichen Sneaker.<\/p>\n<p>Farbgebung: Blau\/Wei\u00df<br \/>\nArtikelnummer: ID3677<br \/>\nFarbe: Wei\u00df<\/p>\n<p>Farbe: Wei\u00df<\/p>\n","protected":false},"excerpt":{"rendered":"<p>adidas Maxxwavy Extreme \u201d\u201d Blue\/White<\/p>\n","protected":false},"featured_media":165082,"comment_status":"open","ping_status":"closed","template":"","meta":[],"product_brand":[],"product_cat":[10941],"product_tag":[10759,10750,10847,10926,10754,10765,10785,10786,10758],"class_list":{"0":"post-165081","1":"product","2":"type-product","3":"status-publish","4":"has-post-thumbnail","6":"product_cat-adidas-women","7":"product_tag-adidas","8":"product_tag-athleisure-shoes","9":"product_tag-best-finds-under-100","10":"product_tag-gift-for-her","11":"product_tag-lifestyle-casual-shoes","12":"product_tag-lifestyle-shoes-running-inspired","13":"product_tag-trending-deals","14":"product_tag-trending-deals-under-150","15":"product_tag-under-retail","16":"wcpa_has_options","18":"first","19":"outofstock","20":"taxable","21":"shipping-taxable","22":"purchasable","23":"product-type-simple"},"wcpa_form_fields":{"rules":{"pric_overide_base_price":false,"pric_overide_base_price_if_gt_zero":false,"pric_overide_base_price_fully":false,"pric_cal_option_once":false,"pric_use_as_fee":false,"bind_quantity":false,"quantity_bind_formula":false},"fields":[{"type":"color-group","required":true,"elementId":"wcpa-color-group-66c4a7f817afe","label":"Gr\u00f6\u00dfe","inline":true,"priceOptions":"different_for_all","pricingType":"fixed","className":"hassizechart product-shoes-size-eu product-shoes-size","name":"color-group-66c4a7f817b18","disp_type":"square","selection_type":"tick-border","disp_size":"50","show_label_inside":true,"adjust_width":true,"cart_display_type":"text","other_text":"Other","cl_rule":"show","col":6,"values":[{"label":"35","value":"EU 35","price":"","pimage":"","pimage_id":"","pthumb":"","color":""},{"label":"35.5","value":"EU 35.5","price":"","pimage":"","pimage_id":"","pthumb":"","color":""},{"label":"36","value":"EU 36","price":"","pimage":"","pimage_id":"","pthumb":"","color":"","selected":true},{"label":"36 2\/3","value":"EU 36 2\/3","price":"","pimage":"","pimage_id":"","pthumb":"","color":""},{"label":"37 1\/3","value":"EU 37 1\/3","price":"","pimage":"","pimage_id":"","pthumb":"","color":""},{"label":"38","value":"EU 38","price":"","pimage":"","pimage_id":"","pthumb":"","color":""},{"label":"38 2\/3","value":"EU 38 2\/3","price":"","pimage":"","pimage_id":"","pthumb":"","color":""},{"label":"39 1\/3","value":"EU 39 1\/3","price":"","pimage":"","pimage_id":"","pthumb":"","color":""},{"label":"40","value":"EU 40","price":"","pimage":"","pimage_id":"","pthumb":"","color":""},{"label":"40 2\/3","value":"EU 40 2\/3","price":"","pimage":"","pimage_id":"","pthumb":"","color":""},{"label":"41 1\/3","value":"EU 41 1\/3","price":"","pimage":"","pimage_id":"","pthumb":"","color":""},{"label":"42","value":"EU 42","price":"","pimage":"","pimage_id":"","pthumb":"","color":""},{"label":"42 2\/3","value":"EU 42 2\/3","price":"","pimage":"","pimage_id":"","pthumb":"","color":""},{"label":"43 1\/3","value":"EU 43 1\/3","price":"","pimage":"","pimage_id":"","pthumb":"","color":""},{"label":"44","value":"EU 44","price":"","pimage":"","pimage_id":"","pthumb":"","color":""},{"label":"44 2\/3","value":"EU 44 2\/3","price":"","pimage":"","pimage_id":"","pthumb":"","color":""},{"label":"45 1\/3","value":"EU 45 1\/3","price":"","pimage":"","pimage_id":"","pthumb":"","color":""},{"label":"46","value":"EU 46","price":"","pimage":"","pimage_id":"","pthumb":"","color":""},{"label":"46 2\/3","value":"EU 46 2\/3","price":"","pimage":"","pimage_id":"","pthumb":"","color":""},{"label":"47 1\/3","value":"EU 47 1\/3","price":"","pimage":"","pimage_id":"","pthumb":"","color":""}],"relations":[{"operator":false,"rules":[]}],"form_id":24802,"form_rules":{"pric_cal_option_once":false,"exclude_from_discount":false,"pric_use_as_fee":false,"fee_label":"Fee","render_after_acb":false,"disp_hide_options_price":false}}]},"yoast_head":"<!-- This site is optimized with the Yoast SEO plugin v26.5 - https:\/\/yoast.com\/wordpress\/plugins\/seo\/ -->\n<title>(Women) adidas Maxxwavy Extreme &#039;Blue White&#039;  - Tourcruiser PTE. LTD<\/title>\n<meta name=\"robots\" content=\"index, follow, max-snippet:-1, max-image-preview:large, max-video-preview:-1\" \/>\n<link rel=\"canonical\" href=\"https:\/\/tourcruiser.com\/\" \/>\n<meta property=\"og:locale\" content=\"de_DE\" \/>\n<meta property=\"og:type\" content=\"article\" \/>\n<meta property=\"og:title\" content=\"(Women) adidas Maxxwavy Extreme &#039;Blue White&#039;  - Tourcruiser PTE. LTD\" \/>\n<meta property=\"og:description\" content=\"adidas Maxxwavy Extreme \u201d\u201d Blue\/White\" \/>\n<meta property=\"og:url\" content=\"\/\" \/>\n<meta property=\"og:site_name\" content=\"Tourcruiser Sneaker Store\" \/>\n<meta property=\"article:modified_time\" content=\"2026-03-27T18:33:41+00:00\" \/>\n<meta name=\"twitter:card\" content=\"summary_large_image\" \/>\n<meta name=\"twitter:image\" content=\"https:\/\/images.novelship.com\/product\/_women__adidas_maxxwavy_extreme__blue_white__id367_0_96741.png;https:\/\/images.novelship.com\/product\/_women__adidas_maxxwavy_extreme__blue_white__id367_1_96741.jpeg;https:\/\/images.novelship.com\/product\/_women__adidas_maxxwavy_extreme__blue_white__id367_2_96741.jpeg;https:\/\/images.novelship.com\/product\/_women__adidas_maxxwavy_extreme__blue_white__id367_3_96741.jpeg;https:\/\/images.novelship.com\/product\/_women__adidas_maxxwavy_extreme__blue_white__id367_4_96741.jpeg\" \/>\n<script type=\"application\/ld+json\" class=\"yoast-schema-graph\">{\"@context\":\"https:\/\/schema.org\",\"@graph\":[{\"@type\":\"WebPage\",\"@id\":\"\/\",\"url\":\"https:\/\/tourcruiser.com\/\",\"name\":\"(Women) adidas Maxxwavy Extreme 'Blue White' - Tourcruiser PTE. LTD\",\"isPartOf\":{\"@id\":\"\/#website\"},\"primaryImageOfPage\":{\"@id\":\"https:\/\/tourcruiser.com\/#primaryimage\"},\"image\":{\"@id\":\"https:\/\/tourcruiser.com\/#primaryimage\"},\"thumbnailUrl\":\"https:\/\/images.novelship.com\/product\/_women__adidas_maxxwavy_extreme__blue_white__id367_0_96741.png;https:\/\/images.novelship.com\/product\/_women__adidas_maxxwavy_extreme__blue_white__id367_1_96741.jpeg;https:\/\/images.novelship.com\/product\/_women__adidas_maxxwavy_extreme__blue_white__id367_2_96741.jpeg;https:\/\/images.novelship.com\/product\/_women__adidas_maxxwavy_extreme__blue_white__id367_3_96741.jpeg;https:\/\/images.novelship.com\/product\/_women__adidas_maxxwavy_extreme__blue_white__id367_4_96741.jpeg\",\"datePublished\":\"2026-03-02T09:13:09+00:00\",\"dateModified\":\"2026-03-27T18:33:41+00:00\",\"breadcrumb\":{\"@id\":\"https:\/\/tourcruiser.com\/#breadcrumb\"},\"inLanguage\":\"de\",\"potentialAction\":[{\"@type\":\"ReadAction\",\"target\":[\"https:\/\/tourcruiser.com\/\"]}]},{\"@type\":\"ImageObject\",\"inLanguage\":\"de\",\"@id\":\"https:\/\/tourcruiser.com\/#primaryimage\",\"url\":\"https:\/\/images.novelship.com\/product\/_women__adidas_maxxwavy_extreme__blue_white__id367_0_96741.png;https:\/\/images.novelship.com\/product\/_women__adidas_maxxwavy_extreme__blue_white__id367_1_96741.jpeg;https:\/\/images.novelship.com\/product\/_women__adidas_maxxwavy_extreme__blue_white__id367_2_96741.jpeg;https:\/\/images.novelship.com\/product\/_women__adidas_maxxwavy_extreme__blue_white__id367_3_96741.jpeg;https:\/\/images.novelship.com\/product\/_women__adidas_maxxwavy_extreme__blue_white__id367_4_96741.jpeg\",\"contentUrl\":\"https:\/\/images.novelship.com\/product\/_women__adidas_maxxwavy_extreme__blue_white__id367_0_96741.png;https:\/\/images.novelship.com\/product\/_women__adidas_maxxwavy_extreme__blue_white__id367_1_96741.jpeg;https:\/\/images.novelship.com\/product\/_women__adidas_maxxwavy_extreme__blue_white__id367_2_96741.jpeg;https:\/\/images.novelship.com\/product\/_women__adidas_maxxwavy_extreme__blue_white__id367_3_96741.jpeg;https:\/\/images.novelship.com\/product\/_women__adidas_maxxwavy_extreme__blue_white__id367_4_96741.jpeg\"},{\"@type\":\"BreadcrumbList\",\"@id\":\"https:\/\/tourcruiser.com\/#breadcrumb\",\"itemListElement\":[{\"@type\":\"ListItem\",\"position\":1,\"name\":\"Home\",\"item\":\"https:\/\/tourcruiser.com\/de\/\"},{\"@type\":\"ListItem\",\"position\":2,\"name\":\"Shop\",\"item\":\"https:\/\/tourcruiser.com\/de\/shop\/\"},{\"@type\":\"ListItem\",\"position\":3,\"name\":\"(Women) adidas Maxxwavy Extreme &#8218;Blue White&#8216;\"}]},{\"@type\":\"WebSite\",\"@id\":\"\/#website\",\"url\":\"\/\",\"name\":\"Styloral Jewelry Shop\",\"description\":\"Tourcruiser Sneaker Store \u2014 der Ort, an dem das Universum deine Einzigartigkeit trifft.\",\"publisher\":{\"@id\":\"\/#organization\"},\"potentialAction\":[{\"@type\":\"SearchAction\",\"target\":{\"@type\":\"EntryPoint\",\"urlTemplate\":\"\/?s={search_term_string}\"},\"query-input\":{\"@type\":\"PropertyValueSpecification\",\"valueRequired\":true,\"valueName\":\"search_term_string\"}}],\"inLanguage\":\"de\"},{\"@type\":\"Organization\",\"@id\":\"\/#organization\",\"name\":\"STYLORAL PTE. LTD\",\"url\":\"\/\",\"logo\":{\"@type\":\"ImageObject\",\"inLanguage\":\"de\",\"@id\":\"\/#\/schema\/logo\/image\/\",\"url\":\"https:\/\/www.tourcruiser.com\/wp-content\/uploads\/2025\/12\/logo.png\",\"contentUrl\":\"https:\/\/www.tourcruiser.com\/wp-content\/uploads\/2025\/12\/logo.png\",\"width\":200,\"height\":65,\"caption\":\"STYLORAL PTE. LTD\"},\"image\":{\"@id\":\"\/#\/schema\/logo\/image\/\"}}]}<\/script>\n<!-- \/ Yoast SEO plugin. -->","yoast_head_json":{"title":"(Women) adidas Maxxwavy Extreme 'Blue White'  - Tourcruiser PTE. LTD","robots":{"index":"index","follow":"follow","max-snippet":"max-snippet:-1","max-image-preview":"max-image-preview:large","max-video-preview":"max-video-preview:-1"},"canonical":"https:\/\/tourcruiser.com\/","og_locale":"de_DE","og_type":"article","og_title":"(Women) adidas Maxxwavy Extreme 'Blue White'  - Tourcruiser PTE. LTD","og_description":"adidas Maxxwavy Extreme \u201d\u201d Blue\/White","og_url":"\/","og_site_name":"Tourcruiser Sneaker Store","article_modified_time":"2026-03-27T18:33:41+00:00","twitter_card":"summary_large_image","twitter_image":"https:\/\/images.novelship.com\/product\/_women__adidas_maxxwavy_extreme__blue_white__id367_0_96741.png;https:\/\/images.novelship.com\/product\/_women__adidas_maxxwavy_extreme__blue_white__id367_1_96741.jpeg;https:\/\/images.novelship.com\/product\/_women__adidas_maxxwavy_extreme__blue_white__id367_2_96741.jpeg;https:\/\/images.novelship.com\/product\/_women__adidas_maxxwavy_extreme__blue_white__id367_3_96741.jpeg;https:\/\/images.novelship.com\/product\/_women__adidas_maxxwavy_extreme__blue_white__id367_4_96741.jpeg","schema":{"@context":"https:\/\/schema.org","@graph":[{"@type":"WebPage","@id":"\/","url":"https:\/\/tourcruiser.com\/","name":"(Women) adidas Maxxwavy Extreme 'Blue White' - Tourcruiser PTE. LTD","isPartOf":{"@id":"\/#website"},"primaryImageOfPage":{"@id":"https:\/\/tourcruiser.com\/#primaryimage"},"image":{"@id":"https:\/\/tourcruiser.com\/#primaryimage"},"thumbnailUrl":"https:\/\/images.novelship.com\/product\/_women__adidas_maxxwavy_extreme__blue_white__id367_0_96741.png;https:\/\/images.novelship.com\/product\/_women__adidas_maxxwavy_extreme__blue_white__id367_1_96741.jpeg;https:\/\/images.novelship.com\/product\/_women__adidas_maxxwavy_extreme__blue_white__id367_2_96741.jpeg;https:\/\/images.novelship.com\/product\/_women__adidas_maxxwavy_extreme__blue_white__id367_3_96741.jpeg;https:\/\/images.novelship.com\/product\/_women__adidas_maxxwavy_extreme__blue_white__id367_4_96741.jpeg","datePublished":"2026-03-02T09:13:09+00:00","dateModified":"2026-03-27T18:33:41+00:00","breadcrumb":{"@id":"https:\/\/tourcruiser.com\/#breadcrumb"},"inLanguage":"de","potentialAction":[{"@type":"ReadAction","target":["https:\/\/tourcruiser.com\/"]}]},{"@type":"ImageObject","inLanguage":"de","@id":"https:\/\/tourcruiser.com\/#primaryimage","url":"https:\/\/images.novelship.com\/product\/_women__adidas_maxxwavy_extreme__blue_white__id367_0_96741.png;https:\/\/images.novelship.com\/product\/_women__adidas_maxxwavy_extreme__blue_white__id367_1_96741.jpeg;https:\/\/images.novelship.com\/product\/_women__adidas_maxxwavy_extreme__blue_white__id367_2_96741.jpeg;https:\/\/images.novelship.com\/product\/_women__adidas_maxxwavy_extreme__blue_white__id367_3_96741.jpeg;https:\/\/images.novelship.com\/product\/_women__adidas_maxxwavy_extreme__blue_white__id367_4_96741.jpeg","contentUrl":"https:\/\/images.novelship.com\/product\/_women__adidas_maxxwavy_extreme__blue_white__id367_0_96741.png;https:\/\/images.novelship.com\/product\/_women__adidas_maxxwavy_extreme__blue_white__id367_1_96741.jpeg;https:\/\/images.novelship.com\/product\/_women__adidas_maxxwavy_extreme__blue_white__id367_2_96741.jpeg;https:\/\/images.novelship.com\/product\/_women__adidas_maxxwavy_extreme__blue_white__id367_3_96741.jpeg;https:\/\/images.novelship.com\/product\/_women__adidas_maxxwavy_extreme__blue_white__id367_4_96741.jpeg"},{"@type":"BreadcrumbList","@id":"https:\/\/tourcruiser.com\/#breadcrumb","itemListElement":[{"@type":"ListItem","position":1,"name":"Home","item":"https:\/\/tourcruiser.com\/de\/"},{"@type":"ListItem","position":2,"name":"Shop","item":"https:\/\/tourcruiser.com\/de\/shop\/"},{"@type":"ListItem","position":3,"name":"(Women) adidas Maxxwavy Extreme &#8218;Blue White&#8216;"}]},{"@type":"WebSite","@id":"\/#website","url":"\/","name":"Styloral Jewelry Shop","description":"Tourcruiser Sneaker Store \u2014 der Ort, an dem das Universum deine Einzigartigkeit trifft.","publisher":{"@id":"\/#organization"},"potentialAction":[{"@type":"SearchAction","target":{"@type":"EntryPoint","urlTemplate":"\/?s={search_term_string}"},"query-input":{"@type":"PropertyValueSpecification","valueRequired":true,"valueName":"search_term_string"}}],"inLanguage":"de"},{"@type":"Organization","@id":"\/#organization","name":"STYLORAL PTE. LTD","url":"\/","logo":{"@type":"ImageObject","inLanguage":"de","@id":"\/#\/schema\/logo\/image\/","url":"https:\/\/www.tourcruiser.com\/wp-content\/uploads\/2025\/12\/logo.png","contentUrl":"https:\/\/www.tourcruiser.com\/wp-content\/uploads\/2025\/12\/logo.png","width":200,"height":65,"caption":"STYLORAL PTE. LTD"},"image":{"@id":"\/#\/schema\/logo\/image\/"}}]}},"_links":{"self":[{"href":"https:\/\/tourcruiser.com\/de\/wp-json\/wp\/v2\/product\/165081","targetHints":{"allow":["GET"]}}],"collection":[{"href":"https:\/\/tourcruiser.com\/de\/wp-json\/wp\/v2\/product"}],"about":[{"href":"https:\/\/tourcruiser.com\/de\/wp-json\/wp\/v2\/types\/product"}],"replies":[{"embeddable":true,"href":"https:\/\/tourcruiser.com\/de\/wp-json\/wp\/v2\/comments?post=165081"}],"wp:featuredmedia":[{"embeddable":true,"href":"https:\/\/tourcruiser.com\/de\/wp-json\/wp\/v2\/media\/165082"}],"wp:attachment":[{"href":"https:\/\/tourcruiser.com\/de\/wp-json\/wp\/v2\/media?parent=165081"}],"wp:term":[{"taxonomy":"product_brand","embeddable":true,"href":"https:\/\/tourcruiser.com\/de\/wp-json\/wp\/v2\/product_brand?post=165081"},{"taxonomy":"product_cat","embeddable":true,"href":"https:\/\/tourcruiser.com\/de\/wp-json\/wp\/v2\/product_cat?post=165081"},{"taxonomy":"product_tag","embeddable":true,"href":"https:\/\/tourcruiser.com\/de\/wp-json\/wp\/v2\/product_tag?post=165081"}],"curies":[{"name":"wp","href":"https:\/\/api.w.org\/{rel}","templated":true}]}}