{"id":164671,"date":"2026-03-02T16:12:31","date_gmt":"2026-03-02T09:12:31","guid":{"rendered":"http:\/\/tourcruiser.com\/product\/nike-zoom-gp-challenge-1-denim-turquoise-armorry"},"modified":"2026-03-28T01:33:21","modified_gmt":"2026-03-27T18:33:21","slug":"nike-zoom-gp-challenge-1-denim-turquoise-armorry","status":"publish","type":"product","link":"https:\/\/tourcruiser.com\/de\/products\/nike-zoom-gp-challenge-1-denim-turquoise-armorry\/","title":{"rendered":"Nike Zoom GP Challenge 1 &#8218;Denim Turquoise Armorry&#8216;"},"content":{"rendered":"<p>Steigere deinen Style und deine Performance mit dem Nike Zoom GP Challenge 1 &#8218;Denim Turquoise Armorry&#8216; FB3147-401 \u201d\u201c die perfekte Kombination aus modernster Technologie und markantem Design.<\/p>\n<p>Diese Sneaker bestechen durch ein auff\u00e4lliges, denim-inspiriertes Obermaterial mit leuchtenden t\u00fcrkisfarbenen und marineblauen Akzenten. So entsteht ein einzigartiger, urbaner Look, der \u00fcberall auff\u00e4llt. Dank der reaktionsschnellen Zoom Air-D\u00e4mpfung von Nike bieten sie unvergleichlichen Komfort und optimale Energier\u00fcckgabe \u201d\u201c ideal f\u00fcr Freizeit und Sport. Die strapazierf\u00e4hige Gummisohle sorgt f\u00fcr hervorragende Traktion auf verschiedenen Untergr\u00fcnden, w\u00e4hrend das sichere Schn\u00fcrsystem eine individuelle und sichere Passform gew\u00e4hrleistet.<\/p>\n<p>Dieses Modell ist perfekt f\u00fcr Sportbegeisterte und Sneaker-Fans gleicherma\u00dfen und vereint traditionelles Design mit moderner Innovation. So bist du in Sachen Mode und Funktion immer einen Schritt voraus. Der Nike Zoom GP Challenge 1 \u201eDenim Turquoise Armory\u201c wurde f\u00fcr ein globales Publikum entwickelt und vereint nahtlos Stil, Performance und Vielseitigkeit.<\/p>\n<ul>\n<li><strong>Farbgebung:<\/strong> Denim Turquoise\/Armory Navy\/Volt<\/li>\n<li><strong>Style-Code:<\/strong> FB3147-401<\/li>\n<li><strong>Obermaterial:<\/strong> Mesh<\/li>\n<li><strong>Mittelsohle:<\/strong> Zoom Air<\/li>\n<li><strong>Farbe:<\/strong> Blau<\/li>\n<\/ul>\n","protected":false},"excerpt":{"rendered":"<p>Nike Zoom GP Challenge 1 \u201d\u201d Denim Turquoise\/Armory Navy\/Volt<\/p>\n","protected":false},"featured_media":164672,"comment_status":"open","ping_status":"closed","template":"","meta":[],"product_brand":[],"product_cat":[10803],"product_tag":[10753,10801,10802,11082,10758],"class_list":{"0":"post-164671","1":"product","2":"type-product","3":"status-publish","4":"has-post-thumbnail","6":"product_cat-nike","7":"product_tag-gift-for-him","8":"product_tag-nike","9":"product_tag-performance-sport-shoes","10":"product_tag-tennis-shoes","11":"product_tag-under-retail","12":"wcpa_has_options","14":"first","15":"outofstock","16":"taxable","17":"shipping-taxable","18":"purchasable","19":"product-type-simple"},"wcpa_form_fields":{"rules":{"pric_overide_base_price":false,"pric_overide_base_price_if_gt_zero":false,"pric_overide_base_price_fully":false,"pric_cal_option_once":false,"pric_use_as_fee":false,"bind_quantity":false,"quantity_bind_formula":false},"fields":[{"type":"color-group","required":true,"elementId":"wcpa-color-group-66c4a75505e74","label":"Gr\u00f6\u00dfe - EU Gr\u00f6\u00dfe","inline":true,"priceOptions":"different_for_all","pricingType":"fixed","className":"hassizechart product-shoes-size-eu product-shoes-size","name":"color-group-66c4a75505e89","disp_type":"square","selection_type":"tick-border","disp_size":"44","show_label_inside":true,"adjust_width":true,"cart_display_type":"text","other_text":"Other","cl_rule":"show","col":6,"values":[{"label":"35.5","value":"EU 35.5","price":"","pimage":"","pimage_id":"","pthumb":"","color":""},{"label":"36","value":"EU 36","price":"","pimage":"","pimage_id":"","pthumb":"","color":"","selected":true},{"label":"36.5","value":"EU 36.5","price":"","pimage":"","pimage_id":"","pthumb":"","color":""},{"label":"37.5","value":"EU 37.5","price":"","pimage":"","pimage_id":"","pthumb":"","color":""},{"label":"38","value":"EU 38","price":"","pimage":"","pimage_id":"","pthumb":"","color":""},{"label":"38.5","value":"EU 38.5","price":"","pimage":"","pimage_id":"","pthumb":"","color":""},{"label":"39","value":"EU 39","price":"","pimage":"","pimage_id":"","pthumb":"","color":""},{"label":"40","value":"EU 40","price":"","pimage":"","pimage_id":"","pthumb":"","color":""},{"label":"40.5","value":"EU 40.5","price":"","pimage":"","pimage_id":"","pthumb":"","color":""},{"label":"41","value":"EU 41","price":"","pimage":"","pimage_id":"","pthumb":"","color":""},{"label":"42","value":"EU 42","price":"","pimage":"","pimage_id":"","pthumb":"","color":""},{"label":"42.5","value":"EU 42.5","price":"","pimage":"","pimage_id":"","pthumb":"","color":""},{"label":"43","value":"EU 43","price":"","pimage":"","pimage_id":"","pthumb":"","color":""},{"label":"44","value":"EU 44","price":"","pimage":"","pimage_id":"","pthumb":"","color":""},{"label":"44.5","value":"EU 44.5","price":"","pimage":"","pimage_id":"","pthumb":"","color":""},{"label":"45","value":"EU 45","price":"","pimage":"","pimage_id":"","pthumb":"","color":""},{"label":"45.5","value":"EU 45.5","price":"","pimage":"","pimage_id":"","pthumb":"","color":""},{"label":"46","value":"EU 46","price":"","pimage":"","pimage_id":"","pthumb":"","color":""},{"label":"47","value":"EU 47","price":"","pimage":"","pimage_id":"","pthumb":"","color":""},{"label":"47.5","value":"EU 47.5","price":"","pimage":"","pimage_id":"","pthumb":"","color":""},{"label":"48","value":"EU 48","price":"","pimage":"","pimage_id":"","pthumb":"","color":""}],"relations":[{"operator":false,"rules":[]}],"form_id":18106,"form_rules":{"pric_cal_option_once":false,"exclude_from_discount":false,"pric_use_as_fee":false,"fee_label":"Fee","render_after_acb":false,"disp_hide_options_price":false}}]},"yoast_head":"<!-- This site is optimized with the Yoast SEO plugin v26.5 - https:\/\/yoast.com\/wordpress\/plugins\/seo\/ -->\n<title>Nike Zoom GP Challenge 1 &#039;Denim Turquoise Armorry&#039;  - Tourcruiser PTE. LTD<\/title>\n<meta name=\"robots\" content=\"index, follow, max-snippet:-1, max-image-preview:large, max-video-preview:-1\" \/>\n<link rel=\"canonical\" href=\"https:\/\/tourcruiser.com\/\" \/>\n<meta property=\"og:locale\" content=\"de_DE\" \/>\n<meta property=\"og:type\" content=\"article\" \/>\n<meta property=\"og:title\" content=\"Nike Zoom GP Challenge 1 &#039;Denim Turquoise Armorry&#039;  - Tourcruiser PTE. LTD\" \/>\n<meta property=\"og:description\" content=\"Nike Zoom GP Challenge 1 \u201d\u201d Denim Turquoise\/Armory Navy\/Volt\" \/>\n<meta property=\"og:url\" content=\"\/\" \/>\n<meta property=\"og:site_name\" content=\"Tourcruiser Sneaker Store\" \/>\n<meta property=\"article:modified_time\" content=\"2026-03-27T18:33:21+00:00\" \/>\n<meta name=\"twitter:card\" content=\"summary_large_image\" \/>\n<meta name=\"twitter:image\" content=\"https:\/\/images.novelship.com\/product\/nike_zoom_gp_challenge_1__denim_turquoise_armorry__0_91881.jpeg;https:\/\/images.novelship.com\/product\/nike_zoom_gp_challenge_1__denim_turquoise_armorry__1_91881.jpeg;https:\/\/images.novelship.com\/product\/nike_zoom_gp_challenge_1__denim_turquoise_armorry__2_91881.jpeg;https:\/\/images.novelship.com\/product\/nike_zoom_gp_challenge_1__denim_turquoise_armorry__3_91881.jpeg;https:\/\/images.novelship.com\/product\/nike_zoom_gp_challenge_1__denim_turquoise_armorry__4_91881.jpeg;https:\/\/images.novelship.com\/product\/nike_zoom_gp_challenge_1__denim_turquoise_armorry__5_91881.jpeg;https:\/\/images.novelship.com\/product\/nike_zoom_gp_challenge_1__denim_turquoise_armorry__6_91881.jpeg;https:\/\/images.novelship.com\/product\/nike_zoom_gp_challenge_1__denim_turquoise_armorry__7_91881.jpeg\" \/>\n<meta name=\"twitter:label1\" content=\"Gesch\u00e4tzte Lesezeit\" \/>\n\t<meta name=\"twitter:data1\" content=\"1\u00a0Minute\" \/>\n<script type=\"application\/ld+json\" class=\"yoast-schema-graph\">{\"@context\":\"https:\/\/schema.org\",\"@graph\":[{\"@type\":\"WebPage\",\"@id\":\"\/\",\"url\":\"https:\/\/tourcruiser.com\/\",\"name\":\"Nike Zoom GP Challenge 1 'Denim Turquoise Armorry' - Tourcruiser PTE. LTD\",\"isPartOf\":{\"@id\":\"https:\/\/tourcruiser.com\/de\/#website\"},\"primaryImageOfPage\":{\"@id\":\"https:\/\/tourcruiser.com\/#primaryimage\"},\"image\":{\"@id\":\"https:\/\/tourcruiser.com\/#primaryimage\"},\"thumbnailUrl\":\"https:\/\/images.novelship.com\/product\/nike_zoom_gp_challenge_1__denim_turquoise_armorry__0_91881.jpeg;https:\/\/images.novelship.com\/product\/nike_zoom_gp_challenge_1__denim_turquoise_armorry__1_91881.jpeg;https:\/\/images.novelship.com\/product\/nike_zoom_gp_challenge_1__denim_turquoise_armorry__2_91881.jpeg;https:\/\/images.novelship.com\/product\/nike_zoom_gp_challenge_1__denim_turquoise_armorry__3_91881.jpeg;https:\/\/images.novelship.com\/product\/nike_zoom_gp_challenge_1__denim_turquoise_armorry__4_91881.jpeg;https:\/\/images.novelship.com\/product\/nike_zoom_gp_challenge_1__denim_turquoise_armorry__5_91881.jpeg;https:\/\/images.novelship.com\/product\/nike_zoom_gp_challenge_1__denim_turquoise_armorry__6_91881.jpeg;https:\/\/images.novelship.com\/product\/nike_zoom_gp_challenge_1__denim_turquoise_armorry__7_91881.jpeg\",\"datePublished\":\"2026-03-02T09:12:31+00:00\",\"dateModified\":\"2026-03-27T18:33:21+00:00\",\"breadcrumb\":{\"@id\":\"https:\/\/tourcruiser.com\/#breadcrumb\"},\"inLanguage\":\"de\",\"potentialAction\":[{\"@type\":\"ReadAction\",\"target\":[\"https:\/\/tourcruiser.com\/\"]}]},{\"@type\":\"ImageObject\",\"inLanguage\":\"de\",\"@id\":\"https:\/\/tourcruiser.com\/#primaryimage\",\"url\":\"https:\/\/images.novelship.com\/product\/nike_zoom_gp_challenge_1__denim_turquoise_armorry__0_91881.jpeg;https:\/\/images.novelship.com\/product\/nike_zoom_gp_challenge_1__denim_turquoise_armorry__1_91881.jpeg;https:\/\/images.novelship.com\/product\/nike_zoom_gp_challenge_1__denim_turquoise_armorry__2_91881.jpeg;https:\/\/images.novelship.com\/product\/nike_zoom_gp_challenge_1__denim_turquoise_armorry__3_91881.jpeg;https:\/\/images.novelship.com\/product\/nike_zoom_gp_challenge_1__denim_turquoise_armorry__4_91881.jpeg;https:\/\/images.novelship.com\/product\/nike_zoom_gp_challenge_1__denim_turquoise_armorry__5_91881.jpeg;https:\/\/images.novelship.com\/product\/nike_zoom_gp_challenge_1__denim_turquoise_armorry__6_91881.jpeg;https:\/\/images.novelship.com\/product\/nike_zoom_gp_challenge_1__denim_turquoise_armorry__7_91881.jpeg\",\"contentUrl\":\"https:\/\/images.novelship.com\/product\/nike_zoom_gp_challenge_1__denim_turquoise_armorry__0_91881.jpeg;https:\/\/images.novelship.com\/product\/nike_zoom_gp_challenge_1__denim_turquoise_armorry__1_91881.jpeg;https:\/\/images.novelship.com\/product\/nike_zoom_gp_challenge_1__denim_turquoise_armorry__2_91881.jpeg;https:\/\/images.novelship.com\/product\/nike_zoom_gp_challenge_1__denim_turquoise_armorry__3_91881.jpeg;https:\/\/images.novelship.com\/product\/nike_zoom_gp_challenge_1__denim_turquoise_armorry__4_91881.jpeg;https:\/\/images.novelship.com\/product\/nike_zoom_gp_challenge_1__denim_turquoise_armorry__5_91881.jpeg;https:\/\/images.novelship.com\/product\/nike_zoom_gp_challenge_1__denim_turquoise_armorry__6_91881.jpeg;https:\/\/images.novelship.com\/product\/nike_zoom_gp_challenge_1__denim_turquoise_armorry__7_91881.jpeg\"},{\"@type\":\"BreadcrumbList\",\"@id\":\"https:\/\/tourcruiser.com\/#breadcrumb\",\"itemListElement\":[{\"@type\":\"ListItem\",\"position\":1,\"name\":\"Home\",\"item\":\"https:\/\/tourcruiser.com\/de\/\"},{\"@type\":\"ListItem\",\"position\":2,\"name\":\"Shop\",\"item\":\"https:\/\/tourcruiser.com\/de\/shop\/\"},{\"@type\":\"ListItem\",\"position\":3,\"name\":\"Nike Zoom GP Challenge 1 &#8218;Denim Turquoise Armorry&#8216;\"}]},{\"@type\":\"WebSite\",\"@id\":\"https:\/\/tourcruiser.com\/de\/#website\",\"url\":\"https:\/\/tourcruiser.com\/de\/\",\"name\":\"Styloral Jewelry Shop\",\"description\":\"Tourcruiser Sneaker Store \u2014 der Ort, an dem das Universum deine Einzigartigkeit trifft.\",\"publisher\":{\"@id\":\"https:\/\/tourcruiser.com\/de\/#organization\"},\"potentialAction\":[{\"@type\":\"SearchAction\",\"target\":{\"@type\":\"EntryPoint\",\"urlTemplate\":\"https:\/\/tourcruiser.com\/de\/?s={search_term_string}\"},\"query-input\":{\"@type\":\"PropertyValueSpecification\",\"valueRequired\":true,\"valueName\":\"search_term_string\"}}],\"inLanguage\":\"de\"},{\"@type\":\"Organization\",\"@id\":\"https:\/\/tourcruiser.com\/de\/#organization\",\"name\":\"STYLORAL PTE. LTD\",\"url\":\"https:\/\/tourcruiser.com\/de\/\",\"logo\":{\"@type\":\"ImageObject\",\"inLanguage\":\"de\",\"@id\":\"https:\/\/tourcruiser.com\/de\/#\/schema\/logo\/image\/\",\"url\":\"https:\/\/www.tourcruiser.com\/wp-content\/uploads\/2025\/12\/logo.png\",\"contentUrl\":\"https:\/\/www.tourcruiser.com\/wp-content\/uploads\/2025\/12\/logo.png\",\"width\":200,\"height\":65,\"caption\":\"STYLORAL PTE. LTD\"},\"image\":{\"@id\":\"https:\/\/tourcruiser.com\/de\/#\/schema\/logo\/image\/\"}}]}<\/script>\n<!-- \/ Yoast SEO plugin. -->","yoast_head_json":{"title":"Nike Zoom GP Challenge 1 'Denim Turquoise Armorry'  - Tourcruiser PTE. LTD","robots":{"index":"index","follow":"follow","max-snippet":"max-snippet:-1","max-image-preview":"max-image-preview:large","max-video-preview":"max-video-preview:-1"},"canonical":"https:\/\/tourcruiser.com\/","og_locale":"de_DE","og_type":"article","og_title":"Nike Zoom GP Challenge 1 'Denim Turquoise Armorry'  - Tourcruiser PTE. LTD","og_description":"Nike Zoom GP Challenge 1 \u201d\u201d Denim Turquoise\/Armory Navy\/Volt","og_url":"\/","og_site_name":"Tourcruiser Sneaker Store","article_modified_time":"2026-03-27T18:33:21+00:00","twitter_card":"summary_large_image","twitter_image":"https:\/\/images.novelship.com\/product\/nike_zoom_gp_challenge_1__denim_turquoise_armorry__0_91881.jpeg;https:\/\/images.novelship.com\/product\/nike_zoom_gp_challenge_1__denim_turquoise_armorry__1_91881.jpeg;https:\/\/images.novelship.com\/product\/nike_zoom_gp_challenge_1__denim_turquoise_armorry__2_91881.jpeg;https:\/\/images.novelship.com\/product\/nike_zoom_gp_challenge_1__denim_turquoise_armorry__3_91881.jpeg;https:\/\/images.novelship.com\/product\/nike_zoom_gp_challenge_1__denim_turquoise_armorry__4_91881.jpeg;https:\/\/images.novelship.com\/product\/nike_zoom_gp_challenge_1__denim_turquoise_armorry__5_91881.jpeg;https:\/\/images.novelship.com\/product\/nike_zoom_gp_challenge_1__denim_turquoise_armorry__6_91881.jpeg;https:\/\/images.novelship.com\/product\/nike_zoom_gp_challenge_1__denim_turquoise_armorry__7_91881.jpeg","twitter_misc":{"Gesch\u00e4tzte Lesezeit":"1\u00a0Minute"},"schema":{"@context":"https:\/\/schema.org","@graph":[{"@type":"WebPage","@id":"\/","url":"https:\/\/tourcruiser.com\/","name":"Nike Zoom GP Challenge 1 'Denim Turquoise Armorry' - Tourcruiser PTE. LTD","isPartOf":{"@id":"https:\/\/tourcruiser.com\/de\/#website"},"primaryImageOfPage":{"@id":"https:\/\/tourcruiser.com\/#primaryimage"},"image":{"@id":"https:\/\/tourcruiser.com\/#primaryimage"},"thumbnailUrl":"https:\/\/images.novelship.com\/product\/nike_zoom_gp_challenge_1__denim_turquoise_armorry__0_91881.jpeg;https:\/\/images.novelship.com\/product\/nike_zoom_gp_challenge_1__denim_turquoise_armorry__1_91881.jpeg;https:\/\/images.novelship.com\/product\/nike_zoom_gp_challenge_1__denim_turquoise_armorry__2_91881.jpeg;https:\/\/images.novelship.com\/product\/nike_zoom_gp_challenge_1__denim_turquoise_armorry__3_91881.jpeg;https:\/\/images.novelship.com\/product\/nike_zoom_gp_challenge_1__denim_turquoise_armorry__4_91881.jpeg;https:\/\/images.novelship.com\/product\/nike_zoom_gp_challenge_1__denim_turquoise_armorry__5_91881.jpeg;https:\/\/images.novelship.com\/product\/nike_zoom_gp_challenge_1__denim_turquoise_armorry__6_91881.jpeg;https:\/\/images.novelship.com\/product\/nike_zoom_gp_challenge_1__denim_turquoise_armorry__7_91881.jpeg","datePublished":"2026-03-02T09:12:31+00:00","dateModified":"2026-03-27T18:33:21+00:00","breadcrumb":{"@id":"https:\/\/tourcruiser.com\/#breadcrumb"},"inLanguage":"de","potentialAction":[{"@type":"ReadAction","target":["https:\/\/tourcruiser.com\/"]}]},{"@type":"ImageObject","inLanguage":"de","@id":"https:\/\/tourcruiser.com\/#primaryimage","url":"https:\/\/images.novelship.com\/product\/nike_zoom_gp_challenge_1__denim_turquoise_armorry__0_91881.jpeg;https:\/\/images.novelship.com\/product\/nike_zoom_gp_challenge_1__denim_turquoise_armorry__1_91881.jpeg;https:\/\/images.novelship.com\/product\/nike_zoom_gp_challenge_1__denim_turquoise_armorry__2_91881.jpeg;https:\/\/images.novelship.com\/product\/nike_zoom_gp_challenge_1__denim_turquoise_armorry__3_91881.jpeg;https:\/\/images.novelship.com\/product\/nike_zoom_gp_challenge_1__denim_turquoise_armorry__4_91881.jpeg;https:\/\/images.novelship.com\/product\/nike_zoom_gp_challenge_1__denim_turquoise_armorry__5_91881.jpeg;https:\/\/images.novelship.com\/product\/nike_zoom_gp_challenge_1__denim_turquoise_armorry__6_91881.jpeg;https:\/\/images.novelship.com\/product\/nike_zoom_gp_challenge_1__denim_turquoise_armorry__7_91881.jpeg","contentUrl":"https:\/\/images.novelship.com\/product\/nike_zoom_gp_challenge_1__denim_turquoise_armorry__0_91881.jpeg;https:\/\/images.novelship.com\/product\/nike_zoom_gp_challenge_1__denim_turquoise_armorry__1_91881.jpeg;https:\/\/images.novelship.com\/product\/nike_zoom_gp_challenge_1__denim_turquoise_armorry__2_91881.jpeg;https:\/\/images.novelship.com\/product\/nike_zoom_gp_challenge_1__denim_turquoise_armorry__3_91881.jpeg;https:\/\/images.novelship.com\/product\/nike_zoom_gp_challenge_1__denim_turquoise_armorry__4_91881.jpeg;https:\/\/images.novelship.com\/product\/nike_zoom_gp_challenge_1__denim_turquoise_armorry__5_91881.jpeg;https:\/\/images.novelship.com\/product\/nike_zoom_gp_challenge_1__denim_turquoise_armorry__6_91881.jpeg;https:\/\/images.novelship.com\/product\/nike_zoom_gp_challenge_1__denim_turquoise_armorry__7_91881.jpeg"},{"@type":"BreadcrumbList","@id":"https:\/\/tourcruiser.com\/#breadcrumb","itemListElement":[{"@type":"ListItem","position":1,"name":"Home","item":"https:\/\/tourcruiser.com\/de\/"},{"@type":"ListItem","position":2,"name":"Shop","item":"https:\/\/tourcruiser.com\/de\/shop\/"},{"@type":"ListItem","position":3,"name":"Nike Zoom GP Challenge 1 &#8218;Denim Turquoise Armorry&#8216;"}]},{"@type":"WebSite","@id":"https:\/\/tourcruiser.com\/de\/#website","url":"https:\/\/tourcruiser.com\/de\/","name":"Styloral Jewelry Shop","description":"Tourcruiser Sneaker Store \u2014 der Ort, an dem das Universum deine Einzigartigkeit trifft.","publisher":{"@id":"https:\/\/tourcruiser.com\/de\/#organization"},"potentialAction":[{"@type":"SearchAction","target":{"@type":"EntryPoint","urlTemplate":"https:\/\/tourcruiser.com\/de\/?s={search_term_string}"},"query-input":{"@type":"PropertyValueSpecification","valueRequired":true,"valueName":"search_term_string"}}],"inLanguage":"de"},{"@type":"Organization","@id":"https:\/\/tourcruiser.com\/de\/#organization","name":"STYLORAL PTE. LTD","url":"https:\/\/tourcruiser.com\/de\/","logo":{"@type":"ImageObject","inLanguage":"de","@id":"https:\/\/tourcruiser.com\/de\/#\/schema\/logo\/image\/","url":"https:\/\/www.tourcruiser.com\/wp-content\/uploads\/2025\/12\/logo.png","contentUrl":"https:\/\/www.tourcruiser.com\/wp-content\/uploads\/2025\/12\/logo.png","width":200,"height":65,"caption":"STYLORAL PTE. LTD"},"image":{"@id":"https:\/\/tourcruiser.com\/de\/#\/schema\/logo\/image\/"}}]}},"_links":{"self":[{"href":"https:\/\/tourcruiser.com\/de\/wp-json\/wp\/v2\/product\/164671","targetHints":{"allow":["GET"]}}],"collection":[{"href":"https:\/\/tourcruiser.com\/de\/wp-json\/wp\/v2\/product"}],"about":[{"href":"https:\/\/tourcruiser.com\/de\/wp-json\/wp\/v2\/types\/product"}],"replies":[{"embeddable":true,"href":"https:\/\/tourcruiser.com\/de\/wp-json\/wp\/v2\/comments?post=164671"}],"wp:featuredmedia":[{"embeddable":true,"href":"https:\/\/tourcruiser.com\/de\/wp-json\/wp\/v2\/media\/164672"}],"wp:attachment":[{"href":"https:\/\/tourcruiser.com\/de\/wp-json\/wp\/v2\/media?parent=164671"}],"wp:term":[{"taxonomy":"product_brand","embeddable":true,"href":"https:\/\/tourcruiser.com\/de\/wp-json\/wp\/v2\/product_brand?post=164671"},{"taxonomy":"product_cat","embeddable":true,"href":"https:\/\/tourcruiser.com\/de\/wp-json\/wp\/v2\/product_cat?post=164671"},{"taxonomy":"product_tag","embeddable":true,"href":"https:\/\/tourcruiser.com\/de\/wp-json\/wp\/v2\/product_tag?post=164671"}],"curies":[{"name":"wp","href":"https:\/\/api.w.org\/{rel}","templated":true}]}}