{"id":164574,"date":"2026-03-02T16:12:23","date_gmt":"2026-03-02T09:12:23","guid":{"rendered":"http:\/\/tourcruiser.com\/product\/adidas-predator-elite-fg-platinum-metallic"},"modified":"2026-03-28T01:33:15","modified_gmt":"2026-03-27T18:33:15","slug":"adidas-predator-elite-fg-platinum-metallic","status":"publish","type":"product","link":"https:\/\/tourcruiser.com\/de\/products\/adidas-predator-elite-fg-platinum-metallic\/","title":{"rendered":"adidas Predator Elite FG &#8218;Platinum Metallic&#8216;"},"content":{"rendered":"<p>Entfessle deine ultimative Ballkontrolle auf dem Platz mit dem adidas Predator Elite FG &#8218;Platinum Metallic&#8216; IF8868. Dieser Fu\u00dfballschuh wurde f\u00fcr Pr\u00e4zision, Power und un\u00fcbertroffene Performance auf festen Untergr\u00fcnden entwickelt. Mit seinem eleganten Platin-Metallic-Finish bietet er einen futuristischen Look und gleichzeitig fortschrittliche Funktionalit\u00e4t f\u00fcr Spieler, die nur das Beste wollen. Das Hybrid-Strickobermaterial ist perfekt mit der innovativen Zone Skin-Technologie integriert und sorgt so f\u00fcr optimalen Ballkontakt und maximale Kontrolle in jeder Spielsituation. Die leichte FG-Au\u00dfensohle bietet optimalen Grip und explosive Bewegungen und ist auf Stabilit\u00e4t auf festem Untergrund ausgelegt \u201d\u201c ein entscheidender Vorteil in intensiven Spielen. Das schn\u00fcrsenkellose Design garantiert einen sicheren, socken\u00e4hnlichen Sitz und verbessert deine Agilit\u00e4t und Bewegungsfreiheit. Der adidas Predator Elite FG &#8218;Platinum Metallic&#8216; besticht durch sein innovatives Design und seine herausragenden Performance-Eigenschaften und ist ein Must-have f\u00fcr alle Spieler, die das Spiel mit Selbstvertrauen und Finesse dominieren wollen.<\/p>\n<ul>\n<li><strong>Farbgebung:<\/strong> Platinum Metallic\/Aurora Black\/Carbon<\/li>\n<li><strong>Style-Code:<\/strong> IF8868<\/li>\n<li><strong>Obermaterial:<\/strong> HybridTouch 2.0<\/li>\n<li><strong>Farbe:<\/strong> Silber<\/li>\n<\/ul>\n","protected":false},"excerpt":{"rendered":"<p>adidas Predator Elite FG \u201d\u201d Platinum Metallic\/Aurora Black\/Carbon<\/p>\n","protected":false},"featured_media":164575,"comment_status":"open","ping_status":"closed","template":"","meta":[],"product_brand":[],"product_cat":[10760],"product_tag":[10759,11087,10802,10986,10987,10758],"class_list":{"0":"post-164574","1":"product","2":"type-product","3":"status-publish","4":"has-post-thumbnail","6":"product_cat-adidas","7":"product_tag-adidas","8":"product_tag-firm-ground-fg-football-boots","9":"product_tag-performance-sport-shoes","10":"product_tag-soccer-shoes","11":"product_tag-soccer-shoes-football-cleats","12":"product_tag-under-retail","13":"wcpa_has_options","15":"first","16":"outofstock","17":"sale","18":"taxable","19":"shipping-taxable","20":"purchasable","21":"product-type-simple"},"wcpa_form_fields":{"rules":{"pric_overide_base_price":false,"pric_overide_base_price_if_gt_zero":false,"pric_overide_base_price_fully":false,"pric_cal_option_once":false,"pric_use_as_fee":false,"bind_quantity":false,"quantity_bind_formula":false},"fields":[{"type":"color-group","required":true,"elementId":"wcpa-color-group-66c4a7f817afe","label":"Gr\u00f6\u00dfe","inline":true,"priceOptions":"different_for_all","pricingType":"fixed","className":"hassizechart product-shoes-size-eu product-shoes-size","name":"color-group-66c4a7f817b18","disp_type":"square","selection_type":"tick-border","disp_size":"50","show_label_inside":true,"adjust_width":true,"cart_display_type":"text","other_text":"Other","cl_rule":"show","col":6,"values":[{"label":"35","value":"EU 35","price":"","pimage":"","pimage_id":"","pthumb":"","color":""},{"label":"35.5","value":"EU 35.5","price":"","pimage":"","pimage_id":"","pthumb":"","color":""},{"label":"36","value":"EU 36","price":"","pimage":"","pimage_id":"","pthumb":"","color":"","selected":true},{"label":"36 2\/3","value":"EU 36 2\/3","price":"","pimage":"","pimage_id":"","pthumb":"","color":""},{"label":"37 1\/3","value":"EU 37 1\/3","price":"","pimage":"","pimage_id":"","pthumb":"","color":""},{"label":"38","value":"EU 38","price":"","pimage":"","pimage_id":"","pthumb":"","color":""},{"label":"38 2\/3","value":"EU 38 2\/3","price":"","pimage":"","pimage_id":"","pthumb":"","color":""},{"label":"39 1\/3","value":"EU 39 1\/3","price":"","pimage":"","pimage_id":"","pthumb":"","color":""},{"label":"40","value":"EU 40","price":"","pimage":"","pimage_id":"","pthumb":"","color":""},{"label":"40 2\/3","value":"EU 40 2\/3","price":"","pimage":"","pimage_id":"","pthumb":"","color":""},{"label":"41 1\/3","value":"EU 41 1\/3","price":"","pimage":"","pimage_id":"","pthumb":"","color":""},{"label":"42","value":"EU 42","price":"","pimage":"","pimage_id":"","pthumb":"","color":""},{"label":"42 2\/3","value":"EU 42 2\/3","price":"","pimage":"","pimage_id":"","pthumb":"","color":""},{"label":"43 1\/3","value":"EU 43 1\/3","price":"","pimage":"","pimage_id":"","pthumb":"","color":""},{"label":"44","value":"EU 44","price":"","pimage":"","pimage_id":"","pthumb":"","color":""},{"label":"44 2\/3","value":"EU 44 2\/3","price":"","pimage":"","pimage_id":"","pthumb":"","color":""},{"label":"45 1\/3","value":"EU 45 1\/3","price":"","pimage":"","pimage_id":"","pthumb":"","color":""},{"label":"46","value":"EU 46","price":"","pimage":"","pimage_id":"","pthumb":"","color":""},{"label":"46 2\/3","value":"EU 46 2\/3","price":"","pimage":"","pimage_id":"","pthumb":"","color":""},{"label":"47 1\/3","value":"EU 47 1\/3","price":"","pimage":"","pimage_id":"","pthumb":"","color":""}],"relations":[{"operator":false,"rules":[]}],"form_id":24802,"form_rules":{"pric_cal_option_once":false,"exclude_from_discount":false,"pric_use_as_fee":false,"fee_label":"Fee","render_after_acb":false,"disp_hide_options_price":false}}]},"yoast_head":"<!-- This site is optimized with the Yoast SEO plugin v26.5 - https:\/\/yoast.com\/wordpress\/plugins\/seo\/ -->\n<title>adidas Predator Elite FG &#039;Platinum Metallic&#039;  - Tourcruiser PTE. LTD<\/title>\n<meta name=\"robots\" content=\"index, follow, max-snippet:-1, max-image-preview:large, max-video-preview:-1\" \/>\n<link rel=\"canonical\" href=\"https:\/\/tourcruiser.com\/de\/products\/adidas-predator-elite-fg-platinum-metallic\/\" \/>\n<meta property=\"og:locale\" content=\"de_DE\" \/>\n<meta property=\"og:type\" content=\"article\" \/>\n<meta property=\"og:title\" content=\"adidas Predator Elite FG &#039;Platinum Metallic&#039;  - Tourcruiser PTE. LTD\" \/>\n<meta property=\"og:description\" content=\"adidas Predator Elite FG \u201d\u201d Platinum Metallic\/Aurora Black\/Carbon\" \/>\n<meta property=\"og:url\" content=\"https:\/\/tourcruiser.com\/de\/products\/adidas-predator-elite-fg-platinum-metallic\/\" \/>\n<meta property=\"og:site_name\" content=\"Tourcruiser Sneaker Store\" \/>\n<meta property=\"article:modified_time\" content=\"2026-03-27T18:33:15+00:00\" \/>\n<meta name=\"twitter:card\" content=\"summary_large_image\" \/>\n<meta name=\"twitter:image\" content=\"https:\/\/images.novelship.com\/product\/adidas_predator_elite_fg__platinum_metallic__if886_0_60645.jpeg;https:\/\/images.novelship.com\/product\/adidas_predator_elite_fg__platinum_metallic__if886_1_60645.jpeg;https:\/\/images.novelship.com\/product\/adidas_predator_elite_fg__platinum_metallic__if886_2_60645.jpeg;https:\/\/images.novelship.com\/product\/adidas_predator_elite_fg__platinum_metallic__if886_3_60645.jpeg;https:\/\/images.novelship.com\/product\/adidas_predator_elite_fg__platinum_metallic__if886_4_60645.jpeg;https:\/\/images.novelship.com\/product\/adidas_predator_elite_fg__platinum_metallic__if886_5_60645.jpeg;https:\/\/images.novelship.com\/product\/adidas_predator_elite_fg__platinum_metallic__if886_6_60645.jpeg;https:\/\/images.novelship.com\/product\/adidas_predator_elite_fg__platinum_metallic__if886_7_60645.jpeg;https:\/\/images.novelship.com\/product\/adidas_predator_elite_fg__platinum_metallic__if886_8_60645.jpeg;https:\/\/images.novelship.com\/product\/adidas_predator_elite_fg__platinum_metallic__if886_9_60645.jpeg;https:\/\/images.novelship.com\/product\/adidas_predator_elite_fg__platinum_metallic__if886_10_60645.jpeg\" \/>\n<meta name=\"twitter:label1\" content=\"Gesch\u00e4tzte Lesezeit\" \/>\n\t<meta name=\"twitter:data1\" content=\"1\u00a0Minute\" \/>\n<script type=\"application\/ld+json\" class=\"yoast-schema-graph\">{\"@context\":\"https:\/\/schema.org\",\"@graph\":[{\"@type\":\"WebPage\",\"@id\":\"https:\/\/tourcruiser.com\/de\/products\/adidas-predator-elite-fg-platinum-metallic\/\",\"url\":\"https:\/\/tourcruiser.com\/de\/products\/adidas-predator-elite-fg-platinum-metallic\/\",\"name\":\"adidas Predator Elite FG 'Platinum Metallic' - Tourcruiser PTE. LTD\",\"isPartOf\":{\"@id\":\"https:\/\/tourcruiser.com\/de\/#website\"},\"primaryImageOfPage\":{\"@id\":\"https:\/\/tourcruiser.com\/de\/products\/adidas-predator-elite-fg-platinum-metallic\/#primaryimage\"},\"image\":{\"@id\":\"https:\/\/tourcruiser.com\/de\/products\/adidas-predator-elite-fg-platinum-metallic\/#primaryimage\"},\"thumbnailUrl\":\"https:\/\/images.novelship.com\/product\/adidas_predator_elite_fg__platinum_metallic__if886_0_60645.jpeg;https:\/\/images.novelship.com\/product\/adidas_predator_elite_fg__platinum_metallic__if886_1_60645.jpeg;https:\/\/images.novelship.com\/product\/adidas_predator_elite_fg__platinum_metallic__if886_2_60645.jpeg;https:\/\/images.novelship.com\/product\/adidas_predator_elite_fg__platinum_metallic__if886_3_60645.jpeg;https:\/\/images.novelship.com\/product\/adidas_predator_elite_fg__platinum_metallic__if886_4_60645.jpeg;https:\/\/images.novelship.com\/product\/adidas_predator_elite_fg__platinum_metallic__if886_5_60645.jpeg;https:\/\/images.novelship.com\/product\/adidas_predator_elite_fg__platinum_metallic__if886_6_60645.jpeg;https:\/\/images.novelship.com\/product\/adidas_predator_elite_fg__platinum_metallic__if886_7_60645.jpeg;https:\/\/images.novelship.com\/product\/adidas_predator_elite_fg__platinum_metallic__if886_8_60645.jpeg;https:\/\/images.novelship.com\/product\/adidas_predator_elite_fg__platinum_metallic__if886_9_60645.jpeg;https:\/\/images.novelship.com\/product\/adidas_predator_elite_fg__platinum_metallic__if886_10_60645.jpeg\",\"datePublished\":\"2026-03-02T09:12:23+00:00\",\"dateModified\":\"2026-03-27T18:33:15+00:00\",\"breadcrumb\":{\"@id\":\"https:\/\/tourcruiser.com\/de\/products\/adidas-predator-elite-fg-platinum-metallic\/#breadcrumb\"},\"inLanguage\":\"de\",\"potentialAction\":[{\"@type\":\"ReadAction\",\"target\":[\"https:\/\/tourcruiser.com\/de\/products\/adidas-predator-elite-fg-platinum-metallic\/\"]}]},{\"@type\":\"ImageObject\",\"inLanguage\":\"de\",\"@id\":\"https:\/\/tourcruiser.com\/de\/products\/adidas-predator-elite-fg-platinum-metallic\/#primaryimage\",\"url\":\"https:\/\/images.novelship.com\/product\/adidas_predator_elite_fg__platinum_metallic__if886_0_60645.jpeg;https:\/\/images.novelship.com\/product\/adidas_predator_elite_fg__platinum_metallic__if886_1_60645.jpeg;https:\/\/images.novelship.com\/product\/adidas_predator_elite_fg__platinum_metallic__if886_2_60645.jpeg;https:\/\/images.novelship.com\/product\/adidas_predator_elite_fg__platinum_metallic__if886_3_60645.jpeg;https:\/\/images.novelship.com\/product\/adidas_predator_elite_fg__platinum_metallic__if886_4_60645.jpeg;https:\/\/images.novelship.com\/product\/adidas_predator_elite_fg__platinum_metallic__if886_5_60645.jpeg;https:\/\/images.novelship.com\/product\/adidas_predator_elite_fg__platinum_metallic__if886_6_60645.jpeg;https:\/\/images.novelship.com\/product\/adidas_predator_elite_fg__platinum_metallic__if886_7_60645.jpeg;https:\/\/images.novelship.com\/product\/adidas_predator_elite_fg__platinum_metallic__if886_8_60645.jpeg;https:\/\/images.novelship.com\/product\/adidas_predator_elite_fg__platinum_metallic__if886_9_60645.jpeg;https:\/\/images.novelship.com\/product\/adidas_predator_elite_fg__platinum_metallic__if886_10_60645.jpeg\",\"contentUrl\":\"https:\/\/images.novelship.com\/product\/adidas_predator_elite_fg__platinum_metallic__if886_0_60645.jpeg;https:\/\/images.novelship.com\/product\/adidas_predator_elite_fg__platinum_metallic__if886_1_60645.jpeg;https:\/\/images.novelship.com\/product\/adidas_predator_elite_fg__platinum_metallic__if886_2_60645.jpeg;https:\/\/images.novelship.com\/product\/adidas_predator_elite_fg__platinum_metallic__if886_3_60645.jpeg;https:\/\/images.novelship.com\/product\/adidas_predator_elite_fg__platinum_metallic__if886_4_60645.jpeg;https:\/\/images.novelship.com\/product\/adidas_predator_elite_fg__platinum_metallic__if886_5_60645.jpeg;https:\/\/images.novelship.com\/product\/adidas_predator_elite_fg__platinum_metallic__if886_6_60645.jpeg;https:\/\/images.novelship.com\/product\/adidas_predator_elite_fg__platinum_metallic__if886_7_60645.jpeg;https:\/\/images.novelship.com\/product\/adidas_predator_elite_fg__platinum_metallic__if886_8_60645.jpeg;https:\/\/images.novelship.com\/product\/adidas_predator_elite_fg__platinum_metallic__if886_9_60645.jpeg;https:\/\/images.novelship.com\/product\/adidas_predator_elite_fg__platinum_metallic__if886_10_60645.jpeg\"},{\"@type\":\"BreadcrumbList\",\"@id\":\"https:\/\/tourcruiser.com\/de\/products\/adidas-predator-elite-fg-platinum-metallic\/#breadcrumb\",\"itemListElement\":[{\"@type\":\"ListItem\",\"position\":1,\"name\":\"Home\",\"item\":\"https:\/\/tourcruiser.com\/de\/\"},{\"@type\":\"ListItem\",\"position\":2,\"name\":\"Shop\",\"item\":\"https:\/\/tourcruiser.com\/de\/shop\/\"},{\"@type\":\"ListItem\",\"position\":3,\"name\":\"adidas Predator Elite FG 'Platinum Metallic'\"}]},{\"@type\":\"WebSite\",\"@id\":\"https:\/\/tourcruiser.com\/de\/#website\",\"url\":\"https:\/\/tourcruiser.com\/de\/\",\"name\":\"Styloral Jewelry Shop\",\"description\":\"Tourcruiser Sneaker Store \u2014 der Ort, an dem das Universum deine Einzigartigkeit trifft.\",\"publisher\":{\"@id\":\"https:\/\/tourcruiser.com\/de\/#organization\"},\"potentialAction\":[{\"@type\":\"SearchAction\",\"target\":{\"@type\":\"EntryPoint\",\"urlTemplate\":\"https:\/\/tourcruiser.com\/de\/?s={search_term_string}\"},\"query-input\":{\"@type\":\"PropertyValueSpecification\",\"valueRequired\":true,\"valueName\":\"search_term_string\"}}],\"inLanguage\":\"de\"},{\"@type\":\"Organization\",\"@id\":\"https:\/\/tourcruiser.com\/de\/#organization\",\"name\":\"STYLORAL PTE. LTD\",\"url\":\"https:\/\/tourcruiser.com\/de\/\",\"logo\":{\"@type\":\"ImageObject\",\"inLanguage\":\"de\",\"@id\":\"https:\/\/tourcruiser.com\/de\/#\/schema\/logo\/image\/\",\"url\":\"https:\/\/www.tourcruiser.com\/wp-content\/uploads\/2025\/12\/logo.png\",\"contentUrl\":\"https:\/\/www.tourcruiser.com\/wp-content\/uploads\/2025\/12\/logo.png\",\"width\":200,\"height\":65,\"caption\":\"STYLORAL PTE. LTD\"},\"image\":{\"@id\":\"https:\/\/tourcruiser.com\/de\/#\/schema\/logo\/image\/\"}}]}<\/script>\n<!-- \/ Yoast SEO plugin. -->","yoast_head_json":{"title":"adidas Predator Elite FG 'Platinum Metallic'  - Tourcruiser PTE. LTD","robots":{"index":"index","follow":"follow","max-snippet":"max-snippet:-1","max-image-preview":"max-image-preview:large","max-video-preview":"max-video-preview:-1"},"canonical":"https:\/\/tourcruiser.com\/de\/products\/adidas-predator-elite-fg-platinum-metallic\/","og_locale":"de_DE","og_type":"article","og_title":"adidas Predator Elite FG 'Platinum Metallic'  - Tourcruiser PTE. LTD","og_description":"adidas Predator Elite FG \u201d\u201d Platinum Metallic\/Aurora Black\/Carbon","og_url":"https:\/\/tourcruiser.com\/de\/products\/adidas-predator-elite-fg-platinum-metallic\/","og_site_name":"Tourcruiser Sneaker Store","article_modified_time":"2026-03-27T18:33:15+00:00","twitter_card":"summary_large_image","twitter_image":"https:\/\/images.novelship.com\/product\/adidas_predator_elite_fg__platinum_metallic__if886_0_60645.jpeg;https:\/\/images.novelship.com\/product\/adidas_predator_elite_fg__platinum_metallic__if886_1_60645.jpeg;https:\/\/images.novelship.com\/product\/adidas_predator_elite_fg__platinum_metallic__if886_2_60645.jpeg;https:\/\/images.novelship.com\/product\/adidas_predator_elite_fg__platinum_metallic__if886_3_60645.jpeg;https:\/\/images.novelship.com\/product\/adidas_predator_elite_fg__platinum_metallic__if886_4_60645.jpeg;https:\/\/images.novelship.com\/product\/adidas_predator_elite_fg__platinum_metallic__if886_5_60645.jpeg;https:\/\/images.novelship.com\/product\/adidas_predator_elite_fg__platinum_metallic__if886_6_60645.jpeg;https:\/\/images.novelship.com\/product\/adidas_predator_elite_fg__platinum_metallic__if886_7_60645.jpeg;https:\/\/images.novelship.com\/product\/adidas_predator_elite_fg__platinum_metallic__if886_8_60645.jpeg;https:\/\/images.novelship.com\/product\/adidas_predator_elite_fg__platinum_metallic__if886_9_60645.jpeg;https:\/\/images.novelship.com\/product\/adidas_predator_elite_fg__platinum_metallic__if886_10_60645.jpeg","twitter_misc":{"Gesch\u00e4tzte Lesezeit":"1\u00a0Minute"},"schema":{"@context":"https:\/\/schema.org","@graph":[{"@type":"WebPage","@id":"https:\/\/tourcruiser.com\/de\/products\/adidas-predator-elite-fg-platinum-metallic\/","url":"https:\/\/tourcruiser.com\/de\/products\/adidas-predator-elite-fg-platinum-metallic\/","name":"adidas Predator Elite FG 'Platinum Metallic' - Tourcruiser PTE. LTD","isPartOf":{"@id":"https:\/\/tourcruiser.com\/de\/#website"},"primaryImageOfPage":{"@id":"https:\/\/tourcruiser.com\/de\/products\/adidas-predator-elite-fg-platinum-metallic\/#primaryimage"},"image":{"@id":"https:\/\/tourcruiser.com\/de\/products\/adidas-predator-elite-fg-platinum-metallic\/#primaryimage"},"thumbnailUrl":"https:\/\/images.novelship.com\/product\/adidas_predator_elite_fg__platinum_metallic__if886_0_60645.jpeg;https:\/\/images.novelship.com\/product\/adidas_predator_elite_fg__platinum_metallic__if886_1_60645.jpeg;https:\/\/images.novelship.com\/product\/adidas_predator_elite_fg__platinum_metallic__if886_2_60645.jpeg;https:\/\/images.novelship.com\/product\/adidas_predator_elite_fg__platinum_metallic__if886_3_60645.jpeg;https:\/\/images.novelship.com\/product\/adidas_predator_elite_fg__platinum_metallic__if886_4_60645.jpeg;https:\/\/images.novelship.com\/product\/adidas_predator_elite_fg__platinum_metallic__if886_5_60645.jpeg;https:\/\/images.novelship.com\/product\/adidas_predator_elite_fg__platinum_metallic__if886_6_60645.jpeg;https:\/\/images.novelship.com\/product\/adidas_predator_elite_fg__platinum_metallic__if886_7_60645.jpeg;https:\/\/images.novelship.com\/product\/adidas_predator_elite_fg__platinum_metallic__if886_8_60645.jpeg;https:\/\/images.novelship.com\/product\/adidas_predator_elite_fg__platinum_metallic__if886_9_60645.jpeg;https:\/\/images.novelship.com\/product\/adidas_predator_elite_fg__platinum_metallic__if886_10_60645.jpeg","datePublished":"2026-03-02T09:12:23+00:00","dateModified":"2026-03-27T18:33:15+00:00","breadcrumb":{"@id":"https:\/\/tourcruiser.com\/de\/products\/adidas-predator-elite-fg-platinum-metallic\/#breadcrumb"},"inLanguage":"de","potentialAction":[{"@type":"ReadAction","target":["https:\/\/tourcruiser.com\/de\/products\/adidas-predator-elite-fg-platinum-metallic\/"]}]},{"@type":"ImageObject","inLanguage":"de","@id":"https:\/\/tourcruiser.com\/de\/products\/adidas-predator-elite-fg-platinum-metallic\/#primaryimage","url":"https:\/\/images.novelship.com\/product\/adidas_predator_elite_fg__platinum_metallic__if886_0_60645.jpeg;https:\/\/images.novelship.com\/product\/adidas_predator_elite_fg__platinum_metallic__if886_1_60645.jpeg;https:\/\/images.novelship.com\/product\/adidas_predator_elite_fg__platinum_metallic__if886_2_60645.jpeg;https:\/\/images.novelship.com\/product\/adidas_predator_elite_fg__platinum_metallic__if886_3_60645.jpeg;https:\/\/images.novelship.com\/product\/adidas_predator_elite_fg__platinum_metallic__if886_4_60645.jpeg;https:\/\/images.novelship.com\/product\/adidas_predator_elite_fg__platinum_metallic__if886_5_60645.jpeg;https:\/\/images.novelship.com\/product\/adidas_predator_elite_fg__platinum_metallic__if886_6_60645.jpeg;https:\/\/images.novelship.com\/product\/adidas_predator_elite_fg__platinum_metallic__if886_7_60645.jpeg;https:\/\/images.novelship.com\/product\/adidas_predator_elite_fg__platinum_metallic__if886_8_60645.jpeg;https:\/\/images.novelship.com\/product\/adidas_predator_elite_fg__platinum_metallic__if886_9_60645.jpeg;https:\/\/images.novelship.com\/product\/adidas_predator_elite_fg__platinum_metallic__if886_10_60645.jpeg","contentUrl":"https:\/\/images.novelship.com\/product\/adidas_predator_elite_fg__platinum_metallic__if886_0_60645.jpeg;https:\/\/images.novelship.com\/product\/adidas_predator_elite_fg__platinum_metallic__if886_1_60645.jpeg;https:\/\/images.novelship.com\/product\/adidas_predator_elite_fg__platinum_metallic__if886_2_60645.jpeg;https:\/\/images.novelship.com\/product\/adidas_predator_elite_fg__platinum_metallic__if886_3_60645.jpeg;https:\/\/images.novelship.com\/product\/adidas_predator_elite_fg__platinum_metallic__if886_4_60645.jpeg;https:\/\/images.novelship.com\/product\/adidas_predator_elite_fg__platinum_metallic__if886_5_60645.jpeg;https:\/\/images.novelship.com\/product\/adidas_predator_elite_fg__platinum_metallic__if886_6_60645.jpeg;https:\/\/images.novelship.com\/product\/adidas_predator_elite_fg__platinum_metallic__if886_7_60645.jpeg;https:\/\/images.novelship.com\/product\/adidas_predator_elite_fg__platinum_metallic__if886_8_60645.jpeg;https:\/\/images.novelship.com\/product\/adidas_predator_elite_fg__platinum_metallic__if886_9_60645.jpeg;https:\/\/images.novelship.com\/product\/adidas_predator_elite_fg__platinum_metallic__if886_10_60645.jpeg"},{"@type":"BreadcrumbList","@id":"https:\/\/tourcruiser.com\/de\/products\/adidas-predator-elite-fg-platinum-metallic\/#breadcrumb","itemListElement":[{"@type":"ListItem","position":1,"name":"Home","item":"https:\/\/tourcruiser.com\/de\/"},{"@type":"ListItem","position":2,"name":"Shop","item":"https:\/\/tourcruiser.com\/de\/shop\/"},{"@type":"ListItem","position":3,"name":"adidas Predator Elite FG 'Platinum Metallic'"}]},{"@type":"WebSite","@id":"https:\/\/tourcruiser.com\/de\/#website","url":"https:\/\/tourcruiser.com\/de\/","name":"Styloral Jewelry Shop","description":"Tourcruiser Sneaker Store \u2014 der Ort, an dem das Universum deine Einzigartigkeit trifft.","publisher":{"@id":"https:\/\/tourcruiser.com\/de\/#organization"},"potentialAction":[{"@type":"SearchAction","target":{"@type":"EntryPoint","urlTemplate":"https:\/\/tourcruiser.com\/de\/?s={search_term_string}"},"query-input":{"@type":"PropertyValueSpecification","valueRequired":true,"valueName":"search_term_string"}}],"inLanguage":"de"},{"@type":"Organization","@id":"https:\/\/tourcruiser.com\/de\/#organization","name":"STYLORAL PTE. LTD","url":"https:\/\/tourcruiser.com\/de\/","logo":{"@type":"ImageObject","inLanguage":"de","@id":"https:\/\/tourcruiser.com\/de\/#\/schema\/logo\/image\/","url":"https:\/\/www.tourcruiser.com\/wp-content\/uploads\/2025\/12\/logo.png","contentUrl":"https:\/\/www.tourcruiser.com\/wp-content\/uploads\/2025\/12\/logo.png","width":200,"height":65,"caption":"STYLORAL PTE. LTD"},"image":{"@id":"https:\/\/tourcruiser.com\/de\/#\/schema\/logo\/image\/"}}]}},"_links":{"self":[{"href":"https:\/\/tourcruiser.com\/de\/wp-json\/wp\/v2\/product\/164574","targetHints":{"allow":["GET"]}}],"collection":[{"href":"https:\/\/tourcruiser.com\/de\/wp-json\/wp\/v2\/product"}],"about":[{"href":"https:\/\/tourcruiser.com\/de\/wp-json\/wp\/v2\/types\/product"}],"replies":[{"embeddable":true,"href":"https:\/\/tourcruiser.com\/de\/wp-json\/wp\/v2\/comments?post=164574"}],"wp:featuredmedia":[{"embeddable":true,"href":"https:\/\/tourcruiser.com\/de\/wp-json\/wp\/v2\/media\/164575"}],"wp:attachment":[{"href":"https:\/\/tourcruiser.com\/de\/wp-json\/wp\/v2\/media?parent=164574"}],"wp:term":[{"taxonomy":"product_brand","embeddable":true,"href":"https:\/\/tourcruiser.com\/de\/wp-json\/wp\/v2\/product_brand?post=164574"},{"taxonomy":"product_cat","embeddable":true,"href":"https:\/\/tourcruiser.com\/de\/wp-json\/wp\/v2\/product_cat?post=164574"},{"taxonomy":"product_tag","embeddable":true,"href":"https:\/\/tourcruiser.com\/de\/wp-json\/wp\/v2\/product_tag?post=164574"}],"curies":[{"name":"wp","href":"https:\/\/api.w.org\/{rel}","templated":true}]}}