{"id":164495,"date":"2026-03-02T16:12:17","date_gmt":"2026-03-02T09:12:17","guid":{"rendered":"http:\/\/tourcruiser.com\/product\/women-adidas-superstar-copper-metal"},"modified":"2026-03-28T01:33:10","modified_gmt":"2026-03-27T18:33:10","slug":"women-adidas-superstar-copper-metal","status":"publish","type":"product","link":"https:\/\/tourcruiser.com\/de\/products\/women-adidas-superstar-copper-metal\/","title":{"rendered":"(Women) adidas Superstar &#8218;Copper Metal&#8216;"},"content":{"rendered":"<p>Mit dem adidas Superstar &#8218;Copper Metal&#8216; EE7399 f\u00fcr Damen verleihst du deinem Sneaker-Style das gewisse Etwas. Dieser Kultschuh besticht durch eine markante Zehenkappe aus kupferfarbenem Metall, die dem klassischen Design einen modernen Touch verleiht. Gefertigt aus hochwertigem Leder und mit der charakteristischen Zehenkappe aus Gummi, vereint er Style und Strapazierf\u00e4higkeit. Die gepolsterte Innensohle sorgt f\u00fcr ganzt\u00e4gigen Tragekomfort, w\u00e4hrend die klassischen drei Streifen den zeitlosen adidas Look unterstreichen. Diese Sneaker sind perfekt f\u00fcr jedes Casual-Outfit und ein unverzichtbares Basic in jedem Kleiderschrank.<\/p>\n<ul>\n<li><strong>Farbgebung:<\/strong> Wei\u00df\/Kupfermetallic\/Schwarz<\/li>\n<li><strong>Artikelnummer:<\/strong> EE7399<\/li>\n<li><strong>Obermaterial:<\/strong> Leder<\/li>\n<li><strong>Farbe:<\/strong> Wei\u00df<\/li>\n<li><strong>Designer:<\/strong> Horst Dassler<\/li>\n<li><strong>Saison:<\/strong> Ganzj\u00e4hrig<\/li>\n<li><strong>Erscheinungsjahr:<\/strong> 2019<\/li>\n<\/ul>\n","protected":false},"excerpt":{"rendered":"<p>adidas Superstar \u201d\u201d Footwear White\/Copper Metalic\/Core Black<\/p>\n","protected":false},"featured_media":164496,"comment_status":"open","ping_status":"closed","template":"","meta":[],"product_brand":[],"product_cat":[10941],"product_tag":[10759,10749,10750,10926,10754,11460,10756,10758],"class_list":{"0":"post-164495","1":"product","2":"type-product","3":"status-publish","4":"has-post-thumbnail","6":"product_cat-adidas-women","7":"product_tag-adidas","8":"product_tag-adidas-skateboarding-shoes","9":"product_tag-athleisure-shoes","10":"product_tag-gift-for-her","11":"product_tag-lifestyle-casual-shoes","12":"product_tag-lifestyle-shoes-casual","13":"product_tag-retro-casual-shoes","14":"product_tag-under-retail","15":"wcpa_has_options","17":"first","18":"outofstock","19":"sale","20":"taxable","21":"shipping-taxable","22":"purchasable","23":"product-type-simple"},"wcpa_form_fields":{"rules":{"pric_overide_base_price":false,"pric_overide_base_price_if_gt_zero":false,"pric_overide_base_price_fully":false,"pric_cal_option_once":false,"pric_use_as_fee":false,"bind_quantity":false,"quantity_bind_formula":false},"fields":[{"type":"color-group","required":true,"elementId":"wcpa-color-group-66c4a7f817afe","label":"Gr\u00f6\u00dfe","inline":true,"priceOptions":"different_for_all","pricingType":"fixed","className":"hassizechart product-shoes-size-eu product-shoes-size","name":"color-group-66c4a7f817b18","disp_type":"square","selection_type":"tick-border","disp_size":"50","show_label_inside":true,"adjust_width":true,"cart_display_type":"text","other_text":"Other","cl_rule":"show","col":6,"values":[{"label":"35","value":"EU 35","price":"","pimage":"","pimage_id":"","pthumb":"","color":""},{"label":"35.5","value":"EU 35.5","price":"","pimage":"","pimage_id":"","pthumb":"","color":""},{"label":"36","value":"EU 36","price":"","pimage":"","pimage_id":"","pthumb":"","color":"","selected":true},{"label":"36 2\/3","value":"EU 36 2\/3","price":"","pimage":"","pimage_id":"","pthumb":"","color":""},{"label":"37 1\/3","value":"EU 37 1\/3","price":"","pimage":"","pimage_id":"","pthumb":"","color":""},{"label":"38","value":"EU 38","price":"","pimage":"","pimage_id":"","pthumb":"","color":""},{"label":"38 2\/3","value":"EU 38 2\/3","price":"","pimage":"","pimage_id":"","pthumb":"","color":""},{"label":"39 1\/3","value":"EU 39 1\/3","price":"","pimage":"","pimage_id":"","pthumb":"","color":""},{"label":"40","value":"EU 40","price":"","pimage":"","pimage_id":"","pthumb":"","color":""},{"label":"40 2\/3","value":"EU 40 2\/3","price":"","pimage":"","pimage_id":"","pthumb":"","color":""},{"label":"41 1\/3","value":"EU 41 1\/3","price":"","pimage":"","pimage_id":"","pthumb":"","color":""},{"label":"42","value":"EU 42","price":"","pimage":"","pimage_id":"","pthumb":"","color":""},{"label":"42 2\/3","value":"EU 42 2\/3","price":"","pimage":"","pimage_id":"","pthumb":"","color":""},{"label":"43 1\/3","value":"EU 43 1\/3","price":"","pimage":"","pimage_id":"","pthumb":"","color":""},{"label":"44","value":"EU 44","price":"","pimage":"","pimage_id":"","pthumb":"","color":""},{"label":"44 2\/3","value":"EU 44 2\/3","price":"","pimage":"","pimage_id":"","pthumb":"","color":""},{"label":"45 1\/3","value":"EU 45 1\/3","price":"","pimage":"","pimage_id":"","pthumb":"","color":""},{"label":"46","value":"EU 46","price":"","pimage":"","pimage_id":"","pthumb":"","color":""},{"label":"46 2\/3","value":"EU 46 2\/3","price":"","pimage":"","pimage_id":"","pthumb":"","color":""},{"label":"47 1\/3","value":"EU 47 1\/3","price":"","pimage":"","pimage_id":"","pthumb":"","color":""}],"relations":[{"operator":false,"rules":[]}],"form_id":24802,"form_rules":{"pric_cal_option_once":false,"exclude_from_discount":false,"pric_use_as_fee":false,"fee_label":"Fee","render_after_acb":false,"disp_hide_options_price":false}}]},"yoast_head":"<!-- This site is optimized with the Yoast SEO plugin v26.5 - https:\/\/yoast.com\/wordpress\/plugins\/seo\/ -->\n<title>(Women) adidas Superstar &#039;Copper Metal&#039;  - Tourcruiser PTE. LTD<\/title>\n<meta name=\"robots\" content=\"index, follow, max-snippet:-1, max-image-preview:large, max-video-preview:-1\" \/>\n<link rel=\"canonical\" href=\"https:\/\/tourcruiser.com\/de\/products\/women-adidas-superstar-copper-metal\/\" \/>\n<meta property=\"og:locale\" content=\"de_DE\" \/>\n<meta property=\"og:type\" content=\"article\" \/>\n<meta property=\"og:title\" content=\"(Women) adidas Superstar &#039;Copper Metal&#039;  - Tourcruiser PTE. LTD\" \/>\n<meta property=\"og:description\" content=\"adidas Superstar \u201d\u201d Footwear White\/Copper Metalic\/Core Black\" \/>\n<meta property=\"og:url\" content=\"https:\/\/tourcruiser.com\/de\/products\/women-adidas-superstar-copper-metal\/\" \/>\n<meta property=\"og:site_name\" content=\"Tourcruiser Sneaker Store\" \/>\n<meta property=\"article:modified_time\" content=\"2026-03-27T18:33:10+00:00\" \/>\n<meta name=\"twitter:card\" content=\"summary_large_image\" \/>\n<meta name=\"twitter:image\" content=\"https:\/\/images.novelship.com\/product\/_women__adidas_superstar__copper_metal__ee7399_0_66387.jpeg;https:\/\/images.novelship.com\/product\/_women__adidas_superstar__copper_metal__ee7399_1_66387.jpeg;https:\/\/images.novelship.com\/product\/_women__adidas_superstar__copper_metal__ee7399_2_66387.jpeg;https:\/\/images.novelship.com\/product\/_women__adidas_superstar__copper_metal__ee7399_3_66387.jpeg;https:\/\/images.novelship.com\/product\/_women__adidas_superstar__copper_metal__ee7399_4_66387.jpeg\" \/>\n<meta name=\"twitter:label1\" content=\"Gesch\u00e4tzte Lesezeit\" \/>\n\t<meta name=\"twitter:data1\" content=\"1\u00a0Minute\" \/>\n<script type=\"application\/ld+json\" class=\"yoast-schema-graph\">{\"@context\":\"https:\/\/schema.org\",\"@graph\":[{\"@type\":\"WebPage\",\"@id\":\"https:\/\/tourcruiser.com\/de\/products\/women-adidas-superstar-copper-metal\/\",\"url\":\"https:\/\/tourcruiser.com\/de\/products\/women-adidas-superstar-copper-metal\/\",\"name\":\"(Women) adidas Superstar 'Copper Metal' - Tourcruiser PTE. LTD\",\"isPartOf\":{\"@id\":\"\/#website\"},\"primaryImageOfPage\":{\"@id\":\"https:\/\/tourcruiser.com\/de\/products\/women-adidas-superstar-copper-metal\/#primaryimage\"},\"image\":{\"@id\":\"https:\/\/tourcruiser.com\/de\/products\/women-adidas-superstar-copper-metal\/#primaryimage\"},\"thumbnailUrl\":\"https:\/\/images.novelship.com\/product\/_women__adidas_superstar__copper_metal__ee7399_0_66387.jpeg;https:\/\/images.novelship.com\/product\/_women__adidas_superstar__copper_metal__ee7399_1_66387.jpeg;https:\/\/images.novelship.com\/product\/_women__adidas_superstar__copper_metal__ee7399_2_66387.jpeg;https:\/\/images.novelship.com\/product\/_women__adidas_superstar__copper_metal__ee7399_3_66387.jpeg;https:\/\/images.novelship.com\/product\/_women__adidas_superstar__copper_metal__ee7399_4_66387.jpeg\",\"datePublished\":\"2026-03-02T09:12:17+00:00\",\"dateModified\":\"2026-03-27T18:33:10+00:00\",\"breadcrumb\":{\"@id\":\"https:\/\/tourcruiser.com\/de\/products\/women-adidas-superstar-copper-metal\/#breadcrumb\"},\"inLanguage\":\"de\",\"potentialAction\":[{\"@type\":\"ReadAction\",\"target\":[\"https:\/\/tourcruiser.com\/de\/products\/women-adidas-superstar-copper-metal\/\"]}]},{\"@type\":\"ImageObject\",\"inLanguage\":\"de\",\"@id\":\"https:\/\/tourcruiser.com\/de\/products\/women-adidas-superstar-copper-metal\/#primaryimage\",\"url\":\"https:\/\/images.novelship.com\/product\/_women__adidas_superstar__copper_metal__ee7399_0_66387.jpeg;https:\/\/images.novelship.com\/product\/_women__adidas_superstar__copper_metal__ee7399_1_66387.jpeg;https:\/\/images.novelship.com\/product\/_women__adidas_superstar__copper_metal__ee7399_2_66387.jpeg;https:\/\/images.novelship.com\/product\/_women__adidas_superstar__copper_metal__ee7399_3_66387.jpeg;https:\/\/images.novelship.com\/product\/_women__adidas_superstar__copper_metal__ee7399_4_66387.jpeg\",\"contentUrl\":\"https:\/\/images.novelship.com\/product\/_women__adidas_superstar__copper_metal__ee7399_0_66387.jpeg;https:\/\/images.novelship.com\/product\/_women__adidas_superstar__copper_metal__ee7399_1_66387.jpeg;https:\/\/images.novelship.com\/product\/_women__adidas_superstar__copper_metal__ee7399_2_66387.jpeg;https:\/\/images.novelship.com\/product\/_women__adidas_superstar__copper_metal__ee7399_3_66387.jpeg;https:\/\/images.novelship.com\/product\/_women__adidas_superstar__copper_metal__ee7399_4_66387.jpeg\"},{\"@type\":\"BreadcrumbList\",\"@id\":\"https:\/\/tourcruiser.com\/de\/products\/women-adidas-superstar-copper-metal\/#breadcrumb\",\"itemListElement\":[{\"@type\":\"ListItem\",\"position\":1,\"name\":\"Home\",\"item\":\"https:\/\/tourcruiser.com\/de\/\"},{\"@type\":\"ListItem\",\"position\":2,\"name\":\"Shop\",\"item\":\"https:\/\/tourcruiser.com\/de\/shop\/\"},{\"@type\":\"ListItem\",\"position\":3,\"name\":\"(Women) adidas Superstar 'Copper Metal'\"}]},{\"@type\":\"WebSite\",\"@id\":\"\/#website\",\"url\":\"\/\",\"name\":\"Styloral Jewelry Shop\",\"description\":\"Tourcruiser Sneaker Store \u2014 der Ort, an dem das Universum deine Einzigartigkeit trifft.\",\"publisher\":{\"@id\":\"\/#organization\"},\"potentialAction\":[{\"@type\":\"SearchAction\",\"target\":{\"@type\":\"EntryPoint\",\"urlTemplate\":\"\/?s={search_term_string}\"},\"query-input\":{\"@type\":\"PropertyValueSpecification\",\"valueRequired\":true,\"valueName\":\"search_term_string\"}}],\"inLanguage\":\"de\"},{\"@type\":\"Organization\",\"@id\":\"\/#organization\",\"name\":\"STYLORAL PTE. LTD\",\"url\":\"\/\",\"logo\":{\"@type\":\"ImageObject\",\"inLanguage\":\"de\",\"@id\":\"\/#\/schema\/logo\/image\/\",\"url\":\"https:\/\/www.tourcruiser.com\/wp-content\/uploads\/2025\/12\/logo.png\",\"contentUrl\":\"https:\/\/www.tourcruiser.com\/wp-content\/uploads\/2025\/12\/logo.png\",\"width\":200,\"height\":65,\"caption\":\"STYLORAL PTE. LTD\"},\"image\":{\"@id\":\"\/#\/schema\/logo\/image\/\"}}]}<\/script>\n<!-- \/ Yoast SEO plugin. -->","yoast_head_json":{"title":"(Women) adidas Superstar 'Copper Metal'  - Tourcruiser PTE. LTD","robots":{"index":"index","follow":"follow","max-snippet":"max-snippet:-1","max-image-preview":"max-image-preview:large","max-video-preview":"max-video-preview:-1"},"canonical":"https:\/\/tourcruiser.com\/de\/products\/women-adidas-superstar-copper-metal\/","og_locale":"de_DE","og_type":"article","og_title":"(Women) adidas Superstar 'Copper Metal'  - Tourcruiser PTE. LTD","og_description":"adidas Superstar \u201d\u201d Footwear White\/Copper Metalic\/Core Black","og_url":"https:\/\/tourcruiser.com\/de\/products\/women-adidas-superstar-copper-metal\/","og_site_name":"Tourcruiser Sneaker Store","article_modified_time":"2026-03-27T18:33:10+00:00","twitter_card":"summary_large_image","twitter_image":"https:\/\/images.novelship.com\/product\/_women__adidas_superstar__copper_metal__ee7399_0_66387.jpeg;https:\/\/images.novelship.com\/product\/_women__adidas_superstar__copper_metal__ee7399_1_66387.jpeg;https:\/\/images.novelship.com\/product\/_women__adidas_superstar__copper_metal__ee7399_2_66387.jpeg;https:\/\/images.novelship.com\/product\/_women__adidas_superstar__copper_metal__ee7399_3_66387.jpeg;https:\/\/images.novelship.com\/product\/_women__adidas_superstar__copper_metal__ee7399_4_66387.jpeg","twitter_misc":{"Gesch\u00e4tzte Lesezeit":"1\u00a0Minute"},"schema":{"@context":"https:\/\/schema.org","@graph":[{"@type":"WebPage","@id":"https:\/\/tourcruiser.com\/de\/products\/women-adidas-superstar-copper-metal\/","url":"https:\/\/tourcruiser.com\/de\/products\/women-adidas-superstar-copper-metal\/","name":"(Women) adidas Superstar 'Copper Metal' - Tourcruiser PTE. LTD","isPartOf":{"@id":"\/#website"},"primaryImageOfPage":{"@id":"https:\/\/tourcruiser.com\/de\/products\/women-adidas-superstar-copper-metal\/#primaryimage"},"image":{"@id":"https:\/\/tourcruiser.com\/de\/products\/women-adidas-superstar-copper-metal\/#primaryimage"},"thumbnailUrl":"https:\/\/images.novelship.com\/product\/_women__adidas_superstar__copper_metal__ee7399_0_66387.jpeg;https:\/\/images.novelship.com\/product\/_women__adidas_superstar__copper_metal__ee7399_1_66387.jpeg;https:\/\/images.novelship.com\/product\/_women__adidas_superstar__copper_metal__ee7399_2_66387.jpeg;https:\/\/images.novelship.com\/product\/_women__adidas_superstar__copper_metal__ee7399_3_66387.jpeg;https:\/\/images.novelship.com\/product\/_women__adidas_superstar__copper_metal__ee7399_4_66387.jpeg","datePublished":"2026-03-02T09:12:17+00:00","dateModified":"2026-03-27T18:33:10+00:00","breadcrumb":{"@id":"https:\/\/tourcruiser.com\/de\/products\/women-adidas-superstar-copper-metal\/#breadcrumb"},"inLanguage":"de","potentialAction":[{"@type":"ReadAction","target":["https:\/\/tourcruiser.com\/de\/products\/women-adidas-superstar-copper-metal\/"]}]},{"@type":"ImageObject","inLanguage":"de","@id":"https:\/\/tourcruiser.com\/de\/products\/women-adidas-superstar-copper-metal\/#primaryimage","url":"https:\/\/images.novelship.com\/product\/_women__adidas_superstar__copper_metal__ee7399_0_66387.jpeg;https:\/\/images.novelship.com\/product\/_women__adidas_superstar__copper_metal__ee7399_1_66387.jpeg;https:\/\/images.novelship.com\/product\/_women__adidas_superstar__copper_metal__ee7399_2_66387.jpeg;https:\/\/images.novelship.com\/product\/_women__adidas_superstar__copper_metal__ee7399_3_66387.jpeg;https:\/\/images.novelship.com\/product\/_women__adidas_superstar__copper_metal__ee7399_4_66387.jpeg","contentUrl":"https:\/\/images.novelship.com\/product\/_women__adidas_superstar__copper_metal__ee7399_0_66387.jpeg;https:\/\/images.novelship.com\/product\/_women__adidas_superstar__copper_metal__ee7399_1_66387.jpeg;https:\/\/images.novelship.com\/product\/_women__adidas_superstar__copper_metal__ee7399_2_66387.jpeg;https:\/\/images.novelship.com\/product\/_women__adidas_superstar__copper_metal__ee7399_3_66387.jpeg;https:\/\/images.novelship.com\/product\/_women__adidas_superstar__copper_metal__ee7399_4_66387.jpeg"},{"@type":"BreadcrumbList","@id":"https:\/\/tourcruiser.com\/de\/products\/women-adidas-superstar-copper-metal\/#breadcrumb","itemListElement":[{"@type":"ListItem","position":1,"name":"Home","item":"https:\/\/tourcruiser.com\/de\/"},{"@type":"ListItem","position":2,"name":"Shop","item":"https:\/\/tourcruiser.com\/de\/shop\/"},{"@type":"ListItem","position":3,"name":"(Women) adidas Superstar 'Copper Metal'"}]},{"@type":"WebSite","@id":"\/#website","url":"\/","name":"Styloral Jewelry Shop","description":"Tourcruiser Sneaker Store \u2014 der Ort, an dem das Universum deine Einzigartigkeit trifft.","publisher":{"@id":"\/#organization"},"potentialAction":[{"@type":"SearchAction","target":{"@type":"EntryPoint","urlTemplate":"\/?s={search_term_string}"},"query-input":{"@type":"PropertyValueSpecification","valueRequired":true,"valueName":"search_term_string"}}],"inLanguage":"de"},{"@type":"Organization","@id":"\/#organization","name":"STYLORAL PTE. LTD","url":"\/","logo":{"@type":"ImageObject","inLanguage":"de","@id":"\/#\/schema\/logo\/image\/","url":"https:\/\/www.tourcruiser.com\/wp-content\/uploads\/2025\/12\/logo.png","contentUrl":"https:\/\/www.tourcruiser.com\/wp-content\/uploads\/2025\/12\/logo.png","width":200,"height":65,"caption":"STYLORAL PTE. LTD"},"image":{"@id":"\/#\/schema\/logo\/image\/"}}]}},"_links":{"self":[{"href":"https:\/\/tourcruiser.com\/de\/wp-json\/wp\/v2\/product\/164495","targetHints":{"allow":["GET"]}}],"collection":[{"href":"https:\/\/tourcruiser.com\/de\/wp-json\/wp\/v2\/product"}],"about":[{"href":"https:\/\/tourcruiser.com\/de\/wp-json\/wp\/v2\/types\/product"}],"replies":[{"embeddable":true,"href":"https:\/\/tourcruiser.com\/de\/wp-json\/wp\/v2\/comments?post=164495"}],"wp:featuredmedia":[{"embeddable":true,"href":"https:\/\/tourcruiser.com\/de\/wp-json\/wp\/v2\/media\/164496"}],"wp:attachment":[{"href":"https:\/\/tourcruiser.com\/de\/wp-json\/wp\/v2\/media?parent=164495"}],"wp:term":[{"taxonomy":"product_brand","embeddable":true,"href":"https:\/\/tourcruiser.com\/de\/wp-json\/wp\/v2\/product_brand?post=164495"},{"taxonomy":"product_cat","embeddable":true,"href":"https:\/\/tourcruiser.com\/de\/wp-json\/wp\/v2\/product_cat?post=164495"},{"taxonomy":"product_tag","embeddable":true,"href":"https:\/\/tourcruiser.com\/de\/wp-json\/wp\/v2\/product_tag?post=164495"}],"curies":[{"name":"wp","href":"https:\/\/api.w.org\/{rel}","templated":true}]}}