{"id":164411,"date":"2026-03-02T16:12:08","date_gmt":"2026-03-02T09:12:08","guid":{"rendered":"http:\/\/tourcruiser.com\/product\/at-court-ff-3-all-court"},"modified":"2026-03-28T01:33:06","modified_gmt":"2026-03-27T18:33:06","slug":"at-court-ff-3-all-court","status":"publish","type":"product","link":"https:\/\/tourcruiser.com\/de\/products\/at-court-ff-3-all-court\/","title":{"rendered":"AT COURT FF 3 (All Court)"},"content":{"rendered":"<p>Der AT COURT FF 3 (All Court) 1041A370-104 ist ein Hochleistungs-Tennisschuh f\u00fcr Spieler, die auf allen Bel\u00e4gen Wert auf Geschwindigkeit, Stabilit\u00e4t und Komfort legen. Er vereint fortschrittliche Technologie mit elegantem Design und bietet eine leichte, aber dennoch robuste Konstruktion f\u00fcr mehr Agilit\u00e4t bei schnellen Bewegungen. Die FlyteFoam-D\u00e4mpfung sorgt f\u00fcr hervorragende Sto\u00dfd\u00e4mpfung und reduziert die Belastung der Gelenke, w\u00e4hrend die TWISTRUSS-Technologie die Stabilit\u00e4t bei schnellen Richtungswechseln verbessert. Dank der strapazierf\u00e4higen AHAR Plus-Au\u00dfensohle genie\u00dfen Sie optimalen Grip und Traktion f\u00fcr sicheren Halt auf dem Platz. Das nahtlose Mesh-Obermaterial ist atmungsaktiv und bietet eine bequeme Passform f\u00fcr maximalen Komfort auch bei langen Matches. Dieser Schuh wurde f\u00fcr H\u00f6chstleistungen entwickelt und ist ideal f\u00fcr Athleten, die un\u00fcbertroffene Unterst\u00fctzung und Reaktionsf\u00e4higkeit ben\u00f6tigen.<\/p>\n<ul>\n<li><strong>Farbgebung:<\/strong> Wei\u00df\/Grauviolett<\/li>\n<li><strong>Artikelnummer:<\/strong> 1041A370-104<\/li>\n<li><strong>Obermaterial:<\/strong> Mesh<\/li>\n<li><strong>Zwischensohle:<\/strong> FlyteFoam<\/li>\n<li><strong>Farbe:<\/strong> Wei\u00df<\/li>\n<\/ul>\n","protected":false},"excerpt":{"rendered":"<p>ASICS Court FF 3 \u201d\u201d White\/Greyish Purple<\/p>\n","protected":false},"featured_media":164412,"comment_status":"open","ping_status":"closed","template":"","meta":[],"product_brand":[],"product_cat":[10792],"product_tag":[10791,10802,11082],"class_list":{"0":"post-164411","1":"product","2":"type-product","3":"status-publish","4":"has-post-thumbnail","6":"product_cat-asics","7":"product_tag-asics","8":"product_tag-performance-sport-shoes","9":"product_tag-tennis-shoes","10":"wcpa_has_options","12":"first","13":"outofstock","14":"taxable","15":"shipping-taxable","16":"purchasable","17":"product-type-simple"},"wcpa_form_fields":{"rules":{"pric_overide_base_price":false,"pric_overide_base_price_if_gt_zero":false,"pric_overide_base_price_fully":false,"pric_cal_option_once":false,"pric_use_as_fee":false,"bind_quantity":false,"quantity_bind_formula":false},"fields":[{"type":"color-group","required":true,"elementId":"wcpa-color-group-69a5ab08ee12d","label":"Gr\u00f6\u00dfe","inline":true,"priceOptions":"different_for_all","pricingType":"fixed","className":"hassizechart product-shoes-size-eu product-shoes-size","name":"color-group-69a5ab08ee136","disp_type":"square","selection_type":"tick-border","disp_size":"50","show_label_inside":true,"adjust_width":true,"cart_display_type":"text","other_text":"Other","cl_rule":"show","col":6,"values":[{"label":"36","value":"EU 36","price":"","pimage":"","pimage_id":"","pthumb":"","color":"","selected":true},{"label":"37","value":"EU 37","price":"","pimage":"","pimage_id":"","pthumb":"","color":""},{"label":"37.5","value":"EU 37.5","price":"","pimage":"","pimage_id":"","pthumb":"","color":""},{"label":"38","value":"EU 38","price":"","pimage":"","pimage_id":"","pthumb":"","color":""},{"label":"38.5","value":"EU 38.5","price":"","pimage":"","pimage_id":"","pthumb":"","color":""},{"label":"39","value":"EU 39","price":"","pimage":"","pimage_id":"","pthumb":"","color":""},{"label":"39.5","value":"EU 39.5","price":"","pimage":"","pimage_id":"","pthumb":"","color":""},{"label":"40","value":"EU 40","price":"","pimage":"","pimage_id":"","pthumb":"","color":""},{"label":"40.5","value":"EU 40.5","price":"","pimage":"","pimage_id":"","pthumb":"","color":""},{"label":" 41.5","value":"EU 41.5","price":"","pimage":"","pimage_id":"","pthumb":"","color":""},{"label":"42","value":"EU 42","price":"","pimage":"","pimage_id":"","pthumb":"","color":""},{"label":"42.5","value":"EU 42.5","price":"","pimage":"","pimage_id":"","pthumb":"","color":""},{"label":"43.5","value":"EU 43.5","price":"","pimage":"","pimage_id":"","pthumb":"","color":""},{"label":"44","value":"EU 44","price":"","pimage":"","pimage_id":"","pthumb":"","color":""},{"label":"44.5","value":"EU 44.5","price":"","pimage":"","pimage_id":"","pthumb":"","color":""},{"label":"45","value":"EU 45","price":"","pimage":"","pimage_id":"","pthumb":"","color":""}],"relations":[{"operator":false,"rules":[]}],"form_id":184311,"form_rules":{"pric_cal_option_once":false,"exclude_from_discount":false,"pric_use_as_fee":false,"fee_label":"Fee","render_after_acb":false,"disp_hide_options_price":false}}]},"yoast_head":"<!-- This site is optimized with the Yoast SEO plugin v26.5 - https:\/\/yoast.com\/wordpress\/plugins\/seo\/ -->\n<title>AT COURT FF 3 (All Court)  - Tourcruiser PTE. LTD<\/title>\n<meta name=\"robots\" content=\"index, follow, max-snippet:-1, max-image-preview:large, max-video-preview:-1\" \/>\n<link rel=\"canonical\" href=\"https:\/\/tourcruiser.com\/\" \/>\n<meta property=\"og:locale\" content=\"de_DE\" \/>\n<meta property=\"og:type\" content=\"article\" \/>\n<meta property=\"og:title\" content=\"AT COURT FF 3 (All Court)  - Tourcruiser PTE. LTD\" \/>\n<meta property=\"og:description\" content=\"ASICS Court FF 3 \u201d\u201d White\/Greyish Purple\" \/>\n<meta property=\"og:url\" content=\"\/\" \/>\n<meta property=\"og:site_name\" content=\"Tourcruiser Sneaker Store\" \/>\n<meta property=\"article:modified_time\" content=\"2026-03-27T18:33:06+00:00\" \/>\n<meta name=\"twitter:card\" content=\"summary_large_image\" \/>\n<meta name=\"twitter:image\" content=\"https:\/\/images.novelship.com\/product\/at_court_ff_3_________1041a370-104_0_68552.jpeg;https:\/\/images.novelship.com\/product\/at_court_ff_3_________1041a370-104_1_68553.jpeg;https:\/\/images.novelship.com\/product\/at_court_ff_3_________1041a370-104_2_68553.jpeg;https:\/\/images.novelship.com\/product\/at_court_ff_3_________1041a370-104_3_68553.jpeg;https:\/\/images.novelship.com\/product\/at_court_ff_3_________1041a370-104_4_68553.jpeg;https:\/\/images.novelship.com\/product\/at_court_ff_3_________1041a370-104_5_68553.jpeg;https:\/\/images.novelship.com\/product\/at_court_ff_3_________1041a370-104_6_68554.jpeg;https:\/\/images.novelship.com\/product\/at_court_ff_3_________1041a370-104_7_68554.jpeg\" \/>\n<meta name=\"twitter:label1\" content=\"Gesch\u00e4tzte Lesezeit\" \/>\n\t<meta name=\"twitter:data1\" content=\"1\u00a0Minute\" \/>\n<script type=\"application\/ld+json\" class=\"yoast-schema-graph\">{\"@context\":\"https:\/\/schema.org\",\"@graph\":[{\"@type\":\"WebPage\",\"@id\":\"\/\",\"url\":\"https:\/\/tourcruiser.com\/\",\"name\":\"AT COURT FF 3 (All Court) - Tourcruiser PTE. LTD\",\"isPartOf\":{\"@id\":\"https:\/\/tourcruiser.com\/de\/#website\"},\"primaryImageOfPage\":{\"@id\":\"https:\/\/tourcruiser.com\/#primaryimage\"},\"image\":{\"@id\":\"https:\/\/tourcruiser.com\/#primaryimage\"},\"thumbnailUrl\":\"https:\/\/images.novelship.com\/product\/at_court_ff_3_________1041a370-104_0_68552.jpeg;https:\/\/images.novelship.com\/product\/at_court_ff_3_________1041a370-104_1_68553.jpeg;https:\/\/images.novelship.com\/product\/at_court_ff_3_________1041a370-104_2_68553.jpeg;https:\/\/images.novelship.com\/product\/at_court_ff_3_________1041a370-104_3_68553.jpeg;https:\/\/images.novelship.com\/product\/at_court_ff_3_________1041a370-104_4_68553.jpeg;https:\/\/images.novelship.com\/product\/at_court_ff_3_________1041a370-104_5_68553.jpeg;https:\/\/images.novelship.com\/product\/at_court_ff_3_________1041a370-104_6_68554.jpeg;https:\/\/images.novelship.com\/product\/at_court_ff_3_________1041a370-104_7_68554.jpeg\",\"datePublished\":\"2026-03-02T09:12:08+00:00\",\"dateModified\":\"2026-03-27T18:33:06+00:00\",\"breadcrumb\":{\"@id\":\"https:\/\/tourcruiser.com\/#breadcrumb\"},\"inLanguage\":\"de\",\"potentialAction\":[{\"@type\":\"ReadAction\",\"target\":[\"https:\/\/tourcruiser.com\/\"]}]},{\"@type\":\"ImageObject\",\"inLanguage\":\"de\",\"@id\":\"https:\/\/tourcruiser.com\/#primaryimage\",\"url\":\"https:\/\/images.novelship.com\/product\/at_court_ff_3_________1041a370-104_0_68552.jpeg;https:\/\/images.novelship.com\/product\/at_court_ff_3_________1041a370-104_1_68553.jpeg;https:\/\/images.novelship.com\/product\/at_court_ff_3_________1041a370-104_2_68553.jpeg;https:\/\/images.novelship.com\/product\/at_court_ff_3_________1041a370-104_3_68553.jpeg;https:\/\/images.novelship.com\/product\/at_court_ff_3_________1041a370-104_4_68553.jpeg;https:\/\/images.novelship.com\/product\/at_court_ff_3_________1041a370-104_5_68553.jpeg;https:\/\/images.novelship.com\/product\/at_court_ff_3_________1041a370-104_6_68554.jpeg;https:\/\/images.novelship.com\/product\/at_court_ff_3_________1041a370-104_7_68554.jpeg\",\"contentUrl\":\"https:\/\/images.novelship.com\/product\/at_court_ff_3_________1041a370-104_0_68552.jpeg;https:\/\/images.novelship.com\/product\/at_court_ff_3_________1041a370-104_1_68553.jpeg;https:\/\/images.novelship.com\/product\/at_court_ff_3_________1041a370-104_2_68553.jpeg;https:\/\/images.novelship.com\/product\/at_court_ff_3_________1041a370-104_3_68553.jpeg;https:\/\/images.novelship.com\/product\/at_court_ff_3_________1041a370-104_4_68553.jpeg;https:\/\/images.novelship.com\/product\/at_court_ff_3_________1041a370-104_5_68553.jpeg;https:\/\/images.novelship.com\/product\/at_court_ff_3_________1041a370-104_6_68554.jpeg;https:\/\/images.novelship.com\/product\/at_court_ff_3_________1041a370-104_7_68554.jpeg\"},{\"@type\":\"BreadcrumbList\",\"@id\":\"https:\/\/tourcruiser.com\/#breadcrumb\",\"itemListElement\":[{\"@type\":\"ListItem\",\"position\":1,\"name\":\"Home\",\"item\":\"https:\/\/tourcruiser.com\/de\/\"},{\"@type\":\"ListItem\",\"position\":2,\"name\":\"Shop\",\"item\":\"https:\/\/tourcruiser.com\/de\/shop\/\"},{\"@type\":\"ListItem\",\"position\":3,\"name\":\"AT COURT FF 3 (All Court)\"}]},{\"@type\":\"WebSite\",\"@id\":\"https:\/\/tourcruiser.com\/de\/#website\",\"url\":\"https:\/\/tourcruiser.com\/de\/\",\"name\":\"Styloral Jewelry Shop\",\"description\":\"Tourcruiser Sneaker Store \u2014 der Ort, an dem das Universum deine Einzigartigkeit trifft.\",\"publisher\":{\"@id\":\"https:\/\/tourcruiser.com\/de\/#organization\"},\"potentialAction\":[{\"@type\":\"SearchAction\",\"target\":{\"@type\":\"EntryPoint\",\"urlTemplate\":\"https:\/\/tourcruiser.com\/de\/?s={search_term_string}\"},\"query-input\":{\"@type\":\"PropertyValueSpecification\",\"valueRequired\":true,\"valueName\":\"search_term_string\"}}],\"inLanguage\":\"de\"},{\"@type\":\"Organization\",\"@id\":\"https:\/\/tourcruiser.com\/de\/#organization\",\"name\":\"STYLORAL PTE. LTD\",\"url\":\"https:\/\/tourcruiser.com\/de\/\",\"logo\":{\"@type\":\"ImageObject\",\"inLanguage\":\"de\",\"@id\":\"https:\/\/tourcruiser.com\/de\/#\/schema\/logo\/image\/\",\"url\":\"https:\/\/www.tourcruiser.com\/wp-content\/uploads\/2025\/12\/logo.png\",\"contentUrl\":\"https:\/\/www.tourcruiser.com\/wp-content\/uploads\/2025\/12\/logo.png\",\"width\":200,\"height\":65,\"caption\":\"STYLORAL PTE. LTD\"},\"image\":{\"@id\":\"https:\/\/tourcruiser.com\/de\/#\/schema\/logo\/image\/\"}}]}<\/script>\n<!-- \/ Yoast SEO plugin. -->","yoast_head_json":{"title":"AT COURT FF 3 (All Court)  - Tourcruiser PTE. LTD","robots":{"index":"index","follow":"follow","max-snippet":"max-snippet:-1","max-image-preview":"max-image-preview:large","max-video-preview":"max-video-preview:-1"},"canonical":"https:\/\/tourcruiser.com\/","og_locale":"de_DE","og_type":"article","og_title":"AT COURT FF 3 (All Court)  - Tourcruiser PTE. LTD","og_description":"ASICS Court FF 3 \u201d\u201d White\/Greyish Purple","og_url":"\/","og_site_name":"Tourcruiser Sneaker Store","article_modified_time":"2026-03-27T18:33:06+00:00","twitter_card":"summary_large_image","twitter_image":"https:\/\/images.novelship.com\/product\/at_court_ff_3_________1041a370-104_0_68552.jpeg;https:\/\/images.novelship.com\/product\/at_court_ff_3_________1041a370-104_1_68553.jpeg;https:\/\/images.novelship.com\/product\/at_court_ff_3_________1041a370-104_2_68553.jpeg;https:\/\/images.novelship.com\/product\/at_court_ff_3_________1041a370-104_3_68553.jpeg;https:\/\/images.novelship.com\/product\/at_court_ff_3_________1041a370-104_4_68553.jpeg;https:\/\/images.novelship.com\/product\/at_court_ff_3_________1041a370-104_5_68553.jpeg;https:\/\/images.novelship.com\/product\/at_court_ff_3_________1041a370-104_6_68554.jpeg;https:\/\/images.novelship.com\/product\/at_court_ff_3_________1041a370-104_7_68554.jpeg","twitter_misc":{"Gesch\u00e4tzte Lesezeit":"1\u00a0Minute"},"schema":{"@context":"https:\/\/schema.org","@graph":[{"@type":"WebPage","@id":"\/","url":"https:\/\/tourcruiser.com\/","name":"AT COURT FF 3 (All Court) - Tourcruiser PTE. LTD","isPartOf":{"@id":"https:\/\/tourcruiser.com\/de\/#website"},"primaryImageOfPage":{"@id":"https:\/\/tourcruiser.com\/#primaryimage"},"image":{"@id":"https:\/\/tourcruiser.com\/#primaryimage"},"thumbnailUrl":"https:\/\/images.novelship.com\/product\/at_court_ff_3_________1041a370-104_0_68552.jpeg;https:\/\/images.novelship.com\/product\/at_court_ff_3_________1041a370-104_1_68553.jpeg;https:\/\/images.novelship.com\/product\/at_court_ff_3_________1041a370-104_2_68553.jpeg;https:\/\/images.novelship.com\/product\/at_court_ff_3_________1041a370-104_3_68553.jpeg;https:\/\/images.novelship.com\/product\/at_court_ff_3_________1041a370-104_4_68553.jpeg;https:\/\/images.novelship.com\/product\/at_court_ff_3_________1041a370-104_5_68553.jpeg;https:\/\/images.novelship.com\/product\/at_court_ff_3_________1041a370-104_6_68554.jpeg;https:\/\/images.novelship.com\/product\/at_court_ff_3_________1041a370-104_7_68554.jpeg","datePublished":"2026-03-02T09:12:08+00:00","dateModified":"2026-03-27T18:33:06+00:00","breadcrumb":{"@id":"https:\/\/tourcruiser.com\/#breadcrumb"},"inLanguage":"de","potentialAction":[{"@type":"ReadAction","target":["https:\/\/tourcruiser.com\/"]}]},{"@type":"ImageObject","inLanguage":"de","@id":"https:\/\/tourcruiser.com\/#primaryimage","url":"https:\/\/images.novelship.com\/product\/at_court_ff_3_________1041a370-104_0_68552.jpeg;https:\/\/images.novelship.com\/product\/at_court_ff_3_________1041a370-104_1_68553.jpeg;https:\/\/images.novelship.com\/product\/at_court_ff_3_________1041a370-104_2_68553.jpeg;https:\/\/images.novelship.com\/product\/at_court_ff_3_________1041a370-104_3_68553.jpeg;https:\/\/images.novelship.com\/product\/at_court_ff_3_________1041a370-104_4_68553.jpeg;https:\/\/images.novelship.com\/product\/at_court_ff_3_________1041a370-104_5_68553.jpeg;https:\/\/images.novelship.com\/product\/at_court_ff_3_________1041a370-104_6_68554.jpeg;https:\/\/images.novelship.com\/product\/at_court_ff_3_________1041a370-104_7_68554.jpeg","contentUrl":"https:\/\/images.novelship.com\/product\/at_court_ff_3_________1041a370-104_0_68552.jpeg;https:\/\/images.novelship.com\/product\/at_court_ff_3_________1041a370-104_1_68553.jpeg;https:\/\/images.novelship.com\/product\/at_court_ff_3_________1041a370-104_2_68553.jpeg;https:\/\/images.novelship.com\/product\/at_court_ff_3_________1041a370-104_3_68553.jpeg;https:\/\/images.novelship.com\/product\/at_court_ff_3_________1041a370-104_4_68553.jpeg;https:\/\/images.novelship.com\/product\/at_court_ff_3_________1041a370-104_5_68553.jpeg;https:\/\/images.novelship.com\/product\/at_court_ff_3_________1041a370-104_6_68554.jpeg;https:\/\/images.novelship.com\/product\/at_court_ff_3_________1041a370-104_7_68554.jpeg"},{"@type":"BreadcrumbList","@id":"https:\/\/tourcruiser.com\/#breadcrumb","itemListElement":[{"@type":"ListItem","position":1,"name":"Home","item":"https:\/\/tourcruiser.com\/de\/"},{"@type":"ListItem","position":2,"name":"Shop","item":"https:\/\/tourcruiser.com\/de\/shop\/"},{"@type":"ListItem","position":3,"name":"AT COURT FF 3 (All Court)"}]},{"@type":"WebSite","@id":"https:\/\/tourcruiser.com\/de\/#website","url":"https:\/\/tourcruiser.com\/de\/","name":"Styloral Jewelry Shop","description":"Tourcruiser Sneaker Store \u2014 der Ort, an dem das Universum deine Einzigartigkeit trifft.","publisher":{"@id":"https:\/\/tourcruiser.com\/de\/#organization"},"potentialAction":[{"@type":"SearchAction","target":{"@type":"EntryPoint","urlTemplate":"https:\/\/tourcruiser.com\/de\/?s={search_term_string}"},"query-input":{"@type":"PropertyValueSpecification","valueRequired":true,"valueName":"search_term_string"}}],"inLanguage":"de"},{"@type":"Organization","@id":"https:\/\/tourcruiser.com\/de\/#organization","name":"STYLORAL PTE. LTD","url":"https:\/\/tourcruiser.com\/de\/","logo":{"@type":"ImageObject","inLanguage":"de","@id":"https:\/\/tourcruiser.com\/de\/#\/schema\/logo\/image\/","url":"https:\/\/www.tourcruiser.com\/wp-content\/uploads\/2025\/12\/logo.png","contentUrl":"https:\/\/www.tourcruiser.com\/wp-content\/uploads\/2025\/12\/logo.png","width":200,"height":65,"caption":"STYLORAL PTE. LTD"},"image":{"@id":"https:\/\/tourcruiser.com\/de\/#\/schema\/logo\/image\/"}}]}},"_links":{"self":[{"href":"https:\/\/tourcruiser.com\/de\/wp-json\/wp\/v2\/product\/164411","targetHints":{"allow":["GET"]}}],"collection":[{"href":"https:\/\/tourcruiser.com\/de\/wp-json\/wp\/v2\/product"}],"about":[{"href":"https:\/\/tourcruiser.com\/de\/wp-json\/wp\/v2\/types\/product"}],"replies":[{"embeddable":true,"href":"https:\/\/tourcruiser.com\/de\/wp-json\/wp\/v2\/comments?post=164411"}],"wp:featuredmedia":[{"embeddable":true,"href":"https:\/\/tourcruiser.com\/de\/wp-json\/wp\/v2\/media\/164412"}],"wp:attachment":[{"href":"https:\/\/tourcruiser.com\/de\/wp-json\/wp\/v2\/media?parent=164411"}],"wp:term":[{"taxonomy":"product_brand","embeddable":true,"href":"https:\/\/tourcruiser.com\/de\/wp-json\/wp\/v2\/product_brand?post=164411"},{"taxonomy":"product_cat","embeddable":true,"href":"https:\/\/tourcruiser.com\/de\/wp-json\/wp\/v2\/product_cat?post=164411"},{"taxonomy":"product_tag","embeddable":true,"href":"https:\/\/tourcruiser.com\/de\/wp-json\/wp\/v2\/product_tag?post=164411"}],"curies":[{"name":"wp","href":"https:\/\/api.w.org\/{rel}","templated":true}]}}