{"id":164308,"date":"2026-03-02T16:11:59","date_gmt":"2026-03-02T09:11:59","guid":{"rendered":"http:\/\/tourcruiser.com\/product\/women-asics-gel-nimbus-26-white-fresh-air"},"modified":"2026-03-02T16:11:59","modified_gmt":"2026-03-02T09:11:59","slug":"women-asics-gel-nimbus-26-white-fresh-air","status":"publish","type":"product","link":"https:\/\/tourcruiser.com\/de\/products\/women-asics-gel-nimbus-26-white-fresh-air\/","title":{"rendered":"(Women) ASICS Gel Nimbus 26 &#8218;White Fresh Air&#8216;"},"content":{"rendered":"<p>Erleben Sie unvergleichliche D\u00e4mpfung und Komfort mit den ASICS Gel Nimbus 26 \u201eWhite Fresh Air\u201c Laufschuhen. Diese Sneaker wurden f\u00fcr L\u00e4ufer mit neutraler Pronation entwickelt und verf\u00fcgen \u00fcber die bew\u00e4hrte GEL-Technologie von ASICS sowie die FF BLAST PLUS-D\u00e4mpfung f\u00fcr ein reaktionsfreudiges und dynamisches Laufgef\u00fchl. Das atmungsaktive Mesh-Obermaterial sorgt f\u00fcr angenehm k\u00fchle F\u00fc\u00dfe, w\u00e4hrend die strapazierf\u00e4hige Au\u00dfensohle hervorragende Traktion bietet. Mit ihrer frischen Farbkombination aus Wei\u00df und Blau sind diese Schuhe gleicherma\u00dfen stylisch und funktional. Egal ob du ein erfahrener L\u00e4ufer oder Laufanf\u00e4nger bist, der ASICS Gel Nimbus 26 \u201eWhite Fresh Air\u201c bietet ein au\u00dfergew\u00f6hnliches Lauferlebnis.<\/p>\n<ul>\n<li><strong>Farbgebung:<\/strong> Wei\u00df\/Fresh Air<\/li>\n<li><strong>Artikelnummer:<\/strong> 1012B601-100<\/li>\n<li><strong>Obermaterial:<\/strong> Mesh<\/li>\n<li><strong>Zwischensohle:<\/strong> PureGEL<\/li>\n<li><strong>Erscheinungsjahr:<\/strong> 2023<\/li>\n<\/ul>\n","protected":false},"excerpt":{"rendered":"<p>ASICS Gel Nimbus 26 \u201d\u201d White\/Fresh Air<\/p>\n","protected":false},"featured_media":164309,"comment_status":"open","ping_status":"closed","template":"","meta":[],"product_brand":[],"product_cat":[11020],"product_tag":[10791,10926,10838,10839,10802,10840,10758],"class_list":{"0":"post-164308","1":"product","2":"type-product","3":"status-publish","4":"has-post-thumbnail","6":"product_cat-asics-women","7":"product_tag-asics","8":"product_tag-gift-for-her","9":"product_tag-max-cushion-cushioned-running-shoes","10":"product_tag-performance-running-shoes","11":"product_tag-performance-sport-shoes","12":"product_tag-running-shoes","13":"product_tag-under-retail","14":"wcpa_has_options","16":"first","17":"instock","18":"sale","19":"taxable","20":"shipping-taxable","21":"purchasable","22":"product-type-simple"},"wcpa_form_fields":{"rules":{"pric_overide_base_price":false,"pric_overide_base_price_if_gt_zero":false,"pric_overide_base_price_fully":false,"pric_cal_option_once":false,"pric_use_as_fee":false,"bind_quantity":false,"quantity_bind_formula":false},"fields":[{"type":"color-group","required":true,"elementId":"wcpa-color-group-69a5ac3f3e644","label":"Gr\u00f6\u00dfe","inline":true,"priceOptions":"different_for_all","pricingType":"fixed","className":"hassizechart product-shoes-size-eu product-shoes-size","name":"color-group-69a5ac3f3e64e","disp_type":"square","selection_type":"tick-border","disp_size":"50","show_label_inside":true,"adjust_width":true,"cart_display_type":"text","other_text":"Other","cl_rule":"show","col":6,"values":[{"label":"34.5","value":"EU 34.5","price":"","pimage":"","pimage_id":"","pthumb":"","color":""},{"label":"35","value":"EU 35","price":"","pimage":"","pimage_id":"","pthumb":"","color":""},{"label":"35.5","value":"EU 35.5","price":"","pimage":"","pimage_id":"","pthumb":"","color":""},{"label":"36","value":"EU 36","price":"","pimage":"","pimage_id":"","pthumb":"","color":"","selected":true},{"label":"37","value":"EU 37","price":"","pimage":"","pimage_id":"","pthumb":"","color":""},{"label":"37.5","value":"EU 37.5","price":"","pimage":"","pimage_id":"","pthumb":"","color":""},{"label":"38","value":"EU 38","price":"","pimage":"","pimage_id":"","pthumb":"","color":""},{"label":"38.5","value":"EU 38.5","price":"","pimage":"","pimage_id":"","pthumb":"","color":""},{"label":"39","value":"EU 39","price":"","pimage":"","pimage_id":"","pthumb":"","color":""},{"label":"39.5","value":"EU 39.5","price":"","pimage":"","pimage_id":"","pthumb":"","color":""},{"label":"40","value":"EU 40","price":"","pimage":"","pimage_id":"","pthumb":"","color":""},{"label":"40.5","value":"EU 40.5","price":"","pimage":"","pimage_id":"","pthumb":"","color":""},{"label":" 41.5","value":"EU 41.5","price":"","pimage":"","pimage_id":"","pthumb":"","color":""},{"label":"42","value":"EU 42","price":"","pimage":"","pimage_id":"","pthumb":"","color":""},{"label":"42.5","value":"EU 42.5","price":"","pimage":"","pimage_id":"","pthumb":"","color":""},{"label":"43.5","value":"EU 43.5","price":"","pimage":"","pimage_id":"","pthumb":"","color":""},{"label":"44","value":"EU 44","price":"","pimage":"","pimage_id":"","pthumb":"","color":""},{"label":"44.5","value":"EU 44.5","price":"","pimage":"","pimage_id":"","pthumb":"","color":""},{"label":"45","value":"EU 45","price":"","pimage":"","pimage_id":"","pthumb":"","color":""}],"relations":[{"operator":false,"rules":[]}],"form_id":184312,"form_rules":{"pric_cal_option_once":false,"exclude_from_discount":false,"pric_use_as_fee":false,"fee_label":"Fee","render_after_acb":false,"disp_hide_options_price":false}}]},"yoast_head":"<!-- This site is optimized with the Yoast SEO plugin v26.5 - https:\/\/yoast.com\/wordpress\/plugins\/seo\/ -->\n<title>(Women) ASICS Gel Nimbus 26 &#039;White Fresh Air&#039;  - Tourcruiser PTE. LTD<\/title>\n<meta name=\"robots\" content=\"index, follow, max-snippet:-1, max-image-preview:large, max-video-preview:-1\" \/>\n<link rel=\"canonical\" href=\"https:\/\/tourcruiser.com\/de\/products\/women-asics-gel-nimbus-26-white-fresh-air\/\" \/>\n<meta property=\"og:locale\" content=\"de_DE\" \/>\n<meta property=\"og:type\" content=\"article\" \/>\n<meta property=\"og:title\" content=\"(Women) ASICS Gel Nimbus 26 &#039;White Fresh Air&#039;  - Tourcruiser PTE. LTD\" \/>\n<meta property=\"og:description\" content=\"ASICS Gel Nimbus 26 \u201d\u201d White\/Fresh Air\" \/>\n<meta property=\"og:url\" content=\"https:\/\/tourcruiser.com\/de\/products\/women-asics-gel-nimbus-26-white-fresh-air\/\" \/>\n<meta property=\"og:site_name\" content=\"Tourcruiser Sneaker Store\" \/>\n<meta name=\"twitter:card\" content=\"summary_large_image\" \/>\n<meta name=\"twitter:image\" content=\"https:\/\/images.novelship.com\/product\/_women__asics_gel_nimbus_26__white_fresh_air__1012_0_50716.jpeg\" \/>\n<meta name=\"twitter:label1\" content=\"Gesch\u00e4tzte Lesezeit\" \/>\n\t<meta name=\"twitter:data1\" content=\"1\u00a0Minute\" \/>\n<script type=\"application\/ld+json\" class=\"yoast-schema-graph\">{\"@context\":\"https:\/\/schema.org\",\"@graph\":[{\"@type\":\"WebPage\",\"@id\":\"https:\/\/tourcruiser.com\/de\/products\/women-asics-gel-nimbus-26-white-fresh-air\/\",\"url\":\"https:\/\/tourcruiser.com\/de\/products\/women-asics-gel-nimbus-26-white-fresh-air\/\",\"name\":\"(Women) ASICS Gel Nimbus 26 'White Fresh Air' - Tourcruiser PTE. LTD\",\"isPartOf\":{\"@id\":\"https:\/\/tourcruiser.com\/de\/#website\"},\"primaryImageOfPage\":{\"@id\":\"https:\/\/tourcruiser.com\/de\/products\/women-asics-gel-nimbus-26-white-fresh-air\/#primaryimage\"},\"image\":{\"@id\":\"https:\/\/tourcruiser.com\/de\/products\/women-asics-gel-nimbus-26-white-fresh-air\/#primaryimage\"},\"thumbnailUrl\":\"https:\/\/images.novelship.com\/product\/_women__asics_gel_nimbus_26__white_fresh_air__1012_0_50716.jpeg\",\"datePublished\":\"2026-03-02T09:11:59+00:00\",\"breadcrumb\":{\"@id\":\"https:\/\/tourcruiser.com\/de\/products\/women-asics-gel-nimbus-26-white-fresh-air\/#breadcrumb\"},\"inLanguage\":\"de\",\"potentialAction\":[{\"@type\":\"ReadAction\",\"target\":[\"https:\/\/tourcruiser.com\/de\/products\/women-asics-gel-nimbus-26-white-fresh-air\/\"]}]},{\"@type\":\"ImageObject\",\"inLanguage\":\"de\",\"@id\":\"https:\/\/tourcruiser.com\/de\/products\/women-asics-gel-nimbus-26-white-fresh-air\/#primaryimage\",\"url\":\"https:\/\/images.novelship.com\/product\/_women__asics_gel_nimbus_26__white_fresh_air__1012_0_50716.jpeg\",\"contentUrl\":\"https:\/\/images.novelship.com\/product\/_women__asics_gel_nimbus_26__white_fresh_air__1012_0_50716.jpeg\"},{\"@type\":\"BreadcrumbList\",\"@id\":\"https:\/\/tourcruiser.com\/de\/products\/women-asics-gel-nimbus-26-white-fresh-air\/#breadcrumb\",\"itemListElement\":[{\"@type\":\"ListItem\",\"position\":1,\"name\":\"Home\",\"item\":\"https:\/\/tourcruiser.com\/de\/\"},{\"@type\":\"ListItem\",\"position\":2,\"name\":\"Shop\",\"item\":\"https:\/\/tourcruiser.com\/de\/shop\/\"},{\"@type\":\"ListItem\",\"position\":3,\"name\":\"(Women) ASICS Gel Nimbus 26 'White Fresh Air'\"}]},{\"@type\":\"WebSite\",\"@id\":\"https:\/\/tourcruiser.com\/de\/#website\",\"url\":\"https:\/\/tourcruiser.com\/de\/\",\"name\":\"Styloral Jewelry Shop\",\"description\":\"Tourcruiser Sneaker Store \u2014 der Ort, an dem das Universum deine Einzigartigkeit trifft.\",\"publisher\":{\"@id\":\"https:\/\/tourcruiser.com\/de\/#organization\"},\"potentialAction\":[{\"@type\":\"SearchAction\",\"target\":{\"@type\":\"EntryPoint\",\"urlTemplate\":\"https:\/\/tourcruiser.com\/de\/?s={search_term_string}\"},\"query-input\":{\"@type\":\"PropertyValueSpecification\",\"valueRequired\":true,\"valueName\":\"search_term_string\"}}],\"inLanguage\":\"de\"},{\"@type\":\"Organization\",\"@id\":\"https:\/\/tourcruiser.com\/de\/#organization\",\"name\":\"STYLORAL PTE. LTD\",\"url\":\"https:\/\/tourcruiser.com\/de\/\",\"logo\":{\"@type\":\"ImageObject\",\"inLanguage\":\"de\",\"@id\":\"https:\/\/tourcruiser.com\/de\/#\/schema\/logo\/image\/\",\"url\":\"https:\/\/www.tourcruiser.com\/wp-content\/uploads\/2025\/12\/logo.png\",\"contentUrl\":\"https:\/\/www.tourcruiser.com\/wp-content\/uploads\/2025\/12\/logo.png\",\"width\":200,\"height\":65,\"caption\":\"STYLORAL PTE. LTD\"},\"image\":{\"@id\":\"https:\/\/tourcruiser.com\/de\/#\/schema\/logo\/image\/\"}}]}<\/script>\n<!-- \/ Yoast SEO plugin. -->","yoast_head_json":{"title":"(Women) ASICS Gel Nimbus 26 'White Fresh Air'  - Tourcruiser PTE. LTD","robots":{"index":"index","follow":"follow","max-snippet":"max-snippet:-1","max-image-preview":"max-image-preview:large","max-video-preview":"max-video-preview:-1"},"canonical":"https:\/\/tourcruiser.com\/de\/products\/women-asics-gel-nimbus-26-white-fresh-air\/","og_locale":"de_DE","og_type":"article","og_title":"(Women) ASICS Gel Nimbus 26 'White Fresh Air'  - Tourcruiser PTE. LTD","og_description":"ASICS Gel Nimbus 26 \u201d\u201d White\/Fresh Air","og_url":"https:\/\/tourcruiser.com\/de\/products\/women-asics-gel-nimbus-26-white-fresh-air\/","og_site_name":"Tourcruiser Sneaker Store","twitter_card":"summary_large_image","twitter_image":"https:\/\/images.novelship.com\/product\/_women__asics_gel_nimbus_26__white_fresh_air__1012_0_50716.jpeg","twitter_misc":{"Gesch\u00e4tzte Lesezeit":"1\u00a0Minute"},"schema":{"@context":"https:\/\/schema.org","@graph":[{"@type":"WebPage","@id":"https:\/\/tourcruiser.com\/de\/products\/women-asics-gel-nimbus-26-white-fresh-air\/","url":"https:\/\/tourcruiser.com\/de\/products\/women-asics-gel-nimbus-26-white-fresh-air\/","name":"(Women) ASICS Gel Nimbus 26 'White Fresh Air' - Tourcruiser PTE. LTD","isPartOf":{"@id":"https:\/\/tourcruiser.com\/de\/#website"},"primaryImageOfPage":{"@id":"https:\/\/tourcruiser.com\/de\/products\/women-asics-gel-nimbus-26-white-fresh-air\/#primaryimage"},"image":{"@id":"https:\/\/tourcruiser.com\/de\/products\/women-asics-gel-nimbus-26-white-fresh-air\/#primaryimage"},"thumbnailUrl":"https:\/\/images.novelship.com\/product\/_women__asics_gel_nimbus_26__white_fresh_air__1012_0_50716.jpeg","datePublished":"2026-03-02T09:11:59+00:00","breadcrumb":{"@id":"https:\/\/tourcruiser.com\/de\/products\/women-asics-gel-nimbus-26-white-fresh-air\/#breadcrumb"},"inLanguage":"de","potentialAction":[{"@type":"ReadAction","target":["https:\/\/tourcruiser.com\/de\/products\/women-asics-gel-nimbus-26-white-fresh-air\/"]}]},{"@type":"ImageObject","inLanguage":"de","@id":"https:\/\/tourcruiser.com\/de\/products\/women-asics-gel-nimbus-26-white-fresh-air\/#primaryimage","url":"https:\/\/images.novelship.com\/product\/_women__asics_gel_nimbus_26__white_fresh_air__1012_0_50716.jpeg","contentUrl":"https:\/\/images.novelship.com\/product\/_women__asics_gel_nimbus_26__white_fresh_air__1012_0_50716.jpeg"},{"@type":"BreadcrumbList","@id":"https:\/\/tourcruiser.com\/de\/products\/women-asics-gel-nimbus-26-white-fresh-air\/#breadcrumb","itemListElement":[{"@type":"ListItem","position":1,"name":"Home","item":"https:\/\/tourcruiser.com\/de\/"},{"@type":"ListItem","position":2,"name":"Shop","item":"https:\/\/tourcruiser.com\/de\/shop\/"},{"@type":"ListItem","position":3,"name":"(Women) ASICS Gel Nimbus 26 'White Fresh Air'"}]},{"@type":"WebSite","@id":"https:\/\/tourcruiser.com\/de\/#website","url":"https:\/\/tourcruiser.com\/de\/","name":"Styloral Jewelry Shop","description":"Tourcruiser Sneaker Store \u2014 der Ort, an dem das Universum deine Einzigartigkeit trifft.","publisher":{"@id":"https:\/\/tourcruiser.com\/de\/#organization"},"potentialAction":[{"@type":"SearchAction","target":{"@type":"EntryPoint","urlTemplate":"https:\/\/tourcruiser.com\/de\/?s={search_term_string}"},"query-input":{"@type":"PropertyValueSpecification","valueRequired":true,"valueName":"search_term_string"}}],"inLanguage":"de"},{"@type":"Organization","@id":"https:\/\/tourcruiser.com\/de\/#organization","name":"STYLORAL PTE. LTD","url":"https:\/\/tourcruiser.com\/de\/","logo":{"@type":"ImageObject","inLanguage":"de","@id":"https:\/\/tourcruiser.com\/de\/#\/schema\/logo\/image\/","url":"https:\/\/www.tourcruiser.com\/wp-content\/uploads\/2025\/12\/logo.png","contentUrl":"https:\/\/www.tourcruiser.com\/wp-content\/uploads\/2025\/12\/logo.png","width":200,"height":65,"caption":"STYLORAL PTE. LTD"},"image":{"@id":"https:\/\/tourcruiser.com\/de\/#\/schema\/logo\/image\/"}}]}},"_links":{"self":[{"href":"https:\/\/tourcruiser.com\/de\/wp-json\/wp\/v2\/product\/164308","targetHints":{"allow":["GET"]}}],"collection":[{"href":"https:\/\/tourcruiser.com\/de\/wp-json\/wp\/v2\/product"}],"about":[{"href":"https:\/\/tourcruiser.com\/de\/wp-json\/wp\/v2\/types\/product"}],"replies":[{"embeddable":true,"href":"https:\/\/tourcruiser.com\/de\/wp-json\/wp\/v2\/comments?post=164308"}],"wp:featuredmedia":[{"embeddable":true,"href":"https:\/\/tourcruiser.com\/de\/wp-json\/wp\/v2\/media\/164309"}],"wp:attachment":[{"href":"https:\/\/tourcruiser.com\/de\/wp-json\/wp\/v2\/media?parent=164308"}],"wp:term":[{"taxonomy":"product_brand","embeddable":true,"href":"https:\/\/tourcruiser.com\/de\/wp-json\/wp\/v2\/product_brand?post=164308"},{"taxonomy":"product_cat","embeddable":true,"href":"https:\/\/tourcruiser.com\/de\/wp-json\/wp\/v2\/product_cat?post=164308"},{"taxonomy":"product_tag","embeddable":true,"href":"https:\/\/tourcruiser.com\/de\/wp-json\/wp\/v2\/product_tag?post=164308"}],"curies":[{"name":"wp","href":"https:\/\/api.w.org\/{rel}","templated":true}]}}