{"id":164254,"date":"2026-03-02T16:11:54","date_gmt":"2026-03-02T09:11:54","guid":{"rendered":"http:\/\/tourcruiser.com\/product\/tobacco-brown-sneakers"},"modified":"2026-03-28T01:32:57","modified_gmt":"2026-03-27T18:32:57","slug":"tobacco-brown-sneakers","status":"publish","type":"product","link":"https:\/\/tourcruiser.com\/de\/products\/tobacco-brown-sneakers\/","title":{"rendered":"Tobacco Brown Sneakers"},"content":{"rendered":"<p>Mit den tabakbraunen Sneakers JP9652 verleihen Sie Ihrem Casual-Look das gewisse Etwas \u201d\u201c die perfekte Kombination aus Komfort und Eleganz. Diese vielseitigen Sneaker bestechen durch ein hochwertiges Obermaterial aus Kunstleder in einem warmen Tabakbraun und sind somit die ideale Wahl f\u00fcr den Alltag und semi-formelle Anl\u00e4sse. F\u00fcr ganzt\u00e4gigen Tragekomfort sorgen die gepolsterte Innensohle, das atmungsaktive Futter und die strapazierf\u00e4hige Gummisohle mit hervorragender Traktion auf verschiedenen Untergr\u00fcnden. Das schlichte und zugleich zeitlose Design umfasst dezente Ziern\u00e4hte und einen Schn\u00fcrverschluss f\u00fcr sicheren, individuell anpassbaren Halt. Diese Sneakers vereinen moderne \u00c4sthetik und Funktionalit\u00e4t perfekt und passen m\u00fchelos zu Jeans, Chinos oder auch eleganten Hosen. Ob Wochenendtreffen, Erledigungen oder lockeres Business-Meeting \u201d\u201c die tabakbraunen Sneakers JP9652 verleihen Ihrem Look eine stilvolle und gleichzeitig entspannte Note. Diese Sneaker wurden mit viel Liebe zum Detail und im Hinblick auf Vielseitigkeit gefertigt und sind ein absolutes Must-have f\u00fcr jede Garderobe.<\/p>\n<ul>\n<li><strong>Farbgebung:<\/strong> Dunkelblau\/Nachtindigo\/Gummi<\/li>\n<li><strong>Artikelnummer:<\/strong> JP9652<\/li>\n<li><strong>Obermaterial:<\/strong> Wildleder<\/li>\n<li><strong>Farbe:<\/strong> Blau<\/li>\n<\/ul>\n","protected":false},"excerpt":{"rendered":"<p>adidas Tobacco Brown Sneakers \u201d\u201d Dark Blue\/Night Indigo\/Gum<\/p>\n","protected":false},"featured_media":164255,"comment_status":"open","ping_status":"closed","template":"","meta":[],"product_brand":[],"product_cat":[10760],"product_tag":[10759,10754,11460,10756,10758],"class_list":{"0":"post-164254","1":"product","2":"type-product","3":"status-publish","4":"has-post-thumbnail","6":"product_cat-adidas","7":"product_tag-adidas","8":"product_tag-lifestyle-casual-shoes","9":"product_tag-lifestyle-shoes-casual","10":"product_tag-retro-casual-shoes","11":"product_tag-under-retail","12":"wcpa_has_options","14":"first","15":"outofstock","16":"taxable","17":"shipping-taxable","18":"purchasable","19":"product-type-simple"},"wcpa_form_fields":{"rules":{"pric_overide_base_price":false,"pric_overide_base_price_if_gt_zero":false,"pric_overide_base_price_fully":false,"pric_cal_option_once":false,"pric_use_as_fee":false,"bind_quantity":false,"quantity_bind_formula":false},"fields":[{"type":"color-group","required":true,"elementId":"wcpa-color-group-66c4a7f817afe","label":"Gr\u00f6\u00dfe","inline":true,"priceOptions":"different_for_all","pricingType":"fixed","className":"hassizechart product-shoes-size-eu product-shoes-size","name":"color-group-66c4a7f817b18","disp_type":"square","selection_type":"tick-border","disp_size":"50","show_label_inside":true,"adjust_width":true,"cart_display_type":"text","other_text":"Other","cl_rule":"show","col":6,"values":[{"label":"35","value":"EU 35","price":"","pimage":"","pimage_id":"","pthumb":"","color":""},{"label":"35.5","value":"EU 35.5","price":"","pimage":"","pimage_id":"","pthumb":"","color":""},{"label":"36","value":"EU 36","price":"","pimage":"","pimage_id":"","pthumb":"","color":"","selected":true},{"label":"36 2\/3","value":"EU 36 2\/3","price":"","pimage":"","pimage_id":"","pthumb":"","color":""},{"label":"37 1\/3","value":"EU 37 1\/3","price":"","pimage":"","pimage_id":"","pthumb":"","color":""},{"label":"38","value":"EU 38","price":"","pimage":"","pimage_id":"","pthumb":"","color":""},{"label":"38 2\/3","value":"EU 38 2\/3","price":"","pimage":"","pimage_id":"","pthumb":"","color":""},{"label":"39 1\/3","value":"EU 39 1\/3","price":"","pimage":"","pimage_id":"","pthumb":"","color":""},{"label":"40","value":"EU 40","price":"","pimage":"","pimage_id":"","pthumb":"","color":""},{"label":"40 2\/3","value":"EU 40 2\/3","price":"","pimage":"","pimage_id":"","pthumb":"","color":""},{"label":"41 1\/3","value":"EU 41 1\/3","price":"","pimage":"","pimage_id":"","pthumb":"","color":""},{"label":"42","value":"EU 42","price":"","pimage":"","pimage_id":"","pthumb":"","color":""},{"label":"42 2\/3","value":"EU 42 2\/3","price":"","pimage":"","pimage_id":"","pthumb":"","color":""},{"label":"43 1\/3","value":"EU 43 1\/3","price":"","pimage":"","pimage_id":"","pthumb":"","color":""},{"label":"44","value":"EU 44","price":"","pimage":"","pimage_id":"","pthumb":"","color":""},{"label":"44 2\/3","value":"EU 44 2\/3","price":"","pimage":"","pimage_id":"","pthumb":"","color":""},{"label":"45 1\/3","value":"EU 45 1\/3","price":"","pimage":"","pimage_id":"","pthumb":"","color":""},{"label":"46","value":"EU 46","price":"","pimage":"","pimage_id":"","pthumb":"","color":""},{"label":"46 2\/3","value":"EU 46 2\/3","price":"","pimage":"","pimage_id":"","pthumb":"","color":""},{"label":"47 1\/3","value":"EU 47 1\/3","price":"","pimage":"","pimage_id":"","pthumb":"","color":""}],"relations":[{"operator":false,"rules":[]}],"form_id":24802,"form_rules":{"pric_cal_option_once":false,"exclude_from_discount":false,"pric_use_as_fee":false,"fee_label":"Fee","render_after_acb":false,"disp_hide_options_price":false}}]},"yoast_head":"<!-- This site is optimized with the Yoast SEO plugin v26.5 - https:\/\/yoast.com\/wordpress\/plugins\/seo\/ -->\n<title>Tobacco Brown Sneakers  - Tourcruiser PTE. LTD<\/title>\n<meta name=\"robots\" content=\"index, follow, max-snippet:-1, max-image-preview:large, max-video-preview:-1\" \/>\n<link rel=\"canonical\" href=\"https:\/\/tourcruiser.com\/de\/products\/tobacco-brown-sneakers\/\" \/>\n<meta property=\"og:locale\" content=\"de_DE\" \/>\n<meta property=\"og:type\" content=\"article\" \/>\n<meta property=\"og:title\" content=\"Tobacco Brown Sneakers  - Tourcruiser PTE. LTD\" \/>\n<meta property=\"og:description\" content=\"adidas Tobacco Brown Sneakers \u201d\u201d Dark Blue\/Night Indigo\/Gum\" \/>\n<meta property=\"og:url\" content=\"https:\/\/tourcruiser.com\/de\/products\/tobacco-brown-sneakers\/\" \/>\n<meta property=\"og:site_name\" content=\"Tourcruiser Sneaker Store\" \/>\n<meta property=\"article:modified_time\" content=\"2026-03-27T18:32:57+00:00\" \/>\n<meta name=\"twitter:card\" content=\"summary_large_image\" \/>\n<meta name=\"twitter:image\" content=\"https:\/\/images.novelship.com\/product\/tobacco_brown_sneakers_jp9652_0_31424.jpeg;https:\/\/images.novelship.com\/product\/tobacco_brown_sneakers_jp9652_1_31424.jpeg;https:\/\/images.novelship.com\/product\/tobacco_brown_sneakers_jp9652_2_31424.jpeg;https:\/\/images.novelship.com\/product\/tobacco_brown_sneakers_jp9652_3_31424.jpeg;https:\/\/images.novelship.com\/product\/tobacco_brown_sneakers_jp9652_4_31424.jpeg;https:\/\/images.novelship.com\/product\/tobacco_brown_sneakers_jp9652_5_31424.jpeg;https:\/\/images.novelship.com\/product\/tobacco_brown_sneakers_jp9652_6_31424.jpeg;https:\/\/images.novelship.com\/product\/tobacco_brown_sneakers_jp9652_7_31424.jpeg;https:\/\/images.novelship.com\/product\/tobacco_brown_sneakers_jp9652_8_31425.jpeg\" \/>\n<meta name=\"twitter:label1\" content=\"Gesch\u00e4tzte Lesezeit\" \/>\n\t<meta name=\"twitter:data1\" content=\"1\u00a0Minute\" \/>\n<script type=\"application\/ld+json\" class=\"yoast-schema-graph\">{\"@context\":\"https:\/\/schema.org\",\"@graph\":[{\"@type\":\"WebPage\",\"@id\":\"https:\/\/tourcruiser.com\/de\/products\/tobacco-brown-sneakers\/\",\"url\":\"https:\/\/tourcruiser.com\/de\/products\/tobacco-brown-sneakers\/\",\"name\":\"Tobacco Brown Sneakers - Tourcruiser PTE. LTD\",\"isPartOf\":{\"@id\":\"https:\/\/tourcruiser.com\/de\/#website\"},\"primaryImageOfPage\":{\"@id\":\"https:\/\/tourcruiser.com\/de\/products\/tobacco-brown-sneakers\/#primaryimage\"},\"image\":{\"@id\":\"https:\/\/tourcruiser.com\/de\/products\/tobacco-brown-sneakers\/#primaryimage\"},\"thumbnailUrl\":\"https:\/\/images.novelship.com\/product\/tobacco_brown_sneakers_jp9652_0_31424.jpeg;https:\/\/images.novelship.com\/product\/tobacco_brown_sneakers_jp9652_1_31424.jpeg;https:\/\/images.novelship.com\/product\/tobacco_brown_sneakers_jp9652_2_31424.jpeg;https:\/\/images.novelship.com\/product\/tobacco_brown_sneakers_jp9652_3_31424.jpeg;https:\/\/images.novelship.com\/product\/tobacco_brown_sneakers_jp9652_4_31424.jpeg;https:\/\/images.novelship.com\/product\/tobacco_brown_sneakers_jp9652_5_31424.jpeg;https:\/\/images.novelship.com\/product\/tobacco_brown_sneakers_jp9652_6_31424.jpeg;https:\/\/images.novelship.com\/product\/tobacco_brown_sneakers_jp9652_7_31424.jpeg;https:\/\/images.novelship.com\/product\/tobacco_brown_sneakers_jp9652_8_31425.jpeg\",\"datePublished\":\"2026-03-02T09:11:54+00:00\",\"dateModified\":\"2026-03-27T18:32:57+00:00\",\"breadcrumb\":{\"@id\":\"https:\/\/tourcruiser.com\/de\/products\/tobacco-brown-sneakers\/#breadcrumb\"},\"inLanguage\":\"de\",\"potentialAction\":[{\"@type\":\"ReadAction\",\"target\":[\"https:\/\/tourcruiser.com\/de\/products\/tobacco-brown-sneakers\/\"]}]},{\"@type\":\"ImageObject\",\"inLanguage\":\"de\",\"@id\":\"https:\/\/tourcruiser.com\/de\/products\/tobacco-brown-sneakers\/#primaryimage\",\"url\":\"https:\/\/images.novelship.com\/product\/tobacco_brown_sneakers_jp9652_0_31424.jpeg;https:\/\/images.novelship.com\/product\/tobacco_brown_sneakers_jp9652_1_31424.jpeg;https:\/\/images.novelship.com\/product\/tobacco_brown_sneakers_jp9652_2_31424.jpeg;https:\/\/images.novelship.com\/product\/tobacco_brown_sneakers_jp9652_3_31424.jpeg;https:\/\/images.novelship.com\/product\/tobacco_brown_sneakers_jp9652_4_31424.jpeg;https:\/\/images.novelship.com\/product\/tobacco_brown_sneakers_jp9652_5_31424.jpeg;https:\/\/images.novelship.com\/product\/tobacco_brown_sneakers_jp9652_6_31424.jpeg;https:\/\/images.novelship.com\/product\/tobacco_brown_sneakers_jp9652_7_31424.jpeg;https:\/\/images.novelship.com\/product\/tobacco_brown_sneakers_jp9652_8_31425.jpeg\",\"contentUrl\":\"https:\/\/images.novelship.com\/product\/tobacco_brown_sneakers_jp9652_0_31424.jpeg;https:\/\/images.novelship.com\/product\/tobacco_brown_sneakers_jp9652_1_31424.jpeg;https:\/\/images.novelship.com\/product\/tobacco_brown_sneakers_jp9652_2_31424.jpeg;https:\/\/images.novelship.com\/product\/tobacco_brown_sneakers_jp9652_3_31424.jpeg;https:\/\/images.novelship.com\/product\/tobacco_brown_sneakers_jp9652_4_31424.jpeg;https:\/\/images.novelship.com\/product\/tobacco_brown_sneakers_jp9652_5_31424.jpeg;https:\/\/images.novelship.com\/product\/tobacco_brown_sneakers_jp9652_6_31424.jpeg;https:\/\/images.novelship.com\/product\/tobacco_brown_sneakers_jp9652_7_31424.jpeg;https:\/\/images.novelship.com\/product\/tobacco_brown_sneakers_jp9652_8_31425.jpeg\"},{\"@type\":\"BreadcrumbList\",\"@id\":\"https:\/\/tourcruiser.com\/de\/products\/tobacco-brown-sneakers\/#breadcrumb\",\"itemListElement\":[{\"@type\":\"ListItem\",\"position\":1,\"name\":\"Home\",\"item\":\"https:\/\/tourcruiser.com\/de\/\"},{\"@type\":\"ListItem\",\"position\":2,\"name\":\"Shop\",\"item\":\"https:\/\/tourcruiser.com\/de\/shop\/\"},{\"@type\":\"ListItem\",\"position\":3,\"name\":\"Tobacco Brown Sneakers\"}]},{\"@type\":\"WebSite\",\"@id\":\"https:\/\/tourcruiser.com\/de\/#website\",\"url\":\"https:\/\/tourcruiser.com\/de\/\",\"name\":\"Styloral Jewelry Shop\",\"description\":\"Tourcruiser Sneaker Store \u2014 der Ort, an dem das Universum deine Einzigartigkeit trifft.\",\"publisher\":{\"@id\":\"https:\/\/tourcruiser.com\/de\/#organization\"},\"potentialAction\":[{\"@type\":\"SearchAction\",\"target\":{\"@type\":\"EntryPoint\",\"urlTemplate\":\"https:\/\/tourcruiser.com\/de\/?s={search_term_string}\"},\"query-input\":{\"@type\":\"PropertyValueSpecification\",\"valueRequired\":true,\"valueName\":\"search_term_string\"}}],\"inLanguage\":\"de\"},{\"@type\":\"Organization\",\"@id\":\"https:\/\/tourcruiser.com\/de\/#organization\",\"name\":\"STYLORAL PTE. LTD\",\"url\":\"https:\/\/tourcruiser.com\/de\/\",\"logo\":{\"@type\":\"ImageObject\",\"inLanguage\":\"de\",\"@id\":\"https:\/\/tourcruiser.com\/de\/#\/schema\/logo\/image\/\",\"url\":\"https:\/\/www.tourcruiser.com\/wp-content\/uploads\/2025\/12\/logo.png\",\"contentUrl\":\"https:\/\/www.tourcruiser.com\/wp-content\/uploads\/2025\/12\/logo.png\",\"width\":200,\"height\":65,\"caption\":\"STYLORAL PTE. LTD\"},\"image\":{\"@id\":\"https:\/\/tourcruiser.com\/de\/#\/schema\/logo\/image\/\"}}]}<\/script>\n<!-- \/ Yoast SEO plugin. -->","yoast_head_json":{"title":"Tobacco Brown Sneakers  - Tourcruiser PTE. LTD","robots":{"index":"index","follow":"follow","max-snippet":"max-snippet:-1","max-image-preview":"max-image-preview:large","max-video-preview":"max-video-preview:-1"},"canonical":"https:\/\/tourcruiser.com\/de\/products\/tobacco-brown-sneakers\/","og_locale":"de_DE","og_type":"article","og_title":"Tobacco Brown Sneakers  - Tourcruiser PTE. LTD","og_description":"adidas Tobacco Brown Sneakers \u201d\u201d Dark Blue\/Night Indigo\/Gum","og_url":"https:\/\/tourcruiser.com\/de\/products\/tobacco-brown-sneakers\/","og_site_name":"Tourcruiser Sneaker Store","article_modified_time":"2026-03-27T18:32:57+00:00","twitter_card":"summary_large_image","twitter_image":"https:\/\/images.novelship.com\/product\/tobacco_brown_sneakers_jp9652_0_31424.jpeg;https:\/\/images.novelship.com\/product\/tobacco_brown_sneakers_jp9652_1_31424.jpeg;https:\/\/images.novelship.com\/product\/tobacco_brown_sneakers_jp9652_2_31424.jpeg;https:\/\/images.novelship.com\/product\/tobacco_brown_sneakers_jp9652_3_31424.jpeg;https:\/\/images.novelship.com\/product\/tobacco_brown_sneakers_jp9652_4_31424.jpeg;https:\/\/images.novelship.com\/product\/tobacco_brown_sneakers_jp9652_5_31424.jpeg;https:\/\/images.novelship.com\/product\/tobacco_brown_sneakers_jp9652_6_31424.jpeg;https:\/\/images.novelship.com\/product\/tobacco_brown_sneakers_jp9652_7_31424.jpeg;https:\/\/images.novelship.com\/product\/tobacco_brown_sneakers_jp9652_8_31425.jpeg","twitter_misc":{"Gesch\u00e4tzte Lesezeit":"1\u00a0Minute"},"schema":{"@context":"https:\/\/schema.org","@graph":[{"@type":"WebPage","@id":"https:\/\/tourcruiser.com\/de\/products\/tobacco-brown-sneakers\/","url":"https:\/\/tourcruiser.com\/de\/products\/tobacco-brown-sneakers\/","name":"Tobacco Brown Sneakers - Tourcruiser PTE. LTD","isPartOf":{"@id":"https:\/\/tourcruiser.com\/de\/#website"},"primaryImageOfPage":{"@id":"https:\/\/tourcruiser.com\/de\/products\/tobacco-brown-sneakers\/#primaryimage"},"image":{"@id":"https:\/\/tourcruiser.com\/de\/products\/tobacco-brown-sneakers\/#primaryimage"},"thumbnailUrl":"https:\/\/images.novelship.com\/product\/tobacco_brown_sneakers_jp9652_0_31424.jpeg;https:\/\/images.novelship.com\/product\/tobacco_brown_sneakers_jp9652_1_31424.jpeg;https:\/\/images.novelship.com\/product\/tobacco_brown_sneakers_jp9652_2_31424.jpeg;https:\/\/images.novelship.com\/product\/tobacco_brown_sneakers_jp9652_3_31424.jpeg;https:\/\/images.novelship.com\/product\/tobacco_brown_sneakers_jp9652_4_31424.jpeg;https:\/\/images.novelship.com\/product\/tobacco_brown_sneakers_jp9652_5_31424.jpeg;https:\/\/images.novelship.com\/product\/tobacco_brown_sneakers_jp9652_6_31424.jpeg;https:\/\/images.novelship.com\/product\/tobacco_brown_sneakers_jp9652_7_31424.jpeg;https:\/\/images.novelship.com\/product\/tobacco_brown_sneakers_jp9652_8_31425.jpeg","datePublished":"2026-03-02T09:11:54+00:00","dateModified":"2026-03-27T18:32:57+00:00","breadcrumb":{"@id":"https:\/\/tourcruiser.com\/de\/products\/tobacco-brown-sneakers\/#breadcrumb"},"inLanguage":"de","potentialAction":[{"@type":"ReadAction","target":["https:\/\/tourcruiser.com\/de\/products\/tobacco-brown-sneakers\/"]}]},{"@type":"ImageObject","inLanguage":"de","@id":"https:\/\/tourcruiser.com\/de\/products\/tobacco-brown-sneakers\/#primaryimage","url":"https:\/\/images.novelship.com\/product\/tobacco_brown_sneakers_jp9652_0_31424.jpeg;https:\/\/images.novelship.com\/product\/tobacco_brown_sneakers_jp9652_1_31424.jpeg;https:\/\/images.novelship.com\/product\/tobacco_brown_sneakers_jp9652_2_31424.jpeg;https:\/\/images.novelship.com\/product\/tobacco_brown_sneakers_jp9652_3_31424.jpeg;https:\/\/images.novelship.com\/product\/tobacco_brown_sneakers_jp9652_4_31424.jpeg;https:\/\/images.novelship.com\/product\/tobacco_brown_sneakers_jp9652_5_31424.jpeg;https:\/\/images.novelship.com\/product\/tobacco_brown_sneakers_jp9652_6_31424.jpeg;https:\/\/images.novelship.com\/product\/tobacco_brown_sneakers_jp9652_7_31424.jpeg;https:\/\/images.novelship.com\/product\/tobacco_brown_sneakers_jp9652_8_31425.jpeg","contentUrl":"https:\/\/images.novelship.com\/product\/tobacco_brown_sneakers_jp9652_0_31424.jpeg;https:\/\/images.novelship.com\/product\/tobacco_brown_sneakers_jp9652_1_31424.jpeg;https:\/\/images.novelship.com\/product\/tobacco_brown_sneakers_jp9652_2_31424.jpeg;https:\/\/images.novelship.com\/product\/tobacco_brown_sneakers_jp9652_3_31424.jpeg;https:\/\/images.novelship.com\/product\/tobacco_brown_sneakers_jp9652_4_31424.jpeg;https:\/\/images.novelship.com\/product\/tobacco_brown_sneakers_jp9652_5_31424.jpeg;https:\/\/images.novelship.com\/product\/tobacco_brown_sneakers_jp9652_6_31424.jpeg;https:\/\/images.novelship.com\/product\/tobacco_brown_sneakers_jp9652_7_31424.jpeg;https:\/\/images.novelship.com\/product\/tobacco_brown_sneakers_jp9652_8_31425.jpeg"},{"@type":"BreadcrumbList","@id":"https:\/\/tourcruiser.com\/de\/products\/tobacco-brown-sneakers\/#breadcrumb","itemListElement":[{"@type":"ListItem","position":1,"name":"Home","item":"https:\/\/tourcruiser.com\/de\/"},{"@type":"ListItem","position":2,"name":"Shop","item":"https:\/\/tourcruiser.com\/de\/shop\/"},{"@type":"ListItem","position":3,"name":"Tobacco Brown Sneakers"}]},{"@type":"WebSite","@id":"https:\/\/tourcruiser.com\/de\/#website","url":"https:\/\/tourcruiser.com\/de\/","name":"Styloral Jewelry Shop","description":"Tourcruiser Sneaker Store \u2014 der Ort, an dem das Universum deine Einzigartigkeit trifft.","publisher":{"@id":"https:\/\/tourcruiser.com\/de\/#organization"},"potentialAction":[{"@type":"SearchAction","target":{"@type":"EntryPoint","urlTemplate":"https:\/\/tourcruiser.com\/de\/?s={search_term_string}"},"query-input":{"@type":"PropertyValueSpecification","valueRequired":true,"valueName":"search_term_string"}}],"inLanguage":"de"},{"@type":"Organization","@id":"https:\/\/tourcruiser.com\/de\/#organization","name":"STYLORAL PTE. LTD","url":"https:\/\/tourcruiser.com\/de\/","logo":{"@type":"ImageObject","inLanguage":"de","@id":"https:\/\/tourcruiser.com\/de\/#\/schema\/logo\/image\/","url":"https:\/\/www.tourcruiser.com\/wp-content\/uploads\/2025\/12\/logo.png","contentUrl":"https:\/\/www.tourcruiser.com\/wp-content\/uploads\/2025\/12\/logo.png","width":200,"height":65,"caption":"STYLORAL PTE. LTD"},"image":{"@id":"https:\/\/tourcruiser.com\/de\/#\/schema\/logo\/image\/"}}]}},"_links":{"self":[{"href":"https:\/\/tourcruiser.com\/de\/wp-json\/wp\/v2\/product\/164254","targetHints":{"allow":["GET"]}}],"collection":[{"href":"https:\/\/tourcruiser.com\/de\/wp-json\/wp\/v2\/product"}],"about":[{"href":"https:\/\/tourcruiser.com\/de\/wp-json\/wp\/v2\/types\/product"}],"replies":[{"embeddable":true,"href":"https:\/\/tourcruiser.com\/de\/wp-json\/wp\/v2\/comments?post=164254"}],"wp:featuredmedia":[{"embeddable":true,"href":"https:\/\/tourcruiser.com\/de\/wp-json\/wp\/v2\/media\/164255"}],"wp:attachment":[{"href":"https:\/\/tourcruiser.com\/de\/wp-json\/wp\/v2\/media?parent=164254"}],"wp:term":[{"taxonomy":"product_brand","embeddable":true,"href":"https:\/\/tourcruiser.com\/de\/wp-json\/wp\/v2\/product_brand?post=164254"},{"taxonomy":"product_cat","embeddable":true,"href":"https:\/\/tourcruiser.com\/de\/wp-json\/wp\/v2\/product_cat?post=164254"},{"taxonomy":"product_tag","embeddable":true,"href":"https:\/\/tourcruiser.com\/de\/wp-json\/wp\/v2\/product_tag?post=164254"}],"curies":[{"name":"wp","href":"https:\/\/api.w.org\/{rel}","templated":true}]}}