{"id":163941,"date":"2026-03-02T16:11:23","date_gmt":"2026-03-02T09:11:23","guid":{"rendered":"http:\/\/tourcruiser.com\/product\/new-balance-fuelcell-supercomp-elite-v3-neon-dragonfly-cosmic-rose"},"modified":"2026-03-28T01:53:05","modified_gmt":"2026-03-27T18:53:05","slug":"new-balance-fuelcell-supercomp-elite-v3-neon-dragonfly-cosmic-rose","status":"publish","type":"product","link":"https:\/\/tourcruiser.com\/de\/products\/new-balance-fuelcell-supercomp-elite-v3-neon-dragonfly-cosmic-rose\/","title":{"rendered":"New Balance FuelCell SuperComp Elite v3 &#8218;Neon Dragonfly Cosmic Rose&#8216;"},"content":{"rendered":"<p>Wir pr\u00e4sentieren den New Balance FuelCell SuperComp Elite v3 Neon Dragonfly Cosmic Rose. Von der bew\u00e4hrten Marke New Balance: Diese Sneaker sind mit der fortschrittlichen FuelCell-Technologie ausgestattet, die f\u00fcr eine verbesserte Energier\u00fcckgabe und ein leichtes, reaktionsfreudiges Tragegef\u00fchl sorgt. Die auff\u00e4llige Neon-Libellenfarbe zieht garantiert alle Blicke auf sich, w\u00e4hrend die bequeme Passform und die robuste Verarbeitung sie perfekt f\u00fcr Sportler und aktive Menschen machen. Steigere dein Spielniveau mit diesen stylischen und leistungsstarken Sneakern.<\/p>\n<ul>\n<li><strong>Farbgebung:<\/strong> Neon Dragonfly\/Cosmic Rose\/Cosmic Pineapple<\/li>\n<li><strong>Style-Code:<\/strong> MRCELCD3<\/li>\n<li><strong>Obermaterial:<\/strong> Strick<\/li>\n<li><strong>Zwischensohle:<\/strong> FuelCell<\/li>\n<li><strong>Farbe:<\/strong> Orange<\/li>\n<li><strong>Saison:<\/strong> Fr\u00fchling<\/li>\n<li><strong>Erscheinungsjahr:<\/strong> 2023<\/li>\n<\/ul>\n","protected":false},"excerpt":{"rendered":"<p>New Balance FuelCell SuperComp Elite v3 \u201d\u201d Neon Dragonfly\/Cosmic Rose\/Cosmic Pineapple<\/p>\n","protected":false},"featured_media":163942,"comment_status":"open","ping_status":"closed","template":"","meta":[],"product_brand":[],"product_cat":[10771],"product_tag":[11026,10753,10837,10766,10767,10839,10802,10840,10758],"class_list":{"0":"post-163941","1":"product","2":"type-product","3":"status-publish","4":"has-post-thumbnail","6":"product_cat-new-balance","7":"product_tag-carbon-plated-running-shoes","8":"product_tag-gift-for-him","9":"product_tag-marathon-long-distance-running-shoes","10":"product_tag-new-balance","11":"product_tag-new-balance-running-shoes","12":"product_tag-performance-running-shoes","13":"product_tag-performance-sport-shoes","14":"product_tag-running-shoes","15":"product_tag-under-retail","16":"wcpa_has_options","18":"first","19":"outofstock","20":"sale","21":"taxable","22":"shipping-taxable","23":"purchasable","24":"product-type-simple"},"wcpa_form_fields":{"rules":{"pric_overide_base_price":false,"pric_overide_base_price_if_gt_zero":false,"pric_overide_base_price_fully":false,"pric_cal_option_once":false,"pric_use_as_fee":false,"bind_quantity":false,"quantity_bind_formula":false},"fields":[{"type":"color-group","required":true,"elementId":"wcpa-color-group-66c4a928225d2","label":"Gr\u00f6\u00dfe","inline":true,"priceOptions":"different_for_all","pricingType":"fixed","className":"hassizechart product-shoes-size-eu product-shoes-size","name":"color-group-66c4a928225e2","disp_type":"square","selection_type":"tick-border","disp_size":"50","show_label_inside":true,"adjust_width":true,"cart_display_type":"text","other_text":"Other","cl_rule":"show","col":6,"values":[{"label":"35","value":"EU 35","price":"","pimage":"","pimage_id":"","pthumb":"","color":""},{"label":"36","value":"EU 36","price":"","pimage":"","pimage_id":"","pthumb":"","color":"","selected":true},{"label":"37","value":"EU 37","price":"","pimage":"","pimage_id":"","pthumb":"","color":""},{"label":"37.5","value":"EU 37.5","price":"","pimage":"","pimage_id":"","pthumb":"","color":""},{"label":"38","value":"EU 38","price":"","pimage":"","pimage_id":"","pthumb":"","color":""},{"label":"38.5","value":"EU 38.5","price":"","pimage":"","pimage_id":"","pthumb":"","color":""},{"label":"39","value":"EU 39","price":"","pimage":"","pimage_id":"","pthumb":"","color":""},{"label":"39.5","value":"EU 39.5","price":"","pimage":"","pimage_id":"","pthumb":"","color":""},{"label":"40","value":"EU 40","price":"","pimage":"","pimage_id":"","pthumb":"","color":""},{"label":"40.5","value":"EU 40.5","price":"","pimage":"","pimage_id":"","pthumb":"","color":""},{"label":" 41.5","value":"EU 41.5","price":"","pimage":"","pimage_id":"","pthumb":"","color":""},{"label":"42","value":"EU 42","price":"","pimage":"","pimage_id":"","pthumb":"","color":""},{"label":"42.5","value":"EU 42.5","price":"","pimage":"","pimage_id":"","pthumb":"","color":""},{"label":"43","value":"EU 43","price":"","pimage":"","pimage_id":"","pthumb":"","color":""},{"label":"44","value":"EU 44","price":"","pimage":"","pimage_id":"","pthumb":"","color":""},{"label":"44.5","value":"EU 44.5","price":"","pimage":"","pimage_id":"","pthumb":"","color":""},{"label":"45","value":"EU 45","price":"","pimage":"","pimage_id":"","pthumb":"","color":""},{"label":"45.5","value":"EU 45.5","price":"","pimage":"","pimage_id":"","pthumb":"","color":""},{"label":"46","value":"EU 46","price":"","pimage":"","pimage_id":"","pthumb":"","color":""}],"relations":[{"operator":false,"rules":[]}],"form_id":24803,"form_rules":{"pric_cal_option_once":false,"exclude_from_discount":false,"pric_use_as_fee":false,"fee_label":"Fee","render_after_acb":false,"disp_hide_options_price":false}}]},"yoast_head":"<!-- This site is optimized with the Yoast SEO plugin v26.5 - https:\/\/yoast.com\/wordpress\/plugins\/seo\/ -->\n<title>New Balance FuelCell SuperComp Elite v3 &#039;Neon Dragonfly Cosmic Rose&#039;  - Tourcruiser PTE. LTD<\/title>\n<meta name=\"robots\" content=\"index, follow, max-snippet:-1, max-image-preview:large, max-video-preview:-1\" \/>\n<link rel=\"canonical\" href=\"https:\/\/tourcruiser.com\/de\/products\/new-balance-fuelcell-supercomp-elite-v3-neon-dragonfly-cosmic-rose\/\" \/>\n<meta property=\"og:locale\" content=\"de_DE\" \/>\n<meta property=\"og:type\" content=\"article\" \/>\n<meta property=\"og:title\" content=\"New Balance FuelCell SuperComp Elite v3 &#039;Neon Dragonfly Cosmic Rose&#039;  - Tourcruiser PTE. LTD\" \/>\n<meta property=\"og:description\" content=\"New Balance FuelCell SuperComp Elite v3 \u201d\u201d Neon Dragonfly\/Cosmic Rose\/Cosmic Pineapple\" \/>\n<meta property=\"og:url\" content=\"https:\/\/tourcruiser.com\/de\/products\/new-balance-fuelcell-supercomp-elite-v3-neon-dragonfly-cosmic-rose\/\" \/>\n<meta property=\"og:site_name\" content=\"Tourcruiser Sneaker Store\" \/>\n<meta property=\"article:modified_time\" content=\"2026-03-27T18:53:05+00:00\" \/>\n<meta name=\"twitter:card\" content=\"summary_large_image\" \/>\n<meta name=\"twitter:image\" content=\"https:\/\/images.novelship.com\/product\/new_balance_fuelcell_supercomp_elite_v3__neon_drag_0_51845.jpeg;https:\/\/images.novelship.com\/product\/new_balance_fuelcell_supercomp_elite_v3__neon_drag_1_51845.jpeg;https:\/\/images.novelship.com\/product\/new_balance_fuelcell_supercomp_elite_v3__neon_drag_2_51845.jpeg;https:\/\/images.novelship.com\/product\/new_balance_fuelcell_supercomp_elite_v3__neon_drag_3_51845.jpeg;https:\/\/images.novelship.com\/product\/new_balance_fuelcell_supercomp_elite_v3__neon_drag_4_51845.png;https:\/\/images.novelship.com\/product\/new_balance_fuelcell_supercomp_elite_v3__neon_drag_5_51845.jpeg\" \/>\n<script type=\"application\/ld+json\" class=\"yoast-schema-graph\">{\"@context\":\"https:\/\/schema.org\",\"@graph\":[{\"@type\":\"WebPage\",\"@id\":\"https:\/\/tourcruiser.com\/de\/products\/new-balance-fuelcell-supercomp-elite-v3-neon-dragonfly-cosmic-rose\/\",\"url\":\"https:\/\/tourcruiser.com\/de\/products\/new-balance-fuelcell-supercomp-elite-v3-neon-dragonfly-cosmic-rose\/\",\"name\":\"New Balance FuelCell SuperComp Elite v3 'Neon Dragonfly Cosmic Rose' - Tourcruiser PTE. LTD\",\"isPartOf\":{\"@id\":\"https:\/\/tourcruiser.com\/de\/#website\"},\"primaryImageOfPage\":{\"@id\":\"https:\/\/tourcruiser.com\/de\/products\/new-balance-fuelcell-supercomp-elite-v3-neon-dragonfly-cosmic-rose\/#primaryimage\"},\"image\":{\"@id\":\"https:\/\/tourcruiser.com\/de\/products\/new-balance-fuelcell-supercomp-elite-v3-neon-dragonfly-cosmic-rose\/#primaryimage\"},\"thumbnailUrl\":\"https:\/\/images.novelship.com\/product\/new_balance_fuelcell_supercomp_elite_v3__neon_drag_0_51845.jpeg;https:\/\/images.novelship.com\/product\/new_balance_fuelcell_supercomp_elite_v3__neon_drag_1_51845.jpeg;https:\/\/images.novelship.com\/product\/new_balance_fuelcell_supercomp_elite_v3__neon_drag_2_51845.jpeg;https:\/\/images.novelship.com\/product\/new_balance_fuelcell_supercomp_elite_v3__neon_drag_3_51845.jpeg;https:\/\/images.novelship.com\/product\/new_balance_fuelcell_supercomp_elite_v3__neon_drag_4_51845.png;https:\/\/images.novelship.com\/product\/new_balance_fuelcell_supercomp_elite_v3__neon_drag_5_51845.jpeg\",\"datePublished\":\"2026-03-02T09:11:23+00:00\",\"dateModified\":\"2026-03-27T18:53:05+00:00\",\"breadcrumb\":{\"@id\":\"https:\/\/tourcruiser.com\/de\/products\/new-balance-fuelcell-supercomp-elite-v3-neon-dragonfly-cosmic-rose\/#breadcrumb\"},\"inLanguage\":\"de\",\"potentialAction\":[{\"@type\":\"ReadAction\",\"target\":[\"https:\/\/tourcruiser.com\/de\/products\/new-balance-fuelcell-supercomp-elite-v3-neon-dragonfly-cosmic-rose\/\"]}]},{\"@type\":\"ImageObject\",\"inLanguage\":\"de\",\"@id\":\"https:\/\/tourcruiser.com\/de\/products\/new-balance-fuelcell-supercomp-elite-v3-neon-dragonfly-cosmic-rose\/#primaryimage\",\"url\":\"https:\/\/images.novelship.com\/product\/new_balance_fuelcell_supercomp_elite_v3__neon_drag_0_51845.jpeg;https:\/\/images.novelship.com\/product\/new_balance_fuelcell_supercomp_elite_v3__neon_drag_1_51845.jpeg;https:\/\/images.novelship.com\/product\/new_balance_fuelcell_supercomp_elite_v3__neon_drag_2_51845.jpeg;https:\/\/images.novelship.com\/product\/new_balance_fuelcell_supercomp_elite_v3__neon_drag_3_51845.jpeg;https:\/\/images.novelship.com\/product\/new_balance_fuelcell_supercomp_elite_v3__neon_drag_4_51845.png;https:\/\/images.novelship.com\/product\/new_balance_fuelcell_supercomp_elite_v3__neon_drag_5_51845.jpeg\",\"contentUrl\":\"https:\/\/images.novelship.com\/product\/new_balance_fuelcell_supercomp_elite_v3__neon_drag_0_51845.jpeg;https:\/\/images.novelship.com\/product\/new_balance_fuelcell_supercomp_elite_v3__neon_drag_1_51845.jpeg;https:\/\/images.novelship.com\/product\/new_balance_fuelcell_supercomp_elite_v3__neon_drag_2_51845.jpeg;https:\/\/images.novelship.com\/product\/new_balance_fuelcell_supercomp_elite_v3__neon_drag_3_51845.jpeg;https:\/\/images.novelship.com\/product\/new_balance_fuelcell_supercomp_elite_v3__neon_drag_4_51845.png;https:\/\/images.novelship.com\/product\/new_balance_fuelcell_supercomp_elite_v3__neon_drag_5_51845.jpeg\"},{\"@type\":\"BreadcrumbList\",\"@id\":\"https:\/\/tourcruiser.com\/de\/products\/new-balance-fuelcell-supercomp-elite-v3-neon-dragonfly-cosmic-rose\/#breadcrumb\",\"itemListElement\":[{\"@type\":\"ListItem\",\"position\":1,\"name\":\"Home\",\"item\":\"https:\/\/tourcruiser.com\/de\/\"},{\"@type\":\"ListItem\",\"position\":2,\"name\":\"Shop\",\"item\":\"https:\/\/tourcruiser.com\/de\/shop\/\"},{\"@type\":\"ListItem\",\"position\":3,\"name\":\"New Balance FuelCell SuperComp Elite v3 'Neon Dragonfly Cosmic Rose'\"}]},{\"@type\":\"WebSite\",\"@id\":\"https:\/\/tourcruiser.com\/de\/#website\",\"url\":\"https:\/\/tourcruiser.com\/de\/\",\"name\":\"Styloral Jewelry Shop\",\"description\":\"Tourcruiser Sneaker Store \u2014 der Ort, an dem das Universum deine Einzigartigkeit trifft.\",\"publisher\":{\"@id\":\"https:\/\/tourcruiser.com\/de\/#organization\"},\"potentialAction\":[{\"@type\":\"SearchAction\",\"target\":{\"@type\":\"EntryPoint\",\"urlTemplate\":\"https:\/\/tourcruiser.com\/de\/?s={search_term_string}\"},\"query-input\":{\"@type\":\"PropertyValueSpecification\",\"valueRequired\":true,\"valueName\":\"search_term_string\"}}],\"inLanguage\":\"de\"},{\"@type\":\"Organization\",\"@id\":\"https:\/\/tourcruiser.com\/de\/#organization\",\"name\":\"STYLORAL PTE. LTD\",\"url\":\"https:\/\/tourcruiser.com\/de\/\",\"logo\":{\"@type\":\"ImageObject\",\"inLanguage\":\"de\",\"@id\":\"https:\/\/tourcruiser.com\/de\/#\/schema\/logo\/image\/\",\"url\":\"https:\/\/www.tourcruiser.com\/wp-content\/uploads\/2025\/12\/logo.png\",\"contentUrl\":\"https:\/\/www.tourcruiser.com\/wp-content\/uploads\/2025\/12\/logo.png\",\"width\":200,\"height\":65,\"caption\":\"STYLORAL PTE. LTD\"},\"image\":{\"@id\":\"https:\/\/tourcruiser.com\/de\/#\/schema\/logo\/image\/\"}}]}<\/script>\n<!-- \/ Yoast SEO plugin. -->","yoast_head_json":{"title":"New Balance FuelCell SuperComp Elite v3 'Neon Dragonfly Cosmic Rose'  - Tourcruiser PTE. LTD","robots":{"index":"index","follow":"follow","max-snippet":"max-snippet:-1","max-image-preview":"max-image-preview:large","max-video-preview":"max-video-preview:-1"},"canonical":"https:\/\/tourcruiser.com\/de\/products\/new-balance-fuelcell-supercomp-elite-v3-neon-dragonfly-cosmic-rose\/","og_locale":"de_DE","og_type":"article","og_title":"New Balance FuelCell SuperComp Elite v3 'Neon Dragonfly Cosmic Rose'  - Tourcruiser PTE. LTD","og_description":"New Balance FuelCell SuperComp Elite v3 \u201d\u201d Neon Dragonfly\/Cosmic Rose\/Cosmic Pineapple","og_url":"https:\/\/tourcruiser.com\/de\/products\/new-balance-fuelcell-supercomp-elite-v3-neon-dragonfly-cosmic-rose\/","og_site_name":"Tourcruiser Sneaker Store","article_modified_time":"2026-03-27T18:53:05+00:00","twitter_card":"summary_large_image","twitter_image":"https:\/\/images.novelship.com\/product\/new_balance_fuelcell_supercomp_elite_v3__neon_drag_0_51845.jpeg;https:\/\/images.novelship.com\/product\/new_balance_fuelcell_supercomp_elite_v3__neon_drag_1_51845.jpeg;https:\/\/images.novelship.com\/product\/new_balance_fuelcell_supercomp_elite_v3__neon_drag_2_51845.jpeg;https:\/\/images.novelship.com\/product\/new_balance_fuelcell_supercomp_elite_v3__neon_drag_3_51845.jpeg;https:\/\/images.novelship.com\/product\/new_balance_fuelcell_supercomp_elite_v3__neon_drag_4_51845.png;https:\/\/images.novelship.com\/product\/new_balance_fuelcell_supercomp_elite_v3__neon_drag_5_51845.jpeg","schema":{"@context":"https:\/\/schema.org","@graph":[{"@type":"WebPage","@id":"https:\/\/tourcruiser.com\/de\/products\/new-balance-fuelcell-supercomp-elite-v3-neon-dragonfly-cosmic-rose\/","url":"https:\/\/tourcruiser.com\/de\/products\/new-balance-fuelcell-supercomp-elite-v3-neon-dragonfly-cosmic-rose\/","name":"New Balance FuelCell SuperComp Elite v3 'Neon Dragonfly Cosmic Rose' - Tourcruiser PTE. LTD","isPartOf":{"@id":"https:\/\/tourcruiser.com\/de\/#website"},"primaryImageOfPage":{"@id":"https:\/\/tourcruiser.com\/de\/products\/new-balance-fuelcell-supercomp-elite-v3-neon-dragonfly-cosmic-rose\/#primaryimage"},"image":{"@id":"https:\/\/tourcruiser.com\/de\/products\/new-balance-fuelcell-supercomp-elite-v3-neon-dragonfly-cosmic-rose\/#primaryimage"},"thumbnailUrl":"https:\/\/images.novelship.com\/product\/new_balance_fuelcell_supercomp_elite_v3__neon_drag_0_51845.jpeg;https:\/\/images.novelship.com\/product\/new_balance_fuelcell_supercomp_elite_v3__neon_drag_1_51845.jpeg;https:\/\/images.novelship.com\/product\/new_balance_fuelcell_supercomp_elite_v3__neon_drag_2_51845.jpeg;https:\/\/images.novelship.com\/product\/new_balance_fuelcell_supercomp_elite_v3__neon_drag_3_51845.jpeg;https:\/\/images.novelship.com\/product\/new_balance_fuelcell_supercomp_elite_v3__neon_drag_4_51845.png;https:\/\/images.novelship.com\/product\/new_balance_fuelcell_supercomp_elite_v3__neon_drag_5_51845.jpeg","datePublished":"2026-03-02T09:11:23+00:00","dateModified":"2026-03-27T18:53:05+00:00","breadcrumb":{"@id":"https:\/\/tourcruiser.com\/de\/products\/new-balance-fuelcell-supercomp-elite-v3-neon-dragonfly-cosmic-rose\/#breadcrumb"},"inLanguage":"de","potentialAction":[{"@type":"ReadAction","target":["https:\/\/tourcruiser.com\/de\/products\/new-balance-fuelcell-supercomp-elite-v3-neon-dragonfly-cosmic-rose\/"]}]},{"@type":"ImageObject","inLanguage":"de","@id":"https:\/\/tourcruiser.com\/de\/products\/new-balance-fuelcell-supercomp-elite-v3-neon-dragonfly-cosmic-rose\/#primaryimage","url":"https:\/\/images.novelship.com\/product\/new_balance_fuelcell_supercomp_elite_v3__neon_drag_0_51845.jpeg;https:\/\/images.novelship.com\/product\/new_balance_fuelcell_supercomp_elite_v3__neon_drag_1_51845.jpeg;https:\/\/images.novelship.com\/product\/new_balance_fuelcell_supercomp_elite_v3__neon_drag_2_51845.jpeg;https:\/\/images.novelship.com\/product\/new_balance_fuelcell_supercomp_elite_v3__neon_drag_3_51845.jpeg;https:\/\/images.novelship.com\/product\/new_balance_fuelcell_supercomp_elite_v3__neon_drag_4_51845.png;https:\/\/images.novelship.com\/product\/new_balance_fuelcell_supercomp_elite_v3__neon_drag_5_51845.jpeg","contentUrl":"https:\/\/images.novelship.com\/product\/new_balance_fuelcell_supercomp_elite_v3__neon_drag_0_51845.jpeg;https:\/\/images.novelship.com\/product\/new_balance_fuelcell_supercomp_elite_v3__neon_drag_1_51845.jpeg;https:\/\/images.novelship.com\/product\/new_balance_fuelcell_supercomp_elite_v3__neon_drag_2_51845.jpeg;https:\/\/images.novelship.com\/product\/new_balance_fuelcell_supercomp_elite_v3__neon_drag_3_51845.jpeg;https:\/\/images.novelship.com\/product\/new_balance_fuelcell_supercomp_elite_v3__neon_drag_4_51845.png;https:\/\/images.novelship.com\/product\/new_balance_fuelcell_supercomp_elite_v3__neon_drag_5_51845.jpeg"},{"@type":"BreadcrumbList","@id":"https:\/\/tourcruiser.com\/de\/products\/new-balance-fuelcell-supercomp-elite-v3-neon-dragonfly-cosmic-rose\/#breadcrumb","itemListElement":[{"@type":"ListItem","position":1,"name":"Home","item":"https:\/\/tourcruiser.com\/de\/"},{"@type":"ListItem","position":2,"name":"Shop","item":"https:\/\/tourcruiser.com\/de\/shop\/"},{"@type":"ListItem","position":3,"name":"New Balance FuelCell SuperComp Elite v3 'Neon Dragonfly Cosmic Rose'"}]},{"@type":"WebSite","@id":"https:\/\/tourcruiser.com\/de\/#website","url":"https:\/\/tourcruiser.com\/de\/","name":"Styloral Jewelry Shop","description":"Tourcruiser Sneaker Store \u2014 der Ort, an dem das Universum deine Einzigartigkeit trifft.","publisher":{"@id":"https:\/\/tourcruiser.com\/de\/#organization"},"potentialAction":[{"@type":"SearchAction","target":{"@type":"EntryPoint","urlTemplate":"https:\/\/tourcruiser.com\/de\/?s={search_term_string}"},"query-input":{"@type":"PropertyValueSpecification","valueRequired":true,"valueName":"search_term_string"}}],"inLanguage":"de"},{"@type":"Organization","@id":"https:\/\/tourcruiser.com\/de\/#organization","name":"STYLORAL PTE. LTD","url":"https:\/\/tourcruiser.com\/de\/","logo":{"@type":"ImageObject","inLanguage":"de","@id":"https:\/\/tourcruiser.com\/de\/#\/schema\/logo\/image\/","url":"https:\/\/www.tourcruiser.com\/wp-content\/uploads\/2025\/12\/logo.png","contentUrl":"https:\/\/www.tourcruiser.com\/wp-content\/uploads\/2025\/12\/logo.png","width":200,"height":65,"caption":"STYLORAL PTE. LTD"},"image":{"@id":"https:\/\/tourcruiser.com\/de\/#\/schema\/logo\/image\/"}}]}},"_links":{"self":[{"href":"https:\/\/tourcruiser.com\/de\/wp-json\/wp\/v2\/product\/163941","targetHints":{"allow":["GET"]}}],"collection":[{"href":"https:\/\/tourcruiser.com\/de\/wp-json\/wp\/v2\/product"}],"about":[{"href":"https:\/\/tourcruiser.com\/de\/wp-json\/wp\/v2\/types\/product"}],"replies":[{"embeddable":true,"href":"https:\/\/tourcruiser.com\/de\/wp-json\/wp\/v2\/comments?post=163941"}],"wp:featuredmedia":[{"embeddable":true,"href":"https:\/\/tourcruiser.com\/de\/wp-json\/wp\/v2\/media\/163942"}],"wp:attachment":[{"href":"https:\/\/tourcruiser.com\/de\/wp-json\/wp\/v2\/media?parent=163941"}],"wp:term":[{"taxonomy":"product_brand","embeddable":true,"href":"https:\/\/tourcruiser.com\/de\/wp-json\/wp\/v2\/product_brand?post=163941"},{"taxonomy":"product_cat","embeddable":true,"href":"https:\/\/tourcruiser.com\/de\/wp-json\/wp\/v2\/product_cat?post=163941"},{"taxonomy":"product_tag","embeddable":true,"href":"https:\/\/tourcruiser.com\/de\/wp-json\/wp\/v2\/product_tag?post=163941"}],"curies":[{"name":"wp","href":"https:\/\/api.w.org\/{rel}","templated":true}]}}