{"id":163899,"date":"2026-03-02T16:11:20","date_gmt":"2026-03-02T09:11:20","guid":{"rendered":"http:\/\/tourcruiser.com\/product\/adidas-zx-flux-grey-black-royal-red"},"modified":"2026-03-28T01:32:38","modified_gmt":"2026-03-27T18:32:38","slug":"adidas-zx-flux-grey-black-royal-red","status":"publish","type":"product","link":"https:\/\/tourcruiser.com\/de\/products\/adidas-zx-flux-grey-black-royal-red\/","title":{"rendered":"adidas ZX Flux &#8218;Grey Black Royal Red&#8216;"},"content":{"rendered":"<p>Mit dem adidas ZX Flux FV7920, einer Fusion aus ikonischem Design und modernem Komfort, verleihst du deinem Style das gewisse Etwas. Die elegante Silhouette besticht durch ein atmungsaktives Mesh-Obermaterial in einem markanten Grauton, verziert mit leuchtenden Akzenten in Schwarz, K\u00f6nigsblau und Rot. Die leichte EVA-Zwischensohle sorgt f\u00fcr reaktionsfreudige D\u00e4mpfung, w\u00e4hrend die strapazierf\u00e4hige Gummiau\u00dfensohle hervorragende Traktion garantiert. Ob auf der Stra\u00dfe oder im Fitnessstudio \u201d\u201c der ZX Flux FV7920 vereint Style und Performance. Hol dir dieses Must-have f\u00fcr deine Schuhsammlung und r\u00fcste deinen Schuh-Look auf.<\/p>\n<ul>\n<li><strong>Farbgebung:<\/strong> Grey Two \/ Cloud White \/ Team Royal Blue<\/li>\n<li><strong>Style-Code:<\/strong> FV7920<\/li>\n<\/ul>\n","protected":false},"excerpt":{"rendered":"<p>adidas ZX Flux \u201d\u201d Grey Two \/ Cloud White \/ Team Royal Blue<\/p>\n","protected":false},"featured_media":163900,"comment_status":"open","ping_status":"closed","template":"","meta":[],"product_brand":[],"product_cat":[10760],"product_tag":[10759,10750,10753,10754,10765,10768],"class_list":{"0":"post-163899","1":"product","2":"type-product","3":"status-publish","4":"has-post-thumbnail","6":"product_cat-adidas","7":"product_tag-adidas","8":"product_tag-athleisure-shoes","9":"product_tag-gift-for-him","10":"product_tag-lifestyle-casual-shoes","11":"product_tag-lifestyle-shoes-running-inspired","12":"product_tag-retro-running-shoes","13":"wcpa_has_options","15":"first","16":"outofstock","17":"taxable","18":"shipping-taxable","19":"purchasable","20":"product-type-simple"},"wcpa_form_fields":{"rules":{"pric_overide_base_price":false,"pric_overide_base_price_if_gt_zero":false,"pric_overide_base_price_fully":false,"pric_cal_option_once":false,"pric_use_as_fee":false,"bind_quantity":false,"quantity_bind_formula":false},"fields":[{"type":"color-group","required":true,"elementId":"wcpa-color-group-66c4a7f817afe","label":"Gr\u00f6\u00dfe","inline":true,"priceOptions":"different_for_all","pricingType":"fixed","className":"hassizechart product-shoes-size-eu product-shoes-size","name":"color-group-66c4a7f817b18","disp_type":"square","selection_type":"tick-border","disp_size":"50","show_label_inside":true,"adjust_width":true,"cart_display_type":"text","other_text":"Other","cl_rule":"show","col":6,"values":[{"label":"35","value":"EU 35","price":"","pimage":"","pimage_id":"","pthumb":"","color":""},{"label":"35.5","value":"EU 35.5","price":"","pimage":"","pimage_id":"","pthumb":"","color":""},{"label":"36","value":"EU 36","price":"","pimage":"","pimage_id":"","pthumb":"","color":"","selected":true},{"label":"36 2\/3","value":"EU 36 2\/3","price":"","pimage":"","pimage_id":"","pthumb":"","color":""},{"label":"37 1\/3","value":"EU 37 1\/3","price":"","pimage":"","pimage_id":"","pthumb":"","color":""},{"label":"38","value":"EU 38","price":"","pimage":"","pimage_id":"","pthumb":"","color":""},{"label":"38 2\/3","value":"EU 38 2\/3","price":"","pimage":"","pimage_id":"","pthumb":"","color":""},{"label":"39 1\/3","value":"EU 39 1\/3","price":"","pimage":"","pimage_id":"","pthumb":"","color":""},{"label":"40","value":"EU 40","price":"","pimage":"","pimage_id":"","pthumb":"","color":""},{"label":"40 2\/3","value":"EU 40 2\/3","price":"","pimage":"","pimage_id":"","pthumb":"","color":""},{"label":"41 1\/3","value":"EU 41 1\/3","price":"","pimage":"","pimage_id":"","pthumb":"","color":""},{"label":"42","value":"EU 42","price":"","pimage":"","pimage_id":"","pthumb":"","color":""},{"label":"42 2\/3","value":"EU 42 2\/3","price":"","pimage":"","pimage_id":"","pthumb":"","color":""},{"label":"43 1\/3","value":"EU 43 1\/3","price":"","pimage":"","pimage_id":"","pthumb":"","color":""},{"label":"44","value":"EU 44","price":"","pimage":"","pimage_id":"","pthumb":"","color":""},{"label":"44 2\/3","value":"EU 44 2\/3","price":"","pimage":"","pimage_id":"","pthumb":"","color":""},{"label":"45 1\/3","value":"EU 45 1\/3","price":"","pimage":"","pimage_id":"","pthumb":"","color":""},{"label":"46","value":"EU 46","price":"","pimage":"","pimage_id":"","pthumb":"","color":""},{"label":"46 2\/3","value":"EU 46 2\/3","price":"","pimage":"","pimage_id":"","pthumb":"","color":""},{"label":"47 1\/3","value":"EU 47 1\/3","price":"","pimage":"","pimage_id":"","pthumb":"","color":""}],"relations":[{"operator":false,"rules":[]}],"form_id":24802,"form_rules":{"pric_cal_option_once":false,"exclude_from_discount":false,"pric_use_as_fee":false,"fee_label":"Fee","render_after_acb":false,"disp_hide_options_price":false}}]},"yoast_head":"<!-- This site is optimized with the Yoast SEO plugin v26.5 - https:\/\/yoast.com\/wordpress\/plugins\/seo\/ -->\n<title>adidas ZX Flux &#039;Grey Black Royal Red&#039;  - Tourcruiser PTE. LTD<\/title>\n<meta name=\"robots\" content=\"index, follow, max-snippet:-1, max-image-preview:large, max-video-preview:-1\" \/>\n<link rel=\"canonical\" href=\"https:\/\/tourcruiser.com\/de\/products\/adidas-zx-flux-grey-black-royal-red\/\" \/>\n<meta property=\"og:locale\" content=\"de_DE\" \/>\n<meta property=\"og:type\" content=\"article\" \/>\n<meta property=\"og:title\" content=\"adidas ZX Flux &#039;Grey Black Royal Red&#039;  - Tourcruiser PTE. LTD\" \/>\n<meta property=\"og:description\" content=\"adidas ZX Flux \u201d\u201d Grey Two \/ Cloud White \/ Team Royal Blue\" \/>\n<meta property=\"og:url\" content=\"https:\/\/tourcruiser.com\/de\/products\/adidas-zx-flux-grey-black-royal-red\/\" \/>\n<meta property=\"og:site_name\" content=\"Tourcruiser Sneaker Store\" \/>\n<meta property=\"article:modified_time\" content=\"2026-03-27T18:32:38+00:00\" \/>\n<meta name=\"twitter:card\" content=\"summary_large_image\" \/>\n<meta name=\"twitter:image\" content=\"https:\/\/images.novelship.com\/product\/adidas_zx_flux__grey_black_royal_red__fv7920_0_57949.jpeg;https:\/\/images.novelship.com\/product\/adidas_zx_flux__grey_black_royal_red__fv7920_1_57949.jpeg;https:\/\/images.novelship.com\/product\/adidas_zx_flux__grey_black_royal_red__fv7920_2_57949.jpeg;https:\/\/images.novelship.com\/product\/adidas_zx_flux__grey_black_royal_red__fv7920_3_57949.jpeg;https:\/\/images.novelship.com\/product\/adidas_zx_flux__grey_black_royal_red__fv7920_4_57949.jpeg\" \/>\n<meta name=\"twitter:label1\" content=\"Gesch\u00e4tzte Lesezeit\" \/>\n\t<meta name=\"twitter:data1\" content=\"1\u00a0Minute\" \/>\n<script type=\"application\/ld+json\" class=\"yoast-schema-graph\">{\"@context\":\"https:\/\/schema.org\",\"@graph\":[{\"@type\":\"WebPage\",\"@id\":\"https:\/\/tourcruiser.com\/de\/products\/adidas-zx-flux-grey-black-royal-red\/\",\"url\":\"https:\/\/tourcruiser.com\/de\/products\/adidas-zx-flux-grey-black-royal-red\/\",\"name\":\"adidas ZX Flux 'Grey Black Royal Red' - Tourcruiser PTE. LTD\",\"isPartOf\":{\"@id\":\"https:\/\/tourcruiser.com\/de\/#website\"},\"primaryImageOfPage\":{\"@id\":\"https:\/\/tourcruiser.com\/de\/products\/adidas-zx-flux-grey-black-royal-red\/#primaryimage\"},\"image\":{\"@id\":\"https:\/\/tourcruiser.com\/de\/products\/adidas-zx-flux-grey-black-royal-red\/#primaryimage\"},\"thumbnailUrl\":\"https:\/\/images.novelship.com\/product\/adidas_zx_flux__grey_black_royal_red__fv7920_0_57949.jpeg;https:\/\/images.novelship.com\/product\/adidas_zx_flux__grey_black_royal_red__fv7920_1_57949.jpeg;https:\/\/images.novelship.com\/product\/adidas_zx_flux__grey_black_royal_red__fv7920_2_57949.jpeg;https:\/\/images.novelship.com\/product\/adidas_zx_flux__grey_black_royal_red__fv7920_3_57949.jpeg;https:\/\/images.novelship.com\/product\/adidas_zx_flux__grey_black_royal_red__fv7920_4_57949.jpeg\",\"datePublished\":\"2026-03-02T09:11:20+00:00\",\"dateModified\":\"2026-03-27T18:32:38+00:00\",\"breadcrumb\":{\"@id\":\"https:\/\/tourcruiser.com\/de\/products\/adidas-zx-flux-grey-black-royal-red\/#breadcrumb\"},\"inLanguage\":\"de\",\"potentialAction\":[{\"@type\":\"ReadAction\",\"target\":[\"https:\/\/tourcruiser.com\/de\/products\/adidas-zx-flux-grey-black-royal-red\/\"]}]},{\"@type\":\"ImageObject\",\"inLanguage\":\"de\",\"@id\":\"https:\/\/tourcruiser.com\/de\/products\/adidas-zx-flux-grey-black-royal-red\/#primaryimage\",\"url\":\"https:\/\/images.novelship.com\/product\/adidas_zx_flux__grey_black_royal_red__fv7920_0_57949.jpeg;https:\/\/images.novelship.com\/product\/adidas_zx_flux__grey_black_royal_red__fv7920_1_57949.jpeg;https:\/\/images.novelship.com\/product\/adidas_zx_flux__grey_black_royal_red__fv7920_2_57949.jpeg;https:\/\/images.novelship.com\/product\/adidas_zx_flux__grey_black_royal_red__fv7920_3_57949.jpeg;https:\/\/images.novelship.com\/product\/adidas_zx_flux__grey_black_royal_red__fv7920_4_57949.jpeg\",\"contentUrl\":\"https:\/\/images.novelship.com\/product\/adidas_zx_flux__grey_black_royal_red__fv7920_0_57949.jpeg;https:\/\/images.novelship.com\/product\/adidas_zx_flux__grey_black_royal_red__fv7920_1_57949.jpeg;https:\/\/images.novelship.com\/product\/adidas_zx_flux__grey_black_royal_red__fv7920_2_57949.jpeg;https:\/\/images.novelship.com\/product\/adidas_zx_flux__grey_black_royal_red__fv7920_3_57949.jpeg;https:\/\/images.novelship.com\/product\/adidas_zx_flux__grey_black_royal_red__fv7920_4_57949.jpeg\"},{\"@type\":\"BreadcrumbList\",\"@id\":\"https:\/\/tourcruiser.com\/de\/products\/adidas-zx-flux-grey-black-royal-red\/#breadcrumb\",\"itemListElement\":[{\"@type\":\"ListItem\",\"position\":1,\"name\":\"Home\",\"item\":\"https:\/\/tourcruiser.com\/de\/\"},{\"@type\":\"ListItem\",\"position\":2,\"name\":\"Shop\",\"item\":\"https:\/\/tourcruiser.com\/de\/shop\/\"},{\"@type\":\"ListItem\",\"position\":3,\"name\":\"adidas ZX Flux 'Grey Black Royal Red'\"}]},{\"@type\":\"WebSite\",\"@id\":\"https:\/\/tourcruiser.com\/de\/#website\",\"url\":\"https:\/\/tourcruiser.com\/de\/\",\"name\":\"Styloral Jewelry Shop\",\"description\":\"Tourcruiser Sneaker Store \u2014 der Ort, an dem das Universum deine Einzigartigkeit trifft.\",\"publisher\":{\"@id\":\"https:\/\/tourcruiser.com\/de\/#organization\"},\"potentialAction\":[{\"@type\":\"SearchAction\",\"target\":{\"@type\":\"EntryPoint\",\"urlTemplate\":\"https:\/\/tourcruiser.com\/de\/?s={search_term_string}\"},\"query-input\":{\"@type\":\"PropertyValueSpecification\",\"valueRequired\":true,\"valueName\":\"search_term_string\"}}],\"inLanguage\":\"de\"},{\"@type\":\"Organization\",\"@id\":\"https:\/\/tourcruiser.com\/de\/#organization\",\"name\":\"STYLORAL PTE. LTD\",\"url\":\"https:\/\/tourcruiser.com\/de\/\",\"logo\":{\"@type\":\"ImageObject\",\"inLanguage\":\"de\",\"@id\":\"https:\/\/tourcruiser.com\/de\/#\/schema\/logo\/image\/\",\"url\":\"https:\/\/www.tourcruiser.com\/wp-content\/uploads\/2025\/12\/logo.png\",\"contentUrl\":\"https:\/\/www.tourcruiser.com\/wp-content\/uploads\/2025\/12\/logo.png\",\"width\":200,\"height\":65,\"caption\":\"STYLORAL PTE. LTD\"},\"image\":{\"@id\":\"https:\/\/tourcruiser.com\/de\/#\/schema\/logo\/image\/\"}}]}<\/script>\n<!-- \/ Yoast SEO plugin. -->","yoast_head_json":{"title":"adidas ZX Flux 'Grey Black Royal Red'  - Tourcruiser PTE. LTD","robots":{"index":"index","follow":"follow","max-snippet":"max-snippet:-1","max-image-preview":"max-image-preview:large","max-video-preview":"max-video-preview:-1"},"canonical":"https:\/\/tourcruiser.com\/de\/products\/adidas-zx-flux-grey-black-royal-red\/","og_locale":"de_DE","og_type":"article","og_title":"adidas ZX Flux 'Grey Black Royal Red'  - Tourcruiser PTE. LTD","og_description":"adidas ZX Flux \u201d\u201d Grey Two \/ Cloud White \/ Team Royal Blue","og_url":"https:\/\/tourcruiser.com\/de\/products\/adidas-zx-flux-grey-black-royal-red\/","og_site_name":"Tourcruiser Sneaker Store","article_modified_time":"2026-03-27T18:32:38+00:00","twitter_card":"summary_large_image","twitter_image":"https:\/\/images.novelship.com\/product\/adidas_zx_flux__grey_black_royal_red__fv7920_0_57949.jpeg;https:\/\/images.novelship.com\/product\/adidas_zx_flux__grey_black_royal_red__fv7920_1_57949.jpeg;https:\/\/images.novelship.com\/product\/adidas_zx_flux__grey_black_royal_red__fv7920_2_57949.jpeg;https:\/\/images.novelship.com\/product\/adidas_zx_flux__grey_black_royal_red__fv7920_3_57949.jpeg;https:\/\/images.novelship.com\/product\/adidas_zx_flux__grey_black_royal_red__fv7920_4_57949.jpeg","twitter_misc":{"Gesch\u00e4tzte Lesezeit":"1\u00a0Minute"},"schema":{"@context":"https:\/\/schema.org","@graph":[{"@type":"WebPage","@id":"https:\/\/tourcruiser.com\/de\/products\/adidas-zx-flux-grey-black-royal-red\/","url":"https:\/\/tourcruiser.com\/de\/products\/adidas-zx-flux-grey-black-royal-red\/","name":"adidas ZX Flux 'Grey Black Royal Red' - Tourcruiser PTE. LTD","isPartOf":{"@id":"https:\/\/tourcruiser.com\/de\/#website"},"primaryImageOfPage":{"@id":"https:\/\/tourcruiser.com\/de\/products\/adidas-zx-flux-grey-black-royal-red\/#primaryimage"},"image":{"@id":"https:\/\/tourcruiser.com\/de\/products\/adidas-zx-flux-grey-black-royal-red\/#primaryimage"},"thumbnailUrl":"https:\/\/images.novelship.com\/product\/adidas_zx_flux__grey_black_royal_red__fv7920_0_57949.jpeg;https:\/\/images.novelship.com\/product\/adidas_zx_flux__grey_black_royal_red__fv7920_1_57949.jpeg;https:\/\/images.novelship.com\/product\/adidas_zx_flux__grey_black_royal_red__fv7920_2_57949.jpeg;https:\/\/images.novelship.com\/product\/adidas_zx_flux__grey_black_royal_red__fv7920_3_57949.jpeg;https:\/\/images.novelship.com\/product\/adidas_zx_flux__grey_black_royal_red__fv7920_4_57949.jpeg","datePublished":"2026-03-02T09:11:20+00:00","dateModified":"2026-03-27T18:32:38+00:00","breadcrumb":{"@id":"https:\/\/tourcruiser.com\/de\/products\/adidas-zx-flux-grey-black-royal-red\/#breadcrumb"},"inLanguage":"de","potentialAction":[{"@type":"ReadAction","target":["https:\/\/tourcruiser.com\/de\/products\/adidas-zx-flux-grey-black-royal-red\/"]}]},{"@type":"ImageObject","inLanguage":"de","@id":"https:\/\/tourcruiser.com\/de\/products\/adidas-zx-flux-grey-black-royal-red\/#primaryimage","url":"https:\/\/images.novelship.com\/product\/adidas_zx_flux__grey_black_royal_red__fv7920_0_57949.jpeg;https:\/\/images.novelship.com\/product\/adidas_zx_flux__grey_black_royal_red__fv7920_1_57949.jpeg;https:\/\/images.novelship.com\/product\/adidas_zx_flux__grey_black_royal_red__fv7920_2_57949.jpeg;https:\/\/images.novelship.com\/product\/adidas_zx_flux__grey_black_royal_red__fv7920_3_57949.jpeg;https:\/\/images.novelship.com\/product\/adidas_zx_flux__grey_black_royal_red__fv7920_4_57949.jpeg","contentUrl":"https:\/\/images.novelship.com\/product\/adidas_zx_flux__grey_black_royal_red__fv7920_0_57949.jpeg;https:\/\/images.novelship.com\/product\/adidas_zx_flux__grey_black_royal_red__fv7920_1_57949.jpeg;https:\/\/images.novelship.com\/product\/adidas_zx_flux__grey_black_royal_red__fv7920_2_57949.jpeg;https:\/\/images.novelship.com\/product\/adidas_zx_flux__grey_black_royal_red__fv7920_3_57949.jpeg;https:\/\/images.novelship.com\/product\/adidas_zx_flux__grey_black_royal_red__fv7920_4_57949.jpeg"},{"@type":"BreadcrumbList","@id":"https:\/\/tourcruiser.com\/de\/products\/adidas-zx-flux-grey-black-royal-red\/#breadcrumb","itemListElement":[{"@type":"ListItem","position":1,"name":"Home","item":"https:\/\/tourcruiser.com\/de\/"},{"@type":"ListItem","position":2,"name":"Shop","item":"https:\/\/tourcruiser.com\/de\/shop\/"},{"@type":"ListItem","position":3,"name":"adidas ZX Flux 'Grey Black Royal Red'"}]},{"@type":"WebSite","@id":"https:\/\/tourcruiser.com\/de\/#website","url":"https:\/\/tourcruiser.com\/de\/","name":"Styloral Jewelry Shop","description":"Tourcruiser Sneaker Store \u2014 der Ort, an dem das Universum deine Einzigartigkeit trifft.","publisher":{"@id":"https:\/\/tourcruiser.com\/de\/#organization"},"potentialAction":[{"@type":"SearchAction","target":{"@type":"EntryPoint","urlTemplate":"https:\/\/tourcruiser.com\/de\/?s={search_term_string}"},"query-input":{"@type":"PropertyValueSpecification","valueRequired":true,"valueName":"search_term_string"}}],"inLanguage":"de"},{"@type":"Organization","@id":"https:\/\/tourcruiser.com\/de\/#organization","name":"STYLORAL PTE. LTD","url":"https:\/\/tourcruiser.com\/de\/","logo":{"@type":"ImageObject","inLanguage":"de","@id":"https:\/\/tourcruiser.com\/de\/#\/schema\/logo\/image\/","url":"https:\/\/www.tourcruiser.com\/wp-content\/uploads\/2025\/12\/logo.png","contentUrl":"https:\/\/www.tourcruiser.com\/wp-content\/uploads\/2025\/12\/logo.png","width":200,"height":65,"caption":"STYLORAL PTE. LTD"},"image":{"@id":"https:\/\/tourcruiser.com\/de\/#\/schema\/logo\/image\/"}}]}},"_links":{"self":[{"href":"https:\/\/tourcruiser.com\/de\/wp-json\/wp\/v2\/product\/163899","targetHints":{"allow":["GET"]}}],"collection":[{"href":"https:\/\/tourcruiser.com\/de\/wp-json\/wp\/v2\/product"}],"about":[{"href":"https:\/\/tourcruiser.com\/de\/wp-json\/wp\/v2\/types\/product"}],"replies":[{"embeddable":true,"href":"https:\/\/tourcruiser.com\/de\/wp-json\/wp\/v2\/comments?post=163899"}],"wp:featuredmedia":[{"embeddable":true,"href":"https:\/\/tourcruiser.com\/de\/wp-json\/wp\/v2\/media\/163900"}],"wp:attachment":[{"href":"https:\/\/tourcruiser.com\/de\/wp-json\/wp\/v2\/media?parent=163899"}],"wp:term":[{"taxonomy":"product_brand","embeddable":true,"href":"https:\/\/tourcruiser.com\/de\/wp-json\/wp\/v2\/product_brand?post=163899"},{"taxonomy":"product_cat","embeddable":true,"href":"https:\/\/tourcruiser.com\/de\/wp-json\/wp\/v2\/product_cat?post=163899"},{"taxonomy":"product_tag","embeddable":true,"href":"https:\/\/tourcruiser.com\/de\/wp-json\/wp\/v2\/product_tag?post=163899"}],"curies":[{"name":"wp","href":"https:\/\/api.w.org\/{rel}","templated":true}]}}