{"id":163655,"date":"2026-03-02T16:10:58","date_gmt":"2026-03-02T09:10:58","guid":{"rendered":"http:\/\/tourcruiser.com\/product\/women-karlie-kloss-x-adidas-trainer-xx92-black-white-gum"},"modified":"2026-03-28T01:32:23","modified_gmt":"2026-03-27T18:32:23","slug":"women-karlie-kloss-x-adidas-trainer-xx92-black-white-gum","status":"publish","type":"product","link":"https:\/\/tourcruiser.com\/de\/products\/women-karlie-kloss-x-adidas-trainer-xx92-black-white-gum\/","title":{"rendered":"(Women) Karlie Kloss x adidas Trainer XX92 &#8218;Black White Gum&#8216;"},"content":{"rendered":"<p>Wir pr\u00e4sentieren den Karlie Kloss x adidas Trainer XX92 \u201eBlack White Gum\u201c \u201d\u201c die ultimative Verbindung von Style und Performance. Dieser in Zusammenarbeit mit dem Supermodel entworfene Sneaker besticht durch ein elegantes schwarz-wei\u00dfes Obermaterial und eine auff\u00e4llige Gummisohle. Die leichte Konstruktion und die reaktionsfreudige D\u00e4mpfung garantieren ganzt\u00e4gigen Tragekomfort, w\u00e4hrend das markante Branding und die Designelemente sowohl auf als auch neben dem Court ein Statement setzen. Verleihe deiner Sportgarderobe mit dem Karlie Kloss x adidas Trainer XX92 das gewisse Extra \u201d\u201c die perfekte Kombination aus Mode und Funktionalit\u00e4t.<\/p>\n<ul>\n<li><strong>Farbgebung:<\/strong> Core Black\/Core Black\/Cloud White<\/li>\n<li><strong>Style-Code:<\/strong> FY8207<\/li>\n<li><strong>Obermaterial:<\/strong> Canvas<\/li>\n<li><strong>Farbe:<\/strong> Schwarz<\/li>\n<li><strong>Saison:<\/strong> Fr\u00fchling<\/li>\n<li><strong>Erscheinungsjahr:<\/strong> 2022<\/li>\n<\/ul>\n","protected":false},"excerpt":{"rendered":"<p>adidas Trainer XX92 \u201d\u201d Core Black\/Core Black\/Cloud White<\/p>\n","protected":false},"featured_media":163656,"comment_status":"open","ping_status":"closed","template":"","meta":[],"product_brand":[],"product_cat":[10941],"product_tag":[10917],"class_list":{"0":"post-163655","1":"product","2":"type-product","3":"status-publish","4":"has-post-thumbnail","6":"product_cat-adidas-women","7":"product_tag-small-130-usd","8":"wcpa_has_options","10":"first","11":"outofstock","12":"taxable","13":"shipping-taxable","14":"purchasable","15":"product-type-simple"},"wcpa_form_fields":{"rules":{"pric_overide_base_price":false,"pric_overide_base_price_if_gt_zero":false,"pric_overide_base_price_fully":false,"pric_cal_option_once":false,"pric_use_as_fee":false,"bind_quantity":false,"quantity_bind_formula":false},"fields":[{"type":"color-group","required":true,"elementId":"wcpa-color-group-66c4a7f817afe","label":"Gr\u00f6\u00dfe","inline":true,"priceOptions":"different_for_all","pricingType":"fixed","className":"hassizechart product-shoes-size-eu product-shoes-size","name":"color-group-66c4a7f817b18","disp_type":"square","selection_type":"tick-border","disp_size":"50","show_label_inside":true,"adjust_width":true,"cart_display_type":"text","other_text":"Other","cl_rule":"show","col":6,"values":[{"label":"35","value":"EU 35","price":"","pimage":"","pimage_id":"","pthumb":"","color":""},{"label":"35.5","value":"EU 35.5","price":"","pimage":"","pimage_id":"","pthumb":"","color":""},{"label":"36","value":"EU 36","price":"","pimage":"","pimage_id":"","pthumb":"","color":"","selected":true},{"label":"36 2\/3","value":"EU 36 2\/3","price":"","pimage":"","pimage_id":"","pthumb":"","color":""},{"label":"37 1\/3","value":"EU 37 1\/3","price":"","pimage":"","pimage_id":"","pthumb":"","color":""},{"label":"38","value":"EU 38","price":"","pimage":"","pimage_id":"","pthumb":"","color":""},{"label":"38 2\/3","value":"EU 38 2\/3","price":"","pimage":"","pimage_id":"","pthumb":"","color":""},{"label":"39 1\/3","value":"EU 39 1\/3","price":"","pimage":"","pimage_id":"","pthumb":"","color":""},{"label":"40","value":"EU 40","price":"","pimage":"","pimage_id":"","pthumb":"","color":""},{"label":"40 2\/3","value":"EU 40 2\/3","price":"","pimage":"","pimage_id":"","pthumb":"","color":""},{"label":"41 1\/3","value":"EU 41 1\/3","price":"","pimage":"","pimage_id":"","pthumb":"","color":""},{"label":"42","value":"EU 42","price":"","pimage":"","pimage_id":"","pthumb":"","color":""},{"label":"42 2\/3","value":"EU 42 2\/3","price":"","pimage":"","pimage_id":"","pthumb":"","color":""},{"label":"43 1\/3","value":"EU 43 1\/3","price":"","pimage":"","pimage_id":"","pthumb":"","color":""},{"label":"44","value":"EU 44","price":"","pimage":"","pimage_id":"","pthumb":"","color":""},{"label":"44 2\/3","value":"EU 44 2\/3","price":"","pimage":"","pimage_id":"","pthumb":"","color":""},{"label":"45 1\/3","value":"EU 45 1\/3","price":"","pimage":"","pimage_id":"","pthumb":"","color":""},{"label":"46","value":"EU 46","price":"","pimage":"","pimage_id":"","pthumb":"","color":""},{"label":"46 2\/3","value":"EU 46 2\/3","price":"","pimage":"","pimage_id":"","pthumb":"","color":""},{"label":"47 1\/3","value":"EU 47 1\/3","price":"","pimage":"","pimage_id":"","pthumb":"","color":""}],"relations":[{"operator":false,"rules":[]}],"form_id":24802,"form_rules":{"pric_cal_option_once":false,"exclude_from_discount":false,"pric_use_as_fee":false,"fee_label":"Fee","render_after_acb":false,"disp_hide_options_price":false}}]},"yoast_head":"<!-- This site is optimized with the Yoast SEO plugin v26.5 - https:\/\/yoast.com\/wordpress\/plugins\/seo\/ -->\n<title>(Women) Karlie Kloss x adidas Trainer XX92 &#039;Black White Gum&#039;  - Tourcruiser PTE. LTD<\/title>\n<meta name=\"robots\" content=\"index, follow, max-snippet:-1, max-image-preview:large, max-video-preview:-1\" \/>\n<link rel=\"canonical\" href=\"https:\/\/tourcruiser.com\/de\/products\/women-karlie-kloss-x-adidas-trainer-xx92-black-white-gum\/\" \/>\n<meta property=\"og:locale\" content=\"de_DE\" \/>\n<meta property=\"og:type\" content=\"article\" \/>\n<meta property=\"og:title\" content=\"(Women) Karlie Kloss x adidas Trainer XX92 &#039;Black White Gum&#039;  - Tourcruiser PTE. LTD\" \/>\n<meta property=\"og:description\" content=\"adidas Trainer XX92 \u201d\u201d Core Black\/Core Black\/Cloud White\" \/>\n<meta property=\"og:url\" content=\"https:\/\/tourcruiser.com\/de\/products\/women-karlie-kloss-x-adidas-trainer-xx92-black-white-gum\/\" \/>\n<meta property=\"og:site_name\" content=\"Tourcruiser Sneaker Store\" \/>\n<meta property=\"article:modified_time\" content=\"2026-03-27T18:32:23+00:00\" \/>\n<meta name=\"twitter:card\" content=\"summary_large_image\" \/>\n<meta name=\"twitter:image\" content=\"https:\/\/images.novelship.com\/product\/_women__karlie_kloss_x_adidas_trainer_xx92__black__0_80442.jpeg;https:\/\/images.novelship.com\/product\/_women__karlie_kloss_x_adidas_trainer_xx92__black__1_80442.jpeg;https:\/\/images.novelship.com\/product\/_women__karlie_kloss_x_adidas_trainer_xx92__black__2_80442.jpeg;https:\/\/images.novelship.com\/product\/_women__karlie_kloss_x_adidas_trainer_xx92__black__3_80442.jpeg;https:\/\/images.novelship.com\/product\/_women__karlie_kloss_x_adidas_trainer_xx92__black__4_80442.jpeg\" \/>\n<meta name=\"twitter:label1\" content=\"Gesch\u00e4tzte Lesezeit\" \/>\n\t<meta name=\"twitter:data1\" content=\"1\u00a0Minute\" \/>\n<script type=\"application\/ld+json\" class=\"yoast-schema-graph\">{\"@context\":\"https:\/\/schema.org\",\"@graph\":[{\"@type\":\"WebPage\",\"@id\":\"https:\/\/tourcruiser.com\/de\/products\/women-karlie-kloss-x-adidas-trainer-xx92-black-white-gum\/\",\"url\":\"https:\/\/tourcruiser.com\/de\/products\/women-karlie-kloss-x-adidas-trainer-xx92-black-white-gum\/\",\"name\":\"(Women) Karlie Kloss x adidas Trainer XX92 'Black White Gum' - Tourcruiser PTE. LTD\",\"isPartOf\":{\"@id\":\"https:\/\/tourcruiser.com\/de\/#website\"},\"primaryImageOfPage\":{\"@id\":\"https:\/\/tourcruiser.com\/de\/products\/women-karlie-kloss-x-adidas-trainer-xx92-black-white-gum\/#primaryimage\"},\"image\":{\"@id\":\"https:\/\/tourcruiser.com\/de\/products\/women-karlie-kloss-x-adidas-trainer-xx92-black-white-gum\/#primaryimage\"},\"thumbnailUrl\":\"https:\/\/images.novelship.com\/product\/_women__karlie_kloss_x_adidas_trainer_xx92__black__0_80442.jpeg;https:\/\/images.novelship.com\/product\/_women__karlie_kloss_x_adidas_trainer_xx92__black__1_80442.jpeg;https:\/\/images.novelship.com\/product\/_women__karlie_kloss_x_adidas_trainer_xx92__black__2_80442.jpeg;https:\/\/images.novelship.com\/product\/_women__karlie_kloss_x_adidas_trainer_xx92__black__3_80442.jpeg;https:\/\/images.novelship.com\/product\/_women__karlie_kloss_x_adidas_trainer_xx92__black__4_80442.jpeg\",\"datePublished\":\"2026-03-02T09:10:58+00:00\",\"dateModified\":\"2026-03-27T18:32:23+00:00\",\"breadcrumb\":{\"@id\":\"https:\/\/tourcruiser.com\/de\/products\/women-karlie-kloss-x-adidas-trainer-xx92-black-white-gum\/#breadcrumb\"},\"inLanguage\":\"de\",\"potentialAction\":[{\"@type\":\"ReadAction\",\"target\":[\"https:\/\/tourcruiser.com\/de\/products\/women-karlie-kloss-x-adidas-trainer-xx92-black-white-gum\/\"]}]},{\"@type\":\"ImageObject\",\"inLanguage\":\"de\",\"@id\":\"https:\/\/tourcruiser.com\/de\/products\/women-karlie-kloss-x-adidas-trainer-xx92-black-white-gum\/#primaryimage\",\"url\":\"https:\/\/images.novelship.com\/product\/_women__karlie_kloss_x_adidas_trainer_xx92__black__0_80442.jpeg;https:\/\/images.novelship.com\/product\/_women__karlie_kloss_x_adidas_trainer_xx92__black__1_80442.jpeg;https:\/\/images.novelship.com\/product\/_women__karlie_kloss_x_adidas_trainer_xx92__black__2_80442.jpeg;https:\/\/images.novelship.com\/product\/_women__karlie_kloss_x_adidas_trainer_xx92__black__3_80442.jpeg;https:\/\/images.novelship.com\/product\/_women__karlie_kloss_x_adidas_trainer_xx92__black__4_80442.jpeg\",\"contentUrl\":\"https:\/\/images.novelship.com\/product\/_women__karlie_kloss_x_adidas_trainer_xx92__black__0_80442.jpeg;https:\/\/images.novelship.com\/product\/_women__karlie_kloss_x_adidas_trainer_xx92__black__1_80442.jpeg;https:\/\/images.novelship.com\/product\/_women__karlie_kloss_x_adidas_trainer_xx92__black__2_80442.jpeg;https:\/\/images.novelship.com\/product\/_women__karlie_kloss_x_adidas_trainer_xx92__black__3_80442.jpeg;https:\/\/images.novelship.com\/product\/_women__karlie_kloss_x_adidas_trainer_xx92__black__4_80442.jpeg\"},{\"@type\":\"BreadcrumbList\",\"@id\":\"https:\/\/tourcruiser.com\/de\/products\/women-karlie-kloss-x-adidas-trainer-xx92-black-white-gum\/#breadcrumb\",\"itemListElement\":[{\"@type\":\"ListItem\",\"position\":1,\"name\":\"Home\",\"item\":\"https:\/\/tourcruiser.com\/de\/\"},{\"@type\":\"ListItem\",\"position\":2,\"name\":\"Shop\",\"item\":\"https:\/\/tourcruiser.com\/de\/shop\/\"},{\"@type\":\"ListItem\",\"position\":3,\"name\":\"(Women) Karlie Kloss x adidas Trainer XX92 'Black White Gum'\"}]},{\"@type\":\"WebSite\",\"@id\":\"https:\/\/tourcruiser.com\/de\/#website\",\"url\":\"https:\/\/tourcruiser.com\/de\/\",\"name\":\"Styloral Jewelry Shop\",\"description\":\"Tourcruiser Sneaker Store \u2014 der Ort, an dem das Universum deine Einzigartigkeit trifft.\",\"publisher\":{\"@id\":\"https:\/\/tourcruiser.com\/de\/#organization\"},\"potentialAction\":[{\"@type\":\"SearchAction\",\"target\":{\"@type\":\"EntryPoint\",\"urlTemplate\":\"https:\/\/tourcruiser.com\/de\/?s={search_term_string}\"},\"query-input\":{\"@type\":\"PropertyValueSpecification\",\"valueRequired\":true,\"valueName\":\"search_term_string\"}}],\"inLanguage\":\"de\"},{\"@type\":\"Organization\",\"@id\":\"https:\/\/tourcruiser.com\/de\/#organization\",\"name\":\"STYLORAL PTE. LTD\",\"url\":\"https:\/\/tourcruiser.com\/de\/\",\"logo\":{\"@type\":\"ImageObject\",\"inLanguage\":\"de\",\"@id\":\"https:\/\/tourcruiser.com\/de\/#\/schema\/logo\/image\/\",\"url\":\"https:\/\/www.tourcruiser.com\/wp-content\/uploads\/2025\/12\/logo.png\",\"contentUrl\":\"https:\/\/www.tourcruiser.com\/wp-content\/uploads\/2025\/12\/logo.png\",\"width\":200,\"height\":65,\"caption\":\"STYLORAL PTE. LTD\"},\"image\":{\"@id\":\"https:\/\/tourcruiser.com\/de\/#\/schema\/logo\/image\/\"}}]}<\/script>\n<!-- \/ Yoast SEO plugin. -->","yoast_head_json":{"title":"(Women) Karlie Kloss x adidas Trainer XX92 'Black White Gum'  - Tourcruiser PTE. LTD","robots":{"index":"index","follow":"follow","max-snippet":"max-snippet:-1","max-image-preview":"max-image-preview:large","max-video-preview":"max-video-preview:-1"},"canonical":"https:\/\/tourcruiser.com\/de\/products\/women-karlie-kloss-x-adidas-trainer-xx92-black-white-gum\/","og_locale":"de_DE","og_type":"article","og_title":"(Women) Karlie Kloss x adidas Trainer XX92 'Black White Gum'  - Tourcruiser PTE. LTD","og_description":"adidas Trainer XX92 \u201d\u201d Core Black\/Core Black\/Cloud White","og_url":"https:\/\/tourcruiser.com\/de\/products\/women-karlie-kloss-x-adidas-trainer-xx92-black-white-gum\/","og_site_name":"Tourcruiser Sneaker Store","article_modified_time":"2026-03-27T18:32:23+00:00","twitter_card":"summary_large_image","twitter_image":"https:\/\/images.novelship.com\/product\/_women__karlie_kloss_x_adidas_trainer_xx92__black__0_80442.jpeg;https:\/\/images.novelship.com\/product\/_women__karlie_kloss_x_adidas_trainer_xx92__black__1_80442.jpeg;https:\/\/images.novelship.com\/product\/_women__karlie_kloss_x_adidas_trainer_xx92__black__2_80442.jpeg;https:\/\/images.novelship.com\/product\/_women__karlie_kloss_x_adidas_trainer_xx92__black__3_80442.jpeg;https:\/\/images.novelship.com\/product\/_women__karlie_kloss_x_adidas_trainer_xx92__black__4_80442.jpeg","twitter_misc":{"Gesch\u00e4tzte Lesezeit":"1\u00a0Minute"},"schema":{"@context":"https:\/\/schema.org","@graph":[{"@type":"WebPage","@id":"https:\/\/tourcruiser.com\/de\/products\/women-karlie-kloss-x-adidas-trainer-xx92-black-white-gum\/","url":"https:\/\/tourcruiser.com\/de\/products\/women-karlie-kloss-x-adidas-trainer-xx92-black-white-gum\/","name":"(Women) Karlie Kloss x adidas Trainer XX92 'Black White Gum' - Tourcruiser PTE. LTD","isPartOf":{"@id":"https:\/\/tourcruiser.com\/de\/#website"},"primaryImageOfPage":{"@id":"https:\/\/tourcruiser.com\/de\/products\/women-karlie-kloss-x-adidas-trainer-xx92-black-white-gum\/#primaryimage"},"image":{"@id":"https:\/\/tourcruiser.com\/de\/products\/women-karlie-kloss-x-adidas-trainer-xx92-black-white-gum\/#primaryimage"},"thumbnailUrl":"https:\/\/images.novelship.com\/product\/_women__karlie_kloss_x_adidas_trainer_xx92__black__0_80442.jpeg;https:\/\/images.novelship.com\/product\/_women__karlie_kloss_x_adidas_trainer_xx92__black__1_80442.jpeg;https:\/\/images.novelship.com\/product\/_women__karlie_kloss_x_adidas_trainer_xx92__black__2_80442.jpeg;https:\/\/images.novelship.com\/product\/_women__karlie_kloss_x_adidas_trainer_xx92__black__3_80442.jpeg;https:\/\/images.novelship.com\/product\/_women__karlie_kloss_x_adidas_trainer_xx92__black__4_80442.jpeg","datePublished":"2026-03-02T09:10:58+00:00","dateModified":"2026-03-27T18:32:23+00:00","breadcrumb":{"@id":"https:\/\/tourcruiser.com\/de\/products\/women-karlie-kloss-x-adidas-trainer-xx92-black-white-gum\/#breadcrumb"},"inLanguage":"de","potentialAction":[{"@type":"ReadAction","target":["https:\/\/tourcruiser.com\/de\/products\/women-karlie-kloss-x-adidas-trainer-xx92-black-white-gum\/"]}]},{"@type":"ImageObject","inLanguage":"de","@id":"https:\/\/tourcruiser.com\/de\/products\/women-karlie-kloss-x-adidas-trainer-xx92-black-white-gum\/#primaryimage","url":"https:\/\/images.novelship.com\/product\/_women__karlie_kloss_x_adidas_trainer_xx92__black__0_80442.jpeg;https:\/\/images.novelship.com\/product\/_women__karlie_kloss_x_adidas_trainer_xx92__black__1_80442.jpeg;https:\/\/images.novelship.com\/product\/_women__karlie_kloss_x_adidas_trainer_xx92__black__2_80442.jpeg;https:\/\/images.novelship.com\/product\/_women__karlie_kloss_x_adidas_trainer_xx92__black__3_80442.jpeg;https:\/\/images.novelship.com\/product\/_women__karlie_kloss_x_adidas_trainer_xx92__black__4_80442.jpeg","contentUrl":"https:\/\/images.novelship.com\/product\/_women__karlie_kloss_x_adidas_trainer_xx92__black__0_80442.jpeg;https:\/\/images.novelship.com\/product\/_women__karlie_kloss_x_adidas_trainer_xx92__black__1_80442.jpeg;https:\/\/images.novelship.com\/product\/_women__karlie_kloss_x_adidas_trainer_xx92__black__2_80442.jpeg;https:\/\/images.novelship.com\/product\/_women__karlie_kloss_x_adidas_trainer_xx92__black__3_80442.jpeg;https:\/\/images.novelship.com\/product\/_women__karlie_kloss_x_adidas_trainer_xx92__black__4_80442.jpeg"},{"@type":"BreadcrumbList","@id":"https:\/\/tourcruiser.com\/de\/products\/women-karlie-kloss-x-adidas-trainer-xx92-black-white-gum\/#breadcrumb","itemListElement":[{"@type":"ListItem","position":1,"name":"Home","item":"https:\/\/tourcruiser.com\/de\/"},{"@type":"ListItem","position":2,"name":"Shop","item":"https:\/\/tourcruiser.com\/de\/shop\/"},{"@type":"ListItem","position":3,"name":"(Women) Karlie Kloss x adidas Trainer XX92 'Black White Gum'"}]},{"@type":"WebSite","@id":"https:\/\/tourcruiser.com\/de\/#website","url":"https:\/\/tourcruiser.com\/de\/","name":"Styloral Jewelry Shop","description":"Tourcruiser Sneaker Store \u2014 der Ort, an dem das Universum deine Einzigartigkeit trifft.","publisher":{"@id":"https:\/\/tourcruiser.com\/de\/#organization"},"potentialAction":[{"@type":"SearchAction","target":{"@type":"EntryPoint","urlTemplate":"https:\/\/tourcruiser.com\/de\/?s={search_term_string}"},"query-input":{"@type":"PropertyValueSpecification","valueRequired":true,"valueName":"search_term_string"}}],"inLanguage":"de"},{"@type":"Organization","@id":"https:\/\/tourcruiser.com\/de\/#organization","name":"STYLORAL PTE. LTD","url":"https:\/\/tourcruiser.com\/de\/","logo":{"@type":"ImageObject","inLanguage":"de","@id":"https:\/\/tourcruiser.com\/de\/#\/schema\/logo\/image\/","url":"https:\/\/www.tourcruiser.com\/wp-content\/uploads\/2025\/12\/logo.png","contentUrl":"https:\/\/www.tourcruiser.com\/wp-content\/uploads\/2025\/12\/logo.png","width":200,"height":65,"caption":"STYLORAL PTE. LTD"},"image":{"@id":"https:\/\/tourcruiser.com\/de\/#\/schema\/logo\/image\/"}}]}},"_links":{"self":[{"href":"https:\/\/tourcruiser.com\/de\/wp-json\/wp\/v2\/product\/163655","targetHints":{"allow":["GET"]}}],"collection":[{"href":"https:\/\/tourcruiser.com\/de\/wp-json\/wp\/v2\/product"}],"about":[{"href":"https:\/\/tourcruiser.com\/de\/wp-json\/wp\/v2\/types\/product"}],"replies":[{"embeddable":true,"href":"https:\/\/tourcruiser.com\/de\/wp-json\/wp\/v2\/comments?post=163655"}],"wp:featuredmedia":[{"embeddable":true,"href":"https:\/\/tourcruiser.com\/de\/wp-json\/wp\/v2\/media\/163656"}],"wp:attachment":[{"href":"https:\/\/tourcruiser.com\/de\/wp-json\/wp\/v2\/media?parent=163655"}],"wp:term":[{"taxonomy":"product_brand","embeddable":true,"href":"https:\/\/tourcruiser.com\/de\/wp-json\/wp\/v2\/product_brand?post=163655"},{"taxonomy":"product_cat","embeddable":true,"href":"https:\/\/tourcruiser.com\/de\/wp-json\/wp\/v2\/product_cat?post=163655"},{"taxonomy":"product_tag","embeddable":true,"href":"https:\/\/tourcruiser.com\/de\/wp-json\/wp\/v2\/product_tag?post=163655"}],"curies":[{"name":"wp","href":"https:\/\/api.w.org\/{rel}","templated":true}]}}