{"id":16362,"date":"2026-02-20T15:05:34","date_gmt":"2026-02-20T08:05:34","guid":{"rendered":"http:\/\/tourcruiser.com\/product\/nike-v5-rnr-n7-mars-stone-topaz-gold-fauna-brown-soft-pearl-ih8655-641"},"modified":"2026-03-28T00:26:34","modified_gmt":"2026-03-27T17:26:34","slug":"nike-v5-rnr-n7-mars-stone-topaz-gold-fauna-brown-soft-pearl-ih8655-641","status":"publish","type":"product","link":"https:\/\/tourcruiser.com\/de\/products\/nike-v5-rnr-n7-mars-stone-topaz-gold-fauna-brown-soft-pearl-ih8655-641\/","title":{"rendered":"Nike V5 RNR N7 &#8218;Mars Stone Topaz Gold&#8216;"},"content":{"rendered":"<p>Mit dem Nike V5 RNR Mars Stone IH8655-641, einem eleganten und innovativen Schuh, der Komfort, Strapazierf\u00e4higkeit und Style vereint, bist du bestens f\u00fcr die Stra\u00dfe oder das Fitnessstudio ger\u00fcstet. Die einzigartige Mars Stone-Farbgebung sorgt f\u00fcr die perfekte Balance zwischen moderner \u00c4sthetik und funktionaler Performance und macht den Schuh zum idealen Begleiter f\u00fcr Freizeit und intensive Aktivit\u00e4ten. Das Obermaterial aus hochwertigen Materialien bietet atmungsaktiven Halt und einen unverwechselbaren Look. Die ged\u00e4mpfte Mittelsohle garantiert optimale Energier\u00fcckgabe und ganzt\u00e4gigen Tragekomfort, w\u00e4hrend die strapazierf\u00e4hige Au\u00dfensohle hervorragende Traktion auf verschiedenen Untergr\u00fcnden bietet. Der Nike V5 RNR Mars Stone wurde mit viel Liebe zum Detail designt und spricht unterschiedliche Lifestyle-Ziele an \u2013 von Fitnessbegeisterten bis hin zu modebewussten Menschen, die ihrer Schuhsammlung einen Hauch von Raffinesse verleihen m\u00f6chten. Sein leichtes Design sorgt f\u00fcr Flexibilit\u00e4t und Bewegungsfreiheit und bietet gleichzeitig eine optimale Passform f\u00fcr maximale Performance. Egal, ob du dein Workout durchziehst oder einfach die Stadt erkundest, der Nike V5 RNR Mars Stone ist der perfekte Begleiter f\u00fcr zuverl\u00e4ssige, stylische und funktionelle Schuhe. Erlebe ein neues Level an Performance mit der perfekten Kombination aus Innovation und \u00c4sthetik, die nur Nike mit seiner langj\u00e4hrigen Erfahrung in diesem Bereich bieten kann.<\/p>\n<ul>\n<li><strong>Farbgebung:<\/strong> Mars Stone\/Topaz Gold\/Fauna Brown\/Soft Pearl<\/li>\n<li><strong>Style-Code:<\/strong> IH8655-641<\/li>\n<li><strong>Obermaterial:<\/strong> Mesh<\/li>\n<li><strong>Farbe:<\/strong> Rot<\/li>\n<li><strong>Erscheinungsjahr:<\/strong> 2025<\/li>\n<\/ul>\n","protected":false},"excerpt":{"rendered":"<p>Nike V5 RNR \u2014 Mars Stone\/Topaz Gold\/Fauna Brown\/Soft Pearl<\/p>\n","protected":false},"featured_media":16363,"comment_status":"open","ping_status":"closed","template":"","meta":[],"product_brand":[],"product_cat":[6654],"product_tag":[],"class_list":{"0":"post-16362","1":"product","2":"type-product","3":"status-publish","4":"has-post-thumbnail","6":"product_cat-nike-2026","7":"wcpa_has_options","9":"first","10":"outofstock","11":"taxable","12":"shipping-taxable","13":"purchasable","14":"product-type-simple"},"wcpa_form_fields":{"rules":{"pric_overide_base_price":false,"pric_overide_base_price_if_gt_zero":false,"pric_overide_base_price_fully":false,"pric_cal_option_once":false,"pric_use_as_fee":false,"bind_quantity":false,"quantity_bind_formula":false},"fields":[{"type":"color-group","required":true,"elementId":"wcpa-color-group-66c4a75505e74","label":"Gr\u00f6\u00dfe - EU Gr\u00f6\u00dfe","inline":true,"priceOptions":"different_for_all","pricingType":"fixed","className":"hassizechart product-shoes-size-eu product-shoes-size","name":"color-group-66c4a75505e89","disp_type":"square","selection_type":"tick-border","disp_size":"44","show_label_inside":true,"adjust_width":true,"cart_display_type":"text","other_text":"Other","cl_rule":"show","col":6,"values":[{"label":"35.5","value":"EU 35.5","price":"","pimage":"","pimage_id":"","pthumb":"","color":""},{"label":"36","value":"EU 36","price":"","pimage":"","pimage_id":"","pthumb":"","color":"","selected":true},{"label":"36.5","value":"EU 36.5","price":"","pimage":"","pimage_id":"","pthumb":"","color":""},{"label":"37.5","value":"EU 37.5","price":"","pimage":"","pimage_id":"","pthumb":"","color":""},{"label":"38","value":"EU 38","price":"","pimage":"","pimage_id":"","pthumb":"","color":""},{"label":"38.5","value":"EU 38.5","price":"","pimage":"","pimage_id":"","pthumb":"","color":""},{"label":"39","value":"EU 39","price":"","pimage":"","pimage_id":"","pthumb":"","color":""},{"label":"40","value":"EU 40","price":"","pimage":"","pimage_id":"","pthumb":"","color":""},{"label":"40.5","value":"EU 40.5","price":"","pimage":"","pimage_id":"","pthumb":"","color":""},{"label":"41","value":"EU 41","price":"","pimage":"","pimage_id":"","pthumb":"","color":""},{"label":"42","value":"EU 42","price":"","pimage":"","pimage_id":"","pthumb":"","color":""},{"label":"42.5","value":"EU 42.5","price":"","pimage":"","pimage_id":"","pthumb":"","color":""},{"label":"43","value":"EU 43","price":"","pimage":"","pimage_id":"","pthumb":"","color":""},{"label":"44","value":"EU 44","price":"","pimage":"","pimage_id":"","pthumb":"","color":""},{"label":"44.5","value":"EU 44.5","price":"","pimage":"","pimage_id":"","pthumb":"","color":""},{"label":"45","value":"EU 45","price":"","pimage":"","pimage_id":"","pthumb":"","color":""},{"label":"45.5","value":"EU 45.5","price":"","pimage":"","pimage_id":"","pthumb":"","color":""},{"label":"46","value":"EU 46","price":"","pimage":"","pimage_id":"","pthumb":"","color":""},{"label":"47","value":"EU 47","price":"","pimage":"","pimage_id":"","pthumb":"","color":""},{"label":"47.5","value":"EU 47.5","price":"","pimage":"","pimage_id":"","pthumb":"","color":""},{"label":"48","value":"EU 48","price":"","pimage":"","pimage_id":"","pthumb":"","color":""}],"relations":[{"operator":false,"rules":[]}],"form_id":18106,"form_rules":{"pric_cal_option_once":false,"exclude_from_discount":false,"pric_use_as_fee":false,"fee_label":"Fee","render_after_acb":false,"disp_hide_options_price":false}}]},"yoast_head":"<!-- This site is optimized with the Yoast SEO plugin v26.5 - https:\/\/yoast.com\/wordpress\/plugins\/seo\/ -->\n<title>Nike V5 RNR N7 &#039;Mars Stone Topaz Gold&#039; - Tourcruiser PTE. LTD<\/title>\n<meta name=\"robots\" content=\"index, follow, max-snippet:-1, max-image-preview:large, max-video-preview:-1\" \/>\n<link rel=\"canonical\" href=\"https:\/\/tourcruiser.com\/de\/products\/nike-v5-rnr-n7-mars-stone-topaz-gold-fauna-brown-soft-pearl-ih8655-641\/\" \/>\n<meta property=\"og:locale\" content=\"de_DE\" \/>\n<meta property=\"og:type\" content=\"article\" \/>\n<meta property=\"og:title\" content=\"Nike V5 RNR N7 &#039;Mars Stone Topaz Gold&#039; - Tourcruiser PTE. LTD\" \/>\n<meta property=\"og:description\" content=\"Nike V5 RNR \u2014 Mars Stone\/Topaz Gold\/Fauna Brown\/Soft Pearl\" \/>\n<meta property=\"og:url\" content=\"https:\/\/tourcruiser.com\/de\/products\/nike-v5-rnr-n7-mars-stone-topaz-gold-fauna-brown-soft-pearl-ih8655-641\/\" \/>\n<meta property=\"og:site_name\" content=\"Tourcruiser Sneaker Store\" \/>\n<meta property=\"article:modified_time\" content=\"2026-03-27T17:26:34+00:00\" \/>\n<meta name=\"twitter:card\" content=\"summary_large_image\" \/>\n<meta name=\"twitter:image\" content=\"https:\/\/images.novelship.com\/product\/nike_v5_rnr_mars_stone_ih8655-641_0_57800.jpeg\" \/>\n<meta name=\"twitter:label1\" content=\"Gesch\u00e4tzte Lesezeit\" \/>\n\t<meta name=\"twitter:data1\" content=\"1\u00a0Minute\" \/>\n<script type=\"application\/ld+json\" class=\"yoast-schema-graph\">{\"@context\":\"https:\/\/schema.org\",\"@graph\":[{\"@type\":\"WebPage\",\"@id\":\"https:\/\/tourcruiser.com\/de\/products\/nike-v5-rnr-n7-mars-stone-topaz-gold-fauna-brown-soft-pearl-ih8655-641\/\",\"url\":\"https:\/\/tourcruiser.com\/de\/products\/nike-v5-rnr-n7-mars-stone-topaz-gold-fauna-brown-soft-pearl-ih8655-641\/\",\"name\":\"Nike V5 RNR N7 'Mars Stone Topaz Gold' - Tourcruiser PTE. LTD\",\"isPartOf\":{\"@id\":\"https:\/\/tourcruiser.com\/de\/#website\"},\"primaryImageOfPage\":{\"@id\":\"https:\/\/tourcruiser.com\/de\/products\/nike-v5-rnr-n7-mars-stone-topaz-gold-fauna-brown-soft-pearl-ih8655-641\/#primaryimage\"},\"image\":{\"@id\":\"https:\/\/tourcruiser.com\/de\/products\/nike-v5-rnr-n7-mars-stone-topaz-gold-fauna-brown-soft-pearl-ih8655-641\/#primaryimage\"},\"thumbnailUrl\":\"https:\/\/images.novelship.com\/product\/nike_v5_rnr_mars_stone_ih8655-641_0_57800.jpeg\",\"datePublished\":\"2026-02-20T08:05:34+00:00\",\"dateModified\":\"2026-03-27T17:26:34+00:00\",\"breadcrumb\":{\"@id\":\"https:\/\/tourcruiser.com\/de\/products\/nike-v5-rnr-n7-mars-stone-topaz-gold-fauna-brown-soft-pearl-ih8655-641\/#breadcrumb\"},\"inLanguage\":\"de\",\"potentialAction\":[{\"@type\":\"ReadAction\",\"target\":[\"https:\/\/tourcruiser.com\/de\/products\/nike-v5-rnr-n7-mars-stone-topaz-gold-fauna-brown-soft-pearl-ih8655-641\/\"]}]},{\"@type\":\"ImageObject\",\"inLanguage\":\"de\",\"@id\":\"https:\/\/tourcruiser.com\/de\/products\/nike-v5-rnr-n7-mars-stone-topaz-gold-fauna-brown-soft-pearl-ih8655-641\/#primaryimage\",\"url\":\"https:\/\/images.novelship.com\/product\/nike_v5_rnr_mars_stone_ih8655-641_0_57800.jpeg\",\"contentUrl\":\"https:\/\/images.novelship.com\/product\/nike_v5_rnr_mars_stone_ih8655-641_0_57800.jpeg\"},{\"@type\":\"BreadcrumbList\",\"@id\":\"https:\/\/tourcruiser.com\/de\/products\/nike-v5-rnr-n7-mars-stone-topaz-gold-fauna-brown-soft-pearl-ih8655-641\/#breadcrumb\",\"itemListElement\":[{\"@type\":\"ListItem\",\"position\":1,\"name\":\"Home\",\"item\":\"https:\/\/tourcruiser.com\/de\/\"},{\"@type\":\"ListItem\",\"position\":2,\"name\":\"Shop\",\"item\":\"https:\/\/tourcruiser.com\/de\/shop\/\"},{\"@type\":\"ListItem\",\"position\":3,\"name\":\"Nike V5 RNR N7 'Mars Stone Topaz Gold'\"}]},{\"@type\":\"WebSite\",\"@id\":\"https:\/\/tourcruiser.com\/de\/#website\",\"url\":\"https:\/\/tourcruiser.com\/de\/\",\"name\":\"Styloral Jewelry Shop\",\"description\":\"Tourcruiser Sneaker Store \u2014 der Ort, an dem das Universum deine Einzigartigkeit trifft.\",\"publisher\":{\"@id\":\"https:\/\/tourcruiser.com\/de\/#organization\"},\"potentialAction\":[{\"@type\":\"SearchAction\",\"target\":{\"@type\":\"EntryPoint\",\"urlTemplate\":\"https:\/\/tourcruiser.com\/de\/?s={search_term_string}\"},\"query-input\":{\"@type\":\"PropertyValueSpecification\",\"valueRequired\":true,\"valueName\":\"search_term_string\"}}],\"inLanguage\":\"de\"},{\"@type\":\"Organization\",\"@id\":\"https:\/\/tourcruiser.com\/de\/#organization\",\"name\":\"STYLORAL PTE. LTD\",\"url\":\"https:\/\/tourcruiser.com\/de\/\",\"logo\":{\"@type\":\"ImageObject\",\"inLanguage\":\"de\",\"@id\":\"https:\/\/tourcruiser.com\/de\/#\/schema\/logo\/image\/\",\"url\":\"https:\/\/www.tourcruiser.com\/wp-content\/uploads\/2025\/12\/logo.png\",\"contentUrl\":\"https:\/\/www.tourcruiser.com\/wp-content\/uploads\/2025\/12\/logo.png\",\"width\":200,\"height\":65,\"caption\":\"STYLORAL PTE. LTD\"},\"image\":{\"@id\":\"https:\/\/tourcruiser.com\/de\/#\/schema\/logo\/image\/\"}}]}<\/script>\n<!-- \/ Yoast SEO plugin. -->","yoast_head_json":{"title":"Nike V5 RNR N7 'Mars Stone Topaz Gold' - Tourcruiser PTE. LTD","robots":{"index":"index","follow":"follow","max-snippet":"max-snippet:-1","max-image-preview":"max-image-preview:large","max-video-preview":"max-video-preview:-1"},"canonical":"https:\/\/tourcruiser.com\/de\/products\/nike-v5-rnr-n7-mars-stone-topaz-gold-fauna-brown-soft-pearl-ih8655-641\/","og_locale":"de_DE","og_type":"article","og_title":"Nike V5 RNR N7 'Mars Stone Topaz Gold' - Tourcruiser PTE. LTD","og_description":"Nike V5 RNR \u2014 Mars Stone\/Topaz Gold\/Fauna Brown\/Soft Pearl","og_url":"https:\/\/tourcruiser.com\/de\/products\/nike-v5-rnr-n7-mars-stone-topaz-gold-fauna-brown-soft-pearl-ih8655-641\/","og_site_name":"Tourcruiser Sneaker Store","article_modified_time":"2026-03-27T17:26:34+00:00","twitter_card":"summary_large_image","twitter_image":"https:\/\/images.novelship.com\/product\/nike_v5_rnr_mars_stone_ih8655-641_0_57800.jpeg","twitter_misc":{"Gesch\u00e4tzte Lesezeit":"1\u00a0Minute"},"schema":{"@context":"https:\/\/schema.org","@graph":[{"@type":"WebPage","@id":"https:\/\/tourcruiser.com\/de\/products\/nike-v5-rnr-n7-mars-stone-topaz-gold-fauna-brown-soft-pearl-ih8655-641\/","url":"https:\/\/tourcruiser.com\/de\/products\/nike-v5-rnr-n7-mars-stone-topaz-gold-fauna-brown-soft-pearl-ih8655-641\/","name":"Nike V5 RNR N7 'Mars Stone Topaz Gold' - Tourcruiser PTE. LTD","isPartOf":{"@id":"https:\/\/tourcruiser.com\/de\/#website"},"primaryImageOfPage":{"@id":"https:\/\/tourcruiser.com\/de\/products\/nike-v5-rnr-n7-mars-stone-topaz-gold-fauna-brown-soft-pearl-ih8655-641\/#primaryimage"},"image":{"@id":"https:\/\/tourcruiser.com\/de\/products\/nike-v5-rnr-n7-mars-stone-topaz-gold-fauna-brown-soft-pearl-ih8655-641\/#primaryimage"},"thumbnailUrl":"https:\/\/images.novelship.com\/product\/nike_v5_rnr_mars_stone_ih8655-641_0_57800.jpeg","datePublished":"2026-02-20T08:05:34+00:00","dateModified":"2026-03-27T17:26:34+00:00","breadcrumb":{"@id":"https:\/\/tourcruiser.com\/de\/products\/nike-v5-rnr-n7-mars-stone-topaz-gold-fauna-brown-soft-pearl-ih8655-641\/#breadcrumb"},"inLanguage":"de","potentialAction":[{"@type":"ReadAction","target":["https:\/\/tourcruiser.com\/de\/products\/nike-v5-rnr-n7-mars-stone-topaz-gold-fauna-brown-soft-pearl-ih8655-641\/"]}]},{"@type":"ImageObject","inLanguage":"de","@id":"https:\/\/tourcruiser.com\/de\/products\/nike-v5-rnr-n7-mars-stone-topaz-gold-fauna-brown-soft-pearl-ih8655-641\/#primaryimage","url":"https:\/\/images.novelship.com\/product\/nike_v5_rnr_mars_stone_ih8655-641_0_57800.jpeg","contentUrl":"https:\/\/images.novelship.com\/product\/nike_v5_rnr_mars_stone_ih8655-641_0_57800.jpeg"},{"@type":"BreadcrumbList","@id":"https:\/\/tourcruiser.com\/de\/products\/nike-v5-rnr-n7-mars-stone-topaz-gold-fauna-brown-soft-pearl-ih8655-641\/#breadcrumb","itemListElement":[{"@type":"ListItem","position":1,"name":"Home","item":"https:\/\/tourcruiser.com\/de\/"},{"@type":"ListItem","position":2,"name":"Shop","item":"https:\/\/tourcruiser.com\/de\/shop\/"},{"@type":"ListItem","position":3,"name":"Nike V5 RNR N7 'Mars Stone Topaz Gold'"}]},{"@type":"WebSite","@id":"https:\/\/tourcruiser.com\/de\/#website","url":"https:\/\/tourcruiser.com\/de\/","name":"Styloral Jewelry Shop","description":"Tourcruiser Sneaker Store \u2014 der Ort, an dem das Universum deine Einzigartigkeit trifft.","publisher":{"@id":"https:\/\/tourcruiser.com\/de\/#organization"},"potentialAction":[{"@type":"SearchAction","target":{"@type":"EntryPoint","urlTemplate":"https:\/\/tourcruiser.com\/de\/?s={search_term_string}"},"query-input":{"@type":"PropertyValueSpecification","valueRequired":true,"valueName":"search_term_string"}}],"inLanguage":"de"},{"@type":"Organization","@id":"https:\/\/tourcruiser.com\/de\/#organization","name":"STYLORAL PTE. LTD","url":"https:\/\/tourcruiser.com\/de\/","logo":{"@type":"ImageObject","inLanguage":"de","@id":"https:\/\/tourcruiser.com\/de\/#\/schema\/logo\/image\/","url":"https:\/\/www.tourcruiser.com\/wp-content\/uploads\/2025\/12\/logo.png","contentUrl":"https:\/\/www.tourcruiser.com\/wp-content\/uploads\/2025\/12\/logo.png","width":200,"height":65,"caption":"STYLORAL PTE. LTD"},"image":{"@id":"https:\/\/tourcruiser.com\/de\/#\/schema\/logo\/image\/"}}]}},"_links":{"self":[{"href":"https:\/\/tourcruiser.com\/de\/wp-json\/wp\/v2\/product\/16362","targetHints":{"allow":["GET"]}}],"collection":[{"href":"https:\/\/tourcruiser.com\/de\/wp-json\/wp\/v2\/product"}],"about":[{"href":"https:\/\/tourcruiser.com\/de\/wp-json\/wp\/v2\/types\/product"}],"replies":[{"embeddable":true,"href":"https:\/\/tourcruiser.com\/de\/wp-json\/wp\/v2\/comments?post=16362"}],"wp:featuredmedia":[{"embeddable":true,"href":"https:\/\/tourcruiser.com\/de\/wp-json\/wp\/v2\/media\/16363"}],"wp:attachment":[{"href":"https:\/\/tourcruiser.com\/de\/wp-json\/wp\/v2\/media?parent=16362"}],"wp:term":[{"taxonomy":"product_brand","embeddable":true,"href":"https:\/\/tourcruiser.com\/de\/wp-json\/wp\/v2\/product_brand?post=16362"},{"taxonomy":"product_cat","embeddable":true,"href":"https:\/\/tourcruiser.com\/de\/wp-json\/wp\/v2\/product_cat?post=16362"},{"taxonomy":"product_tag","embeddable":true,"href":"https:\/\/tourcruiser.com\/de\/wp-json\/wp\/v2\/product_tag?post=16362"}],"curies":[{"name":"wp","href":"https:\/\/api.w.org\/{rel}","templated":true}]}}