{"id":163379,"date":"2026-03-02T16:10:32","date_gmt":"2026-03-02T09:10:32","guid":{"rendered":"http:\/\/tourcruiser.com\/product\/adidas-superstar-sl-72-retro-sneakers"},"modified":"2026-03-28T01:32:13","modified_gmt":"2026-03-27T18:32:13","slug":"adidas-superstar-sl-72-retro-sneakers","status":"publish","type":"product","link":"https:\/\/tourcruiser.com\/de\/products\/adidas-superstar-sl-72-retro-sneakers\/","title":{"rendered":"Adidas Superstar SL 72 Retro Sneakers"},"content":{"rendered":"<p>Erleben Sie zeitlosen Stil und unvergleichlichen Komfort mit den Adidas Superstar SL 72 Retro Sneakers JQ3500 \u201d\u201c die perfekte Kombination aus Vintage-Design und moderner Performance. Diese legend\u00e4ren Sneaker, inspiriert vom ber\u00fchmten Adidas SL 72, bestechen durch ihre elegante Retro-\u00c4sthetik und strapazierf\u00e4hige Materialien f\u00fcr den Alltag. Das leichte Textilobermaterial mit hochwertigen Wildleder-Overlays bietet atmungsaktiven Halt, ohne Kompromisse beim Style einzugehen. Die gepolsterte Zwischensohle sorgt f\u00fcr langanhaltenden Tragekomfort, w\u00e4hrend die griffige Gummiau\u00dfensohle hervorragende Traktion auf jedem Untergrund bietet. Ob f\u00fcr l\u00e4ssige Ausfl\u00fcge oder trendige Streetwear \u201d\u201c das zeitlose 3-Streifen-Design und das charakteristische Branding setzen ein klares Statement. Die Adidas Superstar SL 72 Retro Sneakers JQ3500 vereinen Retro-Vibes und moderne Funktionalit\u00e4t und sind damit eine vielseitige Erg\u00e4nzung f\u00fcr deine Schuhsammlung.<\/p>\n<ul>\n<li><strong>Farbgebung:<\/strong> Collegiate Navy\/Cloud White\/Almost Yellow<\/li>\n<li><strong>Artikelnummer:<\/strong> JQ3500<\/li>\n<li><strong>Obermaterial:<\/strong> Nylon<\/li>\n<li><strong>Farbe:<\/strong> Navy<\/li>\n<\/ul>\n","protected":false},"excerpt":{"rendered":"<p>adidas Superstar SL 72 Retro \u201d\u201d Collegiate Navy\/Cloud White\/Almost Yellow<\/p>\n","protected":false},"featured_media":163380,"comment_status":"open","ping_status":"closed","template":"","meta":[],"product_brand":[],"product_cat":[10760],"product_tag":[10917],"class_list":{"0":"post-163379","1":"product","2":"type-product","3":"status-publish","4":"has-post-thumbnail","6":"product_cat-adidas","7":"product_tag-small-130-usd","8":"wcpa_has_options","10":"first","11":"outofstock","12":"taxable","13":"shipping-taxable","14":"purchasable","15":"product-type-simple"},"wcpa_form_fields":{"rules":{"pric_overide_base_price":false,"pric_overide_base_price_if_gt_zero":false,"pric_overide_base_price_fully":false,"pric_cal_option_once":false,"pric_use_as_fee":false,"bind_quantity":false,"quantity_bind_formula":false},"fields":[{"type":"color-group","required":true,"elementId":"wcpa-color-group-66c4a7f817afe","label":"Gr\u00f6\u00dfe","inline":true,"priceOptions":"different_for_all","pricingType":"fixed","className":"hassizechart product-shoes-size-eu product-shoes-size","name":"color-group-66c4a7f817b18","disp_type":"square","selection_type":"tick-border","disp_size":"50","show_label_inside":true,"adjust_width":true,"cart_display_type":"text","other_text":"Other","cl_rule":"show","col":6,"values":[{"label":"35","value":"EU 35","price":"","pimage":"","pimage_id":"","pthumb":"","color":""},{"label":"35.5","value":"EU 35.5","price":"","pimage":"","pimage_id":"","pthumb":"","color":""},{"label":"36","value":"EU 36","price":"","pimage":"","pimage_id":"","pthumb":"","color":"","selected":true},{"label":"36 2\/3","value":"EU 36 2\/3","price":"","pimage":"","pimage_id":"","pthumb":"","color":""},{"label":"37 1\/3","value":"EU 37 1\/3","price":"","pimage":"","pimage_id":"","pthumb":"","color":""},{"label":"38","value":"EU 38","price":"","pimage":"","pimage_id":"","pthumb":"","color":""},{"label":"38 2\/3","value":"EU 38 2\/3","price":"","pimage":"","pimage_id":"","pthumb":"","color":""},{"label":"39 1\/3","value":"EU 39 1\/3","price":"","pimage":"","pimage_id":"","pthumb":"","color":""},{"label":"40","value":"EU 40","price":"","pimage":"","pimage_id":"","pthumb":"","color":""},{"label":"40 2\/3","value":"EU 40 2\/3","price":"","pimage":"","pimage_id":"","pthumb":"","color":""},{"label":"41 1\/3","value":"EU 41 1\/3","price":"","pimage":"","pimage_id":"","pthumb":"","color":""},{"label":"42","value":"EU 42","price":"","pimage":"","pimage_id":"","pthumb":"","color":""},{"label":"42 2\/3","value":"EU 42 2\/3","price":"","pimage":"","pimage_id":"","pthumb":"","color":""},{"label":"43 1\/3","value":"EU 43 1\/3","price":"","pimage":"","pimage_id":"","pthumb":"","color":""},{"label":"44","value":"EU 44","price":"","pimage":"","pimage_id":"","pthumb":"","color":""},{"label":"44 2\/3","value":"EU 44 2\/3","price":"","pimage":"","pimage_id":"","pthumb":"","color":""},{"label":"45 1\/3","value":"EU 45 1\/3","price":"","pimage":"","pimage_id":"","pthumb":"","color":""},{"label":"46","value":"EU 46","price":"","pimage":"","pimage_id":"","pthumb":"","color":""},{"label":"46 2\/3","value":"EU 46 2\/3","price":"","pimage":"","pimage_id":"","pthumb":"","color":""},{"label":"47 1\/3","value":"EU 47 1\/3","price":"","pimage":"","pimage_id":"","pthumb":"","color":""}],"relations":[{"operator":false,"rules":[]}],"form_id":24802,"form_rules":{"pric_cal_option_once":false,"exclude_from_discount":false,"pric_use_as_fee":false,"fee_label":"Fee","render_after_acb":false,"disp_hide_options_price":false}}]},"yoast_head":"<!-- This site is optimized with the Yoast SEO plugin v26.5 - https:\/\/yoast.com\/wordpress\/plugins\/seo\/ -->\n<title>Adidas Superstar SL 72 Retro Sneakers  - Tourcruiser PTE. LTD<\/title>\n<meta name=\"robots\" content=\"index, follow, max-snippet:-1, max-image-preview:large, max-video-preview:-1\" \/>\n<link rel=\"canonical\" href=\"https:\/\/tourcruiser.com\/\" \/>\n<meta property=\"og:locale\" content=\"de_DE\" \/>\n<meta property=\"og:type\" content=\"article\" \/>\n<meta property=\"og:title\" content=\"Adidas Superstar SL 72 Retro Sneakers  - Tourcruiser PTE. LTD\" \/>\n<meta property=\"og:description\" content=\"adidas Superstar SL 72 Retro \u201d\u201d Collegiate Navy\/Cloud White\/Almost Yellow\" \/>\n<meta property=\"og:url\" content=\"\/\" \/>\n<meta property=\"og:site_name\" content=\"Tourcruiser Sneaker Store\" \/>\n<meta property=\"article:modified_time\" content=\"2026-03-27T18:32:13+00:00\" \/>\n<meta name=\"twitter:card\" content=\"summary_large_image\" \/>\n<meta name=\"twitter:image\" content=\"https:\/\/images.novelship.com\/product\/adidas_superstar_sl_72_retro_sneakers_jq3500_0_26466.jpeg;https:\/\/images.novelship.com\/product\/adidas_superstar_sl_72_retro_sneakers_jq3500_1_26467.jpeg;https:\/\/images.novelship.com\/product\/adidas_superstar_sl_72_retro_sneakers_jq3500_2_26467.jpeg;https:\/\/images.novelship.com\/product\/adidas_superstar_sl_72_retro_sneakers_jq3500_3_26467.jpeg;https:\/\/images.novelship.com\/product\/adidas_superstar_sl_72_retro_sneakers_jq3500_4_26467.jpeg;https:\/\/images.novelship.com\/product\/adidas_superstar_sl_72_retro_sneakers_jq3500_5_26467.jpeg;https:\/\/images.novelship.com\/product\/adidas_superstar_sl_72_retro_sneakers_jq3500_6_26467.jpeg;https:\/\/images.novelship.com\/product\/adidas_superstar_sl_72_retro_sneakers_jq3500_7_26467.jpeg;https:\/\/images.novelship.com\/product\/adidas_superstar_sl_72_retro_sneakers_jq3500_8_26467.jpeg\" \/>\n<meta name=\"twitter:label1\" content=\"Gesch\u00e4tzte Lesezeit\" \/>\n\t<meta name=\"twitter:data1\" content=\"1\u00a0Minute\" \/>\n<script type=\"application\/ld+json\" class=\"yoast-schema-graph\">{\"@context\":\"https:\/\/schema.org\",\"@graph\":[{\"@type\":\"WebPage\",\"@id\":\"\/\",\"url\":\"https:\/\/tourcruiser.com\/\",\"name\":\"Adidas Superstar SL 72 Retro Sneakers - Tourcruiser PTE. LTD\",\"isPartOf\":{\"@id\":\"https:\/\/tourcruiser.com\/de\/#website\"},\"primaryImageOfPage\":{\"@id\":\"https:\/\/tourcruiser.com\/#primaryimage\"},\"image\":{\"@id\":\"https:\/\/tourcruiser.com\/#primaryimage\"},\"thumbnailUrl\":\"https:\/\/images.novelship.com\/product\/adidas_superstar_sl_72_retro_sneakers_jq3500_0_26466.jpeg;https:\/\/images.novelship.com\/product\/adidas_superstar_sl_72_retro_sneakers_jq3500_1_26467.jpeg;https:\/\/images.novelship.com\/product\/adidas_superstar_sl_72_retro_sneakers_jq3500_2_26467.jpeg;https:\/\/images.novelship.com\/product\/adidas_superstar_sl_72_retro_sneakers_jq3500_3_26467.jpeg;https:\/\/images.novelship.com\/product\/adidas_superstar_sl_72_retro_sneakers_jq3500_4_26467.jpeg;https:\/\/images.novelship.com\/product\/adidas_superstar_sl_72_retro_sneakers_jq3500_5_26467.jpeg;https:\/\/images.novelship.com\/product\/adidas_superstar_sl_72_retro_sneakers_jq3500_6_26467.jpeg;https:\/\/images.novelship.com\/product\/adidas_superstar_sl_72_retro_sneakers_jq3500_7_26467.jpeg;https:\/\/images.novelship.com\/product\/adidas_superstar_sl_72_retro_sneakers_jq3500_8_26467.jpeg\",\"datePublished\":\"2026-03-02T09:10:32+00:00\",\"dateModified\":\"2026-03-27T18:32:13+00:00\",\"breadcrumb\":{\"@id\":\"https:\/\/tourcruiser.com\/#breadcrumb\"},\"inLanguage\":\"de\",\"potentialAction\":[{\"@type\":\"ReadAction\",\"target\":[\"https:\/\/tourcruiser.com\/\"]}]},{\"@type\":\"ImageObject\",\"inLanguage\":\"de\",\"@id\":\"https:\/\/tourcruiser.com\/#primaryimage\",\"url\":\"https:\/\/images.novelship.com\/product\/adidas_superstar_sl_72_retro_sneakers_jq3500_0_26466.jpeg;https:\/\/images.novelship.com\/product\/adidas_superstar_sl_72_retro_sneakers_jq3500_1_26467.jpeg;https:\/\/images.novelship.com\/product\/adidas_superstar_sl_72_retro_sneakers_jq3500_2_26467.jpeg;https:\/\/images.novelship.com\/product\/adidas_superstar_sl_72_retro_sneakers_jq3500_3_26467.jpeg;https:\/\/images.novelship.com\/product\/adidas_superstar_sl_72_retro_sneakers_jq3500_4_26467.jpeg;https:\/\/images.novelship.com\/product\/adidas_superstar_sl_72_retro_sneakers_jq3500_5_26467.jpeg;https:\/\/images.novelship.com\/product\/adidas_superstar_sl_72_retro_sneakers_jq3500_6_26467.jpeg;https:\/\/images.novelship.com\/product\/adidas_superstar_sl_72_retro_sneakers_jq3500_7_26467.jpeg;https:\/\/images.novelship.com\/product\/adidas_superstar_sl_72_retro_sneakers_jq3500_8_26467.jpeg\",\"contentUrl\":\"https:\/\/images.novelship.com\/product\/adidas_superstar_sl_72_retro_sneakers_jq3500_0_26466.jpeg;https:\/\/images.novelship.com\/product\/adidas_superstar_sl_72_retro_sneakers_jq3500_1_26467.jpeg;https:\/\/images.novelship.com\/product\/adidas_superstar_sl_72_retro_sneakers_jq3500_2_26467.jpeg;https:\/\/images.novelship.com\/product\/adidas_superstar_sl_72_retro_sneakers_jq3500_3_26467.jpeg;https:\/\/images.novelship.com\/product\/adidas_superstar_sl_72_retro_sneakers_jq3500_4_26467.jpeg;https:\/\/images.novelship.com\/product\/adidas_superstar_sl_72_retro_sneakers_jq3500_5_26467.jpeg;https:\/\/images.novelship.com\/product\/adidas_superstar_sl_72_retro_sneakers_jq3500_6_26467.jpeg;https:\/\/images.novelship.com\/product\/adidas_superstar_sl_72_retro_sneakers_jq3500_7_26467.jpeg;https:\/\/images.novelship.com\/product\/adidas_superstar_sl_72_retro_sneakers_jq3500_8_26467.jpeg\"},{\"@type\":\"BreadcrumbList\",\"@id\":\"https:\/\/tourcruiser.com\/#breadcrumb\",\"itemListElement\":[{\"@type\":\"ListItem\",\"position\":1,\"name\":\"Home\",\"item\":\"https:\/\/tourcruiser.com\/de\/\"},{\"@type\":\"ListItem\",\"position\":2,\"name\":\"Shop\",\"item\":\"https:\/\/tourcruiser.com\/de\/shop\/\"},{\"@type\":\"ListItem\",\"position\":3,\"name\":\"Adidas Superstar SL 72 Retro Sneakers\"}]},{\"@type\":\"WebSite\",\"@id\":\"https:\/\/tourcruiser.com\/de\/#website\",\"url\":\"https:\/\/tourcruiser.com\/de\/\",\"name\":\"Styloral Jewelry Shop\",\"description\":\"Tourcruiser Sneaker Store \u2014 der Ort, an dem das Universum deine Einzigartigkeit trifft.\",\"publisher\":{\"@id\":\"https:\/\/tourcruiser.com\/de\/#organization\"},\"potentialAction\":[{\"@type\":\"SearchAction\",\"target\":{\"@type\":\"EntryPoint\",\"urlTemplate\":\"https:\/\/tourcruiser.com\/de\/?s={search_term_string}\"},\"query-input\":{\"@type\":\"PropertyValueSpecification\",\"valueRequired\":true,\"valueName\":\"search_term_string\"}}],\"inLanguage\":\"de\"},{\"@type\":\"Organization\",\"@id\":\"https:\/\/tourcruiser.com\/de\/#organization\",\"name\":\"STYLORAL PTE. LTD\",\"url\":\"https:\/\/tourcruiser.com\/de\/\",\"logo\":{\"@type\":\"ImageObject\",\"inLanguage\":\"de\",\"@id\":\"https:\/\/tourcruiser.com\/de\/#\/schema\/logo\/image\/\",\"url\":\"https:\/\/www.tourcruiser.com\/wp-content\/uploads\/2025\/12\/logo.png\",\"contentUrl\":\"https:\/\/www.tourcruiser.com\/wp-content\/uploads\/2025\/12\/logo.png\",\"width\":200,\"height\":65,\"caption\":\"STYLORAL PTE. LTD\"},\"image\":{\"@id\":\"https:\/\/tourcruiser.com\/de\/#\/schema\/logo\/image\/\"}}]}<\/script>\n<!-- \/ Yoast SEO plugin. -->","yoast_head_json":{"title":"Adidas Superstar SL 72 Retro Sneakers  - Tourcruiser PTE. LTD","robots":{"index":"index","follow":"follow","max-snippet":"max-snippet:-1","max-image-preview":"max-image-preview:large","max-video-preview":"max-video-preview:-1"},"canonical":"https:\/\/tourcruiser.com\/","og_locale":"de_DE","og_type":"article","og_title":"Adidas Superstar SL 72 Retro Sneakers  - Tourcruiser PTE. LTD","og_description":"adidas Superstar SL 72 Retro \u201d\u201d Collegiate Navy\/Cloud White\/Almost Yellow","og_url":"\/","og_site_name":"Tourcruiser Sneaker Store","article_modified_time":"2026-03-27T18:32:13+00:00","twitter_card":"summary_large_image","twitter_image":"https:\/\/images.novelship.com\/product\/adidas_superstar_sl_72_retro_sneakers_jq3500_0_26466.jpeg;https:\/\/images.novelship.com\/product\/adidas_superstar_sl_72_retro_sneakers_jq3500_1_26467.jpeg;https:\/\/images.novelship.com\/product\/adidas_superstar_sl_72_retro_sneakers_jq3500_2_26467.jpeg;https:\/\/images.novelship.com\/product\/adidas_superstar_sl_72_retro_sneakers_jq3500_3_26467.jpeg;https:\/\/images.novelship.com\/product\/adidas_superstar_sl_72_retro_sneakers_jq3500_4_26467.jpeg;https:\/\/images.novelship.com\/product\/adidas_superstar_sl_72_retro_sneakers_jq3500_5_26467.jpeg;https:\/\/images.novelship.com\/product\/adidas_superstar_sl_72_retro_sneakers_jq3500_6_26467.jpeg;https:\/\/images.novelship.com\/product\/adidas_superstar_sl_72_retro_sneakers_jq3500_7_26467.jpeg;https:\/\/images.novelship.com\/product\/adidas_superstar_sl_72_retro_sneakers_jq3500_8_26467.jpeg","twitter_misc":{"Gesch\u00e4tzte Lesezeit":"1\u00a0Minute"},"schema":{"@context":"https:\/\/schema.org","@graph":[{"@type":"WebPage","@id":"\/","url":"https:\/\/tourcruiser.com\/","name":"Adidas Superstar SL 72 Retro Sneakers - Tourcruiser PTE. LTD","isPartOf":{"@id":"https:\/\/tourcruiser.com\/de\/#website"},"primaryImageOfPage":{"@id":"https:\/\/tourcruiser.com\/#primaryimage"},"image":{"@id":"https:\/\/tourcruiser.com\/#primaryimage"},"thumbnailUrl":"https:\/\/images.novelship.com\/product\/adidas_superstar_sl_72_retro_sneakers_jq3500_0_26466.jpeg;https:\/\/images.novelship.com\/product\/adidas_superstar_sl_72_retro_sneakers_jq3500_1_26467.jpeg;https:\/\/images.novelship.com\/product\/adidas_superstar_sl_72_retro_sneakers_jq3500_2_26467.jpeg;https:\/\/images.novelship.com\/product\/adidas_superstar_sl_72_retro_sneakers_jq3500_3_26467.jpeg;https:\/\/images.novelship.com\/product\/adidas_superstar_sl_72_retro_sneakers_jq3500_4_26467.jpeg;https:\/\/images.novelship.com\/product\/adidas_superstar_sl_72_retro_sneakers_jq3500_5_26467.jpeg;https:\/\/images.novelship.com\/product\/adidas_superstar_sl_72_retro_sneakers_jq3500_6_26467.jpeg;https:\/\/images.novelship.com\/product\/adidas_superstar_sl_72_retro_sneakers_jq3500_7_26467.jpeg;https:\/\/images.novelship.com\/product\/adidas_superstar_sl_72_retro_sneakers_jq3500_8_26467.jpeg","datePublished":"2026-03-02T09:10:32+00:00","dateModified":"2026-03-27T18:32:13+00:00","breadcrumb":{"@id":"https:\/\/tourcruiser.com\/#breadcrumb"},"inLanguage":"de","potentialAction":[{"@type":"ReadAction","target":["https:\/\/tourcruiser.com\/"]}]},{"@type":"ImageObject","inLanguage":"de","@id":"https:\/\/tourcruiser.com\/#primaryimage","url":"https:\/\/images.novelship.com\/product\/adidas_superstar_sl_72_retro_sneakers_jq3500_0_26466.jpeg;https:\/\/images.novelship.com\/product\/adidas_superstar_sl_72_retro_sneakers_jq3500_1_26467.jpeg;https:\/\/images.novelship.com\/product\/adidas_superstar_sl_72_retro_sneakers_jq3500_2_26467.jpeg;https:\/\/images.novelship.com\/product\/adidas_superstar_sl_72_retro_sneakers_jq3500_3_26467.jpeg;https:\/\/images.novelship.com\/product\/adidas_superstar_sl_72_retro_sneakers_jq3500_4_26467.jpeg;https:\/\/images.novelship.com\/product\/adidas_superstar_sl_72_retro_sneakers_jq3500_5_26467.jpeg;https:\/\/images.novelship.com\/product\/adidas_superstar_sl_72_retro_sneakers_jq3500_6_26467.jpeg;https:\/\/images.novelship.com\/product\/adidas_superstar_sl_72_retro_sneakers_jq3500_7_26467.jpeg;https:\/\/images.novelship.com\/product\/adidas_superstar_sl_72_retro_sneakers_jq3500_8_26467.jpeg","contentUrl":"https:\/\/images.novelship.com\/product\/adidas_superstar_sl_72_retro_sneakers_jq3500_0_26466.jpeg;https:\/\/images.novelship.com\/product\/adidas_superstar_sl_72_retro_sneakers_jq3500_1_26467.jpeg;https:\/\/images.novelship.com\/product\/adidas_superstar_sl_72_retro_sneakers_jq3500_2_26467.jpeg;https:\/\/images.novelship.com\/product\/adidas_superstar_sl_72_retro_sneakers_jq3500_3_26467.jpeg;https:\/\/images.novelship.com\/product\/adidas_superstar_sl_72_retro_sneakers_jq3500_4_26467.jpeg;https:\/\/images.novelship.com\/product\/adidas_superstar_sl_72_retro_sneakers_jq3500_5_26467.jpeg;https:\/\/images.novelship.com\/product\/adidas_superstar_sl_72_retro_sneakers_jq3500_6_26467.jpeg;https:\/\/images.novelship.com\/product\/adidas_superstar_sl_72_retro_sneakers_jq3500_7_26467.jpeg;https:\/\/images.novelship.com\/product\/adidas_superstar_sl_72_retro_sneakers_jq3500_8_26467.jpeg"},{"@type":"BreadcrumbList","@id":"https:\/\/tourcruiser.com\/#breadcrumb","itemListElement":[{"@type":"ListItem","position":1,"name":"Home","item":"https:\/\/tourcruiser.com\/de\/"},{"@type":"ListItem","position":2,"name":"Shop","item":"https:\/\/tourcruiser.com\/de\/shop\/"},{"@type":"ListItem","position":3,"name":"Adidas Superstar SL 72 Retro Sneakers"}]},{"@type":"WebSite","@id":"https:\/\/tourcruiser.com\/de\/#website","url":"https:\/\/tourcruiser.com\/de\/","name":"Styloral Jewelry Shop","description":"Tourcruiser Sneaker Store \u2014 der Ort, an dem das Universum deine Einzigartigkeit trifft.","publisher":{"@id":"https:\/\/tourcruiser.com\/de\/#organization"},"potentialAction":[{"@type":"SearchAction","target":{"@type":"EntryPoint","urlTemplate":"https:\/\/tourcruiser.com\/de\/?s={search_term_string}"},"query-input":{"@type":"PropertyValueSpecification","valueRequired":true,"valueName":"search_term_string"}}],"inLanguage":"de"},{"@type":"Organization","@id":"https:\/\/tourcruiser.com\/de\/#organization","name":"STYLORAL PTE. LTD","url":"https:\/\/tourcruiser.com\/de\/","logo":{"@type":"ImageObject","inLanguage":"de","@id":"https:\/\/tourcruiser.com\/de\/#\/schema\/logo\/image\/","url":"https:\/\/www.tourcruiser.com\/wp-content\/uploads\/2025\/12\/logo.png","contentUrl":"https:\/\/www.tourcruiser.com\/wp-content\/uploads\/2025\/12\/logo.png","width":200,"height":65,"caption":"STYLORAL PTE. LTD"},"image":{"@id":"https:\/\/tourcruiser.com\/de\/#\/schema\/logo\/image\/"}}]}},"_links":{"self":[{"href":"https:\/\/tourcruiser.com\/de\/wp-json\/wp\/v2\/product\/163379","targetHints":{"allow":["GET"]}}],"collection":[{"href":"https:\/\/tourcruiser.com\/de\/wp-json\/wp\/v2\/product"}],"about":[{"href":"https:\/\/tourcruiser.com\/de\/wp-json\/wp\/v2\/types\/product"}],"replies":[{"embeddable":true,"href":"https:\/\/tourcruiser.com\/de\/wp-json\/wp\/v2\/comments?post=163379"}],"wp:featuredmedia":[{"embeddable":true,"href":"https:\/\/tourcruiser.com\/de\/wp-json\/wp\/v2\/media\/163380"}],"wp:attachment":[{"href":"https:\/\/tourcruiser.com\/de\/wp-json\/wp\/v2\/media?parent=163379"}],"wp:term":[{"taxonomy":"product_brand","embeddable":true,"href":"https:\/\/tourcruiser.com\/de\/wp-json\/wp\/v2\/product_brand?post=163379"},{"taxonomy":"product_cat","embeddable":true,"href":"https:\/\/tourcruiser.com\/de\/wp-json\/wp\/v2\/product_cat?post=163379"},{"taxonomy":"product_tag","embeddable":true,"href":"https:\/\/tourcruiser.com\/de\/wp-json\/wp\/v2\/product_tag?post=163379"}],"curies":[{"name":"wp","href":"https:\/\/api.w.org\/{rel}","templated":true}]}}