{"id":163322,"date":"2026-03-02T16:10:23","date_gmt":"2026-03-02T09:10:23","guid":{"rendered":"http:\/\/tourcruiser.com\/product\/yu-gi-oh-x-nike-air-max-muscle-95-white-wolf-grey"},"modified":"2026-03-02T16:10:23","modified_gmt":"2026-03-02T09:10:23","slug":"yu-gi-oh-x-nike-air-max-muscle-95-white-wolf-grey","status":"publish","type":"product","link":"https:\/\/tourcruiser.com\/de\/products\/yu-gi-oh-x-nike-air-max-muscle-95-white-wolf-grey\/","title":{"rendered":"Yu-Gi-Oh! x Nike Air Max Muscle 95 &#8218;White Wolf Grey&#8216;"},"content":{"rendered":"<p>Erlebe die perfekte Verschmelzung von Anime-Kultur und sportlicher Innovation mit den Yu-Gi-Oh! x Nike Air Max Muscle 95 \u201eWhite Wolf Grey\u201c Sneakern \u201d\u201c ein limitiertes Design, das ikonischen Style und erstklassige Performance f\u00fcr deine Schuhsammlung vereint. Die elegante Farbpalette in Wei\u00df und Wolfsgrau wird durch die sorgf\u00e4ltige Verarbeitung hochwertiger Materialien unterstrichen. Atmungsaktives Mesh, strapazierf\u00e4hige Leder-Overlays und die zeitlose Air Max-D\u00e4mpfung sorgen f\u00fcr unvergleichlichen Tragekomfort. Dezente Yu-Gi-Oh!-Akzente zelebrieren die beliebte Franchise und kreieren ein k\u00fchnes und zugleich raffiniertes Design, das Fans und Sneaker-Liebhaber gleicherma\u00dfen begeistern wird. Die Schuhe sind perfekt f\u00fcr Sammler und alle, die einen aktiven Lebensstil pflegen, und bieten eine vielseitige \u00c4sthetik, die sich m\u00fchelos zwischen Streetwear und Sportbekleidung kombinieren l\u00e4sst. Egal, ob du deinen inneren Duellanten entfesselst oder einfach nur stylisch durch die Stra\u00dfen flanierst \u201d\u201c mit den Yu-Gi-Oh! Der Nike Air Max Muscle 95 \u201eWhite Wolf Grey\u201c ist dein ultimatives Schuh-Statement.<\/p>\n<ul>\n<li><strong>Farbgebung:<\/strong> Wei\u00df\/Wolfsgrau\/Dunkelgrau\/K\u00fchlgrau<\/li>\n<li><strong>Style-Code:<\/strong> II7404-100<\/li>\n<li><strong>Obermaterial:<\/strong> Leder<\/li>\n<li><strong>Mittelsohle:<\/strong> Air<\/li>\n<li><strong>Farbe:<\/strong> Wei\u00df<\/li>\n<li><strong>Designer:<\/strong> Sergio Lozano<\/li>\n<li><strong>Saison:<\/strong> Herbst<\/li>\n<li><strong>Erscheinungsjahr:<\/strong> 2025<\/li>\n<\/ul>\n","protected":false},"excerpt":{"rendered":"<p>Nike Air Max Muscle 95 \u201d\u201d White\/Wolf Grey\/Dark Smoke Grey\/Cool Grey<\/p>\n","protected":false},"featured_media":163323,"comment_status":"open","ping_status":"closed","template":"","meta":[],"product_brand":[],"product_cat":[10803],"product_tag":[10750,10754,10765,10801,10768],"class_list":{"0":"post-163322","1":"product","2":"type-product","3":"status-publish","4":"has-post-thumbnail","6":"product_cat-nike","7":"product_tag-athleisure-shoes","8":"product_tag-lifestyle-casual-shoes","9":"product_tag-lifestyle-shoes-running-inspired","10":"product_tag-nike","11":"product_tag-retro-running-shoes","12":"wcpa_has_options","14":"first","15":"instock","16":"taxable","17":"shipping-taxable","18":"purchasable","19":"product-type-simple"},"wcpa_form_fields":{"rules":{"pric_overide_base_price":false,"pric_overide_base_price_if_gt_zero":false,"pric_overide_base_price_fully":false,"pric_cal_option_once":false,"pric_use_as_fee":false,"bind_quantity":false,"quantity_bind_formula":false},"fields":[{"type":"color-group","required":true,"elementId":"wcpa-color-group-66c4a75505e74","label":"Gr\u00f6\u00dfe - EU Gr\u00f6\u00dfe","inline":true,"priceOptions":"different_for_all","pricingType":"fixed","className":"hassizechart product-shoes-size-eu product-shoes-size","name":"color-group-66c4a75505e89","disp_type":"square","selection_type":"tick-border","disp_size":"44","show_label_inside":true,"adjust_width":true,"cart_display_type":"text","other_text":"Other","cl_rule":"show","col":6,"values":[{"label":"35.5","value":"EU 35.5","price":"","pimage":"","pimage_id":"","pthumb":"","color":""},{"label":"36","value":"EU 36","price":"","pimage":"","pimage_id":"","pthumb":"","color":"","selected":true},{"label":"36.5","value":"EU 36.5","price":"","pimage":"","pimage_id":"","pthumb":"","color":""},{"label":"37.5","value":"EU 37.5","price":"","pimage":"","pimage_id":"","pthumb":"","color":""},{"label":"38","value":"EU 38","price":"","pimage":"","pimage_id":"","pthumb":"","color":""},{"label":"38.5","value":"EU 38.5","price":"","pimage":"","pimage_id":"","pthumb":"","color":""},{"label":"39","value":"EU 39","price":"","pimage":"","pimage_id":"","pthumb":"","color":""},{"label":"40","value":"EU 40","price":"","pimage":"","pimage_id":"","pthumb":"","color":""},{"label":"40.5","value":"EU 40.5","price":"","pimage":"","pimage_id":"","pthumb":"","color":""},{"label":"41","value":"EU 41","price":"","pimage":"","pimage_id":"","pthumb":"","color":""},{"label":"42","value":"EU 42","price":"","pimage":"","pimage_id":"","pthumb":"","color":""},{"label":"42.5","value":"EU 42.5","price":"","pimage":"","pimage_id":"","pthumb":"","color":""},{"label":"43","value":"EU 43","price":"","pimage":"","pimage_id":"","pthumb":"","color":""},{"label":"44","value":"EU 44","price":"","pimage":"","pimage_id":"","pthumb":"","color":""},{"label":"44.5","value":"EU 44.5","price":"","pimage":"","pimage_id":"","pthumb":"","color":""},{"label":"45","value":"EU 45","price":"","pimage":"","pimage_id":"","pthumb":"","color":""},{"label":"45.5","value":"EU 45.5","price":"","pimage":"","pimage_id":"","pthumb":"","color":""},{"label":"46","value":"EU 46","price":"","pimage":"","pimage_id":"","pthumb":"","color":""},{"label":"47","value":"EU 47","price":"","pimage":"","pimage_id":"","pthumb":"","color":""},{"label":"47.5","value":"EU 47.5","price":"","pimage":"","pimage_id":"","pthumb":"","color":""},{"label":"48","value":"EU 48","price":"","pimage":"","pimage_id":"","pthumb":"","color":""}],"relations":[{"operator":false,"rules":[]}],"form_id":18106,"form_rules":{"pric_cal_option_once":false,"exclude_from_discount":false,"pric_use_as_fee":false,"fee_label":"Fee","render_after_acb":false,"disp_hide_options_price":false}}]},"yoast_head":"<!-- This site is optimized with the Yoast SEO plugin v26.5 - https:\/\/yoast.com\/wordpress\/plugins\/seo\/ -->\n<title>Yu-Gi-Oh! x Nike Air Max Muscle 95 &#039;White Wolf Grey&#039;  - Tourcruiser PTE. LTD<\/title>\n<meta name=\"robots\" content=\"index, follow, max-snippet:-1, max-image-preview:large, max-video-preview:-1\" \/>\n<link rel=\"canonical\" href=\"https:\/\/tourcruiser.com\/de\/products\/yu-gi-oh-x-nike-air-max-muscle-95-white-wolf-grey\/\" \/>\n<meta property=\"og:locale\" content=\"de_DE\" \/>\n<meta property=\"og:type\" content=\"article\" \/>\n<meta property=\"og:title\" content=\"Yu-Gi-Oh! x Nike Air Max Muscle 95 &#039;White Wolf Grey&#039;  - Tourcruiser PTE. LTD\" \/>\n<meta property=\"og:description\" content=\"Nike Air Max Muscle 95 \u201d\u201d White\/Wolf Grey\/Dark Smoke Grey\/Cool Grey\" \/>\n<meta property=\"og:url\" content=\"https:\/\/tourcruiser.com\/de\/products\/yu-gi-oh-x-nike-air-max-muscle-95-white-wolf-grey\/\" \/>\n<meta property=\"og:site_name\" content=\"Tourcruiser Sneaker Store\" \/>\n<meta name=\"twitter:card\" content=\"summary_large_image\" \/>\n<meta name=\"twitter:image\" content=\"https:\/\/images.novelship.com\/product\/yu-gi-oh__x_nike_air_max_muscle_95__white_wolf_gre_0_54189.jpeg\" \/>\n<meta name=\"twitter:label1\" content=\"Gesch\u00e4tzte Lesezeit\" \/>\n\t<meta name=\"twitter:data1\" content=\"1\u00a0Minute\" \/>\n<script type=\"application\/ld+json\" class=\"yoast-schema-graph\">{\"@context\":\"https:\/\/schema.org\",\"@graph\":[{\"@type\":\"WebPage\",\"@id\":\"https:\/\/tourcruiser.com\/de\/products\/yu-gi-oh-x-nike-air-max-muscle-95-white-wolf-grey\/\",\"url\":\"https:\/\/tourcruiser.com\/de\/products\/yu-gi-oh-x-nike-air-max-muscle-95-white-wolf-grey\/\",\"name\":\"Yu-Gi-Oh! x Nike Air Max Muscle 95 'White Wolf Grey' - Tourcruiser PTE. LTD\",\"isPartOf\":{\"@id\":\"https:\/\/tourcruiser.com\/de\/#website\"},\"primaryImageOfPage\":{\"@id\":\"https:\/\/tourcruiser.com\/de\/products\/yu-gi-oh-x-nike-air-max-muscle-95-white-wolf-grey\/#primaryimage\"},\"image\":{\"@id\":\"https:\/\/tourcruiser.com\/de\/products\/yu-gi-oh-x-nike-air-max-muscle-95-white-wolf-grey\/#primaryimage\"},\"thumbnailUrl\":\"https:\/\/images.novelship.com\/product\/yu-gi-oh__x_nike_air_max_muscle_95__white_wolf_gre_0_54189.jpeg\",\"datePublished\":\"2026-03-02T09:10:23+00:00\",\"breadcrumb\":{\"@id\":\"https:\/\/tourcruiser.com\/de\/products\/yu-gi-oh-x-nike-air-max-muscle-95-white-wolf-grey\/#breadcrumb\"},\"inLanguage\":\"de\",\"potentialAction\":[{\"@type\":\"ReadAction\",\"target\":[\"https:\/\/tourcruiser.com\/de\/products\/yu-gi-oh-x-nike-air-max-muscle-95-white-wolf-grey\/\"]}]},{\"@type\":\"ImageObject\",\"inLanguage\":\"de\",\"@id\":\"https:\/\/tourcruiser.com\/de\/products\/yu-gi-oh-x-nike-air-max-muscle-95-white-wolf-grey\/#primaryimage\",\"url\":\"https:\/\/images.novelship.com\/product\/yu-gi-oh__x_nike_air_max_muscle_95__white_wolf_gre_0_54189.jpeg\",\"contentUrl\":\"https:\/\/images.novelship.com\/product\/yu-gi-oh__x_nike_air_max_muscle_95__white_wolf_gre_0_54189.jpeg\"},{\"@type\":\"BreadcrumbList\",\"@id\":\"https:\/\/tourcruiser.com\/de\/products\/yu-gi-oh-x-nike-air-max-muscle-95-white-wolf-grey\/#breadcrumb\",\"itemListElement\":[{\"@type\":\"ListItem\",\"position\":1,\"name\":\"Home\",\"item\":\"https:\/\/tourcruiser.com\/de\/\"},{\"@type\":\"ListItem\",\"position\":2,\"name\":\"Shop\",\"item\":\"https:\/\/tourcruiser.com\/de\/shop\/\"},{\"@type\":\"ListItem\",\"position\":3,\"name\":\"Yu-Gi-Oh! x Nike Air Max Muscle 95 'White Wolf Grey'\"}]},{\"@type\":\"WebSite\",\"@id\":\"https:\/\/tourcruiser.com\/de\/#website\",\"url\":\"https:\/\/tourcruiser.com\/de\/\",\"name\":\"Styloral Jewelry Shop\",\"description\":\"Tourcruiser Sneaker Store \u2014 der Ort, an dem das Universum deine Einzigartigkeit trifft.\",\"publisher\":{\"@id\":\"https:\/\/tourcruiser.com\/de\/#organization\"},\"potentialAction\":[{\"@type\":\"SearchAction\",\"target\":{\"@type\":\"EntryPoint\",\"urlTemplate\":\"https:\/\/tourcruiser.com\/de\/?s={search_term_string}\"},\"query-input\":{\"@type\":\"PropertyValueSpecification\",\"valueRequired\":true,\"valueName\":\"search_term_string\"}}],\"inLanguage\":\"de\"},{\"@type\":\"Organization\",\"@id\":\"https:\/\/tourcruiser.com\/de\/#organization\",\"name\":\"STYLORAL PTE. LTD\",\"url\":\"https:\/\/tourcruiser.com\/de\/\",\"logo\":{\"@type\":\"ImageObject\",\"inLanguage\":\"de\",\"@id\":\"https:\/\/tourcruiser.com\/de\/#\/schema\/logo\/image\/\",\"url\":\"https:\/\/www.tourcruiser.com\/wp-content\/uploads\/2025\/12\/logo.png\",\"contentUrl\":\"https:\/\/www.tourcruiser.com\/wp-content\/uploads\/2025\/12\/logo.png\",\"width\":200,\"height\":65,\"caption\":\"STYLORAL PTE. LTD\"},\"image\":{\"@id\":\"https:\/\/tourcruiser.com\/de\/#\/schema\/logo\/image\/\"}}]}<\/script>\n<!-- \/ Yoast SEO plugin. -->","yoast_head_json":{"title":"Yu-Gi-Oh! x Nike Air Max Muscle 95 'White Wolf Grey'  - Tourcruiser PTE. LTD","robots":{"index":"index","follow":"follow","max-snippet":"max-snippet:-1","max-image-preview":"max-image-preview:large","max-video-preview":"max-video-preview:-1"},"canonical":"https:\/\/tourcruiser.com\/de\/products\/yu-gi-oh-x-nike-air-max-muscle-95-white-wolf-grey\/","og_locale":"de_DE","og_type":"article","og_title":"Yu-Gi-Oh! x Nike Air Max Muscle 95 'White Wolf Grey'  - Tourcruiser PTE. LTD","og_description":"Nike Air Max Muscle 95 \u201d\u201d White\/Wolf Grey\/Dark Smoke Grey\/Cool Grey","og_url":"https:\/\/tourcruiser.com\/de\/products\/yu-gi-oh-x-nike-air-max-muscle-95-white-wolf-grey\/","og_site_name":"Tourcruiser Sneaker Store","twitter_card":"summary_large_image","twitter_image":"https:\/\/images.novelship.com\/product\/yu-gi-oh__x_nike_air_max_muscle_95__white_wolf_gre_0_54189.jpeg","twitter_misc":{"Gesch\u00e4tzte Lesezeit":"1\u00a0Minute"},"schema":{"@context":"https:\/\/schema.org","@graph":[{"@type":"WebPage","@id":"https:\/\/tourcruiser.com\/de\/products\/yu-gi-oh-x-nike-air-max-muscle-95-white-wolf-grey\/","url":"https:\/\/tourcruiser.com\/de\/products\/yu-gi-oh-x-nike-air-max-muscle-95-white-wolf-grey\/","name":"Yu-Gi-Oh! x Nike Air Max Muscle 95 'White Wolf Grey' - Tourcruiser PTE. LTD","isPartOf":{"@id":"https:\/\/tourcruiser.com\/de\/#website"},"primaryImageOfPage":{"@id":"https:\/\/tourcruiser.com\/de\/products\/yu-gi-oh-x-nike-air-max-muscle-95-white-wolf-grey\/#primaryimage"},"image":{"@id":"https:\/\/tourcruiser.com\/de\/products\/yu-gi-oh-x-nike-air-max-muscle-95-white-wolf-grey\/#primaryimage"},"thumbnailUrl":"https:\/\/images.novelship.com\/product\/yu-gi-oh__x_nike_air_max_muscle_95__white_wolf_gre_0_54189.jpeg","datePublished":"2026-03-02T09:10:23+00:00","breadcrumb":{"@id":"https:\/\/tourcruiser.com\/de\/products\/yu-gi-oh-x-nike-air-max-muscle-95-white-wolf-grey\/#breadcrumb"},"inLanguage":"de","potentialAction":[{"@type":"ReadAction","target":["https:\/\/tourcruiser.com\/de\/products\/yu-gi-oh-x-nike-air-max-muscle-95-white-wolf-grey\/"]}]},{"@type":"ImageObject","inLanguage":"de","@id":"https:\/\/tourcruiser.com\/de\/products\/yu-gi-oh-x-nike-air-max-muscle-95-white-wolf-grey\/#primaryimage","url":"https:\/\/images.novelship.com\/product\/yu-gi-oh__x_nike_air_max_muscle_95__white_wolf_gre_0_54189.jpeg","contentUrl":"https:\/\/images.novelship.com\/product\/yu-gi-oh__x_nike_air_max_muscle_95__white_wolf_gre_0_54189.jpeg"},{"@type":"BreadcrumbList","@id":"https:\/\/tourcruiser.com\/de\/products\/yu-gi-oh-x-nike-air-max-muscle-95-white-wolf-grey\/#breadcrumb","itemListElement":[{"@type":"ListItem","position":1,"name":"Home","item":"https:\/\/tourcruiser.com\/de\/"},{"@type":"ListItem","position":2,"name":"Shop","item":"https:\/\/tourcruiser.com\/de\/shop\/"},{"@type":"ListItem","position":3,"name":"Yu-Gi-Oh! x Nike Air Max Muscle 95 'White Wolf Grey'"}]},{"@type":"WebSite","@id":"https:\/\/tourcruiser.com\/de\/#website","url":"https:\/\/tourcruiser.com\/de\/","name":"Styloral Jewelry Shop","description":"Tourcruiser Sneaker Store \u2014 der Ort, an dem das Universum deine Einzigartigkeit trifft.","publisher":{"@id":"https:\/\/tourcruiser.com\/de\/#organization"},"potentialAction":[{"@type":"SearchAction","target":{"@type":"EntryPoint","urlTemplate":"https:\/\/tourcruiser.com\/de\/?s={search_term_string}"},"query-input":{"@type":"PropertyValueSpecification","valueRequired":true,"valueName":"search_term_string"}}],"inLanguage":"de"},{"@type":"Organization","@id":"https:\/\/tourcruiser.com\/de\/#organization","name":"STYLORAL PTE. LTD","url":"https:\/\/tourcruiser.com\/de\/","logo":{"@type":"ImageObject","inLanguage":"de","@id":"https:\/\/tourcruiser.com\/de\/#\/schema\/logo\/image\/","url":"https:\/\/www.tourcruiser.com\/wp-content\/uploads\/2025\/12\/logo.png","contentUrl":"https:\/\/www.tourcruiser.com\/wp-content\/uploads\/2025\/12\/logo.png","width":200,"height":65,"caption":"STYLORAL PTE. LTD"},"image":{"@id":"https:\/\/tourcruiser.com\/de\/#\/schema\/logo\/image\/"}}]}},"_links":{"self":[{"href":"https:\/\/tourcruiser.com\/de\/wp-json\/wp\/v2\/product\/163322","targetHints":{"allow":["GET"]}}],"collection":[{"href":"https:\/\/tourcruiser.com\/de\/wp-json\/wp\/v2\/product"}],"about":[{"href":"https:\/\/tourcruiser.com\/de\/wp-json\/wp\/v2\/types\/product"}],"replies":[{"embeddable":true,"href":"https:\/\/tourcruiser.com\/de\/wp-json\/wp\/v2\/comments?post=163322"}],"wp:featuredmedia":[{"embeddable":true,"href":"https:\/\/tourcruiser.com\/de\/wp-json\/wp\/v2\/media\/163323"}],"wp:attachment":[{"href":"https:\/\/tourcruiser.com\/de\/wp-json\/wp\/v2\/media?parent=163322"}],"wp:term":[{"taxonomy":"product_brand","embeddable":true,"href":"https:\/\/tourcruiser.com\/de\/wp-json\/wp\/v2\/product_brand?post=163322"},{"taxonomy":"product_cat","embeddable":true,"href":"https:\/\/tourcruiser.com\/de\/wp-json\/wp\/v2\/product_cat?post=163322"},{"taxonomy":"product_tag","embeddable":true,"href":"https:\/\/tourcruiser.com\/de\/wp-json\/wp\/v2\/product_tag?post=163322"}],"curies":[{"name":"wp","href":"https:\/\/api.w.org\/{rel}","templated":true}]}}