{"id":163195,"date":"2026-03-02T16:10:12","date_gmt":"2026-03-02T09:10:12","guid":{"rendered":"http:\/\/tourcruiser.com\/product\/women-nike-free-metcon-6-guava-ice"},"modified":"2026-03-28T01:32:02","modified_gmt":"2026-03-27T18:32:02","slug":"women-nike-free-metcon-6-guava-ice","status":"publish","type":"product","link":"https:\/\/tourcruiser.com\/de\/products\/women-nike-free-metcon-6-guava-ice\/","title":{"rendered":"(Women) Nike Free Metcon 6 &#8218;Guava Ice&#8216;"},"content":{"rendered":"<p>Erlebe ultimative Vielseitigkeit und Performance mit dem Nike Free Metcon 6 Direct Sales Exclusive. Er vereint Flexibilit\u00e4t, Stabilit\u00e4t und Style perfekt f\u00fcr all deine Trainingsbed\u00fcrfnisse. Das innovative Design mit atmungsaktivem Mesh-Obermaterial sorgt f\u00fcr optimale Luftzirkulation und h\u00e4lt deine F\u00fc\u00dfe auch bei intensiven Workouts angenehm k\u00fchl. Die Dual-Density-Mittelsohle kombiniert reaktionsfreudige Schaumstoffd\u00e4mpfung mit einer robusten Fersenkonstruktion und bietet so un\u00fcbertroffenen Halt beim Gewichtheben, bei \u00dcbungen mit hoher Belastung und allem, was dazwischen liegt. Die Au\u00dfensohle mit lasergeschnittenen Lamellen erm\u00f6glicht nat\u00fcrliche Bewegungsfreiheit und optimalen Grip auf verschiedenen Untergr\u00fcnden.<\/p>\n<p>Diese exklusive Edition ist auf Langlebigkeit und ganzt\u00e4gigen Tragekomfort ausgelegt und besticht zudem durch ein markantes, performanceorientiertes Design mit einer einzigartigen Farbkombination in einem lebendigen Farbmix. So f\u00e4llst du im Fitnessstudio oder auf der Stra\u00dfe garantiert auf. Der Nike Free Metcon 6 ist perfekt f\u00fcr Athleten, die h\u00f6chste Funktionalit\u00e4t und Style suchen. Flywire-Fasern und die eng anliegende Passform bieten optimalen Halt und sind perfekt auf die Anforderungen dynamischer Bewegungen und stabilit\u00e4tsintensiver \u00dcbungen abgestimmt. Egal ob du dich durch hochintensives Intervalltraining qu\u00e4lst oder schwere Gewichte hebst \u201d\u201c dieser Trainingsschuh ist der ideale Begleiter, um deine Grenzen zu erweitern. Werten Sie Ihre Trainingsausr\u00fcstung mit diesem exklusiven Direktvertriebsprodukt auf und erleben Sie ein v\u00f6llig neues Trainingsgef\u00fchl.<\/p>\n<ul>\n<li><strong>Farbgebung:<\/strong> Guava Ice\/Light Wild Mango\/Wei\u00df<\/li>\n<li><strong>Artikelnummer:<\/strong> FJ7126-801<\/li>\n<li><strong>Obermaterial:<\/strong> Mesh<\/li>\n<li><strong>Zwischensohle:<\/strong> Free<\/li>\n<li><strong>Farbe:<\/strong> Beige<\/li>\n<\/ul>\n","protected":false},"excerpt":{"rendered":"<p>Nike Free Metcon 6 \u201d\u201d Guava Ice\/Light Wild Mango\/White<\/p>\n","protected":false},"featured_media":163196,"comment_status":"open","ping_status":"closed","template":"","meta":[],"product_brand":[],"product_cat":[10809],"product_tag":[10847,10801,10802,10873,10785,10786,10758],"class_list":{"0":"post-163195","1":"product","2":"type-product","3":"status-publish","4":"has-post-thumbnail","6":"product_cat-nike-women","7":"product_tag-best-finds-under-100","8":"product_tag-nike","9":"product_tag-performance-sport-shoes","10":"product_tag-training-shoes","11":"product_tag-trending-deals","12":"product_tag-trending-deals-under-150","13":"product_tag-under-retail","14":"wcpa_has_options","16":"first","17":"outofstock","18":"taxable","19":"shipping-taxable","20":"purchasable","21":"product-type-simple"},"wcpa_form_fields":{"rules":{"pric_overide_base_price":false,"pric_overide_base_price_if_gt_zero":false,"pric_overide_base_price_fully":false,"pric_cal_option_once":false,"pric_use_as_fee":false,"bind_quantity":false,"quantity_bind_formula":false},"fields":[{"type":"color-group","required":true,"elementId":"wcpa-color-group-66c4a75505e74","label":"Gr\u00f6\u00dfe - EU Gr\u00f6\u00dfe","inline":true,"priceOptions":"different_for_all","pricingType":"fixed","className":"hassizechart product-shoes-size-eu product-shoes-size","name":"color-group-66c4a75505e89","disp_type":"square","selection_type":"tick-border","disp_size":"44","show_label_inside":true,"adjust_width":true,"cart_display_type":"text","other_text":"Other","cl_rule":"show","col":6,"values":[{"label":"35.5","value":"EU 35.5","price":"","pimage":"","pimage_id":"","pthumb":"","color":""},{"label":"36","value":"EU 36","price":"","pimage":"","pimage_id":"","pthumb":"","color":"","selected":true},{"label":"36.5","value":"EU 36.5","price":"","pimage":"","pimage_id":"","pthumb":"","color":""},{"label":"37.5","value":"EU 37.5","price":"","pimage":"","pimage_id":"","pthumb":"","color":""},{"label":"38","value":"EU 38","price":"","pimage":"","pimage_id":"","pthumb":"","color":""},{"label":"38.5","value":"EU 38.5","price":"","pimage":"","pimage_id":"","pthumb":"","color":""},{"label":"39","value":"EU 39","price":"","pimage":"","pimage_id":"","pthumb":"","color":""},{"label":"40","value":"EU 40","price":"","pimage":"","pimage_id":"","pthumb":"","color":""},{"label":"40.5","value":"EU 40.5","price":"","pimage":"","pimage_id":"","pthumb":"","color":""},{"label":"41","value":"EU 41","price":"","pimage":"","pimage_id":"","pthumb":"","color":""},{"label":"42","value":"EU 42","price":"","pimage":"","pimage_id":"","pthumb":"","color":""},{"label":"42.5","value":"EU 42.5","price":"","pimage":"","pimage_id":"","pthumb":"","color":""},{"label":"43","value":"EU 43","price":"","pimage":"","pimage_id":"","pthumb":"","color":""},{"label":"44","value":"EU 44","price":"","pimage":"","pimage_id":"","pthumb":"","color":""},{"label":"44.5","value":"EU 44.5","price":"","pimage":"","pimage_id":"","pthumb":"","color":""},{"label":"45","value":"EU 45","price":"","pimage":"","pimage_id":"","pthumb":"","color":""},{"label":"45.5","value":"EU 45.5","price":"","pimage":"","pimage_id":"","pthumb":"","color":""},{"label":"46","value":"EU 46","price":"","pimage":"","pimage_id":"","pthumb":"","color":""},{"label":"47","value":"EU 47","price":"","pimage":"","pimage_id":"","pthumb":"","color":""},{"label":"47.5","value":"EU 47.5","price":"","pimage":"","pimage_id":"","pthumb":"","color":""},{"label":"48","value":"EU 48","price":"","pimage":"","pimage_id":"","pthumb":"","color":""}],"relations":[{"operator":false,"rules":[]}],"form_id":18106,"form_rules":{"pric_cal_option_once":false,"exclude_from_discount":false,"pric_use_as_fee":false,"fee_label":"Fee","render_after_acb":false,"disp_hide_options_price":false}}]},"yoast_head":"<!-- This site is optimized with the Yoast SEO plugin v26.5 - https:\/\/yoast.com\/wordpress\/plugins\/seo\/ -->\n<title>(Women) Nike Free Metcon 6 &#039;Guava Ice&#039;  - Tourcruiser PTE. LTD<\/title>\n<meta name=\"robots\" content=\"index, follow, max-snippet:-1, max-image-preview:large, max-video-preview:-1\" \/>\n<link rel=\"canonical\" href=\"https:\/\/tourcruiser.com\/de\/products\/women-nike-free-metcon-6-guava-ice\/\" \/>\n<meta property=\"og:locale\" content=\"de_DE\" \/>\n<meta property=\"og:type\" content=\"article\" \/>\n<meta property=\"og:title\" content=\"(Women) Nike Free Metcon 6 &#039;Guava Ice&#039;  - Tourcruiser PTE. LTD\" \/>\n<meta property=\"og:description\" content=\"Nike Free Metcon 6 \u201d\u201d Guava Ice\/Light Wild Mango\/White\" \/>\n<meta property=\"og:url\" content=\"https:\/\/tourcruiser.com\/de\/products\/women-nike-free-metcon-6-guava-ice\/\" \/>\n<meta property=\"og:site_name\" content=\"Tourcruiser Sneaker Store\" \/>\n<meta property=\"article:modified_time\" content=\"2026-03-27T18:32:02+00:00\" \/>\n<meta name=\"twitter:card\" content=\"summary_large_image\" \/>\n<meta name=\"twitter:image\" content=\"https:\/\/images.novelship.com\/product\/_w__nike_free_metcon_6_direct_sales_exclusive_fj71_0_98007.jpeg;https:\/\/images.novelship.com\/product\/_w__nike_free_metcon_6_direct_sales_exclusive_fj71_1_98007.jpeg;https:\/\/images.novelship.com\/product\/_w__nike_free_metcon_6_direct_sales_exclusive_fj71_2_98007.jpeg;https:\/\/images.novelship.com\/product\/_w__nike_free_metcon_6_direct_sales_exclusive_fj71_3_98007.jpeg;https:\/\/images.novelship.com\/product\/_w__nike_free_metcon_6_direct_sales_exclusive_fj71_4_98007.jpeg;https:\/\/images.novelship.com\/product\/_w__nike_free_metcon_6_direct_sales_exclusive_fj71_5_98007.jpeg;https:\/\/images.novelship.com\/product\/_w__nike_free_metcon_6_direct_sales_exclusive_fj71_6_98007.jpeg;https:\/\/images.novelship.com\/product\/_w__nike_free_metcon_6_direct_sales_exclusive_fj71_7_98007.jpeg\" \/>\n<meta name=\"twitter:label1\" content=\"Gesch\u00e4tzte Lesezeit\" \/>\n\t<meta name=\"twitter:data1\" content=\"1\u00a0Minute\" \/>\n<script type=\"application\/ld+json\" class=\"yoast-schema-graph\">{\"@context\":\"https:\/\/schema.org\",\"@graph\":[{\"@type\":\"WebPage\",\"@id\":\"https:\/\/tourcruiser.com\/de\/products\/women-nike-free-metcon-6-guava-ice\/\",\"url\":\"https:\/\/tourcruiser.com\/de\/products\/women-nike-free-metcon-6-guava-ice\/\",\"name\":\"(Women) Nike Free Metcon 6 'Guava Ice' - Tourcruiser PTE. LTD\",\"isPartOf\":{\"@id\":\"https:\/\/tourcruiser.com\/de\/#website\"},\"primaryImageOfPage\":{\"@id\":\"https:\/\/tourcruiser.com\/de\/products\/women-nike-free-metcon-6-guava-ice\/#primaryimage\"},\"image\":{\"@id\":\"https:\/\/tourcruiser.com\/de\/products\/women-nike-free-metcon-6-guava-ice\/#primaryimage\"},\"thumbnailUrl\":\"https:\/\/images.novelship.com\/product\/_w__nike_free_metcon_6_direct_sales_exclusive_fj71_0_98007.jpeg;https:\/\/images.novelship.com\/product\/_w__nike_free_metcon_6_direct_sales_exclusive_fj71_1_98007.jpeg;https:\/\/images.novelship.com\/product\/_w__nike_free_metcon_6_direct_sales_exclusive_fj71_2_98007.jpeg;https:\/\/images.novelship.com\/product\/_w__nike_free_metcon_6_direct_sales_exclusive_fj71_3_98007.jpeg;https:\/\/images.novelship.com\/product\/_w__nike_free_metcon_6_direct_sales_exclusive_fj71_4_98007.jpeg;https:\/\/images.novelship.com\/product\/_w__nike_free_metcon_6_direct_sales_exclusive_fj71_5_98007.jpeg;https:\/\/images.novelship.com\/product\/_w__nike_free_metcon_6_direct_sales_exclusive_fj71_6_98007.jpeg;https:\/\/images.novelship.com\/product\/_w__nike_free_metcon_6_direct_sales_exclusive_fj71_7_98007.jpeg\",\"datePublished\":\"2026-03-02T09:10:12+00:00\",\"dateModified\":\"2026-03-27T18:32:02+00:00\",\"breadcrumb\":{\"@id\":\"https:\/\/tourcruiser.com\/de\/products\/women-nike-free-metcon-6-guava-ice\/#breadcrumb\"},\"inLanguage\":\"de\",\"potentialAction\":[{\"@type\":\"ReadAction\",\"target\":[\"https:\/\/tourcruiser.com\/de\/products\/women-nike-free-metcon-6-guava-ice\/\"]}]},{\"@type\":\"ImageObject\",\"inLanguage\":\"de\",\"@id\":\"https:\/\/tourcruiser.com\/de\/products\/women-nike-free-metcon-6-guava-ice\/#primaryimage\",\"url\":\"https:\/\/images.novelship.com\/product\/_w__nike_free_metcon_6_direct_sales_exclusive_fj71_0_98007.jpeg;https:\/\/images.novelship.com\/product\/_w__nike_free_metcon_6_direct_sales_exclusive_fj71_1_98007.jpeg;https:\/\/images.novelship.com\/product\/_w__nike_free_metcon_6_direct_sales_exclusive_fj71_2_98007.jpeg;https:\/\/images.novelship.com\/product\/_w__nike_free_metcon_6_direct_sales_exclusive_fj71_3_98007.jpeg;https:\/\/images.novelship.com\/product\/_w__nike_free_metcon_6_direct_sales_exclusive_fj71_4_98007.jpeg;https:\/\/images.novelship.com\/product\/_w__nike_free_metcon_6_direct_sales_exclusive_fj71_5_98007.jpeg;https:\/\/images.novelship.com\/product\/_w__nike_free_metcon_6_direct_sales_exclusive_fj71_6_98007.jpeg;https:\/\/images.novelship.com\/product\/_w__nike_free_metcon_6_direct_sales_exclusive_fj71_7_98007.jpeg\",\"contentUrl\":\"https:\/\/images.novelship.com\/product\/_w__nike_free_metcon_6_direct_sales_exclusive_fj71_0_98007.jpeg;https:\/\/images.novelship.com\/product\/_w__nike_free_metcon_6_direct_sales_exclusive_fj71_1_98007.jpeg;https:\/\/images.novelship.com\/product\/_w__nike_free_metcon_6_direct_sales_exclusive_fj71_2_98007.jpeg;https:\/\/images.novelship.com\/product\/_w__nike_free_metcon_6_direct_sales_exclusive_fj71_3_98007.jpeg;https:\/\/images.novelship.com\/product\/_w__nike_free_metcon_6_direct_sales_exclusive_fj71_4_98007.jpeg;https:\/\/images.novelship.com\/product\/_w__nike_free_metcon_6_direct_sales_exclusive_fj71_5_98007.jpeg;https:\/\/images.novelship.com\/product\/_w__nike_free_metcon_6_direct_sales_exclusive_fj71_6_98007.jpeg;https:\/\/images.novelship.com\/product\/_w__nike_free_metcon_6_direct_sales_exclusive_fj71_7_98007.jpeg\"},{\"@type\":\"BreadcrumbList\",\"@id\":\"https:\/\/tourcruiser.com\/de\/products\/women-nike-free-metcon-6-guava-ice\/#breadcrumb\",\"itemListElement\":[{\"@type\":\"ListItem\",\"position\":1,\"name\":\"Home\",\"item\":\"https:\/\/tourcruiser.com\/de\/\"},{\"@type\":\"ListItem\",\"position\":2,\"name\":\"Shop\",\"item\":\"https:\/\/tourcruiser.com\/de\/shop\/\"},{\"@type\":\"ListItem\",\"position\":3,\"name\":\"(Women) Nike Free Metcon 6 'Guava Ice'\"}]},{\"@type\":\"WebSite\",\"@id\":\"https:\/\/tourcruiser.com\/de\/#website\",\"url\":\"https:\/\/tourcruiser.com\/de\/\",\"name\":\"Styloral Jewelry Shop\",\"description\":\"Tourcruiser Sneaker Store \u2014 der Ort, an dem das Universum deine Einzigartigkeit trifft.\",\"publisher\":{\"@id\":\"https:\/\/tourcruiser.com\/de\/#organization\"},\"potentialAction\":[{\"@type\":\"SearchAction\",\"target\":{\"@type\":\"EntryPoint\",\"urlTemplate\":\"https:\/\/tourcruiser.com\/de\/?s={search_term_string}\"},\"query-input\":{\"@type\":\"PropertyValueSpecification\",\"valueRequired\":true,\"valueName\":\"search_term_string\"}}],\"inLanguage\":\"de\"},{\"@type\":\"Organization\",\"@id\":\"https:\/\/tourcruiser.com\/de\/#organization\",\"name\":\"STYLORAL PTE. LTD\",\"url\":\"https:\/\/tourcruiser.com\/de\/\",\"logo\":{\"@type\":\"ImageObject\",\"inLanguage\":\"de\",\"@id\":\"https:\/\/tourcruiser.com\/de\/#\/schema\/logo\/image\/\",\"url\":\"https:\/\/www.tourcruiser.com\/wp-content\/uploads\/2025\/12\/logo.png\",\"contentUrl\":\"https:\/\/www.tourcruiser.com\/wp-content\/uploads\/2025\/12\/logo.png\",\"width\":200,\"height\":65,\"caption\":\"STYLORAL PTE. LTD\"},\"image\":{\"@id\":\"https:\/\/tourcruiser.com\/de\/#\/schema\/logo\/image\/\"}}]}<\/script>\n<!-- \/ Yoast SEO plugin. -->","yoast_head_json":{"title":"(Women) Nike Free Metcon 6 'Guava Ice'  - Tourcruiser PTE. LTD","robots":{"index":"index","follow":"follow","max-snippet":"max-snippet:-1","max-image-preview":"max-image-preview:large","max-video-preview":"max-video-preview:-1"},"canonical":"https:\/\/tourcruiser.com\/de\/products\/women-nike-free-metcon-6-guava-ice\/","og_locale":"de_DE","og_type":"article","og_title":"(Women) Nike Free Metcon 6 'Guava Ice'  - Tourcruiser PTE. LTD","og_description":"Nike Free Metcon 6 \u201d\u201d Guava Ice\/Light Wild Mango\/White","og_url":"https:\/\/tourcruiser.com\/de\/products\/women-nike-free-metcon-6-guava-ice\/","og_site_name":"Tourcruiser Sneaker Store","article_modified_time":"2026-03-27T18:32:02+00:00","twitter_card":"summary_large_image","twitter_image":"https:\/\/images.novelship.com\/product\/_w__nike_free_metcon_6_direct_sales_exclusive_fj71_0_98007.jpeg;https:\/\/images.novelship.com\/product\/_w__nike_free_metcon_6_direct_sales_exclusive_fj71_1_98007.jpeg;https:\/\/images.novelship.com\/product\/_w__nike_free_metcon_6_direct_sales_exclusive_fj71_2_98007.jpeg;https:\/\/images.novelship.com\/product\/_w__nike_free_metcon_6_direct_sales_exclusive_fj71_3_98007.jpeg;https:\/\/images.novelship.com\/product\/_w__nike_free_metcon_6_direct_sales_exclusive_fj71_4_98007.jpeg;https:\/\/images.novelship.com\/product\/_w__nike_free_metcon_6_direct_sales_exclusive_fj71_5_98007.jpeg;https:\/\/images.novelship.com\/product\/_w__nike_free_metcon_6_direct_sales_exclusive_fj71_6_98007.jpeg;https:\/\/images.novelship.com\/product\/_w__nike_free_metcon_6_direct_sales_exclusive_fj71_7_98007.jpeg","twitter_misc":{"Gesch\u00e4tzte Lesezeit":"1\u00a0Minute"},"schema":{"@context":"https:\/\/schema.org","@graph":[{"@type":"WebPage","@id":"https:\/\/tourcruiser.com\/de\/products\/women-nike-free-metcon-6-guava-ice\/","url":"https:\/\/tourcruiser.com\/de\/products\/women-nike-free-metcon-6-guava-ice\/","name":"(Women) Nike Free Metcon 6 'Guava Ice' - Tourcruiser PTE. LTD","isPartOf":{"@id":"https:\/\/tourcruiser.com\/de\/#website"},"primaryImageOfPage":{"@id":"https:\/\/tourcruiser.com\/de\/products\/women-nike-free-metcon-6-guava-ice\/#primaryimage"},"image":{"@id":"https:\/\/tourcruiser.com\/de\/products\/women-nike-free-metcon-6-guava-ice\/#primaryimage"},"thumbnailUrl":"https:\/\/images.novelship.com\/product\/_w__nike_free_metcon_6_direct_sales_exclusive_fj71_0_98007.jpeg;https:\/\/images.novelship.com\/product\/_w__nike_free_metcon_6_direct_sales_exclusive_fj71_1_98007.jpeg;https:\/\/images.novelship.com\/product\/_w__nike_free_metcon_6_direct_sales_exclusive_fj71_2_98007.jpeg;https:\/\/images.novelship.com\/product\/_w__nike_free_metcon_6_direct_sales_exclusive_fj71_3_98007.jpeg;https:\/\/images.novelship.com\/product\/_w__nike_free_metcon_6_direct_sales_exclusive_fj71_4_98007.jpeg;https:\/\/images.novelship.com\/product\/_w__nike_free_metcon_6_direct_sales_exclusive_fj71_5_98007.jpeg;https:\/\/images.novelship.com\/product\/_w__nike_free_metcon_6_direct_sales_exclusive_fj71_6_98007.jpeg;https:\/\/images.novelship.com\/product\/_w__nike_free_metcon_6_direct_sales_exclusive_fj71_7_98007.jpeg","datePublished":"2026-03-02T09:10:12+00:00","dateModified":"2026-03-27T18:32:02+00:00","breadcrumb":{"@id":"https:\/\/tourcruiser.com\/de\/products\/women-nike-free-metcon-6-guava-ice\/#breadcrumb"},"inLanguage":"de","potentialAction":[{"@type":"ReadAction","target":["https:\/\/tourcruiser.com\/de\/products\/women-nike-free-metcon-6-guava-ice\/"]}]},{"@type":"ImageObject","inLanguage":"de","@id":"https:\/\/tourcruiser.com\/de\/products\/women-nike-free-metcon-6-guava-ice\/#primaryimage","url":"https:\/\/images.novelship.com\/product\/_w__nike_free_metcon_6_direct_sales_exclusive_fj71_0_98007.jpeg;https:\/\/images.novelship.com\/product\/_w__nike_free_metcon_6_direct_sales_exclusive_fj71_1_98007.jpeg;https:\/\/images.novelship.com\/product\/_w__nike_free_metcon_6_direct_sales_exclusive_fj71_2_98007.jpeg;https:\/\/images.novelship.com\/product\/_w__nike_free_metcon_6_direct_sales_exclusive_fj71_3_98007.jpeg;https:\/\/images.novelship.com\/product\/_w__nike_free_metcon_6_direct_sales_exclusive_fj71_4_98007.jpeg;https:\/\/images.novelship.com\/product\/_w__nike_free_metcon_6_direct_sales_exclusive_fj71_5_98007.jpeg;https:\/\/images.novelship.com\/product\/_w__nike_free_metcon_6_direct_sales_exclusive_fj71_6_98007.jpeg;https:\/\/images.novelship.com\/product\/_w__nike_free_metcon_6_direct_sales_exclusive_fj71_7_98007.jpeg","contentUrl":"https:\/\/images.novelship.com\/product\/_w__nike_free_metcon_6_direct_sales_exclusive_fj71_0_98007.jpeg;https:\/\/images.novelship.com\/product\/_w__nike_free_metcon_6_direct_sales_exclusive_fj71_1_98007.jpeg;https:\/\/images.novelship.com\/product\/_w__nike_free_metcon_6_direct_sales_exclusive_fj71_2_98007.jpeg;https:\/\/images.novelship.com\/product\/_w__nike_free_metcon_6_direct_sales_exclusive_fj71_3_98007.jpeg;https:\/\/images.novelship.com\/product\/_w__nike_free_metcon_6_direct_sales_exclusive_fj71_4_98007.jpeg;https:\/\/images.novelship.com\/product\/_w__nike_free_metcon_6_direct_sales_exclusive_fj71_5_98007.jpeg;https:\/\/images.novelship.com\/product\/_w__nike_free_metcon_6_direct_sales_exclusive_fj71_6_98007.jpeg;https:\/\/images.novelship.com\/product\/_w__nike_free_metcon_6_direct_sales_exclusive_fj71_7_98007.jpeg"},{"@type":"BreadcrumbList","@id":"https:\/\/tourcruiser.com\/de\/products\/women-nike-free-metcon-6-guava-ice\/#breadcrumb","itemListElement":[{"@type":"ListItem","position":1,"name":"Home","item":"https:\/\/tourcruiser.com\/de\/"},{"@type":"ListItem","position":2,"name":"Shop","item":"https:\/\/tourcruiser.com\/de\/shop\/"},{"@type":"ListItem","position":3,"name":"(Women) Nike Free Metcon 6 'Guava Ice'"}]},{"@type":"WebSite","@id":"https:\/\/tourcruiser.com\/de\/#website","url":"https:\/\/tourcruiser.com\/de\/","name":"Styloral Jewelry Shop","description":"Tourcruiser Sneaker Store \u2014 der Ort, an dem das Universum deine Einzigartigkeit trifft.","publisher":{"@id":"https:\/\/tourcruiser.com\/de\/#organization"},"potentialAction":[{"@type":"SearchAction","target":{"@type":"EntryPoint","urlTemplate":"https:\/\/tourcruiser.com\/de\/?s={search_term_string}"},"query-input":{"@type":"PropertyValueSpecification","valueRequired":true,"valueName":"search_term_string"}}],"inLanguage":"de"},{"@type":"Organization","@id":"https:\/\/tourcruiser.com\/de\/#organization","name":"STYLORAL PTE. LTD","url":"https:\/\/tourcruiser.com\/de\/","logo":{"@type":"ImageObject","inLanguage":"de","@id":"https:\/\/tourcruiser.com\/de\/#\/schema\/logo\/image\/","url":"https:\/\/www.tourcruiser.com\/wp-content\/uploads\/2025\/12\/logo.png","contentUrl":"https:\/\/www.tourcruiser.com\/wp-content\/uploads\/2025\/12\/logo.png","width":200,"height":65,"caption":"STYLORAL PTE. LTD"},"image":{"@id":"https:\/\/tourcruiser.com\/de\/#\/schema\/logo\/image\/"}}]}},"_links":{"self":[{"href":"https:\/\/tourcruiser.com\/de\/wp-json\/wp\/v2\/product\/163195","targetHints":{"allow":["GET"]}}],"collection":[{"href":"https:\/\/tourcruiser.com\/de\/wp-json\/wp\/v2\/product"}],"about":[{"href":"https:\/\/tourcruiser.com\/de\/wp-json\/wp\/v2\/types\/product"}],"replies":[{"embeddable":true,"href":"https:\/\/tourcruiser.com\/de\/wp-json\/wp\/v2\/comments?post=163195"}],"wp:featuredmedia":[{"embeddable":true,"href":"https:\/\/tourcruiser.com\/de\/wp-json\/wp\/v2\/media\/163196"}],"wp:attachment":[{"href":"https:\/\/tourcruiser.com\/de\/wp-json\/wp\/v2\/media?parent=163195"}],"wp:term":[{"taxonomy":"product_brand","embeddable":true,"href":"https:\/\/tourcruiser.com\/de\/wp-json\/wp\/v2\/product_brand?post=163195"},{"taxonomy":"product_cat","embeddable":true,"href":"https:\/\/tourcruiser.com\/de\/wp-json\/wp\/v2\/product_cat?post=163195"},{"taxonomy":"product_tag","embeddable":true,"href":"https:\/\/tourcruiser.com\/de\/wp-json\/wp\/v2\/product_tag?post=163195"}],"curies":[{"name":"wp","href":"https:\/\/api.w.org\/{rel}","templated":true}]}}