{"id":163071,"date":"2026-03-02T16:10:01","date_gmt":"2026-03-02T09:10:01","guid":{"rendered":"http:\/\/tourcruiser.com\/product\/air-jordan-spizike-low-celtics"},"modified":"2026-03-28T01:31:58","modified_gmt":"2026-03-27T18:31:58","slug":"air-jordan-spizike-low-celtics","status":"publish","type":"product","link":"https:\/\/tourcruiser.com\/de\/products\/air-jordan-spizike-low-celtics\/","title":{"rendered":"Air Jordan Spizike Low &#8218;Celtics&#8216;"},"content":{"rendered":"<p>Der Air Jordan Spizike Low &#8218;Celtics&#8216; FQ1759-003 vereint ikonische Jordan-Hybrid-Elemente mit einem markanten Farbschema in Schwarz, Gr\u00fcn und Wei\u00df, inspiriert vom Stolz der Boston Celtics. Er bietet einen k\u00fchnen und stylischen Look f\u00fcr Fans und Sneaker-Liebhaber gleicherma\u00dfen. Die Low-Top-Silhouette ist aus hochwertigen Materialien gefertigt und kombiniert Leder und Mesh f\u00fcr Strapazierf\u00e4higkeit und Atmungsaktivit\u00e4t. Die Overlays mit Elefantenmuster erinnern an die klassische Jordan-Tradition. Der komfortable, gepolsterte Schaftrand, die ged\u00e4mpfte Mittelsohle und die Nike Air-Technologie garantieren ganzt\u00e4gigen Halt und optimale Performance \u201d\u201c egal ob auf der Stra\u00dfe oder auf dem Court. Die gr\u00fcnen Akzente an Mittelsohle, \u00d6sen und Au\u00dfensohle bilden einen gelungenen Kontrast zum schwarzen Obermaterial, w\u00e4hrend das klassische Air Jordan- und Spizike-Branding das dynamische Design abrundet. Diese Sneaker vereinen moderne Funktionalit\u00e4t mit Vintage-\u00c4sthetik und sind nicht nur eine perfekte Erg\u00e4nzung f\u00fcr Sammler, sondern auch die ideale Wahl, um l\u00e4ssige Alltagsoutfits aufzuwerten.<\/p>\n<ul>\n<li><strong>Farbgebung:<\/strong> Schwarz\/Tannegr\u00fcn\/Anthrazit<\/li>\n<li><strong>Artikelnummer:<\/strong> FQ1759-003<\/li>\n<li><strong>Obermaterial:<\/strong> Leder<\/li>\n<li><strong>Zwischensohle:<\/strong> Air<\/li>\n<li><strong>Farbe:<\/strong> Schwarz<\/li>\n<\/ul>\n","protected":false},"excerpt":{"rendered":"<p>Jordan None \u201d\u201d Black\/Pine Green\/Anthracite<\/p>\n","protected":false},"featured_media":163072,"comment_status":"open","ping_status":"closed","template":"","meta":[],"product_brand":[],"product_cat":[10780],"product_tag":[10750,10776,10754,10777,10756,10758],"class_list":{"0":"post-163071","1":"product","2":"type-product","3":"status-publish","4":"has-post-thumbnail","6":"product_cat-air-jordan","7":"product_tag-athleisure-shoes","8":"product_tag-jordan","9":"product_tag-lifestyle-casual-shoes","10":"product_tag-lifestyle-shoes-basketball-inspired","11":"product_tag-retro-casual-shoes","12":"product_tag-under-retail","13":"wcpa_has_options","15":"first","16":"outofstock","17":"sale","18":"taxable","19":"shipping-taxable","20":"purchasable","21":"product-type-simple"},"wcpa_form_fields":{"rules":{"pric_overide_base_price":false,"pric_overide_base_price_if_gt_zero":false,"pric_overide_base_price_fully":false,"pric_cal_option_once":false,"pric_use_as_fee":false,"bind_quantity":false,"quantity_bind_formula":false},"fields":[{"type":"color-group","required":true,"elementId":"wcpa-color-group-66c4a75505e74","label":"Gr\u00f6\u00dfe - EU Gr\u00f6\u00dfe","inline":true,"priceOptions":"different_for_all","pricingType":"fixed","className":"hassizechart product-shoes-size-eu product-shoes-size","name":"color-group-66c4a75505e89","disp_type":"square","selection_type":"tick-border","disp_size":"44","show_label_inside":true,"adjust_width":true,"cart_display_type":"text","other_text":"Other","cl_rule":"show","col":6,"values":[{"label":"35.5","value":"EU 35.5","price":"","pimage":"","pimage_id":"","pthumb":"","color":""},{"label":"36","value":"EU 36","price":"","pimage":"","pimage_id":"","pthumb":"","color":"","selected":true},{"label":"36.5","value":"EU 36.5","price":"","pimage":"","pimage_id":"","pthumb":"","color":""},{"label":"37.5","value":"EU 37.5","price":"","pimage":"","pimage_id":"","pthumb":"","color":""},{"label":"38","value":"EU 38","price":"","pimage":"","pimage_id":"","pthumb":"","color":""},{"label":"38.5","value":"EU 38.5","price":"","pimage":"","pimage_id":"","pthumb":"","color":""},{"label":"39","value":"EU 39","price":"","pimage":"","pimage_id":"","pthumb":"","color":""},{"label":"40","value":"EU 40","price":"","pimage":"","pimage_id":"","pthumb":"","color":""},{"label":"40.5","value":"EU 40.5","price":"","pimage":"","pimage_id":"","pthumb":"","color":""},{"label":"41","value":"EU 41","price":"","pimage":"","pimage_id":"","pthumb":"","color":""},{"label":"42","value":"EU 42","price":"","pimage":"","pimage_id":"","pthumb":"","color":""},{"label":"42.5","value":"EU 42.5","price":"","pimage":"","pimage_id":"","pthumb":"","color":""},{"label":"43","value":"EU 43","price":"","pimage":"","pimage_id":"","pthumb":"","color":""},{"label":"44","value":"EU 44","price":"","pimage":"","pimage_id":"","pthumb":"","color":""},{"label":"44.5","value":"EU 44.5","price":"","pimage":"","pimage_id":"","pthumb":"","color":""},{"label":"45","value":"EU 45","price":"","pimage":"","pimage_id":"","pthumb":"","color":""},{"label":"45.5","value":"EU 45.5","price":"","pimage":"","pimage_id":"","pthumb":"","color":""},{"label":"46","value":"EU 46","price":"","pimage":"","pimage_id":"","pthumb":"","color":""},{"label":"47","value":"EU 47","price":"","pimage":"","pimage_id":"","pthumb":"","color":""},{"label":"47.5","value":"EU 47.5","price":"","pimage":"","pimage_id":"","pthumb":"","color":""},{"label":"48","value":"EU 48","price":"","pimage":"","pimage_id":"","pthumb":"","color":""}],"relations":[{"operator":false,"rules":[]}],"form_id":18106,"form_rules":{"pric_cal_option_once":false,"exclude_from_discount":false,"pric_use_as_fee":false,"fee_label":"Fee","render_after_acb":false,"disp_hide_options_price":false}}]},"yoast_head":"<!-- This site is optimized with the Yoast SEO plugin v26.5 - https:\/\/yoast.com\/wordpress\/plugins\/seo\/ -->\n<title>Air Jordan Spizike Low &#039;Celtics&#039;  - Tourcruiser PTE. LTD<\/title>\n<meta name=\"robots\" content=\"index, follow, max-snippet:-1, max-image-preview:large, max-video-preview:-1\" \/>\n<link rel=\"canonical\" href=\"https:\/\/tourcruiser.com\/de\/products\/air-jordan-spizike-low-celtics\/\" \/>\n<meta property=\"og:locale\" content=\"de_DE\" \/>\n<meta property=\"og:type\" content=\"article\" \/>\n<meta property=\"og:title\" content=\"Air Jordan Spizike Low &#039;Celtics&#039;  - Tourcruiser PTE. LTD\" \/>\n<meta property=\"og:description\" content=\"Jordan None \u201d\u201d Black\/Pine Green\/Anthracite\" \/>\n<meta property=\"og:url\" content=\"https:\/\/tourcruiser.com\/de\/products\/air-jordan-spizike-low-celtics\/\" \/>\n<meta property=\"og:site_name\" content=\"Tourcruiser Sneaker Store\" \/>\n<meta property=\"article:modified_time\" content=\"2026-03-27T18:31:58+00:00\" \/>\n<meta name=\"twitter:card\" content=\"summary_large_image\" \/>\n<meta name=\"twitter:image\" content=\"https:\/\/images.novelship.com\/product\/air_jordan_spizike_low__celtics__fq1759-003_0_22173.jpeg;https:\/\/images.novelship.com\/product\/air_jordan_spizike_low__celtics__fq1759-003_1_22173.jpeg;https:\/\/images.novelship.com\/product\/air_jordan_spizike_low__celtics__fq1759-003_2_22173.jpeg;https:\/\/images.novelship.com\/product\/air_jordan_spizike_low__celtics__fq1759-003_3_22173.jpeg;https:\/\/images.novelship.com\/product\/air_jordan_spizike_low__celtics__fq1759-003_4_22173.jpeg;https:\/\/images.novelship.com\/product\/air_jordan_spizike_low__celtics__fq1759-003_5_22173.jpeg\" \/>\n<meta name=\"twitter:label1\" content=\"Gesch\u00e4tzte Lesezeit\" \/>\n\t<meta name=\"twitter:data1\" content=\"1\u00a0Minute\" \/>\n<script type=\"application\/ld+json\" class=\"yoast-schema-graph\">{\"@context\":\"https:\/\/schema.org\",\"@graph\":[{\"@type\":\"WebPage\",\"@id\":\"https:\/\/tourcruiser.com\/de\/products\/air-jordan-spizike-low-celtics\/\",\"url\":\"https:\/\/tourcruiser.com\/de\/products\/air-jordan-spizike-low-celtics\/\",\"name\":\"Air Jordan Spizike Low 'Celtics' - Tourcruiser PTE. LTD\",\"isPartOf\":{\"@id\":\"https:\/\/tourcruiser.com\/de\/#website\"},\"primaryImageOfPage\":{\"@id\":\"https:\/\/tourcruiser.com\/de\/products\/air-jordan-spizike-low-celtics\/#primaryimage\"},\"image\":{\"@id\":\"https:\/\/tourcruiser.com\/de\/products\/air-jordan-spizike-low-celtics\/#primaryimage\"},\"thumbnailUrl\":\"https:\/\/images.novelship.com\/product\/air_jordan_spizike_low__celtics__fq1759-003_0_22173.jpeg;https:\/\/images.novelship.com\/product\/air_jordan_spizike_low__celtics__fq1759-003_1_22173.jpeg;https:\/\/images.novelship.com\/product\/air_jordan_spizike_low__celtics__fq1759-003_2_22173.jpeg;https:\/\/images.novelship.com\/product\/air_jordan_spizike_low__celtics__fq1759-003_3_22173.jpeg;https:\/\/images.novelship.com\/product\/air_jordan_spizike_low__celtics__fq1759-003_4_22173.jpeg;https:\/\/images.novelship.com\/product\/air_jordan_spizike_low__celtics__fq1759-003_5_22173.jpeg\",\"datePublished\":\"2026-03-02T09:10:01+00:00\",\"dateModified\":\"2026-03-27T18:31:58+00:00\",\"breadcrumb\":{\"@id\":\"https:\/\/tourcruiser.com\/de\/products\/air-jordan-spizike-low-celtics\/#breadcrumb\"},\"inLanguage\":\"de\",\"potentialAction\":[{\"@type\":\"ReadAction\",\"target\":[\"https:\/\/tourcruiser.com\/de\/products\/air-jordan-spizike-low-celtics\/\"]}]},{\"@type\":\"ImageObject\",\"inLanguage\":\"de\",\"@id\":\"https:\/\/tourcruiser.com\/de\/products\/air-jordan-spizike-low-celtics\/#primaryimage\",\"url\":\"https:\/\/images.novelship.com\/product\/air_jordan_spizike_low__celtics__fq1759-003_0_22173.jpeg;https:\/\/images.novelship.com\/product\/air_jordan_spizike_low__celtics__fq1759-003_1_22173.jpeg;https:\/\/images.novelship.com\/product\/air_jordan_spizike_low__celtics__fq1759-003_2_22173.jpeg;https:\/\/images.novelship.com\/product\/air_jordan_spizike_low__celtics__fq1759-003_3_22173.jpeg;https:\/\/images.novelship.com\/product\/air_jordan_spizike_low__celtics__fq1759-003_4_22173.jpeg;https:\/\/images.novelship.com\/product\/air_jordan_spizike_low__celtics__fq1759-003_5_22173.jpeg\",\"contentUrl\":\"https:\/\/images.novelship.com\/product\/air_jordan_spizike_low__celtics__fq1759-003_0_22173.jpeg;https:\/\/images.novelship.com\/product\/air_jordan_spizike_low__celtics__fq1759-003_1_22173.jpeg;https:\/\/images.novelship.com\/product\/air_jordan_spizike_low__celtics__fq1759-003_2_22173.jpeg;https:\/\/images.novelship.com\/product\/air_jordan_spizike_low__celtics__fq1759-003_3_22173.jpeg;https:\/\/images.novelship.com\/product\/air_jordan_spizike_low__celtics__fq1759-003_4_22173.jpeg;https:\/\/images.novelship.com\/product\/air_jordan_spizike_low__celtics__fq1759-003_5_22173.jpeg\"},{\"@type\":\"BreadcrumbList\",\"@id\":\"https:\/\/tourcruiser.com\/de\/products\/air-jordan-spizike-low-celtics\/#breadcrumb\",\"itemListElement\":[{\"@type\":\"ListItem\",\"position\":1,\"name\":\"Home\",\"item\":\"https:\/\/tourcruiser.com\/de\/\"},{\"@type\":\"ListItem\",\"position\":2,\"name\":\"Shop\",\"item\":\"https:\/\/tourcruiser.com\/de\/shop\/\"},{\"@type\":\"ListItem\",\"position\":3,\"name\":\"Air Jordan Spizike Low 'Celtics'\"}]},{\"@type\":\"WebSite\",\"@id\":\"https:\/\/tourcruiser.com\/de\/#website\",\"url\":\"https:\/\/tourcruiser.com\/de\/\",\"name\":\"Styloral Jewelry Shop\",\"description\":\"Tourcruiser Sneaker Store \u2014 der Ort, an dem das Universum deine Einzigartigkeit trifft.\",\"publisher\":{\"@id\":\"https:\/\/tourcruiser.com\/de\/#organization\"},\"potentialAction\":[{\"@type\":\"SearchAction\",\"target\":{\"@type\":\"EntryPoint\",\"urlTemplate\":\"https:\/\/tourcruiser.com\/de\/?s={search_term_string}\"},\"query-input\":{\"@type\":\"PropertyValueSpecification\",\"valueRequired\":true,\"valueName\":\"search_term_string\"}}],\"inLanguage\":\"de\"},{\"@type\":\"Organization\",\"@id\":\"https:\/\/tourcruiser.com\/de\/#organization\",\"name\":\"STYLORAL PTE. LTD\",\"url\":\"https:\/\/tourcruiser.com\/de\/\",\"logo\":{\"@type\":\"ImageObject\",\"inLanguage\":\"de\",\"@id\":\"https:\/\/tourcruiser.com\/de\/#\/schema\/logo\/image\/\",\"url\":\"https:\/\/www.tourcruiser.com\/wp-content\/uploads\/2025\/12\/logo.png\",\"contentUrl\":\"https:\/\/www.tourcruiser.com\/wp-content\/uploads\/2025\/12\/logo.png\",\"width\":200,\"height\":65,\"caption\":\"STYLORAL PTE. LTD\"},\"image\":{\"@id\":\"https:\/\/tourcruiser.com\/de\/#\/schema\/logo\/image\/\"}}]}<\/script>\n<!-- \/ Yoast SEO plugin. -->","yoast_head_json":{"title":"Air Jordan Spizike Low 'Celtics'  - Tourcruiser PTE. LTD","robots":{"index":"index","follow":"follow","max-snippet":"max-snippet:-1","max-image-preview":"max-image-preview:large","max-video-preview":"max-video-preview:-1"},"canonical":"https:\/\/tourcruiser.com\/de\/products\/air-jordan-spizike-low-celtics\/","og_locale":"de_DE","og_type":"article","og_title":"Air Jordan Spizike Low 'Celtics'  - Tourcruiser PTE. LTD","og_description":"Jordan None \u201d\u201d Black\/Pine Green\/Anthracite","og_url":"https:\/\/tourcruiser.com\/de\/products\/air-jordan-spizike-low-celtics\/","og_site_name":"Tourcruiser Sneaker Store","article_modified_time":"2026-03-27T18:31:58+00:00","twitter_card":"summary_large_image","twitter_image":"https:\/\/images.novelship.com\/product\/air_jordan_spizike_low__celtics__fq1759-003_0_22173.jpeg;https:\/\/images.novelship.com\/product\/air_jordan_spizike_low__celtics__fq1759-003_1_22173.jpeg;https:\/\/images.novelship.com\/product\/air_jordan_spizike_low__celtics__fq1759-003_2_22173.jpeg;https:\/\/images.novelship.com\/product\/air_jordan_spizike_low__celtics__fq1759-003_3_22173.jpeg;https:\/\/images.novelship.com\/product\/air_jordan_spizike_low__celtics__fq1759-003_4_22173.jpeg;https:\/\/images.novelship.com\/product\/air_jordan_spizike_low__celtics__fq1759-003_5_22173.jpeg","twitter_misc":{"Gesch\u00e4tzte Lesezeit":"1\u00a0Minute"},"schema":{"@context":"https:\/\/schema.org","@graph":[{"@type":"WebPage","@id":"https:\/\/tourcruiser.com\/de\/products\/air-jordan-spizike-low-celtics\/","url":"https:\/\/tourcruiser.com\/de\/products\/air-jordan-spizike-low-celtics\/","name":"Air Jordan Spizike Low 'Celtics' - Tourcruiser PTE. LTD","isPartOf":{"@id":"https:\/\/tourcruiser.com\/de\/#website"},"primaryImageOfPage":{"@id":"https:\/\/tourcruiser.com\/de\/products\/air-jordan-spizike-low-celtics\/#primaryimage"},"image":{"@id":"https:\/\/tourcruiser.com\/de\/products\/air-jordan-spizike-low-celtics\/#primaryimage"},"thumbnailUrl":"https:\/\/images.novelship.com\/product\/air_jordan_spizike_low__celtics__fq1759-003_0_22173.jpeg;https:\/\/images.novelship.com\/product\/air_jordan_spizike_low__celtics__fq1759-003_1_22173.jpeg;https:\/\/images.novelship.com\/product\/air_jordan_spizike_low__celtics__fq1759-003_2_22173.jpeg;https:\/\/images.novelship.com\/product\/air_jordan_spizike_low__celtics__fq1759-003_3_22173.jpeg;https:\/\/images.novelship.com\/product\/air_jordan_spizike_low__celtics__fq1759-003_4_22173.jpeg;https:\/\/images.novelship.com\/product\/air_jordan_spizike_low__celtics__fq1759-003_5_22173.jpeg","datePublished":"2026-03-02T09:10:01+00:00","dateModified":"2026-03-27T18:31:58+00:00","breadcrumb":{"@id":"https:\/\/tourcruiser.com\/de\/products\/air-jordan-spizike-low-celtics\/#breadcrumb"},"inLanguage":"de","potentialAction":[{"@type":"ReadAction","target":["https:\/\/tourcruiser.com\/de\/products\/air-jordan-spizike-low-celtics\/"]}]},{"@type":"ImageObject","inLanguage":"de","@id":"https:\/\/tourcruiser.com\/de\/products\/air-jordan-spizike-low-celtics\/#primaryimage","url":"https:\/\/images.novelship.com\/product\/air_jordan_spizike_low__celtics__fq1759-003_0_22173.jpeg;https:\/\/images.novelship.com\/product\/air_jordan_spizike_low__celtics__fq1759-003_1_22173.jpeg;https:\/\/images.novelship.com\/product\/air_jordan_spizike_low__celtics__fq1759-003_2_22173.jpeg;https:\/\/images.novelship.com\/product\/air_jordan_spizike_low__celtics__fq1759-003_3_22173.jpeg;https:\/\/images.novelship.com\/product\/air_jordan_spizike_low__celtics__fq1759-003_4_22173.jpeg;https:\/\/images.novelship.com\/product\/air_jordan_spizike_low__celtics__fq1759-003_5_22173.jpeg","contentUrl":"https:\/\/images.novelship.com\/product\/air_jordan_spizike_low__celtics__fq1759-003_0_22173.jpeg;https:\/\/images.novelship.com\/product\/air_jordan_spizike_low__celtics__fq1759-003_1_22173.jpeg;https:\/\/images.novelship.com\/product\/air_jordan_spizike_low__celtics__fq1759-003_2_22173.jpeg;https:\/\/images.novelship.com\/product\/air_jordan_spizike_low__celtics__fq1759-003_3_22173.jpeg;https:\/\/images.novelship.com\/product\/air_jordan_spizike_low__celtics__fq1759-003_4_22173.jpeg;https:\/\/images.novelship.com\/product\/air_jordan_spizike_low__celtics__fq1759-003_5_22173.jpeg"},{"@type":"BreadcrumbList","@id":"https:\/\/tourcruiser.com\/de\/products\/air-jordan-spizike-low-celtics\/#breadcrumb","itemListElement":[{"@type":"ListItem","position":1,"name":"Home","item":"https:\/\/tourcruiser.com\/de\/"},{"@type":"ListItem","position":2,"name":"Shop","item":"https:\/\/tourcruiser.com\/de\/shop\/"},{"@type":"ListItem","position":3,"name":"Air Jordan Spizike Low 'Celtics'"}]},{"@type":"WebSite","@id":"https:\/\/tourcruiser.com\/de\/#website","url":"https:\/\/tourcruiser.com\/de\/","name":"Styloral Jewelry Shop","description":"Tourcruiser Sneaker Store \u2014 der Ort, an dem das Universum deine Einzigartigkeit trifft.","publisher":{"@id":"https:\/\/tourcruiser.com\/de\/#organization"},"potentialAction":[{"@type":"SearchAction","target":{"@type":"EntryPoint","urlTemplate":"https:\/\/tourcruiser.com\/de\/?s={search_term_string}"},"query-input":{"@type":"PropertyValueSpecification","valueRequired":true,"valueName":"search_term_string"}}],"inLanguage":"de"},{"@type":"Organization","@id":"https:\/\/tourcruiser.com\/de\/#organization","name":"STYLORAL PTE. LTD","url":"https:\/\/tourcruiser.com\/de\/","logo":{"@type":"ImageObject","inLanguage":"de","@id":"https:\/\/tourcruiser.com\/de\/#\/schema\/logo\/image\/","url":"https:\/\/www.tourcruiser.com\/wp-content\/uploads\/2025\/12\/logo.png","contentUrl":"https:\/\/www.tourcruiser.com\/wp-content\/uploads\/2025\/12\/logo.png","width":200,"height":65,"caption":"STYLORAL PTE. LTD"},"image":{"@id":"https:\/\/tourcruiser.com\/de\/#\/schema\/logo\/image\/"}}]}},"_links":{"self":[{"href":"https:\/\/tourcruiser.com\/de\/wp-json\/wp\/v2\/product\/163071","targetHints":{"allow":["GET"]}}],"collection":[{"href":"https:\/\/tourcruiser.com\/de\/wp-json\/wp\/v2\/product"}],"about":[{"href":"https:\/\/tourcruiser.com\/de\/wp-json\/wp\/v2\/types\/product"}],"replies":[{"embeddable":true,"href":"https:\/\/tourcruiser.com\/de\/wp-json\/wp\/v2\/comments?post=163071"}],"wp:featuredmedia":[{"embeddable":true,"href":"https:\/\/tourcruiser.com\/de\/wp-json\/wp\/v2\/media\/163072"}],"wp:attachment":[{"href":"https:\/\/tourcruiser.com\/de\/wp-json\/wp\/v2\/media?parent=163071"}],"wp:term":[{"taxonomy":"product_brand","embeddable":true,"href":"https:\/\/tourcruiser.com\/de\/wp-json\/wp\/v2\/product_brand?post=163071"},{"taxonomy":"product_cat","embeddable":true,"href":"https:\/\/tourcruiser.com\/de\/wp-json\/wp\/v2\/product_cat?post=163071"},{"taxonomy":"product_tag","embeddable":true,"href":"https:\/\/tourcruiser.com\/de\/wp-json\/wp\/v2\/product_tag?post=163071"}],"curies":[{"name":"wp","href":"https:\/\/api.w.org\/{rel}","templated":true}]}}