{"id":162386,"date":"2026-03-02T16:09:03","date_gmt":"2026-03-02T09:09:03","guid":{"rendered":"http:\/\/tourcruiser.com\/product\/women-nike-air-max-90-lv9-sanddrift-jade-horizon"},"modified":"2026-03-28T01:31:31","modified_gmt":"2026-03-27T18:31:31","slug":"women-nike-air-max-90-lv9-sanddrift-jade-horizon","status":"publish","type":"product","link":"https:\/\/tourcruiser.com\/de\/products\/women-nike-air-max-90-lv9-sanddrift-jade-horizon\/","title":{"rendered":"(Women) Nike Air Max 90 LV9 &#8218;Sanddrift Jade Horizon&#8216;"},"content":{"rendered":"<p>Erleben Sie zeitlosen Stil und \u00fcberragenden Tragekomfort mit dem Nike Air Max 90 LV8 FD4328-108 \u201d\u201c die perfekte Kombination aus klassischem Design und moderner Innovation. Dieser Sneaker besticht durch sein hochwertiges Obermaterial in Wei\u00df und neutralen T\u00f6nen und ist aus erstklassigen Materialien gefertigt, die f\u00fcr Langlebigkeit und eine elegante Optik sorgen. Die legend\u00e4re Max Air-Einheit in der Sohle bietet au\u00dfergew\u00f6hnliche D\u00e4mpfung und macht den Schuh ideal f\u00fcr den ganzen Tag. Gepolsterter Schaftrand und Zunge garantieren eine bequeme, eng anliegende Passform, w\u00e4hrend die Gummisohle mit Waffelprofil zuverl\u00e4ssige Traktion und Grip bietet. Feiern Sie die Tradition der Air Max-Linie mit diesem aktualisierten Klassiker, der sich m\u00fchelos in jedes Outfit integrieren l\u00e4sst. Ideal f\u00fcr Modebegeisterte und Sneaker-Sammler gleicherma\u00dfen \u201d\u201c ein vielseitiger Schuh f\u00fcr l\u00e4ssige und sportliche Looks.<\/p>\n<ul>\n<li><strong>Farbgebung:<\/strong> Sand Drift\/Light Army\/Jade Horizon\/Lightborn.<\/li>\n<li><strong>Artikelnummer:<\/strong> FD4328-108<\/li>\n<li><strong>Obermaterial:<\/strong> Wildleder<\/li>\n<li><strong>Zwischensohle:<\/strong> Air<\/li>\n<li><strong>Farbe:<\/strong> Grau<\/li>\n<li><strong>Designer:<\/strong> Tinker Hatfield<\/li>\n<\/ul>\n","protected":false},"excerpt":{"rendered":"<p>Nike Air Max 90 LV8 \u201d\u201d Sand Drift\/Light Army\/Jade Horizon\/Lightborn.<\/p>\n","protected":false},"featured_media":162387,"comment_status":"open","ping_status":"closed","template":"","meta":[],"product_brand":[],"product_cat":[10809],"product_tag":[10754,10765,10801,10768,10758],"class_list":{"0":"post-162386","1":"product","2":"type-product","3":"status-publish","4":"has-post-thumbnail","6":"product_cat-nike-women","7":"product_tag-lifestyle-casual-shoes","8":"product_tag-lifestyle-shoes-running-inspired","9":"product_tag-nike","10":"product_tag-retro-running-shoes","11":"product_tag-under-retail","12":"wcpa_has_options","14":"first","15":"outofstock","16":"taxable","17":"shipping-taxable","18":"purchasable","19":"product-type-simple"},"wcpa_form_fields":{"rules":{"pric_overide_base_price":false,"pric_overide_base_price_if_gt_zero":false,"pric_overide_base_price_fully":false,"pric_cal_option_once":false,"pric_use_as_fee":false,"bind_quantity":false,"quantity_bind_formula":false},"fields":[{"type":"color-group","required":true,"elementId":"wcpa-color-group-66c4a75505e74","label":"Gr\u00f6\u00dfe - EU Gr\u00f6\u00dfe","inline":true,"priceOptions":"different_for_all","pricingType":"fixed","className":"hassizechart product-shoes-size-eu product-shoes-size","name":"color-group-66c4a75505e89","disp_type":"square","selection_type":"tick-border","disp_size":"44","show_label_inside":true,"adjust_width":true,"cart_display_type":"text","other_text":"Other","cl_rule":"show","col":6,"values":[{"label":"35.5","value":"EU 35.5","price":"","pimage":"","pimage_id":"","pthumb":"","color":""},{"label":"36","value":"EU 36","price":"","pimage":"","pimage_id":"","pthumb":"","color":"","selected":true},{"label":"36.5","value":"EU 36.5","price":"","pimage":"","pimage_id":"","pthumb":"","color":""},{"label":"37.5","value":"EU 37.5","price":"","pimage":"","pimage_id":"","pthumb":"","color":""},{"label":"38","value":"EU 38","price":"","pimage":"","pimage_id":"","pthumb":"","color":""},{"label":"38.5","value":"EU 38.5","price":"","pimage":"","pimage_id":"","pthumb":"","color":""},{"label":"39","value":"EU 39","price":"","pimage":"","pimage_id":"","pthumb":"","color":""},{"label":"40","value":"EU 40","price":"","pimage":"","pimage_id":"","pthumb":"","color":""},{"label":"40.5","value":"EU 40.5","price":"","pimage":"","pimage_id":"","pthumb":"","color":""},{"label":"41","value":"EU 41","price":"","pimage":"","pimage_id":"","pthumb":"","color":""},{"label":"42","value":"EU 42","price":"","pimage":"","pimage_id":"","pthumb":"","color":""},{"label":"42.5","value":"EU 42.5","price":"","pimage":"","pimage_id":"","pthumb":"","color":""},{"label":"43","value":"EU 43","price":"","pimage":"","pimage_id":"","pthumb":"","color":""},{"label":"44","value":"EU 44","price":"","pimage":"","pimage_id":"","pthumb":"","color":""},{"label":"44.5","value":"EU 44.5","price":"","pimage":"","pimage_id":"","pthumb":"","color":""},{"label":"45","value":"EU 45","price":"","pimage":"","pimage_id":"","pthumb":"","color":""},{"label":"45.5","value":"EU 45.5","price":"","pimage":"","pimage_id":"","pthumb":"","color":""},{"label":"46","value":"EU 46","price":"","pimage":"","pimage_id":"","pthumb":"","color":""},{"label":"47","value":"EU 47","price":"","pimage":"","pimage_id":"","pthumb":"","color":""},{"label":"47.5","value":"EU 47.5","price":"","pimage":"","pimage_id":"","pthumb":"","color":""},{"label":"48","value":"EU 48","price":"","pimage":"","pimage_id":"","pthumb":"","color":""}],"relations":[{"operator":false,"rules":[]}],"form_id":18106,"form_rules":{"pric_cal_option_once":false,"exclude_from_discount":false,"pric_use_as_fee":false,"fee_label":"Fee","render_after_acb":false,"disp_hide_options_price":false}}]},"yoast_head":"<!-- This site is optimized with the Yoast SEO plugin v26.5 - https:\/\/yoast.com\/wordpress\/plugins\/seo\/ -->\n<title>(Women) Nike Air Max 90 LV9 &#039;Sanddrift Jade Horizon&#039;  - Tourcruiser PTE. LTD<\/title>\n<meta name=\"robots\" content=\"index, follow, max-snippet:-1, max-image-preview:large, max-video-preview:-1\" \/>\n<link rel=\"canonical\" href=\"https:\/\/tourcruiser.com\/de\/products\/women-nike-air-max-90-lv9-sanddrift-jade-horizon\/\" \/>\n<meta property=\"og:locale\" content=\"de_DE\" \/>\n<meta property=\"og:type\" content=\"article\" \/>\n<meta property=\"og:title\" content=\"(Women) Nike Air Max 90 LV9 &#039;Sanddrift Jade Horizon&#039;  - Tourcruiser PTE. LTD\" \/>\n<meta property=\"og:description\" content=\"Nike Air Max 90 LV8 \u201d\u201d Sand Drift\/Light Army\/Jade Horizon\/Lightborn.\" \/>\n<meta property=\"og:url\" content=\"https:\/\/tourcruiser.com\/de\/products\/women-nike-air-max-90-lv9-sanddrift-jade-horizon\/\" \/>\n<meta property=\"og:site_name\" content=\"Tourcruiser Sneaker Store\" \/>\n<meta property=\"article:modified_time\" content=\"2026-03-27T18:31:31+00:00\" \/>\n<meta name=\"twitter:card\" content=\"summary_large_image\" \/>\n<meta name=\"twitter:image\" content=\"https:\/\/images.novelship.com\/product\/_w__nike_air_max_90_lv8_fd4328-108_0_73946.png;https:\/\/images.novelship.com\/product\/_w__nike_air_max_90_lv8_fd4328-108_1_73946.png;https:\/\/images.novelship.com\/product\/_w__nike_air_max_90_lv8_fd4328-108_2_73946.png;https:\/\/images.novelship.com\/product\/_w__nike_air_max_90_lv8_fd4328-108_3_73946.png;https:\/\/images.novelship.com\/product\/_w__nike_air_max_90_lv8_fd4328-108_4_73946.png;https:\/\/images.novelship.com\/product\/_w__nike_air_max_90_lv8_fd4328-108_5_73946.png;https:\/\/images.novelship.com\/product\/_w__nike_air_max_90_lv8_fd4328-108_6_73947.png;https:\/\/images.novelship.com\/product\/_w__nike_air_max_90_lv8_fd4328-108_7_73947.png\" \/>\n<meta name=\"twitter:label1\" content=\"Gesch\u00e4tzte Lesezeit\" \/>\n\t<meta name=\"twitter:data1\" content=\"1\u00a0Minute\" \/>\n<script type=\"application\/ld+json\" class=\"yoast-schema-graph\">{\"@context\":\"https:\/\/schema.org\",\"@graph\":[{\"@type\":\"WebPage\",\"@id\":\"https:\/\/tourcruiser.com\/de\/products\/women-nike-air-max-90-lv9-sanddrift-jade-horizon\/\",\"url\":\"https:\/\/tourcruiser.com\/de\/products\/women-nike-air-max-90-lv9-sanddrift-jade-horizon\/\",\"name\":\"(Women) Nike Air Max 90 LV9 'Sanddrift Jade Horizon' - Tourcruiser PTE. LTD\",\"isPartOf\":{\"@id\":\"https:\/\/tourcruiser.com\/de\/#website\"},\"primaryImageOfPage\":{\"@id\":\"https:\/\/tourcruiser.com\/de\/products\/women-nike-air-max-90-lv9-sanddrift-jade-horizon\/#primaryimage\"},\"image\":{\"@id\":\"https:\/\/tourcruiser.com\/de\/products\/women-nike-air-max-90-lv9-sanddrift-jade-horizon\/#primaryimage\"},\"thumbnailUrl\":\"https:\/\/images.novelship.com\/product\/_w__nike_air_max_90_lv8_fd4328-108_0_73946.png;https:\/\/images.novelship.com\/product\/_w__nike_air_max_90_lv8_fd4328-108_1_73946.png;https:\/\/images.novelship.com\/product\/_w__nike_air_max_90_lv8_fd4328-108_2_73946.png;https:\/\/images.novelship.com\/product\/_w__nike_air_max_90_lv8_fd4328-108_3_73946.png;https:\/\/images.novelship.com\/product\/_w__nike_air_max_90_lv8_fd4328-108_4_73946.png;https:\/\/images.novelship.com\/product\/_w__nike_air_max_90_lv8_fd4328-108_5_73946.png;https:\/\/images.novelship.com\/product\/_w__nike_air_max_90_lv8_fd4328-108_6_73947.png;https:\/\/images.novelship.com\/product\/_w__nike_air_max_90_lv8_fd4328-108_7_73947.png\",\"datePublished\":\"2026-03-02T09:09:03+00:00\",\"dateModified\":\"2026-03-27T18:31:31+00:00\",\"breadcrumb\":{\"@id\":\"https:\/\/tourcruiser.com\/de\/products\/women-nike-air-max-90-lv9-sanddrift-jade-horizon\/#breadcrumb\"},\"inLanguage\":\"de\",\"potentialAction\":[{\"@type\":\"ReadAction\",\"target\":[\"https:\/\/tourcruiser.com\/de\/products\/women-nike-air-max-90-lv9-sanddrift-jade-horizon\/\"]}]},{\"@type\":\"ImageObject\",\"inLanguage\":\"de\",\"@id\":\"https:\/\/tourcruiser.com\/de\/products\/women-nike-air-max-90-lv9-sanddrift-jade-horizon\/#primaryimage\",\"url\":\"https:\/\/images.novelship.com\/product\/_w__nike_air_max_90_lv8_fd4328-108_0_73946.png;https:\/\/images.novelship.com\/product\/_w__nike_air_max_90_lv8_fd4328-108_1_73946.png;https:\/\/images.novelship.com\/product\/_w__nike_air_max_90_lv8_fd4328-108_2_73946.png;https:\/\/images.novelship.com\/product\/_w__nike_air_max_90_lv8_fd4328-108_3_73946.png;https:\/\/images.novelship.com\/product\/_w__nike_air_max_90_lv8_fd4328-108_4_73946.png;https:\/\/images.novelship.com\/product\/_w__nike_air_max_90_lv8_fd4328-108_5_73946.png;https:\/\/images.novelship.com\/product\/_w__nike_air_max_90_lv8_fd4328-108_6_73947.png;https:\/\/images.novelship.com\/product\/_w__nike_air_max_90_lv8_fd4328-108_7_73947.png\",\"contentUrl\":\"https:\/\/images.novelship.com\/product\/_w__nike_air_max_90_lv8_fd4328-108_0_73946.png;https:\/\/images.novelship.com\/product\/_w__nike_air_max_90_lv8_fd4328-108_1_73946.png;https:\/\/images.novelship.com\/product\/_w__nike_air_max_90_lv8_fd4328-108_2_73946.png;https:\/\/images.novelship.com\/product\/_w__nike_air_max_90_lv8_fd4328-108_3_73946.png;https:\/\/images.novelship.com\/product\/_w__nike_air_max_90_lv8_fd4328-108_4_73946.png;https:\/\/images.novelship.com\/product\/_w__nike_air_max_90_lv8_fd4328-108_5_73946.png;https:\/\/images.novelship.com\/product\/_w__nike_air_max_90_lv8_fd4328-108_6_73947.png;https:\/\/images.novelship.com\/product\/_w__nike_air_max_90_lv8_fd4328-108_7_73947.png\"},{\"@type\":\"BreadcrumbList\",\"@id\":\"https:\/\/tourcruiser.com\/de\/products\/women-nike-air-max-90-lv9-sanddrift-jade-horizon\/#breadcrumb\",\"itemListElement\":[{\"@type\":\"ListItem\",\"position\":1,\"name\":\"Home\",\"item\":\"https:\/\/tourcruiser.com\/de\/\"},{\"@type\":\"ListItem\",\"position\":2,\"name\":\"Shop\",\"item\":\"https:\/\/tourcruiser.com\/de\/shop\/\"},{\"@type\":\"ListItem\",\"position\":3,\"name\":\"(Women) Nike Air Max 90 LV9 'Sanddrift Jade Horizon'\"}]},{\"@type\":\"WebSite\",\"@id\":\"https:\/\/tourcruiser.com\/de\/#website\",\"url\":\"https:\/\/tourcruiser.com\/de\/\",\"name\":\"Styloral Jewelry Shop\",\"description\":\"Tourcruiser Sneaker Store \u2014 der Ort, an dem das Universum deine Einzigartigkeit trifft.\",\"publisher\":{\"@id\":\"https:\/\/tourcruiser.com\/de\/#organization\"},\"potentialAction\":[{\"@type\":\"SearchAction\",\"target\":{\"@type\":\"EntryPoint\",\"urlTemplate\":\"https:\/\/tourcruiser.com\/de\/?s={search_term_string}\"},\"query-input\":{\"@type\":\"PropertyValueSpecification\",\"valueRequired\":true,\"valueName\":\"search_term_string\"}}],\"inLanguage\":\"de\"},{\"@type\":\"Organization\",\"@id\":\"https:\/\/tourcruiser.com\/de\/#organization\",\"name\":\"STYLORAL PTE. LTD\",\"url\":\"https:\/\/tourcruiser.com\/de\/\",\"logo\":{\"@type\":\"ImageObject\",\"inLanguage\":\"de\",\"@id\":\"https:\/\/tourcruiser.com\/de\/#\/schema\/logo\/image\/\",\"url\":\"https:\/\/www.tourcruiser.com\/wp-content\/uploads\/2025\/12\/logo.png\",\"contentUrl\":\"https:\/\/www.tourcruiser.com\/wp-content\/uploads\/2025\/12\/logo.png\",\"width\":200,\"height\":65,\"caption\":\"STYLORAL PTE. LTD\"},\"image\":{\"@id\":\"https:\/\/tourcruiser.com\/de\/#\/schema\/logo\/image\/\"}}]}<\/script>\n<!-- \/ Yoast SEO plugin. -->","yoast_head_json":{"title":"(Women) Nike Air Max 90 LV9 'Sanddrift Jade Horizon'  - Tourcruiser PTE. LTD","robots":{"index":"index","follow":"follow","max-snippet":"max-snippet:-1","max-image-preview":"max-image-preview:large","max-video-preview":"max-video-preview:-1"},"canonical":"https:\/\/tourcruiser.com\/de\/products\/women-nike-air-max-90-lv9-sanddrift-jade-horizon\/","og_locale":"de_DE","og_type":"article","og_title":"(Women) Nike Air Max 90 LV9 'Sanddrift Jade Horizon'  - Tourcruiser PTE. LTD","og_description":"Nike Air Max 90 LV8 \u201d\u201d Sand Drift\/Light Army\/Jade Horizon\/Lightborn.","og_url":"https:\/\/tourcruiser.com\/de\/products\/women-nike-air-max-90-lv9-sanddrift-jade-horizon\/","og_site_name":"Tourcruiser Sneaker Store","article_modified_time":"2026-03-27T18:31:31+00:00","twitter_card":"summary_large_image","twitter_image":"https:\/\/images.novelship.com\/product\/_w__nike_air_max_90_lv8_fd4328-108_0_73946.png;https:\/\/images.novelship.com\/product\/_w__nike_air_max_90_lv8_fd4328-108_1_73946.png;https:\/\/images.novelship.com\/product\/_w__nike_air_max_90_lv8_fd4328-108_2_73946.png;https:\/\/images.novelship.com\/product\/_w__nike_air_max_90_lv8_fd4328-108_3_73946.png;https:\/\/images.novelship.com\/product\/_w__nike_air_max_90_lv8_fd4328-108_4_73946.png;https:\/\/images.novelship.com\/product\/_w__nike_air_max_90_lv8_fd4328-108_5_73946.png;https:\/\/images.novelship.com\/product\/_w__nike_air_max_90_lv8_fd4328-108_6_73947.png;https:\/\/images.novelship.com\/product\/_w__nike_air_max_90_lv8_fd4328-108_7_73947.png","twitter_misc":{"Gesch\u00e4tzte Lesezeit":"1\u00a0Minute"},"schema":{"@context":"https:\/\/schema.org","@graph":[{"@type":"WebPage","@id":"https:\/\/tourcruiser.com\/de\/products\/women-nike-air-max-90-lv9-sanddrift-jade-horizon\/","url":"https:\/\/tourcruiser.com\/de\/products\/women-nike-air-max-90-lv9-sanddrift-jade-horizon\/","name":"(Women) Nike Air Max 90 LV9 'Sanddrift Jade Horizon' - Tourcruiser PTE. LTD","isPartOf":{"@id":"https:\/\/tourcruiser.com\/de\/#website"},"primaryImageOfPage":{"@id":"https:\/\/tourcruiser.com\/de\/products\/women-nike-air-max-90-lv9-sanddrift-jade-horizon\/#primaryimage"},"image":{"@id":"https:\/\/tourcruiser.com\/de\/products\/women-nike-air-max-90-lv9-sanddrift-jade-horizon\/#primaryimage"},"thumbnailUrl":"https:\/\/images.novelship.com\/product\/_w__nike_air_max_90_lv8_fd4328-108_0_73946.png;https:\/\/images.novelship.com\/product\/_w__nike_air_max_90_lv8_fd4328-108_1_73946.png;https:\/\/images.novelship.com\/product\/_w__nike_air_max_90_lv8_fd4328-108_2_73946.png;https:\/\/images.novelship.com\/product\/_w__nike_air_max_90_lv8_fd4328-108_3_73946.png;https:\/\/images.novelship.com\/product\/_w__nike_air_max_90_lv8_fd4328-108_4_73946.png;https:\/\/images.novelship.com\/product\/_w__nike_air_max_90_lv8_fd4328-108_5_73946.png;https:\/\/images.novelship.com\/product\/_w__nike_air_max_90_lv8_fd4328-108_6_73947.png;https:\/\/images.novelship.com\/product\/_w__nike_air_max_90_lv8_fd4328-108_7_73947.png","datePublished":"2026-03-02T09:09:03+00:00","dateModified":"2026-03-27T18:31:31+00:00","breadcrumb":{"@id":"https:\/\/tourcruiser.com\/de\/products\/women-nike-air-max-90-lv9-sanddrift-jade-horizon\/#breadcrumb"},"inLanguage":"de","potentialAction":[{"@type":"ReadAction","target":["https:\/\/tourcruiser.com\/de\/products\/women-nike-air-max-90-lv9-sanddrift-jade-horizon\/"]}]},{"@type":"ImageObject","inLanguage":"de","@id":"https:\/\/tourcruiser.com\/de\/products\/women-nike-air-max-90-lv9-sanddrift-jade-horizon\/#primaryimage","url":"https:\/\/images.novelship.com\/product\/_w__nike_air_max_90_lv8_fd4328-108_0_73946.png;https:\/\/images.novelship.com\/product\/_w__nike_air_max_90_lv8_fd4328-108_1_73946.png;https:\/\/images.novelship.com\/product\/_w__nike_air_max_90_lv8_fd4328-108_2_73946.png;https:\/\/images.novelship.com\/product\/_w__nike_air_max_90_lv8_fd4328-108_3_73946.png;https:\/\/images.novelship.com\/product\/_w__nike_air_max_90_lv8_fd4328-108_4_73946.png;https:\/\/images.novelship.com\/product\/_w__nike_air_max_90_lv8_fd4328-108_5_73946.png;https:\/\/images.novelship.com\/product\/_w__nike_air_max_90_lv8_fd4328-108_6_73947.png;https:\/\/images.novelship.com\/product\/_w__nike_air_max_90_lv8_fd4328-108_7_73947.png","contentUrl":"https:\/\/images.novelship.com\/product\/_w__nike_air_max_90_lv8_fd4328-108_0_73946.png;https:\/\/images.novelship.com\/product\/_w__nike_air_max_90_lv8_fd4328-108_1_73946.png;https:\/\/images.novelship.com\/product\/_w__nike_air_max_90_lv8_fd4328-108_2_73946.png;https:\/\/images.novelship.com\/product\/_w__nike_air_max_90_lv8_fd4328-108_3_73946.png;https:\/\/images.novelship.com\/product\/_w__nike_air_max_90_lv8_fd4328-108_4_73946.png;https:\/\/images.novelship.com\/product\/_w__nike_air_max_90_lv8_fd4328-108_5_73946.png;https:\/\/images.novelship.com\/product\/_w__nike_air_max_90_lv8_fd4328-108_6_73947.png;https:\/\/images.novelship.com\/product\/_w__nike_air_max_90_lv8_fd4328-108_7_73947.png"},{"@type":"BreadcrumbList","@id":"https:\/\/tourcruiser.com\/de\/products\/women-nike-air-max-90-lv9-sanddrift-jade-horizon\/#breadcrumb","itemListElement":[{"@type":"ListItem","position":1,"name":"Home","item":"https:\/\/tourcruiser.com\/de\/"},{"@type":"ListItem","position":2,"name":"Shop","item":"https:\/\/tourcruiser.com\/de\/shop\/"},{"@type":"ListItem","position":3,"name":"(Women) Nike Air Max 90 LV9 'Sanddrift Jade Horizon'"}]},{"@type":"WebSite","@id":"https:\/\/tourcruiser.com\/de\/#website","url":"https:\/\/tourcruiser.com\/de\/","name":"Styloral Jewelry Shop","description":"Tourcruiser Sneaker Store \u2014 der Ort, an dem das Universum deine Einzigartigkeit trifft.","publisher":{"@id":"https:\/\/tourcruiser.com\/de\/#organization"},"potentialAction":[{"@type":"SearchAction","target":{"@type":"EntryPoint","urlTemplate":"https:\/\/tourcruiser.com\/de\/?s={search_term_string}"},"query-input":{"@type":"PropertyValueSpecification","valueRequired":true,"valueName":"search_term_string"}}],"inLanguage":"de"},{"@type":"Organization","@id":"https:\/\/tourcruiser.com\/de\/#organization","name":"STYLORAL PTE. LTD","url":"https:\/\/tourcruiser.com\/de\/","logo":{"@type":"ImageObject","inLanguage":"de","@id":"https:\/\/tourcruiser.com\/de\/#\/schema\/logo\/image\/","url":"https:\/\/www.tourcruiser.com\/wp-content\/uploads\/2025\/12\/logo.png","contentUrl":"https:\/\/www.tourcruiser.com\/wp-content\/uploads\/2025\/12\/logo.png","width":200,"height":65,"caption":"STYLORAL PTE. LTD"},"image":{"@id":"https:\/\/tourcruiser.com\/de\/#\/schema\/logo\/image\/"}}]}},"_links":{"self":[{"href":"https:\/\/tourcruiser.com\/de\/wp-json\/wp\/v2\/product\/162386","targetHints":{"allow":["GET"]}}],"collection":[{"href":"https:\/\/tourcruiser.com\/de\/wp-json\/wp\/v2\/product"}],"about":[{"href":"https:\/\/tourcruiser.com\/de\/wp-json\/wp\/v2\/types\/product"}],"replies":[{"embeddable":true,"href":"https:\/\/tourcruiser.com\/de\/wp-json\/wp\/v2\/comments?post=162386"}],"wp:featuredmedia":[{"embeddable":true,"href":"https:\/\/tourcruiser.com\/de\/wp-json\/wp\/v2\/media\/162387"}],"wp:attachment":[{"href":"https:\/\/tourcruiser.com\/de\/wp-json\/wp\/v2\/media?parent=162386"}],"wp:term":[{"taxonomy":"product_brand","embeddable":true,"href":"https:\/\/tourcruiser.com\/de\/wp-json\/wp\/v2\/product_brand?post=162386"},{"taxonomy":"product_cat","embeddable":true,"href":"https:\/\/tourcruiser.com\/de\/wp-json\/wp\/v2\/product_cat?post=162386"},{"taxonomy":"product_tag","embeddable":true,"href":"https:\/\/tourcruiser.com\/de\/wp-json\/wp\/v2\/product_tag?post=162386"}],"curies":[{"name":"wp","href":"https:\/\/api.w.org\/{rel}","templated":true}]}}