{"id":162331,"date":"2026-03-02T16:08:58","date_gmt":"2026-03-02T09:08:58","guid":{"rendered":"http:\/\/tourcruiser.com\/product\/sporty-rich-x-adidas-handball-spezial-shadow-red"},"modified":"2026-03-28T01:31:30","modified_gmt":"2026-03-27T18:31:30","slug":"sporty-rich-x-adidas-handball-spezial-shadow-red","status":"publish","type":"product","link":"https:\/\/tourcruiser.com\/de\/products\/sporty-rich-x-adidas-handball-spezial-shadow-red\/","title":{"rendered":"Sporty &#038; Rich x adidas Handball Spezial &#8218;Shadow Red&#8216;"},"content":{"rendered":"<p>Mit dem Sporty &#038; Rich x adidas Handball Spezial &#8218;Shadow Red&#8216; JP7068 verleihst du deinem Sneaker-Style das gewisse Etwas \u201d\u201c eine harmonische Verbindung von Retro-Design und modernem Flair. Diese exklusive Kollaboration interpretiert die klassische Handball Spezial Silhouette neu: Das hochwertige Obermaterial aus Wildleder in Shadow Red wird durch die strahlend wei\u00dfen Three Stripes und goldene Co-Branding-Akzente dezent und luxuri\u00f6s erg\u00e4nzt.<\/p>\n<p>Der pr\u00e4zise gefertigte Schuh verf\u00fcgt \u00fcber eine Gummisohle f\u00fcr optimale Traktion und Langlebigkeit und ist somit perfekt f\u00fcr die Stadt und sportliche Aktivit\u00e4ten. Das elegante Low-Top-Design sorgt f\u00fcr Komfort und Vielseitigkeit, w\u00e4hrend das weiche Innenfutter und die gepolsterte Innensohle ganzt\u00e4gigen Tragekomfort bieten.<\/p>\n<p>Diese limitierte Edition vereint die minimalistische \u00c4sthetik von Sporty &#038; Rich mit der traditionsreichen Geschichte von adidas und ist ein Must-have f\u00fcr Sneaker-Fans und modebewusste Menschen. Das zeitlose Design und die Liebe zum Detail machen den &#8218;Shadow Red&#8216; JP7068 zu einem echten Hingucker in jeder Garderobe.<\/p>\n<p>Ob f\u00fcr einen schnellen Kaffee oder einen l\u00e4ssigen Ausflug \u201d\u201c diese Sneaker werten Ihren Look m\u00fchelos auf. Erleben Sie die perfekte Kombination aus Stil, Komfort und Funktionalit\u00e4t mit einem Paar, das Eleganz und sportlichen Charme vereint.<\/p>\n<ul>\n<li><strong>Farbgebung:<\/strong> Shadow Red\/Cloud White\/Gum<\/li>\n<li><strong>Artikelnummer:<\/strong> JP7068<\/li>\n<li><strong>Obermaterial:<\/strong> Wildleder<\/li>\n<li><strong>Farbe:<\/strong> Rot<\/li>\n<li><strong>Saison:<\/strong> Winter<\/li>\n<li><strong>Erscheinungsjahr:<\/strong> 2025<\/li>\n<\/ul>\n","protected":false},"excerpt":{"rendered":"<p>adidas Handball Spezial \u201d\u201d Shadow Red\/Cloud White\/Gum<\/p>\n","protected":false},"featured_media":162332,"comment_status":"open","ping_status":"closed","template":"","meta":[],"product_brand":[],"product_cat":[10760],"product_tag":[10759,10750,10847,10751,10752,10754,10949,10756,10785,10786,10758],"class_list":{"0":"post-162331","1":"product","2":"type-product","3":"status-publish","4":"has-post-thumbnail","6":"product_cat-adidas","7":"product_tag-adidas","8":"product_tag-athleisure-shoes","9":"product_tag-best-finds-under-100","10":"product_tag-best-seller","11":"product_tag-gallery-look","12":"product_tag-lifestyle-casual-shoes","13":"product_tag-lifestyle-shoes-handball-inspired","14":"product_tag-retro-casual-shoes","15":"product_tag-trending-deals","16":"product_tag-trending-deals-under-150","17":"product_tag-under-retail","18":"wcpa_has_options","20":"first","21":"outofstock","22":"taxable","23":"shipping-taxable","24":"purchasable","25":"product-type-simple"},"wcpa_form_fields":{"rules":{"pric_overide_base_price":false,"pric_overide_base_price_if_gt_zero":false,"pric_overide_base_price_fully":false,"pric_cal_option_once":false,"pric_use_as_fee":false,"bind_quantity":false,"quantity_bind_formula":false},"fields":[{"type":"color-group","required":true,"elementId":"wcpa-color-group-66c4a7f817afe","label":"Gr\u00f6\u00dfe","inline":true,"priceOptions":"different_for_all","pricingType":"fixed","className":"hassizechart product-shoes-size-eu product-shoes-size","name":"color-group-66c4a7f817b18","disp_type":"square","selection_type":"tick-border","disp_size":"50","show_label_inside":true,"adjust_width":true,"cart_display_type":"text","other_text":"Other","cl_rule":"show","col":6,"values":[{"label":"35","value":"EU 35","price":"","pimage":"","pimage_id":"","pthumb":"","color":""},{"label":"35.5","value":"EU 35.5","price":"","pimage":"","pimage_id":"","pthumb":"","color":""},{"label":"36","value":"EU 36","price":"","pimage":"","pimage_id":"","pthumb":"","color":"","selected":true},{"label":"36 2\/3","value":"EU 36 2\/3","price":"","pimage":"","pimage_id":"","pthumb":"","color":""},{"label":"37 1\/3","value":"EU 37 1\/3","price":"","pimage":"","pimage_id":"","pthumb":"","color":""},{"label":"38","value":"EU 38","price":"","pimage":"","pimage_id":"","pthumb":"","color":""},{"label":"38 2\/3","value":"EU 38 2\/3","price":"","pimage":"","pimage_id":"","pthumb":"","color":""},{"label":"39 1\/3","value":"EU 39 1\/3","price":"","pimage":"","pimage_id":"","pthumb":"","color":""},{"label":"40","value":"EU 40","price":"","pimage":"","pimage_id":"","pthumb":"","color":""},{"label":"40 2\/3","value":"EU 40 2\/3","price":"","pimage":"","pimage_id":"","pthumb":"","color":""},{"label":"41 1\/3","value":"EU 41 1\/3","price":"","pimage":"","pimage_id":"","pthumb":"","color":""},{"label":"42","value":"EU 42","price":"","pimage":"","pimage_id":"","pthumb":"","color":""},{"label":"42 2\/3","value":"EU 42 2\/3","price":"","pimage":"","pimage_id":"","pthumb":"","color":""},{"label":"43 1\/3","value":"EU 43 1\/3","price":"","pimage":"","pimage_id":"","pthumb":"","color":""},{"label":"44","value":"EU 44","price":"","pimage":"","pimage_id":"","pthumb":"","color":""},{"label":"44 2\/3","value":"EU 44 2\/3","price":"","pimage":"","pimage_id":"","pthumb":"","color":""},{"label":"45 1\/3","value":"EU 45 1\/3","price":"","pimage":"","pimage_id":"","pthumb":"","color":""},{"label":"46","value":"EU 46","price":"","pimage":"","pimage_id":"","pthumb":"","color":""},{"label":"46 2\/3","value":"EU 46 2\/3","price":"","pimage":"","pimage_id":"","pthumb":"","color":""},{"label":"47 1\/3","value":"EU 47 1\/3","price":"","pimage":"","pimage_id":"","pthumb":"","color":""}],"relations":[{"operator":false,"rules":[]}],"form_id":24802,"form_rules":{"pric_cal_option_once":false,"exclude_from_discount":false,"pric_use_as_fee":false,"fee_label":"Fee","render_after_acb":false,"disp_hide_options_price":false}}]},"yoast_head":"<!-- This site is optimized with the Yoast SEO plugin v26.5 - https:\/\/yoast.com\/wordpress\/plugins\/seo\/ -->\n<title>Sporty &amp; Rich x adidas Handball Spezial &#039;Shadow Red&#039;  - Tourcruiser PTE. LTD<\/title>\n<meta name=\"robots\" content=\"index, follow, max-snippet:-1, max-image-preview:large, max-video-preview:-1\" \/>\n<link rel=\"canonical\" href=\"https:\/\/tourcruiser.com\/de\/products\/sporty-rich-x-adidas-handball-spezial-shadow-red\/\" \/>\n<meta property=\"og:locale\" content=\"de_DE\" \/>\n<meta property=\"og:type\" content=\"article\" \/>\n<meta property=\"og:title\" content=\"Sporty &amp; Rich x adidas Handball Spezial &#039;Shadow Red&#039;  - Tourcruiser PTE. LTD\" \/>\n<meta property=\"og:description\" content=\"adidas Handball Spezial \u201d\u201d Shadow Red\/Cloud White\/Gum\" \/>\n<meta property=\"og:url\" content=\"https:\/\/tourcruiser.com\/de\/products\/sporty-rich-x-adidas-handball-spezial-shadow-red\/\" \/>\n<meta property=\"og:site_name\" content=\"Tourcruiser Sneaker Store\" \/>\n<meta property=\"article:modified_time\" content=\"2026-03-27T18:31:30+00:00\" \/>\n<meta name=\"twitter:card\" content=\"summary_large_image\" \/>\n<meta name=\"twitter:image\" content=\"https:\/\/images.novelship.com\/product\/sporty___rich_x_adidas_handball_spezial__shadow_re_0_90118.jpeg;https:\/\/images.novelship.com\/product\/sporty___rich_x_adidas_handball_spezial__shadow_re_1_90118.png;https:\/\/images.novelship.com\/product\/sporty___rich_x_adidas_handball_spezial__shadow_re_2_90118.png;https:\/\/images.novelship.com\/product\/sporty___rich_x_adidas_handball_spezial__shadow_re_3_90118.jpeg;https:\/\/images.novelship.com\/product\/sporty___rich_x_adidas_handball_spezial__shadow_re_4_90118.jpeg;https:\/\/images.novelship.com\/product\/sporty___rich_x_adidas_handball_spezial__shadow_re_5_90118.jpeg;https:\/\/images.novelship.com\/product\/sporty___rich_x_adidas_handball_spezial__shadow_re_6_90118.jpeg;https:\/\/images.novelship.com\/product\/sporty___rich_x_adidas_handball_spezial__shadow_re_7_90118.jpeg;https:\/\/images.novelship.com\/product\/sporty___rich_x_adidas_handball_spezial__shadow_re_8_90118.jpeg;https:\/\/images.novelship.com\/product\/sporty___rich_x_adidas_handball_spezial__shadow_re_9_90118.jpeg\" \/>\n<meta name=\"twitter:label1\" content=\"Gesch\u00e4tzte Lesezeit\" \/>\n\t<meta name=\"twitter:data1\" content=\"1\u00a0Minute\" \/>\n<script type=\"application\/ld+json\" class=\"yoast-schema-graph\">{\"@context\":\"https:\/\/schema.org\",\"@graph\":[{\"@type\":\"WebPage\",\"@id\":\"https:\/\/tourcruiser.com\/de\/products\/sporty-rich-x-adidas-handball-spezial-shadow-red\/\",\"url\":\"https:\/\/tourcruiser.com\/de\/products\/sporty-rich-x-adidas-handball-spezial-shadow-red\/\",\"name\":\"Sporty & Rich x adidas Handball Spezial 'Shadow Red' - Tourcruiser PTE. LTD\",\"isPartOf\":{\"@id\":\"https:\/\/tourcruiser.com\/de\/#website\"},\"primaryImageOfPage\":{\"@id\":\"https:\/\/tourcruiser.com\/de\/products\/sporty-rich-x-adidas-handball-spezial-shadow-red\/#primaryimage\"},\"image\":{\"@id\":\"https:\/\/tourcruiser.com\/de\/products\/sporty-rich-x-adidas-handball-spezial-shadow-red\/#primaryimage\"},\"thumbnailUrl\":\"https:\/\/images.novelship.com\/product\/sporty___rich_x_adidas_handball_spezial__shadow_re_0_90118.jpeg;https:\/\/images.novelship.com\/product\/sporty___rich_x_adidas_handball_spezial__shadow_re_1_90118.png;https:\/\/images.novelship.com\/product\/sporty___rich_x_adidas_handball_spezial__shadow_re_2_90118.png;https:\/\/images.novelship.com\/product\/sporty___rich_x_adidas_handball_spezial__shadow_re_3_90118.jpeg;https:\/\/images.novelship.com\/product\/sporty___rich_x_adidas_handball_spezial__shadow_re_4_90118.jpeg;https:\/\/images.novelship.com\/product\/sporty___rich_x_adidas_handball_spezial__shadow_re_5_90118.jpeg;https:\/\/images.novelship.com\/product\/sporty___rich_x_adidas_handball_spezial__shadow_re_6_90118.jpeg;https:\/\/images.novelship.com\/product\/sporty___rich_x_adidas_handball_spezial__shadow_re_7_90118.jpeg;https:\/\/images.novelship.com\/product\/sporty___rich_x_adidas_handball_spezial__shadow_re_8_90118.jpeg;https:\/\/images.novelship.com\/product\/sporty___rich_x_adidas_handball_spezial__shadow_re_9_90118.jpeg\",\"datePublished\":\"2026-03-02T09:08:58+00:00\",\"dateModified\":\"2026-03-27T18:31:30+00:00\",\"breadcrumb\":{\"@id\":\"https:\/\/tourcruiser.com\/de\/products\/sporty-rich-x-adidas-handball-spezial-shadow-red\/#breadcrumb\"},\"inLanguage\":\"de\",\"potentialAction\":[{\"@type\":\"ReadAction\",\"target\":[\"https:\/\/tourcruiser.com\/de\/products\/sporty-rich-x-adidas-handball-spezial-shadow-red\/\"]}]},{\"@type\":\"ImageObject\",\"inLanguage\":\"de\",\"@id\":\"https:\/\/tourcruiser.com\/de\/products\/sporty-rich-x-adidas-handball-spezial-shadow-red\/#primaryimage\",\"url\":\"https:\/\/images.novelship.com\/product\/sporty___rich_x_adidas_handball_spezial__shadow_re_0_90118.jpeg;https:\/\/images.novelship.com\/product\/sporty___rich_x_adidas_handball_spezial__shadow_re_1_90118.png;https:\/\/images.novelship.com\/product\/sporty___rich_x_adidas_handball_spezial__shadow_re_2_90118.png;https:\/\/images.novelship.com\/product\/sporty___rich_x_adidas_handball_spezial__shadow_re_3_90118.jpeg;https:\/\/images.novelship.com\/product\/sporty___rich_x_adidas_handball_spezial__shadow_re_4_90118.jpeg;https:\/\/images.novelship.com\/product\/sporty___rich_x_adidas_handball_spezial__shadow_re_5_90118.jpeg;https:\/\/images.novelship.com\/product\/sporty___rich_x_adidas_handball_spezial__shadow_re_6_90118.jpeg;https:\/\/images.novelship.com\/product\/sporty___rich_x_adidas_handball_spezial__shadow_re_7_90118.jpeg;https:\/\/images.novelship.com\/product\/sporty___rich_x_adidas_handball_spezial__shadow_re_8_90118.jpeg;https:\/\/images.novelship.com\/product\/sporty___rich_x_adidas_handball_spezial__shadow_re_9_90118.jpeg\",\"contentUrl\":\"https:\/\/images.novelship.com\/product\/sporty___rich_x_adidas_handball_spezial__shadow_re_0_90118.jpeg;https:\/\/images.novelship.com\/product\/sporty___rich_x_adidas_handball_spezial__shadow_re_1_90118.png;https:\/\/images.novelship.com\/product\/sporty___rich_x_adidas_handball_spezial__shadow_re_2_90118.png;https:\/\/images.novelship.com\/product\/sporty___rich_x_adidas_handball_spezial__shadow_re_3_90118.jpeg;https:\/\/images.novelship.com\/product\/sporty___rich_x_adidas_handball_spezial__shadow_re_4_90118.jpeg;https:\/\/images.novelship.com\/product\/sporty___rich_x_adidas_handball_spezial__shadow_re_5_90118.jpeg;https:\/\/images.novelship.com\/product\/sporty___rich_x_adidas_handball_spezial__shadow_re_6_90118.jpeg;https:\/\/images.novelship.com\/product\/sporty___rich_x_adidas_handball_spezial__shadow_re_7_90118.jpeg;https:\/\/images.novelship.com\/product\/sporty___rich_x_adidas_handball_spezial__shadow_re_8_90118.jpeg;https:\/\/images.novelship.com\/product\/sporty___rich_x_adidas_handball_spezial__shadow_re_9_90118.jpeg\"},{\"@type\":\"BreadcrumbList\",\"@id\":\"https:\/\/tourcruiser.com\/de\/products\/sporty-rich-x-adidas-handball-spezial-shadow-red\/#breadcrumb\",\"itemListElement\":[{\"@type\":\"ListItem\",\"position\":1,\"name\":\"Home\",\"item\":\"https:\/\/tourcruiser.com\/de\/\"},{\"@type\":\"ListItem\",\"position\":2,\"name\":\"Shop\",\"item\":\"https:\/\/tourcruiser.com\/de\/shop\/\"},{\"@type\":\"ListItem\",\"position\":3,\"name\":\"Sporty &#038; Rich x adidas Handball Spezial 'Shadow Red'\"}]},{\"@type\":\"WebSite\",\"@id\":\"https:\/\/tourcruiser.com\/de\/#website\",\"url\":\"https:\/\/tourcruiser.com\/de\/\",\"name\":\"Styloral Jewelry Shop\",\"description\":\"Tourcruiser Sneaker Store \u2014 der Ort, an dem das Universum deine Einzigartigkeit trifft.\",\"publisher\":{\"@id\":\"https:\/\/tourcruiser.com\/de\/#organization\"},\"potentialAction\":[{\"@type\":\"SearchAction\",\"target\":{\"@type\":\"EntryPoint\",\"urlTemplate\":\"https:\/\/tourcruiser.com\/de\/?s={search_term_string}\"},\"query-input\":{\"@type\":\"PropertyValueSpecification\",\"valueRequired\":true,\"valueName\":\"search_term_string\"}}],\"inLanguage\":\"de\"},{\"@type\":\"Organization\",\"@id\":\"https:\/\/tourcruiser.com\/de\/#organization\",\"name\":\"STYLORAL PTE. LTD\",\"url\":\"https:\/\/tourcruiser.com\/de\/\",\"logo\":{\"@type\":\"ImageObject\",\"inLanguage\":\"de\",\"@id\":\"https:\/\/tourcruiser.com\/de\/#\/schema\/logo\/image\/\",\"url\":\"https:\/\/www.tourcruiser.com\/wp-content\/uploads\/2025\/12\/logo.png\",\"contentUrl\":\"https:\/\/www.tourcruiser.com\/wp-content\/uploads\/2025\/12\/logo.png\",\"width\":200,\"height\":65,\"caption\":\"STYLORAL PTE. LTD\"},\"image\":{\"@id\":\"https:\/\/tourcruiser.com\/de\/#\/schema\/logo\/image\/\"}}]}<\/script>\n<!-- \/ Yoast SEO plugin. -->","yoast_head_json":{"title":"Sporty & Rich x adidas Handball Spezial 'Shadow Red'  - Tourcruiser PTE. LTD","robots":{"index":"index","follow":"follow","max-snippet":"max-snippet:-1","max-image-preview":"max-image-preview:large","max-video-preview":"max-video-preview:-1"},"canonical":"https:\/\/tourcruiser.com\/de\/products\/sporty-rich-x-adidas-handball-spezial-shadow-red\/","og_locale":"de_DE","og_type":"article","og_title":"Sporty & Rich x adidas Handball Spezial 'Shadow Red'  - Tourcruiser PTE. LTD","og_description":"adidas Handball Spezial \u201d\u201d Shadow Red\/Cloud White\/Gum","og_url":"https:\/\/tourcruiser.com\/de\/products\/sporty-rich-x-adidas-handball-spezial-shadow-red\/","og_site_name":"Tourcruiser Sneaker Store","article_modified_time":"2026-03-27T18:31:30+00:00","twitter_card":"summary_large_image","twitter_image":"https:\/\/images.novelship.com\/product\/sporty___rich_x_adidas_handball_spezial__shadow_re_0_90118.jpeg;https:\/\/images.novelship.com\/product\/sporty___rich_x_adidas_handball_spezial__shadow_re_1_90118.png;https:\/\/images.novelship.com\/product\/sporty___rich_x_adidas_handball_spezial__shadow_re_2_90118.png;https:\/\/images.novelship.com\/product\/sporty___rich_x_adidas_handball_spezial__shadow_re_3_90118.jpeg;https:\/\/images.novelship.com\/product\/sporty___rich_x_adidas_handball_spezial__shadow_re_4_90118.jpeg;https:\/\/images.novelship.com\/product\/sporty___rich_x_adidas_handball_spezial__shadow_re_5_90118.jpeg;https:\/\/images.novelship.com\/product\/sporty___rich_x_adidas_handball_spezial__shadow_re_6_90118.jpeg;https:\/\/images.novelship.com\/product\/sporty___rich_x_adidas_handball_spezial__shadow_re_7_90118.jpeg;https:\/\/images.novelship.com\/product\/sporty___rich_x_adidas_handball_spezial__shadow_re_8_90118.jpeg;https:\/\/images.novelship.com\/product\/sporty___rich_x_adidas_handball_spezial__shadow_re_9_90118.jpeg","twitter_misc":{"Gesch\u00e4tzte Lesezeit":"1\u00a0Minute"},"schema":{"@context":"https:\/\/schema.org","@graph":[{"@type":"WebPage","@id":"https:\/\/tourcruiser.com\/de\/products\/sporty-rich-x-adidas-handball-spezial-shadow-red\/","url":"https:\/\/tourcruiser.com\/de\/products\/sporty-rich-x-adidas-handball-spezial-shadow-red\/","name":"Sporty & Rich x adidas Handball Spezial 'Shadow Red' - Tourcruiser PTE. LTD","isPartOf":{"@id":"https:\/\/tourcruiser.com\/de\/#website"},"primaryImageOfPage":{"@id":"https:\/\/tourcruiser.com\/de\/products\/sporty-rich-x-adidas-handball-spezial-shadow-red\/#primaryimage"},"image":{"@id":"https:\/\/tourcruiser.com\/de\/products\/sporty-rich-x-adidas-handball-spezial-shadow-red\/#primaryimage"},"thumbnailUrl":"https:\/\/images.novelship.com\/product\/sporty___rich_x_adidas_handball_spezial__shadow_re_0_90118.jpeg;https:\/\/images.novelship.com\/product\/sporty___rich_x_adidas_handball_spezial__shadow_re_1_90118.png;https:\/\/images.novelship.com\/product\/sporty___rich_x_adidas_handball_spezial__shadow_re_2_90118.png;https:\/\/images.novelship.com\/product\/sporty___rich_x_adidas_handball_spezial__shadow_re_3_90118.jpeg;https:\/\/images.novelship.com\/product\/sporty___rich_x_adidas_handball_spezial__shadow_re_4_90118.jpeg;https:\/\/images.novelship.com\/product\/sporty___rich_x_adidas_handball_spezial__shadow_re_5_90118.jpeg;https:\/\/images.novelship.com\/product\/sporty___rich_x_adidas_handball_spezial__shadow_re_6_90118.jpeg;https:\/\/images.novelship.com\/product\/sporty___rich_x_adidas_handball_spezial__shadow_re_7_90118.jpeg;https:\/\/images.novelship.com\/product\/sporty___rich_x_adidas_handball_spezial__shadow_re_8_90118.jpeg;https:\/\/images.novelship.com\/product\/sporty___rich_x_adidas_handball_spezial__shadow_re_9_90118.jpeg","datePublished":"2026-03-02T09:08:58+00:00","dateModified":"2026-03-27T18:31:30+00:00","breadcrumb":{"@id":"https:\/\/tourcruiser.com\/de\/products\/sporty-rich-x-adidas-handball-spezial-shadow-red\/#breadcrumb"},"inLanguage":"de","potentialAction":[{"@type":"ReadAction","target":["https:\/\/tourcruiser.com\/de\/products\/sporty-rich-x-adidas-handball-spezial-shadow-red\/"]}]},{"@type":"ImageObject","inLanguage":"de","@id":"https:\/\/tourcruiser.com\/de\/products\/sporty-rich-x-adidas-handball-spezial-shadow-red\/#primaryimage","url":"https:\/\/images.novelship.com\/product\/sporty___rich_x_adidas_handball_spezial__shadow_re_0_90118.jpeg;https:\/\/images.novelship.com\/product\/sporty___rich_x_adidas_handball_spezial__shadow_re_1_90118.png;https:\/\/images.novelship.com\/product\/sporty___rich_x_adidas_handball_spezial__shadow_re_2_90118.png;https:\/\/images.novelship.com\/product\/sporty___rich_x_adidas_handball_spezial__shadow_re_3_90118.jpeg;https:\/\/images.novelship.com\/product\/sporty___rich_x_adidas_handball_spezial__shadow_re_4_90118.jpeg;https:\/\/images.novelship.com\/product\/sporty___rich_x_adidas_handball_spezial__shadow_re_5_90118.jpeg;https:\/\/images.novelship.com\/product\/sporty___rich_x_adidas_handball_spezial__shadow_re_6_90118.jpeg;https:\/\/images.novelship.com\/product\/sporty___rich_x_adidas_handball_spezial__shadow_re_7_90118.jpeg;https:\/\/images.novelship.com\/product\/sporty___rich_x_adidas_handball_spezial__shadow_re_8_90118.jpeg;https:\/\/images.novelship.com\/product\/sporty___rich_x_adidas_handball_spezial__shadow_re_9_90118.jpeg","contentUrl":"https:\/\/images.novelship.com\/product\/sporty___rich_x_adidas_handball_spezial__shadow_re_0_90118.jpeg;https:\/\/images.novelship.com\/product\/sporty___rich_x_adidas_handball_spezial__shadow_re_1_90118.png;https:\/\/images.novelship.com\/product\/sporty___rich_x_adidas_handball_spezial__shadow_re_2_90118.png;https:\/\/images.novelship.com\/product\/sporty___rich_x_adidas_handball_spezial__shadow_re_3_90118.jpeg;https:\/\/images.novelship.com\/product\/sporty___rich_x_adidas_handball_spezial__shadow_re_4_90118.jpeg;https:\/\/images.novelship.com\/product\/sporty___rich_x_adidas_handball_spezial__shadow_re_5_90118.jpeg;https:\/\/images.novelship.com\/product\/sporty___rich_x_adidas_handball_spezial__shadow_re_6_90118.jpeg;https:\/\/images.novelship.com\/product\/sporty___rich_x_adidas_handball_spezial__shadow_re_7_90118.jpeg;https:\/\/images.novelship.com\/product\/sporty___rich_x_adidas_handball_spezial__shadow_re_8_90118.jpeg;https:\/\/images.novelship.com\/product\/sporty___rich_x_adidas_handball_spezial__shadow_re_9_90118.jpeg"},{"@type":"BreadcrumbList","@id":"https:\/\/tourcruiser.com\/de\/products\/sporty-rich-x-adidas-handball-spezial-shadow-red\/#breadcrumb","itemListElement":[{"@type":"ListItem","position":1,"name":"Home","item":"https:\/\/tourcruiser.com\/de\/"},{"@type":"ListItem","position":2,"name":"Shop","item":"https:\/\/tourcruiser.com\/de\/shop\/"},{"@type":"ListItem","position":3,"name":"Sporty &#038; Rich x adidas Handball Spezial 'Shadow Red'"}]},{"@type":"WebSite","@id":"https:\/\/tourcruiser.com\/de\/#website","url":"https:\/\/tourcruiser.com\/de\/","name":"Styloral Jewelry Shop","description":"Tourcruiser Sneaker Store \u2014 der Ort, an dem das Universum deine Einzigartigkeit trifft.","publisher":{"@id":"https:\/\/tourcruiser.com\/de\/#organization"},"potentialAction":[{"@type":"SearchAction","target":{"@type":"EntryPoint","urlTemplate":"https:\/\/tourcruiser.com\/de\/?s={search_term_string}"},"query-input":{"@type":"PropertyValueSpecification","valueRequired":true,"valueName":"search_term_string"}}],"inLanguage":"de"},{"@type":"Organization","@id":"https:\/\/tourcruiser.com\/de\/#organization","name":"STYLORAL PTE. LTD","url":"https:\/\/tourcruiser.com\/de\/","logo":{"@type":"ImageObject","inLanguage":"de","@id":"https:\/\/tourcruiser.com\/de\/#\/schema\/logo\/image\/","url":"https:\/\/www.tourcruiser.com\/wp-content\/uploads\/2025\/12\/logo.png","contentUrl":"https:\/\/www.tourcruiser.com\/wp-content\/uploads\/2025\/12\/logo.png","width":200,"height":65,"caption":"STYLORAL PTE. LTD"},"image":{"@id":"https:\/\/tourcruiser.com\/de\/#\/schema\/logo\/image\/"}}]}},"_links":{"self":[{"href":"https:\/\/tourcruiser.com\/de\/wp-json\/wp\/v2\/product\/162331","targetHints":{"allow":["GET"]}}],"collection":[{"href":"https:\/\/tourcruiser.com\/de\/wp-json\/wp\/v2\/product"}],"about":[{"href":"https:\/\/tourcruiser.com\/de\/wp-json\/wp\/v2\/types\/product"}],"replies":[{"embeddable":true,"href":"https:\/\/tourcruiser.com\/de\/wp-json\/wp\/v2\/comments?post=162331"}],"wp:featuredmedia":[{"embeddable":true,"href":"https:\/\/tourcruiser.com\/de\/wp-json\/wp\/v2\/media\/162332"}],"wp:attachment":[{"href":"https:\/\/tourcruiser.com\/de\/wp-json\/wp\/v2\/media?parent=162331"}],"wp:term":[{"taxonomy":"product_brand","embeddable":true,"href":"https:\/\/tourcruiser.com\/de\/wp-json\/wp\/v2\/product_brand?post=162331"},{"taxonomy":"product_cat","embeddable":true,"href":"https:\/\/tourcruiser.com\/de\/wp-json\/wp\/v2\/product_cat?post=162331"},{"taxonomy":"product_tag","embeddable":true,"href":"https:\/\/tourcruiser.com\/de\/wp-json\/wp\/v2\/product_tag?post=162331"}],"curies":[{"name":"wp","href":"https:\/\/api.w.org\/{rel}","templated":true}]}}