{"id":161815,"date":"2026-03-02T16:08:18","date_gmt":"2026-03-02T09:08:18","guid":{"rendered":"http:\/\/tourcruiser.com\/product\/adidas-predator-league-fold-over-tongue-turf-football-training-shoes-cloud-whitezero-metalicroyal-blue"},"modified":"2026-03-28T01:31:11","modified_gmt":"2026-03-27T18:31:11","slug":"adidas-predator-league-fold-over-tongue-turf-football-training-shoes-cloud-whitezero-metalicroyal-blue","status":"publish","type":"product","link":"https:\/\/tourcruiser.com\/de\/products\/adidas-predator-league-fold-over-tongue-turf-football-training-shoes-cloud-whitezero-metalicroyal-blue\/","title":{"rendered":"Adidas Predator League Fold-Over Tongue Turf Football Training Shoes Cloud White\/Zero Metalic\/Royal Blue"},"content":{"rendered":"<p>Entfessle dein volles Potenzial auf dem Platz mit den Adidas Predator League Fu\u00dfballtrainingsschuhen mit umklappbarer Zunge. Die Schuhe in auff\u00e4lligem Cloud White, Zero Metallic und Royal Blue bieten dank ihrer fortschrittlichen, f\u00fcr Kunstrasen optimierten Au\u00dfensohle hervorragenden Grip. Die umklappbare Zunge sorgt f\u00fcr mehr Pr\u00e4zision und Komfort, damit jede Bewegung z\u00e4hlt. Egal, ob du f\u00fcr das n\u00e4chste gro\u00dfe Spiel trainierst oder deine F\u00e4higkeiten verbesserst \u201d\u201c diese Schuhe bieten unvergleichlichen Halt und Style f\u00fcr Fu\u00dfballbegeisterte weltweit. Verbessere dein Spiel noch heute mit Adidas.<\/p>\n<ul>\n<li><strong>Farbgebung:<\/strong> Cloud White\/Zero Metallic\/Royal Blue<\/li>\n<li><strong>Artikelnummer:<\/strong> JS4853<\/li>\n<li><strong>Farbe:<\/strong> Wei\u00df<\/li>\n<\/ul>\n","protected":false},"excerpt":{"rendered":"<p>adidas Predator League Fold-Over Tongue \u201d\u201d Cloud White\/Zero Metalic\/Royal Blue<\/p>\n","protected":false},"featured_media":161816,"comment_status":"open","ping_status":"closed","template":"","meta":[],"product_brand":[],"product_cat":[10760],"product_tag":[10917],"class_list":{"0":"post-161815","1":"product","2":"type-product","3":"status-publish","4":"has-post-thumbnail","6":"product_cat-adidas","7":"product_tag-small-130-usd","8":"wcpa_has_options","10":"first","11":"outofstock","12":"taxable","13":"shipping-taxable","14":"purchasable","15":"product-type-simple"},"wcpa_form_fields":{"rules":{"pric_overide_base_price":false,"pric_overide_base_price_if_gt_zero":false,"pric_overide_base_price_fully":false,"pric_cal_option_once":false,"pric_use_as_fee":false,"bind_quantity":false,"quantity_bind_formula":false},"fields":[{"type":"color-group","required":true,"elementId":"wcpa-color-group-66c4a7f817afe","label":"Gr\u00f6\u00dfe","inline":true,"priceOptions":"different_for_all","pricingType":"fixed","className":"hassizechart product-shoes-size-eu product-shoes-size","name":"color-group-66c4a7f817b18","disp_type":"square","selection_type":"tick-border","disp_size":"50","show_label_inside":true,"adjust_width":true,"cart_display_type":"text","other_text":"Other","cl_rule":"show","col":6,"values":[{"label":"35","value":"EU 35","price":"","pimage":"","pimage_id":"","pthumb":"","color":""},{"label":"35.5","value":"EU 35.5","price":"","pimage":"","pimage_id":"","pthumb":"","color":""},{"label":"36","value":"EU 36","price":"","pimage":"","pimage_id":"","pthumb":"","color":"","selected":true},{"label":"36 2\/3","value":"EU 36 2\/3","price":"","pimage":"","pimage_id":"","pthumb":"","color":""},{"label":"37 1\/3","value":"EU 37 1\/3","price":"","pimage":"","pimage_id":"","pthumb":"","color":""},{"label":"38","value":"EU 38","price":"","pimage":"","pimage_id":"","pthumb":"","color":""},{"label":"38 2\/3","value":"EU 38 2\/3","price":"","pimage":"","pimage_id":"","pthumb":"","color":""},{"label":"39 1\/3","value":"EU 39 1\/3","price":"","pimage":"","pimage_id":"","pthumb":"","color":""},{"label":"40","value":"EU 40","price":"","pimage":"","pimage_id":"","pthumb":"","color":""},{"label":"40 2\/3","value":"EU 40 2\/3","price":"","pimage":"","pimage_id":"","pthumb":"","color":""},{"label":"41 1\/3","value":"EU 41 1\/3","price":"","pimage":"","pimage_id":"","pthumb":"","color":""},{"label":"42","value":"EU 42","price":"","pimage":"","pimage_id":"","pthumb":"","color":""},{"label":"42 2\/3","value":"EU 42 2\/3","price":"","pimage":"","pimage_id":"","pthumb":"","color":""},{"label":"43 1\/3","value":"EU 43 1\/3","price":"","pimage":"","pimage_id":"","pthumb":"","color":""},{"label":"44","value":"EU 44","price":"","pimage":"","pimage_id":"","pthumb":"","color":""},{"label":"44 2\/3","value":"EU 44 2\/3","price":"","pimage":"","pimage_id":"","pthumb":"","color":""},{"label":"45 1\/3","value":"EU 45 1\/3","price":"","pimage":"","pimage_id":"","pthumb":"","color":""},{"label":"46","value":"EU 46","price":"","pimage":"","pimage_id":"","pthumb":"","color":""},{"label":"46 2\/3","value":"EU 46 2\/3","price":"","pimage":"","pimage_id":"","pthumb":"","color":""},{"label":"47 1\/3","value":"EU 47 1\/3","price":"","pimage":"","pimage_id":"","pthumb":"","color":""}],"relations":[{"operator":false,"rules":[]}],"form_id":24802,"form_rules":{"pric_cal_option_once":false,"exclude_from_discount":false,"pric_use_as_fee":false,"fee_label":"Fee","render_after_acb":false,"disp_hide_options_price":false}}]},"yoast_head":"<!-- This site is optimized with the Yoast SEO plugin v26.5 - https:\/\/yoast.com\/wordpress\/plugins\/seo\/ -->\n<title>Adidas Predator League Fold-Over Tongue Turf Football Training Shoes Cloud White\/Zero Metalic\/Royal Blue  - Tourcruiser PTE. LTD<\/title>\n<meta name=\"robots\" content=\"index, follow, max-snippet:-1, max-image-preview:large, max-video-preview:-1\" \/>\n<link rel=\"canonical\" href=\"https:\/\/tourcruiser.com\/\" \/>\n<meta property=\"og:locale\" content=\"de_DE\" \/>\n<meta property=\"og:type\" content=\"article\" \/>\n<meta property=\"og:title\" content=\"Adidas Predator League Fold-Over Tongue Turf Football Training Shoes Cloud White\/Zero Metalic\/Royal Blue  - Tourcruiser PTE. LTD\" \/>\n<meta property=\"og:description\" content=\"adidas Predator League Fold-Over Tongue \u201d\u201d Cloud White\/Zero Metalic\/Royal Blue\" \/>\n<meta property=\"og:url\" content=\"\/\" \/>\n<meta property=\"og:site_name\" content=\"Tourcruiser Sneaker Store\" \/>\n<meta property=\"article:modified_time\" content=\"2026-03-27T18:31:11+00:00\" \/>\n<meta name=\"twitter:card\" content=\"summary_large_image\" \/>\n<meta name=\"twitter:image\" content=\"https:\/\/images.novelship.com\/product\/adidas_predator_league_fold-over_tongue_turf_footb_0_95757.jpeg;https:\/\/images.novelship.com\/product\/adidas_predator_league_fold-over_tongue_turf_footb_1_95757.jpeg;https:\/\/images.novelship.com\/product\/adidas_predator_league_fold-over_tongue_turf_footb_2_95757.jpeg;https:\/\/images.novelship.com\/product\/adidas_predator_league_fold-over_tongue_turf_footb_3_95757.jpeg;https:\/\/images.novelship.com\/product\/adidas_predator_league_fold-over_tongue_turf_footb_4_95758.jpeg;https:\/\/images.novelship.com\/product\/adidas_predator_league_fold-over_tongue_turf_footb_5_95758.jpeg;https:\/\/images.novelship.com\/product\/adidas_predator_league_fold-over_tongue_turf_footb_6_95758.jpeg;https:\/\/images.novelship.com\/product\/adidas_predator_league_fold-over_tongue_turf_footb_7_95758.jpeg;https:\/\/images.novelship.com\/product\/adidas_predator_league_fold-over_tongue_turf_footb_8_95758.jpeg;https:\/\/images.novelship.com\/product\/adidas_predator_league_fold-over_tongue_turf_footb_9_95758.jpeg\" \/>\n<meta name=\"twitter:label1\" content=\"Gesch\u00e4tzte Lesezeit\" \/>\n\t<meta name=\"twitter:data1\" content=\"1\u00a0Minute\" \/>\n<script type=\"application\/ld+json\" class=\"yoast-schema-graph\">{\"@context\":\"https:\/\/schema.org\",\"@graph\":[{\"@type\":\"WebPage\",\"@id\":\"\/\",\"url\":\"https:\/\/tourcruiser.com\/\",\"name\":\"Adidas Predator League Fold-Over Tongue Turf Football Training Shoes Cloud White\/Zero Metalic\/Royal Blue - Tourcruiser PTE. LTD\",\"isPartOf\":{\"@id\":\"https:\/\/tourcruiser.com\/de\/#website\"},\"primaryImageOfPage\":{\"@id\":\"https:\/\/tourcruiser.com\/#primaryimage\"},\"image\":{\"@id\":\"https:\/\/tourcruiser.com\/#primaryimage\"},\"thumbnailUrl\":\"https:\/\/images.novelship.com\/product\/adidas_predator_league_fold-over_tongue_turf_footb_0_95757.jpeg;https:\/\/images.novelship.com\/product\/adidas_predator_league_fold-over_tongue_turf_footb_1_95757.jpeg;https:\/\/images.novelship.com\/product\/adidas_predator_league_fold-over_tongue_turf_footb_2_95757.jpeg;https:\/\/images.novelship.com\/product\/adidas_predator_league_fold-over_tongue_turf_footb_3_95757.jpeg;https:\/\/images.novelship.com\/product\/adidas_predator_league_fold-over_tongue_turf_footb_4_95758.jpeg;https:\/\/images.novelship.com\/product\/adidas_predator_league_fold-over_tongue_turf_footb_5_95758.jpeg;https:\/\/images.novelship.com\/product\/adidas_predator_league_fold-over_tongue_turf_footb_6_95758.jpeg;https:\/\/images.novelship.com\/product\/adidas_predator_league_fold-over_tongue_turf_footb_7_95758.jpeg;https:\/\/images.novelship.com\/product\/adidas_predator_league_fold-over_tongue_turf_footb_8_95758.jpeg;https:\/\/images.novelship.com\/product\/adidas_predator_league_fold-over_tongue_turf_footb_9_95758.jpeg\",\"datePublished\":\"2026-03-02T09:08:18+00:00\",\"dateModified\":\"2026-03-27T18:31:11+00:00\",\"breadcrumb\":{\"@id\":\"https:\/\/tourcruiser.com\/#breadcrumb\"},\"inLanguage\":\"de\",\"potentialAction\":[{\"@type\":\"ReadAction\",\"target\":[\"https:\/\/tourcruiser.com\/\"]}]},{\"@type\":\"ImageObject\",\"inLanguage\":\"de\",\"@id\":\"https:\/\/tourcruiser.com\/#primaryimage\",\"url\":\"https:\/\/images.novelship.com\/product\/adidas_predator_league_fold-over_tongue_turf_footb_0_95757.jpeg;https:\/\/images.novelship.com\/product\/adidas_predator_league_fold-over_tongue_turf_footb_1_95757.jpeg;https:\/\/images.novelship.com\/product\/adidas_predator_league_fold-over_tongue_turf_footb_2_95757.jpeg;https:\/\/images.novelship.com\/product\/adidas_predator_league_fold-over_tongue_turf_footb_3_95757.jpeg;https:\/\/images.novelship.com\/product\/adidas_predator_league_fold-over_tongue_turf_footb_4_95758.jpeg;https:\/\/images.novelship.com\/product\/adidas_predator_league_fold-over_tongue_turf_footb_5_95758.jpeg;https:\/\/images.novelship.com\/product\/adidas_predator_league_fold-over_tongue_turf_footb_6_95758.jpeg;https:\/\/images.novelship.com\/product\/adidas_predator_league_fold-over_tongue_turf_footb_7_95758.jpeg;https:\/\/images.novelship.com\/product\/adidas_predator_league_fold-over_tongue_turf_footb_8_95758.jpeg;https:\/\/images.novelship.com\/product\/adidas_predator_league_fold-over_tongue_turf_footb_9_95758.jpeg\",\"contentUrl\":\"https:\/\/images.novelship.com\/product\/adidas_predator_league_fold-over_tongue_turf_footb_0_95757.jpeg;https:\/\/images.novelship.com\/product\/adidas_predator_league_fold-over_tongue_turf_footb_1_95757.jpeg;https:\/\/images.novelship.com\/product\/adidas_predator_league_fold-over_tongue_turf_footb_2_95757.jpeg;https:\/\/images.novelship.com\/product\/adidas_predator_league_fold-over_tongue_turf_footb_3_95757.jpeg;https:\/\/images.novelship.com\/product\/adidas_predator_league_fold-over_tongue_turf_footb_4_95758.jpeg;https:\/\/images.novelship.com\/product\/adidas_predator_league_fold-over_tongue_turf_footb_5_95758.jpeg;https:\/\/images.novelship.com\/product\/adidas_predator_league_fold-over_tongue_turf_footb_6_95758.jpeg;https:\/\/images.novelship.com\/product\/adidas_predator_league_fold-over_tongue_turf_footb_7_95758.jpeg;https:\/\/images.novelship.com\/product\/adidas_predator_league_fold-over_tongue_turf_footb_8_95758.jpeg;https:\/\/images.novelship.com\/product\/adidas_predator_league_fold-over_tongue_turf_footb_9_95758.jpeg\"},{\"@type\":\"BreadcrumbList\",\"@id\":\"https:\/\/tourcruiser.com\/#breadcrumb\",\"itemListElement\":[{\"@type\":\"ListItem\",\"position\":1,\"name\":\"Home\",\"item\":\"https:\/\/tourcruiser.com\/de\/\"},{\"@type\":\"ListItem\",\"position\":2,\"name\":\"Shop\",\"item\":\"https:\/\/tourcruiser.com\/de\/shop\/\"},{\"@type\":\"ListItem\",\"position\":3,\"name\":\"Adidas Predator League Fold-Over Tongue Turf Football Training Shoes Cloud White\/Zero Metalic\/Royal Blue\"}]},{\"@type\":\"WebSite\",\"@id\":\"https:\/\/tourcruiser.com\/de\/#website\",\"url\":\"https:\/\/tourcruiser.com\/de\/\",\"name\":\"Styloral Jewelry Shop\",\"description\":\"Tourcruiser Sneaker Store \u2014 der Ort, an dem das Universum deine Einzigartigkeit trifft.\",\"publisher\":{\"@id\":\"https:\/\/tourcruiser.com\/de\/#organization\"},\"potentialAction\":[{\"@type\":\"SearchAction\",\"target\":{\"@type\":\"EntryPoint\",\"urlTemplate\":\"https:\/\/tourcruiser.com\/de\/?s={search_term_string}\"},\"query-input\":{\"@type\":\"PropertyValueSpecification\",\"valueRequired\":true,\"valueName\":\"search_term_string\"}}],\"inLanguage\":\"de\"},{\"@type\":\"Organization\",\"@id\":\"https:\/\/tourcruiser.com\/de\/#organization\",\"name\":\"STYLORAL PTE. LTD\",\"url\":\"https:\/\/tourcruiser.com\/de\/\",\"logo\":{\"@type\":\"ImageObject\",\"inLanguage\":\"de\",\"@id\":\"https:\/\/tourcruiser.com\/de\/#\/schema\/logo\/image\/\",\"url\":\"https:\/\/www.tourcruiser.com\/wp-content\/uploads\/2025\/12\/logo.png\",\"contentUrl\":\"https:\/\/www.tourcruiser.com\/wp-content\/uploads\/2025\/12\/logo.png\",\"width\":200,\"height\":65,\"caption\":\"STYLORAL PTE. LTD\"},\"image\":{\"@id\":\"https:\/\/tourcruiser.com\/de\/#\/schema\/logo\/image\/\"}}]}<\/script>\n<!-- \/ Yoast SEO plugin. -->","yoast_head_json":{"title":"Adidas Predator League Fold-Over Tongue Turf Football Training Shoes Cloud White\/Zero Metalic\/Royal Blue  - Tourcruiser PTE. LTD","robots":{"index":"index","follow":"follow","max-snippet":"max-snippet:-1","max-image-preview":"max-image-preview:large","max-video-preview":"max-video-preview:-1"},"canonical":"https:\/\/tourcruiser.com\/","og_locale":"de_DE","og_type":"article","og_title":"Adidas Predator League Fold-Over Tongue Turf Football Training Shoes Cloud White\/Zero Metalic\/Royal Blue  - Tourcruiser PTE. LTD","og_description":"adidas Predator League Fold-Over Tongue \u201d\u201d Cloud White\/Zero Metalic\/Royal Blue","og_url":"\/","og_site_name":"Tourcruiser Sneaker Store","article_modified_time":"2026-03-27T18:31:11+00:00","twitter_card":"summary_large_image","twitter_image":"https:\/\/images.novelship.com\/product\/adidas_predator_league_fold-over_tongue_turf_footb_0_95757.jpeg;https:\/\/images.novelship.com\/product\/adidas_predator_league_fold-over_tongue_turf_footb_1_95757.jpeg;https:\/\/images.novelship.com\/product\/adidas_predator_league_fold-over_tongue_turf_footb_2_95757.jpeg;https:\/\/images.novelship.com\/product\/adidas_predator_league_fold-over_tongue_turf_footb_3_95757.jpeg;https:\/\/images.novelship.com\/product\/adidas_predator_league_fold-over_tongue_turf_footb_4_95758.jpeg;https:\/\/images.novelship.com\/product\/adidas_predator_league_fold-over_tongue_turf_footb_5_95758.jpeg;https:\/\/images.novelship.com\/product\/adidas_predator_league_fold-over_tongue_turf_footb_6_95758.jpeg;https:\/\/images.novelship.com\/product\/adidas_predator_league_fold-over_tongue_turf_footb_7_95758.jpeg;https:\/\/images.novelship.com\/product\/adidas_predator_league_fold-over_tongue_turf_footb_8_95758.jpeg;https:\/\/images.novelship.com\/product\/adidas_predator_league_fold-over_tongue_turf_footb_9_95758.jpeg","twitter_misc":{"Gesch\u00e4tzte Lesezeit":"1\u00a0Minute"},"schema":{"@context":"https:\/\/schema.org","@graph":[{"@type":"WebPage","@id":"\/","url":"https:\/\/tourcruiser.com\/","name":"Adidas Predator League Fold-Over Tongue Turf Football Training Shoes Cloud White\/Zero Metalic\/Royal Blue - Tourcruiser PTE. LTD","isPartOf":{"@id":"https:\/\/tourcruiser.com\/de\/#website"},"primaryImageOfPage":{"@id":"https:\/\/tourcruiser.com\/#primaryimage"},"image":{"@id":"https:\/\/tourcruiser.com\/#primaryimage"},"thumbnailUrl":"https:\/\/images.novelship.com\/product\/adidas_predator_league_fold-over_tongue_turf_footb_0_95757.jpeg;https:\/\/images.novelship.com\/product\/adidas_predator_league_fold-over_tongue_turf_footb_1_95757.jpeg;https:\/\/images.novelship.com\/product\/adidas_predator_league_fold-over_tongue_turf_footb_2_95757.jpeg;https:\/\/images.novelship.com\/product\/adidas_predator_league_fold-over_tongue_turf_footb_3_95757.jpeg;https:\/\/images.novelship.com\/product\/adidas_predator_league_fold-over_tongue_turf_footb_4_95758.jpeg;https:\/\/images.novelship.com\/product\/adidas_predator_league_fold-over_tongue_turf_footb_5_95758.jpeg;https:\/\/images.novelship.com\/product\/adidas_predator_league_fold-over_tongue_turf_footb_6_95758.jpeg;https:\/\/images.novelship.com\/product\/adidas_predator_league_fold-over_tongue_turf_footb_7_95758.jpeg;https:\/\/images.novelship.com\/product\/adidas_predator_league_fold-over_tongue_turf_footb_8_95758.jpeg;https:\/\/images.novelship.com\/product\/adidas_predator_league_fold-over_tongue_turf_footb_9_95758.jpeg","datePublished":"2026-03-02T09:08:18+00:00","dateModified":"2026-03-27T18:31:11+00:00","breadcrumb":{"@id":"https:\/\/tourcruiser.com\/#breadcrumb"},"inLanguage":"de","potentialAction":[{"@type":"ReadAction","target":["https:\/\/tourcruiser.com\/"]}]},{"@type":"ImageObject","inLanguage":"de","@id":"https:\/\/tourcruiser.com\/#primaryimage","url":"https:\/\/images.novelship.com\/product\/adidas_predator_league_fold-over_tongue_turf_footb_0_95757.jpeg;https:\/\/images.novelship.com\/product\/adidas_predator_league_fold-over_tongue_turf_footb_1_95757.jpeg;https:\/\/images.novelship.com\/product\/adidas_predator_league_fold-over_tongue_turf_footb_2_95757.jpeg;https:\/\/images.novelship.com\/product\/adidas_predator_league_fold-over_tongue_turf_footb_3_95757.jpeg;https:\/\/images.novelship.com\/product\/adidas_predator_league_fold-over_tongue_turf_footb_4_95758.jpeg;https:\/\/images.novelship.com\/product\/adidas_predator_league_fold-over_tongue_turf_footb_5_95758.jpeg;https:\/\/images.novelship.com\/product\/adidas_predator_league_fold-over_tongue_turf_footb_6_95758.jpeg;https:\/\/images.novelship.com\/product\/adidas_predator_league_fold-over_tongue_turf_footb_7_95758.jpeg;https:\/\/images.novelship.com\/product\/adidas_predator_league_fold-over_tongue_turf_footb_8_95758.jpeg;https:\/\/images.novelship.com\/product\/adidas_predator_league_fold-over_tongue_turf_footb_9_95758.jpeg","contentUrl":"https:\/\/images.novelship.com\/product\/adidas_predator_league_fold-over_tongue_turf_footb_0_95757.jpeg;https:\/\/images.novelship.com\/product\/adidas_predator_league_fold-over_tongue_turf_footb_1_95757.jpeg;https:\/\/images.novelship.com\/product\/adidas_predator_league_fold-over_tongue_turf_footb_2_95757.jpeg;https:\/\/images.novelship.com\/product\/adidas_predator_league_fold-over_tongue_turf_footb_3_95757.jpeg;https:\/\/images.novelship.com\/product\/adidas_predator_league_fold-over_tongue_turf_footb_4_95758.jpeg;https:\/\/images.novelship.com\/product\/adidas_predator_league_fold-over_tongue_turf_footb_5_95758.jpeg;https:\/\/images.novelship.com\/product\/adidas_predator_league_fold-over_tongue_turf_footb_6_95758.jpeg;https:\/\/images.novelship.com\/product\/adidas_predator_league_fold-over_tongue_turf_footb_7_95758.jpeg;https:\/\/images.novelship.com\/product\/adidas_predator_league_fold-over_tongue_turf_footb_8_95758.jpeg;https:\/\/images.novelship.com\/product\/adidas_predator_league_fold-over_tongue_turf_footb_9_95758.jpeg"},{"@type":"BreadcrumbList","@id":"https:\/\/tourcruiser.com\/#breadcrumb","itemListElement":[{"@type":"ListItem","position":1,"name":"Home","item":"https:\/\/tourcruiser.com\/de\/"},{"@type":"ListItem","position":2,"name":"Shop","item":"https:\/\/tourcruiser.com\/de\/shop\/"},{"@type":"ListItem","position":3,"name":"Adidas Predator League Fold-Over Tongue Turf Football Training Shoes Cloud White\/Zero Metalic\/Royal Blue"}]},{"@type":"WebSite","@id":"https:\/\/tourcruiser.com\/de\/#website","url":"https:\/\/tourcruiser.com\/de\/","name":"Styloral Jewelry Shop","description":"Tourcruiser Sneaker Store \u2014 der Ort, an dem das Universum deine Einzigartigkeit trifft.","publisher":{"@id":"https:\/\/tourcruiser.com\/de\/#organization"},"potentialAction":[{"@type":"SearchAction","target":{"@type":"EntryPoint","urlTemplate":"https:\/\/tourcruiser.com\/de\/?s={search_term_string}"},"query-input":{"@type":"PropertyValueSpecification","valueRequired":true,"valueName":"search_term_string"}}],"inLanguage":"de"},{"@type":"Organization","@id":"https:\/\/tourcruiser.com\/de\/#organization","name":"STYLORAL PTE. LTD","url":"https:\/\/tourcruiser.com\/de\/","logo":{"@type":"ImageObject","inLanguage":"de","@id":"https:\/\/tourcruiser.com\/de\/#\/schema\/logo\/image\/","url":"https:\/\/www.tourcruiser.com\/wp-content\/uploads\/2025\/12\/logo.png","contentUrl":"https:\/\/www.tourcruiser.com\/wp-content\/uploads\/2025\/12\/logo.png","width":200,"height":65,"caption":"STYLORAL PTE. LTD"},"image":{"@id":"https:\/\/tourcruiser.com\/de\/#\/schema\/logo\/image\/"}}]}},"_links":{"self":[{"href":"https:\/\/tourcruiser.com\/de\/wp-json\/wp\/v2\/product\/161815","targetHints":{"allow":["GET"]}}],"collection":[{"href":"https:\/\/tourcruiser.com\/de\/wp-json\/wp\/v2\/product"}],"about":[{"href":"https:\/\/tourcruiser.com\/de\/wp-json\/wp\/v2\/types\/product"}],"replies":[{"embeddable":true,"href":"https:\/\/tourcruiser.com\/de\/wp-json\/wp\/v2\/comments?post=161815"}],"wp:featuredmedia":[{"embeddable":true,"href":"https:\/\/tourcruiser.com\/de\/wp-json\/wp\/v2\/media\/161816"}],"wp:attachment":[{"href":"https:\/\/tourcruiser.com\/de\/wp-json\/wp\/v2\/media?parent=161815"}],"wp:term":[{"taxonomy":"product_brand","embeddable":true,"href":"https:\/\/tourcruiser.com\/de\/wp-json\/wp\/v2\/product_brand?post=161815"},{"taxonomy":"product_cat","embeddable":true,"href":"https:\/\/tourcruiser.com\/de\/wp-json\/wp\/v2\/product_cat?post=161815"},{"taxonomy":"product_tag","embeddable":true,"href":"https:\/\/tourcruiser.com\/de\/wp-json\/wp\/v2\/product_tag?post=161815"}],"curies":[{"name":"wp","href":"https:\/\/api.w.org\/{rel}","templated":true}]}}