{"id":161398,"date":"2026-03-02T16:07:41","date_gmt":"2026-03-02T09:07:41","guid":{"rendered":"http:\/\/tourcruiser.com\/product\/adidas-adizero-takumi-sen-11-running-shoes-silver-metalliciron-metalliclucid-lemon"},"modified":"2026-03-28T01:30:49","modified_gmt":"2026-03-27T18:30:49","slug":"adidas-adizero-takumi-sen-11-running-shoes-silver-metalliciron-metalliclucid-lemon","status":"publish","type":"product","link":"https:\/\/tourcruiser.com\/de\/products\/adidas-adizero-takumi-sen-11-running-shoes-silver-metalliciron-metalliclucid-lemon\/","title":{"rendered":"Adidas Adizero Takumi Sen 11 Running Shoes Silver Metallic\/Iron Metallic\/Lucid Lemon"},"content":{"rendered":"<p>Erleben Sie H\u00f6chstleistungen mit den Adidas Adizero Takumi Sen 11 Laufschuhen in elegantem Design in Silber Metallic, Eisen Metallic und Lucid Lemon. Entwickelt f\u00fcr Geschwindigkeit und Agilit\u00e4t, bieten diese Schuhe die innovative Lightstrike Pro D\u00e4mpfung und ein leichtes Mesh-Obermaterial f\u00fcr optimale Atmungsaktivit\u00e4t. Die Continental\u00e2\u201e\u00a2 Gummisohle garantiert hervorragenden Grip f\u00fcr sichere Schritte auf unterschiedlichem Terrain. Perfekt f\u00fcr ambitionierte L\u00e4ufer weltweit: Erleben Sie die Zukunft des schnellen Laufens mit dem Adizero Takumi Sen 11 \u201d\u201c f\u00fcr ein unvergleichlich komfortables Laufgef\u00fchl.<\/p>\n<ul>\n<li><strong>Farbgebung:<\/strong> Silber Metallic\/Eisen Metallic\/Lucid Lemon<\/li>\n<li><strong>Artikelnummer:<\/strong> JQ2814<\/li>\n<li><strong>Farbe:<\/strong> Silber<\/li>\n<\/ul>\n","protected":false},"excerpt":{"rendered":"<p>adidas Adizero Takumi Sen 11 \u201d\u201d Silver Metallic\/Iron Metallic\/Lucid Lemon<\/p>\n","protected":false},"featured_media":161399,"comment_status":"open","ping_status":"closed","template":"","meta":[],"product_brand":[],"product_cat":[10760],"product_tag":[10759,11053,10839,10802,10840,11054,10758],"class_list":{"0":"post-161398","1":"product","2":"type-product","3":"status-publish","4":"has-post-thumbnail","6":"product_cat-adidas","7":"product_tag-adidas","8":"product_tag-lightweight-running-shoes","9":"product_tag-performance-running-shoes","10":"product_tag-performance-sport-shoes","11":"product_tag-running-shoes","12":"product_tag-tempo-interval-running-shoes","13":"product_tag-under-retail","14":"wcpa_has_options","16":"first","17":"outofstock","18":"sale","19":"taxable","20":"shipping-taxable","21":"purchasable","22":"product-type-simple"},"wcpa_form_fields":{"rules":{"pric_overide_base_price":false,"pric_overide_base_price_if_gt_zero":false,"pric_overide_base_price_fully":false,"pric_cal_option_once":false,"pric_use_as_fee":false,"bind_quantity":false,"quantity_bind_formula":false},"fields":[{"type":"color-group","required":true,"elementId":"wcpa-color-group-66c4a7f817afe","label":"Gr\u00f6\u00dfe","inline":true,"priceOptions":"different_for_all","pricingType":"fixed","className":"hassizechart product-shoes-size-eu product-shoes-size","name":"color-group-66c4a7f817b18","disp_type":"square","selection_type":"tick-border","disp_size":"50","show_label_inside":true,"adjust_width":true,"cart_display_type":"text","other_text":"Other","cl_rule":"show","col":6,"values":[{"label":"35","value":"EU 35","price":"","pimage":"","pimage_id":"","pthumb":"","color":""},{"label":"35.5","value":"EU 35.5","price":"","pimage":"","pimage_id":"","pthumb":"","color":""},{"label":"36","value":"EU 36","price":"","pimage":"","pimage_id":"","pthumb":"","color":"","selected":true},{"label":"36 2\/3","value":"EU 36 2\/3","price":"","pimage":"","pimage_id":"","pthumb":"","color":""},{"label":"37 1\/3","value":"EU 37 1\/3","price":"","pimage":"","pimage_id":"","pthumb":"","color":""},{"label":"38","value":"EU 38","price":"","pimage":"","pimage_id":"","pthumb":"","color":""},{"label":"38 2\/3","value":"EU 38 2\/3","price":"","pimage":"","pimage_id":"","pthumb":"","color":""},{"label":"39 1\/3","value":"EU 39 1\/3","price":"","pimage":"","pimage_id":"","pthumb":"","color":""},{"label":"40","value":"EU 40","price":"","pimage":"","pimage_id":"","pthumb":"","color":""},{"label":"40 2\/3","value":"EU 40 2\/3","price":"","pimage":"","pimage_id":"","pthumb":"","color":""},{"label":"41 1\/3","value":"EU 41 1\/3","price":"","pimage":"","pimage_id":"","pthumb":"","color":""},{"label":"42","value":"EU 42","price":"","pimage":"","pimage_id":"","pthumb":"","color":""},{"label":"42 2\/3","value":"EU 42 2\/3","price":"","pimage":"","pimage_id":"","pthumb":"","color":""},{"label":"43 1\/3","value":"EU 43 1\/3","price":"","pimage":"","pimage_id":"","pthumb":"","color":""},{"label":"44","value":"EU 44","price":"","pimage":"","pimage_id":"","pthumb":"","color":""},{"label":"44 2\/3","value":"EU 44 2\/3","price":"","pimage":"","pimage_id":"","pthumb":"","color":""},{"label":"45 1\/3","value":"EU 45 1\/3","price":"","pimage":"","pimage_id":"","pthumb":"","color":""},{"label":"46","value":"EU 46","price":"","pimage":"","pimage_id":"","pthumb":"","color":""},{"label":"46 2\/3","value":"EU 46 2\/3","price":"","pimage":"","pimage_id":"","pthumb":"","color":""},{"label":"47 1\/3","value":"EU 47 1\/3","price":"","pimage":"","pimage_id":"","pthumb":"","color":""}],"relations":[{"operator":false,"rules":[]}],"form_id":24802,"form_rules":{"pric_cal_option_once":false,"exclude_from_discount":false,"pric_use_as_fee":false,"fee_label":"Fee","render_after_acb":false,"disp_hide_options_price":false}}]},"yoast_head":"<!-- This site is optimized with the Yoast SEO plugin v26.5 - https:\/\/yoast.com\/wordpress\/plugins\/seo\/ -->\n<title>Adidas Adizero Takumi Sen 11 Running Shoes Silver Metallic\/Iron Metallic\/Lucid Lemon  - Tourcruiser PTE. LTD<\/title>\n<meta name=\"robots\" content=\"index, follow, max-snippet:-1, max-image-preview:large, max-video-preview:-1\" \/>\n<link rel=\"canonical\" href=\"https:\/\/tourcruiser.com\/de\/products\/adidas-adizero-takumi-sen-11-running-shoes-silver-metalliciron-metalliclucid-lemon\/\" \/>\n<meta property=\"og:locale\" content=\"de_DE\" \/>\n<meta property=\"og:type\" content=\"article\" \/>\n<meta property=\"og:title\" content=\"Adidas Adizero Takumi Sen 11 Running Shoes Silver Metallic\/Iron Metallic\/Lucid Lemon  - Tourcruiser PTE. LTD\" \/>\n<meta property=\"og:description\" content=\"adidas Adizero Takumi Sen 11 \u201d\u201d Silver Metallic\/Iron Metallic\/Lucid Lemon\" \/>\n<meta property=\"og:url\" content=\"https:\/\/tourcruiser.com\/de\/products\/adidas-adizero-takumi-sen-11-running-shoes-silver-metalliciron-metalliclucid-lemon\/\" \/>\n<meta property=\"og:site_name\" content=\"Tourcruiser Sneaker Store\" \/>\n<meta property=\"article:modified_time\" content=\"2026-03-27T18:30:49+00:00\" \/>\n<meta name=\"twitter:card\" content=\"summary_large_image\" \/>\n<meta name=\"twitter:image\" content=\"https:\/\/images.novelship.com\/product\/adidas_adizero_takumi_sen_11_running_shoes_silver__0_3113.jpeg;https:\/\/images.novelship.com\/product\/adidas_adizero_takumi_sen_11_running_shoes_silver__1_3113.jpeg;https:\/\/images.novelship.com\/product\/adidas_adizero_takumi_sen_11_running_shoes_silver__2_3113.jpeg;https:\/\/images.novelship.com\/product\/adidas_adizero_takumi_sen_11_running_shoes_silver__3_3113.jpeg;https:\/\/images.novelship.com\/product\/adidas_adizero_takumi_sen_11_running_shoes_silver__4_3113.jpeg;https:\/\/images.novelship.com\/product\/adidas_adizero_takumi_sen_11_running_shoes_silver__5_3113.jpeg;https:\/\/images.novelship.com\/product\/adidas_adizero_takumi_sen_11_running_shoes_silver__6_3113.jpeg;https:\/\/images.novelship.com\/product\/adidas_adizero_takumi_sen_11_running_shoes_silver__7_3113.jpeg;https:\/\/images.novelship.com\/product\/adidas_adizero_takumi_sen_11_running_shoes_silver__8_3113.jpeg\" \/>\n<script type=\"application\/ld+json\" class=\"yoast-schema-graph\">{\"@context\":\"https:\/\/schema.org\",\"@graph\":[{\"@type\":\"WebPage\",\"@id\":\"https:\/\/tourcruiser.com\/de\/products\/adidas-adizero-takumi-sen-11-running-shoes-silver-metalliciron-metalliclucid-lemon\/\",\"url\":\"https:\/\/tourcruiser.com\/de\/products\/adidas-adizero-takumi-sen-11-running-shoes-silver-metalliciron-metalliclucid-lemon\/\",\"name\":\"Adidas Adizero Takumi Sen 11 Running Shoes Silver Metallic\/Iron Metallic\/Lucid Lemon - Tourcruiser PTE. LTD\",\"isPartOf\":{\"@id\":\"\/#website\"},\"primaryImageOfPage\":{\"@id\":\"https:\/\/tourcruiser.com\/de\/products\/adidas-adizero-takumi-sen-11-running-shoes-silver-metalliciron-metalliclucid-lemon\/#primaryimage\"},\"image\":{\"@id\":\"https:\/\/tourcruiser.com\/de\/products\/adidas-adizero-takumi-sen-11-running-shoes-silver-metalliciron-metalliclucid-lemon\/#primaryimage\"},\"thumbnailUrl\":\"https:\/\/images.novelship.com\/product\/adidas_adizero_takumi_sen_11_running_shoes_silver__0_3113.jpeg;https:\/\/images.novelship.com\/product\/adidas_adizero_takumi_sen_11_running_shoes_silver__1_3113.jpeg;https:\/\/images.novelship.com\/product\/adidas_adizero_takumi_sen_11_running_shoes_silver__2_3113.jpeg;https:\/\/images.novelship.com\/product\/adidas_adizero_takumi_sen_11_running_shoes_silver__3_3113.jpeg;https:\/\/images.novelship.com\/product\/adidas_adizero_takumi_sen_11_running_shoes_silver__4_3113.jpeg;https:\/\/images.novelship.com\/product\/adidas_adizero_takumi_sen_11_running_shoes_silver__5_3113.jpeg;https:\/\/images.novelship.com\/product\/adidas_adizero_takumi_sen_11_running_shoes_silver__6_3113.jpeg;https:\/\/images.novelship.com\/product\/adidas_adizero_takumi_sen_11_running_shoes_silver__7_3113.jpeg;https:\/\/images.novelship.com\/product\/adidas_adizero_takumi_sen_11_running_shoes_silver__8_3113.jpeg\",\"datePublished\":\"2026-03-02T09:07:41+00:00\",\"dateModified\":\"2026-03-27T18:30:49+00:00\",\"breadcrumb\":{\"@id\":\"https:\/\/tourcruiser.com\/de\/products\/adidas-adizero-takumi-sen-11-running-shoes-silver-metalliciron-metalliclucid-lemon\/#breadcrumb\"},\"inLanguage\":\"de\",\"potentialAction\":[{\"@type\":\"ReadAction\",\"target\":[\"https:\/\/tourcruiser.com\/de\/products\/adidas-adizero-takumi-sen-11-running-shoes-silver-metalliciron-metalliclucid-lemon\/\"]}]},{\"@type\":\"ImageObject\",\"inLanguage\":\"de\",\"@id\":\"https:\/\/tourcruiser.com\/de\/products\/adidas-adizero-takumi-sen-11-running-shoes-silver-metalliciron-metalliclucid-lemon\/#primaryimage\",\"url\":\"https:\/\/images.novelship.com\/product\/adidas_adizero_takumi_sen_11_running_shoes_silver__0_3113.jpeg;https:\/\/images.novelship.com\/product\/adidas_adizero_takumi_sen_11_running_shoes_silver__1_3113.jpeg;https:\/\/images.novelship.com\/product\/adidas_adizero_takumi_sen_11_running_shoes_silver__2_3113.jpeg;https:\/\/images.novelship.com\/product\/adidas_adizero_takumi_sen_11_running_shoes_silver__3_3113.jpeg;https:\/\/images.novelship.com\/product\/adidas_adizero_takumi_sen_11_running_shoes_silver__4_3113.jpeg;https:\/\/images.novelship.com\/product\/adidas_adizero_takumi_sen_11_running_shoes_silver__5_3113.jpeg;https:\/\/images.novelship.com\/product\/adidas_adizero_takumi_sen_11_running_shoes_silver__6_3113.jpeg;https:\/\/images.novelship.com\/product\/adidas_adizero_takumi_sen_11_running_shoes_silver__7_3113.jpeg;https:\/\/images.novelship.com\/product\/adidas_adizero_takumi_sen_11_running_shoes_silver__8_3113.jpeg\",\"contentUrl\":\"https:\/\/images.novelship.com\/product\/adidas_adizero_takumi_sen_11_running_shoes_silver__0_3113.jpeg;https:\/\/images.novelship.com\/product\/adidas_adizero_takumi_sen_11_running_shoes_silver__1_3113.jpeg;https:\/\/images.novelship.com\/product\/adidas_adizero_takumi_sen_11_running_shoes_silver__2_3113.jpeg;https:\/\/images.novelship.com\/product\/adidas_adizero_takumi_sen_11_running_shoes_silver__3_3113.jpeg;https:\/\/images.novelship.com\/product\/adidas_adizero_takumi_sen_11_running_shoes_silver__4_3113.jpeg;https:\/\/images.novelship.com\/product\/adidas_adizero_takumi_sen_11_running_shoes_silver__5_3113.jpeg;https:\/\/images.novelship.com\/product\/adidas_adizero_takumi_sen_11_running_shoes_silver__6_3113.jpeg;https:\/\/images.novelship.com\/product\/adidas_adizero_takumi_sen_11_running_shoes_silver__7_3113.jpeg;https:\/\/images.novelship.com\/product\/adidas_adizero_takumi_sen_11_running_shoes_silver__8_3113.jpeg\"},{\"@type\":\"BreadcrumbList\",\"@id\":\"https:\/\/tourcruiser.com\/de\/products\/adidas-adizero-takumi-sen-11-running-shoes-silver-metalliciron-metalliclucid-lemon\/#breadcrumb\",\"itemListElement\":[{\"@type\":\"ListItem\",\"position\":1,\"name\":\"Home\",\"item\":\"https:\/\/tourcruiser.com\/de\/\"},{\"@type\":\"ListItem\",\"position\":2,\"name\":\"Shop\",\"item\":\"https:\/\/tourcruiser.com\/de\/shop\/\"},{\"@type\":\"ListItem\",\"position\":3,\"name\":\"Adidas Adizero Takumi Sen 11 Running Shoes Silver Metallic\/Iron Metallic\/Lucid Lemon\"}]},{\"@type\":\"WebSite\",\"@id\":\"\/#website\",\"url\":\"\/\",\"name\":\"Styloral Jewelry Shop\",\"description\":\"Tourcruiser Sneaker Store \u2014 der Ort, an dem das Universum deine Einzigartigkeit trifft.\",\"publisher\":{\"@id\":\"\/#organization\"},\"potentialAction\":[{\"@type\":\"SearchAction\",\"target\":{\"@type\":\"EntryPoint\",\"urlTemplate\":\"\/?s={search_term_string}\"},\"query-input\":{\"@type\":\"PropertyValueSpecification\",\"valueRequired\":true,\"valueName\":\"search_term_string\"}}],\"inLanguage\":\"de\"},{\"@type\":\"Organization\",\"@id\":\"\/#organization\",\"name\":\"STYLORAL PTE. LTD\",\"url\":\"\/\",\"logo\":{\"@type\":\"ImageObject\",\"inLanguage\":\"de\",\"@id\":\"\/#\/schema\/logo\/image\/\",\"url\":\"https:\/\/www.tourcruiser.com\/wp-content\/uploads\/2025\/12\/logo.png\",\"contentUrl\":\"https:\/\/www.tourcruiser.com\/wp-content\/uploads\/2025\/12\/logo.png\",\"width\":200,\"height\":65,\"caption\":\"STYLORAL PTE. LTD\"},\"image\":{\"@id\":\"\/#\/schema\/logo\/image\/\"}}]}<\/script>\n<!-- \/ Yoast SEO plugin. -->","yoast_head_json":{"title":"Adidas Adizero Takumi Sen 11 Running Shoes Silver Metallic\/Iron Metallic\/Lucid Lemon  - Tourcruiser PTE. LTD","robots":{"index":"index","follow":"follow","max-snippet":"max-snippet:-1","max-image-preview":"max-image-preview:large","max-video-preview":"max-video-preview:-1"},"canonical":"https:\/\/tourcruiser.com\/de\/products\/adidas-adizero-takumi-sen-11-running-shoes-silver-metalliciron-metalliclucid-lemon\/","og_locale":"de_DE","og_type":"article","og_title":"Adidas Adizero Takumi Sen 11 Running Shoes Silver Metallic\/Iron Metallic\/Lucid Lemon  - Tourcruiser PTE. LTD","og_description":"adidas Adizero Takumi Sen 11 \u201d\u201d Silver Metallic\/Iron Metallic\/Lucid Lemon","og_url":"https:\/\/tourcruiser.com\/de\/products\/adidas-adizero-takumi-sen-11-running-shoes-silver-metalliciron-metalliclucid-lemon\/","og_site_name":"Tourcruiser Sneaker Store","article_modified_time":"2026-03-27T18:30:49+00:00","twitter_card":"summary_large_image","twitter_image":"https:\/\/images.novelship.com\/product\/adidas_adizero_takumi_sen_11_running_shoes_silver__0_3113.jpeg;https:\/\/images.novelship.com\/product\/adidas_adizero_takumi_sen_11_running_shoes_silver__1_3113.jpeg;https:\/\/images.novelship.com\/product\/adidas_adizero_takumi_sen_11_running_shoes_silver__2_3113.jpeg;https:\/\/images.novelship.com\/product\/adidas_adizero_takumi_sen_11_running_shoes_silver__3_3113.jpeg;https:\/\/images.novelship.com\/product\/adidas_adizero_takumi_sen_11_running_shoes_silver__4_3113.jpeg;https:\/\/images.novelship.com\/product\/adidas_adizero_takumi_sen_11_running_shoes_silver__5_3113.jpeg;https:\/\/images.novelship.com\/product\/adidas_adizero_takumi_sen_11_running_shoes_silver__6_3113.jpeg;https:\/\/images.novelship.com\/product\/adidas_adizero_takumi_sen_11_running_shoes_silver__7_3113.jpeg;https:\/\/images.novelship.com\/product\/adidas_adizero_takumi_sen_11_running_shoes_silver__8_3113.jpeg","schema":{"@context":"https:\/\/schema.org","@graph":[{"@type":"WebPage","@id":"https:\/\/tourcruiser.com\/de\/products\/adidas-adizero-takumi-sen-11-running-shoes-silver-metalliciron-metalliclucid-lemon\/","url":"https:\/\/tourcruiser.com\/de\/products\/adidas-adizero-takumi-sen-11-running-shoes-silver-metalliciron-metalliclucid-lemon\/","name":"Adidas Adizero Takumi Sen 11 Running Shoes Silver Metallic\/Iron Metallic\/Lucid Lemon - Tourcruiser PTE. LTD","isPartOf":{"@id":"\/#website"},"primaryImageOfPage":{"@id":"https:\/\/tourcruiser.com\/de\/products\/adidas-adizero-takumi-sen-11-running-shoes-silver-metalliciron-metalliclucid-lemon\/#primaryimage"},"image":{"@id":"https:\/\/tourcruiser.com\/de\/products\/adidas-adizero-takumi-sen-11-running-shoes-silver-metalliciron-metalliclucid-lemon\/#primaryimage"},"thumbnailUrl":"https:\/\/images.novelship.com\/product\/adidas_adizero_takumi_sen_11_running_shoes_silver__0_3113.jpeg;https:\/\/images.novelship.com\/product\/adidas_adizero_takumi_sen_11_running_shoes_silver__1_3113.jpeg;https:\/\/images.novelship.com\/product\/adidas_adizero_takumi_sen_11_running_shoes_silver__2_3113.jpeg;https:\/\/images.novelship.com\/product\/adidas_adizero_takumi_sen_11_running_shoes_silver__3_3113.jpeg;https:\/\/images.novelship.com\/product\/adidas_adizero_takumi_sen_11_running_shoes_silver__4_3113.jpeg;https:\/\/images.novelship.com\/product\/adidas_adizero_takumi_sen_11_running_shoes_silver__5_3113.jpeg;https:\/\/images.novelship.com\/product\/adidas_adizero_takumi_sen_11_running_shoes_silver__6_3113.jpeg;https:\/\/images.novelship.com\/product\/adidas_adizero_takumi_sen_11_running_shoes_silver__7_3113.jpeg;https:\/\/images.novelship.com\/product\/adidas_adizero_takumi_sen_11_running_shoes_silver__8_3113.jpeg","datePublished":"2026-03-02T09:07:41+00:00","dateModified":"2026-03-27T18:30:49+00:00","breadcrumb":{"@id":"https:\/\/tourcruiser.com\/de\/products\/adidas-adizero-takumi-sen-11-running-shoes-silver-metalliciron-metalliclucid-lemon\/#breadcrumb"},"inLanguage":"de","potentialAction":[{"@type":"ReadAction","target":["https:\/\/tourcruiser.com\/de\/products\/adidas-adizero-takumi-sen-11-running-shoes-silver-metalliciron-metalliclucid-lemon\/"]}]},{"@type":"ImageObject","inLanguage":"de","@id":"https:\/\/tourcruiser.com\/de\/products\/adidas-adizero-takumi-sen-11-running-shoes-silver-metalliciron-metalliclucid-lemon\/#primaryimage","url":"https:\/\/images.novelship.com\/product\/adidas_adizero_takumi_sen_11_running_shoes_silver__0_3113.jpeg;https:\/\/images.novelship.com\/product\/adidas_adizero_takumi_sen_11_running_shoes_silver__1_3113.jpeg;https:\/\/images.novelship.com\/product\/adidas_adizero_takumi_sen_11_running_shoes_silver__2_3113.jpeg;https:\/\/images.novelship.com\/product\/adidas_adizero_takumi_sen_11_running_shoes_silver__3_3113.jpeg;https:\/\/images.novelship.com\/product\/adidas_adizero_takumi_sen_11_running_shoes_silver__4_3113.jpeg;https:\/\/images.novelship.com\/product\/adidas_adizero_takumi_sen_11_running_shoes_silver__5_3113.jpeg;https:\/\/images.novelship.com\/product\/adidas_adizero_takumi_sen_11_running_shoes_silver__6_3113.jpeg;https:\/\/images.novelship.com\/product\/adidas_adizero_takumi_sen_11_running_shoes_silver__7_3113.jpeg;https:\/\/images.novelship.com\/product\/adidas_adizero_takumi_sen_11_running_shoes_silver__8_3113.jpeg","contentUrl":"https:\/\/images.novelship.com\/product\/adidas_adizero_takumi_sen_11_running_shoes_silver__0_3113.jpeg;https:\/\/images.novelship.com\/product\/adidas_adizero_takumi_sen_11_running_shoes_silver__1_3113.jpeg;https:\/\/images.novelship.com\/product\/adidas_adizero_takumi_sen_11_running_shoes_silver__2_3113.jpeg;https:\/\/images.novelship.com\/product\/adidas_adizero_takumi_sen_11_running_shoes_silver__3_3113.jpeg;https:\/\/images.novelship.com\/product\/adidas_adizero_takumi_sen_11_running_shoes_silver__4_3113.jpeg;https:\/\/images.novelship.com\/product\/adidas_adizero_takumi_sen_11_running_shoes_silver__5_3113.jpeg;https:\/\/images.novelship.com\/product\/adidas_adizero_takumi_sen_11_running_shoes_silver__6_3113.jpeg;https:\/\/images.novelship.com\/product\/adidas_adizero_takumi_sen_11_running_shoes_silver__7_3113.jpeg;https:\/\/images.novelship.com\/product\/adidas_adizero_takumi_sen_11_running_shoes_silver__8_3113.jpeg"},{"@type":"BreadcrumbList","@id":"https:\/\/tourcruiser.com\/de\/products\/adidas-adizero-takumi-sen-11-running-shoes-silver-metalliciron-metalliclucid-lemon\/#breadcrumb","itemListElement":[{"@type":"ListItem","position":1,"name":"Home","item":"https:\/\/tourcruiser.com\/de\/"},{"@type":"ListItem","position":2,"name":"Shop","item":"https:\/\/tourcruiser.com\/de\/shop\/"},{"@type":"ListItem","position":3,"name":"Adidas Adizero Takumi Sen 11 Running Shoes Silver Metallic\/Iron Metallic\/Lucid Lemon"}]},{"@type":"WebSite","@id":"\/#website","url":"\/","name":"Styloral Jewelry Shop","description":"Tourcruiser Sneaker Store \u2014 der Ort, an dem das Universum deine Einzigartigkeit trifft.","publisher":{"@id":"\/#organization"},"potentialAction":[{"@type":"SearchAction","target":{"@type":"EntryPoint","urlTemplate":"\/?s={search_term_string}"},"query-input":{"@type":"PropertyValueSpecification","valueRequired":true,"valueName":"search_term_string"}}],"inLanguage":"de"},{"@type":"Organization","@id":"\/#organization","name":"STYLORAL PTE. LTD","url":"\/","logo":{"@type":"ImageObject","inLanguage":"de","@id":"\/#\/schema\/logo\/image\/","url":"https:\/\/www.tourcruiser.com\/wp-content\/uploads\/2025\/12\/logo.png","contentUrl":"https:\/\/www.tourcruiser.com\/wp-content\/uploads\/2025\/12\/logo.png","width":200,"height":65,"caption":"STYLORAL PTE. LTD"},"image":{"@id":"\/#\/schema\/logo\/image\/"}}]}},"_links":{"self":[{"href":"https:\/\/tourcruiser.com\/de\/wp-json\/wp\/v2\/product\/161398","targetHints":{"allow":["GET"]}}],"collection":[{"href":"https:\/\/tourcruiser.com\/de\/wp-json\/wp\/v2\/product"}],"about":[{"href":"https:\/\/tourcruiser.com\/de\/wp-json\/wp\/v2\/types\/product"}],"replies":[{"embeddable":true,"href":"https:\/\/tourcruiser.com\/de\/wp-json\/wp\/v2\/comments?post=161398"}],"wp:featuredmedia":[{"embeddable":true,"href":"https:\/\/tourcruiser.com\/de\/wp-json\/wp\/v2\/media\/161399"}],"wp:attachment":[{"href":"https:\/\/tourcruiser.com\/de\/wp-json\/wp\/v2\/media?parent=161398"}],"wp:term":[{"taxonomy":"product_brand","embeddable":true,"href":"https:\/\/tourcruiser.com\/de\/wp-json\/wp\/v2\/product_brand?post=161398"},{"taxonomy":"product_cat","embeddable":true,"href":"https:\/\/tourcruiser.com\/de\/wp-json\/wp\/v2\/product_cat?post=161398"},{"taxonomy":"product_tag","embeddable":true,"href":"https:\/\/tourcruiser.com\/de\/wp-json\/wp\/v2\/product_tag?post=161398"}],"curies":[{"name":"wp","href":"https:\/\/api.w.org\/{rel}","templated":true}]}}