{"id":161351,"date":"2026-03-02T16:07:37","date_gmt":"2026-03-02T09:07:37","guid":{"rendered":"http:\/\/tourcruiser.com\/product\/nike-p-6000-premium-black-impact-green"},"modified":"2026-03-28T01:30:46","modified_gmt":"2026-03-27T18:30:46","slug":"nike-p-6000-premium-black-impact-green","status":"publish","type":"product","link":"https:\/\/tourcruiser.com\/de\/products\/nike-p-6000-premium-black-impact-green\/","title":{"rendered":"Nike P-6000 Premium &#8218;Black Impact Green&#8216;"},"content":{"rendered":"<p>Der Nike P-6000 Premium \u201eBlack Impact Green\u201c IF0668-003 vereint Retro-Stil mit modernem Tragekomfort und ist ideal f\u00fcr alle, die Wert auf Performance und \u00c4sthetik legen. Das atmungsaktive Mesh-Obermaterial mit strapazierf\u00e4higen Synthetik-Overlays sorgt f\u00fcr optimale Luftzirkulation und bietet gleichzeitig Halt bei allen Aktivit\u00e4ten des Alltags und in der Freizeit. Die markante Farbkombination aus Schwarz und Impact Green verleiht dem Schuh einen modernen, dynamischen Look und macht ihn zu einem echten Hingucker in jeder Schuhsammlung.<\/p>\n<p>Die ged\u00e4mpfte Mittelsohle bietet ganzt\u00e4gigen Tragekomfort, w\u00e4hrend die griffige Gummiau\u00dfensohle f\u00fcr zuverl\u00e4ssige Traktion auf verschiedenen Untergr\u00fcnden sorgt. Reflektierende Details verbessern die Sichtbarkeit bei schlechten Lichtverh\u00e4ltnissen, und die schlanke Silhouette ist eine Hommage an Laufschuhe der fr\u00fchen 2000er-Jahre mit einem futuristischen Touch. Egal, ob du auf der Stra\u00dfe unterwegs bist oder einfach nur einen vielseitigen Sneaker suchst, der deine Garderobe aufwertet: Der Nike P-6000 Premium \u201eBlack Impact Green\u201c vereint Funktionalit\u00e4t mit einem auff\u00e4lligen Style und erf\u00fcllt damit alle deine Bed\u00fcrfnisse.<\/p>\n<ul>\n<li><strong>Farbgebung:<\/strong> Schwarz<\/li>\n<li><strong>Style-Code:<\/strong> IF0668-003<\/li>\n<li><strong>Obermaterial:<\/strong> Wildleder<\/li>\n<li><strong>Farbe:<\/strong> Schwarz<\/li>\n<li><strong>Erscheinungsjahr:<\/strong> 2025<\/li>\n<\/ul>\n","protected":false},"excerpt":{"rendered":"<p>Nike P-6000 \u201d\u201d black<\/p>\n","protected":false},"featured_media":161352,"comment_status":"open","ping_status":"closed","template":"","meta":[],"product_brand":[],"product_cat":[10803],"product_tag":[10750,10754,10765,10801,10768,10758],"class_list":{"0":"post-161351","1":"product","2":"type-product","3":"status-publish","4":"has-post-thumbnail","6":"product_cat-nike","7":"product_tag-athleisure-shoes","8":"product_tag-lifestyle-casual-shoes","9":"product_tag-lifestyle-shoes-running-inspired","10":"product_tag-nike","11":"product_tag-retro-running-shoes","12":"product_tag-under-retail","13":"wcpa_has_options","15":"first","16":"outofstock","17":"taxable","18":"shipping-taxable","19":"purchasable","20":"product-type-simple"},"wcpa_form_fields":{"rules":{"pric_overide_base_price":false,"pric_overide_base_price_if_gt_zero":false,"pric_overide_base_price_fully":false,"pric_cal_option_once":false,"pric_use_as_fee":false,"bind_quantity":false,"quantity_bind_formula":false},"fields":[{"type":"color-group","required":true,"elementId":"wcpa-color-group-66c4a75505e74","label":"Gr\u00f6\u00dfe - EU Gr\u00f6\u00dfe","inline":true,"priceOptions":"different_for_all","pricingType":"fixed","className":"hassizechart product-shoes-size-eu product-shoes-size","name":"color-group-66c4a75505e89","disp_type":"square","selection_type":"tick-border","disp_size":"44","show_label_inside":true,"adjust_width":true,"cart_display_type":"text","other_text":"Other","cl_rule":"show","col":6,"values":[{"label":"35.5","value":"EU 35.5","price":"","pimage":"","pimage_id":"","pthumb":"","color":""},{"label":"36","value":"EU 36","price":"","pimage":"","pimage_id":"","pthumb":"","color":"","selected":true},{"label":"36.5","value":"EU 36.5","price":"","pimage":"","pimage_id":"","pthumb":"","color":""},{"label":"37.5","value":"EU 37.5","price":"","pimage":"","pimage_id":"","pthumb":"","color":""},{"label":"38","value":"EU 38","price":"","pimage":"","pimage_id":"","pthumb":"","color":""},{"label":"38.5","value":"EU 38.5","price":"","pimage":"","pimage_id":"","pthumb":"","color":""},{"label":"39","value":"EU 39","price":"","pimage":"","pimage_id":"","pthumb":"","color":""},{"label":"40","value":"EU 40","price":"","pimage":"","pimage_id":"","pthumb":"","color":""},{"label":"40.5","value":"EU 40.5","price":"","pimage":"","pimage_id":"","pthumb":"","color":""},{"label":"41","value":"EU 41","price":"","pimage":"","pimage_id":"","pthumb":"","color":""},{"label":"42","value":"EU 42","price":"","pimage":"","pimage_id":"","pthumb":"","color":""},{"label":"42.5","value":"EU 42.5","price":"","pimage":"","pimage_id":"","pthumb":"","color":""},{"label":"43","value":"EU 43","price":"","pimage":"","pimage_id":"","pthumb":"","color":""},{"label":"44","value":"EU 44","price":"","pimage":"","pimage_id":"","pthumb":"","color":""},{"label":"44.5","value":"EU 44.5","price":"","pimage":"","pimage_id":"","pthumb":"","color":""},{"label":"45","value":"EU 45","price":"","pimage":"","pimage_id":"","pthumb":"","color":""},{"label":"45.5","value":"EU 45.5","price":"","pimage":"","pimage_id":"","pthumb":"","color":""},{"label":"46","value":"EU 46","price":"","pimage":"","pimage_id":"","pthumb":"","color":""},{"label":"47","value":"EU 47","price":"","pimage":"","pimage_id":"","pthumb":"","color":""},{"label":"47.5","value":"EU 47.5","price":"","pimage":"","pimage_id":"","pthumb":"","color":""},{"label":"48","value":"EU 48","price":"","pimage":"","pimage_id":"","pthumb":"","color":""}],"relations":[{"operator":false,"rules":[]}],"form_id":18106,"form_rules":{"pric_cal_option_once":false,"exclude_from_discount":false,"pric_use_as_fee":false,"fee_label":"Fee","render_after_acb":false,"disp_hide_options_price":false}}]},"yoast_head":"<!-- This site is optimized with the Yoast SEO plugin v26.5 - https:\/\/yoast.com\/wordpress\/plugins\/seo\/ -->\n<title>Nike P-6000 Premium &#039;Black Impact Green&#039;  - Tourcruiser PTE. LTD<\/title>\n<meta name=\"robots\" content=\"index, follow, max-snippet:-1, max-image-preview:large, max-video-preview:-1\" \/>\n<link rel=\"canonical\" href=\"https:\/\/tourcruiser.com\/de\/products\/nike-p-6000-premium-black-impact-green\/\" \/>\n<meta property=\"og:locale\" content=\"de_DE\" \/>\n<meta property=\"og:type\" content=\"article\" \/>\n<meta property=\"og:title\" content=\"Nike P-6000 Premium &#039;Black Impact Green&#039;  - Tourcruiser PTE. LTD\" \/>\n<meta property=\"og:description\" content=\"Nike P-6000 \u201d\u201d black\" \/>\n<meta property=\"og:url\" content=\"https:\/\/tourcruiser.com\/de\/products\/nike-p-6000-premium-black-impact-green\/\" \/>\n<meta property=\"og:site_name\" content=\"Tourcruiser Sneaker Store\" \/>\n<meta property=\"article:modified_time\" content=\"2026-03-27T18:30:46+00:00\" \/>\n<meta name=\"twitter:card\" content=\"summary_large_image\" \/>\n<meta name=\"twitter:image\" content=\"https:\/\/images.novelship.com\/product\/nike_p-6000_premium__black_impact_green__if0668-00_0_76307.jpeg;https:\/\/images.novelship.com\/product\/nike_p-6000_premium__black_impact_green__if0668-00_1_76308.jpeg;https:\/\/images.novelship.com\/product\/nike_p-6000_premium__black_impact_green__if0668-00_2_76308.jpeg;https:\/\/images.novelship.com\/product\/nike_p-6000_premium__black_impact_green__if0668-00_3_76308.jpeg;https:\/\/images.novelship.com\/product\/nike_p-6000_premium__black_impact_green__if0668-00_4_76308.jpeg;https:\/\/images.novelship.com\/product\/nike_p-6000_premium__black_impact_green__if0668-00_5_76308.jpeg;https:\/\/images.novelship.com\/product\/nike_p-6000_premium__black_impact_green__if0668-00_6_76308.jpeg;https:\/\/images.novelship.com\/product\/nike_p-6000_premium__black_impact_green__if0668-00_7_76308.jpeg\" \/>\n<meta name=\"twitter:label1\" content=\"Gesch\u00e4tzte Lesezeit\" \/>\n\t<meta name=\"twitter:data1\" content=\"1\u00a0Minute\" \/>\n<script type=\"application\/ld+json\" class=\"yoast-schema-graph\">{\"@context\":\"https:\/\/schema.org\",\"@graph\":[{\"@type\":\"WebPage\",\"@id\":\"https:\/\/tourcruiser.com\/de\/products\/nike-p-6000-premium-black-impact-green\/\",\"url\":\"https:\/\/tourcruiser.com\/de\/products\/nike-p-6000-premium-black-impact-green\/\",\"name\":\"Nike P-6000 Premium 'Black Impact Green' - Tourcruiser PTE. LTD\",\"isPartOf\":{\"@id\":\"https:\/\/tourcruiser.com\/de\/#website\"},\"primaryImageOfPage\":{\"@id\":\"https:\/\/tourcruiser.com\/de\/products\/nike-p-6000-premium-black-impact-green\/#primaryimage\"},\"image\":{\"@id\":\"https:\/\/tourcruiser.com\/de\/products\/nike-p-6000-premium-black-impact-green\/#primaryimage\"},\"thumbnailUrl\":\"https:\/\/images.novelship.com\/product\/nike_p-6000_premium__black_impact_green__if0668-00_0_76307.jpeg;https:\/\/images.novelship.com\/product\/nike_p-6000_premium__black_impact_green__if0668-00_1_76308.jpeg;https:\/\/images.novelship.com\/product\/nike_p-6000_premium__black_impact_green__if0668-00_2_76308.jpeg;https:\/\/images.novelship.com\/product\/nike_p-6000_premium__black_impact_green__if0668-00_3_76308.jpeg;https:\/\/images.novelship.com\/product\/nike_p-6000_premium__black_impact_green__if0668-00_4_76308.jpeg;https:\/\/images.novelship.com\/product\/nike_p-6000_premium__black_impact_green__if0668-00_5_76308.jpeg;https:\/\/images.novelship.com\/product\/nike_p-6000_premium__black_impact_green__if0668-00_6_76308.jpeg;https:\/\/images.novelship.com\/product\/nike_p-6000_premium__black_impact_green__if0668-00_7_76308.jpeg\",\"datePublished\":\"2026-03-02T09:07:37+00:00\",\"dateModified\":\"2026-03-27T18:30:46+00:00\",\"breadcrumb\":{\"@id\":\"https:\/\/tourcruiser.com\/de\/products\/nike-p-6000-premium-black-impact-green\/#breadcrumb\"},\"inLanguage\":\"de\",\"potentialAction\":[{\"@type\":\"ReadAction\",\"target\":[\"https:\/\/tourcruiser.com\/de\/products\/nike-p-6000-premium-black-impact-green\/\"]}]},{\"@type\":\"ImageObject\",\"inLanguage\":\"de\",\"@id\":\"https:\/\/tourcruiser.com\/de\/products\/nike-p-6000-premium-black-impact-green\/#primaryimage\",\"url\":\"https:\/\/images.novelship.com\/product\/nike_p-6000_premium__black_impact_green__if0668-00_0_76307.jpeg;https:\/\/images.novelship.com\/product\/nike_p-6000_premium__black_impact_green__if0668-00_1_76308.jpeg;https:\/\/images.novelship.com\/product\/nike_p-6000_premium__black_impact_green__if0668-00_2_76308.jpeg;https:\/\/images.novelship.com\/product\/nike_p-6000_premium__black_impact_green__if0668-00_3_76308.jpeg;https:\/\/images.novelship.com\/product\/nike_p-6000_premium__black_impact_green__if0668-00_4_76308.jpeg;https:\/\/images.novelship.com\/product\/nike_p-6000_premium__black_impact_green__if0668-00_5_76308.jpeg;https:\/\/images.novelship.com\/product\/nike_p-6000_premium__black_impact_green__if0668-00_6_76308.jpeg;https:\/\/images.novelship.com\/product\/nike_p-6000_premium__black_impact_green__if0668-00_7_76308.jpeg\",\"contentUrl\":\"https:\/\/images.novelship.com\/product\/nike_p-6000_premium__black_impact_green__if0668-00_0_76307.jpeg;https:\/\/images.novelship.com\/product\/nike_p-6000_premium__black_impact_green__if0668-00_1_76308.jpeg;https:\/\/images.novelship.com\/product\/nike_p-6000_premium__black_impact_green__if0668-00_2_76308.jpeg;https:\/\/images.novelship.com\/product\/nike_p-6000_premium__black_impact_green__if0668-00_3_76308.jpeg;https:\/\/images.novelship.com\/product\/nike_p-6000_premium__black_impact_green__if0668-00_4_76308.jpeg;https:\/\/images.novelship.com\/product\/nike_p-6000_premium__black_impact_green__if0668-00_5_76308.jpeg;https:\/\/images.novelship.com\/product\/nike_p-6000_premium__black_impact_green__if0668-00_6_76308.jpeg;https:\/\/images.novelship.com\/product\/nike_p-6000_premium__black_impact_green__if0668-00_7_76308.jpeg\"},{\"@type\":\"BreadcrumbList\",\"@id\":\"https:\/\/tourcruiser.com\/de\/products\/nike-p-6000-premium-black-impact-green\/#breadcrumb\",\"itemListElement\":[{\"@type\":\"ListItem\",\"position\":1,\"name\":\"Home\",\"item\":\"https:\/\/tourcruiser.com\/de\/\"},{\"@type\":\"ListItem\",\"position\":2,\"name\":\"Shop\",\"item\":\"https:\/\/tourcruiser.com\/de\/shop\/\"},{\"@type\":\"ListItem\",\"position\":3,\"name\":\"Nike P-6000 Premium 'Black Impact Green'\"}]},{\"@type\":\"WebSite\",\"@id\":\"https:\/\/tourcruiser.com\/de\/#website\",\"url\":\"https:\/\/tourcruiser.com\/de\/\",\"name\":\"Styloral Jewelry Shop\",\"description\":\"Tourcruiser Sneaker Store \u2014 der Ort, an dem das Universum deine Einzigartigkeit trifft.\",\"publisher\":{\"@id\":\"https:\/\/tourcruiser.com\/de\/#organization\"},\"potentialAction\":[{\"@type\":\"SearchAction\",\"target\":{\"@type\":\"EntryPoint\",\"urlTemplate\":\"https:\/\/tourcruiser.com\/de\/?s={search_term_string}\"},\"query-input\":{\"@type\":\"PropertyValueSpecification\",\"valueRequired\":true,\"valueName\":\"search_term_string\"}}],\"inLanguage\":\"de\"},{\"@type\":\"Organization\",\"@id\":\"https:\/\/tourcruiser.com\/de\/#organization\",\"name\":\"STYLORAL PTE. LTD\",\"url\":\"https:\/\/tourcruiser.com\/de\/\",\"logo\":{\"@type\":\"ImageObject\",\"inLanguage\":\"de\",\"@id\":\"https:\/\/tourcruiser.com\/de\/#\/schema\/logo\/image\/\",\"url\":\"https:\/\/www.tourcruiser.com\/wp-content\/uploads\/2025\/12\/logo.png\",\"contentUrl\":\"https:\/\/www.tourcruiser.com\/wp-content\/uploads\/2025\/12\/logo.png\",\"width\":200,\"height\":65,\"caption\":\"STYLORAL PTE. LTD\"},\"image\":{\"@id\":\"https:\/\/tourcruiser.com\/de\/#\/schema\/logo\/image\/\"}}]}<\/script>\n<!-- \/ Yoast SEO plugin. -->","yoast_head_json":{"title":"Nike P-6000 Premium 'Black Impact Green'  - Tourcruiser PTE. LTD","robots":{"index":"index","follow":"follow","max-snippet":"max-snippet:-1","max-image-preview":"max-image-preview:large","max-video-preview":"max-video-preview:-1"},"canonical":"https:\/\/tourcruiser.com\/de\/products\/nike-p-6000-premium-black-impact-green\/","og_locale":"de_DE","og_type":"article","og_title":"Nike P-6000 Premium 'Black Impact Green'  - Tourcruiser PTE. LTD","og_description":"Nike P-6000 \u201d\u201d black","og_url":"https:\/\/tourcruiser.com\/de\/products\/nike-p-6000-premium-black-impact-green\/","og_site_name":"Tourcruiser Sneaker Store","article_modified_time":"2026-03-27T18:30:46+00:00","twitter_card":"summary_large_image","twitter_image":"https:\/\/images.novelship.com\/product\/nike_p-6000_premium__black_impact_green__if0668-00_0_76307.jpeg;https:\/\/images.novelship.com\/product\/nike_p-6000_premium__black_impact_green__if0668-00_1_76308.jpeg;https:\/\/images.novelship.com\/product\/nike_p-6000_premium__black_impact_green__if0668-00_2_76308.jpeg;https:\/\/images.novelship.com\/product\/nike_p-6000_premium__black_impact_green__if0668-00_3_76308.jpeg;https:\/\/images.novelship.com\/product\/nike_p-6000_premium__black_impact_green__if0668-00_4_76308.jpeg;https:\/\/images.novelship.com\/product\/nike_p-6000_premium__black_impact_green__if0668-00_5_76308.jpeg;https:\/\/images.novelship.com\/product\/nike_p-6000_premium__black_impact_green__if0668-00_6_76308.jpeg;https:\/\/images.novelship.com\/product\/nike_p-6000_premium__black_impact_green__if0668-00_7_76308.jpeg","twitter_misc":{"Gesch\u00e4tzte Lesezeit":"1\u00a0Minute"},"schema":{"@context":"https:\/\/schema.org","@graph":[{"@type":"WebPage","@id":"https:\/\/tourcruiser.com\/de\/products\/nike-p-6000-premium-black-impact-green\/","url":"https:\/\/tourcruiser.com\/de\/products\/nike-p-6000-premium-black-impact-green\/","name":"Nike P-6000 Premium 'Black Impact Green' - Tourcruiser PTE. LTD","isPartOf":{"@id":"https:\/\/tourcruiser.com\/de\/#website"},"primaryImageOfPage":{"@id":"https:\/\/tourcruiser.com\/de\/products\/nike-p-6000-premium-black-impact-green\/#primaryimage"},"image":{"@id":"https:\/\/tourcruiser.com\/de\/products\/nike-p-6000-premium-black-impact-green\/#primaryimage"},"thumbnailUrl":"https:\/\/images.novelship.com\/product\/nike_p-6000_premium__black_impact_green__if0668-00_0_76307.jpeg;https:\/\/images.novelship.com\/product\/nike_p-6000_premium__black_impact_green__if0668-00_1_76308.jpeg;https:\/\/images.novelship.com\/product\/nike_p-6000_premium__black_impact_green__if0668-00_2_76308.jpeg;https:\/\/images.novelship.com\/product\/nike_p-6000_premium__black_impact_green__if0668-00_3_76308.jpeg;https:\/\/images.novelship.com\/product\/nike_p-6000_premium__black_impact_green__if0668-00_4_76308.jpeg;https:\/\/images.novelship.com\/product\/nike_p-6000_premium__black_impact_green__if0668-00_5_76308.jpeg;https:\/\/images.novelship.com\/product\/nike_p-6000_premium__black_impact_green__if0668-00_6_76308.jpeg;https:\/\/images.novelship.com\/product\/nike_p-6000_premium__black_impact_green__if0668-00_7_76308.jpeg","datePublished":"2026-03-02T09:07:37+00:00","dateModified":"2026-03-27T18:30:46+00:00","breadcrumb":{"@id":"https:\/\/tourcruiser.com\/de\/products\/nike-p-6000-premium-black-impact-green\/#breadcrumb"},"inLanguage":"de","potentialAction":[{"@type":"ReadAction","target":["https:\/\/tourcruiser.com\/de\/products\/nike-p-6000-premium-black-impact-green\/"]}]},{"@type":"ImageObject","inLanguage":"de","@id":"https:\/\/tourcruiser.com\/de\/products\/nike-p-6000-premium-black-impact-green\/#primaryimage","url":"https:\/\/images.novelship.com\/product\/nike_p-6000_premium__black_impact_green__if0668-00_0_76307.jpeg;https:\/\/images.novelship.com\/product\/nike_p-6000_premium__black_impact_green__if0668-00_1_76308.jpeg;https:\/\/images.novelship.com\/product\/nike_p-6000_premium__black_impact_green__if0668-00_2_76308.jpeg;https:\/\/images.novelship.com\/product\/nike_p-6000_premium__black_impact_green__if0668-00_3_76308.jpeg;https:\/\/images.novelship.com\/product\/nike_p-6000_premium__black_impact_green__if0668-00_4_76308.jpeg;https:\/\/images.novelship.com\/product\/nike_p-6000_premium__black_impact_green__if0668-00_5_76308.jpeg;https:\/\/images.novelship.com\/product\/nike_p-6000_premium__black_impact_green__if0668-00_6_76308.jpeg;https:\/\/images.novelship.com\/product\/nike_p-6000_premium__black_impact_green__if0668-00_7_76308.jpeg","contentUrl":"https:\/\/images.novelship.com\/product\/nike_p-6000_premium__black_impact_green__if0668-00_0_76307.jpeg;https:\/\/images.novelship.com\/product\/nike_p-6000_premium__black_impact_green__if0668-00_1_76308.jpeg;https:\/\/images.novelship.com\/product\/nike_p-6000_premium__black_impact_green__if0668-00_2_76308.jpeg;https:\/\/images.novelship.com\/product\/nike_p-6000_premium__black_impact_green__if0668-00_3_76308.jpeg;https:\/\/images.novelship.com\/product\/nike_p-6000_premium__black_impact_green__if0668-00_4_76308.jpeg;https:\/\/images.novelship.com\/product\/nike_p-6000_premium__black_impact_green__if0668-00_5_76308.jpeg;https:\/\/images.novelship.com\/product\/nike_p-6000_premium__black_impact_green__if0668-00_6_76308.jpeg;https:\/\/images.novelship.com\/product\/nike_p-6000_premium__black_impact_green__if0668-00_7_76308.jpeg"},{"@type":"BreadcrumbList","@id":"https:\/\/tourcruiser.com\/de\/products\/nike-p-6000-premium-black-impact-green\/#breadcrumb","itemListElement":[{"@type":"ListItem","position":1,"name":"Home","item":"https:\/\/tourcruiser.com\/de\/"},{"@type":"ListItem","position":2,"name":"Shop","item":"https:\/\/tourcruiser.com\/de\/shop\/"},{"@type":"ListItem","position":3,"name":"Nike P-6000 Premium 'Black Impact Green'"}]},{"@type":"WebSite","@id":"https:\/\/tourcruiser.com\/de\/#website","url":"https:\/\/tourcruiser.com\/de\/","name":"Styloral Jewelry Shop","description":"Tourcruiser Sneaker Store \u2014 der Ort, an dem das Universum deine Einzigartigkeit trifft.","publisher":{"@id":"https:\/\/tourcruiser.com\/de\/#organization"},"potentialAction":[{"@type":"SearchAction","target":{"@type":"EntryPoint","urlTemplate":"https:\/\/tourcruiser.com\/de\/?s={search_term_string}"},"query-input":{"@type":"PropertyValueSpecification","valueRequired":true,"valueName":"search_term_string"}}],"inLanguage":"de"},{"@type":"Organization","@id":"https:\/\/tourcruiser.com\/de\/#organization","name":"STYLORAL PTE. LTD","url":"https:\/\/tourcruiser.com\/de\/","logo":{"@type":"ImageObject","inLanguage":"de","@id":"https:\/\/tourcruiser.com\/de\/#\/schema\/logo\/image\/","url":"https:\/\/www.tourcruiser.com\/wp-content\/uploads\/2025\/12\/logo.png","contentUrl":"https:\/\/www.tourcruiser.com\/wp-content\/uploads\/2025\/12\/logo.png","width":200,"height":65,"caption":"STYLORAL PTE. LTD"},"image":{"@id":"https:\/\/tourcruiser.com\/de\/#\/schema\/logo\/image\/"}}]}},"_links":{"self":[{"href":"https:\/\/tourcruiser.com\/de\/wp-json\/wp\/v2\/product\/161351","targetHints":{"allow":["GET"]}}],"collection":[{"href":"https:\/\/tourcruiser.com\/de\/wp-json\/wp\/v2\/product"}],"about":[{"href":"https:\/\/tourcruiser.com\/de\/wp-json\/wp\/v2\/types\/product"}],"replies":[{"embeddable":true,"href":"https:\/\/tourcruiser.com\/de\/wp-json\/wp\/v2\/comments?post=161351"}],"wp:featuredmedia":[{"embeddable":true,"href":"https:\/\/tourcruiser.com\/de\/wp-json\/wp\/v2\/media\/161352"}],"wp:attachment":[{"href":"https:\/\/tourcruiser.com\/de\/wp-json\/wp\/v2\/media?parent=161351"}],"wp:term":[{"taxonomy":"product_brand","embeddable":true,"href":"https:\/\/tourcruiser.com\/de\/wp-json\/wp\/v2\/product_brand?post=161351"},{"taxonomy":"product_cat","embeddable":true,"href":"https:\/\/tourcruiser.com\/de\/wp-json\/wp\/v2\/product_cat?post=161351"},{"taxonomy":"product_tag","embeddable":true,"href":"https:\/\/tourcruiser.com\/de\/wp-json\/wp\/v2\/product_tag?post=161351"}],"curies":[{"name":"wp","href":"https:\/\/api.w.org\/{rel}","templated":true}]}}