{"id":161068,"date":"2026-03-02T16:07:10","date_gmt":"2026-03-02T09:07:10","guid":{"rendered":"http:\/\/tourcruiser.com\/product\/nike-air-versitile-3-black-metallic-gold"},"modified":"2026-03-28T01:30:34","modified_gmt":"2026-03-27T18:30:34","slug":"nike-air-versitile-3-black-metallic-gold","status":"publish","type":"product","link":"https:\/\/tourcruiser.com\/de\/products\/nike-air-versitile-3-black-metallic-gold\/","title":{"rendered":"Nike Air Versitile 3 &#8218;Black Metallic Gold&#8216;"},"content":{"rendered":"<p>Verbessere dein Spiel mit dem Nike Air Versitile 3 &#8218;Black Metallic Gold&#8216; AO4430-005. Dieser vielseitige Basketballschuh besticht durch ein elegantes schwarzes Obermaterial mit metallisch-goldenen Akzenten f\u00fcr einen hochwertigen Look. Die Air-Sole-Einheit sorgt f\u00fcr reaktionsfreudige D\u00e4mpfung, w\u00e4hrend das kreisf\u00f6rmige Traktionsmuster optimalen Grip auf dem Court garantiert. Dank seiner robusten Konstruktion und reaktionsfreudigen Unterst\u00fctzung bietet dieser Sneaker unvergleichliche Performance \u201d\u201c egal ob in der Halle oder auf der Stra\u00dfe. Erreiche deine Bestleistung mit Style \u201d\u201c mit dem Nike Air Versitile.<\/p>\n<ul>\n<li><strong>Farbgebung:<\/strong> Schwarz\/Metallic-Gold\/Dunkelgrau<\/li>\n<li><strong>Style-Code:<\/strong> AO4430-005<\/li>\n<li><strong>Mittelsohle:<\/strong> Air<\/li>\n<li><strong>Farbe:<\/strong> Schwarz<\/li>\n<li><strong>Saison:<\/strong> Ganzj\u00e4hrig<\/li>\n<\/ul>\n","protected":false},"excerpt":{"rendered":"<p>Nike Air Versitile 3 \u201d\u201d Black\/Metallic Gold\/Dark Grey<\/p>\n","protected":false},"featured_media":161069,"comment_status":"open","ping_status":"closed","template":"","meta":[],"product_brand":[],"product_cat":[10803],"product_tag":[10800,10753,10801,11223,10900,10802,10785,10786,10758],"class_list":{"0":"post-161068","1":"product","2":"type-product","3":"status-publish","4":"has-post-thumbnail","6":"product_cat-nike","7":"product_tag-basketball-shoes","8":"product_tag-gift-for-him","9":"product_tag-nike","10":"product_tag-nike-basketball-shoes","11":"product_tag-nike-skateboarding-shoes","12":"product_tag-performance-sport-shoes","13":"product_tag-trending-deals","14":"product_tag-trending-deals-under-150","15":"product_tag-under-retail","16":"wcpa_has_options","18":"first","19":"outofstock","20":"sale","21":"taxable","22":"shipping-taxable","23":"purchasable","24":"product-type-simple"},"wcpa_form_fields":{"rules":{"pric_overide_base_price":false,"pric_overide_base_price_if_gt_zero":false,"pric_overide_base_price_fully":false,"pric_cal_option_once":false,"pric_use_as_fee":false,"bind_quantity":false,"quantity_bind_formula":false},"fields":[{"type":"color-group","required":true,"elementId":"wcpa-color-group-66c4a75505e74","label":"Gr\u00f6\u00dfe - EU Gr\u00f6\u00dfe","inline":true,"priceOptions":"different_for_all","pricingType":"fixed","className":"hassizechart product-shoes-size-eu product-shoes-size","name":"color-group-66c4a75505e89","disp_type":"square","selection_type":"tick-border","disp_size":"44","show_label_inside":true,"adjust_width":true,"cart_display_type":"text","other_text":"Other","cl_rule":"show","col":6,"values":[{"label":"35.5","value":"EU 35.5","price":"","pimage":"","pimage_id":"","pthumb":"","color":""},{"label":"36","value":"EU 36","price":"","pimage":"","pimage_id":"","pthumb":"","color":"","selected":true},{"label":"36.5","value":"EU 36.5","price":"","pimage":"","pimage_id":"","pthumb":"","color":""},{"label":"37.5","value":"EU 37.5","price":"","pimage":"","pimage_id":"","pthumb":"","color":""},{"label":"38","value":"EU 38","price":"","pimage":"","pimage_id":"","pthumb":"","color":""},{"label":"38.5","value":"EU 38.5","price":"","pimage":"","pimage_id":"","pthumb":"","color":""},{"label":"39","value":"EU 39","price":"","pimage":"","pimage_id":"","pthumb":"","color":""},{"label":"40","value":"EU 40","price":"","pimage":"","pimage_id":"","pthumb":"","color":""},{"label":"40.5","value":"EU 40.5","price":"","pimage":"","pimage_id":"","pthumb":"","color":""},{"label":"41","value":"EU 41","price":"","pimage":"","pimage_id":"","pthumb":"","color":""},{"label":"42","value":"EU 42","price":"","pimage":"","pimage_id":"","pthumb":"","color":""},{"label":"42.5","value":"EU 42.5","price":"","pimage":"","pimage_id":"","pthumb":"","color":""},{"label":"43","value":"EU 43","price":"","pimage":"","pimage_id":"","pthumb":"","color":""},{"label":"44","value":"EU 44","price":"","pimage":"","pimage_id":"","pthumb":"","color":""},{"label":"44.5","value":"EU 44.5","price":"","pimage":"","pimage_id":"","pthumb":"","color":""},{"label":"45","value":"EU 45","price":"","pimage":"","pimage_id":"","pthumb":"","color":""},{"label":"45.5","value":"EU 45.5","price":"","pimage":"","pimage_id":"","pthumb":"","color":""},{"label":"46","value":"EU 46","price":"","pimage":"","pimage_id":"","pthumb":"","color":""},{"label":"47","value":"EU 47","price":"","pimage":"","pimage_id":"","pthumb":"","color":""},{"label":"47.5","value":"EU 47.5","price":"","pimage":"","pimage_id":"","pthumb":"","color":""},{"label":"48","value":"EU 48","price":"","pimage":"","pimage_id":"","pthumb":"","color":""}],"relations":[{"operator":false,"rules":[]}],"form_id":18106,"form_rules":{"pric_cal_option_once":false,"exclude_from_discount":false,"pric_use_as_fee":false,"fee_label":"Fee","render_after_acb":false,"disp_hide_options_price":false}}]},"yoast_head":"<!-- This site is optimized with the Yoast SEO plugin v26.5 - https:\/\/yoast.com\/wordpress\/plugins\/seo\/ -->\n<title>Nike Air Versitile 3 &#039;Black Metallic Gold&#039;  - Tourcruiser PTE. LTD<\/title>\n<meta name=\"robots\" content=\"index, follow, max-snippet:-1, max-image-preview:large, max-video-preview:-1\" \/>\n<link rel=\"canonical\" href=\"https:\/\/tourcruiser.com\/de\/products\/nike-air-versitile-3-black-metallic-gold\/\" \/>\n<meta property=\"og:locale\" content=\"de_DE\" \/>\n<meta property=\"og:type\" content=\"article\" \/>\n<meta property=\"og:title\" content=\"Nike Air Versitile 3 &#039;Black Metallic Gold&#039;  - Tourcruiser PTE. LTD\" \/>\n<meta property=\"og:description\" content=\"Nike Air Versitile 3 \u201d\u201d Black\/Metallic Gold\/Dark Grey\" \/>\n<meta property=\"og:url\" content=\"https:\/\/tourcruiser.com\/de\/products\/nike-air-versitile-3-black-metallic-gold\/\" \/>\n<meta property=\"og:site_name\" content=\"Tourcruiser Sneaker Store\" \/>\n<meta property=\"article:modified_time\" content=\"2026-03-27T18:30:34+00:00\" \/>\n<meta name=\"twitter:card\" content=\"summary_large_image\" \/>\n<meta name=\"twitter:image\" content=\"https:\/\/images.novelship.com\/product\/nike_air_versitile_3__black_metallic_gold__ao4430-_0_4668.jpeg;https:\/\/images.novelship.com\/product\/nike_air_versitile_3__black_metallic_gold__ao4430-_1_4668.jpeg;https:\/\/images.novelship.com\/product\/nike_air_versitile_3__black_metallic_gold__ao4430-_2_4668.jpeg;https:\/\/images.novelship.com\/product\/nike_air_versitile_3__black_metallic_gold__ao4430-_3_4668.jpeg\" \/>\n<script type=\"application\/ld+json\" class=\"yoast-schema-graph\">{\"@context\":\"https:\/\/schema.org\",\"@graph\":[{\"@type\":\"WebPage\",\"@id\":\"https:\/\/tourcruiser.com\/de\/products\/nike-air-versitile-3-black-metallic-gold\/\",\"url\":\"https:\/\/tourcruiser.com\/de\/products\/nike-air-versitile-3-black-metallic-gold\/\",\"name\":\"Nike Air Versitile 3 'Black Metallic Gold' - Tourcruiser PTE. LTD\",\"isPartOf\":{\"@id\":\"https:\/\/tourcruiser.com\/de\/#website\"},\"primaryImageOfPage\":{\"@id\":\"https:\/\/tourcruiser.com\/de\/products\/nike-air-versitile-3-black-metallic-gold\/#primaryimage\"},\"image\":{\"@id\":\"https:\/\/tourcruiser.com\/de\/products\/nike-air-versitile-3-black-metallic-gold\/#primaryimage\"},\"thumbnailUrl\":\"https:\/\/images.novelship.com\/product\/nike_air_versitile_3__black_metallic_gold__ao4430-_0_4668.jpeg;https:\/\/images.novelship.com\/product\/nike_air_versitile_3__black_metallic_gold__ao4430-_1_4668.jpeg;https:\/\/images.novelship.com\/product\/nike_air_versitile_3__black_metallic_gold__ao4430-_2_4668.jpeg;https:\/\/images.novelship.com\/product\/nike_air_versitile_3__black_metallic_gold__ao4430-_3_4668.jpeg\",\"datePublished\":\"2026-03-02T09:07:10+00:00\",\"dateModified\":\"2026-03-27T18:30:34+00:00\",\"breadcrumb\":{\"@id\":\"https:\/\/tourcruiser.com\/de\/products\/nike-air-versitile-3-black-metallic-gold\/#breadcrumb\"},\"inLanguage\":\"de\",\"potentialAction\":[{\"@type\":\"ReadAction\",\"target\":[\"https:\/\/tourcruiser.com\/de\/products\/nike-air-versitile-3-black-metallic-gold\/\"]}]},{\"@type\":\"ImageObject\",\"inLanguage\":\"de\",\"@id\":\"https:\/\/tourcruiser.com\/de\/products\/nike-air-versitile-3-black-metallic-gold\/#primaryimage\",\"url\":\"https:\/\/images.novelship.com\/product\/nike_air_versitile_3__black_metallic_gold__ao4430-_0_4668.jpeg;https:\/\/images.novelship.com\/product\/nike_air_versitile_3__black_metallic_gold__ao4430-_1_4668.jpeg;https:\/\/images.novelship.com\/product\/nike_air_versitile_3__black_metallic_gold__ao4430-_2_4668.jpeg;https:\/\/images.novelship.com\/product\/nike_air_versitile_3__black_metallic_gold__ao4430-_3_4668.jpeg\",\"contentUrl\":\"https:\/\/images.novelship.com\/product\/nike_air_versitile_3__black_metallic_gold__ao4430-_0_4668.jpeg;https:\/\/images.novelship.com\/product\/nike_air_versitile_3__black_metallic_gold__ao4430-_1_4668.jpeg;https:\/\/images.novelship.com\/product\/nike_air_versitile_3__black_metallic_gold__ao4430-_2_4668.jpeg;https:\/\/images.novelship.com\/product\/nike_air_versitile_3__black_metallic_gold__ao4430-_3_4668.jpeg\"},{\"@type\":\"BreadcrumbList\",\"@id\":\"https:\/\/tourcruiser.com\/de\/products\/nike-air-versitile-3-black-metallic-gold\/#breadcrumb\",\"itemListElement\":[{\"@type\":\"ListItem\",\"position\":1,\"name\":\"Home\",\"item\":\"https:\/\/tourcruiser.com\/de\/\"},{\"@type\":\"ListItem\",\"position\":2,\"name\":\"Shop\",\"item\":\"https:\/\/tourcruiser.com\/de\/shop\/\"},{\"@type\":\"ListItem\",\"position\":3,\"name\":\"Nike Air Versitile 3 'Black Metallic Gold'\"}]},{\"@type\":\"WebSite\",\"@id\":\"https:\/\/tourcruiser.com\/de\/#website\",\"url\":\"https:\/\/tourcruiser.com\/de\/\",\"name\":\"Styloral Jewelry Shop\",\"description\":\"Tourcruiser Sneaker Store \u2014 der Ort, an dem das Universum deine Einzigartigkeit trifft.\",\"publisher\":{\"@id\":\"https:\/\/tourcruiser.com\/de\/#organization\"},\"potentialAction\":[{\"@type\":\"SearchAction\",\"target\":{\"@type\":\"EntryPoint\",\"urlTemplate\":\"https:\/\/tourcruiser.com\/de\/?s={search_term_string}\"},\"query-input\":{\"@type\":\"PropertyValueSpecification\",\"valueRequired\":true,\"valueName\":\"search_term_string\"}}],\"inLanguage\":\"de\"},{\"@type\":\"Organization\",\"@id\":\"https:\/\/tourcruiser.com\/de\/#organization\",\"name\":\"STYLORAL PTE. LTD\",\"url\":\"https:\/\/tourcruiser.com\/de\/\",\"logo\":{\"@type\":\"ImageObject\",\"inLanguage\":\"de\",\"@id\":\"https:\/\/tourcruiser.com\/de\/#\/schema\/logo\/image\/\",\"url\":\"https:\/\/www.tourcruiser.com\/wp-content\/uploads\/2025\/12\/logo.png\",\"contentUrl\":\"https:\/\/www.tourcruiser.com\/wp-content\/uploads\/2025\/12\/logo.png\",\"width\":200,\"height\":65,\"caption\":\"STYLORAL PTE. LTD\"},\"image\":{\"@id\":\"https:\/\/tourcruiser.com\/de\/#\/schema\/logo\/image\/\"}}]}<\/script>\n<!-- \/ Yoast SEO plugin. -->","yoast_head_json":{"title":"Nike Air Versitile 3 'Black Metallic Gold'  - Tourcruiser PTE. LTD","robots":{"index":"index","follow":"follow","max-snippet":"max-snippet:-1","max-image-preview":"max-image-preview:large","max-video-preview":"max-video-preview:-1"},"canonical":"https:\/\/tourcruiser.com\/de\/products\/nike-air-versitile-3-black-metallic-gold\/","og_locale":"de_DE","og_type":"article","og_title":"Nike Air Versitile 3 'Black Metallic Gold'  - Tourcruiser PTE. LTD","og_description":"Nike Air Versitile 3 \u201d\u201d Black\/Metallic Gold\/Dark Grey","og_url":"https:\/\/tourcruiser.com\/de\/products\/nike-air-versitile-3-black-metallic-gold\/","og_site_name":"Tourcruiser Sneaker Store","article_modified_time":"2026-03-27T18:30:34+00:00","twitter_card":"summary_large_image","twitter_image":"https:\/\/images.novelship.com\/product\/nike_air_versitile_3__black_metallic_gold__ao4430-_0_4668.jpeg;https:\/\/images.novelship.com\/product\/nike_air_versitile_3__black_metallic_gold__ao4430-_1_4668.jpeg;https:\/\/images.novelship.com\/product\/nike_air_versitile_3__black_metallic_gold__ao4430-_2_4668.jpeg;https:\/\/images.novelship.com\/product\/nike_air_versitile_3__black_metallic_gold__ao4430-_3_4668.jpeg","schema":{"@context":"https:\/\/schema.org","@graph":[{"@type":"WebPage","@id":"https:\/\/tourcruiser.com\/de\/products\/nike-air-versitile-3-black-metallic-gold\/","url":"https:\/\/tourcruiser.com\/de\/products\/nike-air-versitile-3-black-metallic-gold\/","name":"Nike Air Versitile 3 'Black Metallic Gold' - Tourcruiser PTE. LTD","isPartOf":{"@id":"https:\/\/tourcruiser.com\/de\/#website"},"primaryImageOfPage":{"@id":"https:\/\/tourcruiser.com\/de\/products\/nike-air-versitile-3-black-metallic-gold\/#primaryimage"},"image":{"@id":"https:\/\/tourcruiser.com\/de\/products\/nike-air-versitile-3-black-metallic-gold\/#primaryimage"},"thumbnailUrl":"https:\/\/images.novelship.com\/product\/nike_air_versitile_3__black_metallic_gold__ao4430-_0_4668.jpeg;https:\/\/images.novelship.com\/product\/nike_air_versitile_3__black_metallic_gold__ao4430-_1_4668.jpeg;https:\/\/images.novelship.com\/product\/nike_air_versitile_3__black_metallic_gold__ao4430-_2_4668.jpeg;https:\/\/images.novelship.com\/product\/nike_air_versitile_3__black_metallic_gold__ao4430-_3_4668.jpeg","datePublished":"2026-03-02T09:07:10+00:00","dateModified":"2026-03-27T18:30:34+00:00","breadcrumb":{"@id":"https:\/\/tourcruiser.com\/de\/products\/nike-air-versitile-3-black-metallic-gold\/#breadcrumb"},"inLanguage":"de","potentialAction":[{"@type":"ReadAction","target":["https:\/\/tourcruiser.com\/de\/products\/nike-air-versitile-3-black-metallic-gold\/"]}]},{"@type":"ImageObject","inLanguage":"de","@id":"https:\/\/tourcruiser.com\/de\/products\/nike-air-versitile-3-black-metallic-gold\/#primaryimage","url":"https:\/\/images.novelship.com\/product\/nike_air_versitile_3__black_metallic_gold__ao4430-_0_4668.jpeg;https:\/\/images.novelship.com\/product\/nike_air_versitile_3__black_metallic_gold__ao4430-_1_4668.jpeg;https:\/\/images.novelship.com\/product\/nike_air_versitile_3__black_metallic_gold__ao4430-_2_4668.jpeg;https:\/\/images.novelship.com\/product\/nike_air_versitile_3__black_metallic_gold__ao4430-_3_4668.jpeg","contentUrl":"https:\/\/images.novelship.com\/product\/nike_air_versitile_3__black_metallic_gold__ao4430-_0_4668.jpeg;https:\/\/images.novelship.com\/product\/nike_air_versitile_3__black_metallic_gold__ao4430-_1_4668.jpeg;https:\/\/images.novelship.com\/product\/nike_air_versitile_3__black_metallic_gold__ao4430-_2_4668.jpeg;https:\/\/images.novelship.com\/product\/nike_air_versitile_3__black_metallic_gold__ao4430-_3_4668.jpeg"},{"@type":"BreadcrumbList","@id":"https:\/\/tourcruiser.com\/de\/products\/nike-air-versitile-3-black-metallic-gold\/#breadcrumb","itemListElement":[{"@type":"ListItem","position":1,"name":"Home","item":"https:\/\/tourcruiser.com\/de\/"},{"@type":"ListItem","position":2,"name":"Shop","item":"https:\/\/tourcruiser.com\/de\/shop\/"},{"@type":"ListItem","position":3,"name":"Nike Air Versitile 3 'Black Metallic Gold'"}]},{"@type":"WebSite","@id":"https:\/\/tourcruiser.com\/de\/#website","url":"https:\/\/tourcruiser.com\/de\/","name":"Styloral Jewelry Shop","description":"Tourcruiser Sneaker Store \u2014 der Ort, an dem das Universum deine Einzigartigkeit trifft.","publisher":{"@id":"https:\/\/tourcruiser.com\/de\/#organization"},"potentialAction":[{"@type":"SearchAction","target":{"@type":"EntryPoint","urlTemplate":"https:\/\/tourcruiser.com\/de\/?s={search_term_string}"},"query-input":{"@type":"PropertyValueSpecification","valueRequired":true,"valueName":"search_term_string"}}],"inLanguage":"de"},{"@type":"Organization","@id":"https:\/\/tourcruiser.com\/de\/#organization","name":"STYLORAL PTE. LTD","url":"https:\/\/tourcruiser.com\/de\/","logo":{"@type":"ImageObject","inLanguage":"de","@id":"https:\/\/tourcruiser.com\/de\/#\/schema\/logo\/image\/","url":"https:\/\/www.tourcruiser.com\/wp-content\/uploads\/2025\/12\/logo.png","contentUrl":"https:\/\/www.tourcruiser.com\/wp-content\/uploads\/2025\/12\/logo.png","width":200,"height":65,"caption":"STYLORAL PTE. LTD"},"image":{"@id":"https:\/\/tourcruiser.com\/de\/#\/schema\/logo\/image\/"}}]}},"_links":{"self":[{"href":"https:\/\/tourcruiser.com\/de\/wp-json\/wp\/v2\/product\/161068","targetHints":{"allow":["GET"]}}],"collection":[{"href":"https:\/\/tourcruiser.com\/de\/wp-json\/wp\/v2\/product"}],"about":[{"href":"https:\/\/tourcruiser.com\/de\/wp-json\/wp\/v2\/types\/product"}],"replies":[{"embeddable":true,"href":"https:\/\/tourcruiser.com\/de\/wp-json\/wp\/v2\/comments?post=161068"}],"wp:featuredmedia":[{"embeddable":true,"href":"https:\/\/tourcruiser.com\/de\/wp-json\/wp\/v2\/media\/161069"}],"wp:attachment":[{"href":"https:\/\/tourcruiser.com\/de\/wp-json\/wp\/v2\/media?parent=161068"}],"wp:term":[{"taxonomy":"product_brand","embeddable":true,"href":"https:\/\/tourcruiser.com\/de\/wp-json\/wp\/v2\/product_brand?post=161068"},{"taxonomy":"product_cat","embeddable":true,"href":"https:\/\/tourcruiser.com\/de\/wp-json\/wp\/v2\/product_cat?post=161068"},{"taxonomy":"product_tag","embeddable":true,"href":"https:\/\/tourcruiser.com\/de\/wp-json\/wp\/v2\/product_tag?post=161068"}],"curies":[{"name":"wp","href":"https:\/\/api.w.org\/{rel}","templated":true}]}}