{"id":161047,"date":"2026-03-02T16:07:08","date_gmt":"2026-03-02T09:07:08","guid":{"rendered":"http:\/\/tourcruiser.com\/product\/nike-court-zoom-vapor-cage-4-rapha-blue-void-blue"},"modified":"2026-03-19T14:59:51","modified_gmt":"2026-03-19T07:59:51","slug":"nike-court-zoom-vapor-cage-4-rapha-blue-void-blue","status":"publish","type":"product","link":"https:\/\/tourcruiser.com\/de\/products\/nike-court-zoom-vapor-cage-4-rapha-blue-void-blue\/","title":{"rendered":"Nike Court Zoom Vapor Cage 4 Rapha &#8218;Blue Void Blue&#8216;"},"content":{"rendered":"<p>Erleben Sie unvergleichliche Performance und Langlebigkeit mit dem Nike Court Zoom Vapor Cage 4 Rapha \u201eBlue Void Blue\u201c DD1579-401 \u201d\u201c ein Tennisschuh, der speziell f\u00fcr Spieler entwickelt wurde, die Wert auf Agilit\u00e4t, Stabilit\u00e4t und Style legen. Dieser Premium-Tennisschuh vereint modernste Technologie mit leichten Materialien und bietet reaktionsfreudige Zoom Air-D\u00e4mpfung, die St\u00f6\u00dfe absorbiert und explosive Bewegungen auf dem Platz erm\u00f6glicht. Die strapazierf\u00e4hige Au\u00dfensohle garantiert hervorragende Traktion und h\u00e4lt auch intensiven Spielen stand, w\u00e4hrend das innovative Schn\u00fcrsystem f\u00fcr einen sicheren Halt und optimale Unterst\u00fctzung sorgt. Die markante Farbgebung in \u201eBlue Void Blue\u201c verleiht dem Schuh eine elegante und zugleich k\u00fchne Note und macht ihn zur idealen Wahl f\u00fcr Sportler und Sportbegeisterte. Der Schuh wurde f\u00fcr optimale Performance und Komfort entwickelt und verf\u00fcgt \u00fcber verst\u00e4rkte Bereiche, die eine lange Lebensdauer auch bei anspruchsvollsten Matches gew\u00e4hrleisten. Der Nike Court Zoom Vapor Cage 4 Rapha ist perfekt f\u00fcr schnelle Richtungswechsel und abrupte Drehungen und optimiert Ihr Spiel, damit Sie sich voll und ganz auf Ihre Leistung konzentrieren k\u00f6nnen. Egal ob Profi oder ambitionierter Hobbyspieler \u201d\u201c mit diesem sorgf\u00e4ltig gefertigten Schuhwerk, das Nikes ikonisches Design mit unvergleichlicher Funktionalit\u00e4t auf dem Court vereint, steigerst du dein Spielniveau. Erreiche h\u00f6chste Pr\u00e4zision und bleibe der Konkurrenz einen Schritt voraus \u201d\u201c dank der perfekten Kombination aus Innovation, Performance und Style.<\/p>\n<ul>\n<li><strong>Farbgebung:<\/strong> Blue Void\/Blue Void\/Laser Blue<\/li>\n<li><strong>Artikelnummer:<\/strong> DD1579-401<\/li>\n<li><strong>Obermaterial:<\/strong> Mesh<\/li>\n<li><strong>Mittelsohle:<\/strong> Zoom Air<\/li>\n<li><strong>Farbe:<\/strong> Blau<\/li>\n<\/ul>\n","protected":false},"excerpt":{"rendered":"<p>Nike None \u201d\u201d Blue Void\/Blue Void\/Laser Blue<\/p>\n","protected":false},"featured_media":161048,"comment_status":"open","ping_status":"closed","template":"","meta":[],"product_brand":[],"product_cat":[10803],"product_tag":[11081,10753,10801,10802,11082,10758],"class_list":{"0":"post-161047","1":"product","2":"type-product","3":"status-publish","4":"has-post-thumbnail","6":"product_cat-nike","7":"product_tag-clay-court-tennis-shoes","8":"product_tag-gift-for-him","9":"product_tag-nike","10":"product_tag-performance-sport-shoes","11":"product_tag-tennis-shoes","12":"product_tag-under-retail","13":"wcpa_has_options","15":"first","16":"outofstock","17":"taxable","18":"shipping-taxable","19":"purchasable","20":"product-type-simple"},"wcpa_form_fields":{"rules":{"pric_overide_base_price":false,"pric_overide_base_price_if_gt_zero":false,"pric_overide_base_price_fully":false,"pric_cal_option_once":false,"pric_use_as_fee":false,"bind_quantity":false,"quantity_bind_formula":false},"fields":[{"type":"color-group","required":true,"elementId":"wcpa-color-group-66c4a75505e74","label":"Gr\u00f6\u00dfe - EU Gr\u00f6\u00dfe","inline":true,"priceOptions":"different_for_all","pricingType":"fixed","className":"hassizechart product-shoes-size-eu product-shoes-size","name":"color-group-66c4a75505e89","disp_type":"square","selection_type":"tick-border","disp_size":"44","show_label_inside":true,"adjust_width":true,"cart_display_type":"text","other_text":"Other","cl_rule":"show","col":6,"values":[{"label":"35.5","value":"EU 35.5","price":"","pimage":"","pimage_id":"","pthumb":"","color":""},{"label":"36","value":"EU 36","price":"","pimage":"","pimage_id":"","pthumb":"","color":"","selected":true},{"label":"36.5","value":"EU 36.5","price":"","pimage":"","pimage_id":"","pthumb":"","color":""},{"label":"37.5","value":"EU 37.5","price":"","pimage":"","pimage_id":"","pthumb":"","color":""},{"label":"38","value":"EU 38","price":"","pimage":"","pimage_id":"","pthumb":"","color":""},{"label":"38.5","value":"EU 38.5","price":"","pimage":"","pimage_id":"","pthumb":"","color":""},{"label":"39","value":"EU 39","price":"","pimage":"","pimage_id":"","pthumb":"","color":""},{"label":"40","value":"EU 40","price":"","pimage":"","pimage_id":"","pthumb":"","color":""},{"label":"40.5","value":"EU 40.5","price":"","pimage":"","pimage_id":"","pthumb":"","color":""},{"label":"41","value":"EU 41","price":"","pimage":"","pimage_id":"","pthumb":"","color":""},{"label":"42","value":"EU 42","price":"","pimage":"","pimage_id":"","pthumb":"","color":""},{"label":"42.5","value":"EU 42.5","price":"","pimage":"","pimage_id":"","pthumb":"","color":""},{"label":"43","value":"EU 43","price":"","pimage":"","pimage_id":"","pthumb":"","color":""},{"label":"44","value":"EU 44","price":"","pimage":"","pimage_id":"","pthumb":"","color":""},{"label":"44.5","value":"EU 44.5","price":"","pimage":"","pimage_id":"","pthumb":"","color":""},{"label":"45","value":"EU 45","price":"","pimage":"","pimage_id":"","pthumb":"","color":""},{"label":"45.5","value":"EU 45.5","price":"","pimage":"","pimage_id":"","pthumb":"","color":""},{"label":"46","value":"EU 46","price":"","pimage":"","pimage_id":"","pthumb":"","color":""},{"label":"47","value":"EU 47","price":"","pimage":"","pimage_id":"","pthumb":"","color":""},{"label":"47.5","value":"EU 47.5","price":"","pimage":"","pimage_id":"","pthumb":"","color":""},{"label":"48","value":"EU 48","price":"","pimage":"","pimage_id":"","pthumb":"","color":""}],"relations":[{"operator":false,"rules":[]}],"form_id":18106,"form_rules":{"pric_cal_option_once":false,"exclude_from_discount":false,"pric_use_as_fee":false,"fee_label":"Fee","render_after_acb":false,"disp_hide_options_price":false}}]},"yoast_head":"<!-- This site is optimized with the Yoast SEO plugin v26.5 - https:\/\/yoast.com\/wordpress\/plugins\/seo\/ -->\n<title>Nike Court Zoom Vapor Cage 4 Rapha &#039;Blue Void Blue&#039;  - Tourcruiser PTE. LTD<\/title>\n<meta name=\"robots\" content=\"index, follow, max-snippet:-1, max-image-preview:large, max-video-preview:-1\" \/>\n<link rel=\"canonical\" href=\"https:\/\/tourcruiser.com\/de\/products\/nike-court-zoom-vapor-cage-4-rapha-blue-void-blue\/\" \/>\n<meta property=\"og:locale\" content=\"de_DE\" \/>\n<meta property=\"og:type\" content=\"article\" \/>\n<meta property=\"og:title\" content=\"Nike Court Zoom Vapor Cage 4 Rapha &#039;Blue Void Blue&#039;  - Tourcruiser PTE. LTD\" \/>\n<meta property=\"og:description\" content=\"Nike None \u201d\u201d Blue Void\/Blue Void\/Laser Blue\" \/>\n<meta property=\"og:url\" content=\"https:\/\/tourcruiser.com\/de\/products\/nike-court-zoom-vapor-cage-4-rapha-blue-void-blue\/\" \/>\n<meta property=\"og:site_name\" content=\"Tourcruiser Sneaker Store\" \/>\n<meta property=\"article:modified_time\" content=\"2026-03-19T07:59:51+00:00\" \/>\n<meta name=\"twitter:card\" content=\"summary_large_image\" \/>\n<meta name=\"twitter:image\" content=\"https:\/\/images.novelship.com\/product\/nike_court_zoom_vapor_cage_4_rapha__blue_void_blue_0_24513.jpeg\" \/>\n<meta name=\"twitter:label1\" content=\"Gesch\u00e4tzte Lesezeit\" \/>\n\t<meta name=\"twitter:data1\" content=\"1\u00a0Minute\" \/>\n<script type=\"application\/ld+json\" class=\"yoast-schema-graph\">{\"@context\":\"https:\/\/schema.org\",\"@graph\":[{\"@type\":\"WebPage\",\"@id\":\"https:\/\/tourcruiser.com\/de\/products\/nike-court-zoom-vapor-cage-4-rapha-blue-void-blue\/\",\"url\":\"https:\/\/tourcruiser.com\/de\/products\/nike-court-zoom-vapor-cage-4-rapha-blue-void-blue\/\",\"name\":\"Nike Court Zoom Vapor Cage 4 Rapha 'Blue Void Blue' - Tourcruiser PTE. LTD\",\"isPartOf\":{\"@id\":\"https:\/\/tourcruiser.com\/de\/#website\"},\"primaryImageOfPage\":{\"@id\":\"https:\/\/tourcruiser.com\/de\/products\/nike-court-zoom-vapor-cage-4-rapha-blue-void-blue\/#primaryimage\"},\"image\":{\"@id\":\"https:\/\/tourcruiser.com\/de\/products\/nike-court-zoom-vapor-cage-4-rapha-blue-void-blue\/#primaryimage\"},\"thumbnailUrl\":\"https:\/\/images.novelship.com\/product\/nike_court_zoom_vapor_cage_4_rapha__blue_void_blue_0_24513.jpeg\",\"datePublished\":\"2026-03-02T09:07:08+00:00\",\"dateModified\":\"2026-03-19T07:59:51+00:00\",\"breadcrumb\":{\"@id\":\"https:\/\/tourcruiser.com\/de\/products\/nike-court-zoom-vapor-cage-4-rapha-blue-void-blue\/#breadcrumb\"},\"inLanguage\":\"de\",\"potentialAction\":[{\"@type\":\"ReadAction\",\"target\":[\"https:\/\/tourcruiser.com\/de\/products\/nike-court-zoom-vapor-cage-4-rapha-blue-void-blue\/\"]}]},{\"@type\":\"ImageObject\",\"inLanguage\":\"de\",\"@id\":\"https:\/\/tourcruiser.com\/de\/products\/nike-court-zoom-vapor-cage-4-rapha-blue-void-blue\/#primaryimage\",\"url\":\"https:\/\/images.novelship.com\/product\/nike_court_zoom_vapor_cage_4_rapha__blue_void_blue_0_24513.jpeg\",\"contentUrl\":\"https:\/\/images.novelship.com\/product\/nike_court_zoom_vapor_cage_4_rapha__blue_void_blue_0_24513.jpeg\"},{\"@type\":\"BreadcrumbList\",\"@id\":\"https:\/\/tourcruiser.com\/de\/products\/nike-court-zoom-vapor-cage-4-rapha-blue-void-blue\/#breadcrumb\",\"itemListElement\":[{\"@type\":\"ListItem\",\"position\":1,\"name\":\"Home\",\"item\":\"https:\/\/tourcruiser.com\/de\/\"},{\"@type\":\"ListItem\",\"position\":2,\"name\":\"Shop\",\"item\":\"https:\/\/tourcruiser.com\/de\/shop\/\"},{\"@type\":\"ListItem\",\"position\":3,\"name\":\"Nike Court Zoom Vapor Cage 4 Rapha 'Blue Void Blue'\"}]},{\"@type\":\"WebSite\",\"@id\":\"https:\/\/tourcruiser.com\/de\/#website\",\"url\":\"https:\/\/tourcruiser.com\/de\/\",\"name\":\"Styloral Jewelry Shop\",\"description\":\"Tourcruiser Sneaker Store \u2014 der Ort, an dem das Universum deine Einzigartigkeit trifft.\",\"publisher\":{\"@id\":\"https:\/\/tourcruiser.com\/de\/#organization\"},\"potentialAction\":[{\"@type\":\"SearchAction\",\"target\":{\"@type\":\"EntryPoint\",\"urlTemplate\":\"https:\/\/tourcruiser.com\/de\/?s={search_term_string}\"},\"query-input\":{\"@type\":\"PropertyValueSpecification\",\"valueRequired\":true,\"valueName\":\"search_term_string\"}}],\"inLanguage\":\"de\"},{\"@type\":\"Organization\",\"@id\":\"https:\/\/tourcruiser.com\/de\/#organization\",\"name\":\"STYLORAL PTE. LTD\",\"url\":\"https:\/\/tourcruiser.com\/de\/\",\"logo\":{\"@type\":\"ImageObject\",\"inLanguage\":\"de\",\"@id\":\"https:\/\/tourcruiser.com\/de\/#\/schema\/logo\/image\/\",\"url\":\"https:\/\/www.tourcruiser.com\/wp-content\/uploads\/2025\/12\/logo.png\",\"contentUrl\":\"https:\/\/www.tourcruiser.com\/wp-content\/uploads\/2025\/12\/logo.png\",\"width\":200,\"height\":65,\"caption\":\"STYLORAL PTE. LTD\"},\"image\":{\"@id\":\"https:\/\/tourcruiser.com\/de\/#\/schema\/logo\/image\/\"}}]}<\/script>\n<!-- \/ Yoast SEO plugin. -->","yoast_head_json":{"title":"Nike Court Zoom Vapor Cage 4 Rapha 'Blue Void Blue'  - Tourcruiser PTE. LTD","robots":{"index":"index","follow":"follow","max-snippet":"max-snippet:-1","max-image-preview":"max-image-preview:large","max-video-preview":"max-video-preview:-1"},"canonical":"https:\/\/tourcruiser.com\/de\/products\/nike-court-zoom-vapor-cage-4-rapha-blue-void-blue\/","og_locale":"de_DE","og_type":"article","og_title":"Nike Court Zoom Vapor Cage 4 Rapha 'Blue Void Blue'  - Tourcruiser PTE. LTD","og_description":"Nike None \u201d\u201d Blue Void\/Blue Void\/Laser Blue","og_url":"https:\/\/tourcruiser.com\/de\/products\/nike-court-zoom-vapor-cage-4-rapha-blue-void-blue\/","og_site_name":"Tourcruiser Sneaker Store","article_modified_time":"2026-03-19T07:59:51+00:00","twitter_card":"summary_large_image","twitter_image":"https:\/\/images.novelship.com\/product\/nike_court_zoom_vapor_cage_4_rapha__blue_void_blue_0_24513.jpeg","twitter_misc":{"Gesch\u00e4tzte Lesezeit":"1\u00a0Minute"},"schema":{"@context":"https:\/\/schema.org","@graph":[{"@type":"WebPage","@id":"https:\/\/tourcruiser.com\/de\/products\/nike-court-zoom-vapor-cage-4-rapha-blue-void-blue\/","url":"https:\/\/tourcruiser.com\/de\/products\/nike-court-zoom-vapor-cage-4-rapha-blue-void-blue\/","name":"Nike Court Zoom Vapor Cage 4 Rapha 'Blue Void Blue' - Tourcruiser PTE. LTD","isPartOf":{"@id":"https:\/\/tourcruiser.com\/de\/#website"},"primaryImageOfPage":{"@id":"https:\/\/tourcruiser.com\/de\/products\/nike-court-zoom-vapor-cage-4-rapha-blue-void-blue\/#primaryimage"},"image":{"@id":"https:\/\/tourcruiser.com\/de\/products\/nike-court-zoom-vapor-cage-4-rapha-blue-void-blue\/#primaryimage"},"thumbnailUrl":"https:\/\/images.novelship.com\/product\/nike_court_zoom_vapor_cage_4_rapha__blue_void_blue_0_24513.jpeg","datePublished":"2026-03-02T09:07:08+00:00","dateModified":"2026-03-19T07:59:51+00:00","breadcrumb":{"@id":"https:\/\/tourcruiser.com\/de\/products\/nike-court-zoom-vapor-cage-4-rapha-blue-void-blue\/#breadcrumb"},"inLanguage":"de","potentialAction":[{"@type":"ReadAction","target":["https:\/\/tourcruiser.com\/de\/products\/nike-court-zoom-vapor-cage-4-rapha-blue-void-blue\/"]}]},{"@type":"ImageObject","inLanguage":"de","@id":"https:\/\/tourcruiser.com\/de\/products\/nike-court-zoom-vapor-cage-4-rapha-blue-void-blue\/#primaryimage","url":"https:\/\/images.novelship.com\/product\/nike_court_zoom_vapor_cage_4_rapha__blue_void_blue_0_24513.jpeg","contentUrl":"https:\/\/images.novelship.com\/product\/nike_court_zoom_vapor_cage_4_rapha__blue_void_blue_0_24513.jpeg"},{"@type":"BreadcrumbList","@id":"https:\/\/tourcruiser.com\/de\/products\/nike-court-zoom-vapor-cage-4-rapha-blue-void-blue\/#breadcrumb","itemListElement":[{"@type":"ListItem","position":1,"name":"Home","item":"https:\/\/tourcruiser.com\/de\/"},{"@type":"ListItem","position":2,"name":"Shop","item":"https:\/\/tourcruiser.com\/de\/shop\/"},{"@type":"ListItem","position":3,"name":"Nike Court Zoom Vapor Cage 4 Rapha 'Blue Void Blue'"}]},{"@type":"WebSite","@id":"https:\/\/tourcruiser.com\/de\/#website","url":"https:\/\/tourcruiser.com\/de\/","name":"Styloral Jewelry Shop","description":"Tourcruiser Sneaker Store \u2014 der Ort, an dem das Universum deine Einzigartigkeit trifft.","publisher":{"@id":"https:\/\/tourcruiser.com\/de\/#organization"},"potentialAction":[{"@type":"SearchAction","target":{"@type":"EntryPoint","urlTemplate":"https:\/\/tourcruiser.com\/de\/?s={search_term_string}"},"query-input":{"@type":"PropertyValueSpecification","valueRequired":true,"valueName":"search_term_string"}}],"inLanguage":"de"},{"@type":"Organization","@id":"https:\/\/tourcruiser.com\/de\/#organization","name":"STYLORAL PTE. LTD","url":"https:\/\/tourcruiser.com\/de\/","logo":{"@type":"ImageObject","inLanguage":"de","@id":"https:\/\/tourcruiser.com\/de\/#\/schema\/logo\/image\/","url":"https:\/\/www.tourcruiser.com\/wp-content\/uploads\/2025\/12\/logo.png","contentUrl":"https:\/\/www.tourcruiser.com\/wp-content\/uploads\/2025\/12\/logo.png","width":200,"height":65,"caption":"STYLORAL PTE. LTD"},"image":{"@id":"https:\/\/tourcruiser.com\/de\/#\/schema\/logo\/image\/"}}]}},"_links":{"self":[{"href":"https:\/\/tourcruiser.com\/de\/wp-json\/wp\/v2\/product\/161047","targetHints":{"allow":["GET"]}}],"collection":[{"href":"https:\/\/tourcruiser.com\/de\/wp-json\/wp\/v2\/product"}],"about":[{"href":"https:\/\/tourcruiser.com\/de\/wp-json\/wp\/v2\/types\/product"}],"replies":[{"embeddable":true,"href":"https:\/\/tourcruiser.com\/de\/wp-json\/wp\/v2\/comments?post=161047"}],"wp:featuredmedia":[{"embeddable":true,"href":"https:\/\/tourcruiser.com\/de\/wp-json\/wp\/v2\/media\/161048"}],"wp:attachment":[{"href":"https:\/\/tourcruiser.com\/de\/wp-json\/wp\/v2\/media?parent=161047"}],"wp:term":[{"taxonomy":"product_brand","embeddable":true,"href":"https:\/\/tourcruiser.com\/de\/wp-json\/wp\/v2\/product_brand?post=161047"},{"taxonomy":"product_cat","embeddable":true,"href":"https:\/\/tourcruiser.com\/de\/wp-json\/wp\/v2\/product_cat?post=161047"},{"taxonomy":"product_tag","embeddable":true,"href":"https:\/\/tourcruiser.com\/de\/wp-json\/wp\/v2\/product_tag?post=161047"}],"curies":[{"name":"wp","href":"https:\/\/api.w.org\/{rel}","templated":true}]}}