{"id":160976,"date":"2026-03-02T16:07:01","date_gmt":"2026-03-02T09:07:01","guid":{"rendered":"http:\/\/tourcruiser.com\/product\/adidas-solarmotion-24-lightstrike-cloud-white"},"modified":"2026-03-28T01:30:30","modified_gmt":"2026-03-27T18:30:30","slug":"adidas-solarmotion-24-lightstrike-cloud-white","status":"publish","type":"product","link":"https:\/\/tourcruiser.com\/de\/products\/adidas-solarmotion-24-lightstrike-cloud-white\/","title":{"rendered":"adidas Solarmotion 24 Lightstrike &#8218;Cloud White&#8216;"},"content":{"rendered":"<p>Erleben Sie unvergleichlichen Komfort und optimale Energier\u00fcckgabe mit dem adidas Solarmotion 24 Lightstrike &#8218;Cloud White&#8216; ID8588 \u201d\u201c entwickelt f\u00fcr h\u00f6chste Performance und stylischen Look. Dank der revolution\u00e4ren Lightstrike-Technologie von adidas bietet dieser Schuh ein leichtes und reaktionsfreudiges D\u00e4mpfungssystem, perfekt f\u00fcr intensive L\u00e4ufe, den ganzen Tag oder vielseitige Trainingseinheiten. Das atmungsaktive Mesh-Obermaterial sorgt f\u00fcr optimale Bel\u00fcftung, w\u00e4hrend die Farbgebung in &#8218;Cloud White&#8216; einen cleanen, modernen Look verleiht, der sich m\u00fchelos mit jedem Outfit kombinieren l\u00e4sst. Die strapazierf\u00e4hige Au\u00dfensohle bietet au\u00dfergew\u00f6hnlichen Grip und Traktion und gibt Ihnen Sicherheit bei jedem Schritt sowie Stabilit\u00e4t auf verschiedenen Untergr\u00fcnden. Egal, ob Sie Ihre Fitnessziele verfolgen oder einfach Ihren Casual-Look aufwerten m\u00f6chten \u201d\u201c der Solarmotion 24 vereint Funktionalit\u00e4t und zeitloses Design. W\u00e4hlen Sie ein Paar Schuhe, das f\u00fcr Innovation und Komfort entwickelt wurde, um Ihre Bewegungsfreiheit neu zu definieren.<\/p>\n<ul>\n<li><strong>Farbgebung:<\/strong> Cloud White\/Cloud White\/Gold Metallic<\/li>\n<li><strong>Artikelnummer:<\/strong> ID8588<\/li>\n<li><strong>Farbe:<\/strong> Wei\u00df<\/li>\n<\/ul>\n","protected":false},"excerpt":{"rendered":"<p>adidas Solarmotion 24 Lightstrike \u201d\u201d Cloud White\/Cloud White\/Gold Metallic<\/p>\n","protected":false},"featured_media":160977,"comment_status":"open","ping_status":"closed","template":"","meta":[],"product_brand":[],"product_cat":[10760],"product_tag":[10759,10753,11053,10839,10802,10840,10758],"class_list":{"0":"post-160976","1":"product","2":"type-product","3":"status-publish","4":"has-post-thumbnail","6":"product_cat-adidas","7":"product_tag-adidas","8":"product_tag-gift-for-him","9":"product_tag-lightweight-running-shoes","10":"product_tag-performance-running-shoes","11":"product_tag-performance-sport-shoes","12":"product_tag-running-shoes","13":"product_tag-under-retail","14":"wcpa_has_options","16":"first","17":"outofstock","18":"taxable","19":"shipping-taxable","20":"purchasable","21":"product-type-simple"},"wcpa_form_fields":{"rules":{"pric_overide_base_price":false,"pric_overide_base_price_if_gt_zero":false,"pric_overide_base_price_fully":false,"pric_cal_option_once":false,"pric_use_as_fee":false,"bind_quantity":false,"quantity_bind_formula":false},"fields":[{"type":"color-group","required":true,"elementId":"wcpa-color-group-66c4a7f817afe","label":"Gr\u00f6\u00dfe","inline":true,"priceOptions":"different_for_all","pricingType":"fixed","className":"hassizechart product-shoes-size-eu product-shoes-size","name":"color-group-66c4a7f817b18","disp_type":"square","selection_type":"tick-border","disp_size":"50","show_label_inside":true,"adjust_width":true,"cart_display_type":"text","other_text":"Other","cl_rule":"show","col":6,"values":[{"label":"35","value":"EU 35","price":"","pimage":"","pimage_id":"","pthumb":"","color":""},{"label":"35.5","value":"EU 35.5","price":"","pimage":"","pimage_id":"","pthumb":"","color":""},{"label":"36","value":"EU 36","price":"","pimage":"","pimage_id":"","pthumb":"","color":"","selected":true},{"label":"36 2\/3","value":"EU 36 2\/3","price":"","pimage":"","pimage_id":"","pthumb":"","color":""},{"label":"37 1\/3","value":"EU 37 1\/3","price":"","pimage":"","pimage_id":"","pthumb":"","color":""},{"label":"38","value":"EU 38","price":"","pimage":"","pimage_id":"","pthumb":"","color":""},{"label":"38 2\/3","value":"EU 38 2\/3","price":"","pimage":"","pimage_id":"","pthumb":"","color":""},{"label":"39 1\/3","value":"EU 39 1\/3","price":"","pimage":"","pimage_id":"","pthumb":"","color":""},{"label":"40","value":"EU 40","price":"","pimage":"","pimage_id":"","pthumb":"","color":""},{"label":"40 2\/3","value":"EU 40 2\/3","price":"","pimage":"","pimage_id":"","pthumb":"","color":""},{"label":"41 1\/3","value":"EU 41 1\/3","price":"","pimage":"","pimage_id":"","pthumb":"","color":""},{"label":"42","value":"EU 42","price":"","pimage":"","pimage_id":"","pthumb":"","color":""},{"label":"42 2\/3","value":"EU 42 2\/3","price":"","pimage":"","pimage_id":"","pthumb":"","color":""},{"label":"43 1\/3","value":"EU 43 1\/3","price":"","pimage":"","pimage_id":"","pthumb":"","color":""},{"label":"44","value":"EU 44","price":"","pimage":"","pimage_id":"","pthumb":"","color":""},{"label":"44 2\/3","value":"EU 44 2\/3","price":"","pimage":"","pimage_id":"","pthumb":"","color":""},{"label":"45 1\/3","value":"EU 45 1\/3","price":"","pimage":"","pimage_id":"","pthumb":"","color":""},{"label":"46","value":"EU 46","price":"","pimage":"","pimage_id":"","pthumb":"","color":""},{"label":"46 2\/3","value":"EU 46 2\/3","price":"","pimage":"","pimage_id":"","pthumb":"","color":""},{"label":"47 1\/3","value":"EU 47 1\/3","price":"","pimage":"","pimage_id":"","pthumb":"","color":""}],"relations":[{"operator":false,"rules":[]}],"form_id":24802,"form_rules":{"pric_cal_option_once":false,"exclude_from_discount":false,"pric_use_as_fee":false,"fee_label":"Fee","render_after_acb":false,"disp_hide_options_price":false}}]},"yoast_head":"<!-- This site is optimized with the Yoast SEO plugin v26.5 - https:\/\/yoast.com\/wordpress\/plugins\/seo\/ -->\n<title>adidas Solarmotion 24 Lightstrike &#039;Cloud White&#039;  - Tourcruiser PTE. LTD<\/title>\n<meta name=\"robots\" content=\"index, follow, max-snippet:-1, max-image-preview:large, max-video-preview:-1\" \/>\n<link rel=\"canonical\" href=\"https:\/\/tourcruiser.com\/de\/products\/adidas-solarmotion-24-lightstrike-cloud-white\/\" \/>\n<meta property=\"og:locale\" content=\"de_DE\" \/>\n<meta property=\"og:type\" content=\"article\" \/>\n<meta property=\"og:title\" content=\"adidas Solarmotion 24 Lightstrike &#039;Cloud White&#039;  - Tourcruiser PTE. LTD\" \/>\n<meta property=\"og:description\" content=\"adidas Solarmotion 24 Lightstrike \u201d\u201d Cloud White\/Cloud White\/Gold Metallic\" \/>\n<meta property=\"og:url\" content=\"https:\/\/tourcruiser.com\/de\/products\/adidas-solarmotion-24-lightstrike-cloud-white\/\" \/>\n<meta property=\"og:site_name\" content=\"Tourcruiser Sneaker Store\" \/>\n<meta property=\"article:modified_time\" content=\"2026-03-27T18:30:30+00:00\" \/>\n<meta name=\"twitter:card\" content=\"summary_large_image\" \/>\n<meta name=\"twitter:image\" content=\"https:\/\/images.novelship.com\/product\/adidas_solarmotion_24_lightstrike__cloud_white__id_0_54550.jpeg;https:\/\/images.novelship.com\/product\/adidas_solarmotion_24_lightstrike__cloud_white__id_1_54550.jpeg;https:\/\/images.novelship.com\/product\/adidas_solarmotion_24_lightstrike__cloud_white__id_2_54550.jpeg;https:\/\/images.novelship.com\/product\/adidas_solarmotion_24_lightstrike__cloud_white__id_3_54550.jpeg;https:\/\/images.novelship.com\/product\/adidas_solarmotion_24_lightstrike__cloud_white__id_4_54550.jpeg;https:\/\/images.novelship.com\/product\/adidas_solarmotion_24_lightstrike__cloud_white__id_5_54550.jpeg;https:\/\/images.novelship.com\/product\/adidas_solarmotion_24_lightstrike__cloud_white__id_6_54550.jpeg;https:\/\/images.novelship.com\/product\/adidas_solarmotion_24_lightstrike__cloud_white__id_7_54550.jpeg\" \/>\n<meta name=\"twitter:label1\" content=\"Gesch\u00e4tzte Lesezeit\" \/>\n\t<meta name=\"twitter:data1\" content=\"1\u00a0Minute\" \/>\n<script type=\"application\/ld+json\" class=\"yoast-schema-graph\">{\"@context\":\"https:\/\/schema.org\",\"@graph\":[{\"@type\":\"WebPage\",\"@id\":\"https:\/\/tourcruiser.com\/de\/products\/adidas-solarmotion-24-lightstrike-cloud-white\/\",\"url\":\"https:\/\/tourcruiser.com\/de\/products\/adidas-solarmotion-24-lightstrike-cloud-white\/\",\"name\":\"adidas Solarmotion 24 Lightstrike 'Cloud White' - Tourcruiser PTE. LTD\",\"isPartOf\":{\"@id\":\"https:\/\/tourcruiser.com\/de\/#website\"},\"primaryImageOfPage\":{\"@id\":\"https:\/\/tourcruiser.com\/de\/products\/adidas-solarmotion-24-lightstrike-cloud-white\/#primaryimage\"},\"image\":{\"@id\":\"https:\/\/tourcruiser.com\/de\/products\/adidas-solarmotion-24-lightstrike-cloud-white\/#primaryimage\"},\"thumbnailUrl\":\"https:\/\/images.novelship.com\/product\/adidas_solarmotion_24_lightstrike__cloud_white__id_0_54550.jpeg;https:\/\/images.novelship.com\/product\/adidas_solarmotion_24_lightstrike__cloud_white__id_1_54550.jpeg;https:\/\/images.novelship.com\/product\/adidas_solarmotion_24_lightstrike__cloud_white__id_2_54550.jpeg;https:\/\/images.novelship.com\/product\/adidas_solarmotion_24_lightstrike__cloud_white__id_3_54550.jpeg;https:\/\/images.novelship.com\/product\/adidas_solarmotion_24_lightstrike__cloud_white__id_4_54550.jpeg;https:\/\/images.novelship.com\/product\/adidas_solarmotion_24_lightstrike__cloud_white__id_5_54550.jpeg;https:\/\/images.novelship.com\/product\/adidas_solarmotion_24_lightstrike__cloud_white__id_6_54550.jpeg;https:\/\/images.novelship.com\/product\/adidas_solarmotion_24_lightstrike__cloud_white__id_7_54550.jpeg\",\"datePublished\":\"2026-03-02T09:07:01+00:00\",\"dateModified\":\"2026-03-27T18:30:30+00:00\",\"breadcrumb\":{\"@id\":\"https:\/\/tourcruiser.com\/de\/products\/adidas-solarmotion-24-lightstrike-cloud-white\/#breadcrumb\"},\"inLanguage\":\"de\",\"potentialAction\":[{\"@type\":\"ReadAction\",\"target\":[\"https:\/\/tourcruiser.com\/de\/products\/adidas-solarmotion-24-lightstrike-cloud-white\/\"]}]},{\"@type\":\"ImageObject\",\"inLanguage\":\"de\",\"@id\":\"https:\/\/tourcruiser.com\/de\/products\/adidas-solarmotion-24-lightstrike-cloud-white\/#primaryimage\",\"url\":\"https:\/\/images.novelship.com\/product\/adidas_solarmotion_24_lightstrike__cloud_white__id_0_54550.jpeg;https:\/\/images.novelship.com\/product\/adidas_solarmotion_24_lightstrike__cloud_white__id_1_54550.jpeg;https:\/\/images.novelship.com\/product\/adidas_solarmotion_24_lightstrike__cloud_white__id_2_54550.jpeg;https:\/\/images.novelship.com\/product\/adidas_solarmotion_24_lightstrike__cloud_white__id_3_54550.jpeg;https:\/\/images.novelship.com\/product\/adidas_solarmotion_24_lightstrike__cloud_white__id_4_54550.jpeg;https:\/\/images.novelship.com\/product\/adidas_solarmotion_24_lightstrike__cloud_white__id_5_54550.jpeg;https:\/\/images.novelship.com\/product\/adidas_solarmotion_24_lightstrike__cloud_white__id_6_54550.jpeg;https:\/\/images.novelship.com\/product\/adidas_solarmotion_24_lightstrike__cloud_white__id_7_54550.jpeg\",\"contentUrl\":\"https:\/\/images.novelship.com\/product\/adidas_solarmotion_24_lightstrike__cloud_white__id_0_54550.jpeg;https:\/\/images.novelship.com\/product\/adidas_solarmotion_24_lightstrike__cloud_white__id_1_54550.jpeg;https:\/\/images.novelship.com\/product\/adidas_solarmotion_24_lightstrike__cloud_white__id_2_54550.jpeg;https:\/\/images.novelship.com\/product\/adidas_solarmotion_24_lightstrike__cloud_white__id_3_54550.jpeg;https:\/\/images.novelship.com\/product\/adidas_solarmotion_24_lightstrike__cloud_white__id_4_54550.jpeg;https:\/\/images.novelship.com\/product\/adidas_solarmotion_24_lightstrike__cloud_white__id_5_54550.jpeg;https:\/\/images.novelship.com\/product\/adidas_solarmotion_24_lightstrike__cloud_white__id_6_54550.jpeg;https:\/\/images.novelship.com\/product\/adidas_solarmotion_24_lightstrike__cloud_white__id_7_54550.jpeg\"},{\"@type\":\"BreadcrumbList\",\"@id\":\"https:\/\/tourcruiser.com\/de\/products\/adidas-solarmotion-24-lightstrike-cloud-white\/#breadcrumb\",\"itemListElement\":[{\"@type\":\"ListItem\",\"position\":1,\"name\":\"Home\",\"item\":\"https:\/\/tourcruiser.com\/de\/\"},{\"@type\":\"ListItem\",\"position\":2,\"name\":\"Shop\",\"item\":\"https:\/\/tourcruiser.com\/de\/shop\/\"},{\"@type\":\"ListItem\",\"position\":3,\"name\":\"adidas Solarmotion 24 Lightstrike 'Cloud White'\"}]},{\"@type\":\"WebSite\",\"@id\":\"https:\/\/tourcruiser.com\/de\/#website\",\"url\":\"https:\/\/tourcruiser.com\/de\/\",\"name\":\"Styloral Jewelry Shop\",\"description\":\"Tourcruiser Sneaker Store \u2014 der Ort, an dem das Universum deine Einzigartigkeit trifft.\",\"publisher\":{\"@id\":\"https:\/\/tourcruiser.com\/de\/#organization\"},\"potentialAction\":[{\"@type\":\"SearchAction\",\"target\":{\"@type\":\"EntryPoint\",\"urlTemplate\":\"https:\/\/tourcruiser.com\/de\/?s={search_term_string}\"},\"query-input\":{\"@type\":\"PropertyValueSpecification\",\"valueRequired\":true,\"valueName\":\"search_term_string\"}}],\"inLanguage\":\"de\"},{\"@type\":\"Organization\",\"@id\":\"https:\/\/tourcruiser.com\/de\/#organization\",\"name\":\"STYLORAL PTE. LTD\",\"url\":\"https:\/\/tourcruiser.com\/de\/\",\"logo\":{\"@type\":\"ImageObject\",\"inLanguage\":\"de\",\"@id\":\"https:\/\/tourcruiser.com\/de\/#\/schema\/logo\/image\/\",\"url\":\"https:\/\/www.tourcruiser.com\/wp-content\/uploads\/2025\/12\/logo.png\",\"contentUrl\":\"https:\/\/www.tourcruiser.com\/wp-content\/uploads\/2025\/12\/logo.png\",\"width\":200,\"height\":65,\"caption\":\"STYLORAL PTE. LTD\"},\"image\":{\"@id\":\"https:\/\/tourcruiser.com\/de\/#\/schema\/logo\/image\/\"}}]}<\/script>\n<!-- \/ Yoast SEO plugin. -->","yoast_head_json":{"title":"adidas Solarmotion 24 Lightstrike 'Cloud White'  - Tourcruiser PTE. LTD","robots":{"index":"index","follow":"follow","max-snippet":"max-snippet:-1","max-image-preview":"max-image-preview:large","max-video-preview":"max-video-preview:-1"},"canonical":"https:\/\/tourcruiser.com\/de\/products\/adidas-solarmotion-24-lightstrike-cloud-white\/","og_locale":"de_DE","og_type":"article","og_title":"adidas Solarmotion 24 Lightstrike 'Cloud White'  - Tourcruiser PTE. LTD","og_description":"adidas Solarmotion 24 Lightstrike \u201d\u201d Cloud White\/Cloud White\/Gold Metallic","og_url":"https:\/\/tourcruiser.com\/de\/products\/adidas-solarmotion-24-lightstrike-cloud-white\/","og_site_name":"Tourcruiser Sneaker Store","article_modified_time":"2026-03-27T18:30:30+00:00","twitter_card":"summary_large_image","twitter_image":"https:\/\/images.novelship.com\/product\/adidas_solarmotion_24_lightstrike__cloud_white__id_0_54550.jpeg;https:\/\/images.novelship.com\/product\/adidas_solarmotion_24_lightstrike__cloud_white__id_1_54550.jpeg;https:\/\/images.novelship.com\/product\/adidas_solarmotion_24_lightstrike__cloud_white__id_2_54550.jpeg;https:\/\/images.novelship.com\/product\/adidas_solarmotion_24_lightstrike__cloud_white__id_3_54550.jpeg;https:\/\/images.novelship.com\/product\/adidas_solarmotion_24_lightstrike__cloud_white__id_4_54550.jpeg;https:\/\/images.novelship.com\/product\/adidas_solarmotion_24_lightstrike__cloud_white__id_5_54550.jpeg;https:\/\/images.novelship.com\/product\/adidas_solarmotion_24_lightstrike__cloud_white__id_6_54550.jpeg;https:\/\/images.novelship.com\/product\/adidas_solarmotion_24_lightstrike__cloud_white__id_7_54550.jpeg","twitter_misc":{"Gesch\u00e4tzte Lesezeit":"1\u00a0Minute"},"schema":{"@context":"https:\/\/schema.org","@graph":[{"@type":"WebPage","@id":"https:\/\/tourcruiser.com\/de\/products\/adidas-solarmotion-24-lightstrike-cloud-white\/","url":"https:\/\/tourcruiser.com\/de\/products\/adidas-solarmotion-24-lightstrike-cloud-white\/","name":"adidas Solarmotion 24 Lightstrike 'Cloud White' - Tourcruiser PTE. LTD","isPartOf":{"@id":"https:\/\/tourcruiser.com\/de\/#website"},"primaryImageOfPage":{"@id":"https:\/\/tourcruiser.com\/de\/products\/adidas-solarmotion-24-lightstrike-cloud-white\/#primaryimage"},"image":{"@id":"https:\/\/tourcruiser.com\/de\/products\/adidas-solarmotion-24-lightstrike-cloud-white\/#primaryimage"},"thumbnailUrl":"https:\/\/images.novelship.com\/product\/adidas_solarmotion_24_lightstrike__cloud_white__id_0_54550.jpeg;https:\/\/images.novelship.com\/product\/adidas_solarmotion_24_lightstrike__cloud_white__id_1_54550.jpeg;https:\/\/images.novelship.com\/product\/adidas_solarmotion_24_lightstrike__cloud_white__id_2_54550.jpeg;https:\/\/images.novelship.com\/product\/adidas_solarmotion_24_lightstrike__cloud_white__id_3_54550.jpeg;https:\/\/images.novelship.com\/product\/adidas_solarmotion_24_lightstrike__cloud_white__id_4_54550.jpeg;https:\/\/images.novelship.com\/product\/adidas_solarmotion_24_lightstrike__cloud_white__id_5_54550.jpeg;https:\/\/images.novelship.com\/product\/adidas_solarmotion_24_lightstrike__cloud_white__id_6_54550.jpeg;https:\/\/images.novelship.com\/product\/adidas_solarmotion_24_lightstrike__cloud_white__id_7_54550.jpeg","datePublished":"2026-03-02T09:07:01+00:00","dateModified":"2026-03-27T18:30:30+00:00","breadcrumb":{"@id":"https:\/\/tourcruiser.com\/de\/products\/adidas-solarmotion-24-lightstrike-cloud-white\/#breadcrumb"},"inLanguage":"de","potentialAction":[{"@type":"ReadAction","target":["https:\/\/tourcruiser.com\/de\/products\/adidas-solarmotion-24-lightstrike-cloud-white\/"]}]},{"@type":"ImageObject","inLanguage":"de","@id":"https:\/\/tourcruiser.com\/de\/products\/adidas-solarmotion-24-lightstrike-cloud-white\/#primaryimage","url":"https:\/\/images.novelship.com\/product\/adidas_solarmotion_24_lightstrike__cloud_white__id_0_54550.jpeg;https:\/\/images.novelship.com\/product\/adidas_solarmotion_24_lightstrike__cloud_white__id_1_54550.jpeg;https:\/\/images.novelship.com\/product\/adidas_solarmotion_24_lightstrike__cloud_white__id_2_54550.jpeg;https:\/\/images.novelship.com\/product\/adidas_solarmotion_24_lightstrike__cloud_white__id_3_54550.jpeg;https:\/\/images.novelship.com\/product\/adidas_solarmotion_24_lightstrike__cloud_white__id_4_54550.jpeg;https:\/\/images.novelship.com\/product\/adidas_solarmotion_24_lightstrike__cloud_white__id_5_54550.jpeg;https:\/\/images.novelship.com\/product\/adidas_solarmotion_24_lightstrike__cloud_white__id_6_54550.jpeg;https:\/\/images.novelship.com\/product\/adidas_solarmotion_24_lightstrike__cloud_white__id_7_54550.jpeg","contentUrl":"https:\/\/images.novelship.com\/product\/adidas_solarmotion_24_lightstrike__cloud_white__id_0_54550.jpeg;https:\/\/images.novelship.com\/product\/adidas_solarmotion_24_lightstrike__cloud_white__id_1_54550.jpeg;https:\/\/images.novelship.com\/product\/adidas_solarmotion_24_lightstrike__cloud_white__id_2_54550.jpeg;https:\/\/images.novelship.com\/product\/adidas_solarmotion_24_lightstrike__cloud_white__id_3_54550.jpeg;https:\/\/images.novelship.com\/product\/adidas_solarmotion_24_lightstrike__cloud_white__id_4_54550.jpeg;https:\/\/images.novelship.com\/product\/adidas_solarmotion_24_lightstrike__cloud_white__id_5_54550.jpeg;https:\/\/images.novelship.com\/product\/adidas_solarmotion_24_lightstrike__cloud_white__id_6_54550.jpeg;https:\/\/images.novelship.com\/product\/adidas_solarmotion_24_lightstrike__cloud_white__id_7_54550.jpeg"},{"@type":"BreadcrumbList","@id":"https:\/\/tourcruiser.com\/de\/products\/adidas-solarmotion-24-lightstrike-cloud-white\/#breadcrumb","itemListElement":[{"@type":"ListItem","position":1,"name":"Home","item":"https:\/\/tourcruiser.com\/de\/"},{"@type":"ListItem","position":2,"name":"Shop","item":"https:\/\/tourcruiser.com\/de\/shop\/"},{"@type":"ListItem","position":3,"name":"adidas Solarmotion 24 Lightstrike 'Cloud White'"}]},{"@type":"WebSite","@id":"https:\/\/tourcruiser.com\/de\/#website","url":"https:\/\/tourcruiser.com\/de\/","name":"Styloral Jewelry Shop","description":"Tourcruiser Sneaker Store \u2014 der Ort, an dem das Universum deine Einzigartigkeit trifft.","publisher":{"@id":"https:\/\/tourcruiser.com\/de\/#organization"},"potentialAction":[{"@type":"SearchAction","target":{"@type":"EntryPoint","urlTemplate":"https:\/\/tourcruiser.com\/de\/?s={search_term_string}"},"query-input":{"@type":"PropertyValueSpecification","valueRequired":true,"valueName":"search_term_string"}}],"inLanguage":"de"},{"@type":"Organization","@id":"https:\/\/tourcruiser.com\/de\/#organization","name":"STYLORAL PTE. LTD","url":"https:\/\/tourcruiser.com\/de\/","logo":{"@type":"ImageObject","inLanguage":"de","@id":"https:\/\/tourcruiser.com\/de\/#\/schema\/logo\/image\/","url":"https:\/\/www.tourcruiser.com\/wp-content\/uploads\/2025\/12\/logo.png","contentUrl":"https:\/\/www.tourcruiser.com\/wp-content\/uploads\/2025\/12\/logo.png","width":200,"height":65,"caption":"STYLORAL PTE. LTD"},"image":{"@id":"https:\/\/tourcruiser.com\/de\/#\/schema\/logo\/image\/"}}]}},"_links":{"self":[{"href":"https:\/\/tourcruiser.com\/de\/wp-json\/wp\/v2\/product\/160976","targetHints":{"allow":["GET"]}}],"collection":[{"href":"https:\/\/tourcruiser.com\/de\/wp-json\/wp\/v2\/product"}],"about":[{"href":"https:\/\/tourcruiser.com\/de\/wp-json\/wp\/v2\/types\/product"}],"replies":[{"embeddable":true,"href":"https:\/\/tourcruiser.com\/de\/wp-json\/wp\/v2\/comments?post=160976"}],"wp:featuredmedia":[{"embeddable":true,"href":"https:\/\/tourcruiser.com\/de\/wp-json\/wp\/v2\/media\/160977"}],"wp:attachment":[{"href":"https:\/\/tourcruiser.com\/de\/wp-json\/wp\/v2\/media?parent=160976"}],"wp:term":[{"taxonomy":"product_brand","embeddable":true,"href":"https:\/\/tourcruiser.com\/de\/wp-json\/wp\/v2\/product_brand?post=160976"},{"taxonomy":"product_cat","embeddable":true,"href":"https:\/\/tourcruiser.com\/de\/wp-json\/wp\/v2\/product_cat?post=160976"},{"taxonomy":"product_tag","embeddable":true,"href":"https:\/\/tourcruiser.com\/de\/wp-json\/wp\/v2\/product_tag?post=160976"}],"curies":[{"name":"wp","href":"https:\/\/api.w.org\/{rel}","templated":true}]}}