{"id":160846,"date":"2026-03-02T16:06:51","date_gmt":"2026-03-02T09:06:51","guid":{"rendered":"http:\/\/tourcruiser.com\/product\/asics-ballaholic-x-gel-nyc-jewel-green"},"modified":"2026-03-28T01:30:23","modified_gmt":"2026-03-27T18:30:23","slug":"asics-ballaholic-x-gel-nyc-jewel-green","status":"publish","type":"product","link":"https:\/\/tourcruiser.com\/de\/products\/asics-ballaholic-x-gel-nyc-jewel-green\/","title":{"rendered":"ASICS ballaholic x Gel NYC &#8218;Jewel Green&#8216;"},"content":{"rendered":"<p>Entdecke unvergleichlichen Komfort und Style mit dem ASICS Gel-NYC Ballaholic Jewel Green 1203A623-300. Dieser Schuh ist perfekt f\u00fcr Sportler und Sneaker-Fans und bietet dank der bew\u00e4hrten GEL-Technologie von ASICS au\u00dfergew\u00f6hnliche D\u00e4mpfung und Unterst\u00fctzung. Die leuchtende Farbe Jewel Green verleiht deinem Outfit einen stylischen Touch, w\u00e4hrend das atmungsaktive Mesh-Obermaterial f\u00fcr ganzt\u00e4gigen Tragekomfort sorgt. Die strapazierf\u00e4hige Au\u00dfensohle bietet hervorragende Traktion und macht den Schuh ideal f\u00fcr urbane Abenteuer und das Training im Fitnessstudio. Verleihe deinem Schuh-Look mit diesem vielseitigen und auff\u00e4lligen Modell das gewisse Etwas.<\/p>\n<p>Farbe: Juwelengr\u00fcn\/Elfenbein<br \/>\nArtikelnummer: 1203A623-300<br \/>\nObermaterial: Wildleder<br \/>\nZwischensohle: Gel<br \/>\nFarbe: Gr\u00fcn<br \/>\nSaison: Sommer<br \/>\nErscheinungsjahr: 2024<\/p>\n","protected":false},"excerpt":{"rendered":"<p>ASICS Gel-NYC Ballaholic \u201d\u201d Jewel Green\/Ivory<\/p>\n","protected":false},"featured_media":160847,"comment_status":"open","ping_status":"closed","template":"","meta":[],"product_brand":[],"product_cat":[10792],"product_tag":[10791,10750,10754,10765,10768,10785,10758],"class_list":{"0":"post-160846","1":"product","2":"type-product","3":"status-publish","4":"has-post-thumbnail","6":"product_cat-asics","7":"product_tag-asics","8":"product_tag-athleisure-shoes","9":"product_tag-lifestyle-casual-shoes","10":"product_tag-lifestyle-shoes-running-inspired","11":"product_tag-retro-running-shoes","12":"product_tag-trending-deals","13":"product_tag-under-retail","14":"wcpa_has_options","16":"first","17":"outofstock","18":"taxable","19":"shipping-taxable","20":"purchasable","21":"product-type-simple"},"wcpa_form_fields":{"rules":{"pric_overide_base_price":false,"pric_overide_base_price_if_gt_zero":false,"pric_overide_base_price_fully":false,"pric_cal_option_once":false,"pric_use_as_fee":false,"bind_quantity":false,"quantity_bind_formula":false},"fields":[{"type":"color-group","required":true,"elementId":"wcpa-color-group-69a5ab08ee12d","label":"Gr\u00f6\u00dfe","inline":true,"priceOptions":"different_for_all","pricingType":"fixed","className":"hassizechart product-shoes-size-eu product-shoes-size","name":"color-group-69a5ab08ee136","disp_type":"square","selection_type":"tick-border","disp_size":"50","show_label_inside":true,"adjust_width":true,"cart_display_type":"text","other_text":"Other","cl_rule":"show","col":6,"values":[{"label":"36","value":"EU 36","price":"","pimage":"","pimage_id":"","pthumb":"","color":"","selected":true},{"label":"37","value":"EU 37","price":"","pimage":"","pimage_id":"","pthumb":"","color":""},{"label":"37.5","value":"EU 37.5","price":"","pimage":"","pimage_id":"","pthumb":"","color":""},{"label":"38","value":"EU 38","price":"","pimage":"","pimage_id":"","pthumb":"","color":""},{"label":"38.5","value":"EU 38.5","price":"","pimage":"","pimage_id":"","pthumb":"","color":""},{"label":"39","value":"EU 39","price":"","pimage":"","pimage_id":"","pthumb":"","color":""},{"label":"39.5","value":"EU 39.5","price":"","pimage":"","pimage_id":"","pthumb":"","color":""},{"label":"40","value":"EU 40","price":"","pimage":"","pimage_id":"","pthumb":"","color":""},{"label":"40.5","value":"EU 40.5","price":"","pimage":"","pimage_id":"","pthumb":"","color":""},{"label":" 41.5","value":"EU 41.5","price":"","pimage":"","pimage_id":"","pthumb":"","color":""},{"label":"42","value":"EU 42","price":"","pimage":"","pimage_id":"","pthumb":"","color":""},{"label":"42.5","value":"EU 42.5","price":"","pimage":"","pimage_id":"","pthumb":"","color":""},{"label":"43.5","value":"EU 43.5","price":"","pimage":"","pimage_id":"","pthumb":"","color":""},{"label":"44","value":"EU 44","price":"","pimage":"","pimage_id":"","pthumb":"","color":""},{"label":"44.5","value":"EU 44.5","price":"","pimage":"","pimage_id":"","pthumb":"","color":""},{"label":"45","value":"EU 45","price":"","pimage":"","pimage_id":"","pthumb":"","color":""}],"relations":[{"operator":false,"rules":[]}],"form_id":184311,"form_rules":{"pric_cal_option_once":false,"exclude_from_discount":false,"pric_use_as_fee":false,"fee_label":"Fee","render_after_acb":false,"disp_hide_options_price":false}}]},"yoast_head":"<!-- This site is optimized with the Yoast SEO plugin v26.5 - https:\/\/yoast.com\/wordpress\/plugins\/seo\/ -->\n<title>ASICS ballaholic x Gel NYC &#039;Jewel Green&#039;  - Tourcruiser PTE. LTD<\/title>\n<meta name=\"robots\" content=\"index, follow, max-snippet:-1, max-image-preview:large, max-video-preview:-1\" \/>\n<link rel=\"canonical\" href=\"https:\/\/tourcruiser.com\/de\/products\/asics-ballaholic-x-gel-nyc-jewel-green\/\" \/>\n<meta property=\"og:locale\" content=\"de_DE\" \/>\n<meta property=\"og:type\" content=\"article\" \/>\n<meta property=\"og:title\" content=\"ASICS ballaholic x Gel NYC &#039;Jewel Green&#039;  - Tourcruiser PTE. LTD\" \/>\n<meta property=\"og:description\" content=\"ASICS Gel-NYC Ballaholic \u201d\u201d Jewel Green\/Ivory\" \/>\n<meta property=\"og:url\" content=\"https:\/\/tourcruiser.com\/de\/products\/asics-ballaholic-x-gel-nyc-jewel-green\/\" \/>\n<meta property=\"og:site_name\" content=\"Tourcruiser Sneaker Store\" \/>\n<meta property=\"article:modified_time\" content=\"2026-03-27T18:30:23+00:00\" \/>\n<meta name=\"twitter:card\" content=\"summary_large_image\" \/>\n<meta name=\"twitter:image\" content=\"https:\/\/images.novelship.com\/product\/asics_gel-nyc_ballaholic_jewel_green_1203a623-300_0_22916.jpeg;https:\/\/images.novelship.com\/product\/asics_gel-nyc_ballaholic_jewel_green_1203a623-300_1_22916.jpeg;https:\/\/images.novelship.com\/product\/asics_gel-nyc_ballaholic_jewel_green_1203a623-300_2_22916.jpeg;https:\/\/images.novelship.com\/product\/asics_gel-nyc_ballaholic_jewel_green_1203a623-300_3_22916.jpeg;https:\/\/images.novelship.com\/product\/asics_gel-nyc_ballaholic_jewel_green_1203a623-300_4_22916.jpeg;https:\/\/images.novelship.com\/product\/asics_gel-nyc_ballaholic_jewel_green_1203a623-300_5_22917.jpeg;https:\/\/images.novelship.com\/product\/asics_gel-nyc_ballaholic_jewel_green_1203a623-300_6_22917.jpeg;https:\/\/images.novelship.com\/product\/asics_gel-nyc_ballaholic_jewel_green_1203a623-300_7_22917.jpeg\" \/>\n<meta name=\"twitter:label1\" content=\"Gesch\u00e4tzte Lesezeit\" \/>\n\t<meta name=\"twitter:data1\" content=\"1\u00a0Minute\" \/>\n<script type=\"application\/ld+json\" class=\"yoast-schema-graph\">{\"@context\":\"https:\/\/schema.org\",\"@graph\":[{\"@type\":\"WebPage\",\"@id\":\"https:\/\/tourcruiser.com\/de\/products\/asics-ballaholic-x-gel-nyc-jewel-green\/\",\"url\":\"https:\/\/tourcruiser.com\/de\/products\/asics-ballaholic-x-gel-nyc-jewel-green\/\",\"name\":\"ASICS ballaholic x Gel NYC 'Jewel Green' - Tourcruiser PTE. LTD\",\"isPartOf\":{\"@id\":\"https:\/\/tourcruiser.com\/de\/#website\"},\"primaryImageOfPage\":{\"@id\":\"https:\/\/tourcruiser.com\/de\/products\/asics-ballaholic-x-gel-nyc-jewel-green\/#primaryimage\"},\"image\":{\"@id\":\"https:\/\/tourcruiser.com\/de\/products\/asics-ballaholic-x-gel-nyc-jewel-green\/#primaryimage\"},\"thumbnailUrl\":\"https:\/\/images.novelship.com\/product\/asics_gel-nyc_ballaholic_jewel_green_1203a623-300_0_22916.jpeg;https:\/\/images.novelship.com\/product\/asics_gel-nyc_ballaholic_jewel_green_1203a623-300_1_22916.jpeg;https:\/\/images.novelship.com\/product\/asics_gel-nyc_ballaholic_jewel_green_1203a623-300_2_22916.jpeg;https:\/\/images.novelship.com\/product\/asics_gel-nyc_ballaholic_jewel_green_1203a623-300_3_22916.jpeg;https:\/\/images.novelship.com\/product\/asics_gel-nyc_ballaholic_jewel_green_1203a623-300_4_22916.jpeg;https:\/\/images.novelship.com\/product\/asics_gel-nyc_ballaholic_jewel_green_1203a623-300_5_22917.jpeg;https:\/\/images.novelship.com\/product\/asics_gel-nyc_ballaholic_jewel_green_1203a623-300_6_22917.jpeg;https:\/\/images.novelship.com\/product\/asics_gel-nyc_ballaholic_jewel_green_1203a623-300_7_22917.jpeg\",\"datePublished\":\"2026-03-02T09:06:51+00:00\",\"dateModified\":\"2026-03-27T18:30:23+00:00\",\"breadcrumb\":{\"@id\":\"https:\/\/tourcruiser.com\/de\/products\/asics-ballaholic-x-gel-nyc-jewel-green\/#breadcrumb\"},\"inLanguage\":\"de\",\"potentialAction\":[{\"@type\":\"ReadAction\",\"target\":[\"https:\/\/tourcruiser.com\/de\/products\/asics-ballaholic-x-gel-nyc-jewel-green\/\"]}]},{\"@type\":\"ImageObject\",\"inLanguage\":\"de\",\"@id\":\"https:\/\/tourcruiser.com\/de\/products\/asics-ballaholic-x-gel-nyc-jewel-green\/#primaryimage\",\"url\":\"https:\/\/images.novelship.com\/product\/asics_gel-nyc_ballaholic_jewel_green_1203a623-300_0_22916.jpeg;https:\/\/images.novelship.com\/product\/asics_gel-nyc_ballaholic_jewel_green_1203a623-300_1_22916.jpeg;https:\/\/images.novelship.com\/product\/asics_gel-nyc_ballaholic_jewel_green_1203a623-300_2_22916.jpeg;https:\/\/images.novelship.com\/product\/asics_gel-nyc_ballaholic_jewel_green_1203a623-300_3_22916.jpeg;https:\/\/images.novelship.com\/product\/asics_gel-nyc_ballaholic_jewel_green_1203a623-300_4_22916.jpeg;https:\/\/images.novelship.com\/product\/asics_gel-nyc_ballaholic_jewel_green_1203a623-300_5_22917.jpeg;https:\/\/images.novelship.com\/product\/asics_gel-nyc_ballaholic_jewel_green_1203a623-300_6_22917.jpeg;https:\/\/images.novelship.com\/product\/asics_gel-nyc_ballaholic_jewel_green_1203a623-300_7_22917.jpeg\",\"contentUrl\":\"https:\/\/images.novelship.com\/product\/asics_gel-nyc_ballaholic_jewel_green_1203a623-300_0_22916.jpeg;https:\/\/images.novelship.com\/product\/asics_gel-nyc_ballaholic_jewel_green_1203a623-300_1_22916.jpeg;https:\/\/images.novelship.com\/product\/asics_gel-nyc_ballaholic_jewel_green_1203a623-300_2_22916.jpeg;https:\/\/images.novelship.com\/product\/asics_gel-nyc_ballaholic_jewel_green_1203a623-300_3_22916.jpeg;https:\/\/images.novelship.com\/product\/asics_gel-nyc_ballaholic_jewel_green_1203a623-300_4_22916.jpeg;https:\/\/images.novelship.com\/product\/asics_gel-nyc_ballaholic_jewel_green_1203a623-300_5_22917.jpeg;https:\/\/images.novelship.com\/product\/asics_gel-nyc_ballaholic_jewel_green_1203a623-300_6_22917.jpeg;https:\/\/images.novelship.com\/product\/asics_gel-nyc_ballaholic_jewel_green_1203a623-300_7_22917.jpeg\"},{\"@type\":\"BreadcrumbList\",\"@id\":\"https:\/\/tourcruiser.com\/de\/products\/asics-ballaholic-x-gel-nyc-jewel-green\/#breadcrumb\",\"itemListElement\":[{\"@type\":\"ListItem\",\"position\":1,\"name\":\"Home\",\"item\":\"https:\/\/tourcruiser.com\/de\/\"},{\"@type\":\"ListItem\",\"position\":2,\"name\":\"Shop\",\"item\":\"https:\/\/tourcruiser.com\/de\/shop\/\"},{\"@type\":\"ListItem\",\"position\":3,\"name\":\"ASICS ballaholic x Gel NYC 'Jewel Green'\"}]},{\"@type\":\"WebSite\",\"@id\":\"https:\/\/tourcruiser.com\/de\/#website\",\"url\":\"https:\/\/tourcruiser.com\/de\/\",\"name\":\"Styloral Jewelry Shop\",\"description\":\"Tourcruiser Sneaker Store \u2014 der Ort, an dem das Universum deine Einzigartigkeit trifft.\",\"publisher\":{\"@id\":\"https:\/\/tourcruiser.com\/de\/#organization\"},\"potentialAction\":[{\"@type\":\"SearchAction\",\"target\":{\"@type\":\"EntryPoint\",\"urlTemplate\":\"https:\/\/tourcruiser.com\/de\/?s={search_term_string}\"},\"query-input\":{\"@type\":\"PropertyValueSpecification\",\"valueRequired\":true,\"valueName\":\"search_term_string\"}}],\"inLanguage\":\"de\"},{\"@type\":\"Organization\",\"@id\":\"https:\/\/tourcruiser.com\/de\/#organization\",\"name\":\"STYLORAL PTE. LTD\",\"url\":\"https:\/\/tourcruiser.com\/de\/\",\"logo\":{\"@type\":\"ImageObject\",\"inLanguage\":\"de\",\"@id\":\"https:\/\/tourcruiser.com\/de\/#\/schema\/logo\/image\/\",\"url\":\"https:\/\/www.tourcruiser.com\/wp-content\/uploads\/2025\/12\/logo.png\",\"contentUrl\":\"https:\/\/www.tourcruiser.com\/wp-content\/uploads\/2025\/12\/logo.png\",\"width\":200,\"height\":65,\"caption\":\"STYLORAL PTE. LTD\"},\"image\":{\"@id\":\"https:\/\/tourcruiser.com\/de\/#\/schema\/logo\/image\/\"}}]}<\/script>\n<!-- \/ Yoast SEO plugin. -->","yoast_head_json":{"title":"ASICS ballaholic x Gel NYC 'Jewel Green'  - Tourcruiser PTE. LTD","robots":{"index":"index","follow":"follow","max-snippet":"max-snippet:-1","max-image-preview":"max-image-preview:large","max-video-preview":"max-video-preview:-1"},"canonical":"https:\/\/tourcruiser.com\/de\/products\/asics-ballaholic-x-gel-nyc-jewel-green\/","og_locale":"de_DE","og_type":"article","og_title":"ASICS ballaholic x Gel NYC 'Jewel Green'  - Tourcruiser PTE. LTD","og_description":"ASICS Gel-NYC Ballaholic \u201d\u201d Jewel Green\/Ivory","og_url":"https:\/\/tourcruiser.com\/de\/products\/asics-ballaholic-x-gel-nyc-jewel-green\/","og_site_name":"Tourcruiser Sneaker Store","article_modified_time":"2026-03-27T18:30:23+00:00","twitter_card":"summary_large_image","twitter_image":"https:\/\/images.novelship.com\/product\/asics_gel-nyc_ballaholic_jewel_green_1203a623-300_0_22916.jpeg;https:\/\/images.novelship.com\/product\/asics_gel-nyc_ballaholic_jewel_green_1203a623-300_1_22916.jpeg;https:\/\/images.novelship.com\/product\/asics_gel-nyc_ballaholic_jewel_green_1203a623-300_2_22916.jpeg;https:\/\/images.novelship.com\/product\/asics_gel-nyc_ballaholic_jewel_green_1203a623-300_3_22916.jpeg;https:\/\/images.novelship.com\/product\/asics_gel-nyc_ballaholic_jewel_green_1203a623-300_4_22916.jpeg;https:\/\/images.novelship.com\/product\/asics_gel-nyc_ballaholic_jewel_green_1203a623-300_5_22917.jpeg;https:\/\/images.novelship.com\/product\/asics_gel-nyc_ballaholic_jewel_green_1203a623-300_6_22917.jpeg;https:\/\/images.novelship.com\/product\/asics_gel-nyc_ballaholic_jewel_green_1203a623-300_7_22917.jpeg","twitter_misc":{"Gesch\u00e4tzte Lesezeit":"1\u00a0Minute"},"schema":{"@context":"https:\/\/schema.org","@graph":[{"@type":"WebPage","@id":"https:\/\/tourcruiser.com\/de\/products\/asics-ballaholic-x-gel-nyc-jewel-green\/","url":"https:\/\/tourcruiser.com\/de\/products\/asics-ballaholic-x-gel-nyc-jewel-green\/","name":"ASICS ballaholic x Gel NYC 'Jewel Green' - Tourcruiser PTE. LTD","isPartOf":{"@id":"https:\/\/tourcruiser.com\/de\/#website"},"primaryImageOfPage":{"@id":"https:\/\/tourcruiser.com\/de\/products\/asics-ballaholic-x-gel-nyc-jewel-green\/#primaryimage"},"image":{"@id":"https:\/\/tourcruiser.com\/de\/products\/asics-ballaholic-x-gel-nyc-jewel-green\/#primaryimage"},"thumbnailUrl":"https:\/\/images.novelship.com\/product\/asics_gel-nyc_ballaholic_jewel_green_1203a623-300_0_22916.jpeg;https:\/\/images.novelship.com\/product\/asics_gel-nyc_ballaholic_jewel_green_1203a623-300_1_22916.jpeg;https:\/\/images.novelship.com\/product\/asics_gel-nyc_ballaholic_jewel_green_1203a623-300_2_22916.jpeg;https:\/\/images.novelship.com\/product\/asics_gel-nyc_ballaholic_jewel_green_1203a623-300_3_22916.jpeg;https:\/\/images.novelship.com\/product\/asics_gel-nyc_ballaholic_jewel_green_1203a623-300_4_22916.jpeg;https:\/\/images.novelship.com\/product\/asics_gel-nyc_ballaholic_jewel_green_1203a623-300_5_22917.jpeg;https:\/\/images.novelship.com\/product\/asics_gel-nyc_ballaholic_jewel_green_1203a623-300_6_22917.jpeg;https:\/\/images.novelship.com\/product\/asics_gel-nyc_ballaholic_jewel_green_1203a623-300_7_22917.jpeg","datePublished":"2026-03-02T09:06:51+00:00","dateModified":"2026-03-27T18:30:23+00:00","breadcrumb":{"@id":"https:\/\/tourcruiser.com\/de\/products\/asics-ballaholic-x-gel-nyc-jewel-green\/#breadcrumb"},"inLanguage":"de","potentialAction":[{"@type":"ReadAction","target":["https:\/\/tourcruiser.com\/de\/products\/asics-ballaholic-x-gel-nyc-jewel-green\/"]}]},{"@type":"ImageObject","inLanguage":"de","@id":"https:\/\/tourcruiser.com\/de\/products\/asics-ballaholic-x-gel-nyc-jewel-green\/#primaryimage","url":"https:\/\/images.novelship.com\/product\/asics_gel-nyc_ballaholic_jewel_green_1203a623-300_0_22916.jpeg;https:\/\/images.novelship.com\/product\/asics_gel-nyc_ballaholic_jewel_green_1203a623-300_1_22916.jpeg;https:\/\/images.novelship.com\/product\/asics_gel-nyc_ballaholic_jewel_green_1203a623-300_2_22916.jpeg;https:\/\/images.novelship.com\/product\/asics_gel-nyc_ballaholic_jewel_green_1203a623-300_3_22916.jpeg;https:\/\/images.novelship.com\/product\/asics_gel-nyc_ballaholic_jewel_green_1203a623-300_4_22916.jpeg;https:\/\/images.novelship.com\/product\/asics_gel-nyc_ballaholic_jewel_green_1203a623-300_5_22917.jpeg;https:\/\/images.novelship.com\/product\/asics_gel-nyc_ballaholic_jewel_green_1203a623-300_6_22917.jpeg;https:\/\/images.novelship.com\/product\/asics_gel-nyc_ballaholic_jewel_green_1203a623-300_7_22917.jpeg","contentUrl":"https:\/\/images.novelship.com\/product\/asics_gel-nyc_ballaholic_jewel_green_1203a623-300_0_22916.jpeg;https:\/\/images.novelship.com\/product\/asics_gel-nyc_ballaholic_jewel_green_1203a623-300_1_22916.jpeg;https:\/\/images.novelship.com\/product\/asics_gel-nyc_ballaholic_jewel_green_1203a623-300_2_22916.jpeg;https:\/\/images.novelship.com\/product\/asics_gel-nyc_ballaholic_jewel_green_1203a623-300_3_22916.jpeg;https:\/\/images.novelship.com\/product\/asics_gel-nyc_ballaholic_jewel_green_1203a623-300_4_22916.jpeg;https:\/\/images.novelship.com\/product\/asics_gel-nyc_ballaholic_jewel_green_1203a623-300_5_22917.jpeg;https:\/\/images.novelship.com\/product\/asics_gel-nyc_ballaholic_jewel_green_1203a623-300_6_22917.jpeg;https:\/\/images.novelship.com\/product\/asics_gel-nyc_ballaholic_jewel_green_1203a623-300_7_22917.jpeg"},{"@type":"BreadcrumbList","@id":"https:\/\/tourcruiser.com\/de\/products\/asics-ballaholic-x-gel-nyc-jewel-green\/#breadcrumb","itemListElement":[{"@type":"ListItem","position":1,"name":"Home","item":"https:\/\/tourcruiser.com\/de\/"},{"@type":"ListItem","position":2,"name":"Shop","item":"https:\/\/tourcruiser.com\/de\/shop\/"},{"@type":"ListItem","position":3,"name":"ASICS ballaholic x Gel NYC 'Jewel Green'"}]},{"@type":"WebSite","@id":"https:\/\/tourcruiser.com\/de\/#website","url":"https:\/\/tourcruiser.com\/de\/","name":"Styloral Jewelry Shop","description":"Tourcruiser Sneaker Store \u2014 der Ort, an dem das Universum deine Einzigartigkeit trifft.","publisher":{"@id":"https:\/\/tourcruiser.com\/de\/#organization"},"potentialAction":[{"@type":"SearchAction","target":{"@type":"EntryPoint","urlTemplate":"https:\/\/tourcruiser.com\/de\/?s={search_term_string}"},"query-input":{"@type":"PropertyValueSpecification","valueRequired":true,"valueName":"search_term_string"}}],"inLanguage":"de"},{"@type":"Organization","@id":"https:\/\/tourcruiser.com\/de\/#organization","name":"STYLORAL PTE. LTD","url":"https:\/\/tourcruiser.com\/de\/","logo":{"@type":"ImageObject","inLanguage":"de","@id":"https:\/\/tourcruiser.com\/de\/#\/schema\/logo\/image\/","url":"https:\/\/www.tourcruiser.com\/wp-content\/uploads\/2025\/12\/logo.png","contentUrl":"https:\/\/www.tourcruiser.com\/wp-content\/uploads\/2025\/12\/logo.png","width":200,"height":65,"caption":"STYLORAL PTE. LTD"},"image":{"@id":"https:\/\/tourcruiser.com\/de\/#\/schema\/logo\/image\/"}}]}},"_links":{"self":[{"href":"https:\/\/tourcruiser.com\/de\/wp-json\/wp\/v2\/product\/160846","targetHints":{"allow":["GET"]}}],"collection":[{"href":"https:\/\/tourcruiser.com\/de\/wp-json\/wp\/v2\/product"}],"about":[{"href":"https:\/\/tourcruiser.com\/de\/wp-json\/wp\/v2\/types\/product"}],"replies":[{"embeddable":true,"href":"https:\/\/tourcruiser.com\/de\/wp-json\/wp\/v2\/comments?post=160846"}],"wp:featuredmedia":[{"embeddable":true,"href":"https:\/\/tourcruiser.com\/de\/wp-json\/wp\/v2\/media\/160847"}],"wp:attachment":[{"href":"https:\/\/tourcruiser.com\/de\/wp-json\/wp\/v2\/media?parent=160846"}],"wp:term":[{"taxonomy":"product_brand","embeddable":true,"href":"https:\/\/tourcruiser.com\/de\/wp-json\/wp\/v2\/product_brand?post=160846"},{"taxonomy":"product_cat","embeddable":true,"href":"https:\/\/tourcruiser.com\/de\/wp-json\/wp\/v2\/product_cat?post=160846"},{"taxonomy":"product_tag","embeddable":true,"href":"https:\/\/tourcruiser.com\/de\/wp-json\/wp\/v2\/product_tag?post=160846"}],"curies":[{"name":"wp","href":"https:\/\/api.w.org\/{rel}","templated":true}]}}