{"id":16072,"date":"2026-02-20T15:04:21","date_gmt":"2026-02-20T08:04:21","guid":{"rendered":"http:\/\/tourcruiser.com\/product\/devin-booker-x-nike-blazer-low-detroit-tigers-pack-college-navy-hq2054-400"},"modified":"2026-03-28T00:26:17","modified_gmt":"2026-03-27T17:26:17","slug":"devin-booker-x-nike-blazer-low-detroit-tigers-pack-college-navy-hq2054-400","status":"publish","type":"product","link":"https:\/\/tourcruiser.com\/de\/products\/devin-booker-x-nike-blazer-low-detroit-tigers-pack-college-navy-hq2054-400\/","title":{"rendered":"Nike Devin Booker x Blazer Low &#8218;Detroit Tigers Pack &#8211; College Navy&#8216;"},"content":{"rendered":"<p>Erleben Sie die perfekte Kombination aus Style und Performance mit dem Devin Booker x Nike Blazer Low \u201eDetroit Tigers Pack \u2013 College Navy\u201c. Das zeitlose Design ist von den legend\u00e4ren Teamfarben inspiriert. Dieser Sneaker aus hochwertigen Materialien besticht durch ein strapazierf\u00e4higes Obermaterial in College Navy mit markanten orangefarbenen Akzenten \u2013 eine Hommage an die Detroit Tigers. Die elegante Silhouette wird durch eine wei\u00dfe Mittelsohle erg\u00e4nzt, die einen klaren Kontrast bildet, w\u00e4hrend die Gummiau\u00dfensohle zuverl\u00e4ssigen Grip und optimale Traktion garantiert. Der gepolsterte Schaftrand und die reaktionsfreudige, ged\u00e4mpfte Sohle sorgen f\u00fcr h\u00f6chsten Tragekomfort und machen den Schuh ideal f\u00fcr den Alltag oder leichte sportliche Aktivit\u00e4ten. Devin Bookers unverkennbare Handschrift und Nikes renommierte Verarbeitung machen diesen Schuh zu einer herausragenden Wahl f\u00fcr Sneaker- und Sportbegeisterte. Ob f\u00fcr l\u00e4ssige Anl\u00e4sse oder als Sammlerst\u00fcck \u2013 diese Schuhe verleihen Ihrer Garderobe sportliche Eleganz und modernen Flair. Erg\u00e4nzen Sie Ihre Kollektion mit dieser vielseitigen und einzigartigen Devin Booker-Kollaboration und genie\u00dfen Sie die perfekte Verbindung von Tradition, Design und Funktionalit\u00e4t.<\/p>\n<ul>\n<li><strong>Farbgebung:<\/strong> #REF!<\/li>\n<li><strong>Artikelnummer:<\/strong> HQ2054-400<\/li>\n<li><strong>Obermaterial:<\/strong> Textil<\/li>\n<li><strong>Farbe:<\/strong> Blau<\/li>\n<li><strong>Designer:<\/strong> Bill Bowerman<\/li>\n<li><strong>Saison:<\/strong> Winter<\/li>\n<li><strong>Erscheinungsjahr:<\/strong> 2025<\/li>\n<\/ul>\n","protected":false},"excerpt":{"rendered":"<p>Nike Blazer Low \u2014 #REF!<\/p>\n","protected":false},"featured_media":16073,"comment_status":"open","ping_status":"closed","template":"","meta":[],"product_brand":[],"product_cat":[6654],"product_tag":[],"class_list":{"0":"post-16072","1":"product","2":"type-product","3":"status-publish","4":"has-post-thumbnail","6":"product_cat-nike-2026","7":"wcpa_has_options","9":"first","10":"outofstock","11":"taxable","12":"shipping-taxable","13":"purchasable","14":"product-type-simple"},"wcpa_form_fields":{"rules":{"pric_overide_base_price":false,"pric_overide_base_price_if_gt_zero":false,"pric_overide_base_price_fully":false,"pric_cal_option_once":false,"pric_use_as_fee":false,"bind_quantity":false,"quantity_bind_formula":false},"fields":[{"type":"color-group","required":true,"elementId":"wcpa-color-group-66c4a75505e74","label":"Gr\u00f6\u00dfe - EU Gr\u00f6\u00dfe","inline":true,"priceOptions":"different_for_all","pricingType":"fixed","className":"hassizechart product-shoes-size-eu product-shoes-size","name":"color-group-66c4a75505e89","disp_type":"square","selection_type":"tick-border","disp_size":"44","show_label_inside":true,"adjust_width":true,"cart_display_type":"text","other_text":"Other","cl_rule":"show","col":6,"values":[{"label":"35.5","value":"EU 35.5","price":"","pimage":"","pimage_id":"","pthumb":"","color":""},{"label":"36","value":"EU 36","price":"","pimage":"","pimage_id":"","pthumb":"","color":"","selected":true},{"label":"36.5","value":"EU 36.5","price":"","pimage":"","pimage_id":"","pthumb":"","color":""},{"label":"37.5","value":"EU 37.5","price":"","pimage":"","pimage_id":"","pthumb":"","color":""},{"label":"38","value":"EU 38","price":"","pimage":"","pimage_id":"","pthumb":"","color":""},{"label":"38.5","value":"EU 38.5","price":"","pimage":"","pimage_id":"","pthumb":"","color":""},{"label":"39","value":"EU 39","price":"","pimage":"","pimage_id":"","pthumb":"","color":""},{"label":"40","value":"EU 40","price":"","pimage":"","pimage_id":"","pthumb":"","color":""},{"label":"40.5","value":"EU 40.5","price":"","pimage":"","pimage_id":"","pthumb":"","color":""},{"label":"41","value":"EU 41","price":"","pimage":"","pimage_id":"","pthumb":"","color":""},{"label":"42","value":"EU 42","price":"","pimage":"","pimage_id":"","pthumb":"","color":""},{"label":"42.5","value":"EU 42.5","price":"","pimage":"","pimage_id":"","pthumb":"","color":""},{"label":"43","value":"EU 43","price":"","pimage":"","pimage_id":"","pthumb":"","color":""},{"label":"44","value":"EU 44","price":"","pimage":"","pimage_id":"","pthumb":"","color":""},{"label":"44.5","value":"EU 44.5","price":"","pimage":"","pimage_id":"","pthumb":"","color":""},{"label":"45","value":"EU 45","price":"","pimage":"","pimage_id":"","pthumb":"","color":""},{"label":"45.5","value":"EU 45.5","price":"","pimage":"","pimage_id":"","pthumb":"","color":""},{"label":"46","value":"EU 46","price":"","pimage":"","pimage_id":"","pthumb":"","color":""},{"label":"47","value":"EU 47","price":"","pimage":"","pimage_id":"","pthumb":"","color":""},{"label":"47.5","value":"EU 47.5","price":"","pimage":"","pimage_id":"","pthumb":"","color":""},{"label":"48","value":"EU 48","price":"","pimage":"","pimage_id":"","pthumb":"","color":""}],"relations":[{"operator":false,"rules":[]}],"form_id":18106,"form_rules":{"pric_cal_option_once":false,"exclude_from_discount":false,"pric_use_as_fee":false,"fee_label":"Fee","render_after_acb":false,"disp_hide_options_price":false}}]},"yoast_head":"<!-- This site is optimized with the Yoast SEO plugin v26.5 - https:\/\/yoast.com\/wordpress\/plugins\/seo\/ -->\n<title>Nike Devin Booker x Blazer Low &#039;Detroit Tigers Pack - College Navy&#039; - Tourcruiser PTE. LTD<\/title>\n<meta name=\"robots\" content=\"index, follow, max-snippet:-1, max-image-preview:large, max-video-preview:-1\" \/>\n<link rel=\"canonical\" href=\"https:\/\/tourcruiser.com\/de\/products\/devin-booker-x-nike-blazer-low-detroit-tigers-pack-college-navy-hq2054-400\/\" \/>\n<meta property=\"og:locale\" content=\"de_DE\" \/>\n<meta property=\"og:type\" content=\"article\" \/>\n<meta property=\"og:title\" content=\"Nike Devin Booker x Blazer Low &#039;Detroit Tigers Pack - College Navy&#039; - Tourcruiser PTE. LTD\" \/>\n<meta property=\"og:description\" content=\"Nike Blazer Low \u2014 #REF!\" \/>\n<meta property=\"og:url\" content=\"https:\/\/tourcruiser.com\/de\/products\/devin-booker-x-nike-blazer-low-detroit-tigers-pack-college-navy-hq2054-400\/\" \/>\n<meta property=\"og:site_name\" content=\"Tourcruiser Sneaker Store\" \/>\n<meta property=\"article:modified_time\" content=\"2026-03-27T17:26:17+00:00\" \/>\n<meta name=\"twitter:card\" content=\"summary_large_image\" \/>\n<meta name=\"twitter:image\" content=\"https:\/\/images.novelship.com\/product\/devin_booker_x_nike_blazer_low_detroit_tigers_coll_0_85648.jpeg\" \/>\n<meta name=\"twitter:label1\" content=\"Gesch\u00e4tzte Lesezeit\" \/>\n\t<meta name=\"twitter:data1\" content=\"1\u00a0Minute\" \/>\n<script type=\"application\/ld+json\" class=\"yoast-schema-graph\">{\"@context\":\"https:\/\/schema.org\",\"@graph\":[{\"@type\":\"WebPage\",\"@id\":\"https:\/\/tourcruiser.com\/de\/products\/devin-booker-x-nike-blazer-low-detroit-tigers-pack-college-navy-hq2054-400\/\",\"url\":\"https:\/\/tourcruiser.com\/de\/products\/devin-booker-x-nike-blazer-low-detroit-tigers-pack-college-navy-hq2054-400\/\",\"name\":\"Nike Devin Booker x Blazer Low 'Detroit Tigers Pack - College Navy' - Tourcruiser PTE. LTD\",\"isPartOf\":{\"@id\":\"https:\/\/tourcruiser.com\/de\/#website\"},\"primaryImageOfPage\":{\"@id\":\"https:\/\/tourcruiser.com\/de\/products\/devin-booker-x-nike-blazer-low-detroit-tigers-pack-college-navy-hq2054-400\/#primaryimage\"},\"image\":{\"@id\":\"https:\/\/tourcruiser.com\/de\/products\/devin-booker-x-nike-blazer-low-detroit-tigers-pack-college-navy-hq2054-400\/#primaryimage\"},\"thumbnailUrl\":\"https:\/\/images.novelship.com\/product\/devin_booker_x_nike_blazer_low_detroit_tigers_coll_0_85648.jpeg\",\"datePublished\":\"2026-02-20T08:04:21+00:00\",\"dateModified\":\"2026-03-27T17:26:17+00:00\",\"breadcrumb\":{\"@id\":\"https:\/\/tourcruiser.com\/de\/products\/devin-booker-x-nike-blazer-low-detroit-tigers-pack-college-navy-hq2054-400\/#breadcrumb\"},\"inLanguage\":\"de\",\"potentialAction\":[{\"@type\":\"ReadAction\",\"target\":[\"https:\/\/tourcruiser.com\/de\/products\/devin-booker-x-nike-blazer-low-detroit-tigers-pack-college-navy-hq2054-400\/\"]}]},{\"@type\":\"ImageObject\",\"inLanguage\":\"de\",\"@id\":\"https:\/\/tourcruiser.com\/de\/products\/devin-booker-x-nike-blazer-low-detroit-tigers-pack-college-navy-hq2054-400\/#primaryimage\",\"url\":\"https:\/\/images.novelship.com\/product\/devin_booker_x_nike_blazer_low_detroit_tigers_coll_0_85648.jpeg\",\"contentUrl\":\"https:\/\/images.novelship.com\/product\/devin_booker_x_nike_blazer_low_detroit_tigers_coll_0_85648.jpeg\"},{\"@type\":\"BreadcrumbList\",\"@id\":\"https:\/\/tourcruiser.com\/de\/products\/devin-booker-x-nike-blazer-low-detroit-tigers-pack-college-navy-hq2054-400\/#breadcrumb\",\"itemListElement\":[{\"@type\":\"ListItem\",\"position\":1,\"name\":\"Home\",\"item\":\"https:\/\/tourcruiser.com\/de\/\"},{\"@type\":\"ListItem\",\"position\":2,\"name\":\"Shop\",\"item\":\"https:\/\/tourcruiser.com\/de\/shop\/\"},{\"@type\":\"ListItem\",\"position\":3,\"name\":\"Nike Devin Booker x Blazer Low 'Detroit Tigers Pack - College Navy'\"}]},{\"@type\":\"WebSite\",\"@id\":\"https:\/\/tourcruiser.com\/de\/#website\",\"url\":\"https:\/\/tourcruiser.com\/de\/\",\"name\":\"Styloral Jewelry Shop\",\"description\":\"Tourcruiser Sneaker Store \u2014 der Ort, an dem das Universum deine Einzigartigkeit trifft.\",\"publisher\":{\"@id\":\"https:\/\/tourcruiser.com\/de\/#organization\"},\"potentialAction\":[{\"@type\":\"SearchAction\",\"target\":{\"@type\":\"EntryPoint\",\"urlTemplate\":\"https:\/\/tourcruiser.com\/de\/?s={search_term_string}\"},\"query-input\":{\"@type\":\"PropertyValueSpecification\",\"valueRequired\":true,\"valueName\":\"search_term_string\"}}],\"inLanguage\":\"de\"},{\"@type\":\"Organization\",\"@id\":\"https:\/\/tourcruiser.com\/de\/#organization\",\"name\":\"STYLORAL PTE. LTD\",\"url\":\"https:\/\/tourcruiser.com\/de\/\",\"logo\":{\"@type\":\"ImageObject\",\"inLanguage\":\"de\",\"@id\":\"https:\/\/tourcruiser.com\/de\/#\/schema\/logo\/image\/\",\"url\":\"https:\/\/www.tourcruiser.com\/wp-content\/uploads\/2025\/12\/logo.png\",\"contentUrl\":\"https:\/\/www.tourcruiser.com\/wp-content\/uploads\/2025\/12\/logo.png\",\"width\":200,\"height\":65,\"caption\":\"STYLORAL PTE. LTD\"},\"image\":{\"@id\":\"https:\/\/tourcruiser.com\/de\/#\/schema\/logo\/image\/\"}}]}<\/script>\n<!-- \/ Yoast SEO plugin. -->","yoast_head_json":{"title":"Nike Devin Booker x Blazer Low 'Detroit Tigers Pack - College Navy' - Tourcruiser PTE. LTD","robots":{"index":"index","follow":"follow","max-snippet":"max-snippet:-1","max-image-preview":"max-image-preview:large","max-video-preview":"max-video-preview:-1"},"canonical":"https:\/\/tourcruiser.com\/de\/products\/devin-booker-x-nike-blazer-low-detroit-tigers-pack-college-navy-hq2054-400\/","og_locale":"de_DE","og_type":"article","og_title":"Nike Devin Booker x Blazer Low 'Detroit Tigers Pack - College Navy' - Tourcruiser PTE. LTD","og_description":"Nike Blazer Low \u2014 #REF!","og_url":"https:\/\/tourcruiser.com\/de\/products\/devin-booker-x-nike-blazer-low-detroit-tigers-pack-college-navy-hq2054-400\/","og_site_name":"Tourcruiser Sneaker Store","article_modified_time":"2026-03-27T17:26:17+00:00","twitter_card":"summary_large_image","twitter_image":"https:\/\/images.novelship.com\/product\/devin_booker_x_nike_blazer_low_detroit_tigers_coll_0_85648.jpeg","twitter_misc":{"Gesch\u00e4tzte Lesezeit":"1\u00a0Minute"},"schema":{"@context":"https:\/\/schema.org","@graph":[{"@type":"WebPage","@id":"https:\/\/tourcruiser.com\/de\/products\/devin-booker-x-nike-blazer-low-detroit-tigers-pack-college-navy-hq2054-400\/","url":"https:\/\/tourcruiser.com\/de\/products\/devin-booker-x-nike-blazer-low-detroit-tigers-pack-college-navy-hq2054-400\/","name":"Nike Devin Booker x Blazer Low 'Detroit Tigers Pack - College Navy' - Tourcruiser PTE. LTD","isPartOf":{"@id":"https:\/\/tourcruiser.com\/de\/#website"},"primaryImageOfPage":{"@id":"https:\/\/tourcruiser.com\/de\/products\/devin-booker-x-nike-blazer-low-detroit-tigers-pack-college-navy-hq2054-400\/#primaryimage"},"image":{"@id":"https:\/\/tourcruiser.com\/de\/products\/devin-booker-x-nike-blazer-low-detroit-tigers-pack-college-navy-hq2054-400\/#primaryimage"},"thumbnailUrl":"https:\/\/images.novelship.com\/product\/devin_booker_x_nike_blazer_low_detroit_tigers_coll_0_85648.jpeg","datePublished":"2026-02-20T08:04:21+00:00","dateModified":"2026-03-27T17:26:17+00:00","breadcrumb":{"@id":"https:\/\/tourcruiser.com\/de\/products\/devin-booker-x-nike-blazer-low-detroit-tigers-pack-college-navy-hq2054-400\/#breadcrumb"},"inLanguage":"de","potentialAction":[{"@type":"ReadAction","target":["https:\/\/tourcruiser.com\/de\/products\/devin-booker-x-nike-blazer-low-detroit-tigers-pack-college-navy-hq2054-400\/"]}]},{"@type":"ImageObject","inLanguage":"de","@id":"https:\/\/tourcruiser.com\/de\/products\/devin-booker-x-nike-blazer-low-detroit-tigers-pack-college-navy-hq2054-400\/#primaryimage","url":"https:\/\/images.novelship.com\/product\/devin_booker_x_nike_blazer_low_detroit_tigers_coll_0_85648.jpeg","contentUrl":"https:\/\/images.novelship.com\/product\/devin_booker_x_nike_blazer_low_detroit_tigers_coll_0_85648.jpeg"},{"@type":"BreadcrumbList","@id":"https:\/\/tourcruiser.com\/de\/products\/devin-booker-x-nike-blazer-low-detroit-tigers-pack-college-navy-hq2054-400\/#breadcrumb","itemListElement":[{"@type":"ListItem","position":1,"name":"Home","item":"https:\/\/tourcruiser.com\/de\/"},{"@type":"ListItem","position":2,"name":"Shop","item":"https:\/\/tourcruiser.com\/de\/shop\/"},{"@type":"ListItem","position":3,"name":"Nike Devin Booker x Blazer Low 'Detroit Tigers Pack - College Navy'"}]},{"@type":"WebSite","@id":"https:\/\/tourcruiser.com\/de\/#website","url":"https:\/\/tourcruiser.com\/de\/","name":"Styloral Jewelry Shop","description":"Tourcruiser Sneaker Store \u2014 der Ort, an dem das Universum deine Einzigartigkeit trifft.","publisher":{"@id":"https:\/\/tourcruiser.com\/de\/#organization"},"potentialAction":[{"@type":"SearchAction","target":{"@type":"EntryPoint","urlTemplate":"https:\/\/tourcruiser.com\/de\/?s={search_term_string}"},"query-input":{"@type":"PropertyValueSpecification","valueRequired":true,"valueName":"search_term_string"}}],"inLanguage":"de"},{"@type":"Organization","@id":"https:\/\/tourcruiser.com\/de\/#organization","name":"STYLORAL PTE. LTD","url":"https:\/\/tourcruiser.com\/de\/","logo":{"@type":"ImageObject","inLanguage":"de","@id":"https:\/\/tourcruiser.com\/de\/#\/schema\/logo\/image\/","url":"https:\/\/www.tourcruiser.com\/wp-content\/uploads\/2025\/12\/logo.png","contentUrl":"https:\/\/www.tourcruiser.com\/wp-content\/uploads\/2025\/12\/logo.png","width":200,"height":65,"caption":"STYLORAL PTE. LTD"},"image":{"@id":"https:\/\/tourcruiser.com\/de\/#\/schema\/logo\/image\/"}}]}},"_links":{"self":[{"href":"https:\/\/tourcruiser.com\/de\/wp-json\/wp\/v2\/product\/16072","targetHints":{"allow":["GET"]}}],"collection":[{"href":"https:\/\/tourcruiser.com\/de\/wp-json\/wp\/v2\/product"}],"about":[{"href":"https:\/\/tourcruiser.com\/de\/wp-json\/wp\/v2\/types\/product"}],"replies":[{"embeddable":true,"href":"https:\/\/tourcruiser.com\/de\/wp-json\/wp\/v2\/comments?post=16072"}],"wp:featuredmedia":[{"embeddable":true,"href":"https:\/\/tourcruiser.com\/de\/wp-json\/wp\/v2\/media\/16073"}],"wp:attachment":[{"href":"https:\/\/tourcruiser.com\/de\/wp-json\/wp\/v2\/media?parent=16072"}],"wp:term":[{"taxonomy":"product_brand","embeddable":true,"href":"https:\/\/tourcruiser.com\/de\/wp-json\/wp\/v2\/product_brand?post=16072"},{"taxonomy":"product_cat","embeddable":true,"href":"https:\/\/tourcruiser.com\/de\/wp-json\/wp\/v2\/product_cat?post=16072"},{"taxonomy":"product_tag","embeddable":true,"href":"https:\/\/tourcruiser.com\/de\/wp-json\/wp\/v2\/product_tag?post=16072"}],"curies":[{"name":"wp","href":"https:\/\/api.w.org\/{rel}","templated":true}]}}