{"id":160685,"date":"2026-03-02T16:06:38","date_gmt":"2026-03-02T09:06:38","guid":{"rendered":"http:\/\/tourcruiser.com\/product\/women-adidas-court-platform-white"},"modified":"2026-03-28T01:30:12","modified_gmt":"2026-03-27T18:30:12","slug":"women-adidas-court-platform-white","status":"publish","type":"product","link":"https:\/\/tourcruiser.com\/de\/products\/women-adidas-court-platform-white\/","title":{"rendered":"(Women) adidas Court Platform &#8218;White&#8216;"},"content":{"rendered":"<p>Mit dem adidas Court Platform &#8218;White&#8216; GV9000 f\u00fcr Damen verleihst du deinem Sneaker-Style das gewisse Etwas. Diese stylischen Sneaker vereinen klassische Court-\u00c4sthetik mit modernem Flair. Das elegante Obermaterial aus wei\u00dfem Leder und die erh\u00f6hte Plateausohle sorgen f\u00fcr einen trendigen Look. Die charakteristischen drei Streifen von adidas in dezenten Farbt\u00f6nen verleihen dem Schuh einen Hauch von Raffinesse. Ob f\u00fcr entspannte Ausfl\u00fcge oder um ein modisches Statement zu setzen \u201d\u201c diese Sneaker garantieren Komfort und Style bei jedem Schritt. Mit dem adidas Court Platform &#8218;White&#8216; verleihst du deinem Look m\u00fchelos das gewisse Etwas.<\/p>\n<ul>\n<li><strong>Farbgebung:<\/strong> Cloud White\/Cloud White\/Core Black<\/li>\n<li><strong>Style-Code:<\/strong> GV9000<\/li>\n<li><strong>Farbe:<\/strong> Wei\u00df<\/li>\n<\/ul>\n","protected":false},"excerpt":{"rendered":"<p>adidas Court Platform \u201d\u201d Cloud White\/Cloud White\/Core Black<\/p>\n","protected":false},"featured_media":160686,"comment_status":"open","ping_status":"closed","template":"","meta":[],"product_brand":[],"product_cat":[10941],"product_tag":[10759,10813,10926,10754,10824,12785],"class_list":{"0":"post-160685","1":"product","2":"type-product","3":"status-publish","4":"has-post-thumbnail","6":"product_cat-adidas-women","7":"product_tag-adidas","8":"product_tag-court-classic-shoes","9":"product_tag-gift-for-her","10":"product_tag-lifestyle-casual-shoes","11":"product_tag-lifestyle-shoes-tennis-inspired","12":"product_tag-platform-shoes","13":"wcpa_has_options","15":"first","16":"outofstock","17":"taxable","18":"shipping-taxable","19":"purchasable","20":"product-type-simple"},"wcpa_form_fields":{"rules":{"pric_overide_base_price":false,"pric_overide_base_price_if_gt_zero":false,"pric_overide_base_price_fully":false,"pric_cal_option_once":false,"pric_use_as_fee":false,"bind_quantity":false,"quantity_bind_formula":false},"fields":[{"type":"color-group","required":true,"elementId":"wcpa-color-group-66c4a7f817afe","label":"Gr\u00f6\u00dfe","inline":true,"priceOptions":"different_for_all","pricingType":"fixed","className":"hassizechart product-shoes-size-eu product-shoes-size","name":"color-group-66c4a7f817b18","disp_type":"square","selection_type":"tick-border","disp_size":"50","show_label_inside":true,"adjust_width":true,"cart_display_type":"text","other_text":"Other","cl_rule":"show","col":6,"values":[{"label":"35","value":"EU 35","price":"","pimage":"","pimage_id":"","pthumb":"","color":""},{"label":"35.5","value":"EU 35.5","price":"","pimage":"","pimage_id":"","pthumb":"","color":""},{"label":"36","value":"EU 36","price":"","pimage":"","pimage_id":"","pthumb":"","color":"","selected":true},{"label":"36 2\/3","value":"EU 36 2\/3","price":"","pimage":"","pimage_id":"","pthumb":"","color":""},{"label":"37 1\/3","value":"EU 37 1\/3","price":"","pimage":"","pimage_id":"","pthumb":"","color":""},{"label":"38","value":"EU 38","price":"","pimage":"","pimage_id":"","pthumb":"","color":""},{"label":"38 2\/3","value":"EU 38 2\/3","price":"","pimage":"","pimage_id":"","pthumb":"","color":""},{"label":"39 1\/3","value":"EU 39 1\/3","price":"","pimage":"","pimage_id":"","pthumb":"","color":""},{"label":"40","value":"EU 40","price":"","pimage":"","pimage_id":"","pthumb":"","color":""},{"label":"40 2\/3","value":"EU 40 2\/3","price":"","pimage":"","pimage_id":"","pthumb":"","color":""},{"label":"41 1\/3","value":"EU 41 1\/3","price":"","pimage":"","pimage_id":"","pthumb":"","color":""},{"label":"42","value":"EU 42","price":"","pimage":"","pimage_id":"","pthumb":"","color":""},{"label":"42 2\/3","value":"EU 42 2\/3","price":"","pimage":"","pimage_id":"","pthumb":"","color":""},{"label":"43 1\/3","value":"EU 43 1\/3","price":"","pimage":"","pimage_id":"","pthumb":"","color":""},{"label":"44","value":"EU 44","price":"","pimage":"","pimage_id":"","pthumb":"","color":""},{"label":"44 2\/3","value":"EU 44 2\/3","price":"","pimage":"","pimage_id":"","pthumb":"","color":""},{"label":"45 1\/3","value":"EU 45 1\/3","price":"","pimage":"","pimage_id":"","pthumb":"","color":""},{"label":"46","value":"EU 46","price":"","pimage":"","pimage_id":"","pthumb":"","color":""},{"label":"46 2\/3","value":"EU 46 2\/3","price":"","pimage":"","pimage_id":"","pthumb":"","color":""},{"label":"47 1\/3","value":"EU 47 1\/3","price":"","pimage":"","pimage_id":"","pthumb":"","color":""}],"relations":[{"operator":false,"rules":[]}],"form_id":24802,"form_rules":{"pric_cal_option_once":false,"exclude_from_discount":false,"pric_use_as_fee":false,"fee_label":"Fee","render_after_acb":false,"disp_hide_options_price":false}}]},"yoast_head":"<!-- This site is optimized with the Yoast SEO plugin v26.5 - https:\/\/yoast.com\/wordpress\/plugins\/seo\/ -->\n<title>(Women) adidas Court Platform &#039;White&#039;  - Tourcruiser PTE. LTD<\/title>\n<meta name=\"robots\" content=\"index, follow, max-snippet:-1, max-image-preview:large, max-video-preview:-1\" \/>\n<link rel=\"canonical\" href=\"https:\/\/tourcruiser.com\/\" \/>\n<meta property=\"og:locale\" content=\"de_DE\" \/>\n<meta property=\"og:type\" content=\"article\" \/>\n<meta property=\"og:title\" content=\"(Women) adidas Court Platform &#039;White&#039;  - Tourcruiser PTE. LTD\" \/>\n<meta property=\"og:description\" content=\"adidas Court Platform \u201d\u201d Cloud White\/Cloud White\/Core Black\" \/>\n<meta property=\"og:url\" content=\"\/\" \/>\n<meta property=\"og:site_name\" content=\"Tourcruiser Sneaker Store\" \/>\n<meta property=\"article:modified_time\" content=\"2026-03-27T18:30:12+00:00\" \/>\n<meta name=\"twitter:card\" content=\"summary_large_image\" \/>\n<meta name=\"twitter:image\" content=\"https:\/\/images.novelship.com\/product\/_women__adidas_court_platform__white__gv9000_0_28777.jpeg;https:\/\/images.novelship.com\/product\/_women__adidas_court_platform__white__gv9000_1_28778.jpeg;https:\/\/images.novelship.com\/product\/_women__adidas_court_platform__white__gv9000_2_28778.jpeg;https:\/\/images.novelship.com\/product\/_women__adidas_court_platform__white__gv9000_3_28778.jpeg;https:\/\/images.novelship.com\/product\/_women__adidas_court_platform__white__gv9000_4_28778.jpeg;https:\/\/images.novelship.com\/product\/_women__adidas_court_platform__white__gv9000_5_28778.jpeg\" \/>\n<meta name=\"twitter:label1\" content=\"Gesch\u00e4tzte Lesezeit\" \/>\n\t<meta name=\"twitter:data1\" content=\"1\u00a0Minute\" \/>\n<script type=\"application\/ld+json\" class=\"yoast-schema-graph\">{\"@context\":\"https:\/\/schema.org\",\"@graph\":[{\"@type\":\"WebPage\",\"@id\":\"\/\",\"url\":\"https:\/\/tourcruiser.com\/\",\"name\":\"(Women) adidas Court Platform 'White' - Tourcruiser PTE. LTD\",\"isPartOf\":{\"@id\":\"\/#website\"},\"primaryImageOfPage\":{\"@id\":\"https:\/\/tourcruiser.com\/#primaryimage\"},\"image\":{\"@id\":\"https:\/\/tourcruiser.com\/#primaryimage\"},\"thumbnailUrl\":\"https:\/\/images.novelship.com\/product\/_women__adidas_court_platform__white__gv9000_0_28777.jpeg;https:\/\/images.novelship.com\/product\/_women__adidas_court_platform__white__gv9000_1_28778.jpeg;https:\/\/images.novelship.com\/product\/_women__adidas_court_platform__white__gv9000_2_28778.jpeg;https:\/\/images.novelship.com\/product\/_women__adidas_court_platform__white__gv9000_3_28778.jpeg;https:\/\/images.novelship.com\/product\/_women__adidas_court_platform__white__gv9000_4_28778.jpeg;https:\/\/images.novelship.com\/product\/_women__adidas_court_platform__white__gv9000_5_28778.jpeg\",\"datePublished\":\"2026-03-02T09:06:38+00:00\",\"dateModified\":\"2026-03-27T18:30:12+00:00\",\"breadcrumb\":{\"@id\":\"https:\/\/tourcruiser.com\/#breadcrumb\"},\"inLanguage\":\"de\",\"potentialAction\":[{\"@type\":\"ReadAction\",\"target\":[\"https:\/\/tourcruiser.com\/\"]}]},{\"@type\":\"ImageObject\",\"inLanguage\":\"de\",\"@id\":\"https:\/\/tourcruiser.com\/#primaryimage\",\"url\":\"https:\/\/images.novelship.com\/product\/_women__adidas_court_platform__white__gv9000_0_28777.jpeg;https:\/\/images.novelship.com\/product\/_women__adidas_court_platform__white__gv9000_1_28778.jpeg;https:\/\/images.novelship.com\/product\/_women__adidas_court_platform__white__gv9000_2_28778.jpeg;https:\/\/images.novelship.com\/product\/_women__adidas_court_platform__white__gv9000_3_28778.jpeg;https:\/\/images.novelship.com\/product\/_women__adidas_court_platform__white__gv9000_4_28778.jpeg;https:\/\/images.novelship.com\/product\/_women__adidas_court_platform__white__gv9000_5_28778.jpeg\",\"contentUrl\":\"https:\/\/images.novelship.com\/product\/_women__adidas_court_platform__white__gv9000_0_28777.jpeg;https:\/\/images.novelship.com\/product\/_women__adidas_court_platform__white__gv9000_1_28778.jpeg;https:\/\/images.novelship.com\/product\/_women__adidas_court_platform__white__gv9000_2_28778.jpeg;https:\/\/images.novelship.com\/product\/_women__adidas_court_platform__white__gv9000_3_28778.jpeg;https:\/\/images.novelship.com\/product\/_women__adidas_court_platform__white__gv9000_4_28778.jpeg;https:\/\/images.novelship.com\/product\/_women__adidas_court_platform__white__gv9000_5_28778.jpeg\"},{\"@type\":\"BreadcrumbList\",\"@id\":\"https:\/\/tourcruiser.com\/#breadcrumb\",\"itemListElement\":[{\"@type\":\"ListItem\",\"position\":1,\"name\":\"Home\",\"item\":\"https:\/\/tourcruiser.com\/de\/\"},{\"@type\":\"ListItem\",\"position\":2,\"name\":\"Shop\",\"item\":\"https:\/\/tourcruiser.com\/de\/shop\/\"},{\"@type\":\"ListItem\",\"position\":3,\"name\":\"(Women) adidas Court Platform &#8218;White&#8216;\"}]},{\"@type\":\"WebSite\",\"@id\":\"\/#website\",\"url\":\"\/\",\"name\":\"Styloral Jewelry Shop\",\"description\":\"Tourcruiser Sneaker Store \u2014 der Ort, an dem das Universum deine Einzigartigkeit trifft.\",\"publisher\":{\"@id\":\"\/#organization\"},\"potentialAction\":[{\"@type\":\"SearchAction\",\"target\":{\"@type\":\"EntryPoint\",\"urlTemplate\":\"\/?s={search_term_string}\"},\"query-input\":{\"@type\":\"PropertyValueSpecification\",\"valueRequired\":true,\"valueName\":\"search_term_string\"}}],\"inLanguage\":\"de\"},{\"@type\":\"Organization\",\"@id\":\"\/#organization\",\"name\":\"STYLORAL PTE. LTD\",\"url\":\"\/\",\"logo\":{\"@type\":\"ImageObject\",\"inLanguage\":\"de\",\"@id\":\"\/#\/schema\/logo\/image\/\",\"url\":\"https:\/\/www.tourcruiser.com\/wp-content\/uploads\/2025\/12\/logo.png\",\"contentUrl\":\"https:\/\/www.tourcruiser.com\/wp-content\/uploads\/2025\/12\/logo.png\",\"width\":200,\"height\":65,\"caption\":\"STYLORAL PTE. LTD\"},\"image\":{\"@id\":\"\/#\/schema\/logo\/image\/\"}}]}<\/script>\n<!-- \/ Yoast SEO plugin. -->","yoast_head_json":{"title":"(Women) adidas Court Platform 'White'  - Tourcruiser PTE. LTD","robots":{"index":"index","follow":"follow","max-snippet":"max-snippet:-1","max-image-preview":"max-image-preview:large","max-video-preview":"max-video-preview:-1"},"canonical":"https:\/\/tourcruiser.com\/","og_locale":"de_DE","og_type":"article","og_title":"(Women) adidas Court Platform 'White'  - Tourcruiser PTE. LTD","og_description":"adidas Court Platform \u201d\u201d Cloud White\/Cloud White\/Core Black","og_url":"\/","og_site_name":"Tourcruiser Sneaker Store","article_modified_time":"2026-03-27T18:30:12+00:00","twitter_card":"summary_large_image","twitter_image":"https:\/\/images.novelship.com\/product\/_women__adidas_court_platform__white__gv9000_0_28777.jpeg;https:\/\/images.novelship.com\/product\/_women__adidas_court_platform__white__gv9000_1_28778.jpeg;https:\/\/images.novelship.com\/product\/_women__adidas_court_platform__white__gv9000_2_28778.jpeg;https:\/\/images.novelship.com\/product\/_women__adidas_court_platform__white__gv9000_3_28778.jpeg;https:\/\/images.novelship.com\/product\/_women__adidas_court_platform__white__gv9000_4_28778.jpeg;https:\/\/images.novelship.com\/product\/_women__adidas_court_platform__white__gv9000_5_28778.jpeg","twitter_misc":{"Gesch\u00e4tzte Lesezeit":"1\u00a0Minute"},"schema":{"@context":"https:\/\/schema.org","@graph":[{"@type":"WebPage","@id":"\/","url":"https:\/\/tourcruiser.com\/","name":"(Women) adidas Court Platform 'White' - Tourcruiser PTE. LTD","isPartOf":{"@id":"\/#website"},"primaryImageOfPage":{"@id":"https:\/\/tourcruiser.com\/#primaryimage"},"image":{"@id":"https:\/\/tourcruiser.com\/#primaryimage"},"thumbnailUrl":"https:\/\/images.novelship.com\/product\/_women__adidas_court_platform__white__gv9000_0_28777.jpeg;https:\/\/images.novelship.com\/product\/_women__adidas_court_platform__white__gv9000_1_28778.jpeg;https:\/\/images.novelship.com\/product\/_women__adidas_court_platform__white__gv9000_2_28778.jpeg;https:\/\/images.novelship.com\/product\/_women__adidas_court_platform__white__gv9000_3_28778.jpeg;https:\/\/images.novelship.com\/product\/_women__adidas_court_platform__white__gv9000_4_28778.jpeg;https:\/\/images.novelship.com\/product\/_women__adidas_court_platform__white__gv9000_5_28778.jpeg","datePublished":"2026-03-02T09:06:38+00:00","dateModified":"2026-03-27T18:30:12+00:00","breadcrumb":{"@id":"https:\/\/tourcruiser.com\/#breadcrumb"},"inLanguage":"de","potentialAction":[{"@type":"ReadAction","target":["https:\/\/tourcruiser.com\/"]}]},{"@type":"ImageObject","inLanguage":"de","@id":"https:\/\/tourcruiser.com\/#primaryimage","url":"https:\/\/images.novelship.com\/product\/_women__adidas_court_platform__white__gv9000_0_28777.jpeg;https:\/\/images.novelship.com\/product\/_women__adidas_court_platform__white__gv9000_1_28778.jpeg;https:\/\/images.novelship.com\/product\/_women__adidas_court_platform__white__gv9000_2_28778.jpeg;https:\/\/images.novelship.com\/product\/_women__adidas_court_platform__white__gv9000_3_28778.jpeg;https:\/\/images.novelship.com\/product\/_women__adidas_court_platform__white__gv9000_4_28778.jpeg;https:\/\/images.novelship.com\/product\/_women__adidas_court_platform__white__gv9000_5_28778.jpeg","contentUrl":"https:\/\/images.novelship.com\/product\/_women__adidas_court_platform__white__gv9000_0_28777.jpeg;https:\/\/images.novelship.com\/product\/_women__adidas_court_platform__white__gv9000_1_28778.jpeg;https:\/\/images.novelship.com\/product\/_women__adidas_court_platform__white__gv9000_2_28778.jpeg;https:\/\/images.novelship.com\/product\/_women__adidas_court_platform__white__gv9000_3_28778.jpeg;https:\/\/images.novelship.com\/product\/_women__adidas_court_platform__white__gv9000_4_28778.jpeg;https:\/\/images.novelship.com\/product\/_women__adidas_court_platform__white__gv9000_5_28778.jpeg"},{"@type":"BreadcrumbList","@id":"https:\/\/tourcruiser.com\/#breadcrumb","itemListElement":[{"@type":"ListItem","position":1,"name":"Home","item":"https:\/\/tourcruiser.com\/de\/"},{"@type":"ListItem","position":2,"name":"Shop","item":"https:\/\/tourcruiser.com\/de\/shop\/"},{"@type":"ListItem","position":3,"name":"(Women) adidas Court Platform &#8218;White&#8216;"}]},{"@type":"WebSite","@id":"\/#website","url":"\/","name":"Styloral Jewelry Shop","description":"Tourcruiser Sneaker Store \u2014 der Ort, an dem das Universum deine Einzigartigkeit trifft.","publisher":{"@id":"\/#organization"},"potentialAction":[{"@type":"SearchAction","target":{"@type":"EntryPoint","urlTemplate":"\/?s={search_term_string}"},"query-input":{"@type":"PropertyValueSpecification","valueRequired":true,"valueName":"search_term_string"}}],"inLanguage":"de"},{"@type":"Organization","@id":"\/#organization","name":"STYLORAL PTE. LTD","url":"\/","logo":{"@type":"ImageObject","inLanguage":"de","@id":"\/#\/schema\/logo\/image\/","url":"https:\/\/www.tourcruiser.com\/wp-content\/uploads\/2025\/12\/logo.png","contentUrl":"https:\/\/www.tourcruiser.com\/wp-content\/uploads\/2025\/12\/logo.png","width":200,"height":65,"caption":"STYLORAL PTE. LTD"},"image":{"@id":"\/#\/schema\/logo\/image\/"}}]}},"_links":{"self":[{"href":"https:\/\/tourcruiser.com\/de\/wp-json\/wp\/v2\/product\/160685","targetHints":{"allow":["GET"]}}],"collection":[{"href":"https:\/\/tourcruiser.com\/de\/wp-json\/wp\/v2\/product"}],"about":[{"href":"https:\/\/tourcruiser.com\/de\/wp-json\/wp\/v2\/types\/product"}],"replies":[{"embeddable":true,"href":"https:\/\/tourcruiser.com\/de\/wp-json\/wp\/v2\/comments?post=160685"}],"wp:featuredmedia":[{"embeddable":true,"href":"https:\/\/tourcruiser.com\/de\/wp-json\/wp\/v2\/media\/160686"}],"wp:attachment":[{"href":"https:\/\/tourcruiser.com\/de\/wp-json\/wp\/v2\/media?parent=160685"}],"wp:term":[{"taxonomy":"product_brand","embeddable":true,"href":"https:\/\/tourcruiser.com\/de\/wp-json\/wp\/v2\/product_brand?post=160685"},{"taxonomy":"product_cat","embeddable":true,"href":"https:\/\/tourcruiser.com\/de\/wp-json\/wp\/v2\/product_cat?post=160685"},{"taxonomy":"product_tag","embeddable":true,"href":"https:\/\/tourcruiser.com\/de\/wp-json\/wp\/v2\/product_tag?post=160685"}],"curies":[{"name":"wp","href":"https:\/\/api.w.org\/{rel}","templated":true}]}}