{"id":160427,"date":"2026-03-02T16:06:17","date_gmt":"2026-03-02T09:06:17","guid":{"rendered":"http:\/\/tourcruiser.com\/product\/adidas-samba-xlg-putty-grey-collegiate-green"},"modified":"2026-03-28T01:29:54","modified_gmt":"2026-03-27T18:29:54","slug":"adidas-samba-xlg-putty-grey-collegiate-green","status":"publish","type":"product","link":"https:\/\/tourcruiser.com\/de\/products\/adidas-samba-xlg-putty-grey-collegiate-green\/","title":{"rendered":"adidas Samba XLG &#8218;Putty Grey Collegiate Green&#8216;"},"content":{"rendered":"<p>Mit dem adidas Samba XLG &#8218;Putty Grey Collegiate Green&#8216; JI3197, einer k\u00fchnen Neuinterpretation des legend\u00e4ren Samba, die zeitloses Erbe mit moderner Eleganz vereint, verleihst du deinem Sneaker-Style das gewisse Etwas.<\/p>\n<p>Das aktualisierte Modell besticht durch ein hochwertiges Obermaterial aus kittgrauem Leder, das perfekt durch Akzente in Collegiate Green erg\u00e4nzt wird. So entsteht ein frischer und dennoch dezenter Look, der sich m\u00fchelos mit jedem Style kombinieren l\u00e4sst. Die schlanke Silhouette beh\u00e4lt ihr urspr\u00fcngliches, vom Fu\u00dfball inspiriertes Design bei und verf\u00fcgt \u00fcber eine Oversize-Zwischensohle f\u00fcr einen modernen Twist, der sowohl Komfort als auch Streetstyle-Appeal verbessert.<\/p>\n<p>Die strapazierf\u00e4hige Gummiau\u00dfensohle sorgt f\u00fcr hervorragende Traktion und Stabilit\u00e4t und macht den Schuh so funktional wie modisch f\u00fcr den Alltag. Dezente Branding-Details und sorgf\u00e4ltig verarbeitete N\u00e4hte unterstreichen die f\u00fcr adidas typische Liebe zum Detail und die hohe Verarbeitungsqualit\u00e4t.<\/p>\n<p>Ob f\u00fcrs Fitnessstudio, einen entspannten Tag oder um ein modisches Statement zu setzen \u201d\u201c der Samba XLG vereint Vielseitigkeit mit trendiger \u00c4sthetik. Dieser Sneaker wurde f\u00fcr eine globale Generation entworfen und ist die ideale Wahl f\u00fcr alle, die klassische Sportswear mit urbaner Innovation verbinden m\u00f6chten.<\/p>\n<p>Tauche ein in die Welt von adidas mit dem Samba XLG \u201ePutty Grey Collegiate Green\u201c, wo unverwechselbarer Stil auf un\u00fcbertroffene Performance trifft und deine Sneaker-Sammlung neu definiert.<\/p>\n<p>Farbgebung: Putty Grey\/Collegiate Green\/Gum<\/p>\n<p>Style-Code: JI3197<\/p>\n<p>Obermaterial: Wildleder<\/p>\n<p>Farbe: Grau<\/p>\n<p>Erscheinungsjahr: 2024<\/p>\n","protected":false},"excerpt":{"rendered":"<p>adidas Samba XLG \u201d\u201d Putty Grey\/Collegiate Green\/Gum<\/p>\n","protected":false},"featured_media":160428,"comment_status":"open","ping_status":"closed","template":"","meta":[],"product_brand":[],"product_cat":[10760],"product_tag":[10759,10750,10754,10755,10756,10758],"class_list":{"0":"post-160427","1":"product","2":"type-product","3":"status-publish","4":"has-post-thumbnail","6":"product_cat-adidas","7":"product_tag-adidas","8":"product_tag-athleisure-shoes","9":"product_tag-lifestyle-casual-shoes","10":"product_tag-lifestyle-shoes-soccer-inspired","11":"product_tag-retro-casual-shoes","12":"product_tag-under-retail","13":"wcpa_has_options","15":"first","16":"outofstock","17":"taxable","18":"shipping-taxable","19":"purchasable","20":"product-type-simple"},"wcpa_form_fields":{"rules":{"pric_overide_base_price":false,"pric_overide_base_price_if_gt_zero":false,"pric_overide_base_price_fully":false,"pric_cal_option_once":false,"pric_use_as_fee":false,"bind_quantity":false,"quantity_bind_formula":false},"fields":[{"type":"color-group","required":true,"elementId":"wcpa-color-group-66c4a7f817afe","label":"Gr\u00f6\u00dfe","inline":true,"priceOptions":"different_for_all","pricingType":"fixed","className":"hassizechart product-shoes-size-eu product-shoes-size","name":"color-group-66c4a7f817b18","disp_type":"square","selection_type":"tick-border","disp_size":"50","show_label_inside":true,"adjust_width":true,"cart_display_type":"text","other_text":"Other","cl_rule":"show","col":6,"values":[{"label":"35","value":"EU 35","price":"","pimage":"","pimage_id":"","pthumb":"","color":""},{"label":"35.5","value":"EU 35.5","price":"","pimage":"","pimage_id":"","pthumb":"","color":""},{"label":"36","value":"EU 36","price":"","pimage":"","pimage_id":"","pthumb":"","color":"","selected":true},{"label":"36 2\/3","value":"EU 36 2\/3","price":"","pimage":"","pimage_id":"","pthumb":"","color":""},{"label":"37 1\/3","value":"EU 37 1\/3","price":"","pimage":"","pimage_id":"","pthumb":"","color":""},{"label":"38","value":"EU 38","price":"","pimage":"","pimage_id":"","pthumb":"","color":""},{"label":"38 2\/3","value":"EU 38 2\/3","price":"","pimage":"","pimage_id":"","pthumb":"","color":""},{"label":"39 1\/3","value":"EU 39 1\/3","price":"","pimage":"","pimage_id":"","pthumb":"","color":""},{"label":"40","value":"EU 40","price":"","pimage":"","pimage_id":"","pthumb":"","color":""},{"label":"40 2\/3","value":"EU 40 2\/3","price":"","pimage":"","pimage_id":"","pthumb":"","color":""},{"label":"41 1\/3","value":"EU 41 1\/3","price":"","pimage":"","pimage_id":"","pthumb":"","color":""},{"label":"42","value":"EU 42","price":"","pimage":"","pimage_id":"","pthumb":"","color":""},{"label":"42 2\/3","value":"EU 42 2\/3","price":"","pimage":"","pimage_id":"","pthumb":"","color":""},{"label":"43 1\/3","value":"EU 43 1\/3","price":"","pimage":"","pimage_id":"","pthumb":"","color":""},{"label":"44","value":"EU 44","price":"","pimage":"","pimage_id":"","pthumb":"","color":""},{"label":"44 2\/3","value":"EU 44 2\/3","price":"","pimage":"","pimage_id":"","pthumb":"","color":""},{"label":"45 1\/3","value":"EU 45 1\/3","price":"","pimage":"","pimage_id":"","pthumb":"","color":""},{"label":"46","value":"EU 46","price":"","pimage":"","pimage_id":"","pthumb":"","color":""},{"label":"46 2\/3","value":"EU 46 2\/3","price":"","pimage":"","pimage_id":"","pthumb":"","color":""},{"label":"47 1\/3","value":"EU 47 1\/3","price":"","pimage":"","pimage_id":"","pthumb":"","color":""}],"relations":[{"operator":false,"rules":[]}],"form_id":24802,"form_rules":{"pric_cal_option_once":false,"exclude_from_discount":false,"pric_use_as_fee":false,"fee_label":"Fee","render_after_acb":false,"disp_hide_options_price":false}}]},"yoast_head":"<!-- This site is optimized with the Yoast SEO plugin v26.5 - https:\/\/yoast.com\/wordpress\/plugins\/seo\/ -->\n<title>adidas Samba XLG &#039;Putty Grey Collegiate Green&#039;  - Tourcruiser PTE. LTD<\/title>\n<meta name=\"robots\" content=\"index, follow, max-snippet:-1, max-image-preview:large, max-video-preview:-1\" \/>\n<link rel=\"canonical\" href=\"https:\/\/tourcruiser.com\/de\/products\/adidas-samba-xlg-putty-grey-collegiate-green\/\" \/>\n<meta property=\"og:locale\" content=\"de_DE\" \/>\n<meta property=\"og:type\" content=\"article\" \/>\n<meta property=\"og:title\" content=\"adidas Samba XLG &#039;Putty Grey Collegiate Green&#039;  - Tourcruiser PTE. LTD\" \/>\n<meta property=\"og:description\" content=\"adidas Samba XLG \u201d\u201d Putty Grey\/Collegiate Green\/Gum\" \/>\n<meta property=\"og:url\" content=\"https:\/\/tourcruiser.com\/de\/products\/adidas-samba-xlg-putty-grey-collegiate-green\/\" \/>\n<meta property=\"og:site_name\" content=\"Tourcruiser Sneaker Store\" \/>\n<meta property=\"article:modified_time\" content=\"2026-03-27T18:29:54+00:00\" \/>\n<meta name=\"twitter:card\" content=\"summary_large_image\" \/>\n<meta name=\"twitter:image\" content=\"https:\/\/images.novelship.com\/product\/adidas_samba_xlg__putty_grey_collegiate_green__ji3_0_18865.jpeg;https:\/\/images.novelship.com\/product\/adidas_samba_xlg__putty_grey_collegiate_green__ji3_1_18865.jpeg;https:\/\/images.novelship.com\/product\/adidas_samba_xlg__putty_grey_collegiate_green__ji3_2_18865.jpeg;https:\/\/images.novelship.com\/product\/adidas_samba_xlg__putty_grey_collegiate_green__ji3_3_18865.jpeg;https:\/\/images.novelship.com\/product\/adidas_samba_xlg__putty_grey_collegiate_green__ji3_4_18865.jpeg;https:\/\/images.novelship.com\/product\/adidas_samba_xlg__putty_grey_collegiate_green__ji3_5_18865.jpeg;https:\/\/images.novelship.com\/product\/adidas_samba_xlg__putty_grey_collegiate_green__ji3_6_18865.jpeg;https:\/\/images.novelship.com\/product\/adidas_samba_xlg__putty_grey_collegiate_green__ji3_7_18865.jpeg\" \/>\n<meta name=\"twitter:label1\" content=\"Gesch\u00e4tzte Lesezeit\" \/>\n\t<meta name=\"twitter:data1\" content=\"1\u00a0Minute\" \/>\n<script type=\"application\/ld+json\" class=\"yoast-schema-graph\">{\"@context\":\"https:\/\/schema.org\",\"@graph\":[{\"@type\":\"WebPage\",\"@id\":\"https:\/\/tourcruiser.com\/de\/products\/adidas-samba-xlg-putty-grey-collegiate-green\/\",\"url\":\"https:\/\/tourcruiser.com\/de\/products\/adidas-samba-xlg-putty-grey-collegiate-green\/\",\"name\":\"adidas Samba XLG 'Putty Grey Collegiate Green' - Tourcruiser PTE. LTD\",\"isPartOf\":{\"@id\":\"https:\/\/tourcruiser.com\/de\/#website\"},\"primaryImageOfPage\":{\"@id\":\"https:\/\/tourcruiser.com\/de\/products\/adidas-samba-xlg-putty-grey-collegiate-green\/#primaryimage\"},\"image\":{\"@id\":\"https:\/\/tourcruiser.com\/de\/products\/adidas-samba-xlg-putty-grey-collegiate-green\/#primaryimage\"},\"thumbnailUrl\":\"https:\/\/images.novelship.com\/product\/adidas_samba_xlg__putty_grey_collegiate_green__ji3_0_18865.jpeg;https:\/\/images.novelship.com\/product\/adidas_samba_xlg__putty_grey_collegiate_green__ji3_1_18865.jpeg;https:\/\/images.novelship.com\/product\/adidas_samba_xlg__putty_grey_collegiate_green__ji3_2_18865.jpeg;https:\/\/images.novelship.com\/product\/adidas_samba_xlg__putty_grey_collegiate_green__ji3_3_18865.jpeg;https:\/\/images.novelship.com\/product\/adidas_samba_xlg__putty_grey_collegiate_green__ji3_4_18865.jpeg;https:\/\/images.novelship.com\/product\/adidas_samba_xlg__putty_grey_collegiate_green__ji3_5_18865.jpeg;https:\/\/images.novelship.com\/product\/adidas_samba_xlg__putty_grey_collegiate_green__ji3_6_18865.jpeg;https:\/\/images.novelship.com\/product\/adidas_samba_xlg__putty_grey_collegiate_green__ji3_7_18865.jpeg\",\"datePublished\":\"2026-03-02T09:06:17+00:00\",\"dateModified\":\"2026-03-27T18:29:54+00:00\",\"breadcrumb\":{\"@id\":\"https:\/\/tourcruiser.com\/de\/products\/adidas-samba-xlg-putty-grey-collegiate-green\/#breadcrumb\"},\"inLanguage\":\"de\",\"potentialAction\":[{\"@type\":\"ReadAction\",\"target\":[\"https:\/\/tourcruiser.com\/de\/products\/adidas-samba-xlg-putty-grey-collegiate-green\/\"]}]},{\"@type\":\"ImageObject\",\"inLanguage\":\"de\",\"@id\":\"https:\/\/tourcruiser.com\/de\/products\/adidas-samba-xlg-putty-grey-collegiate-green\/#primaryimage\",\"url\":\"https:\/\/images.novelship.com\/product\/adidas_samba_xlg__putty_grey_collegiate_green__ji3_0_18865.jpeg;https:\/\/images.novelship.com\/product\/adidas_samba_xlg__putty_grey_collegiate_green__ji3_1_18865.jpeg;https:\/\/images.novelship.com\/product\/adidas_samba_xlg__putty_grey_collegiate_green__ji3_2_18865.jpeg;https:\/\/images.novelship.com\/product\/adidas_samba_xlg__putty_grey_collegiate_green__ji3_3_18865.jpeg;https:\/\/images.novelship.com\/product\/adidas_samba_xlg__putty_grey_collegiate_green__ji3_4_18865.jpeg;https:\/\/images.novelship.com\/product\/adidas_samba_xlg__putty_grey_collegiate_green__ji3_5_18865.jpeg;https:\/\/images.novelship.com\/product\/adidas_samba_xlg__putty_grey_collegiate_green__ji3_6_18865.jpeg;https:\/\/images.novelship.com\/product\/adidas_samba_xlg__putty_grey_collegiate_green__ji3_7_18865.jpeg\",\"contentUrl\":\"https:\/\/images.novelship.com\/product\/adidas_samba_xlg__putty_grey_collegiate_green__ji3_0_18865.jpeg;https:\/\/images.novelship.com\/product\/adidas_samba_xlg__putty_grey_collegiate_green__ji3_1_18865.jpeg;https:\/\/images.novelship.com\/product\/adidas_samba_xlg__putty_grey_collegiate_green__ji3_2_18865.jpeg;https:\/\/images.novelship.com\/product\/adidas_samba_xlg__putty_grey_collegiate_green__ji3_3_18865.jpeg;https:\/\/images.novelship.com\/product\/adidas_samba_xlg__putty_grey_collegiate_green__ji3_4_18865.jpeg;https:\/\/images.novelship.com\/product\/adidas_samba_xlg__putty_grey_collegiate_green__ji3_5_18865.jpeg;https:\/\/images.novelship.com\/product\/adidas_samba_xlg__putty_grey_collegiate_green__ji3_6_18865.jpeg;https:\/\/images.novelship.com\/product\/adidas_samba_xlg__putty_grey_collegiate_green__ji3_7_18865.jpeg\"},{\"@type\":\"BreadcrumbList\",\"@id\":\"https:\/\/tourcruiser.com\/de\/products\/adidas-samba-xlg-putty-grey-collegiate-green\/#breadcrumb\",\"itemListElement\":[{\"@type\":\"ListItem\",\"position\":1,\"name\":\"Home\",\"item\":\"https:\/\/tourcruiser.com\/de\/\"},{\"@type\":\"ListItem\",\"position\":2,\"name\":\"Shop\",\"item\":\"https:\/\/tourcruiser.com\/de\/shop\/\"},{\"@type\":\"ListItem\",\"position\":3,\"name\":\"adidas Samba XLG 'Putty Grey Collegiate Green'\"}]},{\"@type\":\"WebSite\",\"@id\":\"https:\/\/tourcruiser.com\/de\/#website\",\"url\":\"https:\/\/tourcruiser.com\/de\/\",\"name\":\"Styloral Jewelry Shop\",\"description\":\"Tourcruiser Sneaker Store \u2014 der Ort, an dem das Universum deine Einzigartigkeit trifft.\",\"publisher\":{\"@id\":\"https:\/\/tourcruiser.com\/de\/#organization\"},\"potentialAction\":[{\"@type\":\"SearchAction\",\"target\":{\"@type\":\"EntryPoint\",\"urlTemplate\":\"https:\/\/tourcruiser.com\/de\/?s={search_term_string}\"},\"query-input\":{\"@type\":\"PropertyValueSpecification\",\"valueRequired\":true,\"valueName\":\"search_term_string\"}}],\"inLanguage\":\"de\"},{\"@type\":\"Organization\",\"@id\":\"https:\/\/tourcruiser.com\/de\/#organization\",\"name\":\"STYLORAL PTE. LTD\",\"url\":\"https:\/\/tourcruiser.com\/de\/\",\"logo\":{\"@type\":\"ImageObject\",\"inLanguage\":\"de\",\"@id\":\"https:\/\/tourcruiser.com\/de\/#\/schema\/logo\/image\/\",\"url\":\"https:\/\/www.tourcruiser.com\/wp-content\/uploads\/2025\/12\/logo.png\",\"contentUrl\":\"https:\/\/www.tourcruiser.com\/wp-content\/uploads\/2025\/12\/logo.png\",\"width\":200,\"height\":65,\"caption\":\"STYLORAL PTE. LTD\"},\"image\":{\"@id\":\"https:\/\/tourcruiser.com\/de\/#\/schema\/logo\/image\/\"}}]}<\/script>\n<!-- \/ Yoast SEO plugin. -->","yoast_head_json":{"title":"adidas Samba XLG 'Putty Grey Collegiate Green'  - Tourcruiser PTE. LTD","robots":{"index":"index","follow":"follow","max-snippet":"max-snippet:-1","max-image-preview":"max-image-preview:large","max-video-preview":"max-video-preview:-1"},"canonical":"https:\/\/tourcruiser.com\/de\/products\/adidas-samba-xlg-putty-grey-collegiate-green\/","og_locale":"de_DE","og_type":"article","og_title":"adidas Samba XLG 'Putty Grey Collegiate Green'  - Tourcruiser PTE. LTD","og_description":"adidas Samba XLG \u201d\u201d Putty Grey\/Collegiate Green\/Gum","og_url":"https:\/\/tourcruiser.com\/de\/products\/adidas-samba-xlg-putty-grey-collegiate-green\/","og_site_name":"Tourcruiser Sneaker Store","article_modified_time":"2026-03-27T18:29:54+00:00","twitter_card":"summary_large_image","twitter_image":"https:\/\/images.novelship.com\/product\/adidas_samba_xlg__putty_grey_collegiate_green__ji3_0_18865.jpeg;https:\/\/images.novelship.com\/product\/adidas_samba_xlg__putty_grey_collegiate_green__ji3_1_18865.jpeg;https:\/\/images.novelship.com\/product\/adidas_samba_xlg__putty_grey_collegiate_green__ji3_2_18865.jpeg;https:\/\/images.novelship.com\/product\/adidas_samba_xlg__putty_grey_collegiate_green__ji3_3_18865.jpeg;https:\/\/images.novelship.com\/product\/adidas_samba_xlg__putty_grey_collegiate_green__ji3_4_18865.jpeg;https:\/\/images.novelship.com\/product\/adidas_samba_xlg__putty_grey_collegiate_green__ji3_5_18865.jpeg;https:\/\/images.novelship.com\/product\/adidas_samba_xlg__putty_grey_collegiate_green__ji3_6_18865.jpeg;https:\/\/images.novelship.com\/product\/adidas_samba_xlg__putty_grey_collegiate_green__ji3_7_18865.jpeg","twitter_misc":{"Gesch\u00e4tzte Lesezeit":"1\u00a0Minute"},"schema":{"@context":"https:\/\/schema.org","@graph":[{"@type":"WebPage","@id":"https:\/\/tourcruiser.com\/de\/products\/adidas-samba-xlg-putty-grey-collegiate-green\/","url":"https:\/\/tourcruiser.com\/de\/products\/adidas-samba-xlg-putty-grey-collegiate-green\/","name":"adidas Samba XLG 'Putty Grey Collegiate Green' - Tourcruiser PTE. LTD","isPartOf":{"@id":"https:\/\/tourcruiser.com\/de\/#website"},"primaryImageOfPage":{"@id":"https:\/\/tourcruiser.com\/de\/products\/adidas-samba-xlg-putty-grey-collegiate-green\/#primaryimage"},"image":{"@id":"https:\/\/tourcruiser.com\/de\/products\/adidas-samba-xlg-putty-grey-collegiate-green\/#primaryimage"},"thumbnailUrl":"https:\/\/images.novelship.com\/product\/adidas_samba_xlg__putty_grey_collegiate_green__ji3_0_18865.jpeg;https:\/\/images.novelship.com\/product\/adidas_samba_xlg__putty_grey_collegiate_green__ji3_1_18865.jpeg;https:\/\/images.novelship.com\/product\/adidas_samba_xlg__putty_grey_collegiate_green__ji3_2_18865.jpeg;https:\/\/images.novelship.com\/product\/adidas_samba_xlg__putty_grey_collegiate_green__ji3_3_18865.jpeg;https:\/\/images.novelship.com\/product\/adidas_samba_xlg__putty_grey_collegiate_green__ji3_4_18865.jpeg;https:\/\/images.novelship.com\/product\/adidas_samba_xlg__putty_grey_collegiate_green__ji3_5_18865.jpeg;https:\/\/images.novelship.com\/product\/adidas_samba_xlg__putty_grey_collegiate_green__ji3_6_18865.jpeg;https:\/\/images.novelship.com\/product\/adidas_samba_xlg__putty_grey_collegiate_green__ji3_7_18865.jpeg","datePublished":"2026-03-02T09:06:17+00:00","dateModified":"2026-03-27T18:29:54+00:00","breadcrumb":{"@id":"https:\/\/tourcruiser.com\/de\/products\/adidas-samba-xlg-putty-grey-collegiate-green\/#breadcrumb"},"inLanguage":"de","potentialAction":[{"@type":"ReadAction","target":["https:\/\/tourcruiser.com\/de\/products\/adidas-samba-xlg-putty-grey-collegiate-green\/"]}]},{"@type":"ImageObject","inLanguage":"de","@id":"https:\/\/tourcruiser.com\/de\/products\/adidas-samba-xlg-putty-grey-collegiate-green\/#primaryimage","url":"https:\/\/images.novelship.com\/product\/adidas_samba_xlg__putty_grey_collegiate_green__ji3_0_18865.jpeg;https:\/\/images.novelship.com\/product\/adidas_samba_xlg__putty_grey_collegiate_green__ji3_1_18865.jpeg;https:\/\/images.novelship.com\/product\/adidas_samba_xlg__putty_grey_collegiate_green__ji3_2_18865.jpeg;https:\/\/images.novelship.com\/product\/adidas_samba_xlg__putty_grey_collegiate_green__ji3_3_18865.jpeg;https:\/\/images.novelship.com\/product\/adidas_samba_xlg__putty_grey_collegiate_green__ji3_4_18865.jpeg;https:\/\/images.novelship.com\/product\/adidas_samba_xlg__putty_grey_collegiate_green__ji3_5_18865.jpeg;https:\/\/images.novelship.com\/product\/adidas_samba_xlg__putty_grey_collegiate_green__ji3_6_18865.jpeg;https:\/\/images.novelship.com\/product\/adidas_samba_xlg__putty_grey_collegiate_green__ji3_7_18865.jpeg","contentUrl":"https:\/\/images.novelship.com\/product\/adidas_samba_xlg__putty_grey_collegiate_green__ji3_0_18865.jpeg;https:\/\/images.novelship.com\/product\/adidas_samba_xlg__putty_grey_collegiate_green__ji3_1_18865.jpeg;https:\/\/images.novelship.com\/product\/adidas_samba_xlg__putty_grey_collegiate_green__ji3_2_18865.jpeg;https:\/\/images.novelship.com\/product\/adidas_samba_xlg__putty_grey_collegiate_green__ji3_3_18865.jpeg;https:\/\/images.novelship.com\/product\/adidas_samba_xlg__putty_grey_collegiate_green__ji3_4_18865.jpeg;https:\/\/images.novelship.com\/product\/adidas_samba_xlg__putty_grey_collegiate_green__ji3_5_18865.jpeg;https:\/\/images.novelship.com\/product\/adidas_samba_xlg__putty_grey_collegiate_green__ji3_6_18865.jpeg;https:\/\/images.novelship.com\/product\/adidas_samba_xlg__putty_grey_collegiate_green__ji3_7_18865.jpeg"},{"@type":"BreadcrumbList","@id":"https:\/\/tourcruiser.com\/de\/products\/adidas-samba-xlg-putty-grey-collegiate-green\/#breadcrumb","itemListElement":[{"@type":"ListItem","position":1,"name":"Home","item":"https:\/\/tourcruiser.com\/de\/"},{"@type":"ListItem","position":2,"name":"Shop","item":"https:\/\/tourcruiser.com\/de\/shop\/"},{"@type":"ListItem","position":3,"name":"adidas Samba XLG 'Putty Grey Collegiate Green'"}]},{"@type":"WebSite","@id":"https:\/\/tourcruiser.com\/de\/#website","url":"https:\/\/tourcruiser.com\/de\/","name":"Styloral Jewelry Shop","description":"Tourcruiser Sneaker Store \u2014 der Ort, an dem das Universum deine Einzigartigkeit trifft.","publisher":{"@id":"https:\/\/tourcruiser.com\/de\/#organization"},"potentialAction":[{"@type":"SearchAction","target":{"@type":"EntryPoint","urlTemplate":"https:\/\/tourcruiser.com\/de\/?s={search_term_string}"},"query-input":{"@type":"PropertyValueSpecification","valueRequired":true,"valueName":"search_term_string"}}],"inLanguage":"de"},{"@type":"Organization","@id":"https:\/\/tourcruiser.com\/de\/#organization","name":"STYLORAL PTE. LTD","url":"https:\/\/tourcruiser.com\/de\/","logo":{"@type":"ImageObject","inLanguage":"de","@id":"https:\/\/tourcruiser.com\/de\/#\/schema\/logo\/image\/","url":"https:\/\/www.tourcruiser.com\/wp-content\/uploads\/2025\/12\/logo.png","contentUrl":"https:\/\/www.tourcruiser.com\/wp-content\/uploads\/2025\/12\/logo.png","width":200,"height":65,"caption":"STYLORAL PTE. LTD"},"image":{"@id":"https:\/\/tourcruiser.com\/de\/#\/schema\/logo\/image\/"}}]}},"_links":{"self":[{"href":"https:\/\/tourcruiser.com\/de\/wp-json\/wp\/v2\/product\/160427","targetHints":{"allow":["GET"]}}],"collection":[{"href":"https:\/\/tourcruiser.com\/de\/wp-json\/wp\/v2\/product"}],"about":[{"href":"https:\/\/tourcruiser.com\/de\/wp-json\/wp\/v2\/types\/product"}],"replies":[{"embeddable":true,"href":"https:\/\/tourcruiser.com\/de\/wp-json\/wp\/v2\/comments?post=160427"}],"wp:featuredmedia":[{"embeddable":true,"href":"https:\/\/tourcruiser.com\/de\/wp-json\/wp\/v2\/media\/160428"}],"wp:attachment":[{"href":"https:\/\/tourcruiser.com\/de\/wp-json\/wp\/v2\/media?parent=160427"}],"wp:term":[{"taxonomy":"product_brand","embeddable":true,"href":"https:\/\/tourcruiser.com\/de\/wp-json\/wp\/v2\/product_brand?post=160427"},{"taxonomy":"product_cat","embeddable":true,"href":"https:\/\/tourcruiser.com\/de\/wp-json\/wp\/v2\/product_cat?post=160427"},{"taxonomy":"product_tag","embeddable":true,"href":"https:\/\/tourcruiser.com\/de\/wp-json\/wp\/v2\/product_tag?post=160427"}],"curies":[{"name":"wp","href":"https:\/\/api.w.org\/{rel}","templated":true}]}}