{"id":160119,"date":"2026-03-02T16:05:50","date_gmt":"2026-03-02T09:05:50","guid":{"rendered":"http:\/\/tourcruiser.com\/product\/women-asics-magic-speed-celebration-of-sport-pack"},"modified":"2026-03-28T01:29:38","modified_gmt":"2026-03-27T18:29:38","slug":"women-asics-magic-speed-celebration-of-sport-pack","status":"publish","type":"product","link":"https:\/\/tourcruiser.com\/de\/products\/women-asics-magic-speed-celebration-of-sport-pack\/","title":{"rendered":"(Women) ASICS Magic Speed &#8218;Celebration Of Sport Pack&#8216;"},"content":{"rendered":"<p>Erlebe den Nervenkitzel der Jagd mit dem ASICS Magic Speed \u201d\u2039\u201d\u2039\u201eCelebration Of Sport Pack\u201c. Diese Laufschuhe sind mit einer dynamischen Pebax-Sohle und der GUIDESOLE-Technologie f\u00fcr einen unvergleichlichen Geschwindigkeitsschub ausgestattet. Das atmungsaktive Mesh-Obermaterial sorgt f\u00fcr optimale Bel\u00fcftung, w\u00e4hrend die griffige Au\u00dfensohle auf jedem Untergrund f\u00fcr Traktion sorgt. Egal, ob du ein erfahrener L\u00e4ufer bist oder gerade erst mit dem Fitnesstraining beginnst \u201d\u201c der Magic Speed \u201d\u2039\u201d\u2039bringt deine Leistung auf ein neues Level. Hol ihn dir noch heute und feiere den Spirit des Sports!<\/p>\n<ul>\n<li><strong>Farbgebung:<\/strong> Wei\u00df\/Thunder Blue<\/li>\n<li><strong>Artikelnummer:<\/strong> 1012B172-960<\/li>\n<li><strong>Obermaterial:<\/strong> Mesh<\/li>\n<li><strong>Zwischensohle:<\/strong> FF Blast<\/li>\n<li><strong>Farbe:<\/strong> Wei\u00df<\/li>\n<\/ul>\n","protected":false},"excerpt":{"rendered":"<p>ASICS Magic Speed \u201d\u201d White\/Thunder Blue<\/p>\n","protected":false},"featured_media":160120,"comment_status":"open","ping_status":"closed","template":"","meta":[],"product_brand":[],"product_cat":[11020],"product_tag":[10791,11032,11026,10926,10839,10802,10840,11054,10758],"class_list":{"0":"post-160119","1":"product","2":"type-product","3":"status-publish","4":"has-post-thumbnail","6":"product_cat-asics-women","7":"product_tag-asics","8":"product_tag-asics-running-shoes","9":"product_tag-carbon-plated-running-shoes","10":"product_tag-gift-for-her","11":"product_tag-performance-running-shoes","12":"product_tag-performance-sport-shoes","13":"product_tag-running-shoes","14":"product_tag-tempo-interval-running-shoes","15":"product_tag-under-retail","16":"wcpa_has_options","18":"first","19":"outofstock","20":"taxable","21":"shipping-taxable","22":"purchasable","23":"product-type-simple"},"wcpa_form_fields":{"rules":{"pric_overide_base_price":false,"pric_overide_base_price_if_gt_zero":false,"pric_overide_base_price_fully":false,"pric_cal_option_once":false,"pric_use_as_fee":false,"bind_quantity":false,"quantity_bind_formula":false},"fields":[{"type":"color-group","required":true,"elementId":"wcpa-color-group-69a5ac3f3e644","label":"Gr\u00f6\u00dfe","inline":true,"priceOptions":"different_for_all","pricingType":"fixed","className":"hassizechart product-shoes-size-eu product-shoes-size","name":"color-group-69a5ac3f3e64e","disp_type":"square","selection_type":"tick-border","disp_size":"50","show_label_inside":true,"adjust_width":true,"cart_display_type":"text","other_text":"Other","cl_rule":"show","col":6,"values":[{"label":"34.5","value":"EU 34.5","price":"","pimage":"","pimage_id":"","pthumb":"","color":""},{"label":"35","value":"EU 35","price":"","pimage":"","pimage_id":"","pthumb":"","color":""},{"label":"35.5","value":"EU 35.5","price":"","pimage":"","pimage_id":"","pthumb":"","color":""},{"label":"36","value":"EU 36","price":"","pimage":"","pimage_id":"","pthumb":"","color":"","selected":true},{"label":"37","value":"EU 37","price":"","pimage":"","pimage_id":"","pthumb":"","color":""},{"label":"37.5","value":"EU 37.5","price":"","pimage":"","pimage_id":"","pthumb":"","color":""},{"label":"38","value":"EU 38","price":"","pimage":"","pimage_id":"","pthumb":"","color":""},{"label":"38.5","value":"EU 38.5","price":"","pimage":"","pimage_id":"","pthumb":"","color":""},{"label":"39","value":"EU 39","price":"","pimage":"","pimage_id":"","pthumb":"","color":""},{"label":"39.5","value":"EU 39.5","price":"","pimage":"","pimage_id":"","pthumb":"","color":""},{"label":"40","value":"EU 40","price":"","pimage":"","pimage_id":"","pthumb":"","color":""},{"label":"40.5","value":"EU 40.5","price":"","pimage":"","pimage_id":"","pthumb":"","color":""},{"label":" 41.5","value":"EU 41.5","price":"","pimage":"","pimage_id":"","pthumb":"","color":""},{"label":"42","value":"EU 42","price":"","pimage":"","pimage_id":"","pthumb":"","color":""},{"label":"42.5","value":"EU 42.5","price":"","pimage":"","pimage_id":"","pthumb":"","color":""},{"label":"43.5","value":"EU 43.5","price":"","pimage":"","pimage_id":"","pthumb":"","color":""},{"label":"44","value":"EU 44","price":"","pimage":"","pimage_id":"","pthumb":"","color":""},{"label":"44.5","value":"EU 44.5","price":"","pimage":"","pimage_id":"","pthumb":"","color":""},{"label":"45","value":"EU 45","price":"","pimage":"","pimage_id":"","pthumb":"","color":""}],"relations":[{"operator":false,"rules":[]}],"form_id":184312,"form_rules":{"pric_cal_option_once":false,"exclude_from_discount":false,"pric_use_as_fee":false,"fee_label":"Fee","render_after_acb":false,"disp_hide_options_price":false}}]},"yoast_head":"<!-- This site is optimized with the Yoast SEO plugin v26.5 - https:\/\/yoast.com\/wordpress\/plugins\/seo\/ -->\n<title>(Women) ASICS Magic Speed &#039;Celebration Of Sport Pack&#039;  - Tourcruiser PTE. LTD<\/title>\n<meta name=\"robots\" content=\"index, follow, max-snippet:-1, max-image-preview:large, max-video-preview:-1\" \/>\n<link rel=\"canonical\" href=\"https:\/\/tourcruiser.com\/\" \/>\n<meta property=\"og:locale\" content=\"de_DE\" \/>\n<meta property=\"og:type\" content=\"article\" \/>\n<meta property=\"og:title\" content=\"(Women) ASICS Magic Speed &#039;Celebration Of Sport Pack&#039;  - Tourcruiser PTE. LTD\" \/>\n<meta property=\"og:description\" content=\"ASICS Magic Speed \u201d\u201d White\/Thunder Blue\" \/>\n<meta property=\"og:url\" content=\"\/\" \/>\n<meta property=\"og:site_name\" content=\"Tourcruiser Sneaker Store\" \/>\n<meta property=\"article:modified_time\" content=\"2026-03-27T18:29:38+00:00\" \/>\n<meta name=\"twitter:card\" content=\"summary_large_image\" \/>\n<meta name=\"twitter:image\" content=\"https:\/\/images.novelship.com\/product\/_women__asics_magic_speed__celebration_of_sport_pa_0_6036.jpeg;https:\/\/images.novelship.com\/product\/_women__asics_magic_speed__celebration_of_sport_pa_1_6036.jpeg;https:\/\/images.novelship.com\/product\/_women__asics_magic_speed__celebration_of_sport_pa_2_6036.jpeg;https:\/\/images.novelship.com\/product\/_women__asics_magic_speed__celebration_of_sport_pa_3_6036.jpeg;https:\/\/images.novelship.com\/product\/_women__asics_magic_speed__celebration_of_sport_pa_4_6036.jpeg;https:\/\/images.novelship.com\/product\/_women__asics_magic_speed__celebration_of_sport_pa_5_6036.jpeg\" \/>\n<meta name=\"twitter:label1\" content=\"Gesch\u00e4tzte Lesezeit\" \/>\n\t<meta name=\"twitter:data1\" content=\"1\u00a0Minute\" \/>\n<script type=\"application\/ld+json\" class=\"yoast-schema-graph\">{\"@context\":\"https:\/\/schema.org\",\"@graph\":[{\"@type\":\"WebPage\",\"@id\":\"\/\",\"url\":\"https:\/\/tourcruiser.com\/\",\"name\":\"(Women) ASICS Magic Speed 'Celebration Of Sport Pack' - Tourcruiser PTE. LTD\",\"isPartOf\":{\"@id\":\"https:\/\/tourcruiser.com\/de\/#website\"},\"primaryImageOfPage\":{\"@id\":\"https:\/\/tourcruiser.com\/#primaryimage\"},\"image\":{\"@id\":\"https:\/\/tourcruiser.com\/#primaryimage\"},\"thumbnailUrl\":\"https:\/\/images.novelship.com\/product\/_women__asics_magic_speed__celebration_of_sport_pa_0_6036.jpeg;https:\/\/images.novelship.com\/product\/_women__asics_magic_speed__celebration_of_sport_pa_1_6036.jpeg;https:\/\/images.novelship.com\/product\/_women__asics_magic_speed__celebration_of_sport_pa_2_6036.jpeg;https:\/\/images.novelship.com\/product\/_women__asics_magic_speed__celebration_of_sport_pa_3_6036.jpeg;https:\/\/images.novelship.com\/product\/_women__asics_magic_speed__celebration_of_sport_pa_4_6036.jpeg;https:\/\/images.novelship.com\/product\/_women__asics_magic_speed__celebration_of_sport_pa_5_6036.jpeg\",\"datePublished\":\"2026-03-02T09:05:50+00:00\",\"dateModified\":\"2026-03-27T18:29:38+00:00\",\"breadcrumb\":{\"@id\":\"https:\/\/tourcruiser.com\/#breadcrumb\"},\"inLanguage\":\"de\",\"potentialAction\":[{\"@type\":\"ReadAction\",\"target\":[\"https:\/\/tourcruiser.com\/\"]}]},{\"@type\":\"ImageObject\",\"inLanguage\":\"de\",\"@id\":\"https:\/\/tourcruiser.com\/#primaryimage\",\"url\":\"https:\/\/images.novelship.com\/product\/_women__asics_magic_speed__celebration_of_sport_pa_0_6036.jpeg;https:\/\/images.novelship.com\/product\/_women__asics_magic_speed__celebration_of_sport_pa_1_6036.jpeg;https:\/\/images.novelship.com\/product\/_women__asics_magic_speed__celebration_of_sport_pa_2_6036.jpeg;https:\/\/images.novelship.com\/product\/_women__asics_magic_speed__celebration_of_sport_pa_3_6036.jpeg;https:\/\/images.novelship.com\/product\/_women__asics_magic_speed__celebration_of_sport_pa_4_6036.jpeg;https:\/\/images.novelship.com\/product\/_women__asics_magic_speed__celebration_of_sport_pa_5_6036.jpeg\",\"contentUrl\":\"https:\/\/images.novelship.com\/product\/_women__asics_magic_speed__celebration_of_sport_pa_0_6036.jpeg;https:\/\/images.novelship.com\/product\/_women__asics_magic_speed__celebration_of_sport_pa_1_6036.jpeg;https:\/\/images.novelship.com\/product\/_women__asics_magic_speed__celebration_of_sport_pa_2_6036.jpeg;https:\/\/images.novelship.com\/product\/_women__asics_magic_speed__celebration_of_sport_pa_3_6036.jpeg;https:\/\/images.novelship.com\/product\/_women__asics_magic_speed__celebration_of_sport_pa_4_6036.jpeg;https:\/\/images.novelship.com\/product\/_women__asics_magic_speed__celebration_of_sport_pa_5_6036.jpeg\"},{\"@type\":\"BreadcrumbList\",\"@id\":\"https:\/\/tourcruiser.com\/#breadcrumb\",\"itemListElement\":[{\"@type\":\"ListItem\",\"position\":1,\"name\":\"Home\",\"item\":\"https:\/\/tourcruiser.com\/de\/\"},{\"@type\":\"ListItem\",\"position\":2,\"name\":\"Shop\",\"item\":\"https:\/\/tourcruiser.com\/de\/shop\/\"},{\"@type\":\"ListItem\",\"position\":3,\"name\":\"(Women) ASICS Magic Speed &#8218;Celebration Of Sport Pack&#8216;\"}]},{\"@type\":\"WebSite\",\"@id\":\"https:\/\/tourcruiser.com\/de\/#website\",\"url\":\"https:\/\/tourcruiser.com\/de\/\",\"name\":\"Styloral Jewelry Shop\",\"description\":\"Tourcruiser Sneaker Store \u2014 der Ort, an dem das Universum deine Einzigartigkeit trifft.\",\"publisher\":{\"@id\":\"https:\/\/tourcruiser.com\/de\/#organization\"},\"potentialAction\":[{\"@type\":\"SearchAction\",\"target\":{\"@type\":\"EntryPoint\",\"urlTemplate\":\"https:\/\/tourcruiser.com\/de\/?s={search_term_string}\"},\"query-input\":{\"@type\":\"PropertyValueSpecification\",\"valueRequired\":true,\"valueName\":\"search_term_string\"}}],\"inLanguage\":\"de\"},{\"@type\":\"Organization\",\"@id\":\"https:\/\/tourcruiser.com\/de\/#organization\",\"name\":\"STYLORAL PTE. LTD\",\"url\":\"https:\/\/tourcruiser.com\/de\/\",\"logo\":{\"@type\":\"ImageObject\",\"inLanguage\":\"de\",\"@id\":\"https:\/\/tourcruiser.com\/de\/#\/schema\/logo\/image\/\",\"url\":\"https:\/\/www.tourcruiser.com\/wp-content\/uploads\/2025\/12\/logo.png\",\"contentUrl\":\"https:\/\/www.tourcruiser.com\/wp-content\/uploads\/2025\/12\/logo.png\",\"width\":200,\"height\":65,\"caption\":\"STYLORAL PTE. LTD\"},\"image\":{\"@id\":\"https:\/\/tourcruiser.com\/de\/#\/schema\/logo\/image\/\"}}]}<\/script>\n<!-- \/ Yoast SEO plugin. -->","yoast_head_json":{"title":"(Women) ASICS Magic Speed 'Celebration Of Sport Pack'  - Tourcruiser PTE. LTD","robots":{"index":"index","follow":"follow","max-snippet":"max-snippet:-1","max-image-preview":"max-image-preview:large","max-video-preview":"max-video-preview:-1"},"canonical":"https:\/\/tourcruiser.com\/","og_locale":"de_DE","og_type":"article","og_title":"(Women) ASICS Magic Speed 'Celebration Of Sport Pack'  - Tourcruiser PTE. LTD","og_description":"ASICS Magic Speed \u201d\u201d White\/Thunder Blue","og_url":"\/","og_site_name":"Tourcruiser Sneaker Store","article_modified_time":"2026-03-27T18:29:38+00:00","twitter_card":"summary_large_image","twitter_image":"https:\/\/images.novelship.com\/product\/_women__asics_magic_speed__celebration_of_sport_pa_0_6036.jpeg;https:\/\/images.novelship.com\/product\/_women__asics_magic_speed__celebration_of_sport_pa_1_6036.jpeg;https:\/\/images.novelship.com\/product\/_women__asics_magic_speed__celebration_of_sport_pa_2_6036.jpeg;https:\/\/images.novelship.com\/product\/_women__asics_magic_speed__celebration_of_sport_pa_3_6036.jpeg;https:\/\/images.novelship.com\/product\/_women__asics_magic_speed__celebration_of_sport_pa_4_6036.jpeg;https:\/\/images.novelship.com\/product\/_women__asics_magic_speed__celebration_of_sport_pa_5_6036.jpeg","twitter_misc":{"Gesch\u00e4tzte Lesezeit":"1\u00a0Minute"},"schema":{"@context":"https:\/\/schema.org","@graph":[{"@type":"WebPage","@id":"\/","url":"https:\/\/tourcruiser.com\/","name":"(Women) ASICS Magic Speed 'Celebration Of Sport Pack' - Tourcruiser PTE. LTD","isPartOf":{"@id":"https:\/\/tourcruiser.com\/de\/#website"},"primaryImageOfPage":{"@id":"https:\/\/tourcruiser.com\/#primaryimage"},"image":{"@id":"https:\/\/tourcruiser.com\/#primaryimage"},"thumbnailUrl":"https:\/\/images.novelship.com\/product\/_women__asics_magic_speed__celebration_of_sport_pa_0_6036.jpeg;https:\/\/images.novelship.com\/product\/_women__asics_magic_speed__celebration_of_sport_pa_1_6036.jpeg;https:\/\/images.novelship.com\/product\/_women__asics_magic_speed__celebration_of_sport_pa_2_6036.jpeg;https:\/\/images.novelship.com\/product\/_women__asics_magic_speed__celebration_of_sport_pa_3_6036.jpeg;https:\/\/images.novelship.com\/product\/_women__asics_magic_speed__celebration_of_sport_pa_4_6036.jpeg;https:\/\/images.novelship.com\/product\/_women__asics_magic_speed__celebration_of_sport_pa_5_6036.jpeg","datePublished":"2026-03-02T09:05:50+00:00","dateModified":"2026-03-27T18:29:38+00:00","breadcrumb":{"@id":"https:\/\/tourcruiser.com\/#breadcrumb"},"inLanguage":"de","potentialAction":[{"@type":"ReadAction","target":["https:\/\/tourcruiser.com\/"]}]},{"@type":"ImageObject","inLanguage":"de","@id":"https:\/\/tourcruiser.com\/#primaryimage","url":"https:\/\/images.novelship.com\/product\/_women__asics_magic_speed__celebration_of_sport_pa_0_6036.jpeg;https:\/\/images.novelship.com\/product\/_women__asics_magic_speed__celebration_of_sport_pa_1_6036.jpeg;https:\/\/images.novelship.com\/product\/_women__asics_magic_speed__celebration_of_sport_pa_2_6036.jpeg;https:\/\/images.novelship.com\/product\/_women__asics_magic_speed__celebration_of_sport_pa_3_6036.jpeg;https:\/\/images.novelship.com\/product\/_women__asics_magic_speed__celebration_of_sport_pa_4_6036.jpeg;https:\/\/images.novelship.com\/product\/_women__asics_magic_speed__celebration_of_sport_pa_5_6036.jpeg","contentUrl":"https:\/\/images.novelship.com\/product\/_women__asics_magic_speed__celebration_of_sport_pa_0_6036.jpeg;https:\/\/images.novelship.com\/product\/_women__asics_magic_speed__celebration_of_sport_pa_1_6036.jpeg;https:\/\/images.novelship.com\/product\/_women__asics_magic_speed__celebration_of_sport_pa_2_6036.jpeg;https:\/\/images.novelship.com\/product\/_women__asics_magic_speed__celebration_of_sport_pa_3_6036.jpeg;https:\/\/images.novelship.com\/product\/_women__asics_magic_speed__celebration_of_sport_pa_4_6036.jpeg;https:\/\/images.novelship.com\/product\/_women__asics_magic_speed__celebration_of_sport_pa_5_6036.jpeg"},{"@type":"BreadcrumbList","@id":"https:\/\/tourcruiser.com\/#breadcrumb","itemListElement":[{"@type":"ListItem","position":1,"name":"Home","item":"https:\/\/tourcruiser.com\/de\/"},{"@type":"ListItem","position":2,"name":"Shop","item":"https:\/\/tourcruiser.com\/de\/shop\/"},{"@type":"ListItem","position":3,"name":"(Women) ASICS Magic Speed &#8218;Celebration Of Sport Pack&#8216;"}]},{"@type":"WebSite","@id":"https:\/\/tourcruiser.com\/de\/#website","url":"https:\/\/tourcruiser.com\/de\/","name":"Styloral Jewelry Shop","description":"Tourcruiser Sneaker Store \u2014 der Ort, an dem das Universum deine Einzigartigkeit trifft.","publisher":{"@id":"https:\/\/tourcruiser.com\/de\/#organization"},"potentialAction":[{"@type":"SearchAction","target":{"@type":"EntryPoint","urlTemplate":"https:\/\/tourcruiser.com\/de\/?s={search_term_string}"},"query-input":{"@type":"PropertyValueSpecification","valueRequired":true,"valueName":"search_term_string"}}],"inLanguage":"de"},{"@type":"Organization","@id":"https:\/\/tourcruiser.com\/de\/#organization","name":"STYLORAL PTE. LTD","url":"https:\/\/tourcruiser.com\/de\/","logo":{"@type":"ImageObject","inLanguage":"de","@id":"https:\/\/tourcruiser.com\/de\/#\/schema\/logo\/image\/","url":"https:\/\/www.tourcruiser.com\/wp-content\/uploads\/2025\/12\/logo.png","contentUrl":"https:\/\/www.tourcruiser.com\/wp-content\/uploads\/2025\/12\/logo.png","width":200,"height":65,"caption":"STYLORAL PTE. LTD"},"image":{"@id":"https:\/\/tourcruiser.com\/de\/#\/schema\/logo\/image\/"}}]}},"_links":{"self":[{"href":"https:\/\/tourcruiser.com\/de\/wp-json\/wp\/v2\/product\/160119","targetHints":{"allow":["GET"]}}],"collection":[{"href":"https:\/\/tourcruiser.com\/de\/wp-json\/wp\/v2\/product"}],"about":[{"href":"https:\/\/tourcruiser.com\/de\/wp-json\/wp\/v2\/types\/product"}],"replies":[{"embeddable":true,"href":"https:\/\/tourcruiser.com\/de\/wp-json\/wp\/v2\/comments?post=160119"}],"wp:featuredmedia":[{"embeddable":true,"href":"https:\/\/tourcruiser.com\/de\/wp-json\/wp\/v2\/media\/160120"}],"wp:attachment":[{"href":"https:\/\/tourcruiser.com\/de\/wp-json\/wp\/v2\/media?parent=160119"}],"wp:term":[{"taxonomy":"product_brand","embeddable":true,"href":"https:\/\/tourcruiser.com\/de\/wp-json\/wp\/v2\/product_brand?post=160119"},{"taxonomy":"product_cat","embeddable":true,"href":"https:\/\/tourcruiser.com\/de\/wp-json\/wp\/v2\/product_cat?post=160119"},{"taxonomy":"product_tag","embeddable":true,"href":"https:\/\/tourcruiser.com\/de\/wp-json\/wp\/v2\/product_tag?post=160119"}],"curies":[{"name":"wp","href":"https:\/\/api.w.org\/{rel}","templated":true}]}}