{"id":159582,"date":"2026-03-02T16:05:06","date_gmt":"2026-03-02T09:05:06","guid":{"rendered":"http:\/\/tourcruiser.com\/product\/adidas-ligra-8-indoor-white-black"},"modified":"2026-03-28T01:29:11","modified_gmt":"2026-03-27T18:29:11","slug":"adidas-ligra-8-indoor-white-black","status":"publish","type":"product","link":"https:\/\/tourcruiser.com\/de\/products\/adidas-ligra-8-indoor-white-black\/","title":{"rendered":"adidas Ligra 8 Indoor &#8218;White Black&#8216;"},"content":{"rendered":"<p>Der adidas Ligra 8 Indoor &#8218;White Black&#8216; JI1505 ist ein leistungsstarker Hallensportschuh f\u00fcr Athleten, die auf dem Spielfeld Agilit\u00e4t, Komfort und Strapazierf\u00e4higkeit ben\u00f6tigen. Das leichte und dennoch st\u00fctzende Mesh-Obermaterial sorgt f\u00fcr optimale Atmungsaktivit\u00e4t und h\u00e4lt deine F\u00fc\u00dfe auch bei intensiven Spielen angenehm k\u00fchl. Die EVA-Zwischensohle bietet reaktionsfreudige D\u00e4mpfung, w\u00e4hrend die Gummiau\u00dfensohle au\u00dfergew\u00f6hnlichen Grip und Stabilit\u00e4t auf Hallenb\u00f6den gew\u00e4hrleistet und so deine Pr\u00e4zision und dein Selbstvertrauen st\u00e4rkt. Die klassische Farbkombination aus Wei\u00df und Schwarz vereint moderne \u00c4sthetik mit zeitlosem Stil und macht den Schuh zu einer vielseitigen Wahl f\u00fcr Wettkampf und Freizeit. Der adidas Ligra 8 wurde f\u00fcr Badminton-, Volleyball- und Handballspieler entwickelt und unterst\u00fctzt schnelle Bewegungen und multidirektionales Spiel. Mit seiner perfekten Kombination aus Funktionalit\u00e4t und Stil ist dieser Schuh ein Must-have f\u00fcr ambitionierte Athleten.<\/p>\n<ul>\n<li><strong>Farbgebung:<\/strong> Cloud White\/Core Black\/Cloud White<\/li>\n<li><strong>Artikelnummer:<\/strong> JI1505<\/li>\n<li><strong>Obermaterial:<\/strong> Mesh<\/li>\n<li><strong>Farbe:<\/strong> Wei\u00df<\/li>\n<li><strong>Saison:<\/strong> Sommer<\/li>\n<li><strong>Erscheinungsjahr:<\/strong> 2025<\/li>\n<\/ul>\n","protected":false},"excerpt":{"rendered":"<p>adidas Ligra 8 Indoor \u201d\u201d Cloud White\/Core Black\/Cloud White<\/p>\n","protected":false},"featured_media":159583,"comment_status":"open","ping_status":"closed","template":"","meta":[],"product_brand":[],"product_cat":[10760],"product_tag":[10992],"class_list":{"0":"post-159582","1":"product","2":"type-product","3":"status-publish","4":"has-post-thumbnail","6":"product_cat-adidas","7":"product_tag-small-100-usd","8":"wcpa_has_options","10":"first","11":"outofstock","12":"taxable","13":"shipping-taxable","14":"purchasable","15":"product-type-simple"},"wcpa_form_fields":{"rules":{"pric_overide_base_price":false,"pric_overide_base_price_if_gt_zero":false,"pric_overide_base_price_fully":false,"pric_cal_option_once":false,"pric_use_as_fee":false,"bind_quantity":false,"quantity_bind_formula":false},"fields":[{"type":"color-group","required":true,"elementId":"wcpa-color-group-66c4a7f817afe","label":"Gr\u00f6\u00dfe","inline":true,"priceOptions":"different_for_all","pricingType":"fixed","className":"hassizechart product-shoes-size-eu product-shoes-size","name":"color-group-66c4a7f817b18","disp_type":"square","selection_type":"tick-border","disp_size":"50","show_label_inside":true,"adjust_width":true,"cart_display_type":"text","other_text":"Other","cl_rule":"show","col":6,"values":[{"label":"35","value":"EU 35","price":"","pimage":"","pimage_id":"","pthumb":"","color":""},{"label":"35.5","value":"EU 35.5","price":"","pimage":"","pimage_id":"","pthumb":"","color":""},{"label":"36","value":"EU 36","price":"","pimage":"","pimage_id":"","pthumb":"","color":"","selected":true},{"label":"36 2\/3","value":"EU 36 2\/3","price":"","pimage":"","pimage_id":"","pthumb":"","color":""},{"label":"37 1\/3","value":"EU 37 1\/3","price":"","pimage":"","pimage_id":"","pthumb":"","color":""},{"label":"38","value":"EU 38","price":"","pimage":"","pimage_id":"","pthumb":"","color":""},{"label":"38 2\/3","value":"EU 38 2\/3","price":"","pimage":"","pimage_id":"","pthumb":"","color":""},{"label":"39 1\/3","value":"EU 39 1\/3","price":"","pimage":"","pimage_id":"","pthumb":"","color":""},{"label":"40","value":"EU 40","price":"","pimage":"","pimage_id":"","pthumb":"","color":""},{"label":"40 2\/3","value":"EU 40 2\/3","price":"","pimage":"","pimage_id":"","pthumb":"","color":""},{"label":"41 1\/3","value":"EU 41 1\/3","price":"","pimage":"","pimage_id":"","pthumb":"","color":""},{"label":"42","value":"EU 42","price":"","pimage":"","pimage_id":"","pthumb":"","color":""},{"label":"42 2\/3","value":"EU 42 2\/3","price":"","pimage":"","pimage_id":"","pthumb":"","color":""},{"label":"43 1\/3","value":"EU 43 1\/3","price":"","pimage":"","pimage_id":"","pthumb":"","color":""},{"label":"44","value":"EU 44","price":"","pimage":"","pimage_id":"","pthumb":"","color":""},{"label":"44 2\/3","value":"EU 44 2\/3","price":"","pimage":"","pimage_id":"","pthumb":"","color":""},{"label":"45 1\/3","value":"EU 45 1\/3","price":"","pimage":"","pimage_id":"","pthumb":"","color":""},{"label":"46","value":"EU 46","price":"","pimage":"","pimage_id":"","pthumb":"","color":""},{"label":"46 2\/3","value":"EU 46 2\/3","price":"","pimage":"","pimage_id":"","pthumb":"","color":""},{"label":"47 1\/3","value":"EU 47 1\/3","price":"","pimage":"","pimage_id":"","pthumb":"","color":""}],"relations":[{"operator":false,"rules":[]}],"form_id":24802,"form_rules":{"pric_cal_option_once":false,"exclude_from_discount":false,"pric_use_as_fee":false,"fee_label":"Fee","render_after_acb":false,"disp_hide_options_price":false}}]},"yoast_head":"<!-- This site is optimized with the Yoast SEO plugin v26.5 - https:\/\/yoast.com\/wordpress\/plugins\/seo\/ -->\n<title>adidas Ligra 8 Indoor &#039;White Black&#039;  - Tourcruiser PTE. LTD<\/title>\n<meta name=\"robots\" content=\"index, follow, max-snippet:-1, max-image-preview:large, max-video-preview:-1\" \/>\n<link rel=\"canonical\" href=\"https:\/\/tourcruiser.com\/de\/products\/adidas-ligra-8-indoor-white-black\/\" \/>\n<meta property=\"og:locale\" content=\"de_DE\" \/>\n<meta property=\"og:type\" content=\"article\" \/>\n<meta property=\"og:title\" content=\"adidas Ligra 8 Indoor &#039;White Black&#039;  - Tourcruiser PTE. LTD\" \/>\n<meta property=\"og:description\" content=\"adidas Ligra 8 Indoor \u201d\u201d Cloud White\/Core Black\/Cloud White\" \/>\n<meta property=\"og:url\" content=\"https:\/\/tourcruiser.com\/de\/products\/adidas-ligra-8-indoor-white-black\/\" \/>\n<meta property=\"og:site_name\" content=\"Tourcruiser Sneaker Store\" \/>\n<meta property=\"article:modified_time\" content=\"2026-03-27T18:29:11+00:00\" \/>\n<meta name=\"twitter:card\" content=\"summary_large_image\" \/>\n<meta name=\"twitter:image\" content=\"https:\/\/images.novelship.com\/product\/adidas_ligra_8_indoor__white_black__ji1505_0_97013.jpeg;https:\/\/images.novelship.com\/product\/adidas_ligra_8_indoor__white_black__ji1505_1_97013.jpeg;https:\/\/images.novelship.com\/product\/adidas_ligra_8_indoor__white_black__ji1505_2_97013.jpeg;https:\/\/images.novelship.com\/product\/adidas_ligra_8_indoor__white_black__ji1505_3_97013.jpeg;https:\/\/images.novelship.com\/product\/adidas_ligra_8_indoor__white_black__ji1505_4_97014.jpeg;https:\/\/images.novelship.com\/product\/adidas_ligra_8_indoor__white_black__ji1505_5_97014.jpeg\" \/>\n<meta name=\"twitter:label1\" content=\"Gesch\u00e4tzte Lesezeit\" \/>\n\t<meta name=\"twitter:data1\" content=\"1\u00a0Minute\" \/>\n<script type=\"application\/ld+json\" class=\"yoast-schema-graph\">{\"@context\":\"https:\/\/schema.org\",\"@graph\":[{\"@type\":\"WebPage\",\"@id\":\"https:\/\/tourcruiser.com\/de\/products\/adidas-ligra-8-indoor-white-black\/\",\"url\":\"https:\/\/tourcruiser.com\/de\/products\/adidas-ligra-8-indoor-white-black\/\",\"name\":\"adidas Ligra 8 Indoor 'White Black' - Tourcruiser PTE. LTD\",\"isPartOf\":{\"@id\":\"https:\/\/tourcruiser.com\/de\/#website\"},\"primaryImageOfPage\":{\"@id\":\"https:\/\/tourcruiser.com\/de\/products\/adidas-ligra-8-indoor-white-black\/#primaryimage\"},\"image\":{\"@id\":\"https:\/\/tourcruiser.com\/de\/products\/adidas-ligra-8-indoor-white-black\/#primaryimage\"},\"thumbnailUrl\":\"https:\/\/images.novelship.com\/product\/adidas_ligra_8_indoor__white_black__ji1505_0_97013.jpeg;https:\/\/images.novelship.com\/product\/adidas_ligra_8_indoor__white_black__ji1505_1_97013.jpeg;https:\/\/images.novelship.com\/product\/adidas_ligra_8_indoor__white_black__ji1505_2_97013.jpeg;https:\/\/images.novelship.com\/product\/adidas_ligra_8_indoor__white_black__ji1505_3_97013.jpeg;https:\/\/images.novelship.com\/product\/adidas_ligra_8_indoor__white_black__ji1505_4_97014.jpeg;https:\/\/images.novelship.com\/product\/adidas_ligra_8_indoor__white_black__ji1505_5_97014.jpeg\",\"datePublished\":\"2026-03-02T09:05:06+00:00\",\"dateModified\":\"2026-03-27T18:29:11+00:00\",\"breadcrumb\":{\"@id\":\"https:\/\/tourcruiser.com\/de\/products\/adidas-ligra-8-indoor-white-black\/#breadcrumb\"},\"inLanguage\":\"de\",\"potentialAction\":[{\"@type\":\"ReadAction\",\"target\":[\"https:\/\/tourcruiser.com\/de\/products\/adidas-ligra-8-indoor-white-black\/\"]}]},{\"@type\":\"ImageObject\",\"inLanguage\":\"de\",\"@id\":\"https:\/\/tourcruiser.com\/de\/products\/adidas-ligra-8-indoor-white-black\/#primaryimage\",\"url\":\"https:\/\/images.novelship.com\/product\/adidas_ligra_8_indoor__white_black__ji1505_0_97013.jpeg;https:\/\/images.novelship.com\/product\/adidas_ligra_8_indoor__white_black__ji1505_1_97013.jpeg;https:\/\/images.novelship.com\/product\/adidas_ligra_8_indoor__white_black__ji1505_2_97013.jpeg;https:\/\/images.novelship.com\/product\/adidas_ligra_8_indoor__white_black__ji1505_3_97013.jpeg;https:\/\/images.novelship.com\/product\/adidas_ligra_8_indoor__white_black__ji1505_4_97014.jpeg;https:\/\/images.novelship.com\/product\/adidas_ligra_8_indoor__white_black__ji1505_5_97014.jpeg\",\"contentUrl\":\"https:\/\/images.novelship.com\/product\/adidas_ligra_8_indoor__white_black__ji1505_0_97013.jpeg;https:\/\/images.novelship.com\/product\/adidas_ligra_8_indoor__white_black__ji1505_1_97013.jpeg;https:\/\/images.novelship.com\/product\/adidas_ligra_8_indoor__white_black__ji1505_2_97013.jpeg;https:\/\/images.novelship.com\/product\/adidas_ligra_8_indoor__white_black__ji1505_3_97013.jpeg;https:\/\/images.novelship.com\/product\/adidas_ligra_8_indoor__white_black__ji1505_4_97014.jpeg;https:\/\/images.novelship.com\/product\/adidas_ligra_8_indoor__white_black__ji1505_5_97014.jpeg\"},{\"@type\":\"BreadcrumbList\",\"@id\":\"https:\/\/tourcruiser.com\/de\/products\/adidas-ligra-8-indoor-white-black\/#breadcrumb\",\"itemListElement\":[{\"@type\":\"ListItem\",\"position\":1,\"name\":\"Home\",\"item\":\"https:\/\/tourcruiser.com\/de\/\"},{\"@type\":\"ListItem\",\"position\":2,\"name\":\"Shop\",\"item\":\"https:\/\/tourcruiser.com\/de\/shop\/\"},{\"@type\":\"ListItem\",\"position\":3,\"name\":\"adidas Ligra 8 Indoor 'White Black'\"}]},{\"@type\":\"WebSite\",\"@id\":\"https:\/\/tourcruiser.com\/de\/#website\",\"url\":\"https:\/\/tourcruiser.com\/de\/\",\"name\":\"Styloral Jewelry Shop\",\"description\":\"Tourcruiser Sneaker Store \u2014 der Ort, an dem das Universum deine Einzigartigkeit trifft.\",\"publisher\":{\"@id\":\"https:\/\/tourcruiser.com\/de\/#organization\"},\"potentialAction\":[{\"@type\":\"SearchAction\",\"target\":{\"@type\":\"EntryPoint\",\"urlTemplate\":\"https:\/\/tourcruiser.com\/de\/?s={search_term_string}\"},\"query-input\":{\"@type\":\"PropertyValueSpecification\",\"valueRequired\":true,\"valueName\":\"search_term_string\"}}],\"inLanguage\":\"de\"},{\"@type\":\"Organization\",\"@id\":\"https:\/\/tourcruiser.com\/de\/#organization\",\"name\":\"STYLORAL PTE. LTD\",\"url\":\"https:\/\/tourcruiser.com\/de\/\",\"logo\":{\"@type\":\"ImageObject\",\"inLanguage\":\"de\",\"@id\":\"https:\/\/tourcruiser.com\/de\/#\/schema\/logo\/image\/\",\"url\":\"https:\/\/www.tourcruiser.com\/wp-content\/uploads\/2025\/12\/logo.png\",\"contentUrl\":\"https:\/\/www.tourcruiser.com\/wp-content\/uploads\/2025\/12\/logo.png\",\"width\":200,\"height\":65,\"caption\":\"STYLORAL PTE. LTD\"},\"image\":{\"@id\":\"https:\/\/tourcruiser.com\/de\/#\/schema\/logo\/image\/\"}}]}<\/script>\n<!-- \/ Yoast SEO plugin. -->","yoast_head_json":{"title":"adidas Ligra 8 Indoor 'White Black'  - Tourcruiser PTE. LTD","robots":{"index":"index","follow":"follow","max-snippet":"max-snippet:-1","max-image-preview":"max-image-preview:large","max-video-preview":"max-video-preview:-1"},"canonical":"https:\/\/tourcruiser.com\/de\/products\/adidas-ligra-8-indoor-white-black\/","og_locale":"de_DE","og_type":"article","og_title":"adidas Ligra 8 Indoor 'White Black'  - Tourcruiser PTE. LTD","og_description":"adidas Ligra 8 Indoor \u201d\u201d Cloud White\/Core Black\/Cloud White","og_url":"https:\/\/tourcruiser.com\/de\/products\/adidas-ligra-8-indoor-white-black\/","og_site_name":"Tourcruiser Sneaker Store","article_modified_time":"2026-03-27T18:29:11+00:00","twitter_card":"summary_large_image","twitter_image":"https:\/\/images.novelship.com\/product\/adidas_ligra_8_indoor__white_black__ji1505_0_97013.jpeg;https:\/\/images.novelship.com\/product\/adidas_ligra_8_indoor__white_black__ji1505_1_97013.jpeg;https:\/\/images.novelship.com\/product\/adidas_ligra_8_indoor__white_black__ji1505_2_97013.jpeg;https:\/\/images.novelship.com\/product\/adidas_ligra_8_indoor__white_black__ji1505_3_97013.jpeg;https:\/\/images.novelship.com\/product\/adidas_ligra_8_indoor__white_black__ji1505_4_97014.jpeg;https:\/\/images.novelship.com\/product\/adidas_ligra_8_indoor__white_black__ji1505_5_97014.jpeg","twitter_misc":{"Gesch\u00e4tzte Lesezeit":"1\u00a0Minute"},"schema":{"@context":"https:\/\/schema.org","@graph":[{"@type":"WebPage","@id":"https:\/\/tourcruiser.com\/de\/products\/adidas-ligra-8-indoor-white-black\/","url":"https:\/\/tourcruiser.com\/de\/products\/adidas-ligra-8-indoor-white-black\/","name":"adidas Ligra 8 Indoor 'White Black' - Tourcruiser PTE. LTD","isPartOf":{"@id":"https:\/\/tourcruiser.com\/de\/#website"},"primaryImageOfPage":{"@id":"https:\/\/tourcruiser.com\/de\/products\/adidas-ligra-8-indoor-white-black\/#primaryimage"},"image":{"@id":"https:\/\/tourcruiser.com\/de\/products\/adidas-ligra-8-indoor-white-black\/#primaryimage"},"thumbnailUrl":"https:\/\/images.novelship.com\/product\/adidas_ligra_8_indoor__white_black__ji1505_0_97013.jpeg;https:\/\/images.novelship.com\/product\/adidas_ligra_8_indoor__white_black__ji1505_1_97013.jpeg;https:\/\/images.novelship.com\/product\/adidas_ligra_8_indoor__white_black__ji1505_2_97013.jpeg;https:\/\/images.novelship.com\/product\/adidas_ligra_8_indoor__white_black__ji1505_3_97013.jpeg;https:\/\/images.novelship.com\/product\/adidas_ligra_8_indoor__white_black__ji1505_4_97014.jpeg;https:\/\/images.novelship.com\/product\/adidas_ligra_8_indoor__white_black__ji1505_5_97014.jpeg","datePublished":"2026-03-02T09:05:06+00:00","dateModified":"2026-03-27T18:29:11+00:00","breadcrumb":{"@id":"https:\/\/tourcruiser.com\/de\/products\/adidas-ligra-8-indoor-white-black\/#breadcrumb"},"inLanguage":"de","potentialAction":[{"@type":"ReadAction","target":["https:\/\/tourcruiser.com\/de\/products\/adidas-ligra-8-indoor-white-black\/"]}]},{"@type":"ImageObject","inLanguage":"de","@id":"https:\/\/tourcruiser.com\/de\/products\/adidas-ligra-8-indoor-white-black\/#primaryimage","url":"https:\/\/images.novelship.com\/product\/adidas_ligra_8_indoor__white_black__ji1505_0_97013.jpeg;https:\/\/images.novelship.com\/product\/adidas_ligra_8_indoor__white_black__ji1505_1_97013.jpeg;https:\/\/images.novelship.com\/product\/adidas_ligra_8_indoor__white_black__ji1505_2_97013.jpeg;https:\/\/images.novelship.com\/product\/adidas_ligra_8_indoor__white_black__ji1505_3_97013.jpeg;https:\/\/images.novelship.com\/product\/adidas_ligra_8_indoor__white_black__ji1505_4_97014.jpeg;https:\/\/images.novelship.com\/product\/adidas_ligra_8_indoor__white_black__ji1505_5_97014.jpeg","contentUrl":"https:\/\/images.novelship.com\/product\/adidas_ligra_8_indoor__white_black__ji1505_0_97013.jpeg;https:\/\/images.novelship.com\/product\/adidas_ligra_8_indoor__white_black__ji1505_1_97013.jpeg;https:\/\/images.novelship.com\/product\/adidas_ligra_8_indoor__white_black__ji1505_2_97013.jpeg;https:\/\/images.novelship.com\/product\/adidas_ligra_8_indoor__white_black__ji1505_3_97013.jpeg;https:\/\/images.novelship.com\/product\/adidas_ligra_8_indoor__white_black__ji1505_4_97014.jpeg;https:\/\/images.novelship.com\/product\/adidas_ligra_8_indoor__white_black__ji1505_5_97014.jpeg"},{"@type":"BreadcrumbList","@id":"https:\/\/tourcruiser.com\/de\/products\/adidas-ligra-8-indoor-white-black\/#breadcrumb","itemListElement":[{"@type":"ListItem","position":1,"name":"Home","item":"https:\/\/tourcruiser.com\/de\/"},{"@type":"ListItem","position":2,"name":"Shop","item":"https:\/\/tourcruiser.com\/de\/shop\/"},{"@type":"ListItem","position":3,"name":"adidas Ligra 8 Indoor 'White Black'"}]},{"@type":"WebSite","@id":"https:\/\/tourcruiser.com\/de\/#website","url":"https:\/\/tourcruiser.com\/de\/","name":"Styloral Jewelry Shop","description":"Tourcruiser Sneaker Store \u2014 der Ort, an dem das Universum deine Einzigartigkeit trifft.","publisher":{"@id":"https:\/\/tourcruiser.com\/de\/#organization"},"potentialAction":[{"@type":"SearchAction","target":{"@type":"EntryPoint","urlTemplate":"https:\/\/tourcruiser.com\/de\/?s={search_term_string}"},"query-input":{"@type":"PropertyValueSpecification","valueRequired":true,"valueName":"search_term_string"}}],"inLanguage":"de"},{"@type":"Organization","@id":"https:\/\/tourcruiser.com\/de\/#organization","name":"STYLORAL PTE. LTD","url":"https:\/\/tourcruiser.com\/de\/","logo":{"@type":"ImageObject","inLanguage":"de","@id":"https:\/\/tourcruiser.com\/de\/#\/schema\/logo\/image\/","url":"https:\/\/www.tourcruiser.com\/wp-content\/uploads\/2025\/12\/logo.png","contentUrl":"https:\/\/www.tourcruiser.com\/wp-content\/uploads\/2025\/12\/logo.png","width":200,"height":65,"caption":"STYLORAL PTE. LTD"},"image":{"@id":"https:\/\/tourcruiser.com\/de\/#\/schema\/logo\/image\/"}}]}},"_links":{"self":[{"href":"https:\/\/tourcruiser.com\/de\/wp-json\/wp\/v2\/product\/159582","targetHints":{"allow":["GET"]}}],"collection":[{"href":"https:\/\/tourcruiser.com\/de\/wp-json\/wp\/v2\/product"}],"about":[{"href":"https:\/\/tourcruiser.com\/de\/wp-json\/wp\/v2\/types\/product"}],"replies":[{"embeddable":true,"href":"https:\/\/tourcruiser.com\/de\/wp-json\/wp\/v2\/comments?post=159582"}],"wp:featuredmedia":[{"embeddable":true,"href":"https:\/\/tourcruiser.com\/de\/wp-json\/wp\/v2\/media\/159583"}],"wp:attachment":[{"href":"https:\/\/tourcruiser.com\/de\/wp-json\/wp\/v2\/media?parent=159582"}],"wp:term":[{"taxonomy":"product_brand","embeddable":true,"href":"https:\/\/tourcruiser.com\/de\/wp-json\/wp\/v2\/product_brand?post=159582"},{"taxonomy":"product_cat","embeddable":true,"href":"https:\/\/tourcruiser.com\/de\/wp-json\/wp\/v2\/product_cat?post=159582"},{"taxonomy":"product_tag","embeddable":true,"href":"https:\/\/tourcruiser.com\/de\/wp-json\/wp\/v2\/product_tag?post=159582"}],"curies":[{"name":"wp","href":"https:\/\/api.w.org\/{rel}","templated":true}]}}