{"id":159388,"date":"2026-03-02T16:04:49","date_gmt":"2026-03-02T09:04:49","guid":{"rendered":"http:\/\/tourcruiser.com\/product\/women-adidas-tokyo-semi-pink-spark-orange"},"modified":"2026-03-28T01:28:57","modified_gmt":"2026-03-27T18:28:57","slug":"women-adidas-tokyo-semi-pink-spark-orange","status":"publish","type":"product","link":"https:\/\/tourcruiser.com\/de\/products\/women-adidas-tokyo-semi-pink-spark-orange\/","title":{"rendered":"(Women) adidas Tokyo &#8218;Semi Pink Spark Orange&#8216;"},"content":{"rendered":"<p>Erleben Sie ultimativen Komfort und Style mit dem Nike Air Max Tokyo Edition JI3297, einem einzigartigen Sneaker, inspiriert von der pulsierenden Energie Tokios. Dank seines atmungsaktiven Obermaterials und der legend\u00e4ren Air Max-D\u00e4mpfung bietet dieser Schuh ganzt\u00e4gigen Tragekomfort und m\u00fchelose Performance. Die auff\u00e4llige Farbpalette und die raffinierten Designdetails sind eine Hommage an Tokios dynamische Kultur und vereinen moderne Innovation mit urbaner Eleganz. Ob f\u00fcr Stadterkundungen, Outdoor-Aktivit\u00e4ten oder entspannte Treffen \u201d\u201c diese Edition vereint Funktionalit\u00e4t und k\u00fcnstlerischen Ausdruck. Egal, ob Sie Sammler sind oder einfach nur bequeme und modische Sneaker suchen: Der Nike Air Max Tokyo Edition JI3297 bietet die perfekte Balance aus Innovation und Style und ist der ideale Begleiter f\u00fcr Ihren aktiven Lifestyle. Die limitierte Verf\u00fcgbarkeit unterstreicht seine Exklusivit\u00e4t und macht ihn zu einem Must-have f\u00fcr jede Sneaker-Sammlung.<\/p>\n<ul>\n<li><strong>Farbgebung:<\/strong> Halbrosa Glitzer\/Orange\/Gold Metallic<\/li>\n<li><strong>Style-Code:<\/strong> JI3297<\/li>\n<li><strong>Obermaterial:<\/strong> Nylon<\/li>\n<li><strong>Farbe:<\/strong> Rosa<\/li>\n<\/ul>\n","protected":false},"excerpt":{"rendered":"<p>adidas Air Max Tokyo Edition \u201d\u201d Semi Pink Spark\/Orange\/Gold Metallic<\/p>\n","protected":false},"featured_media":159389,"comment_status":"open","ping_status":"closed","template":"","meta":[],"product_brand":[],"product_cat":[10941],"product_tag":[10759,10847,10754,10765,10768,10785,10786,10758],"class_list":{"0":"post-159388","1":"product","2":"type-product","3":"status-publish","4":"has-post-thumbnail","6":"product_cat-adidas-women","7":"product_tag-adidas","8":"product_tag-best-finds-under-100","9":"product_tag-lifestyle-casual-shoes","10":"product_tag-lifestyle-shoes-running-inspired","11":"product_tag-retro-running-shoes","12":"product_tag-trending-deals","13":"product_tag-trending-deals-under-150","14":"product_tag-under-retail","15":"wcpa_has_options","17":"first","18":"outofstock","19":"taxable","20":"shipping-taxable","21":"purchasable","22":"product-type-simple"},"wcpa_form_fields":{"rules":{"pric_overide_base_price":false,"pric_overide_base_price_if_gt_zero":false,"pric_overide_base_price_fully":false,"pric_cal_option_once":false,"pric_use_as_fee":false,"bind_quantity":false,"quantity_bind_formula":false},"fields":[{"type":"color-group","required":true,"elementId":"wcpa-color-group-66c4a7f817afe","label":"Gr\u00f6\u00dfe","inline":true,"priceOptions":"different_for_all","pricingType":"fixed","className":"hassizechart product-shoes-size-eu product-shoes-size","name":"color-group-66c4a7f817b18","disp_type":"square","selection_type":"tick-border","disp_size":"50","show_label_inside":true,"adjust_width":true,"cart_display_type":"text","other_text":"Other","cl_rule":"show","col":6,"values":[{"label":"35","value":"EU 35","price":"","pimage":"","pimage_id":"","pthumb":"","color":""},{"label":"35.5","value":"EU 35.5","price":"","pimage":"","pimage_id":"","pthumb":"","color":""},{"label":"36","value":"EU 36","price":"","pimage":"","pimage_id":"","pthumb":"","color":"","selected":true},{"label":"36 2\/3","value":"EU 36 2\/3","price":"","pimage":"","pimage_id":"","pthumb":"","color":""},{"label":"37 1\/3","value":"EU 37 1\/3","price":"","pimage":"","pimage_id":"","pthumb":"","color":""},{"label":"38","value":"EU 38","price":"","pimage":"","pimage_id":"","pthumb":"","color":""},{"label":"38 2\/3","value":"EU 38 2\/3","price":"","pimage":"","pimage_id":"","pthumb":"","color":""},{"label":"39 1\/3","value":"EU 39 1\/3","price":"","pimage":"","pimage_id":"","pthumb":"","color":""},{"label":"40","value":"EU 40","price":"","pimage":"","pimage_id":"","pthumb":"","color":""},{"label":"40 2\/3","value":"EU 40 2\/3","price":"","pimage":"","pimage_id":"","pthumb":"","color":""},{"label":"41 1\/3","value":"EU 41 1\/3","price":"","pimage":"","pimage_id":"","pthumb":"","color":""},{"label":"42","value":"EU 42","price":"","pimage":"","pimage_id":"","pthumb":"","color":""},{"label":"42 2\/3","value":"EU 42 2\/3","price":"","pimage":"","pimage_id":"","pthumb":"","color":""},{"label":"43 1\/3","value":"EU 43 1\/3","price":"","pimage":"","pimage_id":"","pthumb":"","color":""},{"label":"44","value":"EU 44","price":"","pimage":"","pimage_id":"","pthumb":"","color":""},{"label":"44 2\/3","value":"EU 44 2\/3","price":"","pimage":"","pimage_id":"","pthumb":"","color":""},{"label":"45 1\/3","value":"EU 45 1\/3","price":"","pimage":"","pimage_id":"","pthumb":"","color":""},{"label":"46","value":"EU 46","price":"","pimage":"","pimage_id":"","pthumb":"","color":""},{"label":"46 2\/3","value":"EU 46 2\/3","price":"","pimage":"","pimage_id":"","pthumb":"","color":""},{"label":"47 1\/3","value":"EU 47 1\/3","price":"","pimage":"","pimage_id":"","pthumb":"","color":""}],"relations":[{"operator":false,"rules":[]}],"form_id":24802,"form_rules":{"pric_cal_option_once":false,"exclude_from_discount":false,"pric_use_as_fee":false,"fee_label":"Fee","render_after_acb":false,"disp_hide_options_price":false}}]},"yoast_head":"<!-- This site is optimized with the Yoast SEO plugin v26.5 - https:\/\/yoast.com\/wordpress\/plugins\/seo\/ -->\n<title>(Women) adidas Tokyo &#039;Semi Pink Spark Orange&#039;  - Tourcruiser PTE. LTD<\/title>\n<meta name=\"robots\" content=\"index, follow, max-snippet:-1, max-image-preview:large, max-video-preview:-1\" \/>\n<link rel=\"canonical\" href=\"https:\/\/tourcruiser.com\/de\/products\/women-adidas-tokyo-semi-pink-spark-orange\/\" \/>\n<meta property=\"og:locale\" content=\"de_DE\" \/>\n<meta property=\"og:type\" content=\"article\" \/>\n<meta property=\"og:title\" content=\"(Women) adidas Tokyo &#039;Semi Pink Spark Orange&#039;  - Tourcruiser PTE. LTD\" \/>\n<meta property=\"og:description\" content=\"adidas Air Max Tokyo Edition \u201d\u201d Semi Pink Spark\/Orange\/Gold Metallic\" \/>\n<meta property=\"og:url\" content=\"https:\/\/tourcruiser.com\/de\/products\/women-adidas-tokyo-semi-pink-spark-orange\/\" \/>\n<meta property=\"og:site_name\" content=\"Tourcruiser Sneaker Store\" \/>\n<meta property=\"article:modified_time\" content=\"2026-03-27T18:28:57+00:00\" \/>\n<meta name=\"twitter:card\" content=\"summary_large_image\" \/>\n<meta name=\"twitter:image\" content=\"https:\/\/images.novelship.com\/product\/_w__nike_air_max_tokyo_edition_ji3297_0_44433.jpeg;https:\/\/images.novelship.com\/product\/_w__nike_air_max_tokyo_edition_ji3297_1_44433.jpeg;https:\/\/images.novelship.com\/product\/_w__nike_air_max_tokyo_edition_ji3297_2_44433.jpeg;https:\/\/images.novelship.com\/product\/_w__nike_air_max_tokyo_edition_ji3297_3_44433.jpeg;https:\/\/images.novelship.com\/product\/_w__nike_air_max_tokyo_edition_ji3297_4_44433.jpeg;https:\/\/images.novelship.com\/product\/_w__nike_air_max_tokyo_edition_ji3297_5_44433.jpeg;https:\/\/images.novelship.com\/product\/_w__nike_air_max_tokyo_edition_ji3297_6_44433.jpeg;https:\/\/images.novelship.com\/product\/_w__nike_air_max_tokyo_edition_ji3297_7_44433.jpeg;https:\/\/images.novelship.com\/product\/_w__nike_air_max_tokyo_edition_ji3297_8_44433.jpeg\" \/>\n<meta name=\"twitter:label1\" content=\"Gesch\u00e4tzte Lesezeit\" \/>\n\t<meta name=\"twitter:data1\" content=\"1\u00a0Minute\" \/>\n<script type=\"application\/ld+json\" class=\"yoast-schema-graph\">{\"@context\":\"https:\/\/schema.org\",\"@graph\":[{\"@type\":\"WebPage\",\"@id\":\"https:\/\/tourcruiser.com\/de\/products\/women-adidas-tokyo-semi-pink-spark-orange\/\",\"url\":\"https:\/\/tourcruiser.com\/de\/products\/women-adidas-tokyo-semi-pink-spark-orange\/\",\"name\":\"(Women) adidas Tokyo 'Semi Pink Spark Orange' - Tourcruiser PTE. LTD\",\"isPartOf\":{\"@id\":\"https:\/\/tourcruiser.com\/de\/#website\"},\"primaryImageOfPage\":{\"@id\":\"https:\/\/tourcruiser.com\/de\/products\/women-adidas-tokyo-semi-pink-spark-orange\/#primaryimage\"},\"image\":{\"@id\":\"https:\/\/tourcruiser.com\/de\/products\/women-adidas-tokyo-semi-pink-spark-orange\/#primaryimage\"},\"thumbnailUrl\":\"https:\/\/images.novelship.com\/product\/_w__nike_air_max_tokyo_edition_ji3297_0_44433.jpeg;https:\/\/images.novelship.com\/product\/_w__nike_air_max_tokyo_edition_ji3297_1_44433.jpeg;https:\/\/images.novelship.com\/product\/_w__nike_air_max_tokyo_edition_ji3297_2_44433.jpeg;https:\/\/images.novelship.com\/product\/_w__nike_air_max_tokyo_edition_ji3297_3_44433.jpeg;https:\/\/images.novelship.com\/product\/_w__nike_air_max_tokyo_edition_ji3297_4_44433.jpeg;https:\/\/images.novelship.com\/product\/_w__nike_air_max_tokyo_edition_ji3297_5_44433.jpeg;https:\/\/images.novelship.com\/product\/_w__nike_air_max_tokyo_edition_ji3297_6_44433.jpeg;https:\/\/images.novelship.com\/product\/_w__nike_air_max_tokyo_edition_ji3297_7_44433.jpeg;https:\/\/images.novelship.com\/product\/_w__nike_air_max_tokyo_edition_ji3297_8_44433.jpeg\",\"datePublished\":\"2026-03-02T09:04:49+00:00\",\"dateModified\":\"2026-03-27T18:28:57+00:00\",\"breadcrumb\":{\"@id\":\"https:\/\/tourcruiser.com\/de\/products\/women-adidas-tokyo-semi-pink-spark-orange\/#breadcrumb\"},\"inLanguage\":\"de\",\"potentialAction\":[{\"@type\":\"ReadAction\",\"target\":[\"https:\/\/tourcruiser.com\/de\/products\/women-adidas-tokyo-semi-pink-spark-orange\/\"]}]},{\"@type\":\"ImageObject\",\"inLanguage\":\"de\",\"@id\":\"https:\/\/tourcruiser.com\/de\/products\/women-adidas-tokyo-semi-pink-spark-orange\/#primaryimage\",\"url\":\"https:\/\/images.novelship.com\/product\/_w__nike_air_max_tokyo_edition_ji3297_0_44433.jpeg;https:\/\/images.novelship.com\/product\/_w__nike_air_max_tokyo_edition_ji3297_1_44433.jpeg;https:\/\/images.novelship.com\/product\/_w__nike_air_max_tokyo_edition_ji3297_2_44433.jpeg;https:\/\/images.novelship.com\/product\/_w__nike_air_max_tokyo_edition_ji3297_3_44433.jpeg;https:\/\/images.novelship.com\/product\/_w__nike_air_max_tokyo_edition_ji3297_4_44433.jpeg;https:\/\/images.novelship.com\/product\/_w__nike_air_max_tokyo_edition_ji3297_5_44433.jpeg;https:\/\/images.novelship.com\/product\/_w__nike_air_max_tokyo_edition_ji3297_6_44433.jpeg;https:\/\/images.novelship.com\/product\/_w__nike_air_max_tokyo_edition_ji3297_7_44433.jpeg;https:\/\/images.novelship.com\/product\/_w__nike_air_max_tokyo_edition_ji3297_8_44433.jpeg\",\"contentUrl\":\"https:\/\/images.novelship.com\/product\/_w__nike_air_max_tokyo_edition_ji3297_0_44433.jpeg;https:\/\/images.novelship.com\/product\/_w__nike_air_max_tokyo_edition_ji3297_1_44433.jpeg;https:\/\/images.novelship.com\/product\/_w__nike_air_max_tokyo_edition_ji3297_2_44433.jpeg;https:\/\/images.novelship.com\/product\/_w__nike_air_max_tokyo_edition_ji3297_3_44433.jpeg;https:\/\/images.novelship.com\/product\/_w__nike_air_max_tokyo_edition_ji3297_4_44433.jpeg;https:\/\/images.novelship.com\/product\/_w__nike_air_max_tokyo_edition_ji3297_5_44433.jpeg;https:\/\/images.novelship.com\/product\/_w__nike_air_max_tokyo_edition_ji3297_6_44433.jpeg;https:\/\/images.novelship.com\/product\/_w__nike_air_max_tokyo_edition_ji3297_7_44433.jpeg;https:\/\/images.novelship.com\/product\/_w__nike_air_max_tokyo_edition_ji3297_8_44433.jpeg\"},{\"@type\":\"BreadcrumbList\",\"@id\":\"https:\/\/tourcruiser.com\/de\/products\/women-adidas-tokyo-semi-pink-spark-orange\/#breadcrumb\",\"itemListElement\":[{\"@type\":\"ListItem\",\"position\":1,\"name\":\"Home\",\"item\":\"https:\/\/tourcruiser.com\/de\/\"},{\"@type\":\"ListItem\",\"position\":2,\"name\":\"Shop\",\"item\":\"https:\/\/tourcruiser.com\/de\/shop\/\"},{\"@type\":\"ListItem\",\"position\":3,\"name\":\"(Women) adidas Tokyo 'Semi Pink Spark Orange'\"}]},{\"@type\":\"WebSite\",\"@id\":\"https:\/\/tourcruiser.com\/de\/#website\",\"url\":\"https:\/\/tourcruiser.com\/de\/\",\"name\":\"Styloral Jewelry Shop\",\"description\":\"Tourcruiser Sneaker Store \u2014 der Ort, an dem das Universum deine Einzigartigkeit trifft.\",\"publisher\":{\"@id\":\"https:\/\/tourcruiser.com\/de\/#organization\"},\"potentialAction\":[{\"@type\":\"SearchAction\",\"target\":{\"@type\":\"EntryPoint\",\"urlTemplate\":\"https:\/\/tourcruiser.com\/de\/?s={search_term_string}\"},\"query-input\":{\"@type\":\"PropertyValueSpecification\",\"valueRequired\":true,\"valueName\":\"search_term_string\"}}],\"inLanguage\":\"de\"},{\"@type\":\"Organization\",\"@id\":\"https:\/\/tourcruiser.com\/de\/#organization\",\"name\":\"STYLORAL PTE. LTD\",\"url\":\"https:\/\/tourcruiser.com\/de\/\",\"logo\":{\"@type\":\"ImageObject\",\"inLanguage\":\"de\",\"@id\":\"https:\/\/tourcruiser.com\/de\/#\/schema\/logo\/image\/\",\"url\":\"https:\/\/www.tourcruiser.com\/wp-content\/uploads\/2025\/12\/logo.png\",\"contentUrl\":\"https:\/\/www.tourcruiser.com\/wp-content\/uploads\/2025\/12\/logo.png\",\"width\":200,\"height\":65,\"caption\":\"STYLORAL PTE. LTD\"},\"image\":{\"@id\":\"https:\/\/tourcruiser.com\/de\/#\/schema\/logo\/image\/\"}}]}<\/script>\n<!-- \/ Yoast SEO plugin. -->","yoast_head_json":{"title":"(Women) adidas Tokyo 'Semi Pink Spark Orange'  - Tourcruiser PTE. LTD","robots":{"index":"index","follow":"follow","max-snippet":"max-snippet:-1","max-image-preview":"max-image-preview:large","max-video-preview":"max-video-preview:-1"},"canonical":"https:\/\/tourcruiser.com\/de\/products\/women-adidas-tokyo-semi-pink-spark-orange\/","og_locale":"de_DE","og_type":"article","og_title":"(Women) adidas Tokyo 'Semi Pink Spark Orange'  - Tourcruiser PTE. LTD","og_description":"adidas Air Max Tokyo Edition \u201d\u201d Semi Pink Spark\/Orange\/Gold Metallic","og_url":"https:\/\/tourcruiser.com\/de\/products\/women-adidas-tokyo-semi-pink-spark-orange\/","og_site_name":"Tourcruiser Sneaker Store","article_modified_time":"2026-03-27T18:28:57+00:00","twitter_card":"summary_large_image","twitter_image":"https:\/\/images.novelship.com\/product\/_w__nike_air_max_tokyo_edition_ji3297_0_44433.jpeg;https:\/\/images.novelship.com\/product\/_w__nike_air_max_tokyo_edition_ji3297_1_44433.jpeg;https:\/\/images.novelship.com\/product\/_w__nike_air_max_tokyo_edition_ji3297_2_44433.jpeg;https:\/\/images.novelship.com\/product\/_w__nike_air_max_tokyo_edition_ji3297_3_44433.jpeg;https:\/\/images.novelship.com\/product\/_w__nike_air_max_tokyo_edition_ji3297_4_44433.jpeg;https:\/\/images.novelship.com\/product\/_w__nike_air_max_tokyo_edition_ji3297_5_44433.jpeg;https:\/\/images.novelship.com\/product\/_w__nike_air_max_tokyo_edition_ji3297_6_44433.jpeg;https:\/\/images.novelship.com\/product\/_w__nike_air_max_tokyo_edition_ji3297_7_44433.jpeg;https:\/\/images.novelship.com\/product\/_w__nike_air_max_tokyo_edition_ji3297_8_44433.jpeg","twitter_misc":{"Gesch\u00e4tzte Lesezeit":"1\u00a0Minute"},"schema":{"@context":"https:\/\/schema.org","@graph":[{"@type":"WebPage","@id":"https:\/\/tourcruiser.com\/de\/products\/women-adidas-tokyo-semi-pink-spark-orange\/","url":"https:\/\/tourcruiser.com\/de\/products\/women-adidas-tokyo-semi-pink-spark-orange\/","name":"(Women) adidas Tokyo 'Semi Pink Spark Orange' - Tourcruiser PTE. LTD","isPartOf":{"@id":"https:\/\/tourcruiser.com\/de\/#website"},"primaryImageOfPage":{"@id":"https:\/\/tourcruiser.com\/de\/products\/women-adidas-tokyo-semi-pink-spark-orange\/#primaryimage"},"image":{"@id":"https:\/\/tourcruiser.com\/de\/products\/women-adidas-tokyo-semi-pink-spark-orange\/#primaryimage"},"thumbnailUrl":"https:\/\/images.novelship.com\/product\/_w__nike_air_max_tokyo_edition_ji3297_0_44433.jpeg;https:\/\/images.novelship.com\/product\/_w__nike_air_max_tokyo_edition_ji3297_1_44433.jpeg;https:\/\/images.novelship.com\/product\/_w__nike_air_max_tokyo_edition_ji3297_2_44433.jpeg;https:\/\/images.novelship.com\/product\/_w__nike_air_max_tokyo_edition_ji3297_3_44433.jpeg;https:\/\/images.novelship.com\/product\/_w__nike_air_max_tokyo_edition_ji3297_4_44433.jpeg;https:\/\/images.novelship.com\/product\/_w__nike_air_max_tokyo_edition_ji3297_5_44433.jpeg;https:\/\/images.novelship.com\/product\/_w__nike_air_max_tokyo_edition_ji3297_6_44433.jpeg;https:\/\/images.novelship.com\/product\/_w__nike_air_max_tokyo_edition_ji3297_7_44433.jpeg;https:\/\/images.novelship.com\/product\/_w__nike_air_max_tokyo_edition_ji3297_8_44433.jpeg","datePublished":"2026-03-02T09:04:49+00:00","dateModified":"2026-03-27T18:28:57+00:00","breadcrumb":{"@id":"https:\/\/tourcruiser.com\/de\/products\/women-adidas-tokyo-semi-pink-spark-orange\/#breadcrumb"},"inLanguage":"de","potentialAction":[{"@type":"ReadAction","target":["https:\/\/tourcruiser.com\/de\/products\/women-adidas-tokyo-semi-pink-spark-orange\/"]}]},{"@type":"ImageObject","inLanguage":"de","@id":"https:\/\/tourcruiser.com\/de\/products\/women-adidas-tokyo-semi-pink-spark-orange\/#primaryimage","url":"https:\/\/images.novelship.com\/product\/_w__nike_air_max_tokyo_edition_ji3297_0_44433.jpeg;https:\/\/images.novelship.com\/product\/_w__nike_air_max_tokyo_edition_ji3297_1_44433.jpeg;https:\/\/images.novelship.com\/product\/_w__nike_air_max_tokyo_edition_ji3297_2_44433.jpeg;https:\/\/images.novelship.com\/product\/_w__nike_air_max_tokyo_edition_ji3297_3_44433.jpeg;https:\/\/images.novelship.com\/product\/_w__nike_air_max_tokyo_edition_ji3297_4_44433.jpeg;https:\/\/images.novelship.com\/product\/_w__nike_air_max_tokyo_edition_ji3297_5_44433.jpeg;https:\/\/images.novelship.com\/product\/_w__nike_air_max_tokyo_edition_ji3297_6_44433.jpeg;https:\/\/images.novelship.com\/product\/_w__nike_air_max_tokyo_edition_ji3297_7_44433.jpeg;https:\/\/images.novelship.com\/product\/_w__nike_air_max_tokyo_edition_ji3297_8_44433.jpeg","contentUrl":"https:\/\/images.novelship.com\/product\/_w__nike_air_max_tokyo_edition_ji3297_0_44433.jpeg;https:\/\/images.novelship.com\/product\/_w__nike_air_max_tokyo_edition_ji3297_1_44433.jpeg;https:\/\/images.novelship.com\/product\/_w__nike_air_max_tokyo_edition_ji3297_2_44433.jpeg;https:\/\/images.novelship.com\/product\/_w__nike_air_max_tokyo_edition_ji3297_3_44433.jpeg;https:\/\/images.novelship.com\/product\/_w__nike_air_max_tokyo_edition_ji3297_4_44433.jpeg;https:\/\/images.novelship.com\/product\/_w__nike_air_max_tokyo_edition_ji3297_5_44433.jpeg;https:\/\/images.novelship.com\/product\/_w__nike_air_max_tokyo_edition_ji3297_6_44433.jpeg;https:\/\/images.novelship.com\/product\/_w__nike_air_max_tokyo_edition_ji3297_7_44433.jpeg;https:\/\/images.novelship.com\/product\/_w__nike_air_max_tokyo_edition_ji3297_8_44433.jpeg"},{"@type":"BreadcrumbList","@id":"https:\/\/tourcruiser.com\/de\/products\/women-adidas-tokyo-semi-pink-spark-orange\/#breadcrumb","itemListElement":[{"@type":"ListItem","position":1,"name":"Home","item":"https:\/\/tourcruiser.com\/de\/"},{"@type":"ListItem","position":2,"name":"Shop","item":"https:\/\/tourcruiser.com\/de\/shop\/"},{"@type":"ListItem","position":3,"name":"(Women) adidas Tokyo 'Semi Pink Spark Orange'"}]},{"@type":"WebSite","@id":"https:\/\/tourcruiser.com\/de\/#website","url":"https:\/\/tourcruiser.com\/de\/","name":"Styloral Jewelry Shop","description":"Tourcruiser Sneaker Store \u2014 der Ort, an dem das Universum deine Einzigartigkeit trifft.","publisher":{"@id":"https:\/\/tourcruiser.com\/de\/#organization"},"potentialAction":[{"@type":"SearchAction","target":{"@type":"EntryPoint","urlTemplate":"https:\/\/tourcruiser.com\/de\/?s={search_term_string}"},"query-input":{"@type":"PropertyValueSpecification","valueRequired":true,"valueName":"search_term_string"}}],"inLanguage":"de"},{"@type":"Organization","@id":"https:\/\/tourcruiser.com\/de\/#organization","name":"STYLORAL PTE. LTD","url":"https:\/\/tourcruiser.com\/de\/","logo":{"@type":"ImageObject","inLanguage":"de","@id":"https:\/\/tourcruiser.com\/de\/#\/schema\/logo\/image\/","url":"https:\/\/www.tourcruiser.com\/wp-content\/uploads\/2025\/12\/logo.png","contentUrl":"https:\/\/www.tourcruiser.com\/wp-content\/uploads\/2025\/12\/logo.png","width":200,"height":65,"caption":"STYLORAL PTE. LTD"},"image":{"@id":"https:\/\/tourcruiser.com\/de\/#\/schema\/logo\/image\/"}}]}},"_links":{"self":[{"href":"https:\/\/tourcruiser.com\/de\/wp-json\/wp\/v2\/product\/159388","targetHints":{"allow":["GET"]}}],"collection":[{"href":"https:\/\/tourcruiser.com\/de\/wp-json\/wp\/v2\/product"}],"about":[{"href":"https:\/\/tourcruiser.com\/de\/wp-json\/wp\/v2\/types\/product"}],"replies":[{"embeddable":true,"href":"https:\/\/tourcruiser.com\/de\/wp-json\/wp\/v2\/comments?post=159388"}],"wp:featuredmedia":[{"embeddable":true,"href":"https:\/\/tourcruiser.com\/de\/wp-json\/wp\/v2\/media\/159389"}],"wp:attachment":[{"href":"https:\/\/tourcruiser.com\/de\/wp-json\/wp\/v2\/media?parent=159388"}],"wp:term":[{"taxonomy":"product_brand","embeddable":true,"href":"https:\/\/tourcruiser.com\/de\/wp-json\/wp\/v2\/product_brand?post=159388"},{"taxonomy":"product_cat","embeddable":true,"href":"https:\/\/tourcruiser.com\/de\/wp-json\/wp\/v2\/product_cat?post=159388"},{"taxonomy":"product_tag","embeddable":true,"href":"https:\/\/tourcruiser.com\/de\/wp-json\/wp\/v2\/product_tag?post=159388"}],"curies":[{"name":"wp","href":"https:\/\/api.w.org\/{rel}","templated":true}]}}