{"id":159361,"date":"2026-03-02T16:04:47","date_gmt":"2026-03-02T09:04:47","guid":{"rendered":"http:\/\/tourcruiser.com\/product\/nike-streakfly-pale-ivory-guava"},"modified":"2026-03-28T01:28:56","modified_gmt":"2026-03-27T18:28:56","slug":"nike-streakfly-pale-ivory-guava","status":"publish","type":"product","link":"https:\/\/tourcruiser.com\/de\/products\/nike-streakfly-pale-ivory-guava\/","title":{"rendered":"Nike Streakfly &#8218;Pale Ivory Guava&#8216;"},"content":{"rendered":"<p>Erlebe unvergleichliche Geschwindigkeit und Style mit dem Nike Streakfly \u201ePale Ivory Guava\u201c, der speziell f\u00fcr H\u00f6chstleistungen im Stra\u00dfenlauf entwickelt wurde. Das leichte Mesh-Obermaterial sorgt f\u00fcr Atmungsaktivit\u00e4t und sicheren Halt und bietet ein federleichtes Laufgef\u00fchl, damit du dich voll und ganz auf deine Bestleistung konzentrieren kannst. Die ZoomX-Schaumstoff-Mittelsohle bietet reaktionsfreudige D\u00e4mpfung und Energier\u00fcckgabe und garantiert so Komfort und Effizienz bei jedem Schritt. Das elegante Design in den markanten Farben Pale Ivory und Guava unterstreicht deinen sportlichen Look \u201d\u201c egal ob im Wettkampf oder im Training. Der Streakfly wurde f\u00fcr pr\u00e4zise Unterst\u00fctzung k\u00fcrzerer Distanzen entwickelt und verf\u00fcgt \u00fcber eine Pebax-Platte f\u00fcr zus\u00e4tzlichen Vortrieb, die dir bei 5-km- und 10-km-L\u00e4ufen einen entscheidenden Vorteil verschafft. Verbessere dein Laufspiel und lass die Konkurrenz hinter dir \u201d\u201c mit dieser perfekten Kombination aus modernster Technologie und zeitgem\u00e4\u00dfem Style.<\/p>\n<ul>\n<li><strong>Farbgebung:<\/strong> Hellelfenbein\/Guava Ice\/Schwarz<\/li>\n<li><strong>Artikelnummer:<\/strong> DJ6566-105<\/li>\n<li><strong>Obermaterial:<\/strong> Strick<\/li>\n<li><strong>Zwischensohle:<\/strong> Zoom X<\/li>\n<li><strong>Farbe:<\/strong> Beige<\/li>\n<\/ul>\n","protected":false},"excerpt":{"rendered":"<p>Nike Streakfly \u201d\u201d Pale Ivory\/Guava Ice\/Black<\/p>\n","protected":false},"featured_media":159362,"comment_status":"open","ping_status":"closed","template":"","meta":[],"product_brand":[],"product_cat":[10803],"product_tag":[11053,10801,10839,10802,10840,10758],"class_list":{"0":"post-159361","1":"product","2":"type-product","3":"status-publish","4":"has-post-thumbnail","6":"product_cat-nike","7":"product_tag-lightweight-running-shoes","8":"product_tag-nike","9":"product_tag-performance-running-shoes","10":"product_tag-performance-sport-shoes","11":"product_tag-running-shoes","12":"product_tag-under-retail","13":"wcpa_has_options","15":"first","16":"outofstock","17":"taxable","18":"shipping-taxable","19":"purchasable","20":"product-type-simple"},"wcpa_form_fields":{"rules":{"pric_overide_base_price":false,"pric_overide_base_price_if_gt_zero":false,"pric_overide_base_price_fully":false,"pric_cal_option_once":false,"pric_use_as_fee":false,"bind_quantity":false,"quantity_bind_formula":false},"fields":[{"type":"color-group","required":true,"elementId":"wcpa-color-group-66c4a75505e74","label":"Gr\u00f6\u00dfe - EU Gr\u00f6\u00dfe","inline":true,"priceOptions":"different_for_all","pricingType":"fixed","className":"hassizechart product-shoes-size-eu product-shoes-size","name":"color-group-66c4a75505e89","disp_type":"square","selection_type":"tick-border","disp_size":"44","show_label_inside":true,"adjust_width":true,"cart_display_type":"text","other_text":"Other","cl_rule":"show","col":6,"values":[{"label":"35.5","value":"EU 35.5","price":"","pimage":"","pimage_id":"","pthumb":"","color":""},{"label":"36","value":"EU 36","price":"","pimage":"","pimage_id":"","pthumb":"","color":"","selected":true},{"label":"36.5","value":"EU 36.5","price":"","pimage":"","pimage_id":"","pthumb":"","color":""},{"label":"37.5","value":"EU 37.5","price":"","pimage":"","pimage_id":"","pthumb":"","color":""},{"label":"38","value":"EU 38","price":"","pimage":"","pimage_id":"","pthumb":"","color":""},{"label":"38.5","value":"EU 38.5","price":"","pimage":"","pimage_id":"","pthumb":"","color":""},{"label":"39","value":"EU 39","price":"","pimage":"","pimage_id":"","pthumb":"","color":""},{"label":"40","value":"EU 40","price":"","pimage":"","pimage_id":"","pthumb":"","color":""},{"label":"40.5","value":"EU 40.5","price":"","pimage":"","pimage_id":"","pthumb":"","color":""},{"label":"41","value":"EU 41","price":"","pimage":"","pimage_id":"","pthumb":"","color":""},{"label":"42","value":"EU 42","price":"","pimage":"","pimage_id":"","pthumb":"","color":""},{"label":"42.5","value":"EU 42.5","price":"","pimage":"","pimage_id":"","pthumb":"","color":""},{"label":"43","value":"EU 43","price":"","pimage":"","pimage_id":"","pthumb":"","color":""},{"label":"44","value":"EU 44","price":"","pimage":"","pimage_id":"","pthumb":"","color":""},{"label":"44.5","value":"EU 44.5","price":"","pimage":"","pimage_id":"","pthumb":"","color":""},{"label":"45","value":"EU 45","price":"","pimage":"","pimage_id":"","pthumb":"","color":""},{"label":"45.5","value":"EU 45.5","price":"","pimage":"","pimage_id":"","pthumb":"","color":""},{"label":"46","value":"EU 46","price":"","pimage":"","pimage_id":"","pthumb":"","color":""},{"label":"47","value":"EU 47","price":"","pimage":"","pimage_id":"","pthumb":"","color":""},{"label":"47.5","value":"EU 47.5","price":"","pimage":"","pimage_id":"","pthumb":"","color":""},{"label":"48","value":"EU 48","price":"","pimage":"","pimage_id":"","pthumb":"","color":""}],"relations":[{"operator":false,"rules":[]}],"form_id":18106,"form_rules":{"pric_cal_option_once":false,"exclude_from_discount":false,"pric_use_as_fee":false,"fee_label":"Fee","render_after_acb":false,"disp_hide_options_price":false}}]},"yoast_head":"<!-- This site is optimized with the Yoast SEO plugin v26.5 - https:\/\/yoast.com\/wordpress\/plugins\/seo\/ -->\n<title>Nike Streakfly &#039;Pale Ivory Guava&#039;  - Tourcruiser PTE. LTD<\/title>\n<meta name=\"robots\" content=\"index, follow, max-snippet:-1, max-image-preview:large, max-video-preview:-1\" \/>\n<link rel=\"canonical\" href=\"https:\/\/tourcruiser.com\/de\/products\/nike-streakfly-pale-ivory-guava\/\" \/>\n<meta property=\"og:locale\" content=\"de_DE\" \/>\n<meta property=\"og:type\" content=\"article\" \/>\n<meta property=\"og:title\" content=\"Nike Streakfly &#039;Pale Ivory Guava&#039;  - Tourcruiser PTE. LTD\" \/>\n<meta property=\"og:description\" content=\"Nike Streakfly \u201d\u201d Pale Ivory\/Guava Ice\/Black\" \/>\n<meta property=\"og:url\" content=\"https:\/\/tourcruiser.com\/de\/products\/nike-streakfly-pale-ivory-guava\/\" \/>\n<meta property=\"og:site_name\" content=\"Tourcruiser Sneaker Store\" \/>\n<meta property=\"article:modified_time\" content=\"2026-03-27T18:28:56+00:00\" \/>\n<meta name=\"twitter:card\" content=\"summary_large_image\" \/>\n<meta name=\"twitter:image\" content=\"https:\/\/images.novelship.com\/product\/nike_streakfly__pale_ivory_guava__dj6566-105_0_57478.jpeg;https:\/\/images.novelship.com\/product\/nike_streakfly__pale_ivory_guava__dj6566-105_1_57478.jpeg;https:\/\/images.novelship.com\/product\/nike_streakfly__pale_ivory_guava__dj6566-105_2_57478.jpeg;https:\/\/images.novelship.com\/product\/nike_streakfly__pale_ivory_guava__dj6566-105_3_57478.jpeg;https:\/\/images.novelship.com\/product\/nike_streakfly__pale_ivory_guava__dj6566-105_4_57479.jpeg;https:\/\/images.novelship.com\/product\/nike_streakfly__pale_ivory_guava__dj6566-105_5_57479.jpeg;https:\/\/images.novelship.com\/product\/nike_streakfly__pale_ivory_guava__dj6566-105_6_57479.jpeg;https:\/\/images.novelship.com\/product\/nike_streakfly__pale_ivory_guava__dj6566-105_7_57479.jpeg\" \/>\n<meta name=\"twitter:label1\" content=\"Gesch\u00e4tzte Lesezeit\" \/>\n\t<meta name=\"twitter:data1\" content=\"1\u00a0Minute\" \/>\n<script type=\"application\/ld+json\" class=\"yoast-schema-graph\">{\"@context\":\"https:\/\/schema.org\",\"@graph\":[{\"@type\":\"WebPage\",\"@id\":\"https:\/\/tourcruiser.com\/de\/products\/nike-streakfly-pale-ivory-guava\/\",\"url\":\"https:\/\/tourcruiser.com\/de\/products\/nike-streakfly-pale-ivory-guava\/\",\"name\":\"Nike Streakfly 'Pale Ivory Guava' - Tourcruiser PTE. LTD\",\"isPartOf\":{\"@id\":\"https:\/\/tourcruiser.com\/de\/#website\"},\"primaryImageOfPage\":{\"@id\":\"https:\/\/tourcruiser.com\/de\/products\/nike-streakfly-pale-ivory-guava\/#primaryimage\"},\"image\":{\"@id\":\"https:\/\/tourcruiser.com\/de\/products\/nike-streakfly-pale-ivory-guava\/#primaryimage\"},\"thumbnailUrl\":\"https:\/\/images.novelship.com\/product\/nike_streakfly__pale_ivory_guava__dj6566-105_0_57478.jpeg;https:\/\/images.novelship.com\/product\/nike_streakfly__pale_ivory_guava__dj6566-105_1_57478.jpeg;https:\/\/images.novelship.com\/product\/nike_streakfly__pale_ivory_guava__dj6566-105_2_57478.jpeg;https:\/\/images.novelship.com\/product\/nike_streakfly__pale_ivory_guava__dj6566-105_3_57478.jpeg;https:\/\/images.novelship.com\/product\/nike_streakfly__pale_ivory_guava__dj6566-105_4_57479.jpeg;https:\/\/images.novelship.com\/product\/nike_streakfly__pale_ivory_guava__dj6566-105_5_57479.jpeg;https:\/\/images.novelship.com\/product\/nike_streakfly__pale_ivory_guava__dj6566-105_6_57479.jpeg;https:\/\/images.novelship.com\/product\/nike_streakfly__pale_ivory_guava__dj6566-105_7_57479.jpeg\",\"datePublished\":\"2026-03-02T09:04:47+00:00\",\"dateModified\":\"2026-03-27T18:28:56+00:00\",\"breadcrumb\":{\"@id\":\"https:\/\/tourcruiser.com\/de\/products\/nike-streakfly-pale-ivory-guava\/#breadcrumb\"},\"inLanguage\":\"de\",\"potentialAction\":[{\"@type\":\"ReadAction\",\"target\":[\"https:\/\/tourcruiser.com\/de\/products\/nike-streakfly-pale-ivory-guava\/\"]}]},{\"@type\":\"ImageObject\",\"inLanguage\":\"de\",\"@id\":\"https:\/\/tourcruiser.com\/de\/products\/nike-streakfly-pale-ivory-guava\/#primaryimage\",\"url\":\"https:\/\/images.novelship.com\/product\/nike_streakfly__pale_ivory_guava__dj6566-105_0_57478.jpeg;https:\/\/images.novelship.com\/product\/nike_streakfly__pale_ivory_guava__dj6566-105_1_57478.jpeg;https:\/\/images.novelship.com\/product\/nike_streakfly__pale_ivory_guava__dj6566-105_2_57478.jpeg;https:\/\/images.novelship.com\/product\/nike_streakfly__pale_ivory_guava__dj6566-105_3_57478.jpeg;https:\/\/images.novelship.com\/product\/nike_streakfly__pale_ivory_guava__dj6566-105_4_57479.jpeg;https:\/\/images.novelship.com\/product\/nike_streakfly__pale_ivory_guava__dj6566-105_5_57479.jpeg;https:\/\/images.novelship.com\/product\/nike_streakfly__pale_ivory_guava__dj6566-105_6_57479.jpeg;https:\/\/images.novelship.com\/product\/nike_streakfly__pale_ivory_guava__dj6566-105_7_57479.jpeg\",\"contentUrl\":\"https:\/\/images.novelship.com\/product\/nike_streakfly__pale_ivory_guava__dj6566-105_0_57478.jpeg;https:\/\/images.novelship.com\/product\/nike_streakfly__pale_ivory_guava__dj6566-105_1_57478.jpeg;https:\/\/images.novelship.com\/product\/nike_streakfly__pale_ivory_guava__dj6566-105_2_57478.jpeg;https:\/\/images.novelship.com\/product\/nike_streakfly__pale_ivory_guava__dj6566-105_3_57478.jpeg;https:\/\/images.novelship.com\/product\/nike_streakfly__pale_ivory_guava__dj6566-105_4_57479.jpeg;https:\/\/images.novelship.com\/product\/nike_streakfly__pale_ivory_guava__dj6566-105_5_57479.jpeg;https:\/\/images.novelship.com\/product\/nike_streakfly__pale_ivory_guava__dj6566-105_6_57479.jpeg;https:\/\/images.novelship.com\/product\/nike_streakfly__pale_ivory_guava__dj6566-105_7_57479.jpeg\"},{\"@type\":\"BreadcrumbList\",\"@id\":\"https:\/\/tourcruiser.com\/de\/products\/nike-streakfly-pale-ivory-guava\/#breadcrumb\",\"itemListElement\":[{\"@type\":\"ListItem\",\"position\":1,\"name\":\"Home\",\"item\":\"https:\/\/tourcruiser.com\/de\/\"},{\"@type\":\"ListItem\",\"position\":2,\"name\":\"Shop\",\"item\":\"https:\/\/tourcruiser.com\/de\/shop\/\"},{\"@type\":\"ListItem\",\"position\":3,\"name\":\"Nike Streakfly 'Pale Ivory Guava'\"}]},{\"@type\":\"WebSite\",\"@id\":\"https:\/\/tourcruiser.com\/de\/#website\",\"url\":\"https:\/\/tourcruiser.com\/de\/\",\"name\":\"Styloral Jewelry Shop\",\"description\":\"Tourcruiser Sneaker Store \u2014 der Ort, an dem das Universum deine Einzigartigkeit trifft.\",\"publisher\":{\"@id\":\"https:\/\/tourcruiser.com\/de\/#organization\"},\"potentialAction\":[{\"@type\":\"SearchAction\",\"target\":{\"@type\":\"EntryPoint\",\"urlTemplate\":\"https:\/\/tourcruiser.com\/de\/?s={search_term_string}\"},\"query-input\":{\"@type\":\"PropertyValueSpecification\",\"valueRequired\":true,\"valueName\":\"search_term_string\"}}],\"inLanguage\":\"de\"},{\"@type\":\"Organization\",\"@id\":\"https:\/\/tourcruiser.com\/de\/#organization\",\"name\":\"STYLORAL PTE. LTD\",\"url\":\"https:\/\/tourcruiser.com\/de\/\",\"logo\":{\"@type\":\"ImageObject\",\"inLanguage\":\"de\",\"@id\":\"https:\/\/tourcruiser.com\/de\/#\/schema\/logo\/image\/\",\"url\":\"https:\/\/www.tourcruiser.com\/wp-content\/uploads\/2025\/12\/logo.png\",\"contentUrl\":\"https:\/\/www.tourcruiser.com\/wp-content\/uploads\/2025\/12\/logo.png\",\"width\":200,\"height\":65,\"caption\":\"STYLORAL PTE. LTD\"},\"image\":{\"@id\":\"https:\/\/tourcruiser.com\/de\/#\/schema\/logo\/image\/\"}}]}<\/script>\n<!-- \/ Yoast SEO plugin. -->","yoast_head_json":{"title":"Nike Streakfly 'Pale Ivory Guava'  - Tourcruiser PTE. LTD","robots":{"index":"index","follow":"follow","max-snippet":"max-snippet:-1","max-image-preview":"max-image-preview:large","max-video-preview":"max-video-preview:-1"},"canonical":"https:\/\/tourcruiser.com\/de\/products\/nike-streakfly-pale-ivory-guava\/","og_locale":"de_DE","og_type":"article","og_title":"Nike Streakfly 'Pale Ivory Guava'  - Tourcruiser PTE. LTD","og_description":"Nike Streakfly \u201d\u201d Pale Ivory\/Guava Ice\/Black","og_url":"https:\/\/tourcruiser.com\/de\/products\/nike-streakfly-pale-ivory-guava\/","og_site_name":"Tourcruiser Sneaker Store","article_modified_time":"2026-03-27T18:28:56+00:00","twitter_card":"summary_large_image","twitter_image":"https:\/\/images.novelship.com\/product\/nike_streakfly__pale_ivory_guava__dj6566-105_0_57478.jpeg;https:\/\/images.novelship.com\/product\/nike_streakfly__pale_ivory_guava__dj6566-105_1_57478.jpeg;https:\/\/images.novelship.com\/product\/nike_streakfly__pale_ivory_guava__dj6566-105_2_57478.jpeg;https:\/\/images.novelship.com\/product\/nike_streakfly__pale_ivory_guava__dj6566-105_3_57478.jpeg;https:\/\/images.novelship.com\/product\/nike_streakfly__pale_ivory_guava__dj6566-105_4_57479.jpeg;https:\/\/images.novelship.com\/product\/nike_streakfly__pale_ivory_guava__dj6566-105_5_57479.jpeg;https:\/\/images.novelship.com\/product\/nike_streakfly__pale_ivory_guava__dj6566-105_6_57479.jpeg;https:\/\/images.novelship.com\/product\/nike_streakfly__pale_ivory_guava__dj6566-105_7_57479.jpeg","twitter_misc":{"Gesch\u00e4tzte Lesezeit":"1\u00a0Minute"},"schema":{"@context":"https:\/\/schema.org","@graph":[{"@type":"WebPage","@id":"https:\/\/tourcruiser.com\/de\/products\/nike-streakfly-pale-ivory-guava\/","url":"https:\/\/tourcruiser.com\/de\/products\/nike-streakfly-pale-ivory-guava\/","name":"Nike Streakfly 'Pale Ivory Guava' - Tourcruiser PTE. LTD","isPartOf":{"@id":"https:\/\/tourcruiser.com\/de\/#website"},"primaryImageOfPage":{"@id":"https:\/\/tourcruiser.com\/de\/products\/nike-streakfly-pale-ivory-guava\/#primaryimage"},"image":{"@id":"https:\/\/tourcruiser.com\/de\/products\/nike-streakfly-pale-ivory-guava\/#primaryimage"},"thumbnailUrl":"https:\/\/images.novelship.com\/product\/nike_streakfly__pale_ivory_guava__dj6566-105_0_57478.jpeg;https:\/\/images.novelship.com\/product\/nike_streakfly__pale_ivory_guava__dj6566-105_1_57478.jpeg;https:\/\/images.novelship.com\/product\/nike_streakfly__pale_ivory_guava__dj6566-105_2_57478.jpeg;https:\/\/images.novelship.com\/product\/nike_streakfly__pale_ivory_guava__dj6566-105_3_57478.jpeg;https:\/\/images.novelship.com\/product\/nike_streakfly__pale_ivory_guava__dj6566-105_4_57479.jpeg;https:\/\/images.novelship.com\/product\/nike_streakfly__pale_ivory_guava__dj6566-105_5_57479.jpeg;https:\/\/images.novelship.com\/product\/nike_streakfly__pale_ivory_guava__dj6566-105_6_57479.jpeg;https:\/\/images.novelship.com\/product\/nike_streakfly__pale_ivory_guava__dj6566-105_7_57479.jpeg","datePublished":"2026-03-02T09:04:47+00:00","dateModified":"2026-03-27T18:28:56+00:00","breadcrumb":{"@id":"https:\/\/tourcruiser.com\/de\/products\/nike-streakfly-pale-ivory-guava\/#breadcrumb"},"inLanguage":"de","potentialAction":[{"@type":"ReadAction","target":["https:\/\/tourcruiser.com\/de\/products\/nike-streakfly-pale-ivory-guava\/"]}]},{"@type":"ImageObject","inLanguage":"de","@id":"https:\/\/tourcruiser.com\/de\/products\/nike-streakfly-pale-ivory-guava\/#primaryimage","url":"https:\/\/images.novelship.com\/product\/nike_streakfly__pale_ivory_guava__dj6566-105_0_57478.jpeg;https:\/\/images.novelship.com\/product\/nike_streakfly__pale_ivory_guava__dj6566-105_1_57478.jpeg;https:\/\/images.novelship.com\/product\/nike_streakfly__pale_ivory_guava__dj6566-105_2_57478.jpeg;https:\/\/images.novelship.com\/product\/nike_streakfly__pale_ivory_guava__dj6566-105_3_57478.jpeg;https:\/\/images.novelship.com\/product\/nike_streakfly__pale_ivory_guava__dj6566-105_4_57479.jpeg;https:\/\/images.novelship.com\/product\/nike_streakfly__pale_ivory_guava__dj6566-105_5_57479.jpeg;https:\/\/images.novelship.com\/product\/nike_streakfly__pale_ivory_guava__dj6566-105_6_57479.jpeg;https:\/\/images.novelship.com\/product\/nike_streakfly__pale_ivory_guava__dj6566-105_7_57479.jpeg","contentUrl":"https:\/\/images.novelship.com\/product\/nike_streakfly__pale_ivory_guava__dj6566-105_0_57478.jpeg;https:\/\/images.novelship.com\/product\/nike_streakfly__pale_ivory_guava__dj6566-105_1_57478.jpeg;https:\/\/images.novelship.com\/product\/nike_streakfly__pale_ivory_guava__dj6566-105_2_57478.jpeg;https:\/\/images.novelship.com\/product\/nike_streakfly__pale_ivory_guava__dj6566-105_3_57478.jpeg;https:\/\/images.novelship.com\/product\/nike_streakfly__pale_ivory_guava__dj6566-105_4_57479.jpeg;https:\/\/images.novelship.com\/product\/nike_streakfly__pale_ivory_guava__dj6566-105_5_57479.jpeg;https:\/\/images.novelship.com\/product\/nike_streakfly__pale_ivory_guava__dj6566-105_6_57479.jpeg;https:\/\/images.novelship.com\/product\/nike_streakfly__pale_ivory_guava__dj6566-105_7_57479.jpeg"},{"@type":"BreadcrumbList","@id":"https:\/\/tourcruiser.com\/de\/products\/nike-streakfly-pale-ivory-guava\/#breadcrumb","itemListElement":[{"@type":"ListItem","position":1,"name":"Home","item":"https:\/\/tourcruiser.com\/de\/"},{"@type":"ListItem","position":2,"name":"Shop","item":"https:\/\/tourcruiser.com\/de\/shop\/"},{"@type":"ListItem","position":3,"name":"Nike Streakfly 'Pale Ivory Guava'"}]},{"@type":"WebSite","@id":"https:\/\/tourcruiser.com\/de\/#website","url":"https:\/\/tourcruiser.com\/de\/","name":"Styloral Jewelry Shop","description":"Tourcruiser Sneaker Store \u2014 der Ort, an dem das Universum deine Einzigartigkeit trifft.","publisher":{"@id":"https:\/\/tourcruiser.com\/de\/#organization"},"potentialAction":[{"@type":"SearchAction","target":{"@type":"EntryPoint","urlTemplate":"https:\/\/tourcruiser.com\/de\/?s={search_term_string}"},"query-input":{"@type":"PropertyValueSpecification","valueRequired":true,"valueName":"search_term_string"}}],"inLanguage":"de"},{"@type":"Organization","@id":"https:\/\/tourcruiser.com\/de\/#organization","name":"STYLORAL PTE. LTD","url":"https:\/\/tourcruiser.com\/de\/","logo":{"@type":"ImageObject","inLanguage":"de","@id":"https:\/\/tourcruiser.com\/de\/#\/schema\/logo\/image\/","url":"https:\/\/www.tourcruiser.com\/wp-content\/uploads\/2025\/12\/logo.png","contentUrl":"https:\/\/www.tourcruiser.com\/wp-content\/uploads\/2025\/12\/logo.png","width":200,"height":65,"caption":"STYLORAL PTE. LTD"},"image":{"@id":"https:\/\/tourcruiser.com\/de\/#\/schema\/logo\/image\/"}}]}},"_links":{"self":[{"href":"https:\/\/tourcruiser.com\/de\/wp-json\/wp\/v2\/product\/159361","targetHints":{"allow":["GET"]}}],"collection":[{"href":"https:\/\/tourcruiser.com\/de\/wp-json\/wp\/v2\/product"}],"about":[{"href":"https:\/\/tourcruiser.com\/de\/wp-json\/wp\/v2\/types\/product"}],"replies":[{"embeddable":true,"href":"https:\/\/tourcruiser.com\/de\/wp-json\/wp\/v2\/comments?post=159361"}],"wp:featuredmedia":[{"embeddable":true,"href":"https:\/\/tourcruiser.com\/de\/wp-json\/wp\/v2\/media\/159362"}],"wp:attachment":[{"href":"https:\/\/tourcruiser.com\/de\/wp-json\/wp\/v2\/media?parent=159361"}],"wp:term":[{"taxonomy":"product_brand","embeddable":true,"href":"https:\/\/tourcruiser.com\/de\/wp-json\/wp\/v2\/product_brand?post=159361"},{"taxonomy":"product_cat","embeddable":true,"href":"https:\/\/tourcruiser.com\/de\/wp-json\/wp\/v2\/product_cat?post=159361"},{"taxonomy":"product_tag","embeddable":true,"href":"https:\/\/tourcruiser.com\/de\/wp-json\/wp\/v2\/product_tag?post=159361"}],"curies":[{"name":"wp","href":"https:\/\/api.w.org\/{rel}","templated":true}]}}