{"id":159026,"date":"2026-03-02T16:04:20","date_gmt":"2026-03-02T09:04:20","guid":{"rendered":"http:\/\/tourcruiser.com\/product\/hoka-one-one-kaha-2-frost-moc-gore-tex-truffle-salt-white"},"modified":"2026-03-28T01:28:40","modified_gmt":"2026-03-27T18:28:40","slug":"hoka-one-one-kaha-2-frost-moc-gore-tex-truffle-salt-white","status":"publish","type":"product","link":"https:\/\/tourcruiser.com\/de\/products\/hoka-one-one-kaha-2-frost-moc-gore-tex-truffle-salt-white\/","title":{"rendered":"HOKA One One Kaha 2 Frost Moc Gore-Tex Truffle Salt White"},"content":{"rendered":"<p>Erleben Sie unvergleichlichen Komfort und optimale Performance mit dem HOKA One One Kaha 2 Frost Moc Gore-Tex in Truffle Salt White \u201d\u201c der perfekte Schuh f\u00fcr jedes Wetter. Dieser Premium-Wanderschuh vereint die f\u00fcr HOKA typische, leichte Strapazierf\u00e4higkeit mit einer wasserdichten Gore-Tex-Membran und sorgt so f\u00fcr trockene und komfortable F\u00fc\u00dfe auf jedem Terrain. Die gepolsterte EVA-Zwischensohle bietet hervorragende Unterst\u00fctzung und Sto\u00dfd\u00e4mpfung, w\u00e4hrend die Vibram Megagrip-Au\u00dfensohle au\u00dfergew\u00f6hnliche Traktion auf nassen und unebenen Oberfl\u00e4chen garantiert. Die stylische Farbe Truffle Salt White sorgt daf\u00fcr, dass Sie sich auf dem Trail genauso wohlf\u00fchlen, wie Sie aussehen. Durchdachte Details wie ein sicheres Schn\u00fcrsystem und verst\u00e4rkte Overlays f\u00fcr zus\u00e4tzlichen Schutz und Langlebigkeit machen diesen Schuh zur idealen Kombination aus Outdoor-Eigenschaften und Alltagstauglichkeit. Der Kaha 2 Frost Moc ist perfekt f\u00fcr Wanderer, Abenteurer und Outdoor-Fans und bringt Sie weiter, schneller und mit maximalem Komfort. Erlebe die Natur mit Selbstvertrauen und tauche ein in die neue Dimension mit dem HOKA One One Kaha 2.<\/p>\n<ul>\n<li><strong>Farbgebung:<\/strong> Tr\u00fcffelsalz\/Wei\u00df<\/li>\n<li><strong>Artikelnummer:<\/strong> 1155210-TFLS<\/li>\n<li><strong>Farbe:<\/strong> Wei\u00df<\/li>\n<li><strong>Erscheinungsjahr:<\/strong> 2025<\/li>\n<\/ul>\n","protected":false},"excerpt":{"rendered":"<p>HOKA Kaha 2 \u201d\u201d Truffle Salt\/White<\/p>\n","protected":false},"featured_media":159027,"comment_status":"open","ping_status":"closed","template":"","meta":[],"product_brand":[],"product_cat":[11495],"product_tag":[12799,11114,11494,10802,11116],"class_list":{"0":"post-159026","1":"product","2":"type-product","3":"status-publish","4":"has-post-thumbnail","6":"product_cat-hoka","7":"product_tag-hiking-boots","8":"product_tag-hiking-shoes","9":"product_tag-hoka","10":"product_tag-performance-sport-shoes","11":"product_tag-waterproof-hiking-shoes","12":"wcpa_has_options","14":"first","15":"outofstock","16":"taxable","17":"shipping-taxable","18":"purchasable","19":"product-type-simple"},"wcpa_form_fields":{"rules":{"pric_overide_base_price":false,"pric_overide_base_price_if_gt_zero":false,"pric_overide_base_price_fully":false,"pric_cal_option_once":false,"pric_use_as_fee":false,"bind_quantity":false,"quantity_bind_formula":false},"fields":[{"type":"color-group","required":true,"elementId":"wcpa-color-group-69a5afd8a7cca","label":"Gr\u00f6\u00dfe","inline":true,"priceOptions":"different_for_all","pricingType":"fixed","className":"hassizechart product-shoes-size-eu product-shoes-size","name":"color-group-69a5afd8a7cd3","disp_type":"square","selection_type":"tick-border","disp_size":"50","show_label_inside":true,"adjust_width":true,"cart_display_type":"text","other_text":"Other","cl_rule":"show","col":6,"values":[{"label":"35 1\/3","value":"EU 35 1\/3","price":"","pimage":"","pimage_id":"","pthumb":"","color":""},{"label":"36","value":"EU 36","price":"","pimage":"","pimage_id":"","pthumb":"","color":""},{"label":"36 2\/3","value":"EU 36 2\/3","price":"","pimage":"","pimage_id":"","pthumb":"","color":""},{"label":"37 1\/3","value":"EU 37 1\/3","price":"","pimage":"","pimage_id":"","pthumb":"","color":"","selected":true},{"label":"38","value":"EU 38","price":"","pimage":"","pimage_id":"","pthumb":"","color":""},{"label":"38 2\/3","value":"EU 38 2\/3","price":"","pimage":"","pimage_id":"","pthumb":"","color":""},{"label":"39 1\/3","value":"EU 39 1\/3","price":"","pimage":"","pimage_id":"","pthumb":"","color":""},{"label":"39.5","value":"EU 39.5","price":"","pimage":"","pimage_id":"","pthumb":"","color":""},{"label":"40","value":"EU 40","price":"","pimage":"","pimage_id":"","pthumb":"","color":""},{"label":"40 2\/3","value":"EU 40  2\/3","price":"","pimage":"","pimage_id":"","pthumb":"","color":""},{"label":" 41 1\/3","value":"EU 41.5","price":"","pimage":"","pimage_id":"","pthumb":"","color":""},{"label":"42","value":"EU 42","price":"","pimage":"","pimage_id":"","pthumb":"","color":""},{"label":"42 2\/3","value":"EU 42 2\/3","price":"","pimage":"","pimage_id":"","pthumb":"","color":""},{"label":"43 1\/3","value":"EU 43 1\/3","price":"","pimage":"","pimage_id":"","pthumb":"","color":""},{"label":"44","value":"EU 44","price":"","pimage":"","pimage_id":"","pthumb":"","color":""},{"label":"44 2\/3","value":"EU 44 2\/3","price":"","pimage":"","pimage_id":"","pthumb":"","color":""},{"label":"45 1\/3","value":"EU 45 1\/3","price":"","pimage":"","pimage_id":"","pthumb":"","color":""}],"relations":[{"operator":false,"rules":[]}],"form_id":184317,"form_rules":{"pric_cal_option_once":false,"exclude_from_discount":false,"pric_use_as_fee":false,"fee_label":"Fee","render_after_acb":false,"disp_hide_options_price":false}}]},"yoast_head":"<!-- This site is optimized with the Yoast SEO plugin v26.5 - https:\/\/yoast.com\/wordpress\/plugins\/seo\/ -->\n<title>HOKA One One Kaha 2 Frost Moc Gore-Tex Truffle Salt White  - Tourcruiser PTE. LTD<\/title>\n<meta name=\"robots\" content=\"index, follow, max-snippet:-1, max-image-preview:large, max-video-preview:-1\" \/>\n<link rel=\"canonical\" href=\"https:\/\/tourcruiser.com\/de\/products\/hoka-one-one-kaha-2-frost-moc-gore-tex-truffle-salt-white\/\" \/>\n<meta property=\"og:locale\" content=\"de_DE\" \/>\n<meta property=\"og:type\" content=\"article\" \/>\n<meta property=\"og:title\" content=\"HOKA One One Kaha 2 Frost Moc Gore-Tex Truffle Salt White  - Tourcruiser PTE. LTD\" \/>\n<meta property=\"og:description\" content=\"HOKA Kaha 2 \u201d\u201d Truffle Salt\/White\" \/>\n<meta property=\"og:url\" content=\"https:\/\/tourcruiser.com\/de\/products\/hoka-one-one-kaha-2-frost-moc-gore-tex-truffle-salt-white\/\" \/>\n<meta property=\"og:site_name\" content=\"Tourcruiser Sneaker Store\" \/>\n<meta property=\"article:modified_time\" content=\"2026-03-27T18:28:40+00:00\" \/>\n<meta name=\"twitter:card\" content=\"summary_large_image\" \/>\n<meta name=\"twitter:image\" content=\"https:\/\/images.novelship.com\/product\/hoka_one_one_kaha_2_frost_moc_gore-tex_truffle_sal_0_59936.jpeg\" \/>\n<meta name=\"twitter:label1\" content=\"Gesch\u00e4tzte Lesezeit\" \/>\n\t<meta name=\"twitter:data1\" content=\"1\u00a0Minute\" \/>\n<script type=\"application\/ld+json\" class=\"yoast-schema-graph\">{\"@context\":\"https:\/\/schema.org\",\"@graph\":[{\"@type\":\"WebPage\",\"@id\":\"https:\/\/tourcruiser.com\/de\/products\/hoka-one-one-kaha-2-frost-moc-gore-tex-truffle-salt-white\/\",\"url\":\"https:\/\/tourcruiser.com\/de\/products\/hoka-one-one-kaha-2-frost-moc-gore-tex-truffle-salt-white\/\",\"name\":\"HOKA One One Kaha 2 Frost Moc Gore-Tex Truffle Salt White - Tourcruiser PTE. LTD\",\"isPartOf\":{\"@id\":\"https:\/\/tourcruiser.com\/de\/#website\"},\"primaryImageOfPage\":{\"@id\":\"https:\/\/tourcruiser.com\/de\/products\/hoka-one-one-kaha-2-frost-moc-gore-tex-truffle-salt-white\/#primaryimage\"},\"image\":{\"@id\":\"https:\/\/tourcruiser.com\/de\/products\/hoka-one-one-kaha-2-frost-moc-gore-tex-truffle-salt-white\/#primaryimage\"},\"thumbnailUrl\":\"https:\/\/images.novelship.com\/product\/hoka_one_one_kaha_2_frost_moc_gore-tex_truffle_sal_0_59936.jpeg\",\"datePublished\":\"2026-03-02T09:04:20+00:00\",\"dateModified\":\"2026-03-27T18:28:40+00:00\",\"breadcrumb\":{\"@id\":\"https:\/\/tourcruiser.com\/de\/products\/hoka-one-one-kaha-2-frost-moc-gore-tex-truffle-salt-white\/#breadcrumb\"},\"inLanguage\":\"de\",\"potentialAction\":[{\"@type\":\"ReadAction\",\"target\":[\"https:\/\/tourcruiser.com\/de\/products\/hoka-one-one-kaha-2-frost-moc-gore-tex-truffle-salt-white\/\"]}]},{\"@type\":\"ImageObject\",\"inLanguage\":\"de\",\"@id\":\"https:\/\/tourcruiser.com\/de\/products\/hoka-one-one-kaha-2-frost-moc-gore-tex-truffle-salt-white\/#primaryimage\",\"url\":\"https:\/\/images.novelship.com\/product\/hoka_one_one_kaha_2_frost_moc_gore-tex_truffle_sal_0_59936.jpeg\",\"contentUrl\":\"https:\/\/images.novelship.com\/product\/hoka_one_one_kaha_2_frost_moc_gore-tex_truffle_sal_0_59936.jpeg\"},{\"@type\":\"BreadcrumbList\",\"@id\":\"https:\/\/tourcruiser.com\/de\/products\/hoka-one-one-kaha-2-frost-moc-gore-tex-truffle-salt-white\/#breadcrumb\",\"itemListElement\":[{\"@type\":\"ListItem\",\"position\":1,\"name\":\"Home\",\"item\":\"https:\/\/tourcruiser.com\/de\/\"},{\"@type\":\"ListItem\",\"position\":2,\"name\":\"Shop\",\"item\":\"https:\/\/tourcruiser.com\/de\/shop\/\"},{\"@type\":\"ListItem\",\"position\":3,\"name\":\"HOKA One One Kaha 2 Frost Moc Gore-Tex Truffle Salt White\"}]},{\"@type\":\"WebSite\",\"@id\":\"https:\/\/tourcruiser.com\/de\/#website\",\"url\":\"https:\/\/tourcruiser.com\/de\/\",\"name\":\"Styloral Jewelry Shop\",\"description\":\"Tourcruiser Sneaker Store \u2014 der Ort, an dem das Universum deine Einzigartigkeit trifft.\",\"publisher\":{\"@id\":\"https:\/\/tourcruiser.com\/de\/#organization\"},\"potentialAction\":[{\"@type\":\"SearchAction\",\"target\":{\"@type\":\"EntryPoint\",\"urlTemplate\":\"https:\/\/tourcruiser.com\/de\/?s={search_term_string}\"},\"query-input\":{\"@type\":\"PropertyValueSpecification\",\"valueRequired\":true,\"valueName\":\"search_term_string\"}}],\"inLanguage\":\"de\"},{\"@type\":\"Organization\",\"@id\":\"https:\/\/tourcruiser.com\/de\/#organization\",\"name\":\"STYLORAL PTE. LTD\",\"url\":\"https:\/\/tourcruiser.com\/de\/\",\"logo\":{\"@type\":\"ImageObject\",\"inLanguage\":\"de\",\"@id\":\"https:\/\/tourcruiser.com\/de\/#\/schema\/logo\/image\/\",\"url\":\"https:\/\/www.tourcruiser.com\/wp-content\/uploads\/2025\/12\/logo.png\",\"contentUrl\":\"https:\/\/www.tourcruiser.com\/wp-content\/uploads\/2025\/12\/logo.png\",\"width\":200,\"height\":65,\"caption\":\"STYLORAL PTE. LTD\"},\"image\":{\"@id\":\"https:\/\/tourcruiser.com\/de\/#\/schema\/logo\/image\/\"}}]}<\/script>\n<!-- \/ Yoast SEO plugin. -->","yoast_head_json":{"title":"HOKA One One Kaha 2 Frost Moc Gore-Tex Truffle Salt White  - Tourcruiser PTE. LTD","robots":{"index":"index","follow":"follow","max-snippet":"max-snippet:-1","max-image-preview":"max-image-preview:large","max-video-preview":"max-video-preview:-1"},"canonical":"https:\/\/tourcruiser.com\/de\/products\/hoka-one-one-kaha-2-frost-moc-gore-tex-truffle-salt-white\/","og_locale":"de_DE","og_type":"article","og_title":"HOKA One One Kaha 2 Frost Moc Gore-Tex Truffle Salt White  - Tourcruiser PTE. LTD","og_description":"HOKA Kaha 2 \u201d\u201d Truffle Salt\/White","og_url":"https:\/\/tourcruiser.com\/de\/products\/hoka-one-one-kaha-2-frost-moc-gore-tex-truffle-salt-white\/","og_site_name":"Tourcruiser Sneaker Store","article_modified_time":"2026-03-27T18:28:40+00:00","twitter_card":"summary_large_image","twitter_image":"https:\/\/images.novelship.com\/product\/hoka_one_one_kaha_2_frost_moc_gore-tex_truffle_sal_0_59936.jpeg","twitter_misc":{"Gesch\u00e4tzte Lesezeit":"1\u00a0Minute"},"schema":{"@context":"https:\/\/schema.org","@graph":[{"@type":"WebPage","@id":"https:\/\/tourcruiser.com\/de\/products\/hoka-one-one-kaha-2-frost-moc-gore-tex-truffle-salt-white\/","url":"https:\/\/tourcruiser.com\/de\/products\/hoka-one-one-kaha-2-frost-moc-gore-tex-truffle-salt-white\/","name":"HOKA One One Kaha 2 Frost Moc Gore-Tex Truffle Salt White - Tourcruiser PTE. LTD","isPartOf":{"@id":"https:\/\/tourcruiser.com\/de\/#website"},"primaryImageOfPage":{"@id":"https:\/\/tourcruiser.com\/de\/products\/hoka-one-one-kaha-2-frost-moc-gore-tex-truffle-salt-white\/#primaryimage"},"image":{"@id":"https:\/\/tourcruiser.com\/de\/products\/hoka-one-one-kaha-2-frost-moc-gore-tex-truffle-salt-white\/#primaryimage"},"thumbnailUrl":"https:\/\/images.novelship.com\/product\/hoka_one_one_kaha_2_frost_moc_gore-tex_truffle_sal_0_59936.jpeg","datePublished":"2026-03-02T09:04:20+00:00","dateModified":"2026-03-27T18:28:40+00:00","breadcrumb":{"@id":"https:\/\/tourcruiser.com\/de\/products\/hoka-one-one-kaha-2-frost-moc-gore-tex-truffle-salt-white\/#breadcrumb"},"inLanguage":"de","potentialAction":[{"@type":"ReadAction","target":["https:\/\/tourcruiser.com\/de\/products\/hoka-one-one-kaha-2-frost-moc-gore-tex-truffle-salt-white\/"]}]},{"@type":"ImageObject","inLanguage":"de","@id":"https:\/\/tourcruiser.com\/de\/products\/hoka-one-one-kaha-2-frost-moc-gore-tex-truffle-salt-white\/#primaryimage","url":"https:\/\/images.novelship.com\/product\/hoka_one_one_kaha_2_frost_moc_gore-tex_truffle_sal_0_59936.jpeg","contentUrl":"https:\/\/images.novelship.com\/product\/hoka_one_one_kaha_2_frost_moc_gore-tex_truffle_sal_0_59936.jpeg"},{"@type":"BreadcrumbList","@id":"https:\/\/tourcruiser.com\/de\/products\/hoka-one-one-kaha-2-frost-moc-gore-tex-truffle-salt-white\/#breadcrumb","itemListElement":[{"@type":"ListItem","position":1,"name":"Home","item":"https:\/\/tourcruiser.com\/de\/"},{"@type":"ListItem","position":2,"name":"Shop","item":"https:\/\/tourcruiser.com\/de\/shop\/"},{"@type":"ListItem","position":3,"name":"HOKA One One Kaha 2 Frost Moc Gore-Tex Truffle Salt White"}]},{"@type":"WebSite","@id":"https:\/\/tourcruiser.com\/de\/#website","url":"https:\/\/tourcruiser.com\/de\/","name":"Styloral Jewelry Shop","description":"Tourcruiser Sneaker Store \u2014 der Ort, an dem das Universum deine Einzigartigkeit trifft.","publisher":{"@id":"https:\/\/tourcruiser.com\/de\/#organization"},"potentialAction":[{"@type":"SearchAction","target":{"@type":"EntryPoint","urlTemplate":"https:\/\/tourcruiser.com\/de\/?s={search_term_string}"},"query-input":{"@type":"PropertyValueSpecification","valueRequired":true,"valueName":"search_term_string"}}],"inLanguage":"de"},{"@type":"Organization","@id":"https:\/\/tourcruiser.com\/de\/#organization","name":"STYLORAL PTE. LTD","url":"https:\/\/tourcruiser.com\/de\/","logo":{"@type":"ImageObject","inLanguage":"de","@id":"https:\/\/tourcruiser.com\/de\/#\/schema\/logo\/image\/","url":"https:\/\/www.tourcruiser.com\/wp-content\/uploads\/2025\/12\/logo.png","contentUrl":"https:\/\/www.tourcruiser.com\/wp-content\/uploads\/2025\/12\/logo.png","width":200,"height":65,"caption":"STYLORAL PTE. LTD"},"image":{"@id":"https:\/\/tourcruiser.com\/de\/#\/schema\/logo\/image\/"}}]}},"_links":{"self":[{"href":"https:\/\/tourcruiser.com\/de\/wp-json\/wp\/v2\/product\/159026","targetHints":{"allow":["GET"]}}],"collection":[{"href":"https:\/\/tourcruiser.com\/de\/wp-json\/wp\/v2\/product"}],"about":[{"href":"https:\/\/tourcruiser.com\/de\/wp-json\/wp\/v2\/types\/product"}],"replies":[{"embeddable":true,"href":"https:\/\/tourcruiser.com\/de\/wp-json\/wp\/v2\/comments?post=159026"}],"wp:featuredmedia":[{"embeddable":true,"href":"https:\/\/tourcruiser.com\/de\/wp-json\/wp\/v2\/media\/159027"}],"wp:attachment":[{"href":"https:\/\/tourcruiser.com\/de\/wp-json\/wp\/v2\/media?parent=159026"}],"wp:term":[{"taxonomy":"product_brand","embeddable":true,"href":"https:\/\/tourcruiser.com\/de\/wp-json\/wp\/v2\/product_brand?post=159026"},{"taxonomy":"product_cat","embeddable":true,"href":"https:\/\/tourcruiser.com\/de\/wp-json\/wp\/v2\/product_cat?post=159026"},{"taxonomy":"product_tag","embeddable":true,"href":"https:\/\/tourcruiser.com\/de\/wp-json\/wp\/v2\/product_tag?post=159026"}],"curies":[{"name":"wp","href":"https:\/\/api.w.org\/{rel}","templated":true}]}}