{"id":158965,"date":"2026-03-02T16:04:14","date_gmt":"2026-03-02T09:04:14","guid":{"rendered":"http:\/\/tourcruiser.com\/product\/women-adidas-sambae-blue-gum"},"modified":"2026-03-28T01:28:37","modified_gmt":"2026-03-27T18:28:37","slug":"women-adidas-sambae-blue-gum","status":"publish","type":"product","link":"https:\/\/tourcruiser.com\/de\/products\/women-adidas-sambae-blue-gum\/","title":{"rendered":"(Women) adidas Sambae &#8218;Blue Gum&#8216;"},"content":{"rendered":"<p>Mit den adidas Sambae &#8218;Blue Gum&#8216; Sneakers bist du immer stilvoll unterwegs \u201d\u201c eine zeitlose Kombination aus moderner Eleganz und traditionellem Design. Dieser ikonische Schuh wurde f\u00fcr Frauen mit einem ausgepr\u00e4gten Sinn f\u00fcr Komfort und Mode entworfen und besticht durch sein markantes blaues Wildleder-Obermaterial, das f\u00fcr eine edle Textur und einen eleganten Look sorgt. Die klassische Gummisohle bietet unvergleichlichen Grip und Langlebigkeit und erg\u00e4nzt perfekt die edle blaue Optik. Dank des Schn\u00fcrverschlusses l\u00e4sst sich der Schuh individuell anpassen und ist somit ideal f\u00fcr den Alltag geeignet. Die gepolsterte Innensohle bietet optimalen Halt und Komfort den ganzen Tag. Ob beim Stadtbummel, auf Entdeckungstour oder als stylischer Begleiter zu einem l\u00e4ssigen Outfit \u201d\u201c der adidas Sambae &#8218;Blue Gum&#8216; ist der perfekte Schuh f\u00fcr dich. Seine minimalistische und dennoch schicke Silhouette verbindet m\u00fchelos klassische Streetwear mit moderner Mode und macht ihn zu einer vielseitigen Erg\u00e4nzung f\u00fcr jede Garderobe. Verleihe deinem Sneaker-Style mit der perfekten Balance aus hochwertigen Materialien, zeitlosem Design und ausdrucksstarkem Style das gewisse Etwas.<\/p>\n<ul>\n<li><strong>Farbgebung:<\/strong> Cloud White\/Silver Metallic\/Gum<\/li>\n<li><strong>Style-Code:<\/strong> JI2743<\/li>\n<li><strong>Obermaterial:<\/strong> Leder<\/li>\n<li><strong>Farbe:<\/strong> Wei\u00df<\/li>\n<li><strong>Saison:<\/strong> Winter<\/li>\n<li><strong>Erscheinungsjahr:<\/strong> 2025<\/li>\n<\/ul>\n","protected":false},"excerpt":{"rendered":"<p>adidas Sambae \u201d\u201d Cloud White\/Silver Metallic\/Gum<\/p>\n","protected":false},"featured_media":158966,"comment_status":"open","ping_status":"closed","template":"","meta":[],"product_brand":[],"product_cat":[10941],"product_tag":[10759,10750,10847,10754,11460,10756,10785,10786,10758],"class_list":{"0":"post-158965","1":"product","2":"type-product","3":"status-publish","4":"has-post-thumbnail","6":"product_cat-adidas-women","7":"product_tag-adidas","8":"product_tag-athleisure-shoes","9":"product_tag-best-finds-under-100","10":"product_tag-lifestyle-casual-shoes","11":"product_tag-lifestyle-shoes-casual","12":"product_tag-retro-casual-shoes","13":"product_tag-trending-deals","14":"product_tag-trending-deals-under-150","15":"product_tag-under-retail","16":"wcpa_has_options","18":"first","19":"outofstock","20":"taxable","21":"shipping-taxable","22":"purchasable","23":"product-type-simple"},"wcpa_form_fields":{"rules":{"pric_overide_base_price":false,"pric_overide_base_price_if_gt_zero":false,"pric_overide_base_price_fully":false,"pric_cal_option_once":false,"pric_use_as_fee":false,"bind_quantity":false,"quantity_bind_formula":false},"fields":[{"type":"color-group","required":true,"elementId":"wcpa-color-group-66c4a7f817afe","label":"Gr\u00f6\u00dfe","inline":true,"priceOptions":"different_for_all","pricingType":"fixed","className":"hassizechart product-shoes-size-eu product-shoes-size","name":"color-group-66c4a7f817b18","disp_type":"square","selection_type":"tick-border","disp_size":"50","show_label_inside":true,"adjust_width":true,"cart_display_type":"text","other_text":"Other","cl_rule":"show","col":6,"values":[{"label":"35","value":"EU 35","price":"","pimage":"","pimage_id":"","pthumb":"","color":""},{"label":"35.5","value":"EU 35.5","price":"","pimage":"","pimage_id":"","pthumb":"","color":""},{"label":"36","value":"EU 36","price":"","pimage":"","pimage_id":"","pthumb":"","color":"","selected":true},{"label":"36 2\/3","value":"EU 36 2\/3","price":"","pimage":"","pimage_id":"","pthumb":"","color":""},{"label":"37 1\/3","value":"EU 37 1\/3","price":"","pimage":"","pimage_id":"","pthumb":"","color":""},{"label":"38","value":"EU 38","price":"","pimage":"","pimage_id":"","pthumb":"","color":""},{"label":"38 2\/3","value":"EU 38 2\/3","price":"","pimage":"","pimage_id":"","pthumb":"","color":""},{"label":"39 1\/3","value":"EU 39 1\/3","price":"","pimage":"","pimage_id":"","pthumb":"","color":""},{"label":"40","value":"EU 40","price":"","pimage":"","pimage_id":"","pthumb":"","color":""},{"label":"40 2\/3","value":"EU 40 2\/3","price":"","pimage":"","pimage_id":"","pthumb":"","color":""},{"label":"41 1\/3","value":"EU 41 1\/3","price":"","pimage":"","pimage_id":"","pthumb":"","color":""},{"label":"42","value":"EU 42","price":"","pimage":"","pimage_id":"","pthumb":"","color":""},{"label":"42 2\/3","value":"EU 42 2\/3","price":"","pimage":"","pimage_id":"","pthumb":"","color":""},{"label":"43 1\/3","value":"EU 43 1\/3","price":"","pimage":"","pimage_id":"","pthumb":"","color":""},{"label":"44","value":"EU 44","price":"","pimage":"","pimage_id":"","pthumb":"","color":""},{"label":"44 2\/3","value":"EU 44 2\/3","price":"","pimage":"","pimage_id":"","pthumb":"","color":""},{"label":"45 1\/3","value":"EU 45 1\/3","price":"","pimage":"","pimage_id":"","pthumb":"","color":""},{"label":"46","value":"EU 46","price":"","pimage":"","pimage_id":"","pthumb":"","color":""},{"label":"46 2\/3","value":"EU 46 2\/3","price":"","pimage":"","pimage_id":"","pthumb":"","color":""},{"label":"47 1\/3","value":"EU 47 1\/3","price":"","pimage":"","pimage_id":"","pthumb":"","color":""}],"relations":[{"operator":false,"rules":[]}],"form_id":24802,"form_rules":{"pric_cal_option_once":false,"exclude_from_discount":false,"pric_use_as_fee":false,"fee_label":"Fee","render_after_acb":false,"disp_hide_options_price":false}}]},"yoast_head":"<!-- This site is optimized with the Yoast SEO plugin v26.5 - https:\/\/yoast.com\/wordpress\/plugins\/seo\/ -->\n<title>(Women) adidas Sambae &#039;Blue Gum&#039;  - Tourcruiser PTE. LTD<\/title>\n<meta name=\"robots\" content=\"index, follow, max-snippet:-1, max-image-preview:large, max-video-preview:-1\" \/>\n<link rel=\"canonical\" href=\"https:\/\/tourcruiser.com\/\" \/>\n<meta property=\"og:locale\" content=\"de_DE\" \/>\n<meta property=\"og:type\" content=\"article\" \/>\n<meta property=\"og:title\" content=\"(Women) adidas Sambae &#039;Blue Gum&#039;  - Tourcruiser PTE. LTD\" \/>\n<meta property=\"og:description\" content=\"adidas Sambae \u201d\u201d Cloud White\/Silver Metallic\/Gum\" \/>\n<meta property=\"og:url\" content=\"\/\" \/>\n<meta property=\"og:site_name\" content=\"Tourcruiser Sneaker Store\" \/>\n<meta property=\"article:modified_time\" content=\"2026-03-27T18:28:37+00:00\" \/>\n<meta name=\"twitter:card\" content=\"summary_large_image\" \/>\n<meta name=\"twitter:image\" content=\"https:\/\/images.novelship.com\/product\/_women__adidas_sambae__blue_gum__ji2743_0_37139.jpeg;https:\/\/images.novelship.com\/product\/_women__adidas_sambae__blue_gum__ji2743_1_37140.jpeg;https:\/\/images.novelship.com\/product\/_women__adidas_sambae__blue_gum__ji2743_2_37140.jpeg;https:\/\/images.novelship.com\/product\/_women__adidas_sambae__blue_gum__ji2743_3_37140.jpeg;https:\/\/images.novelship.com\/product\/_women__adidas_sambae__blue_gum__ji2743_4_37140.jpeg;https:\/\/images.novelship.com\/product\/_women__adidas_sambae__blue_gum__ji2743_5_37140.jpeg\" \/>\n<meta name=\"twitter:label1\" content=\"Gesch\u00e4tzte Lesezeit\" \/>\n\t<meta name=\"twitter:data1\" content=\"1\u00a0Minute\" \/>\n<script type=\"application\/ld+json\" class=\"yoast-schema-graph\">{\"@context\":\"https:\/\/schema.org\",\"@graph\":[{\"@type\":\"WebPage\",\"@id\":\"\/\",\"url\":\"https:\/\/tourcruiser.com\/\",\"name\":\"(Women) adidas Sambae 'Blue Gum' - Tourcruiser PTE. LTD\",\"isPartOf\":{\"@id\":\"https:\/\/tourcruiser.com\/de\/#website\"},\"primaryImageOfPage\":{\"@id\":\"https:\/\/tourcruiser.com\/#primaryimage\"},\"image\":{\"@id\":\"https:\/\/tourcruiser.com\/#primaryimage\"},\"thumbnailUrl\":\"https:\/\/images.novelship.com\/product\/_women__adidas_sambae__blue_gum__ji2743_0_37139.jpeg;https:\/\/images.novelship.com\/product\/_women__adidas_sambae__blue_gum__ji2743_1_37140.jpeg;https:\/\/images.novelship.com\/product\/_women__adidas_sambae__blue_gum__ji2743_2_37140.jpeg;https:\/\/images.novelship.com\/product\/_women__adidas_sambae__blue_gum__ji2743_3_37140.jpeg;https:\/\/images.novelship.com\/product\/_women__adidas_sambae__blue_gum__ji2743_4_37140.jpeg;https:\/\/images.novelship.com\/product\/_women__adidas_sambae__blue_gum__ji2743_5_37140.jpeg\",\"datePublished\":\"2026-03-02T09:04:14+00:00\",\"dateModified\":\"2026-03-27T18:28:37+00:00\",\"breadcrumb\":{\"@id\":\"https:\/\/tourcruiser.com\/#breadcrumb\"},\"inLanguage\":\"de\",\"potentialAction\":[{\"@type\":\"ReadAction\",\"target\":[\"https:\/\/tourcruiser.com\/\"]}]},{\"@type\":\"ImageObject\",\"inLanguage\":\"de\",\"@id\":\"https:\/\/tourcruiser.com\/#primaryimage\",\"url\":\"https:\/\/images.novelship.com\/product\/_women__adidas_sambae__blue_gum__ji2743_0_37139.jpeg;https:\/\/images.novelship.com\/product\/_women__adidas_sambae__blue_gum__ji2743_1_37140.jpeg;https:\/\/images.novelship.com\/product\/_women__adidas_sambae__blue_gum__ji2743_2_37140.jpeg;https:\/\/images.novelship.com\/product\/_women__adidas_sambae__blue_gum__ji2743_3_37140.jpeg;https:\/\/images.novelship.com\/product\/_women__adidas_sambae__blue_gum__ji2743_4_37140.jpeg;https:\/\/images.novelship.com\/product\/_women__adidas_sambae__blue_gum__ji2743_5_37140.jpeg\",\"contentUrl\":\"https:\/\/images.novelship.com\/product\/_women__adidas_sambae__blue_gum__ji2743_0_37139.jpeg;https:\/\/images.novelship.com\/product\/_women__adidas_sambae__blue_gum__ji2743_1_37140.jpeg;https:\/\/images.novelship.com\/product\/_women__adidas_sambae__blue_gum__ji2743_2_37140.jpeg;https:\/\/images.novelship.com\/product\/_women__adidas_sambae__blue_gum__ji2743_3_37140.jpeg;https:\/\/images.novelship.com\/product\/_women__adidas_sambae__blue_gum__ji2743_4_37140.jpeg;https:\/\/images.novelship.com\/product\/_women__adidas_sambae__blue_gum__ji2743_5_37140.jpeg\"},{\"@type\":\"BreadcrumbList\",\"@id\":\"https:\/\/tourcruiser.com\/#breadcrumb\",\"itemListElement\":[{\"@type\":\"ListItem\",\"position\":1,\"name\":\"Home\",\"item\":\"https:\/\/tourcruiser.com\/de\/\"},{\"@type\":\"ListItem\",\"position\":2,\"name\":\"Shop\",\"item\":\"https:\/\/tourcruiser.com\/de\/shop\/\"},{\"@type\":\"ListItem\",\"position\":3,\"name\":\"(Women) adidas Sambae &#8218;Blue Gum&#8216;\"}]},{\"@type\":\"WebSite\",\"@id\":\"https:\/\/tourcruiser.com\/de\/#website\",\"url\":\"https:\/\/tourcruiser.com\/de\/\",\"name\":\"Styloral Jewelry Shop\",\"description\":\"Tourcruiser Sneaker Store \u2014 der Ort, an dem das Universum deine Einzigartigkeit trifft.\",\"publisher\":{\"@id\":\"https:\/\/tourcruiser.com\/de\/#organization\"},\"potentialAction\":[{\"@type\":\"SearchAction\",\"target\":{\"@type\":\"EntryPoint\",\"urlTemplate\":\"https:\/\/tourcruiser.com\/de\/?s={search_term_string}\"},\"query-input\":{\"@type\":\"PropertyValueSpecification\",\"valueRequired\":true,\"valueName\":\"search_term_string\"}}],\"inLanguage\":\"de\"},{\"@type\":\"Organization\",\"@id\":\"https:\/\/tourcruiser.com\/de\/#organization\",\"name\":\"STYLORAL PTE. LTD\",\"url\":\"https:\/\/tourcruiser.com\/de\/\",\"logo\":{\"@type\":\"ImageObject\",\"inLanguage\":\"de\",\"@id\":\"https:\/\/tourcruiser.com\/de\/#\/schema\/logo\/image\/\",\"url\":\"https:\/\/www.tourcruiser.com\/wp-content\/uploads\/2025\/12\/logo.png\",\"contentUrl\":\"https:\/\/www.tourcruiser.com\/wp-content\/uploads\/2025\/12\/logo.png\",\"width\":200,\"height\":65,\"caption\":\"STYLORAL PTE. LTD\"},\"image\":{\"@id\":\"https:\/\/tourcruiser.com\/de\/#\/schema\/logo\/image\/\"}}]}<\/script>\n<!-- \/ Yoast SEO plugin. -->","yoast_head_json":{"title":"(Women) adidas Sambae 'Blue Gum'  - Tourcruiser PTE. LTD","robots":{"index":"index","follow":"follow","max-snippet":"max-snippet:-1","max-image-preview":"max-image-preview:large","max-video-preview":"max-video-preview:-1"},"canonical":"https:\/\/tourcruiser.com\/","og_locale":"de_DE","og_type":"article","og_title":"(Women) adidas Sambae 'Blue Gum'  - Tourcruiser PTE. LTD","og_description":"adidas Sambae \u201d\u201d Cloud White\/Silver Metallic\/Gum","og_url":"\/","og_site_name":"Tourcruiser Sneaker Store","article_modified_time":"2026-03-27T18:28:37+00:00","twitter_card":"summary_large_image","twitter_image":"https:\/\/images.novelship.com\/product\/_women__adidas_sambae__blue_gum__ji2743_0_37139.jpeg;https:\/\/images.novelship.com\/product\/_women__adidas_sambae__blue_gum__ji2743_1_37140.jpeg;https:\/\/images.novelship.com\/product\/_women__adidas_sambae__blue_gum__ji2743_2_37140.jpeg;https:\/\/images.novelship.com\/product\/_women__adidas_sambae__blue_gum__ji2743_3_37140.jpeg;https:\/\/images.novelship.com\/product\/_women__adidas_sambae__blue_gum__ji2743_4_37140.jpeg;https:\/\/images.novelship.com\/product\/_women__adidas_sambae__blue_gum__ji2743_5_37140.jpeg","twitter_misc":{"Gesch\u00e4tzte Lesezeit":"1\u00a0Minute"},"schema":{"@context":"https:\/\/schema.org","@graph":[{"@type":"WebPage","@id":"\/","url":"https:\/\/tourcruiser.com\/","name":"(Women) adidas Sambae 'Blue Gum' - Tourcruiser PTE. LTD","isPartOf":{"@id":"https:\/\/tourcruiser.com\/de\/#website"},"primaryImageOfPage":{"@id":"https:\/\/tourcruiser.com\/#primaryimage"},"image":{"@id":"https:\/\/tourcruiser.com\/#primaryimage"},"thumbnailUrl":"https:\/\/images.novelship.com\/product\/_women__adidas_sambae__blue_gum__ji2743_0_37139.jpeg;https:\/\/images.novelship.com\/product\/_women__adidas_sambae__blue_gum__ji2743_1_37140.jpeg;https:\/\/images.novelship.com\/product\/_women__adidas_sambae__blue_gum__ji2743_2_37140.jpeg;https:\/\/images.novelship.com\/product\/_women__adidas_sambae__blue_gum__ji2743_3_37140.jpeg;https:\/\/images.novelship.com\/product\/_women__adidas_sambae__blue_gum__ji2743_4_37140.jpeg;https:\/\/images.novelship.com\/product\/_women__adidas_sambae__blue_gum__ji2743_5_37140.jpeg","datePublished":"2026-03-02T09:04:14+00:00","dateModified":"2026-03-27T18:28:37+00:00","breadcrumb":{"@id":"https:\/\/tourcruiser.com\/#breadcrumb"},"inLanguage":"de","potentialAction":[{"@type":"ReadAction","target":["https:\/\/tourcruiser.com\/"]}]},{"@type":"ImageObject","inLanguage":"de","@id":"https:\/\/tourcruiser.com\/#primaryimage","url":"https:\/\/images.novelship.com\/product\/_women__adidas_sambae__blue_gum__ji2743_0_37139.jpeg;https:\/\/images.novelship.com\/product\/_women__adidas_sambae__blue_gum__ji2743_1_37140.jpeg;https:\/\/images.novelship.com\/product\/_women__adidas_sambae__blue_gum__ji2743_2_37140.jpeg;https:\/\/images.novelship.com\/product\/_women__adidas_sambae__blue_gum__ji2743_3_37140.jpeg;https:\/\/images.novelship.com\/product\/_women__adidas_sambae__blue_gum__ji2743_4_37140.jpeg;https:\/\/images.novelship.com\/product\/_women__adidas_sambae__blue_gum__ji2743_5_37140.jpeg","contentUrl":"https:\/\/images.novelship.com\/product\/_women__adidas_sambae__blue_gum__ji2743_0_37139.jpeg;https:\/\/images.novelship.com\/product\/_women__adidas_sambae__blue_gum__ji2743_1_37140.jpeg;https:\/\/images.novelship.com\/product\/_women__adidas_sambae__blue_gum__ji2743_2_37140.jpeg;https:\/\/images.novelship.com\/product\/_women__adidas_sambae__blue_gum__ji2743_3_37140.jpeg;https:\/\/images.novelship.com\/product\/_women__adidas_sambae__blue_gum__ji2743_4_37140.jpeg;https:\/\/images.novelship.com\/product\/_women__adidas_sambae__blue_gum__ji2743_5_37140.jpeg"},{"@type":"BreadcrumbList","@id":"https:\/\/tourcruiser.com\/#breadcrumb","itemListElement":[{"@type":"ListItem","position":1,"name":"Home","item":"https:\/\/tourcruiser.com\/de\/"},{"@type":"ListItem","position":2,"name":"Shop","item":"https:\/\/tourcruiser.com\/de\/shop\/"},{"@type":"ListItem","position":3,"name":"(Women) adidas Sambae &#8218;Blue Gum&#8216;"}]},{"@type":"WebSite","@id":"https:\/\/tourcruiser.com\/de\/#website","url":"https:\/\/tourcruiser.com\/de\/","name":"Styloral Jewelry Shop","description":"Tourcruiser Sneaker Store \u2014 der Ort, an dem das Universum deine Einzigartigkeit trifft.","publisher":{"@id":"https:\/\/tourcruiser.com\/de\/#organization"},"potentialAction":[{"@type":"SearchAction","target":{"@type":"EntryPoint","urlTemplate":"https:\/\/tourcruiser.com\/de\/?s={search_term_string}"},"query-input":{"@type":"PropertyValueSpecification","valueRequired":true,"valueName":"search_term_string"}}],"inLanguage":"de"},{"@type":"Organization","@id":"https:\/\/tourcruiser.com\/de\/#organization","name":"STYLORAL PTE. LTD","url":"https:\/\/tourcruiser.com\/de\/","logo":{"@type":"ImageObject","inLanguage":"de","@id":"https:\/\/tourcruiser.com\/de\/#\/schema\/logo\/image\/","url":"https:\/\/www.tourcruiser.com\/wp-content\/uploads\/2025\/12\/logo.png","contentUrl":"https:\/\/www.tourcruiser.com\/wp-content\/uploads\/2025\/12\/logo.png","width":200,"height":65,"caption":"STYLORAL PTE. LTD"},"image":{"@id":"https:\/\/tourcruiser.com\/de\/#\/schema\/logo\/image\/"}}]}},"_links":{"self":[{"href":"https:\/\/tourcruiser.com\/de\/wp-json\/wp\/v2\/product\/158965","targetHints":{"allow":["GET"]}}],"collection":[{"href":"https:\/\/tourcruiser.com\/de\/wp-json\/wp\/v2\/product"}],"about":[{"href":"https:\/\/tourcruiser.com\/de\/wp-json\/wp\/v2\/types\/product"}],"replies":[{"embeddable":true,"href":"https:\/\/tourcruiser.com\/de\/wp-json\/wp\/v2\/comments?post=158965"}],"wp:featuredmedia":[{"embeddable":true,"href":"https:\/\/tourcruiser.com\/de\/wp-json\/wp\/v2\/media\/158966"}],"wp:attachment":[{"href":"https:\/\/tourcruiser.com\/de\/wp-json\/wp\/v2\/media?parent=158965"}],"wp:term":[{"taxonomy":"product_brand","embeddable":true,"href":"https:\/\/tourcruiser.com\/de\/wp-json\/wp\/v2\/product_brand?post=158965"},{"taxonomy":"product_cat","embeddable":true,"href":"https:\/\/tourcruiser.com\/de\/wp-json\/wp\/v2\/product_cat?post=158965"},{"taxonomy":"product_tag","embeddable":true,"href":"https:\/\/tourcruiser.com\/de\/wp-json\/wp\/v2\/product_tag?post=158965"}],"curies":[{"name":"wp","href":"https:\/\/api.w.org\/{rel}","templated":true}]}}