{"id":158580,"date":"2026-03-02T16:03:40","date_gmt":"2026-03-02T09:03:40","guid":{"rendered":"http:\/\/tourcruiser.com\/product\/women-nike-free-metcon-6-photon-dust"},"modified":"2026-03-28T01:28:12","modified_gmt":"2026-03-27T18:28:12","slug":"women-nike-free-metcon-6-photon-dust","status":"publish","type":"product","link":"https:\/\/tourcruiser.com\/de\/products\/women-nike-free-metcon-6-photon-dust\/","title":{"rendered":"(Women) Nike Free Metcon 6 &#8218;Photon Dust&#8216;"},"content":{"rendered":"<p>Der Nike Free Metcon 6 FJ7126-007 vereint Flexibilit\u00e4t und Strapazierf\u00e4higkeit und ist damit der perfekte Schuh f\u00fcr intensives Training und das t\u00e4gliche Workout. Dieser speziell f\u00fcr Frauen entwickelte Trainingsschuh bietet ein leichtes und dennoch robustes Obermaterial, das Atmungsaktivit\u00e4t und Komfort auch bei intensivsten Trainingseinheiten gew\u00e4hrleistet. Die innovative Free-Sohle sorgt f\u00fcr au\u00dfergew\u00f6hnliche Flexibilit\u00e4t und unterst\u00fctzt nat\u00fcrliche Bewegungsabl\u00e4ufe, w\u00e4hrend das Metcon-Design Stabilit\u00e4t beim Gewichtheben und anderen Kraft\u00fcbungen bietet. Das sichere Schn\u00fcrsystem und die verst\u00e4rkten Seitenw\u00e4nde bieten optimalen Halt und ein sicheres Tragegef\u00fchl, sodass du Seitw\u00e4rtsbewegungen m\u00fchelos ausf\u00fchren kannst. Mit seinem stylischen Design und seiner vielseitigen Funktionalit\u00e4t ist der Nike Free Metcon 6 der perfekte Schuh, um deine Grenzen zu erweitern und in jeder Trainingsumgebung H\u00f6chstleistungen zu erzielen.<\/p>\n<ul>\n<li><strong>Farbgebung:<\/strong> Photon Dust\/Light Smoke Gray\/Summit White\/Metallic Silver<\/li>\n<li><strong>Style-Code:<\/strong> FJ7126-007<\/li>\n<li><strong>Obermaterial:<\/strong> Mesh<\/li>\n<li><strong>Zwischensohle:<\/strong> Free<\/li>\n<li><strong>Farbe:<\/strong> Wei\u00df<\/li>\n<\/ul>\n","protected":false},"excerpt":{"rendered":"<p>Nike Free Metcon 6 \u201d\u201d Photon Dust\/Light Smoke Gray\/Summit White\/Metallic Silver<\/p>\n","protected":false},"featured_media":158581,"comment_status":"open","ping_status":"closed","template":"","meta":[],"product_brand":[],"product_cat":[10809],"product_tag":[10801,10802,10873,10758],"class_list":{"0":"post-158580","1":"product","2":"type-product","3":"status-publish","4":"has-post-thumbnail","6":"product_cat-nike-women","7":"product_tag-nike","8":"product_tag-performance-sport-shoes","9":"product_tag-training-shoes","10":"product_tag-under-retail","11":"wcpa_has_options","13":"first","14":"outofstock","15":"taxable","16":"shipping-taxable","17":"purchasable","18":"product-type-simple"},"wcpa_form_fields":{"rules":{"pric_overide_base_price":false,"pric_overide_base_price_if_gt_zero":false,"pric_overide_base_price_fully":false,"pric_cal_option_once":false,"pric_use_as_fee":false,"bind_quantity":false,"quantity_bind_formula":false},"fields":[{"type":"color-group","required":true,"elementId":"wcpa-color-group-66c4a75505e74","label":"Gr\u00f6\u00dfe - EU Gr\u00f6\u00dfe","inline":true,"priceOptions":"different_for_all","pricingType":"fixed","className":"hassizechart product-shoes-size-eu product-shoes-size","name":"color-group-66c4a75505e89","disp_type":"square","selection_type":"tick-border","disp_size":"44","show_label_inside":true,"adjust_width":true,"cart_display_type":"text","other_text":"Other","cl_rule":"show","col":6,"values":[{"label":"35.5","value":"EU 35.5","price":"","pimage":"","pimage_id":"","pthumb":"","color":""},{"label":"36","value":"EU 36","price":"","pimage":"","pimage_id":"","pthumb":"","color":"","selected":true},{"label":"36.5","value":"EU 36.5","price":"","pimage":"","pimage_id":"","pthumb":"","color":""},{"label":"37.5","value":"EU 37.5","price":"","pimage":"","pimage_id":"","pthumb":"","color":""},{"label":"38","value":"EU 38","price":"","pimage":"","pimage_id":"","pthumb":"","color":""},{"label":"38.5","value":"EU 38.5","price":"","pimage":"","pimage_id":"","pthumb":"","color":""},{"label":"39","value":"EU 39","price":"","pimage":"","pimage_id":"","pthumb":"","color":""},{"label":"40","value":"EU 40","price":"","pimage":"","pimage_id":"","pthumb":"","color":""},{"label":"40.5","value":"EU 40.5","price":"","pimage":"","pimage_id":"","pthumb":"","color":""},{"label":"41","value":"EU 41","price":"","pimage":"","pimage_id":"","pthumb":"","color":""},{"label":"42","value":"EU 42","price":"","pimage":"","pimage_id":"","pthumb":"","color":""},{"label":"42.5","value":"EU 42.5","price":"","pimage":"","pimage_id":"","pthumb":"","color":""},{"label":"43","value":"EU 43","price":"","pimage":"","pimage_id":"","pthumb":"","color":""},{"label":"44","value":"EU 44","price":"","pimage":"","pimage_id":"","pthumb":"","color":""},{"label":"44.5","value":"EU 44.5","price":"","pimage":"","pimage_id":"","pthumb":"","color":""},{"label":"45","value":"EU 45","price":"","pimage":"","pimage_id":"","pthumb":"","color":""},{"label":"45.5","value":"EU 45.5","price":"","pimage":"","pimage_id":"","pthumb":"","color":""},{"label":"46","value":"EU 46","price":"","pimage":"","pimage_id":"","pthumb":"","color":""},{"label":"47","value":"EU 47","price":"","pimage":"","pimage_id":"","pthumb":"","color":""},{"label":"47.5","value":"EU 47.5","price":"","pimage":"","pimage_id":"","pthumb":"","color":""},{"label":"48","value":"EU 48","price":"","pimage":"","pimage_id":"","pthumb":"","color":""}],"relations":[{"operator":false,"rules":[]}],"form_id":18106,"form_rules":{"pric_cal_option_once":false,"exclude_from_discount":false,"pric_use_as_fee":false,"fee_label":"Fee","render_after_acb":false,"disp_hide_options_price":false}}]},"yoast_head":"<!-- This site is optimized with the Yoast SEO plugin v26.5 - https:\/\/yoast.com\/wordpress\/plugins\/seo\/ -->\n<title>(Women) Nike Free Metcon 6 &#039;Photon Dust&#039;  - Tourcruiser PTE. LTD<\/title>\n<meta name=\"robots\" content=\"index, follow, max-snippet:-1, max-image-preview:large, max-video-preview:-1\" \/>\n<link rel=\"canonical\" href=\"https:\/\/tourcruiser.com\/de\/products\/women-nike-free-metcon-6-photon-dust\/\" \/>\n<meta property=\"og:locale\" content=\"de_DE\" \/>\n<meta property=\"og:type\" content=\"article\" \/>\n<meta property=\"og:title\" content=\"(Women) Nike Free Metcon 6 &#039;Photon Dust&#039;  - Tourcruiser PTE. LTD\" \/>\n<meta property=\"og:description\" content=\"Nike Free Metcon 6 \u201d\u201d Photon Dust\/Light Smoke Gray\/Summit White\/Metallic Silver\" \/>\n<meta property=\"og:url\" content=\"https:\/\/tourcruiser.com\/de\/products\/women-nike-free-metcon-6-photon-dust\/\" \/>\n<meta property=\"og:site_name\" content=\"Tourcruiser Sneaker Store\" \/>\n<meta property=\"article:modified_time\" content=\"2026-03-27T18:28:12+00:00\" \/>\n<meta name=\"twitter:card\" content=\"summary_large_image\" \/>\n<meta name=\"twitter:image\" content=\"https:\/\/images.novelship.com\/product\/_w__nike_free_metcon_6_fj7126-007_0_52077.png;https:\/\/images.novelship.com\/product\/_w__nike_free_metcon_6_fj7126-007_1_52077.png;https:\/\/images.novelship.com\/product\/_w__nike_free_metcon_6_fj7126-007_2_52077.png;https:\/\/images.novelship.com\/product\/_w__nike_free_metcon_6_fj7126-007_3_52077.png;https:\/\/images.novelship.com\/product\/_w__nike_free_metcon_6_fj7126-007_4_52077.png;https:\/\/images.novelship.com\/product\/_w__nike_free_metcon_6_fj7126-007_5_52077.png;https:\/\/images.novelship.com\/product\/_w__nike_free_metcon_6_fj7126-007_6_52078.png;https:\/\/images.novelship.com\/product\/_w__nike_free_metcon_6_fj7126-007_7_52078.png\" \/>\n<meta name=\"twitter:label1\" content=\"Gesch\u00e4tzte Lesezeit\" \/>\n\t<meta name=\"twitter:data1\" content=\"1\u00a0Minute\" \/>\n<script type=\"application\/ld+json\" class=\"yoast-schema-graph\">{\"@context\":\"https:\/\/schema.org\",\"@graph\":[{\"@type\":\"WebPage\",\"@id\":\"https:\/\/tourcruiser.com\/de\/products\/women-nike-free-metcon-6-photon-dust\/\",\"url\":\"https:\/\/tourcruiser.com\/de\/products\/women-nike-free-metcon-6-photon-dust\/\",\"name\":\"(Women) Nike Free Metcon 6 'Photon Dust' - Tourcruiser PTE. LTD\",\"isPartOf\":{\"@id\":\"https:\/\/tourcruiser.com\/de\/#website\"},\"primaryImageOfPage\":{\"@id\":\"https:\/\/tourcruiser.com\/de\/products\/women-nike-free-metcon-6-photon-dust\/#primaryimage\"},\"image\":{\"@id\":\"https:\/\/tourcruiser.com\/de\/products\/women-nike-free-metcon-6-photon-dust\/#primaryimage\"},\"thumbnailUrl\":\"https:\/\/images.novelship.com\/product\/_w__nike_free_metcon_6_fj7126-007_0_52077.png;https:\/\/images.novelship.com\/product\/_w__nike_free_metcon_6_fj7126-007_1_52077.png;https:\/\/images.novelship.com\/product\/_w__nike_free_metcon_6_fj7126-007_2_52077.png;https:\/\/images.novelship.com\/product\/_w__nike_free_metcon_6_fj7126-007_3_52077.png;https:\/\/images.novelship.com\/product\/_w__nike_free_metcon_6_fj7126-007_4_52077.png;https:\/\/images.novelship.com\/product\/_w__nike_free_metcon_6_fj7126-007_5_52077.png;https:\/\/images.novelship.com\/product\/_w__nike_free_metcon_6_fj7126-007_6_52078.png;https:\/\/images.novelship.com\/product\/_w__nike_free_metcon_6_fj7126-007_7_52078.png\",\"datePublished\":\"2026-03-02T09:03:40+00:00\",\"dateModified\":\"2026-03-27T18:28:12+00:00\",\"breadcrumb\":{\"@id\":\"https:\/\/tourcruiser.com\/de\/products\/women-nike-free-metcon-6-photon-dust\/#breadcrumb\"},\"inLanguage\":\"de\",\"potentialAction\":[{\"@type\":\"ReadAction\",\"target\":[\"https:\/\/tourcruiser.com\/de\/products\/women-nike-free-metcon-6-photon-dust\/\"]}]},{\"@type\":\"ImageObject\",\"inLanguage\":\"de\",\"@id\":\"https:\/\/tourcruiser.com\/de\/products\/women-nike-free-metcon-6-photon-dust\/#primaryimage\",\"url\":\"https:\/\/images.novelship.com\/product\/_w__nike_free_metcon_6_fj7126-007_0_52077.png;https:\/\/images.novelship.com\/product\/_w__nike_free_metcon_6_fj7126-007_1_52077.png;https:\/\/images.novelship.com\/product\/_w__nike_free_metcon_6_fj7126-007_2_52077.png;https:\/\/images.novelship.com\/product\/_w__nike_free_metcon_6_fj7126-007_3_52077.png;https:\/\/images.novelship.com\/product\/_w__nike_free_metcon_6_fj7126-007_4_52077.png;https:\/\/images.novelship.com\/product\/_w__nike_free_metcon_6_fj7126-007_5_52077.png;https:\/\/images.novelship.com\/product\/_w__nike_free_metcon_6_fj7126-007_6_52078.png;https:\/\/images.novelship.com\/product\/_w__nike_free_metcon_6_fj7126-007_7_52078.png\",\"contentUrl\":\"https:\/\/images.novelship.com\/product\/_w__nike_free_metcon_6_fj7126-007_0_52077.png;https:\/\/images.novelship.com\/product\/_w__nike_free_metcon_6_fj7126-007_1_52077.png;https:\/\/images.novelship.com\/product\/_w__nike_free_metcon_6_fj7126-007_2_52077.png;https:\/\/images.novelship.com\/product\/_w__nike_free_metcon_6_fj7126-007_3_52077.png;https:\/\/images.novelship.com\/product\/_w__nike_free_metcon_6_fj7126-007_4_52077.png;https:\/\/images.novelship.com\/product\/_w__nike_free_metcon_6_fj7126-007_5_52077.png;https:\/\/images.novelship.com\/product\/_w__nike_free_metcon_6_fj7126-007_6_52078.png;https:\/\/images.novelship.com\/product\/_w__nike_free_metcon_6_fj7126-007_7_52078.png\"},{\"@type\":\"BreadcrumbList\",\"@id\":\"https:\/\/tourcruiser.com\/de\/products\/women-nike-free-metcon-6-photon-dust\/#breadcrumb\",\"itemListElement\":[{\"@type\":\"ListItem\",\"position\":1,\"name\":\"Home\",\"item\":\"https:\/\/tourcruiser.com\/de\/\"},{\"@type\":\"ListItem\",\"position\":2,\"name\":\"Shop\",\"item\":\"https:\/\/tourcruiser.com\/de\/shop\/\"},{\"@type\":\"ListItem\",\"position\":3,\"name\":\"(Women) Nike Free Metcon 6 'Photon Dust'\"}]},{\"@type\":\"WebSite\",\"@id\":\"https:\/\/tourcruiser.com\/de\/#website\",\"url\":\"https:\/\/tourcruiser.com\/de\/\",\"name\":\"Styloral Jewelry Shop\",\"description\":\"Tourcruiser Sneaker Store \u2014 der Ort, an dem das Universum deine Einzigartigkeit trifft.\",\"publisher\":{\"@id\":\"https:\/\/tourcruiser.com\/de\/#organization\"},\"potentialAction\":[{\"@type\":\"SearchAction\",\"target\":{\"@type\":\"EntryPoint\",\"urlTemplate\":\"https:\/\/tourcruiser.com\/de\/?s={search_term_string}\"},\"query-input\":{\"@type\":\"PropertyValueSpecification\",\"valueRequired\":true,\"valueName\":\"search_term_string\"}}],\"inLanguage\":\"de\"},{\"@type\":\"Organization\",\"@id\":\"https:\/\/tourcruiser.com\/de\/#organization\",\"name\":\"STYLORAL PTE. LTD\",\"url\":\"https:\/\/tourcruiser.com\/de\/\",\"logo\":{\"@type\":\"ImageObject\",\"inLanguage\":\"de\",\"@id\":\"https:\/\/tourcruiser.com\/de\/#\/schema\/logo\/image\/\",\"url\":\"https:\/\/www.tourcruiser.com\/wp-content\/uploads\/2025\/12\/logo.png\",\"contentUrl\":\"https:\/\/www.tourcruiser.com\/wp-content\/uploads\/2025\/12\/logo.png\",\"width\":200,\"height\":65,\"caption\":\"STYLORAL PTE. LTD\"},\"image\":{\"@id\":\"https:\/\/tourcruiser.com\/de\/#\/schema\/logo\/image\/\"}}]}<\/script>\n<!-- \/ Yoast SEO plugin. -->","yoast_head_json":{"title":"(Women) Nike Free Metcon 6 'Photon Dust'  - Tourcruiser PTE. LTD","robots":{"index":"index","follow":"follow","max-snippet":"max-snippet:-1","max-image-preview":"max-image-preview:large","max-video-preview":"max-video-preview:-1"},"canonical":"https:\/\/tourcruiser.com\/de\/products\/women-nike-free-metcon-6-photon-dust\/","og_locale":"de_DE","og_type":"article","og_title":"(Women) Nike Free Metcon 6 'Photon Dust'  - Tourcruiser PTE. LTD","og_description":"Nike Free Metcon 6 \u201d\u201d Photon Dust\/Light Smoke Gray\/Summit White\/Metallic Silver","og_url":"https:\/\/tourcruiser.com\/de\/products\/women-nike-free-metcon-6-photon-dust\/","og_site_name":"Tourcruiser Sneaker Store","article_modified_time":"2026-03-27T18:28:12+00:00","twitter_card":"summary_large_image","twitter_image":"https:\/\/images.novelship.com\/product\/_w__nike_free_metcon_6_fj7126-007_0_52077.png;https:\/\/images.novelship.com\/product\/_w__nike_free_metcon_6_fj7126-007_1_52077.png;https:\/\/images.novelship.com\/product\/_w__nike_free_metcon_6_fj7126-007_2_52077.png;https:\/\/images.novelship.com\/product\/_w__nike_free_metcon_6_fj7126-007_3_52077.png;https:\/\/images.novelship.com\/product\/_w__nike_free_metcon_6_fj7126-007_4_52077.png;https:\/\/images.novelship.com\/product\/_w__nike_free_metcon_6_fj7126-007_5_52077.png;https:\/\/images.novelship.com\/product\/_w__nike_free_metcon_6_fj7126-007_6_52078.png;https:\/\/images.novelship.com\/product\/_w__nike_free_metcon_6_fj7126-007_7_52078.png","twitter_misc":{"Gesch\u00e4tzte Lesezeit":"1\u00a0Minute"},"schema":{"@context":"https:\/\/schema.org","@graph":[{"@type":"WebPage","@id":"https:\/\/tourcruiser.com\/de\/products\/women-nike-free-metcon-6-photon-dust\/","url":"https:\/\/tourcruiser.com\/de\/products\/women-nike-free-metcon-6-photon-dust\/","name":"(Women) Nike Free Metcon 6 'Photon Dust' - Tourcruiser PTE. LTD","isPartOf":{"@id":"https:\/\/tourcruiser.com\/de\/#website"},"primaryImageOfPage":{"@id":"https:\/\/tourcruiser.com\/de\/products\/women-nike-free-metcon-6-photon-dust\/#primaryimage"},"image":{"@id":"https:\/\/tourcruiser.com\/de\/products\/women-nike-free-metcon-6-photon-dust\/#primaryimage"},"thumbnailUrl":"https:\/\/images.novelship.com\/product\/_w__nike_free_metcon_6_fj7126-007_0_52077.png;https:\/\/images.novelship.com\/product\/_w__nike_free_metcon_6_fj7126-007_1_52077.png;https:\/\/images.novelship.com\/product\/_w__nike_free_metcon_6_fj7126-007_2_52077.png;https:\/\/images.novelship.com\/product\/_w__nike_free_metcon_6_fj7126-007_3_52077.png;https:\/\/images.novelship.com\/product\/_w__nike_free_metcon_6_fj7126-007_4_52077.png;https:\/\/images.novelship.com\/product\/_w__nike_free_metcon_6_fj7126-007_5_52077.png;https:\/\/images.novelship.com\/product\/_w__nike_free_metcon_6_fj7126-007_6_52078.png;https:\/\/images.novelship.com\/product\/_w__nike_free_metcon_6_fj7126-007_7_52078.png","datePublished":"2026-03-02T09:03:40+00:00","dateModified":"2026-03-27T18:28:12+00:00","breadcrumb":{"@id":"https:\/\/tourcruiser.com\/de\/products\/women-nike-free-metcon-6-photon-dust\/#breadcrumb"},"inLanguage":"de","potentialAction":[{"@type":"ReadAction","target":["https:\/\/tourcruiser.com\/de\/products\/women-nike-free-metcon-6-photon-dust\/"]}]},{"@type":"ImageObject","inLanguage":"de","@id":"https:\/\/tourcruiser.com\/de\/products\/women-nike-free-metcon-6-photon-dust\/#primaryimage","url":"https:\/\/images.novelship.com\/product\/_w__nike_free_metcon_6_fj7126-007_0_52077.png;https:\/\/images.novelship.com\/product\/_w__nike_free_metcon_6_fj7126-007_1_52077.png;https:\/\/images.novelship.com\/product\/_w__nike_free_metcon_6_fj7126-007_2_52077.png;https:\/\/images.novelship.com\/product\/_w__nike_free_metcon_6_fj7126-007_3_52077.png;https:\/\/images.novelship.com\/product\/_w__nike_free_metcon_6_fj7126-007_4_52077.png;https:\/\/images.novelship.com\/product\/_w__nike_free_metcon_6_fj7126-007_5_52077.png;https:\/\/images.novelship.com\/product\/_w__nike_free_metcon_6_fj7126-007_6_52078.png;https:\/\/images.novelship.com\/product\/_w__nike_free_metcon_6_fj7126-007_7_52078.png","contentUrl":"https:\/\/images.novelship.com\/product\/_w__nike_free_metcon_6_fj7126-007_0_52077.png;https:\/\/images.novelship.com\/product\/_w__nike_free_metcon_6_fj7126-007_1_52077.png;https:\/\/images.novelship.com\/product\/_w__nike_free_metcon_6_fj7126-007_2_52077.png;https:\/\/images.novelship.com\/product\/_w__nike_free_metcon_6_fj7126-007_3_52077.png;https:\/\/images.novelship.com\/product\/_w__nike_free_metcon_6_fj7126-007_4_52077.png;https:\/\/images.novelship.com\/product\/_w__nike_free_metcon_6_fj7126-007_5_52077.png;https:\/\/images.novelship.com\/product\/_w__nike_free_metcon_6_fj7126-007_6_52078.png;https:\/\/images.novelship.com\/product\/_w__nike_free_metcon_6_fj7126-007_7_52078.png"},{"@type":"BreadcrumbList","@id":"https:\/\/tourcruiser.com\/de\/products\/women-nike-free-metcon-6-photon-dust\/#breadcrumb","itemListElement":[{"@type":"ListItem","position":1,"name":"Home","item":"https:\/\/tourcruiser.com\/de\/"},{"@type":"ListItem","position":2,"name":"Shop","item":"https:\/\/tourcruiser.com\/de\/shop\/"},{"@type":"ListItem","position":3,"name":"(Women) Nike Free Metcon 6 'Photon Dust'"}]},{"@type":"WebSite","@id":"https:\/\/tourcruiser.com\/de\/#website","url":"https:\/\/tourcruiser.com\/de\/","name":"Styloral Jewelry Shop","description":"Tourcruiser Sneaker Store \u2014 der Ort, an dem das Universum deine Einzigartigkeit trifft.","publisher":{"@id":"https:\/\/tourcruiser.com\/de\/#organization"},"potentialAction":[{"@type":"SearchAction","target":{"@type":"EntryPoint","urlTemplate":"https:\/\/tourcruiser.com\/de\/?s={search_term_string}"},"query-input":{"@type":"PropertyValueSpecification","valueRequired":true,"valueName":"search_term_string"}}],"inLanguage":"de"},{"@type":"Organization","@id":"https:\/\/tourcruiser.com\/de\/#organization","name":"STYLORAL PTE. LTD","url":"https:\/\/tourcruiser.com\/de\/","logo":{"@type":"ImageObject","inLanguage":"de","@id":"https:\/\/tourcruiser.com\/de\/#\/schema\/logo\/image\/","url":"https:\/\/www.tourcruiser.com\/wp-content\/uploads\/2025\/12\/logo.png","contentUrl":"https:\/\/www.tourcruiser.com\/wp-content\/uploads\/2025\/12\/logo.png","width":200,"height":65,"caption":"STYLORAL PTE. LTD"},"image":{"@id":"https:\/\/tourcruiser.com\/de\/#\/schema\/logo\/image\/"}}]}},"_links":{"self":[{"href":"https:\/\/tourcruiser.com\/de\/wp-json\/wp\/v2\/product\/158580","targetHints":{"allow":["GET"]}}],"collection":[{"href":"https:\/\/tourcruiser.com\/de\/wp-json\/wp\/v2\/product"}],"about":[{"href":"https:\/\/tourcruiser.com\/de\/wp-json\/wp\/v2\/types\/product"}],"replies":[{"embeddable":true,"href":"https:\/\/tourcruiser.com\/de\/wp-json\/wp\/v2\/comments?post=158580"}],"wp:featuredmedia":[{"embeddable":true,"href":"https:\/\/tourcruiser.com\/de\/wp-json\/wp\/v2\/media\/158581"}],"wp:attachment":[{"href":"https:\/\/tourcruiser.com\/de\/wp-json\/wp\/v2\/media?parent=158580"}],"wp:term":[{"taxonomy":"product_brand","embeddable":true,"href":"https:\/\/tourcruiser.com\/de\/wp-json\/wp\/v2\/product_brand?post=158580"},{"taxonomy":"product_cat","embeddable":true,"href":"https:\/\/tourcruiser.com\/de\/wp-json\/wp\/v2\/product_cat?post=158580"},{"taxonomy":"product_tag","embeddable":true,"href":"https:\/\/tourcruiser.com\/de\/wp-json\/wp\/v2\/product_tag?post=158580"}],"curies":[{"name":"wp","href":"https:\/\/api.w.org\/{rel}","templated":true}]}}